{"id":1515,"date":"2021-05-04T16:18:58","date_gmt":"2021-05-04T16:18:58","guid":{"rendered":"https:\/\/211md.org\/?page_id=1515"},"modified":"2025-07-11T17:27:14","modified_gmt":"2025-07-11T21:27:14","slug":"politica-de-inclusion","status":"publish","type":"page","link":"https:\/\/211md.org\/es\/inclusion-policy\/","title":{"rendered":"Pol\u00edtica de inclusi\u00f3n"},"content":{"rendered":"<h2>\n\t\t\tBase de datos de recursos comunitarios 211\t<\/h2>\n\t<p>Esta Pol\u00edtica de Inclusi\u00f3n\/Exclusi\u00f3n proporciona directrices sobre los tipos de organizaciones y servicios que pueden incluirse en la Base de Datos de Recursos Comunitarios 211, impulsada por la Red de Informaci\u00f3n de Maryland (MdInfoNet). De acuerdo con <a href=\"https:\/\/www.informusa.org\/standards\" target=\"_blank\" rel=\"noopener\">Informar a los est\u00e1ndares de EE. UU.<\/a>Esta pol\u00edtica debe aplicarse de forma uniforme y justa. Se publica para que todos los usuarios conozcan el alcance y las limitaciones del directorio.<\/p>\n<h3>Elegible para la inclusi\u00f3n<\/h3>\n<p>Maryland Information Network, que es la organizaci\u00f3n sin fines de lucro administrada por el estado del sistema 211 en Maryland, presta servicios a todo el estado de Maryland y busca incluir organizaciones y programas de salud y servicios humanos que brinden servicios a los residentes de Maryland, independientemente de la ubicaci\u00f3n f\u00edsica del proveedor de servicios.<\/p>\n<p><strong>En general, se consideran elegibles para su inclusi\u00f3n los siguientes:<\/strong><\/p>\n<ul>\n<li>Organizaciones con y sin fines de lucro, grupos religiosos, clubes y sociedades, cooperativas, profesionales individuales y agencias y funcionarios gubernamentales que brindan servicios de salud, sociales, educativos, bibliotecarios, laborales, legales, recreativos y otros servicios humanos a la comunidad en general.<\/li>\n<li>Organizaciones con un estatus m\u00e1s informal que son dirigidas predominantemente por voluntarios, como los grupos de apoyo de autoayuda.<\/li>\n<li>L\u00edneas de crisis gratuitas, l\u00edneas directas, l\u00edneas de ayuda, herramientas de localizaci\u00f3n y sitios web que ofrecen asistencia directa o brindan informaci\u00f3n especializada y derivaciones a organizaciones de salud y servicios humanos.<\/li>\n<li>Organizaciones que abogan por programas y pol\u00edticas de servicios humanos, incluidas aquellas que ofrecen oportunidades para que individuos y grupos participen en proyectos de mejora o servicio comunitario, o para tener voz en el proceso pol\u00edtico.<\/li>\n<li>Organizaciones comerciales y con fines de lucro que brindan servicios gratuitos, subsidiados o con tarifas variables, o que de otro modo ofrecen servicios \u00fanicos o esenciales que no est\u00e1n cubiertos adecuadamente en el sector sin fines de lucro.<\/li>\n<li>Hospitales, cl\u00ednicas de salud, hogares de cuidado personal y agencias de atenci\u00f3n m\u00e9dica domiciliaria autorizados.<\/li>\n<li>Servicios temporales que se activan en respuesta a circunstancias especiales, como desastres naturales o provocados por el hombre, as\u00ed como programaci\u00f3n estacional y festiva.<\/li>\n<li>Organizaciones que brindan programas y servicios relevantes para una asociaci\u00f3n o contrato de la Red de Informaci\u00f3n de Maryland\/211.<\/li>\n<\/ul>\n<p>Maryland Information Network 211 Maryland Inc. no proh\u00edbe la inclusi\u00f3n de ning\u00fan programa que oriente los servicios en funci\u00f3n de la edad, raza, religi\u00f3n, g\u00e9nero, orientaci\u00f3n sexual, discapacidad u otras caracter\u00edsticas dise\u00f1adas para satisfacer las necesidades especiales de poblaciones espec\u00edficas si est\u00e1n abiertos a todas las personas de esas poblaciones espec\u00edficas.<\/p>\n<h3>No elegible para la inclusi\u00f3n<\/h3>\n<p><strong>Las organizaciones que normalmente no son elegibles para su inclusi\u00f3n incluyen, entre otras:<\/strong><\/p>\n<ul>\n<li>Organizaciones que han estado en funcionamiento durante menos de un a\u00f1o, a menos que atiendan una necesidad cr\u00edtica.<\/li>\n<li>Organizaciones que discriminan por motivos de color, raza, religi\u00f3n, g\u00e9nero, orientaci\u00f3n sexual, ascendencia, identidad de g\u00e9nero, origen nacional o cualquier otra categor\u00eda protegida por la ley.<\/li>\n<li>Grupos religiosos, clubes sociales y asociaciones comunitarias que s\u00f3lo ofrecen servicios a sus miembros.<\/li>\n<li>Organizaciones que ofrecen servicios que son ilegales seg\u00fan los estatutos, ordenanzas, reglamentos u \u00f3rdenes federales, locales o de Maryland.<\/li>\n<li>Organizaciones que han sido acusadas p\u00fablicamente o condenadas por acciones que no son en el mejor inter\u00e9s de las personas a las que sirven.<\/li>\n<li>Pr\u00e1cticas comerciales y privadas de medicina, trabajo social, enfermer\u00eda, asesoramiento, psiquiatr\u00eda, psicolog\u00eda, terapia f\u00edsica u ocupacional, etc., que no aceptan Medicare, Medicaid u ofrecen una escala m\u00f3vil de tarifas para servicios pagos para que sigan siendo accesibles para personas con bajos ingresos.<\/li>\n<li>Organizaciones que tergiversan su identidad o la de sus servicios de cualquier manera.<\/li>\n<\/ul>\n<p>El sistema 211 se esfuerza por ofrecer una representaci\u00f3n equilibrada de recursos, incluyendo aquellos provenientes de causas pol\u00edticas y grupos de acci\u00f3n orientados a temas espec\u00edficos. Sin embargo, si una organizaci\u00f3n o programa considerado bajo estos criterios se considera perjudicial para la comunidad, ser\u00e1 excluido.<\/p>\n<p><strong>Control de calidad<\/strong><\/p>\n<p>Para garantizar que satisfaga las necesidades cambiantes de la comunidad, MdInfoNet, que impulsa los servicios 211, revisa la Pol\u00edtica de Inclusi\u00f3n\/Exclusi\u00f3n anualmente y realiza revisiones peri\u00f3dicas del directorio para garantizar que todas las organizaciones y servicios cumplan.<\/p>\n<p>Para permanecer en regla y evitar ser eliminadas del directorio, las organizaciones incluidas en la lista deben aceptar participar en la verificaci\u00f3n anual de su informaci\u00f3n y mantener actualizaciones peri\u00f3dicas a medida que se produzcan cambios.<\/p>\n<p><strong>Exclusi\u00f3n y Remoci\u00f3n<\/strong><\/p>\n<p>MdInfoNet se reserva el derecho de rechazar la inclusi\u00f3n de organizaciones y servicios que no cumplan con los criterios de inclusi\u00f3n por cualquier motivo. We211 tambi\u00e9n puede eliminar una organizaci\u00f3n o servicio previamente aprobado si ya no cumple con los criterios de inclusi\u00f3n, no verifica su informaci\u00f3n tras la notificaci\u00f3n final o si se presentan quejas graves en su contra por parte de alg\u00fan organismo regulador, el p\u00fablico en general, el sistema 211 o MdInfoNet.<\/p>\n<p><strong>Quejas y apelaciones<\/strong><\/p>\n<p>MdInfoNet considera las quejas como informaci\u00f3n valiosa que puede mejorar la calidad del directorio de recursos y los servicios relacionados. Las quejas y apelaciones sobre la inclusi\u00f3n o exclusi\u00f3n pueden enviarse a <strong>resources@211md.org<\/strong> y ser\u00e1 atendido tal como se recibi\u00f3.<\/p>\n<p><strong>Descargos de responsabilidad adicionales<\/strong><\/p>\n<ul>\n<li>La Base de Datos de Recursos Comunitarios 211 no pretende ofrecer publicidad gratuita a las empresas; su inclusi\u00f3n no constituye ni implica un respaldo. La exclusi\u00f3n tampoco implica desaprobaci\u00f3n ni refleja el valor o la contribuci\u00f3n de ninguna organizaci\u00f3n a la comunidad.<\/li>\n<li>No requerimos, recibimos ni aceptamos pago de ninguna organizaci\u00f3n para aparecer en el directorio.<\/li>\n<li>La informaci\u00f3n de la organizaci\u00f3n enviada puede editarse por motivos de formato, estilo, brevedad o claridad y utilizarse con fines de referencia y publicaci\u00f3n.<\/li>\n<\/ul>\n<p><strong>\u00daltima actualizaci\u00f3n:<\/strong>\u00a0 Julio de 2025<\/p>","protected":false},"excerpt":{"rendered":"<p>Base de Datos de Recursos Comunitarios 211. Esta Pol\u00edtica de Inclusi\u00f3n\/Exclusi\u00f3n proporciona directrices sobre los tipos de organizaciones y servicios que pueden incluirse en la Base de Datos de Recursos Comunitarios 211, gestionada por la Red de Informaci\u00f3n de Maryland (MdInfoNet). De acuerdo con los Est\u00e1ndares de Inform USA, esta pol\u00edtica debe aplicarse de manera uniforme y justa. Se publica para que todos los usuarios\u2026<\/p>","protected":false},"author":8,"featured_media":0,"parent":0,"menu_order":0,"comment_status":"closed","ping_status":"closed","template":"","meta":{"footnotes":""},"class_list":["post-1515","page","type-page","status-publish","hentry"],"_links":{"self":[{"href":"https:\/\/211md.org\/es\/wp-json\/wp\/v2\/pages\/1515","targetHints":{"allow":["GET"]}}],"collection":[{"href":"https:\/\/211md.org\/es\/wp-json\/wp\/v2\/pages"}],"about":[{"href":"https:\/\/211md.org\/es\/wp-json\/wp\/v2\/types\/page"}],"author":[{"embeddable":true,"href":"https:\/\/211md.org\/es\/wp-json\/wp\/v2\/users\/8"}],"replies":[{"embeddable":true,"href":"https:\/\/211md.org\/es\/wp-json\/wp\/v2\/comments?post=1515"}],"version-history":[{"count":2,"href":"https:\/\/211md.org\/es\/wp-json\/wp\/v2\/pages\/1515\/revisions"}],"predecessor-version":[{"id":4914,"href":"https:\/\/211md.org\/es\/wp-json\/wp\/v2\/pages\/1515\/revisions\/4914"}],"wp:attachment":[{"href":"https:\/\/211md.org\/es\/wp-json\/wp\/v2\/media?parent=1515"}],"curies":[{"name":"Gracias","href":"https:\/\/api.w.org\/{rel}","templated":true}]}}