{"id":1683,"date":"2021-05-12T00:20:30","date_gmt":"2021-05-12T00:20:30","guid":{"rendered":"https:\/\/211md.org\/?page_id=1683"},"modified":"2026-02-04T09:37:03","modified_gmt":"2026-02-04T14:37:03","slug":"condado-de-garrett","status":"publish","type":"page","link":"https:\/\/211md.org\/es\/resources-by-county\/garrett-county\/","title":{"rendered":"Garrett County Community Resources"},"content":{"rendered":"<figure data-animation-delay=\"0\" data-animation-duration=\"1\" itemscope=\"\" itemtype=\"https:\/\/schema.org\/ImageObject\">\n\t\t\t\t<img decoding=\"async\" src=\"https:\/\/stg-maryland211-staging.kinsta.cloud\/wp-content\/uploads\/2025\/08\/5-1-scaled.png\" alt=\"5\" height=\"692\" width=\"2560\" title=\"5\" onerror=\"this.style.display='none'\" loading=\"lazy\">\n\t<\/figure>\n\t\t<p>211 Maryland escucha a los residentes del condado de Garrett que necesitan ayuda para pagar las facturas de servicios p\u00fablicos, encontrar proveedores de salud mental, acceder a despensas de alimentos, encontrar refugio y compensar los gastos de vivienda.<\/p>\n<p>You can enter any of those keywords, or another one, in the 211 Community Resource database.<\/p>\n\t\t\t<a href=\"https:\/\/search.211md.org\/\" target=\"_blank\" rel=\"noopener\">\n\t\t\t\t\t\tsearch for resources\n\t\t\t\t\t<\/a>\n<figure data-animation-delay=\"0\" data-animation-duration=\"1\" itemscope=\"\" itemtype=\"https:\/\/schema.org\/ImageObject\">\n\t\t\t\t<img decoding=\"async\" src=\"https:\/\/211md.org\/wp-content\/plugins\/bb-plugin\/img\/pixel.png\" alt=\"\" onerror=\"this.style.display='none'\" loading=\"lazy\">\n\t<\/figure>\n<figure data-animation-delay=\"0\" data-animation-duration=\"1.3\" itemscope=\"\" itemtype=\"https:\/\/schema.org\/ImageObject\">\n\t\t\t\t<img decoding=\"async\" src=\"https:\/\/stg-maryland211-staging.kinsta.cloud\/wp-content\/uploads\/2025\/08\/16.png\" alt=\"16\" height=\"1000\" width=\"1000\" title=\"16\" onerror=\"this.style.display='none'\" loading=\"lazy\">\n\t<\/figure>\n<figure data-animation-delay=\"0\" data-animation-duration=\"1\" itemscope=\"\" itemtype=\"https:\/\/schema.org\/ImageObject\">\n\t\t\t\t<img decoding=\"async\" src=\"http:\/\/211md.org\/wp-content\/uploads\/2025\/10\/Family-Talking-Outside-of-House.jpg\" alt=\"Family talking outside of home\" title=\"Familia hablando fuera de casa\" onerror=\"this.style.display='none'\" loading=\"lazy\">\n\t<\/figure>\n\t\t<h2>Ayuda financiera con el alquiler o una factura de calefacci\u00f3n<\/h2>\n\t\t<p>211 refers many people to the Garrett County Department of Social Services (DSS) in Oakland, Maryland.<\/p>\n<p>Their Emergency Assistance for Families &amp; Children (EAFC) program provides emergency cash to help families avoid eviction. The funds also help address emergency fuel\/heating shortages.<\/p>\n<p>The funds are available every 24 months, and there must be a child under 21 living in the household. You&#8217;ll also need to show proof that you can maintain ongoing rent and utility bills.<\/p>\n\t\t\t<a href=\"https:\/\/garrettcac.org\/index.php\/rental-services\/energy-assistance\" target=\"_blank\" rel=\"noopener\">\n\t\t\t\t\t\tContact Garrett County DSS\n\t\t\t\t\t<\/a>\n\t\t<h3>State Energy Assistance Grants&nbsp;<\/h3>\n\t\t<p>There are also Maryland Energy Assistance grants available from the Office of Home Energy Programs. <a href=\"https:\/\/211md.org\/es\/recursos\/asistencia-de-servicios-publicos\/\">211&#8217;s guide to utility assistance<\/a> makes it easy to navigate the application, so your request for utility assistance doesn&#8217;t get delayed.<\/p>\n<p>Si necesita m\u00e1s ayuda con la solicitud de subvenci\u00f3n de servicios p\u00fablicos, el&nbsp;<a href=\"https:\/\/garrettcac.org\/index.php\/rental-services\/energy-assistance\" target=\"_blank\" rel=\"noopener\">Comit\u00e9 de Acci\u00f3n Comunitaria del Condado de Garrett<\/a>&nbsp;ofrece asistencia. Evite largos tiempos de espera con una cita.<\/p>\n\t\t\t<a href=\"https:\/\/211md.org\/es\/recursos\/asistencia-de-servicios-publicos\/\" target=\"_self\">\n\t\t\t\t\t\t\t211&#8217;s Guide to Energy Assistance\n\t\t\t\t\t<\/a>\n\t\t<h3>Ayuda de emergencia <\/h3>\n\t\t<p>\u00bfHa buscado ayuda en otras agencias pero a\u00fan no obtiene los recursos que necesita?<\/p>\n<p>Durante m\u00e1s de 40 a\u00f1os, la&nbsp;<a href=\"http:\/\/www.houseofhopegc.org\/\" target=\"_blank\" rel=\"noopener\">Casa de la Esperanza en Oakland<\/a>&nbsp;ha ofrecido ayuda de emergencia a corto plazo a quienes no pueden conseguir ayuda en ning\u00fan otro lugar. El objetivo es servir como red de seguridad para garantizar que nadie se quede atr\u00e1s.<\/p>\n<p>The House of Hope is a nonprofit &#8220;network of concern&#8221; whose members assist with unmet critical emergency needs in Garrett County. That includes:<\/p>\n<ul>\n<li>alimento<\/li>\n<li>heating oil<\/li>\n<li>emergency housing<\/li>\n<\/ul>\n<p>The nonprofit has four free emergency food pantries in Hoyes, Grantsville, Deer Park and Oakland.<\/p>\n\t\t\t<a href=\"http:\/\/www.houseofhopegc.org\/\" target=\"_blank\" rel=\"noopener\">\n\t\t\t\t\t\tContact House of Hope\n\t\t\t\t\t<\/a>\n\t<h2>Find Help in A Neighboring County<\/h2>\n<p>Help may also be available in nearby counties. Some organizations provide help to the neighboring areas. Find the top resources in <a href=\"https:\/\/211md.org\/es\/recursos-por-condado\/condado-de-allegany\/\">Condado de Allegany<\/a>.<\/p>\n<figure itemscope=\"\" itemtype=\"https:\/\/schema.org\/ImageObject\">\n\t\t\t\t<img decoding=\"async\" src=\"https:\/\/211md.org\/wp-content\/plugins\/bb-plugin\/img\/pixel.png\" alt=\"\" onerror=\"this.style.display='none'\" loading=\"lazy\">\n\t<\/figure>\n\t\t<figure itemscope=\"\" itemtype=\"https:\/\/schema.org\/ImageObject\">\n\t\t\t\t<img decoding=\"async\" src=\"https:\/\/211md.org\/wp-content\/uploads\/bb-plugin\/cache\/Call-center-specialst-circle-4e9ecd7b3425be4576416abc911049bb-.jpg\" alt=\"Especialista en centro de llamadas\" title=\"Especialista en call center\" onerror=\"this.style.display='none'\" loading=\"lazy\">\n\t<\/figure>\n<h2>Marque 211<\/h2><p>Habla con una persona atenta y compasiva las 24 horas, los 7 d\u00edas de la semana. Tambi\u00e9n puede ponerte en contacto con recursos.&nbsp;<\/p>\n\t\t\t<a href=\"tel:%20+211\" target=\"_blank\" rel=\"noopener\">\n\t\t\t\t\t\tMarca 211 (m\u00f3vil)\n\t\t\t\t\t<\/a>\n\t\t<h4><a href=\"\/es\/recursos\/envejecimiento-discapacidad\/?utm_source=Home&amp;utm_medium=Referral&amp;utm_campaign=211Resources&amp;utm_content=Aging\" target=\"_self\">Envejecimiento y discapacidad<\/a><\/h4><figure itemscope=\"\" itemtype=\"https:\/\/schema.org\/ImageObject\">\n\t\t\t\t<a href=\"\/es\/recursos\/envejecimiento-discapacidad\/?utm_source=Home&amp;utm_medium=Referral&amp;utm_campaign=211Resources&amp;utm_content=Aging\" target=\"_self\" itemprop=\"url\">\n\t\t\t\t<img decoding=\"async\" src=\"https:\/\/211md.org\/wp-content\/uploads\/bb-plugin\/cache\/2025_MdInfoNet_Icon-Sets_Aging-disability-square-c466727102cae71e5f27b8539bb51945-.png\" alt=\"\" onerror=\"this.style.display='none'\" loading=\"lazy\">\n\t\t\t\t<\/a>\n\t<\/figure>\n\t\t<h4><a href=\"\/es\/recursos\/ninos-familias\/?utm_source=Home&amp;utm_medium=Referral&amp;utm_campaign=211Resources&amp;utm_content=Children\" target=\"_self\">Ni\u00f1os y Familias<\/a><\/h4><figure itemscope=\"\" itemtype=\"https:\/\/schema.org\/ImageObject\">\n\t\t\t\t<a href=\"\/es\/recursos\/ninos-familias\/?utm_source=Home&amp;utm_medium=Referral&amp;utm_campaign=211Resources&amp;utm_content=Children\" target=\"_self\" itemprop=\"url\">\n\t\t\t\t<img decoding=\"async\" src=\"https:\/\/211md.org\/wp-content\/uploads\/bb-plugin\/cache\/2025_211_Icon-Sets_Child-care-square-f3b0d4edab3dcc467fadb5f55f4064c6-.png\" alt=\"parent and child icon for child care\" height=\"417\" width=\"417\" title=\"2025_211_Conjuntos de iconos_Cuidado infantil\" onerror=\"this.style.display='none'\" loading=\"lazy\">\n\t\t\t\t<\/a>\n\t<\/figure>\n\t\t<h4><a href=\"\/es\/recursos\/violencia-domestica-familiar\/?utm_source=Home&amp;utm_medium=Referral&amp;utm_campaign=211Resources&amp;utm_content=Domestic\" target=\"_self\">Violencia dom\u00e9stica<\/a><\/h4><figure itemscope=\"\" itemtype=\"https:\/\/schema.org\/ImageObject\">\n\t\t\t\t<a href=\"\/es\/recursos\/violencia-domestica-familiar\/?utm_source=Home&amp;utm_medium=Referral&amp;utm_campaign=211Resources&amp;utm_content=Domestic\" target=\"_self\" itemprop=\"url\">\n\t\t\t\t<img decoding=\"async\" src=\"https:\/\/211md.org\/wp-content\/uploads\/bb-plugin\/cache\/2025_211_Icon-Sets_Domestic-Violence-square-7b597694a6f05fe90cdc376aa573bc63-.png\" alt=\"House with a heart in the middle icon\" height=\"417\" width=\"417\" title=\"2025_211_Conjuntos de iconos_Violencia dom\u00e9stica\" onerror=\"this.style.display='none'\" loading=\"lazy\">\n\t\t\t\t<\/a>\n\t<\/figure>\n\t\t<h4><a href=\"\/es\/recursos\/busqueda-de-empleo\/?utm_source=Home&amp;utm_medium=Referral&amp;utm_campaign=211Resources&amp;utm_content=Employment\" target=\"_self\">Empleo<\/a><\/h4><figure itemscope=\"\" itemtype=\"https:\/\/schema.org\/ImageObject\">\n\t\t\t\t<a href=\"\/es\/recursos\/busqueda-de-empleo\/?utm_source=Home&amp;utm_medium=Referral&amp;utm_campaign=211Resources&amp;utm_content=Employment\" target=\"_self\" itemprop=\"url\">\n\t\t\t\t<img decoding=\"async\" src=\"https:\/\/211md.org\/wp-content\/uploads\/bb-plugin\/cache\/2025_MdInfoNet_Icon-Sets_Employment-square-44707bd410e4df10a470bf130ebcea86-.png\" alt=\"\" onerror=\"this.style.display='none'\" loading=\"lazy\">\n\t\t\t\t<\/a>\n\t<\/figure>\n\t\t<h4><a href=\"\/es\/recursos\/cuidado-de-la-salud\/?utm_source=Home&amp;utm_medium=Referral&amp;utm_campaign=211Resources&amp;utm_content=Health%20Care\" target=\"_self\">Cuidado de la salud<\/a><\/h4><figure itemscope=\"\" itemtype=\"https:\/\/schema.org\/ImageObject\">\n\t\t\t\t<a href=\"\/es\/recursos\/cuidado-de-la-salud\/?utm_source=Home&amp;utm_medium=Referral&amp;utm_campaign=211Resources&amp;utm_content=Health%20Care\" target=\"_self\" itemprop=\"url\">\n\t\t\t\t<img decoding=\"async\" src=\"https:\/\/211md.org\/wp-content\/uploads\/bb-plugin\/cache\/2025_MdInfoNet_Icon-Sets_Health-Care-square-dee98a0060cbe0e7f27eda253fc12679-.png\" alt=\"\" onerror=\"this.style.display='none'\" loading=\"lazy\">\n\t\t\t\t<\/a>\n\t<\/figure>\n\t\t<h4><a href=\"\/es\/recursos\/ninos-familias\/parentesco\/?utm_source=Home&amp;utm_medium=Referral&amp;utm_campaign=211Resources&amp;utm_content=Kinship\" target=\"_self\">Parentesco<\/a><\/h4><figure itemscope=\"\" itemtype=\"https:\/\/schema.org\/ImageObject\">\n\t\t\t\t<a href=\"\/es\/recursos\/ninos-familias\/parentesco\/?utm_source=Home&amp;utm_medium=Referral&amp;utm_campaign=211Resources&amp;utm_content=Kinship\" target=\"_self\" itemprop=\"url\">\n\t\t\t\t<img decoding=\"async\" src=\"https:\/\/211md.org\/wp-content\/uploads\/bb-plugin\/cache\/2025_211_Icon-Sets_Kinship-square-45bdf872866f5735f842c32071109267-.png\" alt=\"Icono de parentesco\" height=\"417\" width=\"417\" title=\"2025_211_Conjuntos de iconos_Parentesco\" onerror=\"this.style.display='none'\" loading=\"lazy\">\n\t\t\t\t<\/a>\n\t<\/figure>\n\t\t<h4><a href=\"\/es\/recursos\/servicios-legales\/?utm_source=Home&amp;utm_medium=Referral&amp;utm_campaign=211Resources&amp;utm_content=Legal\" target=\"_self\">Servicios Legales<\/a><\/h4><figure itemscope=\"\" itemtype=\"https:\/\/schema.org\/ImageObject\">\n\t\t\t\t<a href=\"\/es\/recursos\/servicios-legales\/?utm_source=Home&amp;utm_medium=Referral&amp;utm_campaign=211Resources&amp;utm_content=Legal\" target=\"_self\" itemprop=\"url\">\n\t\t\t\t<img decoding=\"async\" src=\"https:\/\/211md.org\/wp-content\/uploads\/bb-plugin\/cache\/2025_MdInfoNet_Icon-Sets_Legal-square-18fdf438feb8435588174d9046463257-.png\" alt=\"\" onerror=\"this.style.display='none'\" loading=\"lazy\">\n\t\t\t\t<\/a>\n\t<\/figure>\n\t\t<h4><a href=\"\/es\/recursos\/salud-mental\/?utm_source=Home&amp;utm_medium=Referral&amp;utm_campaign=211Resources&amp;utm_content=Mental\" target=\"_self\">Salud mental<\/a><\/h4><figure itemscope=\"\" itemtype=\"https:\/\/schema.org\/ImageObject\">\n\t\t\t\t<a href=\"\/es\/recursos\/salud-mental\/?utm_source=Home&amp;utm_medium=Referral&amp;utm_campaign=211Resources&amp;utm_content=Mental\" target=\"_self\" itemprop=\"url\">\n\t\t\t\t<img decoding=\"async\" src=\"https:\/\/211md.org\/wp-content\/uploads\/bb-plugin\/cache\/2025_MdInfoNet_Icon-Sets_Mental-Health-square-c59b38c4a993a947d4c9280fbe2d2fee-.png\" alt=\"\" onerror=\"this.style.display='none'\" loading=\"lazy\">\n\t\t\t\t<\/a>\n\t<\/figure>\n\t\t<h4><a href=\"\/es\/recursos\/mdreentry\/?utm_source=Home&amp;utm_medium=Referral&amp;utm_campaign=211Resources&amp;utm_content=Reentry\" target=\"_self\">Reentrada<\/a><\/h4><figure itemscope=\"\" itemtype=\"https:\/\/schema.org\/ImageObject\">\n\t\t\t\t<a href=\"\/es\/recursos\/mdreentry\/?utm_source=Home&amp;utm_medium=Referral&amp;utm_campaign=211Resources&amp;utm_content=Reentry\" target=\"_self\" itemprop=\"url\">\n\t\t\t\t<img decoding=\"async\" src=\"https:\/\/211md.org\/wp-content\/uploads\/bb-plugin\/cache\/2025_211_Icon-Sets_Reentry-square-8676fea38abd920a832f45642fe31cca-.png\" alt=\"Icono de reentrada\" height=\"417\" width=\"417\" title=\"2025_211_Conjuntos de iconos_Reentrada\" onerror=\"this.style.display='none'\" loading=\"lazy\">\n\t\t\t\t<\/a>\n\t<\/figure>\n\t\t<h4><a href=\"\/es\/recursos\/consumo-de-sustancias\/?utm_source=Home&amp;utm_medium=Referral&amp;utm_campaign=211Resources&amp;utm_content=Substance\" target=\"_self\">Uso de sustancias<\/a><\/h4><figure itemscope=\"\" itemtype=\"https:\/\/schema.org\/ImageObject\">\n\t\t\t\t<a href=\"\/es\/recursos\/consumo-de-sustancias\/?utm_source=Home&amp;utm_medium=Referral&amp;utm_campaign=211Resources&amp;utm_content=Substance\" target=\"_self\" itemprop=\"url\">\n\t\t\t\t<img decoding=\"async\" src=\"https:\/\/211md.org\/wp-content\/uploads\/bb-plugin\/cache\/2025_MdInfoNet_Icon-Sets_Substance-Abuse-square-4f414f085e657267739c181957754f48-.png\" alt=\"Pills for substance Use icon\" title=\"2025_MdInfoNet_Icon-Sets_Substance-Abuse\" onerror=\"this.style.display='none'\" loading=\"lazy\">\n\t\t\t\t<\/a>\n\t<\/figure>\n\t\t<h4><a href=\"\/es\/recursos\/servicios-de-impuestos\/\" target=\"_self\">Impuestos<\/a><\/h4><figure itemscope=\"\" itemtype=\"https:\/\/schema.org\/ImageObject\">\n\t\t\t\t<a href=\"\/es\/recursos\/servicios-de-impuestos\/\" target=\"_self\" itemprop=\"url\">\n\t\t\t\t<img decoding=\"async\" src=\"https:\/\/211md.org\/wp-content\/uploads\/bb-plugin\/cache\/2025_MdInfoNet_Icon-Sets_Taxes-square-e2aa520919327b1fa037ee92d1164ad1-.png\" alt=\"Piece of paper for blue tax icon\" height=\"417\" width=\"417\" title=\"2025_MdInfoNet_Icon-Sets_Taxes\" onerror=\"this.style.display='none'\" loading=\"lazy\">\n\t\t\t\t<\/a>\n\t<\/figure>\n\t\t<h4><a href=\"\/es\/recursos\/veteranos\/?utm_source=Home&amp;utm_medium=Referral&amp;utm_campaign=211Resources&amp;utm_content=Veterans\" target=\"_self\">veteranos<\/a><\/h4><figure itemscope=\"\" itemtype=\"https:\/\/schema.org\/ImageObject\">\n\t\t\t\t<a href=\"\/es\/recursos\/veteranos\/?utm_source=Home&amp;utm_medium=Referral&amp;utm_campaign=211Resources&amp;utm_content=Veterans\" target=\"_self\" itemprop=\"url\">\n\t\t\t\t<img decoding=\"async\" src=\"https:\/\/211md.org\/wp-content\/uploads\/bb-plugin\/cache\/2025_MdInfoNet_Icon-Sets_Rating-square-6e60d00cce4faa8e0a6d4ad7366aa733-.png\" alt=\"\" onerror=\"this.style.display='none'\" loading=\"lazy\">\n\t\t\t\t<\/a>\n\t<\/figure>","protected":false},"excerpt":{"rendered":"<p>211 Maryland hears from residents in Garrett county who need help paying utility bills, finding mental health providers, accessing food pantries, finding shelter and offsetting housing expenses. You can enter any of those keywords, or another one, in the 211 Community Resource database. search for resources Financial Help With Rent Or A Heating Bill 211&hellip;<\/p>","protected":false},"author":8,"featured_media":34325,"parent":750,"menu_order":0,"comment_status":"closed","ping_status":"closed","template":"","meta":{"footnotes":""},"class_list":["post-1683","page","type-page","status-publish","has-post-thumbnail","hentry"],"_links":{"self":[{"href":"https:\/\/211md.org\/es\/wp-json\/wp\/v2\/pages\/1683","targetHints":{"allow":["GET"]}}],"collection":[{"href":"https:\/\/211md.org\/es\/wp-json\/wp\/v2\/pages"}],"about":[{"href":"https:\/\/211md.org\/es\/wp-json\/wp\/v2\/types\/page"}],"author":[{"embeddable":true,"href":"https:\/\/211md.org\/es\/wp-json\/wp\/v2\/users\/8"}],"replies":[{"embeddable":true,"href":"https:\/\/211md.org\/es\/wp-json\/wp\/v2\/comments?post=1683"}],"version-history":[{"count":3,"href":"https:\/\/211md.org\/es\/wp-json\/wp\/v2\/pages\/1683\/revisions"}],"predecessor-version":[{"id":34081,"href":"https:\/\/211md.org\/es\/wp-json\/wp\/v2\/pages\/1683\/revisions\/34081"}],"up":[{"embeddable":true,"href":"https:\/\/211md.org\/es\/wp-json\/wp\/v2\/pages\/750"}],"wp:featuredmedia":[{"embeddable":true,"href":"https:\/\/211md.org\/es\/wp-json\/wp\/v2\/media\/34325"}],"wp:attachment":[{"href":"https:\/\/211md.org\/es\/wp-json\/wp\/v2\/media?parent=1683"}],"curies":[{"name":"Gracias","href":"https:\/\/api.w.org\/{rel}","templated":true}]}}