{"id":1685,"date":"2021-05-12T00:22:40","date_gmt":"2021-05-12T00:22:40","guid":{"rendered":"https:\/\/211md.org\/?page_id=1685"},"modified":"2025-10-29T07:09:20","modified_gmt":"2025-10-29T11:09:20","slug":"condado-de-somerset","status":"publish","type":"page","link":"https:\/\/211md.org\/es\/resources-by-county\/somerset-county\/","title":{"rendered":"Condado de Somerset"},"content":{"rendered":"<p>Hay ayuda disponible en el condado de Somerset. Busque recursos en la base de datos 211 en Princess Anne, Crisfield, Westover, Deal Island, Marion y otras comunidades del condado de Somerset.<\/p>\n<p>Tambi\u00e9n puede marcar el 2-1-1 a cualquier hora del d\u00eda o de la noche. Tambi\u00e9n hemos elaborado esta lista de recursos con agencias a las que se hace referencia com\u00fanmente.<\/p>\n<h3><b>Apoyo para necesidades esenciales<\/b><\/h3>\n<p><a href=\"https:\/\/shoreup.org\/about-us\/offices-facilities\/\" target=\"_blank\" rel=\"noopener\">\u00a1APUNTALAR!<\/a>\u00a0en Princess Anne ofrece ayuda con las solicitudes del programa de asistencia energ\u00e9tica de Maryland, vivienda y\u00a0<a href=\"https:\/\/shoreup.org\/family-support\/free-tax-preparation\/\" target=\"_blank\" rel=\"noopener\">preparaci\u00f3n de impuestos gratis<\/a>.<\/p>\n<p>Si vive en el condado de Somerset, puede haber otros recursos en los condados circundantes.<\/p>\n<p>211 Los especialistas en informaci\u00f3n y remisiones a menudo remiten a los residentes al\u00a0<a href=\"https:\/\/thejosephhouse.org\/if-you-need-help\/\" target=\"_blank\" rel=\"noopener\">Centro de Crisis de la Casa Joseph<\/a>\u00a0en la cercana Salisbury. No hay requisitos de residencia para obtener ayuda. Sin embargo, debe presentar la solicitud en persona para obtener ayuda con alimentos o pagar una factura.<\/p>\n<p>Si necesitas comida, la\u00a0<a href=\"https:\/\/mdfoodbank.org\/find-food\/\" target=\"_blank\" rel=\"noopener\">Banco de Alimentos de Maryland<\/a>\u00a0tiene una sucursal de la costa este en Salisbury, que incluye un programa de despensa escolar.\u00a0<a href=\"https:\/\/mdfoodbank.org\/find-food\/?post%5B0%5D=partner_locations&amp;address%5B0%5D=Somerset%20County%2C%20MD%2C%20USA&amp;distance=100&amp;units=imperial&amp;per_page=50&amp;lat=38.086233&amp;lng=-75.853395&amp;form=1&amp;action=fs\" target=\"_blank\" rel=\"noopener\">Encuentre una despensa de alimentos en el condado de Somerset<\/a>.<\/p>\n<p>&nbsp;<\/p>\n<h3><b>Centro de crisis de vida<\/b><\/h3>\n<p><a href=\"https:\/\/www.lifecrisiscenter.org\/\" target=\"_blank\" rel=\"noopener\">Centro de crisis de vida<\/a>, que forma parte de la red de centros de llamadas 211, respalda las necesidades de salud mental en el condado de Somerset y las comunidades circundantes.<\/p>\n<p>Proporcionan programas de intervenci\u00f3n en crisis y prevenci\u00f3n de la violencia para v\u00edctimas de violencia dom\u00e9stica, agresi\u00f3n sexual y abuso infantil. Los servicios incluyen un hogar seguro, manejo intensivo de casos, visitas supervisadas, asesoramiento,\u00a0<a href=\"https:\/\/www.lifecrisiscenter.org\/services\/Legal-Services-and-Advocacy.htm\" target=\"_blank\" rel=\"noopener\">servicios Legales<\/a>, apoyo a las v\u00edctimas, grupos de abusadores y divulgaci\u00f3n. Sirven a los condados de Wicomico, Worcester y Somerset.<\/p>\n<p><a href=\"https:\/\/www.lifecrisiscenter.org\/services\/Counseling.htm\" target=\"_blank\" rel=\"noopener\">Terapia<\/a> Se ofrece terapia gratuita a las v\u00edctimas de violencia dom\u00e9stica, agresi\u00f3n sexual y abuso infantil. Tambi\u00e9n se encuentra disponible terapia para los familiares sobrevivientes afectados por homicidios en la regi\u00f3n de los tres condados de la costa este de Maryland.<\/p>\n<p>Llama o env\u00eda un mensaje de texto al 988 si necesitas ayuda inmediata por problemas de salud mental, pensamientos suicidas, depresi\u00f3n o abuso de sustancias. Tambi\u00e9n puedes... <a href=\"https:\/\/search.988.mdinfonet.org\/\" target=\"_blank\" rel=\"noopener\">buscar otros proveedores de salud mental<\/a> en la base de datos de recursos 988 impulsada por Maryland Information Network.<\/p>\n<h3><b>Buscar ayuda por categor\u00eda\u00a0<\/b><\/h3>\n<p>\u00bfNecesitas ayuda con algo m\u00e1s? Te cubrimos. Marque 2-1-1 para hablar con alguien de inmediato. O busque por categor\u00eda para encontrar un recurso cerca de usted en el condado de Somerset.<\/p>\n\t\t<h4><a href=\"\/es\/recursos\/envejecimiento-discapacidad\/?utm_source=Home&#038;utm_medium=Referral&#038;utm_campaign=211Resources&#038;utm_content=Aging\" target=\"_self\">Envejecimiento y discapacidad<\/a><\/h4>\n\t\t\t\t<a href=\"\/es\/recursos\/envejecimiento-discapacidad\/?utm_source=Home&#038;utm_medium=Referral&#038;utm_campaign=211Resources&#038;utm_content=Aging\"  target=\"_self\" itemprop=\"url\">\n\t\t\t\t<img decoding=\"async\" src=\"https:\/\/211md.org\/wp-content\/uploads\/bb-plugin\/cache\/2025_MdInfoNet_Icon-Sets_Aging-disability-square-c466727102cae71e5f27b8539bb51945-.png\" alt=\"\" itemprop=\"image\" onerror=\"this.style.display='none'\" loading=\"lazy\" \/>\n\t\t\t\t<\/a>\n\t\t<h4><a href=\"\/es\/recursos\/ninos-familias\/?utm_source=Home&#038;utm_medium=Referral&#038;utm_campaign=211Resources&#038;utm_content=Children\" target=\"_self\">Ni\u00f1os y familias<\/a><\/h4>\n\t\t\t\t<a href=\"\/es\/recursos\/ninos-familias\/?utm_source=Home&#038;utm_medium=Referral&#038;utm_campaign=211Resources&#038;utm_content=Children\"  target=\"_self\" itemprop=\"url\">\n\t\t\t\t<img decoding=\"async\" src=\"https:\/\/211md.org\/wp-content\/uploads\/bb-plugin\/cache\/2025_211_Icon-Sets_Child-care-square-f3b0d4edab3dcc467fadb5f55f4064c6-.png\" alt=\"2025_211_Conjuntos de iconos_Cuidado infantil\" itemprop=\"image\" height=\"417\" width=\"417\" title=\"2025_211_Conjuntos de iconos_Cuidado infantil\" onerror=\"this.style.display='none'\" loading=\"lazy\" \/>\n\t\t\t\t<\/a>\n\t\t<h4><a href=\"\/es\/recursos\/violencia-domestica-familiar\/?utm_source=Home&#038;utm_medium=Referral&#038;utm_campaign=211Resources&#038;utm_content=Domestic\" target=\"_self\">Violencia dom\u00e9stica<\/a><\/h4>\n\t\t\t\t<a href=\"\/es\/recursos\/violencia-domestica-familiar\/?utm_source=Home&#038;utm_medium=Referral&#038;utm_campaign=211Resources&#038;utm_content=Domestic\"  target=\"_self\" itemprop=\"url\">\n\t\t\t\t<img decoding=\"async\" src=\"https:\/\/211md.org\/wp-content\/uploads\/bb-plugin\/cache\/2025_211_Icon-Sets_Domestic-Violence-square-7b597694a6f05fe90cdc376aa573bc63-.png\" alt=\"Icono de violencia dom\u00e9stica\" itemprop=\"image\" height=\"417\" width=\"417\" title=\"2025_211_Conjuntos de iconos_Violencia dom\u00e9stica\" onerror=\"this.style.display='none'\" loading=\"lazy\" \/>\n\t\t\t\t<\/a>\n\t\t<h4><a href=\"\/es\/recursos\/busqueda-de-empleo\/?utm_source=Home&#038;utm_medium=Referral&#038;utm_campaign=211Resources&#038;utm_content=Employment\" target=\"_self\">Empleo<\/a><\/h4>\n\t\t\t\t<a href=\"\/es\/recursos\/busqueda-de-empleo\/?utm_source=Home&#038;utm_medium=Referral&#038;utm_campaign=211Resources&#038;utm_content=Employment\"  target=\"_self\" itemprop=\"url\">\n\t\t\t\t<img decoding=\"async\" src=\"https:\/\/211md.org\/wp-content\/uploads\/bb-plugin\/cache\/2025_MdInfoNet_Icon-Sets_Employment-square-44707bd410e4df10a470bf130ebcea86-.png\" alt=\"\" itemprop=\"image\" onerror=\"this.style.display='none'\" loading=\"lazy\" \/>\n\t\t\t\t<\/a>\n\t\t<h4><a href=\"\/es\/recursos\/cuidado-de-la-salud\/?utm_source=Home&#038;utm_medium=Referral&#038;utm_campaign=211Resources&#038;utm_content=Health%20Care\" target=\"_self\">Cuidado de la salud<\/a><\/h4>\n\t\t\t\t<a href=\"\/es\/recursos\/cuidado-de-la-salud\/?utm_source=Home&#038;utm_medium=Referral&#038;utm_campaign=211Resources&#038;utm_content=Health%20Care\"  target=\"_self\" itemprop=\"url\">\n\t\t\t\t<img decoding=\"async\" src=\"https:\/\/211md.org\/wp-content\/uploads\/bb-plugin\/cache\/2025_MdInfoNet_Icon-Sets_Health-Care-square-dee98a0060cbe0e7f27eda253fc12679-.png\" alt=\"\" itemprop=\"image\" onerror=\"this.style.display='none'\" loading=\"lazy\" \/>\n\t\t\t\t<\/a>\n\t\t<h4><a href=\"\/es\/recursos\/ninos-familias\/parentesco\/?utm_source=Home&#038;utm_medium=Referral&#038;utm_campaign=211Resources&#038;utm_content=Kinship\" target=\"_self\">Parentesco<\/a><\/h4>\n\t\t\t\t<a href=\"\/es\/recursos\/ninos-familias\/parentesco\/?utm_source=Home&#038;utm_medium=Referral&#038;utm_campaign=211Resources&#038;utm_content=Kinship\"  target=\"_self\" itemprop=\"url\">\n\t\t\t\t<img decoding=\"async\" src=\"https:\/\/211md.org\/wp-content\/uploads\/bb-plugin\/cache\/2025_211_Icon-Sets_Kinship-square-45bdf872866f5735f842c32071109267-.png\" alt=\"Icono de parentesco\" itemprop=\"image\" height=\"417\" width=\"417\" title=\"2025_211_Conjuntos de iconos_Parentesco\" onerror=\"this.style.display='none'\" loading=\"lazy\" \/>\n\t\t\t\t<\/a>\n\t\t<h4><a href=\"\/es\/recursos\/servicios-legales\/?utm_source=Home&#038;utm_medium=Referral&#038;utm_campaign=211Resources&#038;utm_content=Legal\" target=\"_self\">Servicios Legales<\/a><\/h4>\n\t\t\t\t<a href=\"\/es\/recursos\/servicios-legales\/?utm_source=Home&#038;utm_medium=Referral&#038;utm_campaign=211Resources&#038;utm_content=Legal\"  target=\"_self\" itemprop=\"url\">\n\t\t\t\t<img decoding=\"async\" src=\"https:\/\/211md.org\/wp-content\/uploads\/bb-plugin\/cache\/2025_MdInfoNet_Icon-Sets_Legal-square-18fdf438feb8435588174d9046463257-.png\" alt=\"\" itemprop=\"image\" onerror=\"this.style.display='none'\" loading=\"lazy\" \/>\n\t\t\t\t<\/a>\n\t\t<h4><a href=\"\/es\/recursos\/salud-mental\/?utm_source=Home&#038;utm_medium=Referral&#038;utm_campaign=211Resources&#038;utm_content=Mental\" target=\"_self\">Salud mental<\/a><\/h4>\n\t\t\t\t<a href=\"\/es\/recursos\/salud-mental\/?utm_source=Home&#038;utm_medium=Referral&#038;utm_campaign=211Resources&#038;utm_content=Mental\"  target=\"_self\" itemprop=\"url\">\n\t\t\t\t<img decoding=\"async\" src=\"https:\/\/211md.org\/wp-content\/uploads\/bb-plugin\/cache\/2025_MdInfoNet_Icon-Sets_Mental-Health-square-c59b38c4a993a947d4c9280fbe2d2fee-.png\" alt=\"\" itemprop=\"image\" onerror=\"this.style.display='none'\" loading=\"lazy\" \/>\n\t\t\t\t<\/a>\n\t\t<h4><a href=\"\/es\/recursos\/mdreentry\/?utm_source=Home&#038;utm_medium=Referral&#038;utm_campaign=211Resources&#038;utm_content=Reentry\" target=\"_self\">Reentrada<\/a><\/h4>\n\t\t\t\t<a href=\"\/es\/recursos\/mdreentry\/?utm_source=Home&#038;utm_medium=Referral&#038;utm_campaign=211Resources&#038;utm_content=Reentry\"  target=\"_self\" itemprop=\"url\">\n\t\t\t\t<img decoding=\"async\" src=\"https:\/\/211md.org\/wp-content\/uploads\/bb-plugin\/cache\/2025_211_Icon-Sets_Reentry-square-8676fea38abd920a832f45642fe31cca-.png\" alt=\"Icono de reentrada\" itemprop=\"image\" height=\"417\" width=\"417\" title=\"2025_211_Conjuntos de iconos_Reentrada\" onerror=\"this.style.display='none'\" loading=\"lazy\" \/>\n\t\t\t\t<\/a>\n\t\t<h4><a href=\"\/es\/recursos\/consumo-de-sustancias\/?utm_source=Home&#038;utm_medium=Referral&#038;utm_campaign=211Resources&#038;utm_content=Substance\" target=\"_self\">Uso de sustancias<\/a><\/h4>\n\t\t\t\t<a href=\"\/es\/recursos\/consumo-de-sustancias\/?utm_source=Home&#038;utm_medium=Referral&#038;utm_campaign=211Resources&#038;utm_content=Substance\"  target=\"_self\" itemprop=\"url\">\n\t\t\t\t<img decoding=\"async\" src=\"https:\/\/211md.org\/wp-content\/uploads\/bb-plugin\/cache\/2025_MdInfoNet_Icon-Sets_Substance-Abuse-square-9022fec9d18a64118ad685c101885b55-.png\" alt=\"\" itemprop=\"image\" onerror=\"this.style.display='none'\" loading=\"lazy\" \/>\n\t\t\t\t<\/a>\n\t\t<h4><a href=\"\/es\/recursos\/veteranos\/?utm_source=Home&#038;utm_medium=Referral&#038;utm_campaign=211Resources&#038;utm_content=Veterans\" target=\"_self\">veteranos<\/a><\/h4>\n\t\t\t\t<a href=\"\/es\/recursos\/veteranos\/?utm_source=Home&#038;utm_medium=Referral&#038;utm_campaign=211Resources&#038;utm_content=Veterans\"  target=\"_self\" itemprop=\"url\">\n\t\t\t\t<img decoding=\"async\" src=\"https:\/\/211md.org\/wp-content\/uploads\/bb-plugin\/cache\/2025_MdInfoNet_Icon-Sets_Rating-square-6e60d00cce4faa8e0a6d4ad7366aa733-.png\" alt=\"\" itemprop=\"image\" onerror=\"this.style.display='none'\" loading=\"lazy\" \/>\n\t\t\t\t<\/a>","protected":false},"excerpt":{"rendered":"<p>Help is available in Somerset County. Search the 211 database for resources in Princess Anne, Crisfield, Westover, Deal Island, Marion and other Somerset County communities. You can also dial 2-1-1 any time of day or night. We&#8217;ve also put together this resource list with commonly referred to agencies. Support For Essential Needs SHORE UP!\u00a0in Princess&hellip;<\/p>","protected":false},"author":8,"featured_media":0,"parent":750,"menu_order":0,"comment_status":"closed","ping_status":"closed","template":"","meta":{"footnotes":""},"class_list":["post-1685","page","type-page","status-publish","hentry"],"_links":{"self":[{"href":"https:\/\/211md.org\/es\/wp-json\/wp\/v2\/pages\/1685","targetHints":{"allow":["GET"]}}],"collection":[{"href":"https:\/\/211md.org\/es\/wp-json\/wp\/v2\/pages"}],"about":[{"href":"https:\/\/211md.org\/es\/wp-json\/wp\/v2\/types\/page"}],"author":[{"embeddable":true,"href":"https:\/\/211md.org\/es\/wp-json\/wp\/v2\/users\/8"}],"replies":[{"embeddable":true,"href":"https:\/\/211md.org\/es\/wp-json\/wp\/v2\/comments?post=1685"}],"version-history":[{"count":3,"href":"https:\/\/211md.org\/es\/wp-json\/wp\/v2\/pages\/1685\/revisions"}],"predecessor-version":[{"id":34092,"href":"https:\/\/211md.org\/es\/wp-json\/wp\/v2\/pages\/1685\/revisions\/34092"}],"up":[{"embeddable":true,"href":"https:\/\/211md.org\/es\/wp-json\/wp\/v2\/pages\/750"}],"wp:attachment":[{"href":"https:\/\/211md.org\/es\/wp-json\/wp\/v2\/media?parent=1685"}],"curies":[{"name":"Gracias","href":"https:\/\/api.w.org\/{rel}","templated":true}]}}