{"id":1688,"date":"2021-05-12T00:23:17","date_gmt":"2021-05-12T00:23:17","guid":{"rendered":"https:\/\/211md.org\/?page_id=1688"},"modified":"2025-11-07T06:55:17","modified_gmt":"2025-11-07T11:55:17","slug":"condado-de-talbot","status":"publish","type":"page","link":"https:\/\/211md.org\/es\/resources-by-county\/talbot-county\/","title":{"rendered":"Condado de Talbot"},"content":{"rendered":"<h2><a href=\"https:\/\/search.211md.org\/\" target=\"_blank\"  rel=\"noopener\">Encuentre recursos cerca de m\u00ed<\/a><\/h2>\n\t\t\t<a href=\"https:\/\/search.211md.org\/\" target=\"_blank\" rel=\"noopener\">\n\t\t\t\t\t\t\tBuscar ahora\n\t\t\t<\/a>\n\t<p><strong><a href=\"\/es\/unirse-a-nuestra-base-de-datos\/\">Agregue su agencia u organizaci\u00f3n a nuestra base de datos de recursos.<\/a><\/strong><\/p>\n<p>El 211 puede conectarlo con recursos en el condado de Talbot. Ya sea que viva en Easton, Trappe, Wye Mills, Wye Landing, Saint Michaels u otra comunidad, hay ayuda disponible.<\/p>\n<p>Busque recursos arriba o llame al 211 para hablar con un especialista en informaci\u00f3n y referencias atento y compasivo.<\/p>\n\t\t<h2>\t\n\tMarque 211<\/h2><p>Con\u00e9ctese a recursos de la comunidad y soporte las 24 horas del d\u00eda, los 7 d\u00edas de la semana, los 365 d\u00edas del a\u00f1o.<\/p>\n\t<h2>Talbot County Food<\/h2>\n<p>In Talbot County, there&#8217;s a mobile mini grocery store that brings low-cost groceries like fresh produce and prepared meals to <a href=\"https:\/\/www.carolineculinaryarts.org\/shogo-mobile\" target=\"_blank\" rel=\"noopener\">planned stops<\/a> throughout Talbot, Caroline, and Dorchester Counties.<\/p>\n<h3>despensas de alimentos<\/h3>\n<p>Si necesitas comida,\u00a0<a href=\"https:\/\/search.211md.org\/search?query=BD-1800.2000&amp;query_type=taxonomy&amp;query_label=&amp;query_language=en\" target=\"_blank\" rel=\"noopener\">buscar una despensa<\/a> Cerca de usted en el condado de Talbot. Nuestra base de datos estatal de recursos incluye varios recursos locales.<\/p>\n<p><a href=\"https:\/\/healthytalbot.org\/about\/talbot-county-hunger-coalition\/\" target=\"_blank\" rel=\"noopener\">Coalici\u00f3n contra el hambre del condado de Talbot<\/a> Tambi\u00e9n cuenta con despensas de alimentos locales en Easton, Royal Oak, St. Michaels, Wittman y Tilghman. Tambi\u00e9n existe una l\u00ednea de apoyo para quienes no encuentran los recursos alimentarios necesarios.<\/p>\n<p>en qu\u00e9 \u00e1rea Vives? Haga clic en esa ciudad para encontrar las despensas de alimentos en su \u00e1rea.<\/p>\n<ul>\n<li><a href=\"#Easton\">Easton<\/a><\/li>\n<li><a href=\"#Trappe\">trapecio<\/a><\/li>\n<li><a href=\"#Bay\">\u00c1rea de la Bah\u00eda Cien<\/a><\/li>\n<li><a href=\"#Wye\">Molinos de Wye<\/a><\/li>\n<\/ul>\n\t\t\t\t<img decoding=\"async\" src=\"http:\/\/211md.org\/wp-content\/uploads\/2023\/11\/food-pantry-distribution.jpg\" alt=\"Caja de comida de distribuci\u00f3n de despensa de alimentos.\" itemprop=\"image\" title=\"distribuci\u00f3n de despensa de alimentos\" onerror=\"this.style.display='none'\" loading=\"lazy\" \/>\n\t<h3>Easton<\/h3>\n\t\t<h3>Centro de servicios vecinales<\/h3><p>126 calle del puerto<\/p>\n<p>410-822-5015<\/p>\n<p>Vaya al vest\u00edbulo para obtener un formulario.<\/p>\n<p>&nbsp;<\/p>\n<p><strong>Lunes a viernes de 9 a.m. a 12 p.m. y de 1:30 a 4 p.m.<\/strong><\/p>\n\t<iframe src=\"https:\/\/www.google.com\/maps\/embed\/v1\/place?q=126+Port+Street%0AEaston%2C+MD+21601&#038;key=AIzaSyD09zQ9PNDNNy9TadMuzRV_UsPUoWKntt8\" aria-hidden=\"true\" title=\"Despensa de alimentos del centro de servicios vecinales en Easton\"><\/iframe>\n\t\t<h3>San Vicente de Pa\u00fal<\/h3><p>29533 Unidad Canvasback<\/p>\n<p>410-770-4505<\/p>\n<p><a href=\"https:\/\/svdpeastonmd.org\/\" target=\"_blank\" rel=\"noopener\">Aprende m\u00e1s<\/a><\/p>\n<p>&nbsp;<\/p>\n<p><strong>Martes 1-4 pm, S\u00e1bado 9 am \u2013 12 pm<\/strong><\/p>\n\t<iframe src=\"https:\/\/www.google.com\/maps\/embed\/v1\/place?q=29533+Canvasback+Drive%0AEaston%2C+MD+21601&#038;key=AIzaSyD09zQ9PNDNNy9TadMuzRV_UsPUoWKntt8\" aria-hidden=\"true\" title=\"San Vicente de Pa\u00fal\"><\/iframe>\n\t\t<h3>Cosecha de Esperanza \u2013 Iglesia de Dios<\/h3><p>1009 N. Calle Washington<\/p>\n<p>410-822-3088<\/p>\n<p>&nbsp;<\/p>\n<strong>Jueves 12-13:30<br \/>\nLlama a lisi tienes una necesidad urgente otro d\u00eda.<\/strong>\n<p>&nbsp;<\/p>\n\t<iframe src=\"https:\/\/www.google.com\/maps\/embed\/v1\/place?q=1009+N.+Washington+Street%0AEaston%2C+MD+21601&#038;key=AIzaSyD09zQ9PNDNNy9TadMuzRV_UsPUoWKntt8\" aria-hidden=\"true\" title=\"Cosecha de esperanza\"><\/iframe>\n\t\t<h3>Despensa de San Marcos en Brookletts Senior Center<\/h3><p>400 Avenida Brookletts<\/p>\n<p>410-822-2869<\/p>\n<p>&nbsp;<\/p>\n<b>viernes 9-11 am<br \/>\nComidas disponibles lunes, mi\u00e9rcoles y viernes<\/b>\n<p>&nbsp;<\/p>\n\t<iframe src=\"https:\/\/www.google.com\/maps\/embed\/v1\/place?q=400+Brookletts+Avenue%0AEaston%2C+MD+21601&#038;key=AIzaSyD09zQ9PNDNNy9TadMuzRV_UsPUoWKntt8\" aria-hidden=\"true\" title=\"Despensa de San Marcos\"><\/iframe>\n\t<h3>Trappe, Maryland, EE.UU.<\/h3>\n\t\t<h3>Iglesia Metodista Unida de Scott<\/h3><p>3748 calle principal<\/p>\n<p>410-476-3980<\/p>\n<p>&nbsp;<\/p>\n<b>4to jueves de mes a las 8:30 am<br \/>\n(Las fechas pueden variar)<\/b>\n<p>&nbsp;<\/p>\n\t<iframe src=\"https:\/\/www.google.com\/maps\/embed\/v1\/place?q=3748+Main+Street%0ATrappe%2C+MD+21673%0A&#038;key=AIzaSyD09zQ9PNDNNy9TadMuzRV_UsPUoWKntt8\" aria-hidden=\"true\" title=\"Iglesia Metodista Unida de Scott\"><\/iframe>\n\t<h3>\u00c1rea de la Bah\u00eda Cien<\/h3>\n\t\t<h3>Metodista Unido de Royal Oak<\/h3><p>6968 Bellevue Road<\/p>\n<p>Royal Oak, Maryland, EE.UU.<\/p>\n<p>&nbsp;<\/p>\n<p>&nbsp;<\/p>\n<b>24\/7<br \/>\n<\/b><b>Interior no tripulado<\/b>\n\t<iframe src=\"https:\/\/www.google.com\/maps\/embed\/v1\/place?q=6968+Bellevue+Road%0ARoyal+Oak%2C+MD+21662&#038;key=AIzaSyD09zQ9PNDNNy9TadMuzRV_UsPUoWKntt8\" aria-hidden=\"true\" title=\"Metodista Unido de Royal Oak\"><\/iframe>\n\t\t<h3>Centro comunitario de St. Michaels<\/h3><p>207 N. Calle Talbot<\/p>\n<p>San Miguel, MD<\/p>\n<p>&nbsp;<\/p>\n<p><b>Lunes 3-5 pm | Mi\u00e9rcoles 13:30-15:30 | viernes 12-3 pm<\/b><\/p>\n<p><strong>Comidas tambi\u00e9n disponibles en estos d\u00edas.<\/strong><\/p>\n\t<iframe src=\"https:\/\/www.google.com\/maps\/embed\/v1\/place?q=207+N.+Talbot+Street%0ASt.+Michael%27s%2C+MD+21663&#038;key=AIzaSyD09zQ9PNDNNy9TadMuzRV_UsPUoWKntt8\" aria-hidden=\"true\" title=\"Centro comunitario de St. Michaels\"><\/iframe>\n\t\t<h3>Despensa de alimentos Tilghman<\/h3><p>5731 Carretera de la isla Tilghman<\/p>\n<p>Tilghman, MD<\/p>\n<p>410-886-9863<\/p>\n<p>&nbsp;<\/p>\n<p><b>mi\u00e9rcoles 3-4:30 pm<\/b><\/p>\n<p><strong>Llame si necesita acceso en otro momento.<\/strong><\/p>\n\t<iframe src=\"https:\/\/www.google.com\/maps\/embed\/v1\/place?q=5731+Tilghman+Island+Road%0ATilghman%2C+MD+21671&#038;key=AIzaSyD09zQ9PNDNNy9TadMuzRV_UsPUoWKntt8\" aria-hidden=\"true\" title=\"Despensa de alimentos Tilghman\"><\/iframe>\n\t<h3>Molinos de Wye<\/h3>\n\t\t<h3>Rinc\u00f3n de la atenci\u00f3n - Chesapeake College<\/h3><p>1000 c\u00edrculo universitario<\/p>\n<p>Wye Mills, MD<\/p>\n<p>Edificio del Centro Carolina<\/p>\n<p>&nbsp;<\/p>\n<p><b>Lunes a viernes, 8:30 am \u2013 4:30 pm<\/b><\/p>\n\t<iframe src=\"https:\/\/www.google.com\/maps\/embed\/v1\/place?q=1000+College+Circle%0AWye+Mills%2C+MD+21678&#038;key=AIzaSyD09zQ9PNDNNy9TadMuzRV_UsPUoWKntt8\" aria-hidden=\"true\" title=\"Despensa de alimentos del rinc\u00f3n del cuidado\"><\/iframe>\n\t<p>Si necesita otros recursos relacionados con los alimentos como <a href=\"https:\/\/211md.org\/es\/recursos\/alimento\/cupones-de-alimentos\/\">c\u00f3mo solicitar cupones de alimentos<\/a> u otros recursos alimentarios, obtenga informaci\u00f3n sobre <a href=\"https:\/\/211md.org\/es\/recursos\/alimento\/\">p\u00e1gina de comida del 211<\/a>.<\/p>\n<h2>Necesidades esenciales<\/h2>\n<p>Adem\u00e1s de la comida, el <strong><a href=\"https:\/\/www.nsctalbotmd.org\/programs\" target=\"_blank\" rel=\"noopener\">Centro de servicios vecinales<\/a><\/strong> en Easton ofrece un programa de subsidio de alquiler (RAP), un refugio transitorio para personas sin hogar, art\u00edculos y ropa para el hogar y servicios de emergencia para quienes enfrentan desalojo o corte de servicios p\u00fablicos en el condado de Talbot.<\/p>\n<p>Cuando haya fondos disponibles, el programa de servicios de emergencia tambi\u00e9n puede ayudar con medicamentos recetados y otras emergencias.<\/p>\n<h2>Ex\u00e1menes de salud<\/h2>\n<p>El Departamento de Salud del Condado de Talbot puede ayudar a personas y familias con ex\u00e1menes de salud, vacunas y m\u00e1s. Aprende sobre el <a href=\"https:\/\/talbothealth.org\/\" target=\"_blank\" rel=\"noopener\">programas de salud disponibles<\/a>.<\/p>\n<p>La Coalici\u00f3n para la Mejora de la Salud de Mid Shore est\u00e1 trabajando para prevenir la diabetes y la prediabetes. 1 de cada 3 adultos tiene prediabetes, pero la mayor\u00eda no lo sabe. <a href=\"https:\/\/www.midshorehealth.org\/diabetesrisk\" target=\"_blank\" rel=\"noopener\">Tomar el examen<\/a> de la Coalici\u00f3n para el Mejoramiento de la Salud de Mid Shore para saber si usted est\u00e1 en riesgo.<\/p>\n<h2>Mediaci\u00f3n y soporte legal<\/h2>\n<p>Si tiene un problema con el propietario, compa\u00f1ero de cuarto o vecino, plan de crianza\/acuerdo de custodia, cuidado de ancianos, problema de empleo, caso de reclamos menores u otra situaci\u00f3n que podr\u00eda beneficiarse de la mediaci\u00f3n, comun\u00edquese con el\u00a0<strong><a href=\"https:\/\/midshoremediation.org\/mediation\/\" target=\"_blank\" rel=\"noopener\">Centro de mediaci\u00f3n de Mid Shore<\/a>.\u00a0<\/strong><\/p>\n<p>La mediaci\u00f3n voluntaria, confidencial y sin prejuicios puede ayudar a resolver conflictos. El servicio es gratuito en sus ubicaciones en los condados de Dorchester, Talbot y Caroline.<\/p>\n<p>Para ayuda legal,\u00a0<strong><a href=\"https:\/\/midshoreprobono.org\/how-we-help\/\" target=\"_blank\" rel=\"noopener\">Mid-Shore Pro Bono<\/a><\/strong>\u00a0puede ofrecer una soluci\u00f3n. Ayudan a los residentes de Eastern Shore con la tutela de adultos, el divorcio, la ejecuci\u00f3n hipotecaria, la separaci\u00f3n legal, el poder notarial, la custodia de los hijos, la quiebra y otras disputas legales. Cobran una tarifa \u00fanica de $25 para procesar las solicitudes. Puede solicitar una exenci\u00f3n de esta tarifa. Est\u00e1n ubicados en Easton con oficinas sat\u00e9lite en Chestertown y Salisbury.<\/p>\n\t\t\t\t<img decoding=\"async\" src=\"http:\/\/211md.org\/wp-content\/uploads\/2024\/01\/Whats-the-211-hon.jpg\" alt=\"\u00bfQu\u00e9 es el recordatorio de mensajes de texto 211 Hon?\" itemprop=\"image\" title=\"\u00bfCu\u00e1l es el 211 cari\u00f1o?\" onerror=\"this.style.display='none'\" loading=\"lazy\" \/>\n\t<h2>Recursos del condado de Talbot<\/h2>\n<p>Aprender acerca <a href=\"https:\/\/211md.org\/es\/whats-the-211\/\">\u00bfQu\u00e9 es el 211, cari\u00f1o?<\/a> \u2013 un esfuerzo de base para aumentar la conciencia sobre c\u00f3mo el 211 puede ayudar a los residentes del condado de Talbot a encontrar recursos locales de servicios humanos y de salud. 211 est\u00e1 disponible las 24 horas del d\u00eda, los 7 d\u00edas de la semana, los 365 d\u00edas del a\u00f1o.<\/p>\n<p>Tambi\u00e9n puede recibir actualizaciones por mensaje de texto con los recursos de salud de Mid Shore. Reg\u00edstrese enviando un mensaje de texto a MidShore al 898-211.<\/p>\n\t\t<h3>\t\n\tReciba alertas de texto de MidShore<\/h3><p>Obtenga actualizaciones por mensaje de texto con recursos de la comunidad. Reg\u00edstrese enviando un mensaje de texto a MidShore al 898-211.<\/p>\n\t\t<h4><a href=\"\/es\/recursos\/envejecimiento-discapacidad\/?utm_source=Home&#038;utm_medium=Referral&#038;utm_campaign=211Resources&#038;utm_content=Aging\" target=\"_self\">Envejecimiento y discapacidad<\/a><\/h4>\n\t\t\t\t<a href=\"\/es\/recursos\/envejecimiento-discapacidad\/?utm_source=Home&#038;utm_medium=Referral&#038;utm_campaign=211Resources&#038;utm_content=Aging\"  target=\"_self\" itemprop=\"url\">\n\t\t\t\t<img decoding=\"async\" src=\"https:\/\/211md.org\/wp-content\/uploads\/bb-plugin\/cache\/2025_MdInfoNet_Icon-Sets_Aging-disability-square-c466727102cae71e5f27b8539bb51945-.png\" alt=\"\" itemprop=\"image\" onerror=\"this.style.display='none'\" loading=\"lazy\" \/>\n\t\t\t\t<\/a>\n\t\t<h4><a href=\"\/es\/recursos\/ninos-familias\/?utm_source=Home&#038;utm_medium=Referral&#038;utm_campaign=211Resources&#038;utm_content=Children\" target=\"_self\">Ni\u00f1os y familias<\/a><\/h4>\n\t\t\t\t<a href=\"\/es\/recursos\/ninos-familias\/?utm_source=Home&#038;utm_medium=Referral&#038;utm_campaign=211Resources&#038;utm_content=Children\"  target=\"_self\" itemprop=\"url\">\n\t\t\t\t<img decoding=\"async\" src=\"https:\/\/211md.org\/wp-content\/uploads\/bb-plugin\/cache\/2025_211_Icon-Sets_Child-care-square-f3b0d4edab3dcc467fadb5f55f4064c6-.png\" alt=\"2025_211_Conjuntos de iconos_Cuidado infantil\" itemprop=\"image\" height=\"417\" width=\"417\" title=\"2025_211_Conjuntos de iconos_Cuidado infantil\" onerror=\"this.style.display='none'\" loading=\"lazy\" \/>\n\t\t\t\t<\/a>\n\t\t<h4><a href=\"\/es\/recursos\/violencia-domestica-familiar\/?utm_source=Home&#038;utm_medium=Referral&#038;utm_campaign=211Resources&#038;utm_content=Domestic\" target=\"_self\">Violencia dom\u00e9stica<\/a><\/h4>\n\t\t\t\t<a href=\"\/es\/recursos\/violencia-domestica-familiar\/?utm_source=Home&#038;utm_medium=Referral&#038;utm_campaign=211Resources&#038;utm_content=Domestic\"  target=\"_self\" itemprop=\"url\">\n\t\t\t\t<img decoding=\"async\" src=\"https:\/\/211md.org\/wp-content\/uploads\/bb-plugin\/cache\/2025_211_Icon-Sets_Domestic-Violence-square-7b597694a6f05fe90cdc376aa573bc63-.png\" alt=\"Icono de violencia dom\u00e9stica\" itemprop=\"image\" height=\"417\" width=\"417\" title=\"2025_211_Conjuntos de iconos_Violencia dom\u00e9stica\" onerror=\"this.style.display='none'\" loading=\"lazy\" \/>\n\t\t\t\t<\/a>\n\t\t<h4><a href=\"\/es\/recursos\/busqueda-de-empleo\/?utm_source=Home&#038;utm_medium=Referral&#038;utm_campaign=211Resources&#038;utm_content=Employment\" target=\"_self\">Empleo<\/a><\/h4>\n\t\t\t\t<a href=\"\/es\/recursos\/busqueda-de-empleo\/?utm_source=Home&#038;utm_medium=Referral&#038;utm_campaign=211Resources&#038;utm_content=Employment\"  target=\"_self\" itemprop=\"url\">\n\t\t\t\t<img decoding=\"async\" src=\"https:\/\/211md.org\/wp-content\/uploads\/bb-plugin\/cache\/2025_MdInfoNet_Icon-Sets_Employment-square-44707bd410e4df10a470bf130ebcea86-.png\" alt=\"\" itemprop=\"image\" onerror=\"this.style.display='none'\" loading=\"lazy\" \/>\n\t\t\t\t<\/a>\n\t\t<h4><a href=\"\/es\/recursos\/cuidado-de-la-salud\/?utm_source=Home&#038;utm_medium=Referral&#038;utm_campaign=211Resources&#038;utm_content=Health%20Care\" target=\"_self\">Cuidado de la salud<\/a><\/h4>\n\t\t\t\t<a href=\"\/es\/recursos\/cuidado-de-la-salud\/?utm_source=Home&#038;utm_medium=Referral&#038;utm_campaign=211Resources&#038;utm_content=Health%20Care\"  target=\"_self\" itemprop=\"url\">\n\t\t\t\t<img decoding=\"async\" src=\"https:\/\/211md.org\/wp-content\/uploads\/bb-plugin\/cache\/2025_MdInfoNet_Icon-Sets_Health-Care-square-dee98a0060cbe0e7f27eda253fc12679-.png\" alt=\"\" itemprop=\"image\" onerror=\"this.style.display='none'\" loading=\"lazy\" \/>\n\t\t\t\t<\/a>\n\t\t<h4><a href=\"\/es\/recursos\/ninos-familias\/parentesco\/?utm_source=Home&#038;utm_medium=Referral&#038;utm_campaign=211Resources&#038;utm_content=Kinship\" target=\"_self\">Parentesco<\/a><\/h4>\n\t\t\t\t<a href=\"\/es\/recursos\/ninos-familias\/parentesco\/?utm_source=Home&#038;utm_medium=Referral&#038;utm_campaign=211Resources&#038;utm_content=Kinship\"  target=\"_self\" itemprop=\"url\">\n\t\t\t\t<img decoding=\"async\" src=\"https:\/\/211md.org\/wp-content\/uploads\/bb-plugin\/cache\/2025_211_Icon-Sets_Kinship-square-45bdf872866f5735f842c32071109267-.png\" alt=\"Icono de parentesco\" itemprop=\"image\" height=\"417\" width=\"417\" title=\"2025_211_Conjuntos de iconos_Parentesco\" onerror=\"this.style.display='none'\" loading=\"lazy\" \/>\n\t\t\t\t<\/a>\n\t\t<h4><a href=\"\/es\/recursos\/servicios-legales\/?utm_source=Home&#038;utm_medium=Referral&#038;utm_campaign=211Resources&#038;utm_content=Legal\" target=\"_self\">Servicios Legales<\/a><\/h4>\n\t\t\t\t<a href=\"\/es\/recursos\/servicios-legales\/?utm_source=Home&#038;utm_medium=Referral&#038;utm_campaign=211Resources&#038;utm_content=Legal\"  target=\"_self\" itemprop=\"url\">\n\t\t\t\t<img decoding=\"async\" src=\"https:\/\/211md.org\/wp-content\/uploads\/bb-plugin\/cache\/2025_MdInfoNet_Icon-Sets_Legal-square-18fdf438feb8435588174d9046463257-.png\" alt=\"\" itemprop=\"image\" onerror=\"this.style.display='none'\" loading=\"lazy\" \/>\n\t\t\t\t<\/a>\n\t\t<h4><a href=\"\/es\/recursos\/salud-mental\/?utm_source=Home&#038;utm_medium=Referral&#038;utm_campaign=211Resources&#038;utm_content=Mental\" target=\"_self\">Salud mental<\/a><\/h4>\n\t\t\t\t<a href=\"\/es\/recursos\/salud-mental\/?utm_source=Home&#038;utm_medium=Referral&#038;utm_campaign=211Resources&#038;utm_content=Mental\"  target=\"_self\" itemprop=\"url\">\n\t\t\t\t<img decoding=\"async\" src=\"https:\/\/211md.org\/wp-content\/uploads\/bb-plugin\/cache\/2025_MdInfoNet_Icon-Sets_Mental-Health-square-c59b38c4a993a947d4c9280fbe2d2fee-.png\" alt=\"\" itemprop=\"image\" onerror=\"this.style.display='none'\" loading=\"lazy\" \/>\n\t\t\t\t<\/a>\n\t\t<h4><a href=\"\/es\/recursos\/mdreentry\/?utm_source=Home&#038;utm_medium=Referral&#038;utm_campaign=211Resources&#038;utm_content=Reentry\" target=\"_self\">Reentrada<\/a><\/h4>\n\t\t\t\t<a href=\"\/es\/recursos\/mdreentry\/?utm_source=Home&#038;utm_medium=Referral&#038;utm_campaign=211Resources&#038;utm_content=Reentry\"  target=\"_self\" itemprop=\"url\">\n\t\t\t\t<img decoding=\"async\" src=\"https:\/\/211md.org\/wp-content\/uploads\/bb-plugin\/cache\/2025_211_Icon-Sets_Reentry-square-8676fea38abd920a832f45642fe31cca-.png\" alt=\"Icono de reentrada\" itemprop=\"image\" height=\"417\" width=\"417\" title=\"2025_211_Conjuntos de iconos_Reentrada\" onerror=\"this.style.display='none'\" loading=\"lazy\" \/>\n\t\t\t\t<\/a>\n\t\t<h4><a href=\"\/es\/recursos\/consumo-de-sustancias\/?utm_source=Home&#038;utm_medium=Referral&#038;utm_campaign=211Resources&#038;utm_content=Substance\" target=\"_self\">Uso de sustancias<\/a><\/h4>\n\t\t\t\t<a href=\"\/es\/recursos\/consumo-de-sustancias\/?utm_source=Home&#038;utm_medium=Referral&#038;utm_campaign=211Resources&#038;utm_content=Substance\"  target=\"_self\" itemprop=\"url\">\n\t\t\t\t<img decoding=\"async\" src=\"https:\/\/211md.org\/wp-content\/uploads\/bb-plugin\/cache\/2025_MdInfoNet_Icon-Sets_Substance-Abuse-square-9022fec9d18a64118ad685c101885b55-.png\" alt=\"\" itemprop=\"image\" onerror=\"this.style.display='none'\" loading=\"lazy\" \/>\n\t\t\t\t<\/a>\n\t\t<h4><a href=\"\/es\/recursos\/veteranos\/?utm_source=Home&#038;utm_medium=Referral&#038;utm_campaign=211Resources&#038;utm_content=Veterans\" target=\"_self\">veteranos<\/a><\/h4>\n\t\t\t\t<a href=\"\/es\/recursos\/veteranos\/?utm_source=Home&#038;utm_medium=Referral&#038;utm_campaign=211Resources&#038;utm_content=Veterans\"  target=\"_self\" itemprop=\"url\">\n\t\t\t\t<img decoding=\"async\" src=\"https:\/\/211md.org\/wp-content\/uploads\/bb-plugin\/cache\/2025_MdInfoNet_Icon-Sets_Rating-square-6e60d00cce4faa8e0a6d4ad7366aa733-.png\" alt=\"\" itemprop=\"image\" onerror=\"this.style.display='none'\" loading=\"lazy\" \/>\n\t\t\t\t<\/a>","protected":false},"excerpt":{"rendered":"<p>Encuentre recursos cerca de m\u00ed. Busque ahora. Agregue su agencia u organizaci\u00f3n a nuestra base de datos de recursos. El 211 puede conectarlo con recursos en el condado de Talbot. Ya sea que viva en Easton, Trappe, Wye Mills, Wye Landing, Saint Michaels u otra comunidad, hay ayuda disponible. Busque los recursos arriba o llame al 211 para hablar con un atento...<\/p>","protected":false},"author":8,"featured_media":3918,"parent":750,"menu_order":0,"comment_status":"closed","ping_status":"closed","template":"","meta":{"footnotes":""},"class_list":["post-1688","page","type-page","status-publish","has-post-thumbnail","hentry"],"_links":{"self":[{"href":"https:\/\/211md.org\/es\/wp-json\/wp\/v2\/pages\/1688","targetHints":{"allow":["GET"]}}],"collection":[{"href":"https:\/\/211md.org\/es\/wp-json\/wp\/v2\/pages"}],"about":[{"href":"https:\/\/211md.org\/es\/wp-json\/wp\/v2\/types\/page"}],"author":[{"embeddable":true,"href":"https:\/\/211md.org\/es\/wp-json\/wp\/v2\/users\/8"}],"replies":[{"embeddable":true,"href":"https:\/\/211md.org\/es\/wp-json\/wp\/v2\/comments?post=1688"}],"version-history":[{"count":5,"href":"https:\/\/211md.org\/es\/wp-json\/wp\/v2\/pages\/1688\/revisions"}],"predecessor-version":[{"id":34195,"href":"https:\/\/211md.org\/es\/wp-json\/wp\/v2\/pages\/1688\/revisions\/34195"}],"up":[{"embeddable":true,"href":"https:\/\/211md.org\/es\/wp-json\/wp\/v2\/pages\/750"}],"wp:featuredmedia":[{"embeddable":true,"href":"https:\/\/211md.org\/es\/wp-json\/wp\/v2\/media\/3918"}],"wp:attachment":[{"href":"https:\/\/211md.org\/es\/wp-json\/wp\/v2\/media?parent=1688"}],"curies":[{"name":"Gracias","href":"https:\/\/api.w.org\/{rel}","templated":true}]}}