{"id":1689,"date":"2021-05-12T00:23:27","date_gmt":"2021-05-12T00:23:27","guid":{"rendered":"https:\/\/211md.org\/?page_id=1689"},"modified":"2025-11-07T06:52:19","modified_gmt":"2025-11-07T11:52:19","slug":"condado-de-caroline","status":"publish","type":"page","link":"https:\/\/211md.org\/es\/resources-by-county\/caroline-county\/","title":{"rendered":"condado de carolina"},"content":{"rendered":"<h2><a href=\"https:\/\/search.211md.org\/\" target=\"_blank\"  rel=\"noopener\">Encuentre recursos cerca de m\u00ed<\/a><\/h2>\n\t\t\t<a href=\"https:\/\/search.211md.org\/\" target=\"_blank\" rel=\"noopener\">\n\t\t\t\t\t\t\tBuscar ahora\n\t\t\t<\/a>\n\t<p><strong><a href=\"\/es\/unirse-a-nuestra-base-de-datos\/\">Agregue su agencia u organizaci\u00f3n a nuestra base de datos de recursos.<\/a><\/strong><\/p>\n\t<p>Hay ayuda disponible si vive en Denton, Ridgely, Greensboro, Federalsburg, Hobbs, Asbury, Anthony, Agner, White Oak Manor, Reliance u otra ciudad del condado de Caroline.<\/p>\n<p>Llame al 211 para hablar con un especialista en informaci\u00f3n y referencias. Tambi\u00e9n puede consultar la base de datos.<\/p>\n\t\t<h2>\t\n\tMarque 211<\/h2><p>Con\u00e9ctese a recursos de la comunidad y soporte las 24 horas del d\u00eda, los 7 d\u00edas de la semana, los 365 d\u00edas del a\u00f1o.<\/p>\n<h2>Recibos de servicios p\u00fablicos<\/h2>\n<p>Si necesita ayuda para pagar su factura de servicios p\u00fablicos, comun\u00edquese con <strong><a href=\"https:\/\/choptankelectric.coop\/energy-assistance\" target=\"_blank\" rel=\"noopener\">Cooperativa el\u00e9ctrica Choptank<\/a><\/strong> y pregunta por un plan de pago para evitar la desconexi\u00f3n. Llame al 1-877-892-0001 de lunes a viernes de 8 am a 4:30 pm<\/p>\n<p>Los residentes con ingresos elegibles tambi\u00e9n pueden solicitar asistencia energ\u00e9tica de la Oficina de Programas de Energ\u00eda para el Hogar de Maryland. El <strong><a href=\"https:\/\/dhs.maryland.gov\/local-offices\/caroline-county\/\" target=\"_blank\" rel=\"noopener\">Departamento de Servicios Sociales<\/a><\/strong> puede ayudar con el proceso de solicitud.<\/p>\n<p>Obtenga m\u00e1s informaci\u00f3n sobre el proceso de solicitud, los documentos que pueda necesitar, las pautas de calificaci\u00f3n y los programas de asistencia disponibles con <a href=\"https:\/\/211md.org\/es\/recursos\/asistencia-de-servicios-publicos\/\">Gu\u00eda de asistencia de servicios p\u00fablicos del 211<\/a>.<\/p>\n<h2>Alimento<\/h2>\n<p>The ShoGo Mobile food service brings the market to you, with <a href=\"https:\/\/www.carolineculinaryarts.org\/shogo-mobile\" target=\"_blank\" rel=\"noopener\">planned stops<\/a> throughout Caroline, Talbot, and Dorchester Counties. Get fresh, low-cost groceries including produce and prepared meals.<\/p>\n<p>Hay despensas de alimentos ubicadas en todo el condado de Caroline. Adem\u00e1s, algunas de las despensas de alimentos tambi\u00e9n apoyan a personas y familias con otras necesidades esenciales.<\/p>\n<p><a href=\"https:\/\/www.martinshouseandbarn.org\/\" target=\"_blank\" rel=\"noopener\">Casa y granero de Mart\u00edn<\/a> (St. Martin&#039;s Barn) en Ridgely, Maryland, tiene una despensa de alimentos, una tienda de segunda mano para ropa y art\u00edculos para el hogar de bajo costo y un refugio familiar.<\/p>\n<p><a href=\"http:\/\/aaronsplaceinc.org\/\" target=\"_blank\" rel=\"noopener\">El lugar de Aar\u00f3n<\/a> en Denton, Maryland, tambi\u00e9n ofrece comida, ropa, clases de m\u00fasica para mam\u00e1 y para m\u00ed y ayuda para personas sin hogar.<\/p>\n<p>Estas son las despensas de alimentos del condado de Caroline. Los horarios pueden variar. Llame a la despensa de alimentos para confirmar.<\/p>\n\t\t<h3>Dando gracia<\/h3><p>302 Calle de la Iglesia<\/p>\n<p>Goldsboro, MD 21636<\/p>\n<p>410-829-3158<\/p>\n<p>&nbsp;<\/p>\n<p><strong>Segundo s\u00e1bado de cada mes<\/strong><\/p>\n\t<iframe src=\"https:\/\/www.google.com\/maps\/embed\/v1\/place?q=302+Church+Lane%0AGoldsboro%2C+MD%C2%A021636&#038;key=AIzaSyD09zQ9PNDNNy9TadMuzRV_UsPUoWKntt8\" aria-hidden=\"true\" title=\"Dando gracia\"><\/iframe>\n\t\t<h3>El lugar de Aar\u00f3n<\/h3><p>401 Aldersgate Drive<\/p>\n<p>Denton, MD 21629<\/p>\n<p>443-243-5906<\/p>\n<p>&nbsp;<\/p>\n<p><strong>Martes y mi\u00e9rcoles 9-2 pm<\/strong><\/p>\n<p><strong>Jueves 9-1 pm<\/strong><\/p>\n\t<iframe src=\"https:\/\/www.google.com\/maps\/embed\/v1\/place?q=401+Aldersgate+Drive%0ADenton%2C+MD+21629&#038;key=AIzaSyD09zQ9PNDNNy9TadMuzRV_UsPUoWKntt8\" aria-hidden=\"true\" title=\"El lugar de Aar\u00f3n\"><\/iframe>\n\t\t<h3>El lugar de Aar\u00f3n 2<\/h3><p>435 calle principal<\/p>\n<p>Goldsboro, MD 21636<\/p>\n<p>443-243-5906<\/p>\n<p>&nbsp;<\/p>\n<p><b>domingo 4-5 pm<\/b><\/p>\n<p><strong>Lunes 9 am \u2013 2 pm<\/strong><\/p>\n\t<iframe src=\"https:\/\/www.google.com\/maps\/embed\/v1\/place?q=435+Main+Street%0AGoldsboro%2C+MD+21636&#038;key=AIzaSyD09zQ9PNDNNy9TadMuzRV_UsPUoWKntt8\" aria-hidden=\"true\" title=\"El lugar de Aar\u00f3n 2\"><\/iframe>\n\t\t<h3>Iglesia Metodista Unida Ridgely<\/h3><p>109 Avenida Central<\/p>\n<p>Ridgely, MD 21660<\/p>\n<p>410-634-2527<\/p>\n<p>&nbsp;<\/p>\n<p><b>Mi\u00e9rcoles 4:15-5 pm<\/b><\/p>\n\t<iframe src=\"https:\/\/www.google.com\/maps\/embed\/v1\/place?q=109+Central+Avenue%0ARidgely%2C+MD+21660&#038;key=AIzaSyD09zQ9PNDNNy9TadMuzRV_UsPUoWKntt8\" aria-hidden=\"true\" title=\"Iglesia Metodista Unida Ridgely\"><\/iframe>\n\t\t<h3>Trinidad AME<\/h3><p>12100 calle de la escuela<\/p>\n<p>Ridgely, MD 21660<\/p>\n<p>302-270-7083<\/p>\n<p>&nbsp;<\/p>\n<p><b>Con cita<\/b><\/p>\n\t<iframe src=\"https:\/\/www.google.com\/maps\/embed\/v1\/place?q=12100+School+Street%0ARidgely%2C+MD+21660&#038;key=AIzaSyD09zQ9PNDNNy9TadMuzRV_UsPUoWKntt8\" aria-hidden=\"true\" title=\"Trinidad AME\"><\/iframe>\n\t\t<h3>Iglesia Metodista Unida de San Pablo<\/h3><p>300 Avenida del atardecer<\/p>\n<p>Greensboro, MD 21639<\/p>\n<p>410-482-8170<\/p>\n<p>&nbsp;<\/p>\n<p><b>Todos los s\u00e1bados de 10 a 12 p.m.<\/b><\/p>\n\t<iframe src=\"https:\/\/www.google.com\/maps\/embed\/v1\/place?q=300+Sunset+Avenue%0AGreensboro%2C+MD+21639&#038;key=AIzaSyD09zQ9PNDNNy9TadMuzRV_UsPUoWKntt8\" aria-hidden=\"true\" title=\"Iglesia Metodista Unida de San Pablo\"><\/iframe>\n\t\t<h3>Iglesia Cristiana Denton<\/h3><p>8680 Mitchell Road<\/p>\n<p>Denton, MD 21629<\/p>\n<p>410-479-9519<\/p>\n<p>&nbsp;<\/p>\n<p><b>Cada dos meses, tercer jueves de 3 a 4 p. m.<\/b><\/p>\n\t<iframe src=\"https:\/\/www.google.com\/maps\/embed\/v1\/place?q=8680+Mitchell+Road%0ADenton%2C+MD+21629&#038;key=AIzaSyD09zQ9PNDNNy9TadMuzRV_UsPUoWKntt8\" aria-hidden=\"true\" title=\"Iglesia Cristiana Denton\"><\/iframe>\n\t\t<h3>Granero de San Mart\u00edn<\/h3><p>14376 Calle Benedictina<\/p>\n<p>Ridgely, MD 21660<\/p>\n<p>410-634-1140<\/p>\n<p>&nbsp;<\/p>\n<p><b>Martes, jueves y viernes<\/b><\/p>\n<p><strong>8:30 \u2013 11:30 am\u00a0<\/strong><\/p>\n\t<iframe src=\"https:\/\/www.google.com\/maps\/embed\/v1\/place?q=14376+Benedictine+Lane%0ARidgely%2C+MD+21660&#038;key=AIzaSyD09zQ9PNDNNy9TadMuzRV_UsPUoWKntt8\" aria-hidden=\"true\" title=\"Granero de San Mart\u00edn\"><\/iframe>\n\t\t<h3>Pensando en ti Despensa<\/h3><p>9058 Carretera de doble colina<\/p>\n<p>Denton, MD 21629<\/p>\n<p>443-243-5906<\/p>\n<p>&nbsp;<\/p>\n<p><strong>Jueves 6-7 pm<\/strong><\/p>\n\t<iframe src=\"https:\/\/www.google.com\/maps\/embed\/v1\/place?q=9058+Double+Hills+Road%0ADenton%2C+MD+21629&#038;key=AIzaSyD09zQ9PNDNNy9TadMuzRV_UsPUoWKntt8\" aria-hidden=\"true\" title=\"Pensando en ti Despensa\"><\/iframe>\n\t\t<h3>Iglesia Memorial Abrams<\/h3><p>300 N. 4ta calle<\/p>\n<p>Denton, MD 21629<\/p>\n<p>&nbsp;<\/p>\n<p><b>1er s\u00e1bado del mes 9-11 am<\/b><\/p>\n\t<iframe src=\"https:\/\/www.google.com\/maps\/embed\/v1\/place?q=300+N.+4th+Street%0ADenton%2C+MD+21629&#038;key=AIzaSyD09zQ9PNDNNy9TadMuzRV_UsPUoWKntt8\" aria-hidden=\"true\" title=\"Iglesia Memorial Abrams\"><\/iframe>\n\t\t<h3>Casa Samaritana<\/h3><p>12 N. Quinta Calle<\/p>\n<p>Denton, MD 21629<\/p>\n<p>410-479-1251<\/p>\n<p>&nbsp;<\/p>\n<p><b>Mi\u00e9rcoles, jueves, viernes 10-2 pm<\/b><\/p>\n<p><strong>S\u00e1bado 9-12 pm<\/strong><\/p>\n\t<iframe src=\"https:\/\/www.google.com\/maps\/embed\/v1\/place?q=12+N.+Fifth+Street%0ADenton%2C+MD+21629&#038;key=AIzaSyD09zQ9PNDNNy9TadMuzRV_UsPUoWKntt8\" aria-hidden=\"true\" title=\"Casa Samaritana\"><\/iframe>\n\t\t<h3>Iglesia Bautista del Calvario<\/h3><p>Calle del mercado 120<\/p>\n<p>Denton, MD 21629<\/p>\n<p>410-924-6404<\/p>\n<p>&nbsp;<\/p>\n<p><b>Mi\u00e9rcoles y domingo 7 pm<\/b><\/p>\n\t<iframe src=\"https:\/\/www.google.com\/maps\/embed\/v1\/place?q=120+Market+Street%0ADenton%2C+MD+21629&#038;key=AIzaSyD09zQ9PNDNNy9TadMuzRV_UsPUoWKntt8\" aria-hidden=\"true\" title=\"Iglesia Bautista del Calvario\"><\/iframe>\n\t\t<h3>Palabra de vida<\/h3><p>3835 antiguo camino de Denton<\/p>\n<p>Federalsburg, MD 21632<\/p>\n<p>410-690-2001<\/p>\n<p>&nbsp;<\/p>\n<p><b>Martes y viernes 9-11 am<\/b><\/p>\n\t<iframe src=\"https:\/\/www.google.com\/maps\/embed\/v1\/place?q=3835+Old+Denton+Road%0AFederalsburg%2C+MD+21632&#038;key=AIzaSyD09zQ9PNDNNy9TadMuzRV_UsPUoWKntt8\" aria-hidden=\"true\" title=\"Palabra de vida\"><\/iframe>\n\t\t<h3>Nueva UMC de Si\u00f3n<\/h3><p>12496 Newtown Village Road<\/p>\n<p>C\u00f3rdoba, MD 21625<\/p>\n<p>443-534-3905<\/p>\n<p>&nbsp;<\/p>\n<p><b>1er viernes cada 3er mes 3:30-6:30 pm<\/b><\/p>\n\t<iframe src=\"https:\/\/www.google.com\/maps\/embed\/v1\/place?q=3835+Old+Denton+Road%0AFederalsburg%2C+MD+21632&#038;key=AIzaSyD09zQ9PNDNNy9TadMuzRV_UsPUoWKntt8\" aria-hidden=\"true\" title=\"Palabra de vida\"><\/iframe>\n\t\t<h3>Capilla Ross AME<\/h3><p>6830 Estatum Road<\/p>\n<p>Preston, MD 21655<\/p>\n<p>410-673-1079<\/p>\n<p>&nbsp;<\/p>\n<p><b>4to mi\u00e9rcoles Bimestral 3-5 pm<\/b><\/p>\n\t<iframe src=\"https:\/\/www.google.com\/maps\/embed\/v1\/place?q=6830+Statum+Road%0APreston%2C+MD+21655&#038;key=AIzaSyD09zQ9PNDNNy9TadMuzRV_UsPUoWKntt8\" aria-hidden=\"true\" title=\"Capilla Ross AME\"><\/iframe>\n<h2>Ayuda Legal<\/h2>\n<p>Si necesita ayuda con un asunto legal civil, puede solicitar ayuda de Mid-Shore Pro Bono. La agencia trabaja con abogados voluntarios en toda la costa este, incluido el condado de Caroline.<\/p>\n<p>La organizaci\u00f3n puede ayudar con:<\/p>\n<ul>\n<li>bancarrota<\/li>\n<li>custodia o visitas de los hijos<\/li>\n<li>deuda de consumo<\/li>\n<li>disputas contractuales<\/li>\n<li>divorcio<\/li>\n<li>juicio hipotecario<\/li>\n<li>problemas de propietario\/inquilino<\/li>\n<\/ul>\n<p>Es posible que puedan ayudar con otros asuntos legales, pero no pueden ayudar con todos los tipos, as\u00ed que aseg\u00farese de <a href=\"https:\/\/midshoreprobono.org\/how-we-help\/\" target=\"_blank\" rel=\"noopener\">brindan asistencia para su asunto legal<\/a> antes de solicitar ayuda.<\/p>\n<p>Comience llenando el <a href=\"https:\/\/www.legal-trak.com\/CaseManagement\/OnlineInTake\/OnlineInTake\/2?skipPayment=true\" target=\"_blank\" rel=\"noopener\">Formulario de admisi\u00f3n de Mid-Shore Pro Bono<\/a>.<\/p>\n<h2>Necesidades relacionadas con la salud<\/h2>\n<p>Si necesita vacunas, ex\u00e1menes de salud, apoyo de salud conductual o tiene otras inquietudes relacionadas con la salud, comun\u00edquese con el <a href=\"https:\/\/www.carolinehd.org\/health-services\/\" target=\"_blank\" rel=\"noopener\">Departamento de Salud del Condado de Caroline<\/a>.<\/p>\n<p>La Coalici\u00f3n para la Mejora de la Salud de Mid Shore tambi\u00e9n est\u00e1 creando conciencia sobre la prediabetes, que afecta a 1 de cada 3 adultos en Mid Shore. <a href=\"https:\/\/www.midshorehealth.org\/diabetesrisk\" target=\"_blank\" rel=\"noopener\">Realice esta prueba r\u00e1pida de diabetes<\/a> para ver si est\u00e1s en riesgo.<\/p>\n<p>Tambi\u00e9n puede conectarse asistiendo a un evento relacionado con la salud. <a href=\"https:\/\/www.midshorehealth.org\/events\" target=\"_blank\" rel=\"noopener\">Consulta el calendario de eventos<\/a>\u00a0de la Coalici\u00f3n para la Mejora de la Salud de Mid Shore.<\/p>\n\t\t\t\t<img decoding=\"async\" src=\"http:\/\/211md.org\/wp-content\/uploads\/2024\/01\/Whats-the-211-hon.jpg\" alt=\"\u00bfQu\u00e9 es el recordatorio de mensajes de texto 211 Hon?\" itemprop=\"image\" title=\"\u00bfCu\u00e1l es el 211 cari\u00f1o?\" onerror=\"this.style.display='none'\" loading=\"lazy\" \/>\n\t<h2>Recursos del condado de Caroline<\/h2>\n<p>Aprender acerca <a href=\"https:\/\/211md.org\/es\/whats-the-211\/\">\u00bfQu\u00e9 es el 211, cari\u00f1o?<\/a> \u2013 un esfuerzo de base para aumentar la conciencia sobre c\u00f3mo el 211 puede ayudar a los residentes del condado de Caroline a encontrar recursos locales de servicios humanos y de salud. 211 est\u00e1 disponible las 24 horas del d\u00eda, los 7 d\u00edas de la semana, los 365 d\u00edas del a\u00f1o.<\/p>\n<p>Tambi\u00e9n puede recibir actualizaciones por mensaje de texto con los recursos de salud de Mid Shore. Reg\u00edstrese enviando un mensaje de texto a MidShore al 898-211.<\/p>\n\t\t<h3>\t\n\tReciba alertas de texto de MidShore<\/h3><p>Obtenga actualizaciones por mensaje de texto con recursos de la comunidad. Reg\u00edstrese enviando un mensaje de texto a MidShore al 898-211.<\/p>\n\t\t<h4><a href=\"\/es\/recursos\/envejecimiento-discapacidad\/?utm_source=Home&#038;utm_medium=Referral&#038;utm_campaign=211Resources&#038;utm_content=Aging\" target=\"_self\">Envejecimiento y discapacidad<\/a><\/h4>\n\t\t\t\t<a href=\"\/es\/recursos\/envejecimiento-discapacidad\/?utm_source=Home&#038;utm_medium=Referral&#038;utm_campaign=211Resources&#038;utm_content=Aging\"  target=\"_self\" itemprop=\"url\">\n\t\t\t\t<img decoding=\"async\" src=\"https:\/\/211md.org\/wp-content\/uploads\/bb-plugin\/cache\/2025_MdInfoNet_Icon-Sets_Aging-disability-square-c466727102cae71e5f27b8539bb51945-.png\" alt=\"\" itemprop=\"image\" onerror=\"this.style.display='none'\" loading=\"lazy\" \/>\n\t\t\t\t<\/a>\n\t\t<h4><a href=\"\/es\/recursos\/ninos-familias\/?utm_source=Home&#038;utm_medium=Referral&#038;utm_campaign=211Resources&#038;utm_content=Children\" target=\"_self\">Ni\u00f1os y familias<\/a><\/h4>\n\t\t\t\t<a href=\"\/es\/recursos\/ninos-familias\/?utm_source=Home&#038;utm_medium=Referral&#038;utm_campaign=211Resources&#038;utm_content=Children\"  target=\"_self\" itemprop=\"url\">\n\t\t\t\t<img decoding=\"async\" src=\"https:\/\/211md.org\/wp-content\/uploads\/bb-plugin\/cache\/2025_211_Icon-Sets_Child-care-square-f3b0d4edab3dcc467fadb5f55f4064c6-.png\" alt=\"2025_211_Conjuntos de iconos_Cuidado infantil\" itemprop=\"image\" height=\"417\" width=\"417\" title=\"2025_211_Conjuntos de iconos_Cuidado infantil\" onerror=\"this.style.display='none'\" loading=\"lazy\" \/>\n\t\t\t\t<\/a>\n\t\t<h4><a href=\"\/es\/recursos\/violencia-domestica-familiar\/?utm_source=Home&#038;utm_medium=Referral&#038;utm_campaign=211Resources&#038;utm_content=Domestic\" target=\"_self\">Violencia dom\u00e9stica<\/a><\/h4>\n\t\t\t\t<a href=\"\/es\/recursos\/violencia-domestica-familiar\/?utm_source=Home&#038;utm_medium=Referral&#038;utm_campaign=211Resources&#038;utm_content=Domestic\"  target=\"_self\" itemprop=\"url\">\n\t\t\t\t<img decoding=\"async\" src=\"https:\/\/211md.org\/wp-content\/uploads\/bb-plugin\/cache\/2025_211_Icon-Sets_Domestic-Violence-square-7b597694a6f05fe90cdc376aa573bc63-.png\" alt=\"Icono de violencia dom\u00e9stica\" itemprop=\"image\" height=\"417\" width=\"417\" title=\"2025_211_Conjuntos de iconos_Violencia dom\u00e9stica\" onerror=\"this.style.display='none'\" loading=\"lazy\" \/>\n\t\t\t\t<\/a>\n\t\t<h4><a href=\"\/es\/recursos\/busqueda-de-empleo\/?utm_source=Home&#038;utm_medium=Referral&#038;utm_campaign=211Resources&#038;utm_content=Employment\" target=\"_self\">Empleo<\/a><\/h4>\n\t\t\t\t<a href=\"\/es\/recursos\/busqueda-de-empleo\/?utm_source=Home&#038;utm_medium=Referral&#038;utm_campaign=211Resources&#038;utm_content=Employment\"  target=\"_self\" itemprop=\"url\">\n\t\t\t\t<img decoding=\"async\" src=\"https:\/\/211md.org\/wp-content\/uploads\/bb-plugin\/cache\/2025_MdInfoNet_Icon-Sets_Employment-square-44707bd410e4df10a470bf130ebcea86-.png\" alt=\"\" itemprop=\"image\" onerror=\"this.style.display='none'\" loading=\"lazy\" \/>\n\t\t\t\t<\/a>\n\t\t<h4><a href=\"\/es\/recursos\/cuidado-de-la-salud\/?utm_source=Home&#038;utm_medium=Referral&#038;utm_campaign=211Resources&#038;utm_content=Health%20Care\" target=\"_self\">Cuidado de la salud<\/a><\/h4>\n\t\t\t\t<a href=\"\/es\/recursos\/cuidado-de-la-salud\/?utm_source=Home&#038;utm_medium=Referral&#038;utm_campaign=211Resources&#038;utm_content=Health%20Care\"  target=\"_self\" itemprop=\"url\">\n\t\t\t\t<img decoding=\"async\" src=\"https:\/\/211md.org\/wp-content\/uploads\/bb-plugin\/cache\/2025_MdInfoNet_Icon-Sets_Health-Care-square-dee98a0060cbe0e7f27eda253fc12679-.png\" alt=\"\" itemprop=\"image\" onerror=\"this.style.display='none'\" loading=\"lazy\" \/>\n\t\t\t\t<\/a>\n\t\t<h4><a href=\"\/es\/recursos\/ninos-familias\/parentesco\/?utm_source=Home&#038;utm_medium=Referral&#038;utm_campaign=211Resources&#038;utm_content=Kinship\" target=\"_self\">Parentesco<\/a><\/h4>\n\t\t\t\t<a href=\"\/es\/recursos\/ninos-familias\/parentesco\/?utm_source=Home&#038;utm_medium=Referral&#038;utm_campaign=211Resources&#038;utm_content=Kinship\"  target=\"_self\" itemprop=\"url\">\n\t\t\t\t<img decoding=\"async\" src=\"https:\/\/211md.org\/wp-content\/uploads\/bb-plugin\/cache\/2025_211_Icon-Sets_Kinship-square-45bdf872866f5735f842c32071109267-.png\" alt=\"Icono de parentesco\" itemprop=\"image\" height=\"417\" width=\"417\" title=\"2025_211_Conjuntos de iconos_Parentesco\" onerror=\"this.style.display='none'\" loading=\"lazy\" \/>\n\t\t\t\t<\/a>\n\t\t<h4><a href=\"\/es\/recursos\/servicios-legales\/?utm_source=Home&#038;utm_medium=Referral&#038;utm_campaign=211Resources&#038;utm_content=Legal\" target=\"_self\">Servicios Legales<\/a><\/h4>\n\t\t\t\t<a href=\"\/es\/recursos\/servicios-legales\/?utm_source=Home&#038;utm_medium=Referral&#038;utm_campaign=211Resources&#038;utm_content=Legal\"  target=\"_self\" itemprop=\"url\">\n\t\t\t\t<img decoding=\"async\" src=\"https:\/\/211md.org\/wp-content\/uploads\/bb-plugin\/cache\/2025_MdInfoNet_Icon-Sets_Legal-square-18fdf438feb8435588174d9046463257-.png\" alt=\"\" itemprop=\"image\" onerror=\"this.style.display='none'\" loading=\"lazy\" \/>\n\t\t\t\t<\/a>\n\t\t<h4><a href=\"\/es\/recursos\/salud-mental\/?utm_source=Home&#038;utm_medium=Referral&#038;utm_campaign=211Resources&#038;utm_content=Mental\" target=\"_self\">Salud mental<\/a><\/h4>\n\t\t\t\t<a href=\"\/es\/recursos\/salud-mental\/?utm_source=Home&#038;utm_medium=Referral&#038;utm_campaign=211Resources&#038;utm_content=Mental\"  target=\"_self\" itemprop=\"url\">\n\t\t\t\t<img decoding=\"async\" src=\"https:\/\/211md.org\/wp-content\/uploads\/bb-plugin\/cache\/2025_MdInfoNet_Icon-Sets_Mental-Health-square-c59b38c4a993a947d4c9280fbe2d2fee-.png\" alt=\"\" itemprop=\"image\" onerror=\"this.style.display='none'\" loading=\"lazy\" \/>\n\t\t\t\t<\/a>\n\t\t<h4><a href=\"\/es\/recursos\/mdreentry\/?utm_source=Home&#038;utm_medium=Referral&#038;utm_campaign=211Resources&#038;utm_content=Reentry\" target=\"_self\">Reentrada<\/a><\/h4>\n\t\t\t\t<a href=\"\/es\/recursos\/mdreentry\/?utm_source=Home&#038;utm_medium=Referral&#038;utm_campaign=211Resources&#038;utm_content=Reentry\"  target=\"_self\" itemprop=\"url\">\n\t\t\t\t<img decoding=\"async\" src=\"https:\/\/211md.org\/wp-content\/uploads\/bb-plugin\/cache\/2025_211_Icon-Sets_Reentry-square-8676fea38abd920a832f45642fe31cca-.png\" alt=\"Icono de reentrada\" itemprop=\"image\" height=\"417\" width=\"417\" title=\"2025_211_Conjuntos de iconos_Reentrada\" onerror=\"this.style.display='none'\" loading=\"lazy\" \/>\n\t\t\t\t<\/a>\n\t\t<h4><a href=\"\/es\/recursos\/consumo-de-sustancias\/?utm_source=Home&#038;utm_medium=Referral&#038;utm_campaign=211Resources&#038;utm_content=Substance\" target=\"_self\">Uso de sustancias<\/a><\/h4>\n\t\t\t\t<a href=\"\/es\/recursos\/consumo-de-sustancias\/?utm_source=Home&#038;utm_medium=Referral&#038;utm_campaign=211Resources&#038;utm_content=Substance\"  target=\"_self\" itemprop=\"url\">\n\t\t\t\t<img decoding=\"async\" src=\"https:\/\/211md.org\/wp-content\/uploads\/bb-plugin\/cache\/2025_MdInfoNet_Icon-Sets_Substance-Abuse-square-9022fec9d18a64118ad685c101885b55-.png\" alt=\"\" itemprop=\"image\" onerror=\"this.style.display='none'\" loading=\"lazy\" \/>\n\t\t\t\t<\/a>\n\t\t<h4><a href=\"\/es\/recursos\/veteranos\/?utm_source=Home&#038;utm_medium=Referral&#038;utm_campaign=211Resources&#038;utm_content=Veterans\" target=\"_self\">veteranos<\/a><\/h4>\n\t\t\t\t<a href=\"\/es\/recursos\/veteranos\/?utm_source=Home&#038;utm_medium=Referral&#038;utm_campaign=211Resources&#038;utm_content=Veterans\"  target=\"_self\" itemprop=\"url\">\n\t\t\t\t<img decoding=\"async\" src=\"https:\/\/211md.org\/wp-content\/uploads\/bb-plugin\/cache\/2025_MdInfoNet_Icon-Sets_Rating-square-6e60d00cce4faa8e0a6d4ad7366aa733-.png\" alt=\"\" itemprop=\"image\" onerror=\"this.style.display='none'\" loading=\"lazy\" \/>\n\t\t\t\t<\/a>","protected":false},"excerpt":{"rendered":"<p>Encuentre recursos cerca de m\u00ed. Busque ahora. Agregue su agencia u organizaci\u00f3n a nuestra base de datos de recursos. Hay ayuda disponible si vive en Denton, Ridgely, Greensboro, Federalsburg, Hobbs, Asbury, Anthony, Agner, White Oak Manor, Reliance u otra ciudad del condado de Caroline. Llame al 211 para hablar con un especialista en informaci\u00f3n y referencias. Tambi\u00e9n puede buscar en la base de datos.<\/p>","protected":false},"author":8,"featured_media":0,"parent":750,"menu_order":0,"comment_status":"closed","ping_status":"closed","template":"","meta":{"footnotes":""},"class_list":["post-1689","page","type-page","status-publish","hentry"],"_links":{"self":[{"href":"https:\/\/211md.org\/es\/wp-json\/wp\/v2\/pages\/1689","targetHints":{"allow":["GET"]}}],"collection":[{"href":"https:\/\/211md.org\/es\/wp-json\/wp\/v2\/pages"}],"about":[{"href":"https:\/\/211md.org\/es\/wp-json\/wp\/v2\/types\/page"}],"author":[{"embeddable":true,"href":"https:\/\/211md.org\/es\/wp-json\/wp\/v2\/users\/8"}],"replies":[{"embeddable":true,"href":"https:\/\/211md.org\/es\/wp-json\/wp\/v2\/comments?post=1689"}],"version-history":[{"count":4,"href":"https:\/\/211md.org\/es\/wp-json\/wp\/v2\/pages\/1689\/revisions"}],"predecessor-version":[{"id":34193,"href":"https:\/\/211md.org\/es\/wp-json\/wp\/v2\/pages\/1689\/revisions\/34193"}],"up":[{"embeddable":true,"href":"https:\/\/211md.org\/es\/wp-json\/wp\/v2\/pages\/750"}],"wp:attachment":[{"href":"https:\/\/211md.org\/es\/wp-json\/wp\/v2\/media?parent=1689"}],"curies":[{"name":"Gracias","href":"https:\/\/api.w.org\/{rel}","templated":true}]}}