{"id":1690,"date":"2021-05-12T00:23:36","date_gmt":"2021-05-12T00:23:36","guid":{"rendered":"https:\/\/211md.org\/?page_id=1690"},"modified":"2025-10-29T07:08:26","modified_gmt":"2025-10-29T11:08:26","slug":"condado-de-queen-annes","status":"publish","type":"page","link":"https:\/\/211md.org\/es\/resources-by-county\/queen-annes-county\/","title":{"rendered":"Condado de Queen Anne"},"content":{"rendered":"<h2><a href=\"https:\/\/search.211md.org\/\" target=\"_blank\"  rel=\"noopener\">Encuentre recursos cerca de m\u00ed<\/a><\/h2>\n\t\t\t<a href=\"https:\/\/search.211md.org\/\" target=\"_blank\" rel=\"noopener\">\n\t\t\t\t\t\t\tBuscar ahora\n\t\t\t<\/a>\n\t<p><strong><a href=\"\/es\/unirse-a-nuestra-base-de-datos\/\">Agregue su agencia u organizaci\u00f3n a nuestra base de datos de recursos.<\/a><\/strong><\/p>\n\t<p>\u00bfNecesita ayuda financiera de emergencia para vivienda o servicios p\u00fablicos? El 211 puede ayudarle con estas y otras necesidades. Busque entre m\u00e1s de 7000 recursos en Maryland o llame al 211 para hablar con un especialista en informaci\u00f3n y referencias del 211 y encontrar los mejores recursos locales.<\/p>\n<p>Hay ayuda disponible si vive en Sudlersville, Church Hill, Queenstown, Grasonville, Stevensville o Centerville o en una de las otras comunidades de Queen Anne&#039;s.<\/p>\n\t\t<h2>\t\n\tMarque 211<\/h2><p>Con\u00e9ctese a recursos de la comunidad y soporte las 24 horas del d\u00eda, los 7 d\u00edas de la semana, los 365 d\u00edas del a\u00f1o.<\/p>\n<h2>Ministerios Haven<\/h2>\n<p><a href=\"https:\/\/haven-ministries.org\/\" target=\"_blank\" rel=\"noopener\">Ministerios Haven<\/a>, una coalici\u00f3n de iglesias cristianas en el condado de Queen Anne, ofrece asistencia de vivienda, comida, ropa y refugio a familias necesitadas.<\/p>\n<p>Hay un centro de recursos y una despensa de alimentos en Queenstown detr\u00e1s de Royal Farms. Los residentes de Queen Anne pueden usar la despensa de alimentos una vez al mes, con una identificaci\u00f3n con fotograf\u00eda v\u00e1lida. Puede programar una cita llamando al 410-827-7194.<\/p>\n<p>Tambi\u00e9n hay un cami\u00f3n m\u00f3vil de despensa de alimentos en Sudlersville, Maryland. El cami\u00f3n de comida ofrece alimentos no cocinados para quienes tienen necesidades alimentarias de emergencia en el norte del condado de Queen Anne.<\/p>\n<p>Haven Ministries tambi\u00e9n puede ayudar a encontrar viviendas asequibles, algo que falta en el condado de Queen Anne. Ofrecen un refugio de emergencia para el invierno y\u00a0<a href=\"https:\/\/haven-ministries.org\/2020\/11\/haven-ministries-expands-housing-assistance-program-2\/\" target=\"_blank\" rel=\"noopener\">Programa de Asistencia de Vivienda<\/a>.<\/p>\n<p>Es posible que haya fondos disponibles a trav\u00e9s de la Iglesia Cat\u00f3lica St. Christopher, los Ministerios Haven y la Iglesia Metodista Unida de Kent Island para pagos de alquiler y servicios p\u00fablicos cuando est\u00e9n disponibles.<\/p>\n<p>Puede comunicarse con estas agencias o llamar al 211 para encontrar recursos en el condado de Queen Anne que puedan ayudar con las facturas de servicios p\u00fablicos y la prevenci\u00f3n de desalojos.<\/p>\n<h2><b>Ayuda de vivienda\u00a0<\/b><\/h2>\n<p>Si necesita ayuda con la vivienda, Queen Anne&#039;s Housing &amp; Community Services ofrece una variedad de programas que ayudan con la prevenci\u00f3n de desalojos, personas sin hogar, compradores de vivienda por primera vez y reparaciones de emergencia de viviendas. Tambi\u00e9n puedes consultar sus <a href=\"https:\/\/www.qac.org\/1210\/Homeless-Assistance\" target=\"_blank\" rel=\"noopener\">p\u00e1gina de recursos<\/a> para obtener informaci\u00f3n sobre ubicaciones de viviendas en todo el condado, viviendas para personas mayores, instalaciones de vida asistida y refugios.<\/p>\n<h2><b>Ayuda de utilidad<\/b><\/h2>\n<p>Si necesita ayuda para pagar su factura de servicios p\u00fablicos, el\u00a0<a href=\"https:\/\/search.211md.org\/search\/6308c2bd4994ec149dfa74324ebccfde\" target=\"_blank\" rel=\"noopener\">Departamento de Servicios Sociales del Condado de Queen Anne<\/a>\u00a0puede ayudar con subvenciones de energ\u00eda estatales como el Programa de Asistencia de Energ\u00eda de Maryland (MEAP) para costos de calefacci\u00f3n, el Programa de Servicio Universal El\u00e9ctrico (EUSP) para facturas de electricidad y otras subvenciones a trav\u00e9s de la Oficina de Programas de Energ\u00eda para el Hogar (OHEP).<\/p>\n<p><a href=\"\/es\/recursos\/asistencia-de-servicios-publicos\/\" rel=\"noopener\">211 tiene una gu\u00eda de asistencia energ\u00e9tica<\/a>\u00a0con informaci\u00f3n detallada sobre las pautas de ingresos y c\u00f3mo llenar el formulario correctamente.<\/p>\n<p>Tambi\u00e9n puedes contactar <a href=\"https:\/\/www.delmarva.com\/MyAccount\/CustomerSupport\/Pages\/MD\/BillPaymentAssistance.aspx\" target=\"_blank\" rel=\"noopener\">Poder de Delmarva<\/a> o <a href=\"https:\/\/www.choptankelectric.coop\/energy-assistance\" target=\"_blank\" rel=\"noopener\">Choptank el\u00e9ctrico<\/a> para establecer un plan de pago.<\/p>\n<h2>despensas de alimentos<\/h2>\n<p>Antes de visitar una despensa de alimentos, verifique los requisitos de elegibilidad y confirme los horarios, ya que est\u00e1n sujetos a cambios.<\/p>\n<p>Para algunas despensas de alimentos, es posible que necesite una cita y\/o una identificaci\u00f3n con foto v\u00e1lida<\/p>\n\t\t<h3>Ministerios Haven, Inc.<\/h3>Avenida Del Rodas 206<br \/>\nQueenstown, MD 21658<br \/>\n(detr\u00e1s de Royal Farms)<br \/>\nTel\u00e9fono: (410) 827-7194\n<p>Debe ser residente de QAC con identificaci\u00f3n con foto. Los residentes son bienvenidos una vez al mes.<\/p>\n<p>&nbsp;<\/p>\n<strong>Despensa de alimentos | lunes, mi\u00e9rcoles, jueves y viernes de 8:30 a. m. a 4:30 p. m.<br \/>\nT de 7 am a 7 pm\u00a0<\/strong>\n\t<iframe src=\"https:\/\/www.google.com\/maps\/embed\/v1\/place?q=Haven+Ministries%0A206+Del+Rhodes+Avenue%0AQueenstown%2C+MD+21658&#038;key=AIzaSyD09zQ9PNDNNy9TadMuzRV_UsPUoWKntt8\" aria-hidden=\"true\" title=\"Ministerios Haven\"><\/iframe>\n\t\t<h3>Haven Ministries, Inc. Cami\u00f3n m\u00f3vil de comida<\/h3>Calle de la esquina de Dudley 407<br \/>\nSudlersville, MD 21668<br \/>\n410-827-7194\n<p>&nbsp;<\/p>\n<p>Residentes del norte de QAC con necesidades alimentarias de emergencia, una cita e identificaci\u00f3n con foto<\/p>\n<p>&nbsp;<\/p>\n<p><b>Cami\u00f3n de comida m\u00f3vil | Con cita previa los martes de 12 a 19 horas y\u00a0<\/b><strong>Viernes 9 am \u2013 7 pm<\/strong><\/p>\n\t<iframe src=\"https:\/\/www.google.com\/maps\/embed\/v1\/place?q=407+Dudley+Corner+Road%0ASudersville%2C+MD+21668&#038;key=AIzaSyD09zQ9PNDNNy9TadMuzRV_UsPUoWKntt8\" aria-hidden=\"true\" title=\"Cami\u00f3n de comida de Haven Ministries\"><\/iframe>\n\t\t<h3>Iglesia Metodista Unida de Centerville<\/h3>Calle de la colina de la iglesia 608<br \/>\nCentreville, MD 21617<br \/>\n410-758-0868\n<p>&nbsp;<\/p>\n<p><strong>Despensa de alimentos | 1er y 3er mi\u00e9rcoles de cada mes de 10 am a 12 pm<\/strong><\/p>\n\t<iframe src=\"https:\/\/www.google.com\/maps\/embed\/v1\/place?q=Centreville+United+Methodist+Church+%0A608+Church+Hill+Road%0ACentreville%2C+MD+21617&#038;key=AIzaSyD09zQ9PNDNNy9TadMuzRV_UsPUoWKntt8\" aria-hidden=\"true\" title=\"Iglesia Metodista Unida de Centerville \"><\/iframe>\n\t\t<h3>Iglesia cat\u00f3lica de San Crist\u00f3bal<\/h3>1861 Puerto Drive<br \/>\nChester, MD 21619<br \/>\n410-643-6220\n<p>La despensa est\u00e1 cerrada si las escuelas est\u00e1n cerradas por el clima.<\/p>\n<strong><br \/>\nDespensa de alimentos | Lunes a viernes de 9:30 a. m. a 12:00 p. m.<\/strong>\n\t<iframe src=\"https:\/\/www.google.com\/maps\/embed\/v1\/place?q=St.+Christopher%27s+Catholic+Church%0A1861+Harbor+Drive%0AChester%2C+MD+21619&#038;key=AIzaSyD09zQ9PNDNNy9TadMuzRV_UsPUoWKntt8\" aria-hidden=\"true\" title=\"Iglesia Cat\u00f3lica de San Crist\u00f3bal\"><\/iframe>\n\t\t<h3>Iglesia Bethel AME<\/h3>Calle Washington 102<br \/>\nCentreville, MD 21617<br \/>\n410-758-3748\n<p>&nbsp;<\/p>\n<p><strong>Despensa de alimentos | Llame para informaci\u00f3n<\/strong><\/p>\n\t<iframe src=\"https:\/\/www.google.com\/maps\/embed\/v1\/place?q=Bethel+AME+Church+%0A102+Washington+Street%0ACentreville%2C+MD+21617&#038;key=AIzaSyD09zQ9PNDNNy9TadMuzRV_UsPUoWKntt8\" aria-hidden=\"true\" title=\"Iglesia Bethel AME\"><\/iframe>\n\t\t<h3>Centro Comunitario de Grasonville<\/h3>5601 calle principal<br \/>\nGrasonville, MD 21638<br \/>\n410-827-9215\n<p>&nbsp;<\/p>\n<p><strong>Despensa de alimentos | Martes 11:30 am \u2013 4 pm y viernes 10 am \u2013 4 pm<\/strong><\/p>\n\t<iframe src=\"https:\/\/www.google.com\/maps\/embed\/v1\/place?q=Grasonville+Community+Center%0A5601+Main+Street%0AGrasonville%2C+MD+21638&#038;key=AIzaSyD09zQ9PNDNNy9TadMuzRV_UsPUoWKntt8\" aria-hidden=\"true\" title=\"Centro Comunitario de Grasonville\"><\/iframe>\n\t\t<h3>Iglesia Adventista del S\u00e9ptimo D\u00eda de Grasonville<\/h3>208 Unidad del centro m\u00e9dico<br \/>\nGrasonville, MD 21638<br \/>\n410-827-8461\n<p>&nbsp;<\/p>\n<p>Debe ser residente de QAC con una identificaci\u00f3n con foto<\/p>\n<p>&nbsp;<\/p>\n<p><strong>Despensa de alimentos | Todos los lunes de 10 a. m. a 1 p. m.\u00a0<\/strong><\/p>\n\t<iframe src=\"https:\/\/www.google.com\/maps\/embed\/v1\/place?q=Grasonville+Seventh+Day+Adventist+Church+%0A208+Medical+Center+Drive%0AGrasonville%2C+MD+21638&#038;key=AIzaSyD09zQ9PNDNNy9TadMuzRV_UsPUoWKntt8\" aria-hidden=\"true\" title=\"Iglesia Adventista del S\u00e9ptimo D\u00eda de Grasonville \"><\/iframe>\n\t\t<h3>Iglesia UM de Sudlersville<\/h3>103 calle de la iglesia del norte<br \/>\nSudlersville, MD 21668<br \/>\n410-438-3816<br \/>\n<a href=\"http:\/\/www.sudlersvilleumc.org\/sudlersville-charge-food-pantry.html\" target=\"_blank\" rel=\"noopener\">Aprende sobre la despensa<\/a>.\n<p>Debe ser residente de QAC. Requisito de ingresos.<\/p>\n<strong><br \/>\nDespensa de alimentos | Llame para fechas<\/strong>\n\t<iframe src=\"https:\/\/www.google.com\/maps\/embed\/v1\/place?q=Sudlersville+UM+Church%0A103+North+Church+Street%0ASudlersville%2C+MD+21668&#038;key=AIzaSyD09zQ9PNDNNy9TadMuzRV_UsPUoWKntt8\" aria-hidden=\"true\" title=\"Despensa de alimentos de la iglesia UM de Sudlersville\"><\/iframe>\n\t\t<h3>Ministerio de Alcance Nuestra Madre de los Dolores<\/h3>301 Avenida Homewood<br \/>\nCentreville, MD 21617<br \/>\n410-758-6833<br \/>\n<a href=\"https:\/\/sorrowsparish.org\/outreach\" target=\"_blank\" rel=\"noopener\">M\u00e1s informaci\u00f3n sobre la despensa<\/a>.\n<p>Se requiere cita.<\/p>\n<p>&nbsp;<\/p>\n<p><strong>Despensa de alimentos | Segundo y cuarto jueves de cada mes entre las 4 p.m. y las 6 p.m. cuando est\u00e9 disponible y con cita previa.<\/strong><\/p>\n\t<iframe src=\"https:\/\/www.google.com\/maps\/embed\/v1\/place?q=Our+Mother+of+Sorrows+Outreach+Ministry%0A301+Homewood+Avenue%0ACentreville%2C+MD+21617&#038;key=AIzaSyD09zQ9PNDNNy9TadMuzRV_UsPUoWKntt8\" aria-hidden=\"true\" title=\"Ministerio de Alcance Nuestra Madre de los Dolores\"><\/iframe>\n\t<p>Si vive en otro condado de la costa este, puede encontrar otras despensas llamando a <a href=\"https:\/\/211md.org\/es\/recursos-por-condado\/\">seleccionando el condado.<\/a><\/p>\n<p>Aprenda sobre otros recursos alimenticios como <a href=\"https:\/\/211md.org\/es\/recursos\/alimento\/\">Beneficios de SNAP y c\u00f3mo ahorrar en alimentos<\/a>.<\/p>\n\t\t\t\t<img decoding=\"async\" src=\"http:\/\/211md.org\/wp-content\/uploads\/2024\/01\/Whats-the-211-hon.jpg\" alt=\"\u00bfQu\u00e9 es el recordatorio de mensajes de texto 211 Hon?\" itemprop=\"image\" title=\"\u00bfCu\u00e1l es el 211 cari\u00f1o?\" onerror=\"this.style.display='none'\" loading=\"lazy\" \/>\n\t<h2>Recursos del condado de Queen Anne<\/h2>\n<p>Aprender acerca <a href=\"https:\/\/211md.org\/es\/whats-the-211\/\">\u00bfQu\u00e9 es el 211, cari\u00f1o?<\/a> \u2013 un esfuerzo de base para aumentar la conciencia sobre c\u00f3mo el 211 puede ayudar a los residentes del condado de Queen Anne a encontrar recursos locales de servicios humanos y de salud. 211 est\u00e1 disponible las 24 horas del d\u00eda, los 7 d\u00edas de la semana, los 365 d\u00edas del a\u00f1o.<\/p>\n<p>Tambi\u00e9n puede recibir actualizaciones por mensaje de texto con los recursos de salud de Mid Shore. Reg\u00edstrese enviando un mensaje de texto a MidShore al 898-211.<\/p>\n\t\t<h3>\t\n\tReciba alertas de texto de MidShore<\/h3><p>Obtenga actualizaciones por mensaje de texto con recursos de la comunidad. Reg\u00edstrese enviando un mensaje de texto a MidShore al 898-211.<\/p>\n\t\t<h4><a href=\"\/es\/recursos\/envejecimiento-discapacidad\/?utm_source=Home&#038;utm_medium=Referral&#038;utm_campaign=211Resources&#038;utm_content=Aging\" target=\"_self\">Envejecimiento y discapacidad<\/a><\/h4>\n\t\t\t\t<a href=\"\/es\/recursos\/envejecimiento-discapacidad\/?utm_source=Home&#038;utm_medium=Referral&#038;utm_campaign=211Resources&#038;utm_content=Aging\"  target=\"_self\" itemprop=\"url\">\n\t\t\t\t<img decoding=\"async\" src=\"https:\/\/211md.org\/wp-content\/uploads\/bb-plugin\/cache\/2025_MdInfoNet_Icon-Sets_Aging-disability-square-c466727102cae71e5f27b8539bb51945-.png\" alt=\"\" itemprop=\"image\" onerror=\"this.style.display='none'\" loading=\"lazy\" \/>\n\t\t\t\t<\/a>\n\t\t<h4><a href=\"\/es\/recursos\/ninos-familias\/?utm_source=Home&#038;utm_medium=Referral&#038;utm_campaign=211Resources&#038;utm_content=Children\" target=\"_self\">Ni\u00f1os y familias<\/a><\/h4>\n\t\t\t\t<a href=\"\/es\/recursos\/ninos-familias\/?utm_source=Home&#038;utm_medium=Referral&#038;utm_campaign=211Resources&#038;utm_content=Children\"  target=\"_self\" itemprop=\"url\">\n\t\t\t\t<img decoding=\"async\" src=\"https:\/\/211md.org\/wp-content\/uploads\/bb-plugin\/cache\/2025_211_Icon-Sets_Child-care-square-f3b0d4edab3dcc467fadb5f55f4064c6-.png\" alt=\"2025_211_Conjuntos de iconos_Cuidado infantil\" itemprop=\"image\" height=\"417\" width=\"417\" title=\"2025_211_Conjuntos de iconos_Cuidado infantil\" onerror=\"this.style.display='none'\" loading=\"lazy\" \/>\n\t\t\t\t<\/a>\n\t\t<h4><a href=\"\/es\/recursos\/violencia-domestica-familiar\/?utm_source=Home&#038;utm_medium=Referral&#038;utm_campaign=211Resources&#038;utm_content=Domestic\" target=\"_self\">Violencia dom\u00e9stica<\/a><\/h4>\n\t\t\t\t<a href=\"\/es\/recursos\/violencia-domestica-familiar\/?utm_source=Home&#038;utm_medium=Referral&#038;utm_campaign=211Resources&#038;utm_content=Domestic\"  target=\"_self\" itemprop=\"url\">\n\t\t\t\t<img decoding=\"async\" src=\"https:\/\/211md.org\/wp-content\/uploads\/bb-plugin\/cache\/2025_211_Icon-Sets_Domestic-Violence-square-7b597694a6f05fe90cdc376aa573bc63-.png\" alt=\"Icono de violencia dom\u00e9stica\" itemprop=\"image\" height=\"417\" width=\"417\" title=\"2025_211_Conjuntos de iconos_Violencia dom\u00e9stica\" onerror=\"this.style.display='none'\" loading=\"lazy\" \/>\n\t\t\t\t<\/a>\n\t\t<h4><a href=\"\/es\/recursos\/busqueda-de-empleo\/?utm_source=Home&#038;utm_medium=Referral&#038;utm_campaign=211Resources&#038;utm_content=Employment\" target=\"_self\">Empleo<\/a><\/h4>\n\t\t\t\t<a href=\"\/es\/recursos\/busqueda-de-empleo\/?utm_source=Home&#038;utm_medium=Referral&#038;utm_campaign=211Resources&#038;utm_content=Employment\"  target=\"_self\" itemprop=\"url\">\n\t\t\t\t<img decoding=\"async\" src=\"https:\/\/211md.org\/wp-content\/uploads\/bb-plugin\/cache\/2025_MdInfoNet_Icon-Sets_Employment-square-44707bd410e4df10a470bf130ebcea86-.png\" alt=\"\" itemprop=\"image\" onerror=\"this.style.display='none'\" loading=\"lazy\" \/>\n\t\t\t\t<\/a>\n\t\t<h4><a href=\"\/es\/recursos\/cuidado-de-la-salud\/?utm_source=Home&#038;utm_medium=Referral&#038;utm_campaign=211Resources&#038;utm_content=Health%20Care\" target=\"_self\">Cuidado de la salud<\/a><\/h4>\n\t\t\t\t<a href=\"\/es\/recursos\/cuidado-de-la-salud\/?utm_source=Home&#038;utm_medium=Referral&#038;utm_campaign=211Resources&#038;utm_content=Health%20Care\"  target=\"_self\" itemprop=\"url\">\n\t\t\t\t<img decoding=\"async\" src=\"https:\/\/211md.org\/wp-content\/uploads\/bb-plugin\/cache\/2025_MdInfoNet_Icon-Sets_Health-Care-square-dee98a0060cbe0e7f27eda253fc12679-.png\" alt=\"\" itemprop=\"image\" onerror=\"this.style.display='none'\" loading=\"lazy\" \/>\n\t\t\t\t<\/a>\n\t\t<h4><a href=\"\/es\/recursos\/ninos-familias\/parentesco\/?utm_source=Home&#038;utm_medium=Referral&#038;utm_campaign=211Resources&#038;utm_content=Kinship\" target=\"_self\">Parentesco<\/a><\/h4>\n\t\t\t\t<a href=\"\/es\/recursos\/ninos-familias\/parentesco\/?utm_source=Home&#038;utm_medium=Referral&#038;utm_campaign=211Resources&#038;utm_content=Kinship\"  target=\"_self\" itemprop=\"url\">\n\t\t\t\t<img decoding=\"async\" src=\"https:\/\/211md.org\/wp-content\/uploads\/bb-plugin\/cache\/2025_211_Icon-Sets_Kinship-square-45bdf872866f5735f842c32071109267-.png\" alt=\"Icono de parentesco\" itemprop=\"image\" height=\"417\" width=\"417\" title=\"2025_211_Conjuntos de iconos_Parentesco\" onerror=\"this.style.display='none'\" loading=\"lazy\" \/>\n\t\t\t\t<\/a>\n\t\t<h4><a href=\"\/es\/recursos\/servicios-legales\/?utm_source=Home&#038;utm_medium=Referral&#038;utm_campaign=211Resources&#038;utm_content=Legal\" target=\"_self\">Servicios Legales<\/a><\/h4>\n\t\t\t\t<a href=\"\/es\/recursos\/servicios-legales\/?utm_source=Home&#038;utm_medium=Referral&#038;utm_campaign=211Resources&#038;utm_content=Legal\"  target=\"_self\" itemprop=\"url\">\n\t\t\t\t<img decoding=\"async\" src=\"https:\/\/211md.org\/wp-content\/uploads\/bb-plugin\/cache\/2025_MdInfoNet_Icon-Sets_Legal-square-18fdf438feb8435588174d9046463257-.png\" alt=\"\" itemprop=\"image\" onerror=\"this.style.display='none'\" loading=\"lazy\" \/>\n\t\t\t\t<\/a>\n\t\t<h4><a href=\"\/es\/recursos\/salud-mental\/?utm_source=Home&#038;utm_medium=Referral&#038;utm_campaign=211Resources&#038;utm_content=Mental\" target=\"_self\">Salud mental<\/a><\/h4>\n\t\t\t\t<a href=\"\/es\/recursos\/salud-mental\/?utm_source=Home&#038;utm_medium=Referral&#038;utm_campaign=211Resources&#038;utm_content=Mental\"  target=\"_self\" itemprop=\"url\">\n\t\t\t\t<img decoding=\"async\" src=\"https:\/\/211md.org\/wp-content\/uploads\/bb-plugin\/cache\/2025_MdInfoNet_Icon-Sets_Mental-Health-square-c59b38c4a993a947d4c9280fbe2d2fee-.png\" alt=\"\" itemprop=\"image\" onerror=\"this.style.display='none'\" loading=\"lazy\" \/>\n\t\t\t\t<\/a>\n\t\t<h4><a href=\"\/es\/recursos\/mdreentry\/?utm_source=Home&#038;utm_medium=Referral&#038;utm_campaign=211Resources&#038;utm_content=Reentry\" target=\"_self\">Reentrada<\/a><\/h4>\n\t\t\t\t<a href=\"\/es\/recursos\/mdreentry\/?utm_source=Home&#038;utm_medium=Referral&#038;utm_campaign=211Resources&#038;utm_content=Reentry\"  target=\"_self\" itemprop=\"url\">\n\t\t\t\t<img decoding=\"async\" src=\"https:\/\/211md.org\/wp-content\/uploads\/bb-plugin\/cache\/2025_211_Icon-Sets_Reentry-square-8676fea38abd920a832f45642fe31cca-.png\" alt=\"Icono de reentrada\" itemprop=\"image\" height=\"417\" width=\"417\" title=\"2025_211_Conjuntos de iconos_Reentrada\" onerror=\"this.style.display='none'\" loading=\"lazy\" \/>\n\t\t\t\t<\/a>\n\t\t<h4><a href=\"\/es\/recursos\/consumo-de-sustancias\/?utm_source=Home&#038;utm_medium=Referral&#038;utm_campaign=211Resources&#038;utm_content=Substance\" target=\"_self\">Uso de sustancias<\/a><\/h4>\n\t\t\t\t<a href=\"\/es\/recursos\/consumo-de-sustancias\/?utm_source=Home&#038;utm_medium=Referral&#038;utm_campaign=211Resources&#038;utm_content=Substance\"  target=\"_self\" itemprop=\"url\">\n\t\t\t\t<img decoding=\"async\" src=\"https:\/\/211md.org\/wp-content\/uploads\/bb-plugin\/cache\/2025_MdInfoNet_Icon-Sets_Substance-Abuse-square-9022fec9d18a64118ad685c101885b55-.png\" alt=\"\" itemprop=\"image\" onerror=\"this.style.display='none'\" loading=\"lazy\" \/>\n\t\t\t\t<\/a>\n\t\t<h4><a href=\"\/es\/recursos\/veteranos\/?utm_source=Home&#038;utm_medium=Referral&#038;utm_campaign=211Resources&#038;utm_content=Veterans\" target=\"_self\">veteranos<\/a><\/h4>\n\t\t\t\t<a href=\"\/es\/recursos\/veteranos\/?utm_source=Home&#038;utm_medium=Referral&#038;utm_campaign=211Resources&#038;utm_content=Veterans\"  target=\"_self\" itemprop=\"url\">\n\t\t\t\t<img decoding=\"async\" src=\"https:\/\/211md.org\/wp-content\/uploads\/bb-plugin\/cache\/2025_MdInfoNet_Icon-Sets_Rating-square-6e60d00cce4faa8e0a6d4ad7366aa733-.png\" alt=\"\" itemprop=\"image\" onerror=\"this.style.display='none'\" loading=\"lazy\" \/>\n\t\t\t\t<\/a>","protected":false},"excerpt":{"rendered":"<p>Encuentre recursos cerca de m\u00ed. Busque ahora. Agregue su agencia u organizaci\u00f3n a nuestra base de datos de recursos. \u00bfNecesita alimentos o apoyo financiero de emergencia para vivienda o facturas de servicios p\u00fablicos? El 211 puede ayudarle con estas y otras necesidades. Busque entre m\u00e1s de 7,000 recursos en Maryland o llame al 211 para hablar con un especialista en informaci\u00f3n y referencias del 211 y encontrar...<\/p>","protected":false},"author":8,"featured_media":0,"parent":750,"menu_order":0,"comment_status":"closed","ping_status":"closed","template":"","meta":{"footnotes":""},"class_list":["post-1690","page","type-page","status-publish","hentry"],"_links":{"self":[{"href":"https:\/\/211md.org\/es\/wp-json\/wp\/v2\/pages\/1690","targetHints":{"allow":["GET"]}}],"collection":[{"href":"https:\/\/211md.org\/es\/wp-json\/wp\/v2\/pages"}],"about":[{"href":"https:\/\/211md.org\/es\/wp-json\/wp\/v2\/types\/page"}],"author":[{"embeddable":true,"href":"https:\/\/211md.org\/es\/wp-json\/wp\/v2\/users\/8"}],"replies":[{"embeddable":true,"href":"https:\/\/211md.org\/es\/wp-json\/wp\/v2\/comments?post=1690"}],"version-history":[{"count":3,"href":"https:\/\/211md.org\/es\/wp-json\/wp\/v2\/pages\/1690\/revisions"}],"predecessor-version":[{"id":34088,"href":"https:\/\/211md.org\/es\/wp-json\/wp\/v2\/pages\/1690\/revisions\/34088"}],"up":[{"embeddable":true,"href":"https:\/\/211md.org\/es\/wp-json\/wp\/v2\/pages\/750"}],"wp:attachment":[{"href":"https:\/\/211md.org\/es\/wp-json\/wp\/v2\/media?parent=1690"}],"curies":[{"name":"Gracias","href":"https:\/\/api.w.org\/{rel}","templated":true}]}}