{"id":1692,"date":"2021-05-12T00:23:57","date_gmt":"2021-05-12T00:23:57","guid":{"rendered":"https:\/\/211md.org\/?page_id=1692"},"modified":"2025-10-29T07:09:44","modified_gmt":"2025-10-29T11:09:44","slug":"condado-de-st-marys","status":"publish","type":"page","link":"https:\/\/211md.org\/es\/resources-by-county\/st-marys-county\/","title":{"rendered":"Condado de Santa Mar\u00eda"},"content":{"rendered":"<h2><a href=\"https:\/\/search.211md.org\/\" target=\"_blank\"  rel=\"noopener\">Encuentre recursos cerca de m\u00ed<\/a><\/h2>\n\t\t\t<a href=\"https:\/\/search.211md.org\/\" target=\"_blank\" rel=\"noopener\">\n\t\t\t\t\t\t\tBuscar ahora\n\t\t\t<\/a>\n\t<p><strong><a href=\"\/es\/unirse-a-nuestra-base-de-datos\/\">Agregue su agencia u organizaci\u00f3n a nuestra base de datos de recursos.<\/a><\/strong><\/p>\n<p>Ya sea que viva en Leonardtown, California, Lexington Park, Mechanicsville, Charlotte Hall, Golden Beach, Oakley, Abell u otra ciudad del condado de St. Mary, hay ayuda disponible las 24 horas, los 7 d\u00edas de la semana, los 365 d\u00edas del a\u00f1o.<\/p>\n<p>Marque 2-1-1 o busque en la base de datos.<\/p>\n<h3><b>Necesidades generales: comida, alquiler, servicios p\u00fablicos<\/b><\/h3>\n<p>Hay varias despensas de alimentos en el condado de St. Mary.\u00a0<a href=\"https:\/\/www.firstsaints.org\/food-crisis\" target=\"_blank\" rel=\"noopener\">Primera Iglesia Comunitaria de los Santos Panes y Peces<\/a>\u00a0El comedor comunitario y la despensa de alimentos ofrecen comidas calientes y productos enlatados a los necesitados.<\/p>\n<p>Si necesita comida, tambi\u00e9n puede consultar la lista de proveedores m\u00e1s reciente en el\u00a0<a href=\"https:\/\/southernmarylandfoodbank.com\/st-marys-pantries\/\" target=\"_blank\" rel=\"noopener\">Banco de alimentos y servicios de extensi\u00f3n del sur de Maryland<\/a>\u00a0y el\u00a0<a href=\"https:\/\/search.211md.org\/search\/c299058c5843602dfddd64b40166f0e2\" target=\"_blank\" rel=\"noopener\">base de datos 211<\/a>.<\/p>\n<p>Si necesita ayuda para pagar su factura de servicios p\u00fablicos o alquiler, comprar medicamentos recetados o alimentos, o tiene otra necesidad de emergencia, comun\u00edquese con\u00a0<a href=\"https:\/\/search.211md.org\/search\/c299058c5843602dfddd64b40166f0e2\" target=\"_blank\" rel=\"noopener\">Ayudar a superar los problemas de forma eficaz<\/a>\u00a0(ESPERANZA) de Santa Mar\u00eda.<\/p>\n<p>Para obtener asistencia con la factura de servicios p\u00fablicos, tambi\u00e9n puede comunicarse con el\u00a0<a href=\"https:\/\/www.smtccac.org\/\" target=\"_blank\" rel=\"noopener\">Comit\u00e9 de Acci\u00f3n Comunitaria de los Tres Condados del Sur de Maryland<\/a>\u00a0(SMTCCAC, Inc.). Pueden responder preguntas y ayudar a completar solicitudes para residentes elegibles por ingresos que soliciten una\u00a0<a href=\"https:\/\/www.smtccac.org\/office-of-home-energy-program.aspx\" target=\"_blank\" rel=\"noopener\">Subvenci\u00f3n de asistencia energ\u00e9tica para calefacci\u00f3n o electricidad.<\/a>\u00a0en el condado de St. Mary.<\/p>\n<p>La agencia tambi\u00e9n ofrece asesoramiento sobre vivienda, vivienda asequible, COVID-19.\u00a0<a href=\"https:\/\/www.smtccac.org\/covid19-emergency-assistance.aspx\" target=\"_blank\" rel=\"noopener\">asistencia de emergencia con facturas de alquiler y agua<\/a>\u00a0para aquellos afectados por la pandemia y un\u00a0<a href=\"https:\/\/www.smtccac.org\/documents\/StMaryCountyFoodpantries.pdf\" target=\"_blank\" rel=\"noopener\">lista de despensas de alimentos y comedores comunitarios en el condado de St. Mary&#039;s<\/a>.<\/p>\n<p>&nbsp;<\/p>\n<h3><b>Buscar ayuda por categor\u00eda\u00a0<\/b><\/h3>\n<p>Si no puede encontrar lo que busca, busque en un condado cercano, ya que hay superposici\u00f3n en el \u00e1rea de los tres condados.<\/p>\n<p>Un especialista en informaci\u00f3n y referencias de la red de centros de llamadas 211 de Maryland tambi\u00e9n puede escuchar su historia y conectarlo con el mejor recurso. Marque 2-1-1.<\/p>\n<p>Tambi\u00e9n puede buscar un recurso por categor\u00eda.<\/p>\n\t\t<h4><a href=\"\/es\/recursos\/envejecimiento-discapacidad\/?utm_source=Home&#038;utm_medium=Referral&#038;utm_campaign=211Resources&#038;utm_content=Aging\" target=\"_self\">Envejecimiento y discapacidad<\/a><\/h4>\n\t\t\t\t<a href=\"\/es\/recursos\/envejecimiento-discapacidad\/?utm_source=Home&#038;utm_medium=Referral&#038;utm_campaign=211Resources&#038;utm_content=Aging\"  target=\"_self\" itemprop=\"url\">\n\t\t\t\t<img decoding=\"async\" src=\"https:\/\/211md.org\/wp-content\/uploads\/bb-plugin\/cache\/2025_MdInfoNet_Icon-Sets_Aging-disability-square-c466727102cae71e5f27b8539bb51945-.png\" alt=\"\" itemprop=\"image\" onerror=\"this.style.display='none'\" loading=\"lazy\" \/>\n\t\t\t\t<\/a>\n\t\t<h4><a href=\"\/es\/recursos\/ninos-familias\/?utm_source=Home&#038;utm_medium=Referral&#038;utm_campaign=211Resources&#038;utm_content=Children\" target=\"_self\">Ni\u00f1os y familias<\/a><\/h4>\n\t\t\t\t<a href=\"\/es\/recursos\/ninos-familias\/?utm_source=Home&#038;utm_medium=Referral&#038;utm_campaign=211Resources&#038;utm_content=Children\"  target=\"_self\" itemprop=\"url\">\n\t\t\t\t<img decoding=\"async\" src=\"https:\/\/211md.org\/wp-content\/uploads\/bb-plugin\/cache\/2025_211_Icon-Sets_Child-care-square-f3b0d4edab3dcc467fadb5f55f4064c6-.png\" alt=\"2025_211_Conjuntos de iconos_Cuidado infantil\" itemprop=\"image\" height=\"417\" width=\"417\" title=\"2025_211_Conjuntos de iconos_Cuidado infantil\" onerror=\"this.style.display='none'\" loading=\"lazy\" \/>\n\t\t\t\t<\/a>\n\t\t<h4><a href=\"\/es\/recursos\/violencia-domestica-familiar\/?utm_source=Home&#038;utm_medium=Referral&#038;utm_campaign=211Resources&#038;utm_content=Domestic\" target=\"_self\">Violencia dom\u00e9stica<\/a><\/h4>\n\t\t\t\t<a href=\"\/es\/recursos\/violencia-domestica-familiar\/?utm_source=Home&#038;utm_medium=Referral&#038;utm_campaign=211Resources&#038;utm_content=Domestic\"  target=\"_self\" itemprop=\"url\">\n\t\t\t\t<img decoding=\"async\" src=\"https:\/\/211md.org\/wp-content\/uploads\/bb-plugin\/cache\/2025_211_Icon-Sets_Domestic-Violence-square-7b597694a6f05fe90cdc376aa573bc63-.png\" alt=\"Icono de violencia dom\u00e9stica\" itemprop=\"image\" height=\"417\" width=\"417\" title=\"2025_211_Conjuntos de iconos_Violencia dom\u00e9stica\" onerror=\"this.style.display='none'\" loading=\"lazy\" \/>\n\t\t\t\t<\/a>\n\t\t<h4><a href=\"\/es\/recursos\/busqueda-de-empleo\/?utm_source=Home&#038;utm_medium=Referral&#038;utm_campaign=211Resources&#038;utm_content=Employment\" target=\"_self\">Empleo<\/a><\/h4>\n\t\t\t\t<a href=\"\/es\/recursos\/busqueda-de-empleo\/?utm_source=Home&#038;utm_medium=Referral&#038;utm_campaign=211Resources&#038;utm_content=Employment\"  target=\"_self\" itemprop=\"url\">\n\t\t\t\t<img decoding=\"async\" src=\"https:\/\/211md.org\/wp-content\/uploads\/bb-plugin\/cache\/2025_MdInfoNet_Icon-Sets_Employment-square-44707bd410e4df10a470bf130ebcea86-.png\" alt=\"\" itemprop=\"image\" onerror=\"this.style.display='none'\" loading=\"lazy\" \/>\n\t\t\t\t<\/a>\n\t\t<h4><a href=\"\/es\/recursos\/cuidado-de-la-salud\/?utm_source=Home&#038;utm_medium=Referral&#038;utm_campaign=211Resources&#038;utm_content=Health%20Care\" target=\"_self\">Cuidado de la salud<\/a><\/h4>\n\t\t\t\t<a href=\"\/es\/recursos\/cuidado-de-la-salud\/?utm_source=Home&#038;utm_medium=Referral&#038;utm_campaign=211Resources&#038;utm_content=Health%20Care\"  target=\"_self\" itemprop=\"url\">\n\t\t\t\t<img decoding=\"async\" src=\"https:\/\/211md.org\/wp-content\/uploads\/bb-plugin\/cache\/2025_MdInfoNet_Icon-Sets_Health-Care-square-dee98a0060cbe0e7f27eda253fc12679-.png\" alt=\"\" itemprop=\"image\" onerror=\"this.style.display='none'\" loading=\"lazy\" \/>\n\t\t\t\t<\/a>\n\t\t<h4><a href=\"\/es\/recursos\/ninos-familias\/parentesco\/?utm_source=Home&#038;utm_medium=Referral&#038;utm_campaign=211Resources&#038;utm_content=Kinship\" target=\"_self\">Parentesco<\/a><\/h4>\n\t\t\t\t<a href=\"\/es\/recursos\/ninos-familias\/parentesco\/?utm_source=Home&#038;utm_medium=Referral&#038;utm_campaign=211Resources&#038;utm_content=Kinship\"  target=\"_self\" itemprop=\"url\">\n\t\t\t\t<img decoding=\"async\" src=\"https:\/\/211md.org\/wp-content\/uploads\/bb-plugin\/cache\/2025_211_Icon-Sets_Kinship-square-45bdf872866f5735f842c32071109267-.png\" alt=\"Icono de parentesco\" itemprop=\"image\" height=\"417\" width=\"417\" title=\"2025_211_Conjuntos de iconos_Parentesco\" onerror=\"this.style.display='none'\" loading=\"lazy\" \/>\n\t\t\t\t<\/a>\n\t\t<h4><a href=\"\/es\/recursos\/servicios-legales\/?utm_source=Home&#038;utm_medium=Referral&#038;utm_campaign=211Resources&#038;utm_content=Legal\" target=\"_self\">Servicios Legales<\/a><\/h4>\n\t\t\t\t<a href=\"\/es\/recursos\/servicios-legales\/?utm_source=Home&#038;utm_medium=Referral&#038;utm_campaign=211Resources&#038;utm_content=Legal\"  target=\"_self\" itemprop=\"url\">\n\t\t\t\t<img decoding=\"async\" src=\"https:\/\/211md.org\/wp-content\/uploads\/bb-plugin\/cache\/2025_MdInfoNet_Icon-Sets_Legal-square-18fdf438feb8435588174d9046463257-.png\" alt=\"\" itemprop=\"image\" onerror=\"this.style.display='none'\" loading=\"lazy\" \/>\n\t\t\t\t<\/a>\n\t\t<h4><a href=\"\/es\/recursos\/salud-mental\/?utm_source=Home&#038;utm_medium=Referral&#038;utm_campaign=211Resources&#038;utm_content=Mental\" target=\"_self\">Salud mental<\/a><\/h4>\n\t\t\t\t<a href=\"\/es\/recursos\/salud-mental\/?utm_source=Home&#038;utm_medium=Referral&#038;utm_campaign=211Resources&#038;utm_content=Mental\"  target=\"_self\" itemprop=\"url\">\n\t\t\t\t<img decoding=\"async\" src=\"https:\/\/211md.org\/wp-content\/uploads\/bb-plugin\/cache\/2025_MdInfoNet_Icon-Sets_Mental-Health-square-c59b38c4a993a947d4c9280fbe2d2fee-.png\" alt=\"\" itemprop=\"image\" onerror=\"this.style.display='none'\" loading=\"lazy\" \/>\n\t\t\t\t<\/a>\n\t\t<h4><a href=\"\/es\/recursos\/mdreentry\/?utm_source=Home&#038;utm_medium=Referral&#038;utm_campaign=211Resources&#038;utm_content=Reentry\" target=\"_self\">Reentrada<\/a><\/h4>\n\t\t\t\t<a href=\"\/es\/recursos\/mdreentry\/?utm_source=Home&#038;utm_medium=Referral&#038;utm_campaign=211Resources&#038;utm_content=Reentry\"  target=\"_self\" itemprop=\"url\">\n\t\t\t\t<img decoding=\"async\" src=\"https:\/\/211md.org\/wp-content\/uploads\/bb-plugin\/cache\/2025_211_Icon-Sets_Reentry-square-8676fea38abd920a832f45642fe31cca-.png\" alt=\"Icono de reentrada\" itemprop=\"image\" height=\"417\" width=\"417\" title=\"2025_211_Conjuntos de iconos_Reentrada\" onerror=\"this.style.display='none'\" loading=\"lazy\" \/>\n\t\t\t\t<\/a>\n\t\t<h4><a href=\"\/es\/recursos\/consumo-de-sustancias\/?utm_source=Home&#038;utm_medium=Referral&#038;utm_campaign=211Resources&#038;utm_content=Substance\" target=\"_self\">Uso de sustancias<\/a><\/h4>\n\t\t\t\t<a href=\"\/es\/recursos\/consumo-de-sustancias\/?utm_source=Home&#038;utm_medium=Referral&#038;utm_campaign=211Resources&#038;utm_content=Substance\"  target=\"_self\" itemprop=\"url\">\n\t\t\t\t<img decoding=\"async\" src=\"https:\/\/211md.org\/wp-content\/uploads\/bb-plugin\/cache\/2025_MdInfoNet_Icon-Sets_Substance-Abuse-square-9022fec9d18a64118ad685c101885b55-.png\" alt=\"\" itemprop=\"image\" onerror=\"this.style.display='none'\" loading=\"lazy\" \/>\n\t\t\t\t<\/a>\n\t\t<h4><a href=\"\/es\/recursos\/veteranos\/?utm_source=Home&#038;utm_medium=Referral&#038;utm_campaign=211Resources&#038;utm_content=Veterans\" target=\"_self\">veteranos<\/a><\/h4>\n\t\t\t\t<a href=\"\/es\/recursos\/veteranos\/?utm_source=Home&#038;utm_medium=Referral&#038;utm_campaign=211Resources&#038;utm_content=Veterans\"  target=\"_self\" itemprop=\"url\">\n\t\t\t\t<img decoding=\"async\" src=\"https:\/\/211md.org\/wp-content\/uploads\/bb-plugin\/cache\/2025_MdInfoNet_Icon-Sets_Rating-square-6e60d00cce4faa8e0a6d4ad7366aa733-.png\" alt=\"\" itemprop=\"image\" onerror=\"this.style.display='none'\" loading=\"lazy\" \/>\n\t\t\t\t<\/a>","protected":false},"excerpt":{"rendered":"<p>Encuentre recursos cerca de m\u00ed Buscar ahora Agregue su agencia u organizaci\u00f3n a nuestra base de datos de recursos. Ya sea que viva en Leonardtown, California, Lexington Park, Mechanicsville, Charlotte Hall, Golden Beach, Oakley, Abell u otra ciudad del condado de St. Mary, hay ayuda disponible las 24 horas, los 7 d\u00edas de la semana, los 365 d\u00edas del a\u00f1o. Marque 2-1-1 o busque en la base de datos. Necesidades generales: comida, alquiler, servicios p\u00fablicos. Hay varios...<\/p>","protected":false},"author":8,"featured_media":0,"parent":750,"menu_order":0,"comment_status":"closed","ping_status":"closed","template":"","meta":{"footnotes":""},"class_list":["post-1692","page","type-page","status-publish","hentry"],"_links":{"self":[{"href":"https:\/\/211md.org\/es\/wp-json\/wp\/v2\/pages\/1692","targetHints":{"allow":["GET"]}}],"collection":[{"href":"https:\/\/211md.org\/es\/wp-json\/wp\/v2\/pages"}],"about":[{"href":"https:\/\/211md.org\/es\/wp-json\/wp\/v2\/types\/page"}],"author":[{"embeddable":true,"href":"https:\/\/211md.org\/es\/wp-json\/wp\/v2\/users\/8"}],"replies":[{"embeddable":true,"href":"https:\/\/211md.org\/es\/wp-json\/wp\/v2\/comments?post=1692"}],"version-history":[{"count":2,"href":"https:\/\/211md.org\/es\/wp-json\/wp\/v2\/pages\/1692\/revisions"}],"predecessor-version":[{"id":34093,"href":"https:\/\/211md.org\/es\/wp-json\/wp\/v2\/pages\/1692\/revisions\/34093"}],"up":[{"embeddable":true,"href":"https:\/\/211md.org\/es\/wp-json\/wp\/v2\/pages\/750"}],"wp:attachment":[{"href":"https:\/\/211md.org\/es\/wp-json\/wp\/v2\/media?parent=1692"}],"curies":[{"name":"Gracias","href":"https:\/\/api.w.org\/{rel}","templated":true}]}}