{"id":1693,"date":"2021-05-12T00:24:06","date_gmt":"2021-05-12T00:24:06","guid":{"rendered":"https:\/\/211md.org\/?page_id=1693"},"modified":"2025-10-29T07:00:11","modified_gmt":"2025-10-29T11:00:11","slug":"condado-de-charles","status":"publish","type":"page","link":"https:\/\/211md.org\/es\/resources-by-county\/charles-county\/","title":{"rendered":"Condado de Charles"},"content":{"rendered":"<h2><a href=\"https:\/\/search.211md.org\/\" target=\"_blank\"  rel=\"noopener\">Encuentre recursos cerca de m\u00ed<\/a><\/h2>\n\t\t\t<a href=\"https:\/\/search.211md.org\/\" target=\"_blank\" rel=\"noopener\">\n\t\t\t\t\t\t\tBuscar ahora\n\t\t\t<\/a>\n\t<p><strong><a href=\"\/es\/unirse-a-nuestra-base-de-datos\/\">Agregue su agencia u organizaci\u00f3n a nuestra base de datos de recursos.<\/a><\/strong><\/p>\n<p>211 te respalda en el condado de Charles, para comunidades como Waldorf, Saint Charles, Bennsville, Accokeek, Hughesville, Indian Head, Potomac Heights, Pisgah, Holly Haven y otras ciudades cercanas.<\/p>\n\t\t<h2>\t\n\tMarque 211<\/h2><p>Con\u00e9ctese a recursos de la comunidad y soporte las 24 horas del d\u00eda, los 7 d\u00edas de la semana, los 365 d\u00edas del a\u00f1o.<\/p>\n\t<h2>Encontrar comida en el condado de Charles<\/h2>\n<p>Charles County Food Connection es un conjunto de organizaciones locales comprometidas a facilitar la b\u00fasqueda de despensas de alimentos en el \u00e1rea. El esfuerzo de acceso \u00fanico a los alimentos facilita la b\u00fasqueda de eventos de distribuci\u00f3n desde el veh\u00edculo y ubicaciones de despensas en el condado de Charles.<\/p>\n<p>Puede ver la lista de 40 despensas en ciudades de todo el condado de Charles, como Waldorf, Nanjemoy, La Plata, White Plains, Hughesville, Port Tobacco, Bryans Road, Indian Head y Pomfret. Elige la mejor manera de encontrar comida cerca de ti:<\/p>\n<ul>\n<li><a href=\"https:\/\/charlescountyfoodconnection.org\/about\/\" target=\"_blank\" rel=\"noopener\">Encuentra despensas de alimentos por tu c\u00f3digo postal<\/a> c\u00f3digo.<\/li>\n<li>Ver el <a href=\"https:\/\/charlescountyfoodconnection.org\/events\/\" target=\"_blank\" rel=\"noopener\">Calendario de pr\u00f3ximos eventos gastron\u00f3micos.<\/a><\/li>\n<li>Marque 211<\/li>\n<li>Descargue una lista de m\u00e1s de 40 despensas.<\/li>\n<\/ul>\n\t\t<h3><a href=\"http:\/\/211md.org\/wp-content\/uploads\/2023\/12\/Charles_County_Food_Connection_Pantry_list_-_English.pdf\" target=\"_blank\" rel=\"noopener\">Lista de despensa de Food Connection del condado de Charles (ingl\u00e9s)<\/a><\/h3>\n\t\t\t\t<a href=\"http:\/\/211md.org\/wp-content\/uploads\/2023\/12\/Charles_County_Food_Connection_Pantry_list_-_English.pdf\" target=\"_blank\" rel=\"noopener\" itemprop=\"url\">\n\t\t\t\t<img decoding=\"async\" src=\"http:\/\/211md.org\/wp-content\/uploads\/2023\/12\/Charles_County_Food_Connection_Pantry_list_-_English.jpg\" alt=\"Charles_County_Food_Connection_Pantry_list_-_Ingl\u00e9s\" itemprop=\"image\" title=\"Charles_County_Food_Connection_Pantry_list_-_Ingl\u00e9s\" onerror=\"this.style.display='none'\" loading=\"lazy\" \/>\n\t\t\t\t<\/a>\n\t\t\t<a href=\"http:\/\/211md.org\/wp-content\/uploads\/2023\/12\/Charles_County_Food_Connection_Pantry_list_-_English.pdf\" target=\"_blank\" rel=\"noopener\">\n\t\t\t\t\t\t\tDescargar\n\t\t\t\t\t<\/a>\n\t\t<h3><a href=\"http:\/\/211md.org\/wp-content\/uploads\/2023\/12\/Charles_County_Food_Connection_Pantry_list_-Spanish.pdf\" target=\"_blank\" rel=\"noopener\">Lista de despensa de Food Connection del condado de Charles (espa\u00f1ol)<\/a><\/h3>\n\t\t\t\t<a href=\"http:\/\/211md.org\/wp-content\/uploads\/2023\/12\/Charles_County_Food_Connection_Pantry_list_-Spanish.pdf\" target=\"_blank\" rel=\"noopener\" itemprop=\"url\">\n\t\t\t\t<img decoding=\"async\" src=\"http:\/\/211md.org\/wp-content\/uploads\/2023\/12\/Charles_County_Food_Connection_Pantry_list_-Spanish.jpg\" alt=\"Charles_County_Food_Connection_Pantry_list_-Espa\u00f1ol\" itemprop=\"image\" title=\"Charles_County_Food_Connection_Pantry_list_-Espa\u00f1ol\" onerror=\"this.style.display='none'\" loading=\"lazy\" \/>\n\t\t\t\t<\/a>\n\t\t\t<a href=\"http:\/\/211md.org\/wp-content\/uploads\/2023\/12\/Charles_County_Food_Connection_Pantry_list_-Spanish.pdf\" target=\"_blank\" rel=\"noopener\">\n\t\t\t\t\t\t\tDescargar\n\t\t\t\t\t<\/a>\n\t<h3>Comidas de verano: almuerzo por nuestra cuenta<\/h3>\n<p>Si necesita ayuda con el almuerzo durante el verano, las Escuelas P\u00fablicas del Condado de Charles ofrecen comidas calientes gratuitas para cualquier ni\u00f1o entre 2 y 18 a\u00f1os. No es necesario ser residente del condado.<\/p>\n<p>El programa Lunch on Us est\u00e1 disponible durante el verano y la comida debe consumirse en el lugar. <a href=\"https:\/\/www.ccboe.com\/\" target=\"_blank\" rel=\"noopener\">Consulte con el distrito escolar<\/a> para las fechas y lugares.<\/p>\n<h2>Ayuda con programas de asistencia gubernamental (DSS)<\/h2>\n<p>El Departamento de Servicios Sociales del Condado de Charles puede ayudarlo a conectarse con programas gubernamentales que pueden ayudar a su familia y tambi\u00e9n con programas especializados que incluyen:<\/p>\n<ul>\n<li><a href=\"https:\/\/211md.org\/es\/recursos\/alimento\/cupones-de-alimentos\/\">QUEBRAR<\/a> (cupones de alimentos)<\/li>\n<li>TCA (Asistencia Temporal en Efectivo y TANF (Asistencia Temporal a Familias Necesitadas)<\/li>\n<li>Asistencia en efectivo de emergencia (EAFC)<\/li>\n<li>crianza de los hijos<\/li>\n<li>Paternidad<\/li>\n<li>M\u00e9dico<\/li>\n<li>Servicios de protecci\u00f3n infantil<\/li>\n<\/ul>\n<p>Si tiene alguna pregunta sobre manutenci\u00f3n infantil, cupones de alimentos u otro asunto individual, llame al centro de atenci\u00f3n al cliente al 1-800-332-6347.<\/p>\n<p>El Departamento de Servicios Sociales est\u00e1 ubicado en:<\/p>\n<p>200 Avenida Kent<\/p>\n<p>La Plata, Maryland 20646<\/p>\n<p>Lunes \u2013 viernes, 8 am \u2013 4 pm<\/p>\n<p>N\u00famero principal: 301-392-6400<\/p>\n<p>Centro de Llamadas para Casos Individuales: 1-800-332-6347<\/p>\n<h2>Apoyando a los pap\u00e1s<\/h2>\n<p>El programa de paternidad del condado de Charles ayuda a los hombres que desean participar en la vida de sus hijos. Puede ofrecerse como voluntario para participar o ser recomendado a trav\u00e9s de un socio comunitario local, los tribunales o el centro de detenci\u00f3n.<\/p>\n<p>El programa ayuda a los pap\u00e1s a superar barreras a trav\u00e9s de un programa de seis semanas que ofrece:<\/p>\n<ul>\n<li>habilidades para la vida<\/li>\n<li>apoyo<\/li>\n<li>Entrenamiento vocacional<\/li>\n<li>informaci\u00f3n y recursos<\/li>\n<\/ul>\n<p>Los temas incluyen:<\/p>\n<ul>\n<li>comprender el papel de un padre<\/li>\n<li>manejo del estr\u00e9s<\/li>\n<li>sobrellevar la situaci\u00f3n como padre soltero<\/li>\n<li>manutenci\u00f3n de los hijos<\/li>\n<li>volverse autosuficiente<\/li>\n<li>desarrollar habilidades para la vida<\/li>\n<\/ul>\n<p>Es un programa gratuito. <a href=\"https:\/\/charlescountydss.com\/fatherhood-and-motherhood\/\" target=\"_blank\" rel=\"noopener\">Con\u00e9ctese con el Programa de paternidad del condado de Charles<\/a>.<\/p>\n\t\t\t\t<img decoding=\"async\" src=\"http:\/\/211md.org\/wp-content\/uploads\/2023\/12\/dad-at-park-with-son-flying-a-kite.jpg\" alt=\"pap\u00e1 en el parque con su hijo volando una cometa\" itemprop=\"image\" title=\"pap\u00e1 en el parque con su hijo volando una cometa\" onerror=\"this.style.display='none'\" loading=\"lazy\" \/>\n\t\t\t\t<img decoding=\"async\" src=\"http:\/\/211md.org\/wp-content\/uploads\/2023\/12\/mom-feeding-child.jpg\" alt=\"mam\u00e1 alimentando al ni\u00f1o\" itemprop=\"image\" title=\"mam\u00e1 alimentando al ni\u00f1o\" onerror=\"this.style.display='none'\" loading=\"lazy\" \/>\n\t<h2>Mujeres, beb\u00e9s y ni\u00f1os (WIC) en el condado de Charles<\/h2>\n<p>El Departamento de Salud del condado de Charles brinda educaci\u00f3n nutricional, apoyo a la lactancia materna y alimentos complementarios saludables a trav\u00e9s de WIC. El programa ayuda a mujeres, beb\u00e9s y ni\u00f1os a tener un futuro m\u00e1s saludable.<\/p>\n<p>El programa est\u00e1 disponible para futuras mam\u00e1s, mam\u00e1s posparto y ni\u00f1os que califiquen. El programa est\u00e1 disponible para:<\/p>\n<ul>\n<li>Mujeres embarazadas y hasta 6 semanas despu\u00e9s del embarazo.<\/li>\n<li>Mujeres en posparto hasta 6 meses despu\u00e9s del nacimiento del ni\u00f1o.<\/li>\n<li>Mam\u00e1s que amamantan hasta el primer cumplea\u00f1os del beb\u00e9.<\/li>\n<li>Beb\u00e9s hasta su primer cumplea\u00f1os.<\/li>\n<li>Ni\u00f1os hasta 5 a\u00f1os.<\/li>\n<\/ul>\n<p>Se aplican otras pautas de calificaci\u00f3n.<\/p>\n<p>Hay oficinas en todo Maryland, incluidos los condados de Charles, Calvert y St. Mary&#039;s, y en Lexington Park, los consultorios m\u00e9dicos Solomons y el centro comunitario Nanjemoy. La disponibilidad puede variar seg\u00fan la ubicaci\u00f3n.<\/p>\n<p><a href=\"https:\/\/www.charlescountyhealth.org\/woman-infants-children-wic\/\" target=\"_blank\" rel=\"noopener\">Descubre si calificas<\/a> y sepa cu\u00e1ndo puede pasar por una ubicaci\u00f3n cercana.<\/p>\n<h3>Departamento de Salud del Condado de Charles<\/h3>\n<p>El Departamento de Salud tambi\u00e9n brinda varios otros servicios, incluidos programas para:<\/p>\n<ul>\n<li>Mejora tu salud\n<ul>\n<li>Ejemplos:\n<ul>\n<li>perder peso<\/li>\n<li>manejar enfermedades cronicas<\/li>\n<li>prevenci\u00f3n de diabetes y m\u00e1s<\/li>\n<\/ul>\n<\/li>\n<\/ul>\n<\/li>\n<li>Prevenci\u00f3n y pruebas del VIH<\/li>\n<li>cl\u00ednica dental<\/li>\n<li>vacunas<\/li>\n<li>ex\u00e1menes de detecci\u00f3n de c\u00e1ncer<\/li>\n<li>apoyo de salud conductual (salud mental y uso de sustancias)<\/li>\n<li>servicios para discapacitados<\/li>\n<\/ul>\n<p>Tambi\u00e9n existen otros programas que pueden ayudarle a usted y a su familia con su salud.<\/p>\n<p><a href=\"https:\/\/www.charlescountyhealth.org\/\" target=\"_blank\" rel=\"noopener\">Aprende m\u00e1s<\/a> sobre los programas ofrecidos por el Departamento de Salud del Condado de Charles y <a href=\"https:\/\/211md.org\/es\/recursos\/cuidado-de-la-salud\/seguro-de-salud\/\">programas de seguros<\/a> ofrecido por el estado de Maryland para apoyar a las familias que necesitan atenci\u00f3n m\u00e9dica.<\/p>\n<h2>Ayuda con necesidades esenciales<\/h2>\n<p><strong><a href=\"https:\/\/www.lifestylesofmd.org\/\" target=\"_blank\" rel=\"noopener\">Estilos de vida, Inc.<\/a><\/strong>\u00a0en La Plata brinda ayuda, esperanza y transformaci\u00f3n. Sus servicios incluyen comida, un armario de ropa comunitario, apoyo para vivienda, transporte, ayuda fiscal, asistencia fiscal y m\u00e1s.<\/p>\n<p>Tambi\u00e9n puede marcar 211 para conectarse con recursos esenciales.<\/p>\n<h3><b>Asistencia energ\u00e9tica<\/b><\/h3>\n<p>Si necesita asistencia energ\u00e9tica para reducir el costo de su factura de servicios p\u00fablicos o evitar un aviso de corte, existen\u00a0<strong><a href=\"https:\/\/211md.org\/es\/recursos\/asistencia-de-servicios-publicos\/\" target=\"_blank\" rel=\"noopener\">subvenciones disponibles a trav\u00e9s de la Oficina de Programas de Energ\u00eda para el Hogar<\/a><\/strong><strong>.<\/strong><\/p>\n<p>Si necesita ayuda para completar la solicitud o tiene preguntas sobre las pautas de ingresos o los detalles del programa, comun\u00edquese con el\u00a0<strong><a href=\"http:\/\/www.smtccac.org\/office-of-home-energy-program.aspx\" target=\"_blank\" rel=\"noopener\">Comit\u00e9 de Acci\u00f3n Comunitaria de los Tres Condados del Sur de Maryland<\/a><\/strong>\u00a0(SMTCCAC, Inc.) para obtener ayuda local con las subvenciones estatales para servicios p\u00fablicos.<\/p>\n<p>Tambi\u00e9n puede comunicarse con su empresa de servicios p\u00fablicos si se ha atrasado en el pago de sus facturas. Washington Gas y SMECO pueden proporcionarle un plan de pago para su situaci\u00f3n.<\/p>\n\t\t<h4><a href=\"\/es\/recursos\/envejecimiento-discapacidad\/?utm_source=Home&#038;utm_medium=Referral&#038;utm_campaign=211Resources&#038;utm_content=Aging\" target=\"_self\">Envejecimiento y discapacidad<\/a><\/h4>\n\t\t\t\t<a href=\"\/es\/recursos\/envejecimiento-discapacidad\/?utm_source=Home&#038;utm_medium=Referral&#038;utm_campaign=211Resources&#038;utm_content=Aging\"  target=\"_self\" itemprop=\"url\">\n\t\t\t\t<img decoding=\"async\" src=\"https:\/\/211md.org\/wp-content\/uploads\/bb-plugin\/cache\/2025_MdInfoNet_Icon-Sets_Aging-disability-square-c466727102cae71e5f27b8539bb51945-.png\" alt=\"\" itemprop=\"image\" onerror=\"this.style.display='none'\" loading=\"lazy\" \/>\n\t\t\t\t<\/a>\n\t\t<h4><a href=\"\/es\/recursos\/ninos-familias\/?utm_source=Home&#038;utm_medium=Referral&#038;utm_campaign=211Resources&#038;utm_content=Children\" target=\"_self\">Ni\u00f1os y familias<\/a><\/h4>\n\t\t\t\t<a href=\"\/es\/recursos\/ninos-familias\/?utm_source=Home&#038;utm_medium=Referral&#038;utm_campaign=211Resources&#038;utm_content=Children\"  target=\"_self\" itemprop=\"url\">\n\t\t\t\t<img decoding=\"async\" src=\"https:\/\/211md.org\/wp-content\/uploads\/bb-plugin\/cache\/2025_211_Icon-Sets_Child-care-square-f3b0d4edab3dcc467fadb5f55f4064c6-.png\" alt=\"2025_211_Conjuntos de iconos_Cuidado infantil\" itemprop=\"image\" height=\"417\" width=\"417\" title=\"2025_211_Conjuntos de iconos_Cuidado infantil\" onerror=\"this.style.display='none'\" loading=\"lazy\" \/>\n\t\t\t\t<\/a>\n\t\t<h4><a href=\"\/es\/recursos\/violencia-domestica-familiar\/?utm_source=Home&#038;utm_medium=Referral&#038;utm_campaign=211Resources&#038;utm_content=Domestic\" target=\"_self\">Violencia dom\u00e9stica<\/a><\/h4>\n\t\t\t\t<a href=\"\/es\/recursos\/violencia-domestica-familiar\/?utm_source=Home&#038;utm_medium=Referral&#038;utm_campaign=211Resources&#038;utm_content=Domestic\"  target=\"_self\" itemprop=\"url\">\n\t\t\t\t<img decoding=\"async\" src=\"https:\/\/211md.org\/wp-content\/uploads\/bb-plugin\/cache\/2025_211_Icon-Sets_Domestic-Violence-square-7b597694a6f05fe90cdc376aa573bc63-.png\" alt=\"Icono de violencia dom\u00e9stica\" itemprop=\"image\" height=\"417\" width=\"417\" title=\"2025_211_Conjuntos de iconos_Violencia dom\u00e9stica\" onerror=\"this.style.display='none'\" loading=\"lazy\" \/>\n\t\t\t\t<\/a>\n\t\t<h4><a href=\"\/es\/recursos\/busqueda-de-empleo\/?utm_source=Home&#038;utm_medium=Referral&#038;utm_campaign=211Resources&#038;utm_content=Employment\" target=\"_self\">Empleo<\/a><\/h4>\n\t\t\t\t<a href=\"\/es\/recursos\/busqueda-de-empleo\/?utm_source=Home&#038;utm_medium=Referral&#038;utm_campaign=211Resources&#038;utm_content=Employment\"  target=\"_self\" itemprop=\"url\">\n\t\t\t\t<img decoding=\"async\" src=\"https:\/\/211md.org\/wp-content\/uploads\/bb-plugin\/cache\/2025_MdInfoNet_Icon-Sets_Employment-square-44707bd410e4df10a470bf130ebcea86-.png\" alt=\"\" itemprop=\"image\" onerror=\"this.style.display='none'\" loading=\"lazy\" \/>\n\t\t\t\t<\/a>\n\t\t<h4><a href=\"\/es\/recursos\/cuidado-de-la-salud\/?utm_source=Home&#038;utm_medium=Referral&#038;utm_campaign=211Resources&#038;utm_content=Health%20Care\" target=\"_self\">Cuidado de la salud<\/a><\/h4>\n\t\t\t\t<a href=\"\/es\/recursos\/cuidado-de-la-salud\/?utm_source=Home&#038;utm_medium=Referral&#038;utm_campaign=211Resources&#038;utm_content=Health%20Care\"  target=\"_self\" itemprop=\"url\">\n\t\t\t\t<img decoding=\"async\" src=\"https:\/\/211md.org\/wp-content\/uploads\/bb-plugin\/cache\/2025_MdInfoNet_Icon-Sets_Health-Care-square-dee98a0060cbe0e7f27eda253fc12679-.png\" alt=\"\" itemprop=\"image\" onerror=\"this.style.display='none'\" loading=\"lazy\" \/>\n\t\t\t\t<\/a>\n\t\t<h4><a href=\"\/es\/recursos\/ninos-familias\/parentesco\/?utm_source=Home&#038;utm_medium=Referral&#038;utm_campaign=211Resources&#038;utm_content=Kinship\" target=\"_self\">Parentesco<\/a><\/h4>\n\t\t\t\t<a href=\"\/es\/recursos\/ninos-familias\/parentesco\/?utm_source=Home&#038;utm_medium=Referral&#038;utm_campaign=211Resources&#038;utm_content=Kinship\"  target=\"_self\" itemprop=\"url\">\n\t\t\t\t<img decoding=\"async\" src=\"https:\/\/211md.org\/wp-content\/uploads\/bb-plugin\/cache\/2025_211_Icon-Sets_Kinship-square-45bdf872866f5735f842c32071109267-.png\" alt=\"Icono de parentesco\" itemprop=\"image\" height=\"417\" width=\"417\" title=\"2025_211_Conjuntos de iconos_Parentesco\" onerror=\"this.style.display='none'\" loading=\"lazy\" \/>\n\t\t\t\t<\/a>\n\t\t<h4><a href=\"\/es\/recursos\/servicios-legales\/?utm_source=Home&#038;utm_medium=Referral&#038;utm_campaign=211Resources&#038;utm_content=Legal\" target=\"_self\">Servicios Legales<\/a><\/h4>\n\t\t\t\t<a href=\"\/es\/recursos\/servicios-legales\/?utm_source=Home&#038;utm_medium=Referral&#038;utm_campaign=211Resources&#038;utm_content=Legal\"  target=\"_self\" itemprop=\"url\">\n\t\t\t\t<img decoding=\"async\" src=\"https:\/\/211md.org\/wp-content\/uploads\/bb-plugin\/cache\/2025_MdInfoNet_Icon-Sets_Legal-square-18fdf438feb8435588174d9046463257-.png\" alt=\"\" itemprop=\"image\" onerror=\"this.style.display='none'\" loading=\"lazy\" \/>\n\t\t\t\t<\/a>\n\t\t<h4><a href=\"\/es\/recursos\/salud-mental\/?utm_source=Home&#038;utm_medium=Referral&#038;utm_campaign=211Resources&#038;utm_content=Mental\" target=\"_self\">Salud mental<\/a><\/h4>\n\t\t\t\t<a href=\"\/es\/recursos\/salud-mental\/?utm_source=Home&#038;utm_medium=Referral&#038;utm_campaign=211Resources&#038;utm_content=Mental\"  target=\"_self\" itemprop=\"url\">\n\t\t\t\t<img decoding=\"async\" src=\"https:\/\/211md.org\/wp-content\/uploads\/bb-plugin\/cache\/2025_MdInfoNet_Icon-Sets_Mental-Health-square-c59b38c4a993a947d4c9280fbe2d2fee-.png\" alt=\"\" itemprop=\"image\" onerror=\"this.style.display='none'\" loading=\"lazy\" \/>\n\t\t\t\t<\/a>\n\t\t<h4><a href=\"\/es\/recursos\/mdreentry\/?utm_source=Home&#038;utm_medium=Referral&#038;utm_campaign=211Resources&#038;utm_content=Reentry\" target=\"_self\">Reentrada<\/a><\/h4>\n\t\t\t\t<a href=\"\/es\/recursos\/mdreentry\/?utm_source=Home&#038;utm_medium=Referral&#038;utm_campaign=211Resources&#038;utm_content=Reentry\"  target=\"_self\" itemprop=\"url\">\n\t\t\t\t<img decoding=\"async\" src=\"https:\/\/211md.org\/wp-content\/uploads\/bb-plugin\/cache\/2025_211_Icon-Sets_Reentry-square-8676fea38abd920a832f45642fe31cca-.png\" alt=\"Icono de reentrada\" itemprop=\"image\" height=\"417\" width=\"417\" title=\"2025_211_Conjuntos de iconos_Reentrada\" onerror=\"this.style.display='none'\" loading=\"lazy\" \/>\n\t\t\t\t<\/a>\n\t\t<h4><a href=\"\/es\/recursos\/consumo-de-sustancias\/?utm_source=Home&#038;utm_medium=Referral&#038;utm_campaign=211Resources&#038;utm_content=Substance\" target=\"_self\">Uso de sustancias<\/a><\/h4>\n\t\t\t\t<a href=\"\/es\/recursos\/consumo-de-sustancias\/?utm_source=Home&#038;utm_medium=Referral&#038;utm_campaign=211Resources&#038;utm_content=Substance\"  target=\"_self\" itemprop=\"url\">\n\t\t\t\t<img decoding=\"async\" src=\"https:\/\/211md.org\/wp-content\/uploads\/bb-plugin\/cache\/2025_MdInfoNet_Icon-Sets_Substance-Abuse-square-9022fec9d18a64118ad685c101885b55-.png\" alt=\"\" itemprop=\"image\" onerror=\"this.style.display='none'\" loading=\"lazy\" \/>\n\t\t\t\t<\/a>\n\t\t<h4><a href=\"\/es\/recursos\/veteranos\/?utm_source=Home&#038;utm_medium=Referral&#038;utm_campaign=211Resources&#038;utm_content=Veterans\" target=\"_self\">veteranos<\/a><\/h4>\n\t\t\t\t<a href=\"\/es\/recursos\/veteranos\/?utm_source=Home&#038;utm_medium=Referral&#038;utm_campaign=211Resources&#038;utm_content=Veterans\"  target=\"_self\" itemprop=\"url\">\n\t\t\t\t<img decoding=\"async\" src=\"https:\/\/211md.org\/wp-content\/uploads\/bb-plugin\/cache\/2025_MdInfoNet_Icon-Sets_Rating-square-6e60d00cce4faa8e0a6d4ad7366aa733-.png\" alt=\"\" itemprop=\"image\" onerror=\"this.style.display='none'\" loading=\"lazy\" \/>\n\t\t\t\t<\/a>","protected":false},"excerpt":{"rendered":"<p>Encuentre recursos cerca de m\u00ed. Busque ahora. Agregue su agencia u organizaci\u00f3n a nuestra base de datos de recursos. El 211 le respalda en el condado de Charles, para comunidades como Waldorf, Saint Charles, Bennsville, Accokeek, Hughesville, Indian Head, Potomac Heights, Pisgah, Holly Haven y otras ciudades cercanas. Llame al 211. Con\u00e9ctese con recursos y apoyo comunitarios las 24 horas, los 7 d\u00edas de la semana, los 365 d\u00edas del a\u00f1o. Encuentre comida en Charles\u2026<\/p>","protected":false},"author":8,"featured_media":0,"parent":750,"menu_order":0,"comment_status":"closed","ping_status":"closed","template":"","meta":{"footnotes":""},"class_list":["post-1693","page","type-page","status-publish","hentry"],"_links":{"self":[{"href":"https:\/\/211md.org\/es\/wp-json\/wp\/v2\/pages\/1693","targetHints":{"allow":["GET"]}}],"collection":[{"href":"https:\/\/211md.org\/es\/wp-json\/wp\/v2\/pages"}],"about":[{"href":"https:\/\/211md.org\/es\/wp-json\/wp\/v2\/types\/page"}],"author":[{"embeddable":true,"href":"https:\/\/211md.org\/es\/wp-json\/wp\/v2\/users\/8"}],"replies":[{"embeddable":true,"href":"https:\/\/211md.org\/es\/wp-json\/wp\/v2\/comments?post=1693"}],"version-history":[{"count":3,"href":"https:\/\/211md.org\/es\/wp-json\/wp\/v2\/pages\/1693\/revisions"}],"predecessor-version":[{"id":34077,"href":"https:\/\/211md.org\/es\/wp-json\/wp\/v2\/pages\/1693\/revisions\/34077"}],"up":[{"embeddable":true,"href":"https:\/\/211md.org\/es\/wp-json\/wp\/v2\/pages\/750"}],"wp:attachment":[{"href":"https:\/\/211md.org\/es\/wp-json\/wp\/v2\/media?parent=1693"}],"curies":[{"name":"Gracias","href":"https:\/\/api.w.org\/{rel}","templated":true}]}}