{"id":1694,"date":"2021-05-12T00:24:16","date_gmt":"2021-05-12T00:24:16","guid":{"rendered":"https:\/\/211md.org\/?page_id=1694"},"modified":"2025-10-29T06:56:09","modified_gmt":"2025-10-29T10:56:09","slug":"condado-de-calvert","status":"publish","type":"page","link":"https:\/\/211md.org\/es\/resources-by-county\/calvert-county\/","title":{"rendered":"Condado de Calvert"},"content":{"rendered":"<h2><a href=\"https:\/\/search.211md.org\/\" target=\"_blank\"  rel=\"noopener\">Encuentre recursos cerca de m\u00ed<\/a><\/h2>\n\t\t\t<a href=\"https:\/\/search.211md.org\/\" target=\"_blank\" rel=\"noopener\">\n\t\t\t\t\t\t\tBuscar ahora\n\t\t\t<\/a>\n\t<p><strong><a href=\"\/es\/unirse-a-nuestra-base-de-datos\/\">Agregue su agencia u organizaci\u00f3n a nuestra base de datos de recursos.<\/a><\/strong><\/p>\n\t<p>No est\u00e1 solo en el condado de Calvert. La ayuda est\u00e1 disponible las 24 horas del d\u00eda, los 7 d\u00edas de la semana, los 365 d\u00edas del a\u00f1o para comunidades de todo el condado, incluidas Prince Frederick, Dares Beach, Barstow, Bowens, Fox Hill, Woodbridge, Adelina, Port Republic, Mutual, Governor Run, Chesapeake Beach y m\u00e1s.<\/p>\n<p>Marque 211 para encontrar recursos o buscar en la base de datos 211.<\/p>\n\t\t<h2>\t\n\tMarque 211<\/h2><p>Con\u00e9ctese a recursos de la comunidad y soporte las 24 horas del d\u00eda, los 7 d\u00edas de la semana, los 365 d\u00edas del a\u00f1o.<\/p>\n<h2>Asistencia energ\u00e9tica<\/h2>\n<p>Si necesita ayuda para pagar su factura de servicios p\u00fablicos, puede solicitar una subvenci\u00f3n de la Oficina de Programas de Energ\u00eda para el Hogar (OHEP). Las subvenciones basadas en los ingresos est\u00e1n disponibles para las facturas de electricidad y gas. Obtenga informaci\u00f3n detallada sobre el programa y <a href=\"https:\/\/211md.org\/es\/recursos\/asistencia-de-servicios-publicos\/\" target=\"_blank\" rel=\"noopener\">consejos para llenar la solicitud<\/a>.<\/p>\n<p>Si necesita ayuda para completar los formularios OHEP y solicitar asistencia con los servicios p\u00fablicos en el condado de Calvert, comun\u00edquese con el <a href=\"http:\/\/www.smtccac.org\/office-of-home-energy-program.aspx\" target=\"_blank\" rel=\"noopener\">Comit\u00e9 de Acci\u00f3n Comunitaria de los Tres Condados del Sur de Maryland<\/a>\u00a0(SMTCCAC, Inc.) Tienen ubicaciones en Huntingtown para ayudar a los residentes del condado de Calvert a hacer que sus facturas de servicios p\u00fablicos sean m\u00e1s asequibles.<\/p>\n<p>Tambi\u00e9n puede comunicarse con su proveedor de servicios p\u00fablicos y preguntar sobre los arreglos de pago de facturas.<\/p>\n<p>&nbsp;<\/p>\n<h2>Salud mental<\/h2>\n<p>\u00bfSe siente triste, deprimido, solo o ansioso? Los recursos de salud mental est\u00e1n disponibles las 24 horas del d\u00eda, los 7 d\u00edas de la semana, los 365 d\u00edas del a\u00f1o llamando al 9-8-8 para hablar con un consejero de crisis.<\/p>\n<p>\u00c9l\u00a0<a href=\"https:\/\/www.calverthealth.org\/personalhealth\/mentalhealth\/mhclinic.htm\" target=\"_blank\" rel=\"noopener\">Departamento de Salud del Condado de Calvert<\/a>\u00a0Tambi\u00e9n cuenta con una Cl\u00ednica de Salud Mental que ofrece servicios de salud mental, incluyendo evaluaciones, manejo de medicamentos y terapia. Llame al Departamento de Salud de Prince Frederick para obtener m\u00e1s ayuda: 410-535-5400 x318.<\/p>\n<p>T\u00fa tambi\u00e9n puedes <a href=\"https:\/\/search.988.mdinfonet.org\/\" target=\"_blank\" rel=\"noopener\">buscar en la base de datos de recursos de salud conductual m\u00e1s completa del estado<\/a>, impulsado por la Red de Informaci\u00f3n de Maryland.<\/p>\n<h2>Encuentre comida en el condado de Calvert<\/h2>\n<p>El condado de Calvert tiene varias despensas de alimentos y una cocina comunitaria para ayudar a las personas y familias que necesitan alimentos. El centro de recursos y cocina comunitaria More Tasty Blessings ofrece una comida para comer de cortes\u00eda todos los jueves de 6 p. m. a 7 p. m. Las ubicaciones cambian cada mes y usted puede <a href=\"http:\/\/eastjohnyouth.org\/programs\/tasty-blessings\" target=\"_blank\" rel=\"noopener\">encu\u00e9ntralos aqu\u00ed<\/a>.<\/p>\n<p>Las personas mayores tambi\u00e9n pueden comunicarse con el Ministerio M\u00f3vil Manos de Dios al 410-535-2275. Si bien se prioriza a las personas mayores, todos son bienvenidos.<\/p>\n<p>Estas son las otras despensas de alimentos en el condado de Calvert. Los horarios pueden variar, as\u00ed que llame antes de ir a la despensa.<\/p>\n<p>&nbsp;<\/p>\n\t\t<h3>Despensa de alimentos de la comunidad bautista de Bayside<\/h3><p>Iglesia Bautista de la Bah\u00eda<\/p>\n<p>3009 Carretera de la playa de Chesapeake<\/p>\n<p>Playa de Chesapeake, MD 20732<\/p>\n<p>410-257-0712<\/p>\n<p>&nbsp;<\/p>\n<p>Canastas de alimentos preenvasados para las comunidades de Chesapeake Beach y North Beach.<\/p>\n<p><strong>S\u00e1bado 9:30 am \u2013 11 am<\/strong><\/p>\n\t<iframe src=\"https:\/\/www.google.com\/maps\/embed\/v1\/place?q=3009+Chesapeake+Beach+Road%0AChesapeake+Beach%2C+MD+20732&#038;key=AIzaSyD09zQ9PNDNNy9TadMuzRV_UsPUoWKntt8\" aria-hidden=\"true\" title=\"Despensa de alimentos comunitaria de Bayside\"><\/iframe>\n\t\t<h3>Despensa de la Iglesia Metodista Unida Brooks<\/h3><p>5550 Mackall Road<\/p>\n<p>San Leonardo, MD 20685<\/p>\n<p>410-586-3972<\/p>\n<p><strong>Martes 10 am \u2013 12 pm\u00a0<\/strong><\/p>\n\t<iframe src=\"https:\/\/www.google.com\/maps\/embed\/v1\/place?q=5550+Mackall+Road%0ASaint+Leonard%2C+MD+20685&#038;key=AIzaSyD09zQ9PNDNNy9TadMuzRV_UsPUoWKntt8\" aria-hidden=\"true\" title=\"Iglesia Metodista Unida de Brooks\"><\/iframe>\n\t\t<h3>Despensa de alimentos comunitaria de las iglesias de Calvert<\/h3><p>100 propulsor de vela de foque<\/p>\n<p>Pr\u00edncipe Federico, MD 20678<\/p>\n<p>410-414-7474<\/p>\n<p>Abierto a cualquier persona en el condado de Calvert al norte de Broomes Island Road. <a href=\"https:\/\/www.cccfp.org\/\" target=\"_blank\" rel=\"noopener\">Obtener mas informacion<\/a>.<\/p>\n<p><strong>Lunes, martes, mi\u00e9rcoles 9:00 am \u2013 12:00 pm\u00a0<\/strong><\/p>\n\t<iframe src=\"https:\/\/www.google.com\/maps\/embed\/v1\/place?q=100+Jibsail+Drive%0APrince+Frederick%2C+MD+20678&#038;key=AIzaSyD09zQ9PNDNNy9TadMuzRV_UsPUoWKntt8\" aria-hidden=\"true\" title=\"Despensa de alimentos comunitaria de las iglesias de Calvert\"><\/iframe>\n\t\t<h3>Despensa de alimentos del faro de Calvert<\/h3><p>40 arcilla Hammond Road<\/p>\n<p>Pr\u00edncipe Federico, MD 20678<\/p>\n<p>410-535-5515<\/p>\n<p>&nbsp;<\/p>\n<p><strong>Primer s\u00e1bado de cada mes 11:00 am \u2013 1:00 pm\u00a0<\/strong><\/p>\n\t<iframe src=\"https:\/\/www.google.com\/maps\/embed\/v1\/place?q=40+Clay+Hammond+Road%0APrince+Frederick%2C+MD+20678&#038;key=AIzaSyD09zQ9PNDNNy9TadMuzRV_UsPUoWKntt8\" aria-hidden=\"true\" title=\"Despensa de alimentos del faro de Calvert\"><\/iframe>\n\t\t<h3>Despensa de alimentos de Chesapeake Cares<\/h3><p>6045 Carretera de la Isla Salom\u00f3n<\/p>\n<p>Huntingtown, MD 20639<\/p>\n<p><a href=\"https:\/\/chesapeakechurch.org\/food-pantry\/\" target=\"_blank\" rel=\"noopener\">Obtenga m\u00e1s informaci\u00f3n sobre la despensa de alimentos<\/a>.<\/p>\n<p>410-257-3444<\/p>\n<p>&nbsp;<\/p>\n<p><strong>Martes 17:30 \u2013 19:30<\/strong><\/p>\n<p><strong>Jueves 9:30 am \u2013 12:00 pm<\/strong><\/p>\n\t<iframe src=\"https:\/\/www.google.com\/maps\/embed\/v1\/place?q=6045+Solomons+Island+Road%0AHuntingtown%2C+MD+20639&#038;key=AIzaSyD09zQ9PNDNNy9TadMuzRV_UsPUoWKntt8\" aria-hidden=\"true\" title=\"Despensa de alimentos de Chesapeake Cares\"><\/iframe>\n\t\t<h3>Primera Iglesia Luterana<\/h3><p>6300 bulevar del sur de Maryland.<\/p>\n<p>Huntingtown, MD 20639<\/p>\n<p>410-257-3030<\/p>\n<p>&nbsp;<\/p>\n<p><b>Lunes \u2013 Jueves 9 am \u2013 2 pm<\/b><\/p>\n\t<iframe src=\"https:\/\/www.google.com\/maps\/embed\/v1\/place?q=6300+Southern+Maryland+Blvd.%0AHuntingtown%2C+MD+20639&#038;key=AIzaSyD09zQ9PNDNNy9TadMuzRV_UsPUoWKntt8\" aria-hidden=\"true\" title=\"Primera Iglesia Luterana\"><\/iframe>\n\t\t<h3>Despensa de Alimentos de las Damas de la Caridad<\/h3><p>Iglesia cat\u00f3lica de San Antonio<\/p>\n<p>8823 Avenida Dayton<\/p>\n<p>Playa Norte, MD 20714<\/p>\n<p>410-286-7086<\/p>\n<p>&nbsp;<\/p>\n<p><b>Martes 12 pm \u2013 2 pm\u00a0<\/b><\/p>\n<p><strong>2do mi\u00e9rcoles del mes 5 pm \u2013 7 pm<\/strong><\/p>\n<p><strong>\u00daltimo s\u00e1bado del mes 10 am \u2013 12 pm<\/strong><\/p>\n<p><a href=\"https:\/\/stanthonycal.us\/ladies-of-charity\" target=\"_blank\" rel=\"noopener\">Ver \u00faltimos horarios<\/a><\/p>\n\t<iframe src=\"https:\/\/www.google.com\/maps\/embed\/v1\/place?q=6300+Southern+Maryland+Blvd.%0AHuntingtown%2C+MD+20639&#038;key=AIzaSyD09zQ9PNDNNy9TadMuzRV_UsPUoWKntt8\" aria-hidden=\"true\" title=\"Primera Iglesia Luterana\"><\/iframe>\n\t\t<h3>Despensa de alimentos de la parroquia de Middleham y San Pedro<\/h3><p>10210 HG Trueman Road<\/p>\n<p>Lusby, MD 20657<\/p>\n<p>410-326-4948<\/p>\n<p>&nbsp;<\/p>\n<p><strong>Llame para ser agregado a la lista.<\/strong><\/p>\n\t<iframe src=\"https:\/\/www.google.com\/maps\/embed\/v1\/place?q=10210+H+G+Trueman+Road%0ALusby%2C+MD+20657&#038;key=AIzaSyD09zQ9PNDNNy9TadMuzRV_UsPUoWKntt8\" aria-hidden=\"true\" title=\"Despensa de alimentos de la parroquia de Middleham y San Pedro\"><\/iframe>\n\t\t<h3>Despensa de alimentos metodista unida de Mount Olive<\/h3><p>10 Camino del Recinto Ferial<\/p>\n<p>Pr\u00edncipe Federico, MD 20678<\/p>\n<p>410-535-5756<\/p>\n<p>&nbsp;<\/p>\n<p><strong>2do y 4to mi\u00e9rcoles de cada mes 13:30 \u2013 15:30<\/strong><\/p>\n\t<iframe src=\"https:\/\/www.google.com\/maps\/embed\/v1\/place?q=10+Fairground+Road%0APrince+Frederick%2C+MD+20678&#038;key=AIzaSyD09zQ9PNDNNy9TadMuzRV_UsPUoWKntt8\" aria-hidden=\"true\" title=\"Despensa de alimentos metodista unida de Mount Olive\"><\/iframe>\n\t\t<h3>Despensa de alimentos New Life Calvert<\/h3><p>9690 Shepherds Creek Place<\/p>\n<p>La Plata, MD 20646<\/p>\n<p>301-609-8423<\/p>\n<p>&nbsp;<\/p>\n<p><strong>Lunes \u2013 Viernes 4 pm \u2013 6 pm\u00a0<\/strong><\/p>\n<p><a href=\"https:\/\/www.newlife.live\/missions\/\" target=\"_blank\" rel=\"noopener\">M\u00e1s informaci\u00f3n sobre la despensa<\/a>.<\/p>\n\t<iframe src=\"https:\/\/www.google.com\/maps\/embed\/v1\/place?q=9690+Shepherds+Creek+Place%0ALa+Plata%2C+MD+20646&#038;key=AIzaSyD09zQ9PNDNNy9TadMuzRV_UsPUoWKntt8\" aria-hidden=\"true\" title=\"Despensa de alimentos New LIfe Calvert\"><\/iframe>\n\t\t<h3>Despensa de Alimentos del Ministerio Ecum\u00e9nico SMILE<\/h3><p>10290 HG Trueman Road<\/p>\n<p>Lusby, Maryland 20657<\/p>\n<p>410-326-0009<\/p>\n<p>Debe ser cliente SMILE. <a href=\"https:\/\/smileinc.org\/food-pantry\/\" target=\"_blank\" rel=\"noopener\">Aprende m\u00e1s<\/a> sobre c\u00f3mo registrarse en los servicios SMILE.<\/p>\n<p>&nbsp;<\/p>\n<p><strong>Lunes 9 am \u2013 10 am<\/strong><\/p>\n<p><strong>Mi\u00e9rcoles 10 am \u2013 2 pm<\/strong><\/p>\n<p><strong>Jueves y viernes 10 am \u2013 12 pm<\/strong><\/p>\n<p><strong>S\u00e1bado 9 am \u2013 12 pm<\/strong><\/p>\n\t<iframe src=\"https:\/\/www.google.com\/maps\/embed\/v1\/place?q=10290+H.G.+Trueman+Road%0ALusby%2C+Maryland+20657&#038;key=AIzaSyD09zQ9PNDNNy9TadMuzRV_UsPUoWKntt8\" aria-hidden=\"true\" title=\"Despensa de Alimentos del Ministerio Ecum\u00e9nico SMILE\"><\/iframe>\n\t\t<h3>Despensa de alimentos del Centro de la Misi\u00f3n Solomons<\/h3><p>Iglesia Metodista Unida de Salom\u00f3n<\/p>\n<p>14454 Carretera de la Isla Salom\u00f3n Sur<\/p>\n<p>Salom\u00f3n, MD 20688<\/p>\n<p>410-326-3278<\/p>\n<p>&nbsp;<\/p>\n<p><b>Martes, mi\u00e9rcoles, jueves 10 am \u2013 1 pm<\/b><\/p>\n\t<iframe src=\"https:\/\/www.google.com\/maps\/embed\/v1\/place?q=14454+Solomons+Island+Road+South%0ASolomons%2C+MD+20688&#038;key=AIzaSyD09zQ9PNDNNy9TadMuzRV_UsPUoWKntt8\" aria-hidden=\"true\" title=\"Iglesia Metodista Unida de Salom\u00f3n\"><\/iframe>\n\t\t<h3>Despensa de alimentos interreligiosa St. John Vianney<\/h3><p>105 Vianney Lane<\/p>\n<p>Pr\u00edncipe Federico, MD 20678<\/p>\n<p>410-286-1944<\/p>\n<p>&nbsp;<\/p>\n<p><b>Mi\u00e9rcoles 3 pm \u2013 6 pm<\/b><\/p>\n<p><a href=\"https:\/\/www.sjvchurch.net\/food-pantry\" target=\"_blank\" rel=\"noopener\">Obtenga m\u00e1s informaci\u00f3n sobre la despensa de alimentos.<\/a><\/p>\n\t<iframe src=\"https:\/\/www.google.com\/maps\/embed\/v1\/place?q=105+Vianney+Lane%0APrince+Frederick%2C+MD+20678&#038;key=AIzaSyD09zQ9PNDNNy9TadMuzRV_UsPUoWKntt8\" aria-hidden=\"true\" title=\"Despensa de alimentos interreligiosa St. John Vianney\"><\/iframe>\n<h2>Obtenga ayuda con otras necesidades esenciales<\/h2>\n<p>Si necesita ayuda con otra necesidad esencial, puede:<\/p>\n<ul>\n<li>Marque 211<\/li>\n<li>Busque los 211 recursos a continuaci\u00f3n para obtener informaci\u00f3n sobre programas como WIC y SNAP (cupones de alimentos)<\/li>\n<li>Ver los listados de <a href=\"https:\/\/ourcalvert.org\/services\" target=\"_blank\" rel=\"noopener\">Nuestro Calvert \u2013 Recursos para la vida<\/a>, que identifica recursos locales como el <a href=\"https:\/\/ourcalvert.org\/index.php\/\" target=\"_blank\" rel=\"noopener\">Banco de pa\u00f1ales del condado de Calvert<\/a>, organizaciones que ayudan con ropa y asistencia financiera y m\u00e1s.<\/li>\n<\/ul>\n<p>No importa d\u00f3nde viva, el 211 siempre est\u00e1 disponible para ayudarlo.<\/p>\n\t\t<h4><a href=\"\/es\/recursos\/envejecimiento-discapacidad\/?utm_source=Home&#038;utm_medium=Referral&#038;utm_campaign=211Resources&#038;utm_content=Aging\" target=\"_self\">Envejecimiento y discapacidad<\/a><\/h4>\n\t\t\t\t<a href=\"\/es\/recursos\/envejecimiento-discapacidad\/?utm_source=Home&#038;utm_medium=Referral&#038;utm_campaign=211Resources&#038;utm_content=Aging\"  target=\"_self\" itemprop=\"url\">\n\t\t\t\t<img decoding=\"async\" src=\"https:\/\/211md.org\/wp-content\/uploads\/bb-plugin\/cache\/2025_MdInfoNet_Icon-Sets_Aging-disability-square-c466727102cae71e5f27b8539bb51945-.png\" alt=\"\" itemprop=\"image\" onerror=\"this.style.display='none'\" loading=\"lazy\" \/>\n\t\t\t\t<\/a>\n\t\t<h4><a href=\"\/es\/recursos\/ninos-familias\/?utm_source=Home&#038;utm_medium=Referral&#038;utm_campaign=211Resources&#038;utm_content=Children\" target=\"_self\">Ni\u00f1os y familias<\/a><\/h4>\n\t\t\t\t<a href=\"\/es\/recursos\/ninos-familias\/?utm_source=Home&#038;utm_medium=Referral&#038;utm_campaign=211Resources&#038;utm_content=Children\"  target=\"_self\" itemprop=\"url\">\n\t\t\t\t<img decoding=\"async\" src=\"https:\/\/211md.org\/wp-content\/uploads\/bb-plugin\/cache\/2025_211_Icon-Sets_Child-care-square-f3b0d4edab3dcc467fadb5f55f4064c6-.png\" alt=\"2025_211_Conjuntos de iconos_Cuidado infantil\" itemprop=\"image\" height=\"417\" width=\"417\" title=\"2025_211_Conjuntos de iconos_Cuidado infantil\" onerror=\"this.style.display='none'\" loading=\"lazy\" \/>\n\t\t\t\t<\/a>\n\t\t<h4><a href=\"\/es\/recursos\/violencia-domestica-familiar\/?utm_source=Home&#038;utm_medium=Referral&#038;utm_campaign=211Resources&#038;utm_content=Domestic\" target=\"_self\">Violencia dom\u00e9stica<\/a><\/h4>\n\t\t\t\t<a href=\"\/es\/recursos\/violencia-domestica-familiar\/?utm_source=Home&#038;utm_medium=Referral&#038;utm_campaign=211Resources&#038;utm_content=Domestic\"  target=\"_self\" itemprop=\"url\">\n\t\t\t\t<img decoding=\"async\" src=\"https:\/\/211md.org\/wp-content\/uploads\/bb-plugin\/cache\/2025_211_Icon-Sets_Domestic-Violence-square-7b597694a6f05fe90cdc376aa573bc63-.png\" alt=\"Icono de violencia dom\u00e9stica\" itemprop=\"image\" height=\"417\" width=\"417\" title=\"2025_211_Conjuntos de iconos_Violencia dom\u00e9stica\" onerror=\"this.style.display='none'\" loading=\"lazy\" \/>\n\t\t\t\t<\/a>\n\t\t<h4><a href=\"\/es\/recursos\/busqueda-de-empleo\/?utm_source=Home&#038;utm_medium=Referral&#038;utm_campaign=211Resources&#038;utm_content=Employment\" target=\"_self\">Empleo<\/a><\/h4>\n\t\t\t\t<a href=\"\/es\/recursos\/busqueda-de-empleo\/?utm_source=Home&#038;utm_medium=Referral&#038;utm_campaign=211Resources&#038;utm_content=Employment\"  target=\"_self\" itemprop=\"url\">\n\t\t\t\t<img decoding=\"async\" src=\"https:\/\/211md.org\/wp-content\/uploads\/bb-plugin\/cache\/2025_MdInfoNet_Icon-Sets_Employment-square-44707bd410e4df10a470bf130ebcea86-.png\" alt=\"\" itemprop=\"image\" onerror=\"this.style.display='none'\" loading=\"lazy\" \/>\n\t\t\t\t<\/a>\n\t\t<h4><a href=\"\/es\/recursos\/cuidado-de-la-salud\/?utm_source=Home&#038;utm_medium=Referral&#038;utm_campaign=211Resources&#038;utm_content=Health%20Care\" target=\"_self\">Cuidado de la salud<\/a><\/h4>\n\t\t\t\t<a href=\"\/es\/recursos\/cuidado-de-la-salud\/?utm_source=Home&#038;utm_medium=Referral&#038;utm_campaign=211Resources&#038;utm_content=Health%20Care\"  target=\"_self\" itemprop=\"url\">\n\t\t\t\t<img decoding=\"async\" src=\"https:\/\/211md.org\/wp-content\/uploads\/bb-plugin\/cache\/2025_MdInfoNet_Icon-Sets_Health-Care-square-dee98a0060cbe0e7f27eda253fc12679-.png\" alt=\"\" itemprop=\"image\" onerror=\"this.style.display='none'\" loading=\"lazy\" \/>\n\t\t\t\t<\/a>\n\t\t<h4><a href=\"\/es\/recursos\/ninos-familias\/parentesco\/?utm_source=Home&#038;utm_medium=Referral&#038;utm_campaign=211Resources&#038;utm_content=Kinship\" target=\"_self\">Parentesco<\/a><\/h4>\n\t\t\t\t<a href=\"\/es\/recursos\/ninos-familias\/parentesco\/?utm_source=Home&#038;utm_medium=Referral&#038;utm_campaign=211Resources&#038;utm_content=Kinship\"  target=\"_self\" itemprop=\"url\">\n\t\t\t\t<img decoding=\"async\" src=\"https:\/\/211md.org\/wp-content\/uploads\/bb-plugin\/cache\/2025_211_Icon-Sets_Kinship-square-45bdf872866f5735f842c32071109267-.png\" alt=\"Icono de parentesco\" itemprop=\"image\" height=\"417\" width=\"417\" title=\"2025_211_Conjuntos de iconos_Parentesco\" onerror=\"this.style.display='none'\" loading=\"lazy\" \/>\n\t\t\t\t<\/a>\n\t\t<h4><a href=\"\/es\/recursos\/servicios-legales\/?utm_source=Home&#038;utm_medium=Referral&#038;utm_campaign=211Resources&#038;utm_content=Legal\" target=\"_self\">Servicios Legales<\/a><\/h4>\n\t\t\t\t<a href=\"\/es\/recursos\/servicios-legales\/?utm_source=Home&#038;utm_medium=Referral&#038;utm_campaign=211Resources&#038;utm_content=Legal\"  target=\"_self\" itemprop=\"url\">\n\t\t\t\t<img decoding=\"async\" src=\"https:\/\/211md.org\/wp-content\/uploads\/bb-plugin\/cache\/2025_MdInfoNet_Icon-Sets_Legal-square-18fdf438feb8435588174d9046463257-.png\" alt=\"\" itemprop=\"image\" onerror=\"this.style.display='none'\" loading=\"lazy\" \/>\n\t\t\t\t<\/a>\n\t\t<h4><a href=\"\/es\/recursos\/salud-mental\/?utm_source=Home&#038;utm_medium=Referral&#038;utm_campaign=211Resources&#038;utm_content=Mental\" target=\"_self\">Salud mental<\/a><\/h4>\n\t\t\t\t<a href=\"\/es\/recursos\/salud-mental\/?utm_source=Home&#038;utm_medium=Referral&#038;utm_campaign=211Resources&#038;utm_content=Mental\"  target=\"_self\" itemprop=\"url\">\n\t\t\t\t<img decoding=\"async\" src=\"https:\/\/211md.org\/wp-content\/uploads\/bb-plugin\/cache\/2025_MdInfoNet_Icon-Sets_Mental-Health-square-c59b38c4a993a947d4c9280fbe2d2fee-.png\" alt=\"\" itemprop=\"image\" onerror=\"this.style.display='none'\" loading=\"lazy\" \/>\n\t\t\t\t<\/a>\n\t\t<h4><a href=\"\/es\/recursos\/mdreentry\/?utm_source=Home&#038;utm_medium=Referral&#038;utm_campaign=211Resources&#038;utm_content=Reentry\" target=\"_self\">Reentrada<\/a><\/h4>\n\t\t\t\t<a href=\"\/es\/recursos\/mdreentry\/?utm_source=Home&#038;utm_medium=Referral&#038;utm_campaign=211Resources&#038;utm_content=Reentry\"  target=\"_self\" itemprop=\"url\">\n\t\t\t\t<img decoding=\"async\" src=\"https:\/\/211md.org\/wp-content\/uploads\/bb-plugin\/cache\/2025_211_Icon-Sets_Reentry-square-8676fea38abd920a832f45642fe31cca-.png\" alt=\"Icono de reentrada\" itemprop=\"image\" height=\"417\" width=\"417\" title=\"2025_211_Conjuntos de iconos_Reentrada\" onerror=\"this.style.display='none'\" loading=\"lazy\" \/>\n\t\t\t\t<\/a>\n\t\t<h4><a href=\"\/es\/recursos\/consumo-de-sustancias\/?utm_source=Home&#038;utm_medium=Referral&#038;utm_campaign=211Resources&#038;utm_content=Substance\" target=\"_self\">Uso de sustancias<\/a><\/h4>\n\t\t\t\t<a href=\"\/es\/recursos\/consumo-de-sustancias\/?utm_source=Home&#038;utm_medium=Referral&#038;utm_campaign=211Resources&#038;utm_content=Substance\"  target=\"_self\" itemprop=\"url\">\n\t\t\t\t<img decoding=\"async\" src=\"https:\/\/211md.org\/wp-content\/uploads\/bb-plugin\/cache\/2025_MdInfoNet_Icon-Sets_Substance-Abuse-square-9022fec9d18a64118ad685c101885b55-.png\" alt=\"\" itemprop=\"image\" onerror=\"this.style.display='none'\" loading=\"lazy\" \/>\n\t\t\t\t<\/a>\n\t\t<h4><a href=\"\/es\/recursos\/veteranos\/?utm_source=Home&#038;utm_medium=Referral&#038;utm_campaign=211Resources&#038;utm_content=Veterans\" target=\"_self\">veteranos<\/a><\/h4>\n\t\t\t\t<a href=\"\/es\/recursos\/veteranos\/?utm_source=Home&#038;utm_medium=Referral&#038;utm_campaign=211Resources&#038;utm_content=Veterans\"  target=\"_self\" itemprop=\"url\">\n\t\t\t\t<img decoding=\"async\" src=\"https:\/\/211md.org\/wp-content\/uploads\/bb-plugin\/cache\/2025_MdInfoNet_Icon-Sets_Rating-square-6e60d00cce4faa8e0a6d4ad7366aa733-.png\" alt=\"\" itemprop=\"image\" onerror=\"this.style.display='none'\" loading=\"lazy\" \/>\n\t\t\t\t<\/a>","protected":false},"excerpt":{"rendered":"<p>Encuentre recursos cerca de m\u00ed. Busque ahora. Agregue su agencia u organizaci\u00f3n a nuestra base de datos de recursos. No est\u00e1 solo en el condado de Calvert. Hay ayuda disponible las 24 horas, los 7 d\u00edas de la semana, los 365 d\u00edas del a\u00f1o para las comunidades de todo el condado, incluyendo Prince Frederick, Dares Beach, Barstow, Bowens, Fox Hill, Woodbridge, Adelina, Port Republic, Mutual, Governor Run, Chesapeake Beach y m\u00e1s. Llame al 211 para encontrar\u2026<\/p>","protected":false},"author":8,"featured_media":0,"parent":750,"menu_order":0,"comment_status":"closed","ping_status":"closed","template":"","meta":{"footnotes":""},"class_list":["post-1694","page","type-page","status-publish","hentry"],"_links":{"self":[{"href":"https:\/\/211md.org\/es\/wp-json\/wp\/v2\/pages\/1694","targetHints":{"allow":["GET"]}}],"collection":[{"href":"https:\/\/211md.org\/es\/wp-json\/wp\/v2\/pages"}],"about":[{"href":"https:\/\/211md.org\/es\/wp-json\/wp\/v2\/types\/page"}],"author":[{"embeddable":true,"href":"https:\/\/211md.org\/es\/wp-json\/wp\/v2\/users\/8"}],"replies":[{"embeddable":true,"href":"https:\/\/211md.org\/es\/wp-json\/wp\/v2\/comments?post=1694"}],"version-history":[{"count":6,"href":"https:\/\/211md.org\/es\/wp-json\/wp\/v2\/pages\/1694\/revisions"}],"predecessor-version":[{"id":34072,"href":"https:\/\/211md.org\/es\/wp-json\/wp\/v2\/pages\/1694\/revisions\/34072"}],"up":[{"embeddable":true,"href":"https:\/\/211md.org\/es\/wp-json\/wp\/v2\/pages\/750"}],"wp:attachment":[{"href":"https:\/\/211md.org\/es\/wp-json\/wp\/v2\/media?parent=1694"}],"curies":[{"name":"Gracias","href":"https:\/\/api.w.org\/{rel}","templated":true}]}}