{"id":1695,"date":"2021-05-12T00:24:27","date_gmt":"2021-05-12T00:24:27","guid":{"rendered":"https:\/\/211md.org\/?page_id=1695"},"modified":"2025-10-29T07:07:49","modified_gmt":"2025-10-29T11:07:49","slug":"condado-de-prince-georges","status":"publish","type":"page","link":"https:\/\/211md.org\/es\/resources-by-county\/prince-georges-county\/","title":{"rendered":"Condado de Prince George"},"content":{"rendered":"<p>211 is always available to support Prince George&#8217;s County residents. We have resources near you, no matter where you live: Hyattsville, Forestville, District Heights, Bowie, Laurel and other communities in Prince George&#8217;s County. Dial 211 any time of day and an Information and Referral Specialist can connect you to resources near you.<\/p>\n<p>T\u00fa tambi\u00e9n puedes <a href=\"https:\/\/search.211md.org\/search?location=Prince+George%27s+County%2C+Maryland%2C+United+States&amp;coords=-76.75184%2C38.816277&amp;distance=25&amp;utm_source=County&amp;utm_medium=Referral&amp;utm_campaign=PG&amp;utm_content=\" target=\"_blank\" rel=\"noopener\">buscar en la base de datos de recursos comunitarios<\/a> para encontrar recursos locales por su c\u00f3digo postal o comun\u00edquese con cualquiera de los recursos a continuaci\u00f3n.<\/p>\n\t\t<h2>\t\n\tMarque 211<\/h2><p>Con\u00e9ctese a recursos de la comunidad y soporte las 24 horas del d\u00eda, los 7 d\u00edas de la semana, los 365 d\u00edas del a\u00f1o.<\/p>\n\t\t\t\t<a href=\"https:\/\/search.211md.org\/search?location=Prince+George%27s+County%2C+Maryland%2C+United+States&#038;coords=-76.75184%2C38.816277&#038;distance=25&#038;utm_source=County&#038;utm_medium=Referral&#038;utm_campaign=PG&#038;utm_content=\"  target=\"_blank\" rel=\"noopener\"  itemprop=\"url\">\n\t\t\t\t<img decoding=\"async\" src=\"http:\/\/211md.org\/wp-content\/uploads\/2025\/07\/Prince-Georges-County-Resources.jpg\" alt=\"Recursos del condado de Prince George\" itemprop=\"image\" title=\"Recursos del condado de Prince George\" onerror=\"this.style.display='none'\" loading=\"lazy\" \/>\n\t\t\t\t<\/a>\n\t\t<h2>Encuentre recursos por c\u00f3digo postal<\/h2>\n\t\t<p>Encuentre recursos locales para alimentos, vivienda, asistencia con servicios p\u00fablicos, apoyo de salud mental y m\u00e1s en la base de datos de recursos comunitarios 211.<\/p>\n<p>This will take you directly to the 1400+ resources in Prince George&#8217;s County. You can then type in what you need in the box where it says &#8220;Search resources in Maryland.&#8221; Once you start typing, common searches will appear.<\/p>\n<p>Si necesita buscar en otra parte del estado, cambie la ubicaci\u00f3n.<\/p>\n<p>&nbsp;<\/p>\n\t\t\t<a href=\"https:\/\/search.211md.org\/search?location=Prince+George%27s+County%2C+Maryland%2C+United+States&#038;coords=-76.75184%2C38.816277&#038;distance=25&#038;utm_source=County&#038;utm_medium=Referral&#038;utm_campaign=PG&#038;utm_content=\" target=\"_blank\" rel=\"noopener\">\n\t\t\t\t\t\t\tEncuentre recursos locales\n\t\t\t\t\t<\/a>\n\t\t\t\t<img decoding=\"async\" src=\"http:\/\/211md.org\/wp-content\/uploads\/2023\/10\/Food-pantry-box-of-food.jpg\" alt=\"Caja de comida de despensa\" itemprop=\"image\" title=\"Caja de comida de despensa\" onerror=\"this.style.display='none'\" loading=\"lazy\" \/>\n\t<h2><b>Comida en el condado de Prince George<\/b><\/h2>\n<p>\u00bfNecesitas comida?\u00a0<a href=\"http:\/\/www.pgcfec.org\/what-we-do.html\" target=\"_blank\" rel=\"noopener\">Consejo de Equidad Alimentaria del Condado de Prince George<\/a> utiliza diversos socios para ayudar a los residentes a encontrar alimentos saludables, asequibles, sostenibles, culturalmente apropiados y seguros en todos los vecindarios.<\/p>\n<p>El Food Equity Council de Largo, Maryland, tiene una lista actualizada de despensas de alimentos. De Bowie a Capitol Heights, <a href=\"https:\/\/pgcfec.org\/resources\/find-food-food-pantry-listings\/\" target=\"_blank\" rel=\"noopener\">encuentre una despensa de alimentos cerca de usted<\/a>.<\/p>\n<h3>Solicitar cupones de alimentos<\/h3>\n<p>Los cupones para alimentos tambi\u00e9n pueden ayudar a las familias a preparar comidas saludables y de bajo costo.<\/p>\n<p>Puede obtener ayuda del Departamento de Servicios Sociales (DSS) local, en Landover, Hyattsville o Temple Hillls. DSS tambi\u00e9n podr\u00e1 ayudarle con otros programas de beneficios. Tambi\u00e9n puede conocer otros programas de asistencia disponibles para familias y los requisitos de elegibilidad. Contacta el <a href=\"https:\/\/www.princegeorgescountymd.gov\/1714\/Family-Investment-Division\" target=\"_blank\" rel=\"noopener\">Departamento de Servicios Sociales del Condado de Prince George<\/a> para solicitar cupones de alimentos.<\/p>\n<p>Si tiene preguntas sobre c\u00f3mo funciona el programa de cupones para alimentos en Maryland, obtenga respuestas a sus preguntas en <a href=\"https:\/\/211md.org\/es\/recursos\/alimento\/cupones-de-alimentos\/\">P\u00e1gina de informaci\u00f3n sobre cupones de alimentos del 211.<\/a><\/p>\n\t\t<h2>\t\n\tL\u00ednea directa para personas sin hogar de Prince George<\/h2><p>1-888-731-0999 o 301-864-7095<\/p>\n<h2>Refugio de emergencia<\/h2>\n<p>Si necesita un lugar temporal para quedarse, existen refugios de emergencia en todo el condado de Prince George. La Homeless Hotline organiza la colocaci\u00f3n. Puedes llamarlo al 888-731-0999 o al 301-864-7095.<\/p>\n<p>Se proporciona ayuda las 24 horas del d\u00eda. Las referencias se realizan por orden de llegada. <a href=\"https:\/\/www.princegeorgescountymd.gov\/1672\/Emergency-Shelter\" target=\"_blank\" rel=\"noopener\">El conde del pr\u00edncipe George<\/a>y detalla los requisitos de elegibilidad y la documentaci\u00f3n necesaria.<\/p>\n<p>En el refugio, se le asignar\u00e1 un administrador de casos para que lo ayude.<\/p>\n<p>El 211 tambi\u00e9n puede ayudarlo a conectarse con un refugio temporal en el condado de Prince George.<\/p>\n\t\t\t\t<img decoding=\"async\" src=\"http:\/\/211md.org\/wp-content\/uploads\/2024\/10\/211-at-City-of-Laurel-Multiservice-Center-1-363x400.jpg\" alt=\"211 en el Centro de servicios m\u00faltiples de la ciudad de Laurel\" itemprop=\"image\" title=\"211 en el Centro de servicios m\u00faltiples de la ciudad de Laurel\" onerror=\"this.style.display='none'\" loading=\"lazy\" \/>\n\t\t\t\t<img decoding=\"async\" src=\"https:\/\/211md.org\/wp-content\/plugins\/bb-plugin\/img\/pixel.png\" alt=\"\" itemprop=\"image\" onerror=\"this.style.display='none'\" loading=\"lazy\" \/>\n<h3>Vivienda a corto plazo y apoyo comunitario<\/h3>\n<p>\u00c9l <a href=\"https:\/\/laurelmsc.org\/\" target=\"_blank\" rel=\"noopener\">Centro de servicios m\u00faltiples de la ciudad de Laurel<\/a> Tambi\u00e9n proporciona vivienda a corto plazo y servicios humanos a quienes experimentan una transici\u00f3n de vida en los condados de Prince George, Anne Arundel y Howard.<\/p>\n<p>El centro de d\u00eda ofrece art\u00edculos b\u00e1sicos a las personas sin hogar, como alimentos, art\u00edculos de higiene, duchas y ropa. El equipo tambi\u00e9n puede coordinar servicios m\u00e9dicos y de salud mental gratuitos.<\/p>\n<p>El centro tambi\u00e9n brinda servicios a trav\u00e9s de asociaciones con agencias y organizaciones comunitarias, como 211 Maryland. Nuestro equipo estar\u00e1 en el lugar todos los meses para conectar a los residentes de Maryland con las necesidades esenciales para ayudar a las personas a establecer su independencia.<\/p>\n<p>El Centro Multiservicios de la Ciudad de Laurel tambi\u00e9n organizar\u00e1 eventos como el curso de estabilidad financiera de 8 semanas, con un estipendio financiero para quienes lo completen.<\/p>\n<p>Hay transporte p\u00fablico disponible para llegar al Centro.<\/p>\n<p>&nbsp;<\/p>\n\t<h2>Salud mental: Servicios comunitarios de crisis<\/h2>\n<p><a href=\"https:\/\/www.communitycrisis.org\/\" target=\"_blank\" rel=\"noopener\">Servicios comunitarios de crisis<\/a> (CCSI), que forma parte de la red de centros de llamadas 211 Maryland y est\u00e1 ubicado en Hyattsville, ofrece varios programas de respuesta a crisis para apoyar al condado de Prince George y sus alrededores.<\/p>\n<p>CCSI tiene un refugio de emergencia para v\u00edctimas de violencia dom\u00e9stica, coordina la colocaci\u00f3n de refugios en todo el condado de Prince George y ofrece servicios de protecci\u00f3n infantil fuera del horario laboral para informes de abuso y negligencia infantil.<\/p>\n<p>Si necesita apoyo inmediato para su salud mental, llame o env\u00ede un mensaje de texto al 988. Se le conectar\u00e1 con Suicide &amp; Crisis Lifeline, a la que puede <a href=\"https:\/\/health.maryland.gov\/bha\/Pages\/988md.aspx\" target=\"_blank\" rel=\"noopener\">aprenda c\u00f3mo funciona en Maryland<\/a>.<\/p>\n<p>Si necesita encontrar recursos de salud mental en su comunidad, puede <a href=\"https:\/\/search.988.mdinfonet.org\/\" target=\"_blank\" rel=\"noopener\">busca aqu\u00ed<\/a>.<\/p>\n<h2>Asistencia de servicios p\u00fablicos<\/h2>\n<p>Si necesita ayuda para pagar sus facturas de servicios p\u00fablicos,\u00a0<a href=\"https:\/\/www.princegeorgescountymd.gov\/1677\/Energy-Assistance\" target=\"_blank\" rel=\"noopener\">Condado de Prince George<\/a>\u00a0ofrece varios programas de asistencia de servicios p\u00fablicos, incluidas subvenciones a trav\u00e9s de la Oficina de Programas de Energ\u00eda para el Hogar (OHEP).\u00a0<a href=\"\/es\/recursos\/asistencia-de-servicios-publicos\/\" rel=\"noopener\">Consulte las pautas de ingresos<\/a>, programas e instrucciones paso a paso para llenar correctamente la solicitud.<\/p>\n<p>Tambi\u00e9n puede solicitar ayuda para completar los formularios de asistencia energ\u00e9tica de la\u00a0<a href=\"https:\/\/www.princegeorgescountymd.gov\/Directory.aspx?DID=293\" target=\"_blank\" rel=\"noopener\">Departamento de Servicios Sociales del Condado de Prince George en Landover<\/a>.<\/p>\n<p>\u00c9l\u00a0<a href=\"https:\/\/search.211md.org\/search\/ef9083b7c8f7a3af6cfaf8fcde246cce\" target=\"_blank\" rel=\"noopener\">Fondo de Combustible de Maryland<\/a>\u00a0puede ser un recurso adicional para los clientes de BG&amp;E.<\/p>\n<p>El apoyo local tambi\u00e9n est\u00e1 disponible para las facturas de servicios p\u00fablicos a trav\u00e9s de Caridades Cat\u00f3licas en Forestville,\u00a0<a href=\"https:\/\/www.laureladvocacy.org\/\" target=\"_blank\" rel=\"noopener\">Servicios de referencia y defensa de Laurel<\/a>\u00a0(LARS), y el Ej\u00e9rcito de Salvaci\u00f3n.<\/p>\n<h2>Soporte financiero<\/h2>\n<p>LARS tambi\u00e9n puede ayudar con alimentos y otras necesidades financieras, como asistencia con el alquiler para evitar el desalojo, ayuda con un dep\u00f3sito de seguridad para vivienda permanente y asistencia con los servicios p\u00fablicos para avisos de corte de energ\u00eda. Conozca las pautas del programa y los documentos que necesitar\u00e1 y <a href=\"https:\/\/www.laureladvocacy.org\/\" target=\"_blank\" rel=\"noopener\">cronograma<\/a>\u00a0una cita para asistencia financiera.<\/p>\n\t\t\t\t<img decoding=\"async\" src=\"http:\/\/211md.org\/wp-content\/uploads\/2024\/05\/utility-bills.jpg\" alt=\"recibos de servicios p\u00fablicos\" itemprop=\"image\" title=\"recibos de servicios p\u00fablicos\" onerror=\"this.style.display='none'\" loading=\"lazy\" \/>\n\t<h2>Denunciar abuso o negligencia infantil en PG<\/h2>\n<p>Todos somos responsables de mantener seguros a los ni\u00f1os y de denunciar sospechas de abuso o negligencia infantil. Puede llamar a la polic\u00eda o comunicarse con el <a href=\"https:\/\/www.princegeorgescountymd.gov\/1647\/Child-Protective-Services\" target=\"_blank\" rel=\"noopener\">Departamento de Servicios Sociales del Condado de Prince George<\/a> llamando al 301-909-2450.<\/p>\n<p>El abuso infantil puede ser:<\/p>\n<ul>\n<li>F\u00edsica, sexual, emocional o una combinaci\u00f3n. El abuso no tiene por qu\u00e9 ser visible.<\/li>\n<li>No cuidar o prestar atenci\u00f3n adecuadamente a un ni\u00f1o.<\/li>\n<li>Abuso o explotaci\u00f3n sexual, independientemente de que existan lesiones.<\/li>\n<li>Deterioro de la capacidad mental o psicol\u00f3gica de un ni\u00f1o para funcionar.<\/li>\n<\/ul>\n<p>Los informes pueden ser an\u00f3nimos, pero se le pedir\u00e1 que identifique la ubicaci\u00f3n del ni\u00f1o y del cuidador, la edad aproximada del ni\u00f1o y la identidad de los responsables del abuso o negligencia.<\/p>\n<p>&nbsp;<\/p>\n\t<h2>Marque 211<\/h2>\n<p>Tambi\u00e9n contamos con los mejores recursos para otros condados de Maryland. <a href=\"https:\/\/211md.org\/es\/recursos-por-condado\/\">Buscar por condado<\/a>.<\/p>\n<p>\u00bfNecesitas ayuda con algo m\u00e1s? Llama al 211 o busca recursos. En el <a href=\"https:\/\/search.211md.org\/\" target=\"_blank\" rel=\"noopener\">pagina de busqueda<\/a>, elija una categor\u00eda desplegable para obtener mejores resultados e ingrese su c\u00f3digo postal para encontrar recursos locales.<\/p>\n<p>&nbsp;<\/p>\n\t\t<h4><a href=\"\/es\/recursos\/envejecimiento-discapacidad\/?utm_source=Home&#038;utm_medium=Referral&#038;utm_campaign=211Resources&#038;utm_content=Aging\" target=\"_self\">Envejecimiento y discapacidad<\/a><\/h4>\n\t\t\t\t<a href=\"\/es\/recursos\/envejecimiento-discapacidad\/?utm_source=Home&#038;utm_medium=Referral&#038;utm_campaign=211Resources&#038;utm_content=Aging\"  target=\"_self\" itemprop=\"url\">\n\t\t\t\t<img decoding=\"async\" src=\"https:\/\/211md.org\/wp-content\/uploads\/bb-plugin\/cache\/2025_MdInfoNet_Icon-Sets_Aging-disability-square-c466727102cae71e5f27b8539bb51945-.png\" alt=\"\" itemprop=\"image\" onerror=\"this.style.display='none'\" loading=\"lazy\" \/>\n\t\t\t\t<\/a>\n\t\t<h4><a href=\"\/es\/recursos\/ninos-familias\/?utm_source=Home&#038;utm_medium=Referral&#038;utm_campaign=211Resources&#038;utm_content=Children\" target=\"_self\">Ni\u00f1os y familias<\/a><\/h4>\n\t\t\t\t<a href=\"\/es\/recursos\/ninos-familias\/?utm_source=Home&#038;utm_medium=Referral&#038;utm_campaign=211Resources&#038;utm_content=Children\"  target=\"_self\" itemprop=\"url\">\n\t\t\t\t<img decoding=\"async\" src=\"https:\/\/211md.org\/wp-content\/uploads\/bb-plugin\/cache\/2025_211_Icon-Sets_Child-care-square-f3b0d4edab3dcc467fadb5f55f4064c6-.png\" alt=\"2025_211_Conjuntos de iconos_Cuidado infantil\" itemprop=\"image\" height=\"417\" width=\"417\" title=\"2025_211_Conjuntos de iconos_Cuidado infantil\" onerror=\"this.style.display='none'\" loading=\"lazy\" \/>\n\t\t\t\t<\/a>\n\t\t<h4><a href=\"\/es\/recursos\/violencia-domestica-familiar\/?utm_source=Home&#038;utm_medium=Referral&#038;utm_campaign=211Resources&#038;utm_content=Domestic\" target=\"_self\">Violencia dom\u00e9stica<\/a><\/h4>\n\t\t\t\t<a href=\"\/es\/recursos\/violencia-domestica-familiar\/?utm_source=Home&#038;utm_medium=Referral&#038;utm_campaign=211Resources&#038;utm_content=Domestic\"  target=\"_self\" itemprop=\"url\">\n\t\t\t\t<img decoding=\"async\" src=\"https:\/\/211md.org\/wp-content\/uploads\/bb-plugin\/cache\/2025_211_Icon-Sets_Domestic-Violence-square-7b597694a6f05fe90cdc376aa573bc63-.png\" alt=\"Icono de violencia dom\u00e9stica\" itemprop=\"image\" height=\"417\" width=\"417\" title=\"2025_211_Conjuntos de iconos_Violencia dom\u00e9stica\" onerror=\"this.style.display='none'\" loading=\"lazy\" \/>\n\t\t\t\t<\/a>\n\t\t<h4><a href=\"\/es\/recursos\/busqueda-de-empleo\/?utm_source=Home&#038;utm_medium=Referral&#038;utm_campaign=211Resources&#038;utm_content=Employment\" target=\"_self\">Empleo<\/a><\/h4>\n\t\t\t\t<a href=\"\/es\/recursos\/busqueda-de-empleo\/?utm_source=Home&#038;utm_medium=Referral&#038;utm_campaign=211Resources&#038;utm_content=Employment\"  target=\"_self\" itemprop=\"url\">\n\t\t\t\t<img decoding=\"async\" src=\"https:\/\/211md.org\/wp-content\/uploads\/bb-plugin\/cache\/2025_MdInfoNet_Icon-Sets_Employment-square-44707bd410e4df10a470bf130ebcea86-.png\" alt=\"\" itemprop=\"image\" onerror=\"this.style.display='none'\" loading=\"lazy\" \/>\n\t\t\t\t<\/a>\n\t\t<h4><a href=\"\/es\/recursos\/cuidado-de-la-salud\/?utm_source=Home&#038;utm_medium=Referral&#038;utm_campaign=211Resources&#038;utm_content=Health%20Care\" target=\"_self\">Cuidado de la salud<\/a><\/h4>\n\t\t\t\t<a href=\"\/es\/recursos\/cuidado-de-la-salud\/?utm_source=Home&#038;utm_medium=Referral&#038;utm_campaign=211Resources&#038;utm_content=Health%20Care\"  target=\"_self\" itemprop=\"url\">\n\t\t\t\t<img decoding=\"async\" src=\"https:\/\/211md.org\/wp-content\/uploads\/bb-plugin\/cache\/2025_MdInfoNet_Icon-Sets_Health-Care-square-dee98a0060cbe0e7f27eda253fc12679-.png\" alt=\"\" itemprop=\"image\" onerror=\"this.style.display='none'\" loading=\"lazy\" \/>\n\t\t\t\t<\/a>\n\t\t<h4><a href=\"\/es\/recursos\/ninos-familias\/parentesco\/?utm_source=Home&#038;utm_medium=Referral&#038;utm_campaign=211Resources&#038;utm_content=Kinship\" target=\"_self\">Parentesco<\/a><\/h4>\n\t\t\t\t<a href=\"\/es\/recursos\/ninos-familias\/parentesco\/?utm_source=Home&#038;utm_medium=Referral&#038;utm_campaign=211Resources&#038;utm_content=Kinship\"  target=\"_self\" itemprop=\"url\">\n\t\t\t\t<img decoding=\"async\" src=\"https:\/\/211md.org\/wp-content\/uploads\/bb-plugin\/cache\/2025_211_Icon-Sets_Kinship-square-45bdf872866f5735f842c32071109267-.png\" alt=\"Icono de parentesco\" itemprop=\"image\" height=\"417\" width=\"417\" title=\"2025_211_Conjuntos de iconos_Parentesco\" onerror=\"this.style.display='none'\" loading=\"lazy\" \/>\n\t\t\t\t<\/a>\n\t\t<h4><a href=\"\/es\/recursos\/servicios-legales\/?utm_source=Home&#038;utm_medium=Referral&#038;utm_campaign=211Resources&#038;utm_content=Legal\" target=\"_self\">Servicios Legales<\/a><\/h4>\n\t\t\t\t<a href=\"\/es\/recursos\/servicios-legales\/?utm_source=Home&#038;utm_medium=Referral&#038;utm_campaign=211Resources&#038;utm_content=Legal\"  target=\"_self\" itemprop=\"url\">\n\t\t\t\t<img decoding=\"async\" src=\"https:\/\/211md.org\/wp-content\/uploads\/bb-plugin\/cache\/2025_MdInfoNet_Icon-Sets_Legal-square-18fdf438feb8435588174d9046463257-.png\" alt=\"\" itemprop=\"image\" onerror=\"this.style.display='none'\" loading=\"lazy\" \/>\n\t\t\t\t<\/a>\n\t\t<h4><a href=\"\/es\/recursos\/salud-mental\/?utm_source=Home&#038;utm_medium=Referral&#038;utm_campaign=211Resources&#038;utm_content=Mental\" target=\"_self\">Salud mental<\/a><\/h4>\n\t\t\t\t<a href=\"\/es\/recursos\/salud-mental\/?utm_source=Home&#038;utm_medium=Referral&#038;utm_campaign=211Resources&#038;utm_content=Mental\"  target=\"_self\" itemprop=\"url\">\n\t\t\t\t<img decoding=\"async\" src=\"https:\/\/211md.org\/wp-content\/uploads\/bb-plugin\/cache\/2025_MdInfoNet_Icon-Sets_Mental-Health-square-c59b38c4a993a947d4c9280fbe2d2fee-.png\" alt=\"\" itemprop=\"image\" onerror=\"this.style.display='none'\" loading=\"lazy\" \/>\n\t\t\t\t<\/a>\n\t\t<h4><a href=\"\/es\/recursos\/mdreentry\/?utm_source=Home&#038;utm_medium=Referral&#038;utm_campaign=211Resources&#038;utm_content=Reentry\" target=\"_self\">Reentrada<\/a><\/h4>\n\t\t\t\t<a href=\"\/es\/recursos\/mdreentry\/?utm_source=Home&#038;utm_medium=Referral&#038;utm_campaign=211Resources&#038;utm_content=Reentry\"  target=\"_self\" itemprop=\"url\">\n\t\t\t\t<img decoding=\"async\" src=\"https:\/\/211md.org\/wp-content\/uploads\/bb-plugin\/cache\/2025_211_Icon-Sets_Reentry-square-8676fea38abd920a832f45642fe31cca-.png\" alt=\"Icono de reentrada\" itemprop=\"image\" height=\"417\" width=\"417\" title=\"2025_211_Conjuntos de iconos_Reentrada\" onerror=\"this.style.display='none'\" loading=\"lazy\" \/>\n\t\t\t\t<\/a>\n\t\t<h4><a href=\"\/es\/recursos\/consumo-de-sustancias\/?utm_source=Home&#038;utm_medium=Referral&#038;utm_campaign=211Resources&#038;utm_content=Substance\" target=\"_self\">Uso de sustancias<\/a><\/h4>\n\t\t\t\t<a href=\"\/es\/recursos\/consumo-de-sustancias\/?utm_source=Home&#038;utm_medium=Referral&#038;utm_campaign=211Resources&#038;utm_content=Substance\"  target=\"_self\" itemprop=\"url\">\n\t\t\t\t<img decoding=\"async\" src=\"https:\/\/211md.org\/wp-content\/uploads\/bb-plugin\/cache\/2025_MdInfoNet_Icon-Sets_Substance-Abuse-square-9022fec9d18a64118ad685c101885b55-.png\" alt=\"\" itemprop=\"image\" onerror=\"this.style.display='none'\" loading=\"lazy\" \/>\n\t\t\t\t<\/a>\n\t\t<h4><a href=\"\/es\/recursos\/veteranos\/?utm_source=Home&#038;utm_medium=Referral&#038;utm_campaign=211Resources&#038;utm_content=Veterans\" target=\"_self\">veteranos<\/a><\/h4>\n\t\t\t\t<a href=\"\/es\/recursos\/veteranos\/?utm_source=Home&#038;utm_medium=Referral&#038;utm_campaign=211Resources&#038;utm_content=Veterans\"  target=\"_self\" itemprop=\"url\">\n\t\t\t\t<img decoding=\"async\" src=\"https:\/\/211md.org\/wp-content\/uploads\/bb-plugin\/cache\/2025_MdInfoNet_Icon-Sets_Rating-square-6e60d00cce4faa8e0a6d4ad7366aa733-.png\" alt=\"\" itemprop=\"image\" onerror=\"this.style.display='none'\" loading=\"lazy\" \/>\n\t\t\t\t<\/a>","protected":false},"excerpt":{"rendered":"<p>211 is always available to support Prince George&#8217;s County residents. We have resources near you, no matter where you live: Hyattsville, Forestville, District Heights, Bowie, Laurel and other communities in Prince George&#8217;s County. Dial 211 any time of day and an Information and Referral Specialist can connect you to resources near you. You can also&hellip;<\/p>","protected":false},"author":8,"featured_media":3897,"parent":750,"menu_order":0,"comment_status":"closed","ping_status":"closed","template":"","meta":{"footnotes":""},"class_list":["post-1695","page","type-page","status-publish","has-post-thumbnail","hentry"],"_links":{"self":[{"href":"https:\/\/211md.org\/es\/wp-json\/wp\/v2\/pages\/1695","targetHints":{"allow":["GET"]}}],"collection":[{"href":"https:\/\/211md.org\/es\/wp-json\/wp\/v2\/pages"}],"about":[{"href":"https:\/\/211md.org\/es\/wp-json\/wp\/v2\/types\/page"}],"author":[{"embeddable":true,"href":"https:\/\/211md.org\/es\/wp-json\/wp\/v2\/users\/8"}],"replies":[{"embeddable":true,"href":"https:\/\/211md.org\/es\/wp-json\/wp\/v2\/comments?post=1695"}],"version-history":[{"count":11,"href":"https:\/\/211md.org\/es\/wp-json\/wp\/v2\/pages\/1695\/revisions"}],"predecessor-version":[{"id":34087,"href":"https:\/\/211md.org\/es\/wp-json\/wp\/v2\/pages\/1695\/revisions\/34087"}],"up":[{"embeddable":true,"href":"https:\/\/211md.org\/es\/wp-json\/wp\/v2\/pages\/750"}],"wp:featuredmedia":[{"embeddable":true,"href":"https:\/\/211md.org\/es\/wp-json\/wp\/v2\/media\/3897"}],"wp:attachment":[{"href":"https:\/\/211md.org\/es\/wp-json\/wp\/v2\/media?parent=1695"}],"curies":[{"name":"Gracias","href":"https:\/\/api.w.org\/{rel}","templated":true}]}}