{"id":1696,"date":"2021-05-12T00:24:36","date_gmt":"2021-05-12T00:24:36","guid":{"rendered":"https:\/\/211md.org\/?page_id=1696"},"modified":"2026-03-20T16:48:27","modified_gmt":"2026-03-20T20:48:27","slug":"condado-de-anne-arundel","status":"publish","type":"page","link":"https:\/\/211md.org\/es\/resources-by-county\/anne-arundel-county\/","title":{"rendered":"Condado de Anne Arundel"},"content":{"rendered":"<figure data-animation-delay=\"0\" data-animation-duration=\"1\" itemscope=\"\" itemtype=\"https:\/\/schema.org\/ImageObject\">\n\t\t\t\t<img decoding=\"async\" src=\"https:\/\/stg-maryland211-staging.kinsta.cloud\/wp-content\/uploads\/2025\/08\/5-1-scaled.png\" alt=\"5\" height=\"692\" width=\"2560\" title=\"5\" onerror=\"this.style.display='none'\" loading=\"lazy\">\n\t<\/figure>\n\t\t<p>We&#8217;re making it easy to find go-to community resources in Anne Arundel County.<\/p>\n<p>211&#8217;s guide to Anne Arundel County includes some of the most common resources for basic needs such as food and utility assistance.<\/p>\n<p>Or you can get started by searching for resources by ZIP code in 211&#8217;s Community Resource Database.<\/p>\n\t\t\t<a href=\"https:\/\/search.211md.org\/\" target=\"_blank\" rel=\"noopener\">\n\t\t\t\t\t\tSearch for resources nearby\n\t\t\t\t\t<\/a>\n<figure data-animation-delay=\"0\" data-animation-duration=\"1\" itemscope=\"\" itemtype=\"https:\/\/schema.org\/ImageObject\">\n\t\t\t\t<img decoding=\"async\" src=\"https:\/\/211md.org\/wp-content\/plugins\/bb-plugin\/img\/pixel.png\" alt=\"\" onerror=\"this.style.display='none'\" loading=\"lazy\">\n\t<\/figure>\n<figure data-animation-delay=\"0\" data-animation-duration=\"1.3\" itemscope=\"\" itemtype=\"https:\/\/schema.org\/ImageObject\">\n\t\t\t\t<img decoding=\"async\" src=\"https:\/\/stg-maryland211-staging.kinsta.cloud\/wp-content\/uploads\/2025\/08\/16.png\" alt=\"16\" height=\"1000\" width=\"1000\" title=\"16\" onerror=\"this.style.display='none'\" loading=\"lazy\">\n\t<\/figure>\n<figure itemscope=\"\" itemtype=\"https:\/\/schema.org\/ImageObject\">\n\t\t\t\t<img decoding=\"async\" src=\"https:\/\/211md.org\/wp-content\/uploads\/2022\/09\/free-food-box.jpg\" alt=\"caja de comida gratis\" height=\"667\" width=\"1000\" title=\"caja de comida gratis\" onerror=\"this.style.display='none'\" loading=\"lazy\">\n\t<\/figure>\n\t<h2>Encontrar comida<\/h2>\n<p>En el condado de Anne Arundel, la l\u00ednea directa de acceso a alimentos puede ayudarlo a encontrar despensas de alimentos y otros recursos alimentarios. Puede llamar al 410-222-FOOD (3663).<\/p>\n<p>You can also search our <a href=\"https:\/\/search.211md.org\/\" target=\"_blank\" rel=\"noopener\">Base de datos de recursos comunitarios<\/a> by ZIP code or the <a href=\"https:\/\/aafoodbank.org\/pantry-map\/\" target=\"_blank\" rel=\"noopener\">Anne Arundel County Food Bank<\/a>.<\/p>\n<h3>Food and financial help<\/h3>\n<p>Serving People Across Neighborhoods (SPAN) is a community group helping individuals and families in a number of ways &#8211; through food and financial help.<\/p>\n<p>Call first to ensure you qualify for services. You can call 410-647-0089 between 10 a.m. and 1:30 p.m. Monday through Thursday. Hours may vary.<\/p>\n<p>Located in Severna Park, SPAN has two service areas. The primary area is the only one that helps with food.<\/p>\n<p>Residents in this primary area can also get financial assistance with prescriptions\/medical co-pays, utility turn-off notices, or eviction.<\/p>\n<p>The primary ZIP codes include:<\/p>\n<ul>\n<li aria-level=\"1\">21012 arnold<\/li>\n<li aria-level=\"1\">21409 cuello ancho<\/li>\n<li aria-level=\"1\">21108 Millersville<\/li>\n<li aria-level=\"1\">21146 Parque Severna<\/li>\n<\/ul>\n<p>Estas son las \u00fanicas zonas que pueden recibir alimentos. Puedes recibirlos dos veces el primer mes y luego una vez al mes.<\/p>\n\t<h2>SPAN&#8217;s Other Anne Arundel Programs<\/h2>\n<p>SPAN also has a secondary service area that provides financial assistance only. Secondary areas are eligible for:<\/p>\n<ul>\n<li>utility turn-off notices<\/li>\n<li>desalojo<\/li>\n<li>recetas<\/li>\n<li>medical co-pays<\/li>\n<\/ul>\n<p>Benefits are offered once every 12 months for those who qualify, and the benefit is up to $200 a year.<\/p>\n<p>El \u00e1rea de servicio secundaria incluye:<\/p>\n<ul>\n<li aria-level=\"1\">20755 Fuerte Meade<\/li>\n<li aria-level=\"1\">21090 Linthicum<\/li>\n<li aria-level=\"1\">2114 Severn<\/li>\n<li aria-level=\"1\">21225 Parque Brooklyn<\/li>\n<\/ul>\n<p>There are additional ZIP codes that may also qualify, but referrals are required from other agencies.<\/p>\n<p>With a referral from NCEON (410-255-3677), people in these ZIP codes may qualify:<\/p>\n<ul>\n<li>21122 Pasadena<\/li>\n<li aria-level=\"1\">21061 Glen Burnie<\/li>\n<\/ul>\n<p>For those living in these ZIP codes, a referral is required from Crofton Christian Caring Council (<a href=\"https:\/\/www.spanhelps.org\/need_help\" target=\"_blank\" rel=\"noopener\">El n\u00famero de tel\u00e9fono var\u00eda seg\u00fan el d\u00eda.<\/a>)<\/p>\n<ul>\n<li aria-level=\"1\">21032 Crownsville<\/li>\n<li aria-level=\"1\">21054 Gambrills<\/li>\n<li aria-level=\"1\">21113 Odent\u00f3n<\/li>\n<li aria-level=\"1\">21114 Crofton<\/li>\n<\/ul>\n<p><a href=\"https:\/\/www.spanhelps.org\/need_help\" target=\"_blank\" rel=\"noopener\">Obtenga ayuda de SPAN<\/a> o llame al 410-647-0889 para preguntas de elegibilidad.<\/p>\n<figure data-animation-delay=\"0\" data-animation-duration=\"1\" itemscope=\"\" itemtype=\"https:\/\/schema.org\/ImageObject\">\n\t\t\t\t<img decoding=\"async\" src=\"http:\/\/211md.org\/wp-content\/uploads\/2022\/09\/Woman-holding-utility-bill-and-needing-help-paying-it.jpg\" alt=\"Mujer con factura de servicios p\u00fablicos y sumando costos\" title=\"Mujer-sosteniendo-factura-de-servicios-y-necesitando-ayuda-para-pagarla\" onerror=\"this.style.display='none'\" loading=\"lazy\">\n\t<\/figure>\n\t<h2>Prevenci\u00f3n de desalojos<\/h2>\n<p>The Eviction Prevention Program (EPP) through the Arundel Community Development Services (ACDS) can help renters at the highest risk of eviction. There are limited funds available to those who qualify.<\/p>\n<p>It is not a long-term assistance program.<\/p>\n<p>The program helps those with an unexpected financial hardship that temporarily makes it difficult to pay rent, putting them at risk of imminent eviction and homelessness. <a href=\"https:\/\/acdsinc.org\/housing-resources\/renters\/acds-eviction-prevention-program\/\" target=\"_blank\" rel=\"noopener\">Las solicitudes se aceptan por orden de llegada<\/a>.<\/p>\n<p>ACDS tambi\u00e9n tiene un programa para evitar que los propietarios pierdan su vivienda. Puedes aprender m\u00e1s sobre sus <a href=\"https:\/\/acdsinc.org\/housing-resources\/homeowners\/foreclosure-prevention\/\" target=\"_blank\" rel=\"noopener\">asesoramiento para la prevenci\u00f3n de ejecuciones hipotecarias<\/a>.<\/p>\n<h3>Viviendas de corta duraci\u00f3n y necesidades esenciales en Laurel<\/h3>\n<p>Mientras no se encuentren en el condado de Anne Arundel, los residentes pueden utilizar el <a href=\"https:\/\/laurelmsc.org\/\" target=\"_blank\" rel=\"noopener\">Centro de d\u00eda del centro multiservicios de la ciudad de Laurel<\/a> Para necesidades de vivienda a corto plazo, suministros de higiene, duchas, alimentos y ropa. El Centro Multiservicios tambi\u00e9n ayuda a las personas a acceder a servicios de salud y humanos que pueden cubrir sus necesidades esenciales. El Centro est\u00e1 disponible para los residentes de Anne Arundel, aunque se encuentra en el condado de Prince George.<\/p>\n<p>Hay transporte p\u00fablico disponible hasta el Centro Multiservicios.<\/p>\n<h3>Housing And Utility Help from the Community Action Agency<\/h3>\n<p>\u00c9l&nbsp;<a href=\"https:\/\/www.aaccaa.org\/\" target=\"_blank\" rel=\"noopener\">Agencia de Acci\u00f3n Comunitaria (CAC) del condado de Anne Arundel<\/a>&nbsp;brinda a los residentes elegibles por ingresos apoyo con las facturas de calefacci\u00f3n y electricidad y las necesidades relacionadas con la vivienda.<\/p>\n<p>La Agencia de Acci\u00f3n Comunitaria&nbsp;<a href=\"https:\/\/www.aaccaa.org\/housing-assistance\" target=\"_blank\" rel=\"noopener\">programa de vivienda<\/a>&nbsp;es un recurso integral para asistencia de emergencia u otras necesidades que interrumpen la vida independiente. Incluyen acceso a talleres de educaci\u00f3n financiera y asesores de vivienda que pueden ayudar a prevenir ejecuciones hipotecarias, desalojos, reparaci\u00f3n de cr\u00e9dito, ayudar con programas de propiedad de vivienda por primera vez y ayudar con presupuestos.<\/p>\n<p>Si necesita ayuda para solicitar asistencia de servicios p\u00fablicos, la agencia puede ayudar a los residentes a navegar por los programas que ofrece el&nbsp;<a href=\"https:\/\/www.aaccaa.org\/energy-assistance\" target=\"_blank\" rel=\"noopener\">Oficina de Programas de Energ\u00eda para el Hogar de Maryland<\/a>&nbsp;(OHEP). You can call CAC at 410-626-1900 for help with program guidelines and applications for electric, gas or home heating bills.<\/p>\n<p>Learn more about income guidelines and how to fill out the application in <a href=\"https:\/\/211md.org\/es\/recursos\/asistencia-de-servicios-publicos\/\" target=\"_blank\" rel=\"noopener\">211&#8217;s Utility Assistance Guide<\/a>.<\/p>\n<p>CAC tambi\u00e9n cuenta con servicios y programas terap\u00e9uticos, preventivos y educativos para ni\u00f1os y j\u00f3venes de Anne Arundel, acceso al Centro Early Head Start; programas de salud y bienestar; y asisten a los residentes que salen de las instalaciones correccionales y regresan a la comunidad.<\/p>\n<p>&nbsp;<\/p>\n\t\t<figure itemscope=\"\" itemtype=\"https:\/\/schema.org\/ImageObject\">\n\t\t\t\t<a href=\"https:\/\/search.211md.org\/\" target=\"_blank\" rel=\"noopener\" itemprop=\"url\">\n\t\t\t\t<img decoding=\"async\" src=\"https:\/\/stg-maryland211-staging.kinsta.cloud\/wp-content\/uploads\/2025\/08\/2025_MdInfoNet_Icon-Sets-white_Locate.png\" alt=\"\" onerror=\"this.style.display='none'\" loading=\"lazy\">\n\t\t\t\t<\/a>\n\t<\/figure>\n<h2><a href=\"https:\/\/search.211md.org\/\" target=\"_blank\" rel=\"noopener\">Encuentre recursos ahora<\/a><\/h2><p>Encontrar <strong>recursos comunitarios <\/strong>Para alimentaci\u00f3n, salud, vivienda y m\u00e1s en nuestra base de datos. Busque por c\u00f3digo postal.<\/p>\n\t\t\t<a href=\"https:\/\/search.211md.org\/\" target=\"_blank\" rel=\"noopener\">\n\t\t\t\t\t\t\tBuscar ahora\n\t\t\t<\/a>\n\t\t<h4><a href=\"\/es\/recursos\/envejecimiento-discapacidad\/?utm_source=Home&amp;utm_medium=Referral&amp;utm_campaign=211Resources&amp;utm_content=Aging\" target=\"_self\">Envejecimiento y discapacidad<\/a><\/h4><figure itemscope=\"\" itemtype=\"https:\/\/schema.org\/ImageObject\">\n\t\t\t\t<a href=\"\/es\/recursos\/envejecimiento-discapacidad\/?utm_source=Home&amp;utm_medium=Referral&amp;utm_campaign=211Resources&amp;utm_content=Aging\" target=\"_self\" itemprop=\"url\">\n\t\t\t\t<img decoding=\"async\" src=\"https:\/\/211md.org\/wp-content\/uploads\/bb-plugin\/cache\/2025_MdInfoNet_Icon-Sets_Aging-disability-square-c466727102cae71e5f27b8539bb51945-.png\" alt=\"\" onerror=\"this.style.display='none'\" loading=\"lazy\">\n\t\t\t\t<\/a>\n\t<\/figure>\n\t\t<h4><a href=\"\/es\/recursos\/ninos-familias\/?utm_source=Home&amp;utm_medium=Referral&amp;utm_campaign=211Resources&amp;utm_content=Children\" target=\"_self\">Ni\u00f1os y Familias<\/a><\/h4><figure itemscope=\"\" itemtype=\"https:\/\/schema.org\/ImageObject\">\n\t\t\t\t<a href=\"\/es\/recursos\/ninos-familias\/?utm_source=Home&amp;utm_medium=Referral&amp;utm_campaign=211Resources&amp;utm_content=Children\" target=\"_self\" itemprop=\"url\">\n\t\t\t\t<img decoding=\"async\" src=\"https:\/\/211md.org\/wp-content\/uploads\/bb-plugin\/cache\/2025_211_Icon-Sets_Child-care-square-f3b0d4edab3dcc467fadb5f55f4064c6-.png\" alt=\"parent and child icon for child care\" height=\"417\" width=\"417\" title=\"2025_211_Conjuntos de iconos_Cuidado infantil\" onerror=\"this.style.display='none'\" loading=\"lazy\">\n\t\t\t\t<\/a>\n\t<\/figure>\n\t\t<h4><a href=\"\/es\/recursos\/violencia-domestica-familiar\/?utm_source=Home&amp;utm_medium=Referral&amp;utm_campaign=211Resources&amp;utm_content=Domestic\" target=\"_self\">Violencia dom\u00e9stica<\/a><\/h4><figure itemscope=\"\" itemtype=\"https:\/\/schema.org\/ImageObject\">\n\t\t\t\t<a href=\"\/es\/recursos\/violencia-domestica-familiar\/?utm_source=Home&amp;utm_medium=Referral&amp;utm_campaign=211Resources&amp;utm_content=Domestic\" target=\"_self\" itemprop=\"url\">\n\t\t\t\t<img decoding=\"async\" src=\"https:\/\/211md.org\/wp-content\/uploads\/bb-plugin\/cache\/2025_211_Icon-Sets_Domestic-Violence-square-7b597694a6f05fe90cdc376aa573bc63-.png\" alt=\"House with a heart in the middle icon\" height=\"417\" width=\"417\" title=\"2025_211_Conjuntos de iconos_Violencia dom\u00e9stica\" onerror=\"this.style.display='none'\" loading=\"lazy\">\n\t\t\t\t<\/a>\n\t<\/figure>\n\t\t<h4><a href=\"\/es\/recursos\/busqueda-de-empleo\/?utm_source=Home&amp;utm_medium=Referral&amp;utm_campaign=211Resources&amp;utm_content=Employment\" target=\"_self\">Empleo<\/a><\/h4><figure itemscope=\"\" itemtype=\"https:\/\/schema.org\/ImageObject\">\n\t\t\t\t<a href=\"\/es\/recursos\/busqueda-de-empleo\/?utm_source=Home&amp;utm_medium=Referral&amp;utm_campaign=211Resources&amp;utm_content=Employment\" target=\"_self\" itemprop=\"url\">\n\t\t\t\t<img decoding=\"async\" src=\"https:\/\/211md.org\/wp-content\/uploads\/bb-plugin\/cache\/2025_MdInfoNet_Icon-Sets_Employment-square-44707bd410e4df10a470bf130ebcea86-.png\" alt=\"\" onerror=\"this.style.display='none'\" loading=\"lazy\">\n\t\t\t\t<\/a>\n\t<\/figure>\n\t\t<h4><a href=\"\/es\/recursos\/cuidado-de-la-salud\/?utm_source=Home&amp;utm_medium=Referral&amp;utm_campaign=211Resources&amp;utm_content=Health%20Care\" target=\"_self\">Cuidado de la salud<\/a><\/h4><figure itemscope=\"\" itemtype=\"https:\/\/schema.org\/ImageObject\">\n\t\t\t\t<a href=\"\/es\/recursos\/cuidado-de-la-salud\/?utm_source=Home&amp;utm_medium=Referral&amp;utm_campaign=211Resources&amp;utm_content=Health%20Care\" target=\"_self\" itemprop=\"url\">\n\t\t\t\t<img decoding=\"async\" src=\"https:\/\/211md.org\/wp-content\/uploads\/bb-plugin\/cache\/2025_MdInfoNet_Icon-Sets_Health-Care-square-dee98a0060cbe0e7f27eda253fc12679-.png\" alt=\"\" onerror=\"this.style.display='none'\" loading=\"lazy\">\n\t\t\t\t<\/a>\n\t<\/figure>\n\t\t<h4><a href=\"\/es\/recursos\/ninos-familias\/parentesco\/?utm_source=Home&amp;utm_medium=Referral&amp;utm_campaign=211Resources&amp;utm_content=Kinship\" target=\"_self\">Parentesco<\/a><\/h4><figure itemscope=\"\" itemtype=\"https:\/\/schema.org\/ImageObject\">\n\t\t\t\t<a href=\"\/es\/recursos\/ninos-familias\/parentesco\/?utm_source=Home&amp;utm_medium=Referral&amp;utm_campaign=211Resources&amp;utm_content=Kinship\" target=\"_self\" itemprop=\"url\">\n\t\t\t\t<img decoding=\"async\" src=\"https:\/\/211md.org\/wp-content\/uploads\/bb-plugin\/cache\/2025_211_Icon-Sets_Kinship-square-45bdf872866f5735f842c32071109267-.png\" alt=\"Icono de parentesco\" height=\"417\" width=\"417\" title=\"2025_211_Conjuntos de iconos_Parentesco\" onerror=\"this.style.display='none'\" loading=\"lazy\">\n\t\t\t\t<\/a>\n\t<\/figure>\n\t\t<h4><a href=\"\/es\/recursos\/servicios-legales\/?utm_source=Home&amp;utm_medium=Referral&amp;utm_campaign=211Resources&amp;utm_content=Legal\" target=\"_self\">Servicios Legales<\/a><\/h4><figure itemscope=\"\" itemtype=\"https:\/\/schema.org\/ImageObject\">\n\t\t\t\t<a href=\"\/es\/recursos\/servicios-legales\/?utm_source=Home&amp;utm_medium=Referral&amp;utm_campaign=211Resources&amp;utm_content=Legal\" target=\"_self\" itemprop=\"url\">\n\t\t\t\t<img decoding=\"async\" src=\"https:\/\/211md.org\/wp-content\/uploads\/bb-plugin\/cache\/2025_MdInfoNet_Icon-Sets_Legal-square-18fdf438feb8435588174d9046463257-.png\" alt=\"\" onerror=\"this.style.display='none'\" loading=\"lazy\">\n\t\t\t\t<\/a>\n\t<\/figure>\n\t\t<h4><a href=\"\/es\/recursos\/salud-mental\/?utm_source=Home&amp;utm_medium=Referral&amp;utm_campaign=211Resources&amp;utm_content=Mental\" target=\"_self\">Salud mental<\/a><\/h4><figure itemscope=\"\" itemtype=\"https:\/\/schema.org\/ImageObject\">\n\t\t\t\t<a href=\"\/es\/recursos\/salud-mental\/?utm_source=Home&amp;utm_medium=Referral&amp;utm_campaign=211Resources&amp;utm_content=Mental\" target=\"_self\" itemprop=\"url\">\n\t\t\t\t<img decoding=\"async\" src=\"https:\/\/211md.org\/wp-content\/uploads\/bb-plugin\/cache\/2025_MdInfoNet_Icon-Sets_Mental-Health-square-c59b38c4a993a947d4c9280fbe2d2fee-.png\" alt=\"\" onerror=\"this.style.display='none'\" loading=\"lazy\">\n\t\t\t\t<\/a>\n\t<\/figure>\n\t\t<h4><a href=\"\/es\/recursos\/mdreentry\/?utm_source=Home&amp;utm_medium=Referral&amp;utm_campaign=211Resources&amp;utm_content=Reentry\" target=\"_self\">Reentrada<\/a><\/h4><figure itemscope=\"\" itemtype=\"https:\/\/schema.org\/ImageObject\">\n\t\t\t\t<a href=\"\/es\/recursos\/mdreentry\/?utm_source=Home&amp;utm_medium=Referral&amp;utm_campaign=211Resources&amp;utm_content=Reentry\" target=\"_self\" itemprop=\"url\">\n\t\t\t\t<img decoding=\"async\" src=\"https:\/\/211md.org\/wp-content\/uploads\/bb-plugin\/cache\/2025_211_Icon-Sets_Reentry-square-8676fea38abd920a832f45642fe31cca-.png\" alt=\"Icono de reentrada\" height=\"417\" width=\"417\" title=\"2025_211_Conjuntos de iconos_Reentrada\" onerror=\"this.style.display='none'\" loading=\"lazy\">\n\t\t\t\t<\/a>\n\t<\/figure>\n\t\t<h4><a href=\"\/es\/recursos\/consumo-de-sustancias\/?utm_source=Home&amp;utm_medium=Referral&amp;utm_campaign=211Resources&amp;utm_content=Substance\" target=\"_self\">Uso de sustancias<\/a><\/h4><figure itemscope=\"\" itemtype=\"https:\/\/schema.org\/ImageObject\">\n\t\t\t\t<a href=\"\/es\/recursos\/consumo-de-sustancias\/?utm_source=Home&amp;utm_medium=Referral&amp;utm_campaign=211Resources&amp;utm_content=Substance\" target=\"_self\" itemprop=\"url\">\n\t\t\t\t<img decoding=\"async\" src=\"https:\/\/211md.org\/wp-content\/uploads\/bb-plugin\/cache\/2025_MdInfoNet_Icon-Sets_Substance-Abuse-square-4f414f085e657267739c181957754f48-.png\" alt=\"Pills for substance Use icon\" title=\"2025_MdInfoNet_Icon-Sets_Substance-Abuse\" onerror=\"this.style.display='none'\" loading=\"lazy\">\n\t\t\t\t<\/a>\n\t<\/figure>\n\t\t<h4><a href=\"\/es\/recursos\/servicios-de-impuestos\/\" target=\"_self\">Impuestos<\/a><\/h4><figure itemscope=\"\" itemtype=\"https:\/\/schema.org\/ImageObject\">\n\t\t\t\t<a href=\"\/es\/recursos\/servicios-de-impuestos\/\" target=\"_self\" itemprop=\"url\">\n\t\t\t\t<img decoding=\"async\" src=\"https:\/\/211md.org\/wp-content\/uploads\/bb-plugin\/cache\/2025_MdInfoNet_Icon-Sets_Taxes-square-e2aa520919327b1fa037ee92d1164ad1-.png\" alt=\"Piece of paper for blue tax icon\" height=\"417\" width=\"417\" title=\"2025_MdInfoNet_Icon-Sets_Taxes\" onerror=\"this.style.display='none'\" loading=\"lazy\">\n\t\t\t\t<\/a>\n\t<\/figure>\n\t\t<h4><a href=\"\/es\/recursos\/veteranos\/?utm_source=Home&amp;utm_medium=Referral&amp;utm_campaign=211Resources&amp;utm_content=Veterans\" target=\"_self\">veteranos<\/a><\/h4><figure itemscope=\"\" itemtype=\"https:\/\/schema.org\/ImageObject\">\n\t\t\t\t<a href=\"\/es\/recursos\/veteranos\/?utm_source=Home&amp;utm_medium=Referral&amp;utm_campaign=211Resources&amp;utm_content=Veterans\" target=\"_self\" itemprop=\"url\">\n\t\t\t\t<img decoding=\"async\" src=\"https:\/\/211md.org\/wp-content\/uploads\/bb-plugin\/cache\/2025_MdInfoNet_Icon-Sets_Rating-square-6e60d00cce4faa8e0a6d4ad7366aa733-.png\" alt=\"\" onerror=\"this.style.display='none'\" loading=\"lazy\">\n\t\t\t\t<\/a>\n\t<\/figure>","protected":false},"excerpt":{"rendered":"<p>We&#8217;re making it easy to find go-to community resources in Anne Arundel County. 211&#8217;s guide to Anne Arundel County includes some of the most common resources for basic needs such as food and utility assistance. Or you can get started by searching for resources by ZIP code in 211&#8217;s Community Resource Database. Search for resources&hellip;<\/p>","protected":false},"author":8,"featured_media":0,"parent":750,"menu_order":0,"comment_status":"closed","ping_status":"closed","template":"","meta":{"footnotes":""},"class_list":["post-1696","page","type-page","status-publish","hentry"],"_links":{"self":[{"href":"https:\/\/211md.org\/es\/wp-json\/wp\/v2\/pages\/1696","targetHints":{"allow":["GET"]}}],"collection":[{"href":"https:\/\/211md.org\/es\/wp-json\/wp\/v2\/pages"}],"about":[{"href":"https:\/\/211md.org\/es\/wp-json\/wp\/v2\/types\/page"}],"author":[{"embeddable":true,"href":"https:\/\/211md.org\/es\/wp-json\/wp\/v2\/users\/8"}],"replies":[{"embeddable":true,"href":"https:\/\/211md.org\/es\/wp-json\/wp\/v2\/comments?post=1696"}],"version-history":[{"count":7,"href":"https:\/\/211md.org\/es\/wp-json\/wp\/v2\/pages\/1696\/revisions"}],"predecessor-version":[{"id":34426,"href":"https:\/\/211md.org\/es\/wp-json\/wp\/v2\/pages\/1696\/revisions\/34426"}],"up":[{"embeddable":true,"href":"https:\/\/211md.org\/es\/wp-json\/wp\/v2\/pages\/750"}],"wp:attachment":[{"href":"https:\/\/211md.org\/es\/wp-json\/wp\/v2\/media?parent=1696"}],"curies":[{"name":"Gracias","href":"https:\/\/api.w.org\/{rel}","templated":true}]}}