{"id":1698,"date":"2021-05-12T00:24:53","date_gmt":"2021-05-12T00:24:53","guid":{"rendered":"https:\/\/211md.org\/?page_id=1698"},"modified":"2025-10-29T06:59:26","modified_gmt":"2025-10-29T10:59:26","slug":"condado-de-cecil","status":"publish","type":"page","link":"https:\/\/211md.org\/es\/resources-by-county\/cecil-county\/","title":{"rendered":"Condado de Cecil"},"content":{"rendered":"<h2><a href=\"https:\/\/search.211md.org\/\" target=\"_blank\"  rel=\"noopener\">Encuentre recursos cerca de m\u00ed<\/a><\/h2>\n\t\t\t<a href=\"https:\/\/search.211md.org\/\" target=\"_blank\" rel=\"noopener\">\n\t\t\t\t\t\t\tBuscar ahora\n\t\t\t<\/a>\n\t<p><strong><a href=\"\/es\/unirse-a-nuestra-base-de-datos\/\">Agregue su agencia u organizaci\u00f3n a nuestra base de datos de recursos.<\/a><\/strong><\/p>\n\t<p>\u00bfEst\u00e1 buscando ayuda para pagar sus cuentas? El 211 puede ayudarlo a encontrar recursos en el condado de Cecil para servicios p\u00fablicos, alimentos, vivienda y m\u00e1s.<\/p>\n<p>Puede encontrar ayuda mediante:<\/p>\n<ol>\n<li><a href=\"https:\/\/search.211md.org\/\" target=\"_blank\" rel=\"noopener\">Buscando en la base de datos 211<\/a>.<\/li>\n<li>Llamar a una de las agencias que se enumeran a continuaci\u00f3n.<\/li>\n<li>Marque 211 para hablar con un especialista en informaci\u00f3n y referencias que pueda encontrar el mejor recurso para su situaci\u00f3n.<\/li>\n<\/ol>\n<p>211 ofrece ayuda 24\/7\/365.<\/p>\n\t\t<h2>\t\n\tMarque 211<\/h2><p>Con\u00e9ctese a recursos de la comunidad y soporte las 24 horas del d\u00eda, los 7 d\u00edas de la semana, los 365 d\u00edas del a\u00f1o.<\/p>\n<p>&nbsp;<\/p>\n<h2>Encontrar comida<\/h2>\n<p>Si necesita ayuda con la comida, el\u00a0<a href=\"https:\/\/search.211md.org\/search\/f1739f03a3f803f384052723112e26cc\" target=\"_blank\" rel=\"noopener\">Divulgaci\u00f3n de la Inmaculada Concepci\u00f3n<\/a>\u00a0puede ser un recurso para usted. Los especialistas en informaci\u00f3n y remisiones del 211 remiten a los residentes del condado de Cecil a la despensa de Elkton para obtener alimentos perecederos y no perecederos.<\/p>\n<p>En Elkton, el\u00a0<a href=\"https:\/\/www.cecilhelp4u.com\/Help-Center.html\" target=\"_blank\" rel=\"noopener\">Centro de ayuda del condado de Cecil<\/a>\u00a0tambi\u00e9n ofrece programas de asistencia de emergencia para residentes, como alimentos y ropa. La organizaci\u00f3n sin fines de lucro es parte de la Divisi\u00f3n de Servicios Humanos del Departamento de Servicios Comunitarios del Condado de Cecil.<\/p>\n<p>Una entrevista puede ser necesaria para la asistencia alimentaria. Llame al 410-996-0260 para comunicarse con el Centro de ayuda del condado de Cecil.<\/p>\n<p>&nbsp;<\/p>\n<h2>Apoyo para la salud mental y el abuso de sustancias<\/h2>\n<p>\u00bfEst\u00e1 buscando asesoramiento o tratamiento, apoyo para la recuperaci\u00f3n, desintoxicaci\u00f3n, m\u00e9dicos certificados de Suboxone, apoyo para veteranos, recuperaci\u00f3n del dolor, apoyo para el duelo o tratamiento de adicciones?<\/p>\n<p>\u00c9l\u00a0<a href=\"https:\/\/www.ccgov.org\/home\/showpublisheddocument?id=21957\" target=\"_blank\" rel=\"noopener\">Departamento de Salud del Condado de Cecil Centro de Recuperaci\u00f3n de Alcohol y Drogas<\/a> (ADRC) tiene una gu\u00eda completa de recursos en la comunidad para apoyar su recuperaci\u00f3n y bienestar. Puede encontrar proveedores de apoyo para la salud mental y el uso de sustancias:<\/p>\n<ul>\n<li>asesoramiento<\/li>\n<li>tratamiento de adicciones<\/li>\n<li>apoyo a la recuperaci\u00f3n<\/li>\n<li>desintoxicaci\u00f3n<\/li>\n<li>Centros de tratamiento asistido por medicamentos<\/li>\n<li>Proveedores de Vivitrol<\/li>\n<li>M\u00e9dicos certificados de Suboxone<\/li>\n<li>apoyo a veteranos (drogas y alcohol)<\/li>\n<li>proveedores de salud mental<\/li>\n<li>recuperaci\u00f3n del dolor<\/li>\n<li>apoyo al duelo por suicidio<\/li>\n<\/ul>\n<p>\u00c9l\u00a0<a href=\"https:\/\/cecilcountyhealth.org\/services\/behavioral-health\/addiction-services\/\" target=\"_blank\" rel=\"noopener\">Departamento de Salud del Condado de Cecil<\/a> Tambi\u00e9n ofrece educaci\u00f3n, evaluaci\u00f3n, intervenci\u00f3n y tratamiento sobre el abuso de sustancias. Estos servicios est\u00e1n disponibles para adolescentes y adultos y sus familias.<\/p>\n<p>T\u00fa tambi\u00e9n puedes <a href=\"https:\/\/search.988.mdinfonet.org\/\" target=\"_blank\" rel=\"noopener\">buscar en la base de datos de recursos de salud conductual m\u00e1s completa del estado<\/a>, que funciona con el respaldo de Maryland Information Network.<\/p>\n<h3>Reescribe tu gui\u00f3n<\/h3>\n<p>Si conoce a alguien que sufre de abuso de opioides o est\u00e1 buscando apoyo,\u00a0<a href=\"https:\/\/www.rewriteyourscript.org\/\" target=\"_blank\" rel=\"noopener\">Reescribe tu gui\u00f3n<\/a>\u00a0ofrece varios recursos para tratamiento, recuperaci\u00f3n, informaci\u00f3n sobre respuesta a sobredosis y prevenci\u00f3n en el condado de Cecil.<\/p>\n<p>Encuentre centros locales de tratamiento y recuperaci\u00f3n que puedan ayudarlo a usted o a alguien que conozca a encaminarse hacia la recuperaci\u00f3n.<\/p>\n<h3>mdesperanza<\/h3>\n<p>Tambi\u00e9n puede encontrar recursos, apoyo y sitios de eliminaci\u00f3n de medicamentos recetados enviando un mensaje de texto a MDHope al 898-211.<\/p>\n<p><em>211 Maryland ofrece programas de alerta de mensajes de texto que brindan informaci\u00f3n de recursos espec\u00edficos de la regi\u00f3n o brindan alertas de desastres. Env\u00eda STOP al mismo n\u00famero para cancelar la suscripci\u00f3n. T\u00e9rminos completos de SMS en <a href=\"https:\/\/211md.org\/es\/sms\/\">https:\/\/211md.org\/sms\/<\/a> tambi\u00e9n se aplicar\u00e1.<\/em><\/p>\n<p><a href=\"\/es\/about\/mensajes-de-texto\/md-esperanza\/\" rel=\"noopener\">mdesperanza<\/a>\u00a0es un programa a trav\u00e9s de 211 Maryland y Rx Abuse Leadership Initiative (RALI) de Maryland.<\/p>\n<p>&nbsp;<\/p>\n<h3><b>Buscar ayuda por categor\u00eda<\/b><\/h3>\n<p>\u00bfEst\u00e1s buscando ayuda con otra situaci\u00f3n? <a href=\"\/es\/recursos\/\">Busque en la base de datos 211.<\/a><\/p>\n\t\t<h4><a href=\"\/es\/recursos\/envejecimiento-discapacidad\/?utm_source=Home&#038;utm_medium=Referral&#038;utm_campaign=211Resources&#038;utm_content=Aging\" target=\"_self\">Envejecimiento y discapacidad<\/a><\/h4>\n\t\t\t\t<a href=\"\/es\/recursos\/envejecimiento-discapacidad\/?utm_source=Home&#038;utm_medium=Referral&#038;utm_campaign=211Resources&#038;utm_content=Aging\"  target=\"_self\" itemprop=\"url\">\n\t\t\t\t<img decoding=\"async\" src=\"https:\/\/211md.org\/wp-content\/uploads\/bb-plugin\/cache\/2025_MdInfoNet_Icon-Sets_Aging-disability-square-c466727102cae71e5f27b8539bb51945-.png\" alt=\"\" itemprop=\"image\" onerror=\"this.style.display='none'\" loading=\"lazy\" \/>\n\t\t\t\t<\/a>\n\t\t<h4><a href=\"\/es\/recursos\/ninos-familias\/?utm_source=Home&#038;utm_medium=Referral&#038;utm_campaign=211Resources&#038;utm_content=Children\" target=\"_self\">Ni\u00f1os y familias<\/a><\/h4>\n\t\t\t\t<a href=\"\/es\/recursos\/ninos-familias\/?utm_source=Home&#038;utm_medium=Referral&#038;utm_campaign=211Resources&#038;utm_content=Children\"  target=\"_self\" itemprop=\"url\">\n\t\t\t\t<img decoding=\"async\" src=\"https:\/\/211md.org\/wp-content\/uploads\/bb-plugin\/cache\/2025_211_Icon-Sets_Child-care-square-f3b0d4edab3dcc467fadb5f55f4064c6-.png\" alt=\"2025_211_Conjuntos de iconos_Cuidado infantil\" itemprop=\"image\" height=\"417\" width=\"417\" title=\"2025_211_Conjuntos de iconos_Cuidado infantil\" onerror=\"this.style.display='none'\" loading=\"lazy\" \/>\n\t\t\t\t<\/a>\n\t\t<h4><a href=\"\/es\/recursos\/violencia-domestica-familiar\/?utm_source=Home&#038;utm_medium=Referral&#038;utm_campaign=211Resources&#038;utm_content=Domestic\" target=\"_self\">Violencia dom\u00e9stica<\/a><\/h4>\n\t\t\t\t<a href=\"\/es\/recursos\/violencia-domestica-familiar\/?utm_source=Home&#038;utm_medium=Referral&#038;utm_campaign=211Resources&#038;utm_content=Domestic\"  target=\"_self\" itemprop=\"url\">\n\t\t\t\t<img decoding=\"async\" src=\"https:\/\/211md.org\/wp-content\/uploads\/bb-plugin\/cache\/2025_211_Icon-Sets_Domestic-Violence-square-7b597694a6f05fe90cdc376aa573bc63-.png\" alt=\"Icono de violencia dom\u00e9stica\" itemprop=\"image\" height=\"417\" width=\"417\" title=\"2025_211_Conjuntos de iconos_Violencia dom\u00e9stica\" onerror=\"this.style.display='none'\" loading=\"lazy\" \/>\n\t\t\t\t<\/a>\n\t\t<h4><a href=\"\/es\/recursos\/busqueda-de-empleo\/?utm_source=Home&#038;utm_medium=Referral&#038;utm_campaign=211Resources&#038;utm_content=Employment\" target=\"_self\">Empleo<\/a><\/h4>\n\t\t\t\t<a href=\"\/es\/recursos\/busqueda-de-empleo\/?utm_source=Home&#038;utm_medium=Referral&#038;utm_campaign=211Resources&#038;utm_content=Employment\"  target=\"_self\" itemprop=\"url\">\n\t\t\t\t<img decoding=\"async\" src=\"https:\/\/211md.org\/wp-content\/uploads\/bb-plugin\/cache\/2025_MdInfoNet_Icon-Sets_Employment-square-44707bd410e4df10a470bf130ebcea86-.png\" alt=\"\" itemprop=\"image\" onerror=\"this.style.display='none'\" loading=\"lazy\" \/>\n\t\t\t\t<\/a>\n\t\t<h4><a href=\"\/es\/recursos\/cuidado-de-la-salud\/?utm_source=Home&#038;utm_medium=Referral&#038;utm_campaign=211Resources&#038;utm_content=Health%20Care\" target=\"_self\">Cuidado de la salud<\/a><\/h4>\n\t\t\t\t<a href=\"\/es\/recursos\/cuidado-de-la-salud\/?utm_source=Home&#038;utm_medium=Referral&#038;utm_campaign=211Resources&#038;utm_content=Health%20Care\"  target=\"_self\" itemprop=\"url\">\n\t\t\t\t<img decoding=\"async\" src=\"https:\/\/211md.org\/wp-content\/uploads\/bb-plugin\/cache\/2025_MdInfoNet_Icon-Sets_Health-Care-square-dee98a0060cbe0e7f27eda253fc12679-.png\" alt=\"\" itemprop=\"image\" onerror=\"this.style.display='none'\" loading=\"lazy\" \/>\n\t\t\t\t<\/a>\n\t\t<h4><a href=\"\/es\/recursos\/ninos-familias\/parentesco\/?utm_source=Home&#038;utm_medium=Referral&#038;utm_campaign=211Resources&#038;utm_content=Kinship\" target=\"_self\">Parentesco<\/a><\/h4>\n\t\t\t\t<a href=\"\/es\/recursos\/ninos-familias\/parentesco\/?utm_source=Home&#038;utm_medium=Referral&#038;utm_campaign=211Resources&#038;utm_content=Kinship\"  target=\"_self\" itemprop=\"url\">\n\t\t\t\t<img decoding=\"async\" src=\"https:\/\/211md.org\/wp-content\/uploads\/bb-plugin\/cache\/2025_211_Icon-Sets_Kinship-square-45bdf872866f5735f842c32071109267-.png\" alt=\"Icono de parentesco\" itemprop=\"image\" height=\"417\" width=\"417\" title=\"2025_211_Conjuntos de iconos_Parentesco\" onerror=\"this.style.display='none'\" loading=\"lazy\" \/>\n\t\t\t\t<\/a>\n\t\t<h4><a href=\"\/es\/recursos\/servicios-legales\/?utm_source=Home&#038;utm_medium=Referral&#038;utm_campaign=211Resources&#038;utm_content=Legal\" target=\"_self\">Servicios Legales<\/a><\/h4>\n\t\t\t\t<a href=\"\/es\/recursos\/servicios-legales\/?utm_source=Home&#038;utm_medium=Referral&#038;utm_campaign=211Resources&#038;utm_content=Legal\"  target=\"_self\" itemprop=\"url\">\n\t\t\t\t<img decoding=\"async\" src=\"https:\/\/211md.org\/wp-content\/uploads\/bb-plugin\/cache\/2025_MdInfoNet_Icon-Sets_Legal-square-18fdf438feb8435588174d9046463257-.png\" alt=\"\" itemprop=\"image\" onerror=\"this.style.display='none'\" loading=\"lazy\" \/>\n\t\t\t\t<\/a>\n\t\t<h4><a href=\"\/es\/recursos\/salud-mental\/?utm_source=Home&#038;utm_medium=Referral&#038;utm_campaign=211Resources&#038;utm_content=Mental\" target=\"_self\">Salud mental<\/a><\/h4>\n\t\t\t\t<a href=\"\/es\/recursos\/salud-mental\/?utm_source=Home&#038;utm_medium=Referral&#038;utm_campaign=211Resources&#038;utm_content=Mental\"  target=\"_self\" itemprop=\"url\">\n\t\t\t\t<img decoding=\"async\" src=\"https:\/\/211md.org\/wp-content\/uploads\/bb-plugin\/cache\/2025_MdInfoNet_Icon-Sets_Mental-Health-square-c59b38c4a993a947d4c9280fbe2d2fee-.png\" alt=\"\" itemprop=\"image\" onerror=\"this.style.display='none'\" loading=\"lazy\" \/>\n\t\t\t\t<\/a>\n\t\t<h4><a href=\"\/es\/recursos\/mdreentry\/?utm_source=Home&#038;utm_medium=Referral&#038;utm_campaign=211Resources&#038;utm_content=Reentry\" target=\"_self\">Reentrada<\/a><\/h4>\n\t\t\t\t<a href=\"\/es\/recursos\/mdreentry\/?utm_source=Home&#038;utm_medium=Referral&#038;utm_campaign=211Resources&#038;utm_content=Reentry\"  target=\"_self\" itemprop=\"url\">\n\t\t\t\t<img decoding=\"async\" src=\"https:\/\/211md.org\/wp-content\/uploads\/bb-plugin\/cache\/2025_211_Icon-Sets_Reentry-square-8676fea38abd920a832f45642fe31cca-.png\" alt=\"Icono de reentrada\" itemprop=\"image\" height=\"417\" width=\"417\" title=\"2025_211_Conjuntos de iconos_Reentrada\" onerror=\"this.style.display='none'\" loading=\"lazy\" \/>\n\t\t\t\t<\/a>\n\t\t<h4><a href=\"\/es\/recursos\/consumo-de-sustancias\/?utm_source=Home&#038;utm_medium=Referral&#038;utm_campaign=211Resources&#038;utm_content=Substance\" target=\"_self\">Uso de sustancias<\/a><\/h4>\n\t\t\t\t<a href=\"\/es\/recursos\/consumo-de-sustancias\/?utm_source=Home&#038;utm_medium=Referral&#038;utm_campaign=211Resources&#038;utm_content=Substance\"  target=\"_self\" itemprop=\"url\">\n\t\t\t\t<img decoding=\"async\" src=\"https:\/\/211md.org\/wp-content\/uploads\/bb-plugin\/cache\/2025_MdInfoNet_Icon-Sets_Substance-Abuse-square-9022fec9d18a64118ad685c101885b55-.png\" alt=\"\" itemprop=\"image\" onerror=\"this.style.display='none'\" loading=\"lazy\" \/>\n\t\t\t\t<\/a>\n\t\t<h4><a href=\"\/es\/recursos\/veteranos\/?utm_source=Home&#038;utm_medium=Referral&#038;utm_campaign=211Resources&#038;utm_content=Veterans\" target=\"_self\">veteranos<\/a><\/h4>\n\t\t\t\t<a href=\"\/es\/recursos\/veteranos\/?utm_source=Home&#038;utm_medium=Referral&#038;utm_campaign=211Resources&#038;utm_content=Veterans\"  target=\"_self\" itemprop=\"url\">\n\t\t\t\t<img decoding=\"async\" src=\"https:\/\/211md.org\/wp-content\/uploads\/bb-plugin\/cache\/2025_MdInfoNet_Icon-Sets_Rating-square-6e60d00cce4faa8e0a6d4ad7366aa733-.png\" alt=\"\" itemprop=\"image\" onerror=\"this.style.display='none'\" loading=\"lazy\" \/>\n\t\t\t\t<\/a>","protected":false},"excerpt":{"rendered":"<p>Encuentre recursos cerca de m\u00ed. Busque ahora. Agregue su agencia u organizaci\u00f3n a nuestra base de datos de recursos. \u00bfNecesita ayuda para pagar sus facturas? El 211 puede ayudarle a encontrar recursos en el condado de Cecil para servicios p\u00fablicos, alimentos, vivienda y m\u00e1s. Puede encontrar ayuda: buscando en la base de datos del 211. llamando a una de las agencias que aparecen a continuaci\u00f3n. marcando el 211 para\u2026<\/p>","protected":false},"author":8,"featured_media":0,"parent":750,"menu_order":0,"comment_status":"closed","ping_status":"closed","template":"","meta":{"footnotes":""},"class_list":["post-1698","page","type-page","status-publish","hentry"],"_links":{"self":[{"href":"https:\/\/211md.org\/es\/wp-json\/wp\/v2\/pages\/1698","targetHints":{"allow":["GET"]}}],"collection":[{"href":"https:\/\/211md.org\/es\/wp-json\/wp\/v2\/pages"}],"about":[{"href":"https:\/\/211md.org\/es\/wp-json\/wp\/v2\/types\/page"}],"author":[{"embeddable":true,"href":"https:\/\/211md.org\/es\/wp-json\/wp\/v2\/users\/8"}],"replies":[{"embeddable":true,"href":"https:\/\/211md.org\/es\/wp-json\/wp\/v2\/comments?post=1698"}],"version-history":[{"count":5,"href":"https:\/\/211md.org\/es\/wp-json\/wp\/v2\/pages\/1698\/revisions"}],"predecessor-version":[{"id":34076,"href":"https:\/\/211md.org\/es\/wp-json\/wp\/v2\/pages\/1698\/revisions\/34076"}],"up":[{"embeddable":true,"href":"https:\/\/211md.org\/es\/wp-json\/wp\/v2\/pages\/750"}],"wp:attachment":[{"href":"https:\/\/211md.org\/es\/wp-json\/wp\/v2\/media?parent=1698"}],"curies":[{"name":"Gracias","href":"https:\/\/api.w.org\/{rel}","templated":true}]}}