{"id":1701,"date":"2021-05-12T00:25:17","date_gmt":"2021-05-12T00:25:17","guid":{"rendered":"https:\/\/211md.org\/?page_id=1701"},"modified":"2026-01-08T09:38:03","modified_gmt":"2026-01-08T14:38:03","slug":"condado-de-baltimore","status":"publish","type":"page","link":"https:\/\/211md.org\/es\/resources-by-county\/baltimore-county\/","title":{"rendered":"condado de baltimore"},"content":{"rendered":"<h2><a href=\"https:\/\/search.211md.org\/\" target=\"_blank\"  rel=\"noopener\">Encuentre recursos cerca de m\u00ed<\/a><\/h2>\n\t\t\t<a href=\"https:\/\/search.211md.org\/\" target=\"_blank\" rel=\"noopener\">\n\t\t\t\t\t\t\tBuscar ahora\n\t\t\t<\/a>\n\t<p><strong><a href=\"\/es\/unirse-a-nuestra-base-de-datos\/\">Agregue su agencia u organizaci\u00f3n a nuestra base de datos de recursos.<\/a><\/strong><\/p>\n<p>\u00bfVive en Dundalk, Woodlawn, Gyndon, Worthington, Owings Mills, Towson, Middle River, Milford Mill, Cockeysville o alguna de las muchas otras comunidades del condado de Baltimore? Hay ayuda disponible las 24 horas, los 7 d\u00edas de la semana, los 365 d\u00edas del a\u00f1o. Llame al 211.<\/p>\n<p>211 Maryland est\u00e1 facilitando la conexi\u00f3n con recursos que pueden ayudarlo a prosperar.<\/p>\n<h2>Vale de elecci\u00f3n de vivienda<\/h2>\n<p>Si necesita ayuda para pagar el alquiler, puede ser elegible para el <a href=\"https:\/\/www.baltimorecountymd.gov\/departments\/housing\/housing-programs\" target=\"_blank\" rel=\"noopener\">Programa de vales de elecci\u00f3n de vivienda (HCV)<\/a>, que sol\u00eda llamarse Secci\u00f3n 8. Puede haber una lista de espera. Su lugar en la lista est\u00e1 determinado por los datos y el tiempo de su solicitud.<\/p>\n<p><a href=\"https:\/\/baltimorecounty.myhousing.com\/?abandon=False\" target=\"_blank\" rel=\"noopener\">Solicitar listas de espera de vivienda en el condado de Baltimore<\/a>.<\/p>\n<h2><b>Alimento<\/b><\/h2>\n<p>Si necesita alimentos, es posible que pueda obtener apoyo del <a href=\"https:\/\/www.canconnects.org\/food-pantry\" target=\"_blank\" rel=\"noopener\">Red de Asistencia Comunitaria Despensa de Elecci\u00f3n Comunitaria<\/a>. El programa de ingresos elegibles ofrece desayuno, almuerzo, cena y dos refrigerios por d\u00eda durante una semana (7 d\u00edas). Si es elegible, puede recibir alimentos complementarios una vez cada 30 d\u00edas.<\/p>\n<p>Tienes que proporcionar documentaci\u00f3n para solicitar ayuda a trav\u00e9s de la despensa de alimentos. Tambi\u00e9n puede encontrar programas de alimentos y apoyo en el condado de Baltimore, en el <a href=\"https:\/\/search.211md.org\/\" target=\"_blank\" rel=\"noopener\">base de datos 211<\/a> o aprender sobre <a href=\"https:\/\/211md.org\/es\/recursos\/alimento\/\">programas de alimentos como SNAP disponibles<\/a> a individuos y familias elegibles.<\/p>\n<h2><b>Asistencia de servicios p\u00fablicos<\/b><\/h2>\n<p>El Departamento de Servicios Sociales del Condado de Baltimore tambi\u00e9n puede ayudar a los residentes a solicitar asistencia energ\u00e9tica. Hay varias formas de obtener ayuda: con una subvenci\u00f3n estatal como el Programa de Asistencia de Energ\u00eda de Maryland (MEAP) de la Oficina de Programas de Energ\u00eda para el Hogar (OHEP), el Fondo de Combustible si es cliente de BG&amp;E o con un plan de pago de su empresa de servicios p\u00fablicos como BG&amp;E.\u00a0<a href=\"\/es\/recursos\/asistencia-de-servicios-publicos\/\" rel=\"noopener\">Conozca todas sus opciones para pagar su factura de servicios p\u00fablicos<\/a>.<\/p>\n<h2>Preparaci\u00f3n de impuestos en el condado de Baltimore<\/h2>\n<p>\u00bfEst\u00e1 buscando ayuda para declarar sus impuestos? En el condado de Baltimore, puede obtener ayuda de CASH Campaign of Maryland. Tienen una ubicaci\u00f3n en Randallstown, Catonsville y Dundalk si gan\u00f3 $60,000 o menos. <a href=\"https:\/\/cashmd.org\/baltimore-locations\/\" target=\"_blank\" rel=\"noopener\">hacer una cita<\/a>t para obtener ayuda con sus impuestos en el condado de Baltimore.<\/p>\n<p>Tambi\u00e9n puede buscar un proveedor gratuito de preparaci\u00f3n de impuestos en el <a href=\"https:\/\/search.211md.org\/\" target=\"_blank\" rel=\"noopener\">211 base de datos de recursos<\/a>.<\/p>\n<h2>Nuevos americanos<\/h2>\n<p>Si es nuevo en la ciudad o el condado de Baltimore, puede llamar al 211 para obtener asistencia migratoria integral. Puede <a href=\"https:\/\/211md.org\/es\/recursos\/nuevo-en-los-estados-unidos-y-maryland\/\">encontrar recursos<\/a> que apoyan a los nuevos americanos desde la educaci\u00f3n hasta la naturalizaci\u00f3n.<\/p>\n<p>Tambi\u00e9n puede obtener apoyo espec\u00edfico de Baltimore de la Oficina de Asuntos de Inmigrantes del Alcalde. Ellos tienen <a href=\"https:\/\/mima.baltimorecity.gov\/wg\" target=\"_blank\" rel=\"noopener\">recursos por categor\u00eda<\/a> y tambi\u00e9n un <a href=\"https:\/\/mima.baltimorecity.gov\/node\/15969\" target=\"_blank\" rel=\"noopener\">Bienvenido a la Gu\u00eda de Baltimore,<\/a> disponible en varios idiomas.<\/p>\n\t\t<h4><a href=\"\/es\/recursos\/envejecimiento-discapacidad\/?utm_source=Home&#038;utm_medium=Referral&#038;utm_campaign=211Resources&#038;utm_content=Aging\" target=\"_self\">Envejecimiento y discapacidad<\/a><\/h4>\n\t\t\t\t<a href=\"\/es\/recursos\/envejecimiento-discapacidad\/?utm_source=Home&#038;utm_medium=Referral&#038;utm_campaign=211Resources&#038;utm_content=Aging\"  target=\"_self\" itemprop=\"url\">\n\t\t\t\t<img decoding=\"async\" src=\"https:\/\/211md.org\/wp-content\/uploads\/bb-plugin\/cache\/2025_MdInfoNet_Icon-Sets_Aging-disability-square-c466727102cae71e5f27b8539bb51945-.png\" alt=\"\" itemprop=\"image\" onerror=\"this.style.display='none'\" loading=\"lazy\" \/>\n\t\t\t\t<\/a>\n\t\t<h4><a href=\"\/es\/recursos\/ninos-familias\/?utm_source=Home&#038;utm_medium=Referral&#038;utm_campaign=211Resources&#038;utm_content=Children\" target=\"_self\">Ni\u00f1os y familias<\/a><\/h4>\n\t\t\t\t<a href=\"\/es\/recursos\/ninos-familias\/?utm_source=Home&#038;utm_medium=Referral&#038;utm_campaign=211Resources&#038;utm_content=Children\"  target=\"_self\" itemprop=\"url\">\n\t\t\t\t<img decoding=\"async\" src=\"https:\/\/211md.org\/wp-content\/uploads\/bb-plugin\/cache\/2025_211_Icon-Sets_Child-care-square-f3b0d4edab3dcc467fadb5f55f4064c6-.png\" alt=\"2025_211_Conjuntos de iconos_Cuidado infantil\" itemprop=\"image\" height=\"417\" width=\"417\" title=\"2025_211_Conjuntos de iconos_Cuidado infantil\" onerror=\"this.style.display='none'\" loading=\"lazy\" \/>\n\t\t\t\t<\/a>\n\t\t<h4><a href=\"\/es\/recursos\/violencia-domestica-familiar\/?utm_source=Home&#038;utm_medium=Referral&#038;utm_campaign=211Resources&#038;utm_content=Domestic\" target=\"_self\">Violencia dom\u00e9stica<\/a><\/h4>\n\t\t\t\t<a href=\"\/es\/recursos\/violencia-domestica-familiar\/?utm_source=Home&#038;utm_medium=Referral&#038;utm_campaign=211Resources&#038;utm_content=Domestic\"  target=\"_self\" itemprop=\"url\">\n\t\t\t\t<img decoding=\"async\" src=\"https:\/\/211md.org\/wp-content\/uploads\/bb-plugin\/cache\/2025_211_Icon-Sets_Domestic-Violence-square-7b597694a6f05fe90cdc376aa573bc63-.png\" alt=\"Icono de violencia dom\u00e9stica\" itemprop=\"image\" height=\"417\" width=\"417\" title=\"2025_211_Conjuntos de iconos_Violencia dom\u00e9stica\" onerror=\"this.style.display='none'\" loading=\"lazy\" \/>\n\t\t\t\t<\/a>\n\t\t<h4><a href=\"\/es\/recursos\/busqueda-de-empleo\/?utm_source=Home&#038;utm_medium=Referral&#038;utm_campaign=211Resources&#038;utm_content=Employment\" target=\"_self\">Empleo<\/a><\/h4>\n\t\t\t\t<a href=\"\/es\/recursos\/busqueda-de-empleo\/?utm_source=Home&#038;utm_medium=Referral&#038;utm_campaign=211Resources&#038;utm_content=Employment\"  target=\"_self\" itemprop=\"url\">\n\t\t\t\t<img decoding=\"async\" src=\"https:\/\/211md.org\/wp-content\/uploads\/bb-plugin\/cache\/2025_MdInfoNet_Icon-Sets_Employment-square-44707bd410e4df10a470bf130ebcea86-.png\" alt=\"\" itemprop=\"image\" onerror=\"this.style.display='none'\" loading=\"lazy\" \/>\n\t\t\t\t<\/a>\n\t\t<h4><a href=\"\/es\/recursos\/cuidado-de-la-salud\/?utm_source=Home&#038;utm_medium=Referral&#038;utm_campaign=211Resources&#038;utm_content=Health%20Care\" target=\"_self\">Cuidado de la salud<\/a><\/h4>\n\t\t\t\t<a href=\"\/es\/recursos\/cuidado-de-la-salud\/?utm_source=Home&#038;utm_medium=Referral&#038;utm_campaign=211Resources&#038;utm_content=Health%20Care\"  target=\"_self\" itemprop=\"url\">\n\t\t\t\t<img decoding=\"async\" src=\"https:\/\/211md.org\/wp-content\/uploads\/bb-plugin\/cache\/2025_MdInfoNet_Icon-Sets_Health-Care-square-dee98a0060cbe0e7f27eda253fc12679-.png\" alt=\"\" itemprop=\"image\" onerror=\"this.style.display='none'\" loading=\"lazy\" \/>\n\t\t\t\t<\/a>\n\t\t<h4><a href=\"\/es\/recursos\/ninos-familias\/parentesco\/?utm_source=Home&#038;utm_medium=Referral&#038;utm_campaign=211Resources&#038;utm_content=Kinship\" target=\"_self\">Parentesco<\/a><\/h4>\n\t\t\t\t<a href=\"\/es\/recursos\/ninos-familias\/parentesco\/?utm_source=Home&#038;utm_medium=Referral&#038;utm_campaign=211Resources&#038;utm_content=Kinship\"  target=\"_self\" itemprop=\"url\">\n\t\t\t\t<img decoding=\"async\" src=\"https:\/\/211md.org\/wp-content\/uploads\/bb-plugin\/cache\/2025_211_Icon-Sets_Kinship-square-45bdf872866f5735f842c32071109267-.png\" alt=\"Icono de parentesco\" itemprop=\"image\" height=\"417\" width=\"417\" title=\"2025_211_Conjuntos de iconos_Parentesco\" onerror=\"this.style.display='none'\" loading=\"lazy\" \/>\n\t\t\t\t<\/a>\n\t\t<h4><a href=\"\/es\/recursos\/servicios-legales\/?utm_source=Home&#038;utm_medium=Referral&#038;utm_campaign=211Resources&#038;utm_content=Legal\" target=\"_self\">Servicios Legales<\/a><\/h4>\n\t\t\t\t<a href=\"\/es\/recursos\/servicios-legales\/?utm_source=Home&#038;utm_medium=Referral&#038;utm_campaign=211Resources&#038;utm_content=Legal\"  target=\"_self\" itemprop=\"url\">\n\t\t\t\t<img decoding=\"async\" src=\"https:\/\/211md.org\/wp-content\/uploads\/bb-plugin\/cache\/2025_MdInfoNet_Icon-Sets_Legal-square-18fdf438feb8435588174d9046463257-.png\" alt=\"\" itemprop=\"image\" onerror=\"this.style.display='none'\" loading=\"lazy\" \/>\n\t\t\t\t<\/a>\n\t\t<h4><a href=\"\/es\/recursos\/salud-mental\/?utm_source=Home&#038;utm_medium=Referral&#038;utm_campaign=211Resources&#038;utm_content=Mental\" target=\"_self\">Salud mental<\/a><\/h4>\n\t\t\t\t<a href=\"\/es\/recursos\/salud-mental\/?utm_source=Home&#038;utm_medium=Referral&#038;utm_campaign=211Resources&#038;utm_content=Mental\"  target=\"_self\" itemprop=\"url\">\n\t\t\t\t<img decoding=\"async\" src=\"https:\/\/211md.org\/wp-content\/uploads\/bb-plugin\/cache\/2025_MdInfoNet_Icon-Sets_Mental-Health-square-c59b38c4a993a947d4c9280fbe2d2fee-.png\" alt=\"\" itemprop=\"image\" onerror=\"this.style.display='none'\" loading=\"lazy\" \/>\n\t\t\t\t<\/a>\n\t\t<h4><a href=\"\/es\/recursos\/mdreentry\/?utm_source=Home&#038;utm_medium=Referral&#038;utm_campaign=211Resources&#038;utm_content=Reentry\" target=\"_self\">Reentrada<\/a><\/h4>\n\t\t\t\t<a href=\"\/es\/recursos\/mdreentry\/?utm_source=Home&#038;utm_medium=Referral&#038;utm_campaign=211Resources&#038;utm_content=Reentry\"  target=\"_self\" itemprop=\"url\">\n\t\t\t\t<img decoding=\"async\" src=\"https:\/\/211md.org\/wp-content\/uploads\/bb-plugin\/cache\/2025_211_Icon-Sets_Reentry-square-8676fea38abd920a832f45642fe31cca-.png\" alt=\"Icono de reentrada\" itemprop=\"image\" height=\"417\" width=\"417\" title=\"2025_211_Conjuntos de iconos_Reentrada\" onerror=\"this.style.display='none'\" loading=\"lazy\" \/>\n\t\t\t\t<\/a>\n\t\t<h4><a href=\"\/es\/recursos\/consumo-de-sustancias\/?utm_source=Home&#038;utm_medium=Referral&#038;utm_campaign=211Resources&#038;utm_content=Substance\" target=\"_self\">Uso de sustancias<\/a><\/h4>\n\t\t\t\t<a href=\"\/es\/recursos\/consumo-de-sustancias\/?utm_source=Home&#038;utm_medium=Referral&#038;utm_campaign=211Resources&#038;utm_content=Substance\"  target=\"_self\" itemprop=\"url\">\n\t\t\t\t<img decoding=\"async\" src=\"https:\/\/211md.org\/wp-content\/uploads\/bb-plugin\/cache\/2025_MdInfoNet_Icon-Sets_Substance-Abuse-square-9022fec9d18a64118ad685c101885b55-.png\" alt=\"\" itemprop=\"image\" onerror=\"this.style.display='none'\" loading=\"lazy\" \/>\n\t\t\t\t<\/a>\n\t\t<h4><a href=\"\/es\/recursos\/veteranos\/?utm_source=Home&#038;utm_medium=Referral&#038;utm_campaign=211Resources&#038;utm_content=Veterans\" target=\"_self\">veteranos<\/a><\/h4>\n\t\t\t\t<a href=\"\/es\/recursos\/veteranos\/?utm_source=Home&#038;utm_medium=Referral&#038;utm_campaign=211Resources&#038;utm_content=Veterans\"  target=\"_self\" itemprop=\"url\">\n\t\t\t\t<img decoding=\"async\" src=\"https:\/\/211md.org\/wp-content\/uploads\/bb-plugin\/cache\/2025_MdInfoNet_Icon-Sets_Rating-square-6e60d00cce4faa8e0a6d4ad7366aa733-.png\" alt=\"\" itemprop=\"image\" onerror=\"this.style.display='none'\" loading=\"lazy\" \/>\n\t\t\t\t<\/a>","protected":false},"excerpt":{"rendered":"<p>Encuentre recursos cerca de m\u00ed. Busque ahora. Agregue su agencia u organizaci\u00f3n a nuestra base de datos de recursos. \u00bfVive en Dundalk, Woodlawn, Gyndon, Worthington, Owings Mills, Towson, Middle River, Milford Mill, Cockeysville o alguna de las muchas otras comunidades del condado de Baltimore? Hay ayuda disponible las 24 horas, los 7 d\u00edas de la semana, los 365 d\u00edas del a\u00f1o. Llame al 211. 211 Maryland facilita la conexi\u00f3n con\u2026<\/p>","protected":false},"author":8,"featured_media":33784,"parent":750,"menu_order":0,"comment_status":"closed","ping_status":"closed","template":"","meta":{"footnotes":""},"class_list":["post-1701","page","type-page","status-publish","has-post-thumbnail","hentry"],"_links":{"self":[{"href":"https:\/\/211md.org\/es\/wp-json\/wp\/v2\/pages\/1701","targetHints":{"allow":["GET"]}}],"collection":[{"href":"https:\/\/211md.org\/es\/wp-json\/wp\/v2\/pages"}],"about":[{"href":"https:\/\/211md.org\/es\/wp-json\/wp\/v2\/types\/page"}],"author":[{"embeddable":true,"href":"https:\/\/211md.org\/es\/wp-json\/wp\/v2\/users\/8"}],"replies":[{"embeddable":true,"href":"https:\/\/211md.org\/es\/wp-json\/wp\/v2\/comments?post=1701"}],"version-history":[{"count":3,"href":"https:\/\/211md.org\/es\/wp-json\/wp\/v2\/pages\/1701\/revisions"}],"predecessor-version":[{"id":34073,"href":"https:\/\/211md.org\/es\/wp-json\/wp\/v2\/pages\/1701\/revisions\/34073"}],"up":[{"embeddable":true,"href":"https:\/\/211md.org\/es\/wp-json\/wp\/v2\/pages\/750"}],"wp:featuredmedia":[{"embeddable":true,"href":"https:\/\/211md.org\/es\/wp-json\/wp\/v2\/media\/33784"}],"wp:attachment":[{"href":"https:\/\/211md.org\/es\/wp-json\/wp\/v2\/media?parent=1701"}],"curies":[{"name":"Gracias","href":"https:\/\/api.w.org\/{rel}","templated":true}]}}