{"id":1703,"date":"2021-05-12T00:25:34","date_gmt":"2021-05-12T00:25:34","guid":{"rendered":"https:\/\/211md.org\/?page_id=1703"},"modified":"2026-02-04T09:38:24","modified_gmt":"2026-02-04T14:38:24","slug":"condado-de-frederick","status":"publish","type":"page","link":"https:\/\/211md.org\/es\/resources-by-county\/frederick-county\/","title":{"rendered":"condado de frederick"},"content":{"rendered":"<h2><a href=\"https:\/\/search.211md.org\/\" target=\"_blank\"  rel=\"noopener\">Encuentre recursos cerca de m\u00ed<\/a><\/h2>\n\t\t\t<a href=\"https:\/\/search.211md.org\/\" target=\"_blank\" rel=\"noopener\">\n\t\t\t\t\t\t\tBuscar ahora\n\t\t\t<\/a>\n\t<p><strong><a href=\"\/es\/unirse-a-nuestra-base-de-datos\/\">Agregue su agencia u organizaci\u00f3n a nuestra base de datos de recursos.<\/a><\/strong><\/p>\n\t<p>\u00bfVive en Frederick o en una de las comunidades circundantes, incluidas Ballenger Creek, Buckeystown, New Market, Mount Airy, Woodsboro, Braddock Heights o Middletown?<\/p>\n<p>Marque 2-1-1 para conectarse a recursos esenciales.<\/p>\n<p>Tambi\u00e9n puede buscar en la base de datos para encontrar recursos cerca de usted.<\/p>\n\t\t<h2>\t\n\tLlame al 2-1-1<\/h2><p>Con\u00e9ctese a recursos de la comunidad y soporte las 24 horas del d\u00eda, los 7 d\u00edas de la semana, los 365 d\u00edas del a\u00f1o.<\/p>\n<p>&nbsp;<\/p>\n<h2>Servicios de salud mental sin cita previa en el condado de Frederick<\/h2>\n<p>En el condado de Frederick, el <strong><a href=\"https:\/\/fcmha.org\/\" target=\"_blank\" rel=\"noopener\">Asociaci\u00f3n de Salud Mental del Condado de Frederick<\/a><\/strong> (MHA) es un centro de llamadas 211 que ofrece asistencia en caso de crisis las 24 horas del d\u00eda, los 7 d\u00edas de la semana, los 365 d\u00edas del a\u00f1o.<\/p>\n<p>MHA tiene una urgencia <strong><a href=\"https:\/\/fcmha.org\/how-we-help\/behavioral-health\" target=\"_blank\" rel=\"noopener\">servicio de salud conductual sin cita previa<\/a><\/strong> en Frederick, Maryland, ubicaci\u00f3n. Los consejeros est\u00e1n disponibles las 24 horas del d\u00eda, los 7 d\u00edas de la semana para ayudar con una crisis de salud mental, familiar o de relaci\u00f3n.<\/p>\nLa cl\u00ednica sin cita previa est\u00e1 ubicada en:<br \/>\n340 Montevue Lane<br \/>\nFederico, MD 21702\n<p>Tambi\u00e9n puedes usar sus <a href=\"https:\/\/fcmha.org\/how-we-help\/behavioral-health\/telehealth\/\" target=\"_blank\" rel=\"noopener\">servicios virtuales sin cita previa<\/a>.<\/p>\n<p>Si necesita ayuda inmediata, tambi\u00e9n puede llamar o enviar un mensaje de texto al 988. Tambi\u00e9n puede<a href=\"https:\/\/search.988.mdinfonet.org\/\" target=\"_blank\" rel=\"noopener\"> buscar en el recurso de salud conductual del estado<\/a> base de datos, desarrollada por Maryland Information Network.<\/p>\n<h3>Servicios de terapia y asesoramiento.<\/h3>\n<p>Los servicios de terapia y psiqui\u00e1tricos tambi\u00e9n est\u00e1n disponibles por una tarifa m\u00f3vil. Pueden ayudar con:<\/p>\n<ul>\n<li>parejas\/problemas matrimoniales<\/li>\n<li>problemas de conducta infantil<\/li>\n<li>transiciones de vida o trauma<\/li>\n<li>depresi\u00f3n<\/li>\n<li>des\u00f3rdenes de ansiedad<\/li>\n<li>enojo<\/li>\n<li>Trastorno por D\u00e9ficit de Atenci\u00f3n e Hiperactividad (TDAH).<\/li>\n<\/ul>\n<p><strong><a href=\"https:\/\/fcmha.org\/how-we-help\/counseling-services\" target=\"_blank\" rel=\"noopener\">M\u00e1s informaci\u00f3n sobre estos servicios de asesoramiento<\/a><\/strong>y concertar una cita.<\/p>\n<p>MHA tambi\u00e9n ofrece\u00a0<strong><a href=\"https:\/\/fcmha.org\/how-we-help\/support-groups\" target=\"_blank\" rel=\"noopener\">grupos de apoyo<\/a><\/strong> para familias que han perdido a un ser querido por suicidio y sobrevivientes de suicidio. Usted no est\u00e1 solo. Maneje el duelo severo, la culpa, la ira, la depresi\u00f3n y el olvido con un grupo de apoyo.<\/p>\n<h2>Ayuda m\u00e9dica<\/h2>\n<p>La Coalici\u00f3n Religiosa para las Necesidades Humanas de Emergencia proporciona <a href=\"https:\/\/thereligiouscoalition.org\/need-help\/healthcare-programs\/\" target=\"_blank\" rel=\"noopener\">prescripci\u00f3n y asistencia dental<\/a>. Ayudan a unos cientos de personas cada a\u00f1o a trav\u00e9s de estos programas.<\/p>\n<p>El programa de medicamentos recetados brinda asistencia a las personas que necesitan ayuda para pagar los medicamentos que salvan vidas. Las recetas se surten en las farmacias asociadas.<\/p>\n<h3>ayuda dental<\/h3>\n<p>El programa dental est\u00e1 disponible para los residentes del condado de Frederick mayores de 51 a\u00f1os que necesitan ayuda dental de emergencia con procedimientos dentales simples.<\/p>\n<p>Para los ni\u00f1os, hay una cl\u00ednica dental pedi\u00e1trica en el <a href=\"https:\/\/health.frederickcountymd.gov\/264\/Dental-Clinic\" target=\"_blank\" rel=\"noopener\">Departamento de Salud del Condado de Frederick<\/a> para los ni\u00f1os sin seguro o los que tienen asistencia m\u00e9dica. Los servicios dentales se brindan a ni\u00f1os de 1 a 18 a\u00f1os, incluidos ni\u00f1os con necesidades especiales. Los ni\u00f1os pueden recibir limpiezas dentales de rutina, radiograf\u00edas, fl\u00faor, empastes, selladores y extracciones de rutina.<\/p>\n<p>Si bien los adultos no pueden recibir tratamiento en la Cl\u00ednica Dental del Departamento de Salud, se proporcionan vales para reducir el costo de las cirug\u00edas dentales en los consultorios privados locales de cirujanos orales.<\/p>\n<p>Si no califica para uno de estos programas dentales en el condado de Frederick, tambi\u00e9n puede <a href=\"https:\/\/211md.org\/es\/recursos\/cuidado-de-la-salud\/cuidado-dental\/\">aprender sobre otra asistencia dental<\/a> en Maryland.<\/p>\n<h3>Ex\u00e1menes de atenci\u00f3n preventiva<\/h3>\n<p>La Divisi\u00f3n de Servicios de Salud Comunitarios del Condado de Frederick proporciona <a href=\"https:\/\/health.frederickcountymd.gov\/218\/Preventive-Health-Services\" target=\"_blank\" rel=\"noopener\">servicios gratuitos de salud preventiva<\/a>. Las personas elegibles pueden obtener una prueba de detecci\u00f3n de c\u00e1ncer colorrectal, c\u00e1ncer de mama o c\u00e1ncer de cuello uterino sin costo alguno. Tambi\u00e9n tienen un <a href=\"https:\/\/health.frederickcountymd.gov\/499\/Healthy-Hearts-Blood-Pressure-Self-Monit\" target=\"_blank\" rel=\"noopener\">Programa de presi\u00f3n arterial de Healthy Hearts<\/a>, que brinda orientaci\u00f3n y apoyo a adultos con presi\u00f3n arterial alta.<\/p>\n<h2>Refugio para indigentes<\/h2>\n<p>Si usted o alguien que conoce necesita vivienda de emergencia, puede obtener ayuda en el <a href=\"https:\/\/thereligiouscoalition.org\/need-help\/emergency-shelter-programs\/\" target=\"_blank\" rel=\"noopener\">Alan P Linton, Jr. Refugio de emergencia<\/a>. Es la instalaci\u00f3n m\u00e1s grande del condado de Frederick, con 88 camas para adultos sin hogar.<\/p>\n<p>La Coalici\u00f3n Religiosa para las Necesidades Humanas de Emergencia tambi\u00e9n tiene una <a href=\"https:\/\/thereligiouscoalition.org\/need-help\/emergency-shelter-programs\/emergency-family-shelter\/\" target=\"_blank\" rel=\"noopener\">refugio familiar de emergencia<\/a>.<\/p>\n<p>La organizaci\u00f3n tambi\u00e9n trabaja con personas en la transici\u00f3n a una vivienda permanente. <a href=\"https:\/\/thereligiouscoalition.org\/need-help\/after-shelter-programs\/\" target=\"_blank\" rel=\"noopener\">Despu\u00e9s de la tormenta<\/a> proporciona a los clientes elegibles del albergue ayuda para la vivienda durante un a\u00f1o. El programa incluye asesoramiento sobre presupuestos, apoyo con la gesti\u00f3n de casos, posible ayuda con el dep\u00f3sito de seguridad, asistencia con el alquiler, ayuda con los servicios p\u00fablicos, cursos de capacitaci\u00f3n, ayuda con medicamentos recetados y una remisi\u00f3n a Second Chance Garage para obtener ayuda con un autom\u00f3vil.<\/p>\n<h3>Soporte de transporte<\/h3>\n<p>Si trabaja con una agencia de servicios humanos y de salud en el condado de Frederick y necesita ayuda con el transporte, puede ser elegible para recibir ayuda de <a href=\"https:\/\/secondchancesgarage.org\/receive-a-car\/\" target=\"_blank\" rel=\"noopener\">Garaje de segundas oportunidades<\/a>. Es un programa de veh\u00edculos de bajo costo. La organizaci\u00f3n trabaja con <a href=\"https:\/\/secondchancesgarage.org\/partner-agencies\/\" target=\"_blank\" rel=\"noopener\">estas agencias asociadas<\/a>. Debe recibir apoyo continuo de uno de ellos o ser un reci\u00e9n graduado de su programa. La agencia asociada determina la elegibilidad.<\/p>\n<p>El p\u00fablico en general tambi\u00e9n puede adquirir un coche econ\u00f3mico en Second Chances Garage. No hay planes de financiaci\u00f3n ni de pago, y los ingresos respaldan el programa de socios para quienes lo necesitan.<\/p>\n<h2><b>Consigue ayuda ahora<\/b><\/h2>\n<p>\u00bfNecesita ayuda para presentar sus impuestos, encontrar una despensa de alimentos o completar una solicitud de asistencia de servicios p\u00fablicos? Marque el 2-1-1 y un especialista en informaci\u00f3n y referencias puede ayudarlo las 24 horas del d\u00eda, los 7 d\u00edas de la semana, los 365 d\u00edas del a\u00f1o.<\/p>\n<p>El 211 lo conectar\u00e1 con un recurso local, incluido el <a href=\"https:\/\/dhs.maryland.gov\/local-offices\/frederick-county\/\" target=\"_blank\" rel=\"noopener\">Departamento de Servicios Sociales del Condado de Frederick<\/a>, que tambi\u00e9n brinda apoyo, incluidos cupones de alimentos, asistencia temporal en efectivo, becas para cuidado infantil, Medicaid y m\u00e1s.<\/p>\n<p>Tambi\u00e9n puede buscar recursos por categor\u00eda.<\/p>\n\t\t<h4><a href=\"\/es\/recursos\/envejecimiento-discapacidad\/?utm_source=Home&#038;utm_medium=Referral&#038;utm_campaign=211Resources&#038;utm_content=Aging\" target=\"_self\">Envejecimiento y discapacidad<\/a><\/h4>\n\t\t\t\t<a href=\"\/es\/recursos\/envejecimiento-discapacidad\/?utm_source=Home&#038;utm_medium=Referral&#038;utm_campaign=211Resources&#038;utm_content=Aging\"  target=\"_self\" itemprop=\"url\">\n\t\t\t\t<img decoding=\"async\" src=\"https:\/\/211md.org\/wp-content\/uploads\/bb-plugin\/cache\/2025_MdInfoNet_Icon-Sets_Aging-disability-square-c466727102cae71e5f27b8539bb51945-.png\" alt=\"\" itemprop=\"image\" onerror=\"this.style.display='none'\" loading=\"lazy\" \/>\n\t\t\t\t<\/a>\n\t\t<h4><a href=\"\/es\/recursos\/ninos-familias\/?utm_source=Home&#038;utm_medium=Referral&#038;utm_campaign=211Resources&#038;utm_content=Children\" target=\"_self\">Ni\u00f1os y familias<\/a><\/h4>\n\t\t\t\t<a href=\"\/es\/recursos\/ninos-familias\/?utm_source=Home&#038;utm_medium=Referral&#038;utm_campaign=211Resources&#038;utm_content=Children\"  target=\"_self\" itemprop=\"url\">\n\t\t\t\t<img decoding=\"async\" src=\"https:\/\/211md.org\/wp-content\/uploads\/bb-plugin\/cache\/2025_211_Icon-Sets_Child-care-square-f3b0d4edab3dcc467fadb5f55f4064c6-.png\" alt=\"2025_211_Conjuntos de iconos_Cuidado infantil\" itemprop=\"image\" height=\"417\" width=\"417\" title=\"2025_211_Conjuntos de iconos_Cuidado infantil\" onerror=\"this.style.display='none'\" loading=\"lazy\" \/>\n\t\t\t\t<\/a>\n\t\t<h4><a href=\"\/es\/recursos\/violencia-domestica-familiar\/?utm_source=Home&#038;utm_medium=Referral&#038;utm_campaign=211Resources&#038;utm_content=Domestic\" target=\"_self\">Violencia dom\u00e9stica<\/a><\/h4>\n\t\t\t\t<a href=\"\/es\/recursos\/violencia-domestica-familiar\/?utm_source=Home&#038;utm_medium=Referral&#038;utm_campaign=211Resources&#038;utm_content=Domestic\"  target=\"_self\" itemprop=\"url\">\n\t\t\t\t<img decoding=\"async\" src=\"https:\/\/211md.org\/wp-content\/uploads\/bb-plugin\/cache\/2025_211_Icon-Sets_Domestic-Violence-square-7b597694a6f05fe90cdc376aa573bc63-.png\" alt=\"Icono de violencia dom\u00e9stica\" itemprop=\"image\" height=\"417\" width=\"417\" title=\"2025_211_Conjuntos de iconos_Violencia dom\u00e9stica\" onerror=\"this.style.display='none'\" loading=\"lazy\" \/>\n\t\t\t\t<\/a>\n\t\t<h4><a href=\"\/es\/recursos\/busqueda-de-empleo\/?utm_source=Home&#038;utm_medium=Referral&#038;utm_campaign=211Resources&#038;utm_content=Employment\" target=\"_self\">Empleo<\/a><\/h4>\n\t\t\t\t<a href=\"\/es\/recursos\/busqueda-de-empleo\/?utm_source=Home&#038;utm_medium=Referral&#038;utm_campaign=211Resources&#038;utm_content=Employment\"  target=\"_self\" itemprop=\"url\">\n\t\t\t\t<img decoding=\"async\" src=\"https:\/\/211md.org\/wp-content\/uploads\/bb-plugin\/cache\/2025_MdInfoNet_Icon-Sets_Employment-square-44707bd410e4df10a470bf130ebcea86-.png\" alt=\"\" itemprop=\"image\" onerror=\"this.style.display='none'\" loading=\"lazy\" \/>\n\t\t\t\t<\/a>\n\t\t<h4><a href=\"\/es\/recursos\/cuidado-de-la-salud\/?utm_source=Home&#038;utm_medium=Referral&#038;utm_campaign=211Resources&#038;utm_content=Health%20Care\" target=\"_self\">Cuidado de la salud<\/a><\/h4>\n\t\t\t\t<a href=\"\/es\/recursos\/cuidado-de-la-salud\/?utm_source=Home&#038;utm_medium=Referral&#038;utm_campaign=211Resources&#038;utm_content=Health%20Care\"  target=\"_self\" itemprop=\"url\">\n\t\t\t\t<img decoding=\"async\" src=\"https:\/\/211md.org\/wp-content\/uploads\/bb-plugin\/cache\/2025_MdInfoNet_Icon-Sets_Health-Care-square-dee98a0060cbe0e7f27eda253fc12679-.png\" alt=\"\" itemprop=\"image\" onerror=\"this.style.display='none'\" loading=\"lazy\" \/>\n\t\t\t\t<\/a>\n\t\t<h4><a href=\"\/es\/recursos\/ninos-familias\/parentesco\/?utm_source=Home&#038;utm_medium=Referral&#038;utm_campaign=211Resources&#038;utm_content=Kinship\" target=\"_self\">Parentesco<\/a><\/h4>\n\t\t\t\t<a href=\"\/es\/recursos\/ninos-familias\/parentesco\/?utm_source=Home&#038;utm_medium=Referral&#038;utm_campaign=211Resources&#038;utm_content=Kinship\"  target=\"_self\" itemprop=\"url\">\n\t\t\t\t<img decoding=\"async\" src=\"https:\/\/211md.org\/wp-content\/uploads\/bb-plugin\/cache\/2025_211_Icon-Sets_Kinship-square-45bdf872866f5735f842c32071109267-.png\" alt=\"Icono de parentesco\" itemprop=\"image\" height=\"417\" width=\"417\" title=\"2025_211_Conjuntos de iconos_Parentesco\" onerror=\"this.style.display='none'\" loading=\"lazy\" \/>\n\t\t\t\t<\/a>\n\t\t<h4><a href=\"\/es\/recursos\/servicios-legales\/?utm_source=Home&#038;utm_medium=Referral&#038;utm_campaign=211Resources&#038;utm_content=Legal\" target=\"_self\">Servicios Legales<\/a><\/h4>\n\t\t\t\t<a href=\"\/es\/recursos\/servicios-legales\/?utm_source=Home&#038;utm_medium=Referral&#038;utm_campaign=211Resources&#038;utm_content=Legal\"  target=\"_self\" itemprop=\"url\">\n\t\t\t\t<img decoding=\"async\" src=\"https:\/\/211md.org\/wp-content\/uploads\/bb-plugin\/cache\/2025_MdInfoNet_Icon-Sets_Legal-square-18fdf438feb8435588174d9046463257-.png\" alt=\"\" itemprop=\"image\" onerror=\"this.style.display='none'\" loading=\"lazy\" \/>\n\t\t\t\t<\/a>\n\t\t<h4><a href=\"\/es\/recursos\/salud-mental\/?utm_source=Home&#038;utm_medium=Referral&#038;utm_campaign=211Resources&#038;utm_content=Mental\" target=\"_self\">Salud mental<\/a><\/h4>\n\t\t\t\t<a href=\"\/es\/recursos\/salud-mental\/?utm_source=Home&#038;utm_medium=Referral&#038;utm_campaign=211Resources&#038;utm_content=Mental\"  target=\"_self\" itemprop=\"url\">\n\t\t\t\t<img decoding=\"async\" src=\"https:\/\/211md.org\/wp-content\/uploads\/bb-plugin\/cache\/2025_MdInfoNet_Icon-Sets_Mental-Health-square-c59b38c4a993a947d4c9280fbe2d2fee-.png\" alt=\"\" itemprop=\"image\" onerror=\"this.style.display='none'\" loading=\"lazy\" \/>\n\t\t\t\t<\/a>\n\t\t<h4><a href=\"\/es\/recursos\/mdreentry\/?utm_source=Home&#038;utm_medium=Referral&#038;utm_campaign=211Resources&#038;utm_content=Reentry\" target=\"_self\">Reentrada<\/a><\/h4>\n\t\t\t\t<a href=\"\/es\/recursos\/mdreentry\/?utm_source=Home&#038;utm_medium=Referral&#038;utm_campaign=211Resources&#038;utm_content=Reentry\"  target=\"_self\" itemprop=\"url\">\n\t\t\t\t<img decoding=\"async\" src=\"https:\/\/211md.org\/wp-content\/uploads\/bb-plugin\/cache\/2025_211_Icon-Sets_Reentry-square-8676fea38abd920a832f45642fe31cca-.png\" alt=\"Icono de reentrada\" itemprop=\"image\" height=\"417\" width=\"417\" title=\"2025_211_Conjuntos de iconos_Reentrada\" onerror=\"this.style.display='none'\" loading=\"lazy\" \/>\n\t\t\t\t<\/a>\n\t\t<h4><a href=\"\/es\/recursos\/consumo-de-sustancias\/?utm_source=Home&#038;utm_medium=Referral&#038;utm_campaign=211Resources&#038;utm_content=Substance\" target=\"_self\">Uso de sustancias<\/a><\/h4>\n\t\t\t\t<a href=\"\/es\/recursos\/consumo-de-sustancias\/?utm_source=Home&#038;utm_medium=Referral&#038;utm_campaign=211Resources&#038;utm_content=Substance\"  target=\"_self\" itemprop=\"url\">\n\t\t\t\t<img decoding=\"async\" src=\"https:\/\/211md.org\/wp-content\/uploads\/bb-plugin\/cache\/2025_MdInfoNet_Icon-Sets_Substance-Abuse-square-9022fec9d18a64118ad685c101885b55-.png\" alt=\"\" itemprop=\"image\" onerror=\"this.style.display='none'\" loading=\"lazy\" \/>\n\t\t\t\t<\/a>\n\t\t<h4><a href=\"\/es\/recursos\/veteranos\/?utm_source=Home&#038;utm_medium=Referral&#038;utm_campaign=211Resources&#038;utm_content=Veterans\" target=\"_self\">veteranos<\/a><\/h4>\n\t\t\t\t<a href=\"\/es\/recursos\/veteranos\/?utm_source=Home&#038;utm_medium=Referral&#038;utm_campaign=211Resources&#038;utm_content=Veterans\"  target=\"_self\" itemprop=\"url\">\n\t\t\t\t<img decoding=\"async\" src=\"https:\/\/211md.org\/wp-content\/uploads\/bb-plugin\/cache\/2025_MdInfoNet_Icon-Sets_Rating-square-6e60d00cce4faa8e0a6d4ad7366aa733-.png\" alt=\"\" itemprop=\"image\" onerror=\"this.style.display='none'\" loading=\"lazy\" \/>\n\t\t\t\t<\/a>","protected":false},"excerpt":{"rendered":"<p>Encuentre recursos cerca de m\u00ed Buscar ahora Agregue su agencia u organizaci\u00f3n a nuestra base de datos de recursos. \u00bfVive en Frederick o en una de las comunidades circundantes, incluidas Ballenger Creek, Buckeystown, New Market, Mount Airy, Woodsboro, Braddock Heights o Middletown? Marque 2-1-1 para conectarse a recursos esenciales. Tambi\u00e9n puede buscar en la base de datos para encontrar...<\/p>","protected":false},"author":8,"featured_media":3795,"parent":750,"menu_order":0,"comment_status":"closed","ping_status":"closed","template":"","meta":{"footnotes":""},"class_list":["post-1703","page","type-page","status-publish","has-post-thumbnail","hentry"],"_links":{"self":[{"href":"https:\/\/211md.org\/es\/wp-json\/wp\/v2\/pages\/1703","targetHints":{"allow":["GET"]}}],"collection":[{"href":"https:\/\/211md.org\/es\/wp-json\/wp\/v2\/pages"}],"about":[{"href":"https:\/\/211md.org\/es\/wp-json\/wp\/v2\/types\/page"}],"author":[{"embeddable":true,"href":"https:\/\/211md.org\/es\/wp-json\/wp\/v2\/users\/8"}],"replies":[{"embeddable":true,"href":"https:\/\/211md.org\/es\/wp-json\/wp\/v2\/comments?post=1703"}],"version-history":[{"count":3,"href":"https:\/\/211md.org\/es\/wp-json\/wp\/v2\/pages\/1703\/revisions"}],"predecessor-version":[{"id":34080,"href":"https:\/\/211md.org\/es\/wp-json\/wp\/v2\/pages\/1703\/revisions\/34080"}],"up":[{"embeddable":true,"href":"https:\/\/211md.org\/es\/wp-json\/wp\/v2\/pages\/750"}],"wp:featuredmedia":[{"embeddable":true,"href":"https:\/\/211md.org\/es\/wp-json\/wp\/v2\/media\/3795"}],"wp:attachment":[{"href":"https:\/\/211md.org\/es\/wp-json\/wp\/v2\/media?parent=1703"}],"curies":[{"name":"Gracias","href":"https:\/\/api.w.org\/{rel}","templated":true}]}}