{"id":1705,"date":"2021-05-12T00:25:51","date_gmt":"2021-05-12T00:25:51","guid":{"rendered":"https:\/\/211md.org\/?page_id=1705"},"modified":"2026-02-04T09:14:10","modified_gmt":"2026-02-04T14:14:10","slug":"condado-de-allegany","status":"publish","type":"page","link":"https:\/\/211md.org\/es\/resources-by-county\/allegany-county\/","title":{"rendered":"Allegany County Community Resources"},"content":{"rendered":"<figure data-animation-delay=\"0\" data-animation-duration=\"1\" itemscope itemtype=\"https:\/\/schema.org\/ImageObject\">\n\t\t\t\t<img decoding=\"async\" src=\"https:\/\/stg-maryland211-staging.kinsta.cloud\/wp-content\/uploads\/2025\/08\/5-1-scaled.png\" alt=\"5\" height=\"692\" width=\"2560\" title=\"5\" onerror=\"this.style.display='none'\" loading=\"lazy\" \/>\n\t<\/figure>\n\t\t<p>In Allegany County, 211 callers often request resources for housing, utilities, food, and mental health. This quick guide directs Marylanders to local programs that can assist with these needs.<\/p>\n<p>You can also search for local organizations that can help by ZIP code in the 211 Community Resource Database.<\/p>\n\t\t\t<a href=\"https:\/\/search.211md.org\/\"  target=\"_blank\" rel=\"noopener\">\n\t\t\t\t\t\tSearch for nearby resources\n\t\t\t\t\t<\/a>\n<figure data-animation-delay=\"0\" data-animation-duration=\"1\" itemscope itemtype=\"https:\/\/schema.org\/ImageObject\">\n\t\t\t\t<img decoding=\"async\" src=\"https:\/\/211md.org\/wp-content\/plugins\/bb-plugin\/img\/pixel.png\" alt=\"\" onerror=\"this.style.display='none'\" loading=\"lazy\" \/>\n\t<\/figure>\n<figure data-animation-delay=\"0\" data-animation-duration=\"1.3\" itemscope itemtype=\"https:\/\/schema.org\/ImageObject\">\n\t\t\t\t<img decoding=\"async\" src=\"https:\/\/stg-maryland211-staging.kinsta.cloud\/wp-content\/uploads\/2025\/08\/16.png\" alt=\"16\" height=\"1000\" width=\"1000\" title=\"16\" onerror=\"this.style.display='none'\" loading=\"lazy\" \/>\n\t<\/figure>\n<figure data-animation-delay=\"0\" data-animation-duration=\"1\" itemscope itemtype=\"https:\/\/schema.org\/ImageObject\">\n\t\t\t\t<img decoding=\"async\" src=\"http:\/\/211md.org\/wp-content\/uploads\/2024\/05\/utility-bills.jpg\" alt=\"recibos de servicios p\u00fablicos\" title=\"recibos de servicios p\u00fablicos\" onerror=\"this.style.display='none'\" loading=\"lazy\" \/>\n\t<\/figure>\n\t\t<h2><a href=\"\/es\/recursos\/asistencia-de-servicios-publicos\/\" target=\"_self\">Asistencia de servicios p\u00fablicos<\/a><\/h2><p>Do you have a shut-off notice for your utilities?<\/p>\n<p><a href=\"https:\/\/associatedcharities.net\/\" target=\"_blank\" rel=\"noopener\">Organizaciones ben\u00e9ficas asociadas de Cumberland<\/a> ofrece ayuda de emergencia para clientes de servicios p\u00fablicos que hayan recibido un aviso de corte del suministro.<\/p>\n<p>Energy assistance grants are also available through the Maryland Office of Home Energy Programs (OHEP) for those who qualify.<\/p>\n<p>Learn more about income qualifications for OHEP\u00a0and other utility assistance programs.<\/p>\n\t\t\t<a href=\"\/es\/recursos\/asistencia-de-servicios-publicos\/\"  target=\"_self\">\n\t\t\t\t\t\tRead 211&#8217;s Guide to Utility Assistance\n\t\t\t\t\t<\/a>\n\t<h2>Get help with food and medicine<\/h2>\n<p>In addition to utility assistance, <a href=\"https:\/\/associatedcharities.net\/\" target=\"_blank\" rel=\"noopener\">Organizaciones ben\u00e9ficas asociadas de Cumberland<\/a> can also help with:<\/p>\n<ul>\n<li>alimento<\/li>\n<li>ropa<\/li>\n<li>medicamentos recetados<\/li>\n<\/ul>\n<p>They offer food vouchers and groceries, some clothing, and short-term and long-term prescription drug help. The organization assists with emergency medication and prescriptions for immediate needs.<\/p>\n<p>Associated Charities can also help Allegany residents fill out applications for long-term prescription drug programs.<\/p>\n<p>\u00c9l\u00a0<a href=\"https:\/\/search.211md.org\/search\/676ad679e252a5170f68df86b434dbcc\" target=\"_blank\" rel=\"noopener\">Ej\u00e9rcito de Salvaci\u00f3n de Allegany y el condado de Garrett<\/a> is another agency that can help with basic needs.<\/p>\n<p>They have a:<\/p>\n<ul>\n<li>despensa de alimentos<\/li>\n<li>free and reduced-cost clothing and furniture<\/li>\n<li>youth programs<\/li>\n<li>program offering financial help with utility bills, fuel, and rent<\/li>\n<\/ul>\n\t\t<h2>Recursos de salud mental en Cumberland<\/h2>\n\t\t<p><strong>Si est\u00e1s en crisis, llama al 988 y habla con un especialista en crisis inmediatamente.\u00a0<\/strong><\/p>\n<p>\u00c9l\u00a0<a href=\"https:\/\/health.maryland.gov\/allegany\/Pages\/MentalHealthServices.aspx\" target=\"_blank\" rel=\"noopener\">Departamento de Salud del Condado de Allegany<\/a>\u00a0en Cumberland ofrece servicios de salud mental para todas las edades. Los terapeutas, psiquiatras y enfermeras con licencia pueden abordar los problemas de salud mental.<\/p>\n<p><a href=\"https:\/\/ahecwest.org\/\" target=\"_blank\" rel=\"noopener\">Centro de Educaci\u00f3n para la Salud del \u00c1rea de Maryland (AHEC) Oeste<\/a> offers residents access to prevention, treatment, and recovery services for opioids and substance use disorders through Healing Allegany. The nine-member community-based consortium of agencies provides behavioral health and counseling services in Cumberland.\u00a0<a href=\"https:\/\/ahecwest.org\/healing-allegany\/\" target=\"_blank\" rel=\"noopener\">Encuentre un programa de Healing Allegany<\/a>.<\/p>\n<h3>Find a behavioral health provider<\/h3>\n<p>You can also search for local behavioral health support. The resources are powered by Maryland Information Network, and you can filter the search results by your specific needs.<\/p>\n\t\t\t<a href=\"https:\/\/search.988.mdinfonet.org\/\" target=\"_blank\" rel=\"noopener\">\n\t\t\t\t\t\tSearch for a Provider\n\t\t\t\t\t<\/a>\n\t<h2><b>salud y cuidado dental\u00a0<\/b><\/h2>\n<p>\u00c9l\u00a0<a href=\"https:\/\/health.maryland.gov\/allegany\/Pages\/Home.aspx\" target=\"_blank\" rel=\"noopener\">Departamento de salud<\/a>\u00a0tiene varios otros servicios relacionados con la salud, que incluyen capacitaci\u00f3n sobre naloxona, ex\u00e1menes de detecci\u00f3n de c\u00e1ncer sin costo para quienes califican, inmunizaciones y servicios dentales para ni\u00f1os y mujeres embarazadas.<\/p>\n<p><a href=\"https:\/\/health.maryland.gov\/allegany\/Pages\/ChildandPregnantDental.aspx\" target=\"_blank\" rel=\"noopener\">Programa Dental Sonrisas Saludables de Maryland<\/a> est\u00e1 abierto a cualquier ni\u00f1o en el condado de Allegany de hasta 21 a\u00f1os de edad y mujeres embarazadas en el programa Medicaid de Maryland con una tarjeta dental activa.<\/p>\n<p>AHEC West tambi\u00e9n ofrece acceso a atenci\u00f3n dental a trav\u00e9s de <a href=\"https:\/\/ahecwest.org\/health-right\/\" target=\"_blank\" rel=\"noopener\">Derecho a la Salud<\/a>. Ofrece a adultos de bajos ingresos acceso a servicios de atenci\u00f3n dental urgente, como empastes y extracciones, para quienes tienen dolor o padecen una infecci\u00f3n dental. El Programa Dental Access ayuda a 400 personas al a\u00f1o.\u00a0<a href=\"https:\/\/ahecwest.org\/health-right\/\" target=\"_blank\" rel=\"noopener\">Vea si califica para asistencia dental<\/a>\u00a0a trav\u00e9s del Derecho a la Salud.<\/p>\n<p>&nbsp;<\/p>\n<figure data-animation-delay=\"0\" data-animation-duration=\"1\" itemscope itemtype=\"https:\/\/schema.org\/ImageObject\">\n\t\t\t\t<img decoding=\"async\" src=\"https:\/\/211md.org\/wp-content\/uploads\/2024\/06\/Job-training-in-a-warehouse.jpg\" alt=\"Formaci\u00f3n laboral en un almac\u00e9n.\" height=\"800\" width=\"1200\" title=\"Formaci\u00f3n laboral en un almac\u00e9n.\" onerror=\"this.style.display='none'\" loading=\"lazy\" \/>\n\t<\/figure>\n\t\t<h2><a href=\"http:\/\/westernmarylandconsortium.org\/\" target=\"_blank\" rel=\"noopener\">Formaci\u00f3n profesional<\/a><\/h2><p>If you need help finding a job, The\u00a0Western Maryland Consortium can provide job skills for residents in Allegany, Garrett and Washington counties. Services available include support with:<\/p>\n<ul>\n<li aria-level=\"1\">reanudar la creaci\u00f3n<\/li>\n<li aria-level=\"1\">b\u00fasquedas de trabajo<\/li>\n<li aria-level=\"1\">informaci\u00f3n de carrera<\/li>\n<li aria-level=\"1\">Prueba y evaluaci\u00f3n de inter\u00e9s<\/li>\n<li aria-level=\"1\">Gesti\u00f3n de casos<\/li>\n<li aria-level=\"1\">Talleres de trabajo<\/li>\n<li aria-level=\"1\">entrenamiento de habilidades<\/li>\n<\/ul>\n<p>Connect with The Western Maryland Consortium.<\/p>\n\t\t\t<a href=\"http:\/\/westernmarylandconsortium.org\/\" target=\"_blank\" rel=\"noopener\">\n\t\t\t\t\t\tGet Job Help\n\t\t\t\t\t<\/a>\n\t<h3>Search nearby counties<\/h3>\n<p>You can also search for help in nearby counties as some organizations serve residents in neighboring areas. Search for help in <a href=\"https:\/\/211md.org\/es\/recursos-por-condado\/condado-de-garrett\/\">Garrett<\/a> y <a href=\"https:\/\/211md.org\/es\/recursos-por-condado\/condado-de-washington\/\">Washington Counties<\/a>.<\/p>\n\t\t<h4><a href=\"\/es\/recursos\/envejecimiento-discapacidad\/?utm_source=Home&#038;utm_medium=Referral&#038;utm_campaign=211Resources&#038;utm_content=Aging\" target=\"_self\">Envejecimiento y discapacidad<\/a><\/h4><figure itemscope itemtype=\"https:\/\/schema.org\/ImageObject\">\n\t\t\t\t<a href=\"\/es\/recursos\/envejecimiento-discapacidad\/?utm_source=Home&#038;utm_medium=Referral&#038;utm_campaign=211Resources&#038;utm_content=Aging\"  target=\"_self\" itemprop=\"url\">\n\t\t\t\t<img decoding=\"async\" src=\"https:\/\/211md.org\/wp-content\/uploads\/bb-plugin\/cache\/2025_MdInfoNet_Icon-Sets_Aging-disability-square-c466727102cae71e5f27b8539bb51945-.png\" alt=\"\" onerror=\"this.style.display='none'\" loading=\"lazy\" \/>\n\t\t\t\t<\/a>\n\t<\/figure>\n\t\t<h4><a href=\"\/es\/recursos\/ninos-familias\/?utm_source=Home&#038;utm_medium=Referral&#038;utm_campaign=211Resources&#038;utm_content=Children\" target=\"_self\">Ni\u00f1os y familias<\/a><\/h4><figure itemscope itemtype=\"https:\/\/schema.org\/ImageObject\">\n\t\t\t\t<a href=\"\/es\/recursos\/ninos-familias\/?utm_source=Home&#038;utm_medium=Referral&#038;utm_campaign=211Resources&#038;utm_content=Children\"  target=\"_self\" itemprop=\"url\">\n\t\t\t\t<img decoding=\"async\" src=\"https:\/\/211md.org\/wp-content\/uploads\/bb-plugin\/cache\/2025_211_Icon-Sets_Child-care-square-f3b0d4edab3dcc467fadb5f55f4064c6-.png\" alt=\"parent and child icon for child care\" height=\"417\" width=\"417\" title=\"2025_211_Conjuntos de iconos_Cuidado infantil\" onerror=\"this.style.display='none'\" loading=\"lazy\" \/>\n\t\t\t\t<\/a>\n\t<\/figure>\n\t\t<h4><a href=\"\/es\/recursos\/violencia-domestica-familiar\/?utm_source=Home&#038;utm_medium=Referral&#038;utm_campaign=211Resources&#038;utm_content=Domestic\" target=\"_self\">Violencia dom\u00e9stica<\/a><\/h4><figure itemscope itemtype=\"https:\/\/schema.org\/ImageObject\">\n\t\t\t\t<a href=\"\/es\/recursos\/violencia-domestica-familiar\/?utm_source=Home&#038;utm_medium=Referral&#038;utm_campaign=211Resources&#038;utm_content=Domestic\"  target=\"_self\" itemprop=\"url\">\n\t\t\t\t<img decoding=\"async\" src=\"https:\/\/211md.org\/wp-content\/uploads\/bb-plugin\/cache\/2025_211_Icon-Sets_Domestic-Violence-square-7b597694a6f05fe90cdc376aa573bc63-.png\" alt=\"House with a heart in the middle icon\" height=\"417\" width=\"417\" title=\"2025_211_Conjuntos de iconos_Violencia dom\u00e9stica\" onerror=\"this.style.display='none'\" loading=\"lazy\" \/>\n\t\t\t\t<\/a>\n\t<\/figure>\n\t\t<h4><a href=\"\/es\/recursos\/busqueda-de-empleo\/?utm_source=Home&#038;utm_medium=Referral&#038;utm_campaign=211Resources&#038;utm_content=Employment\" target=\"_self\">Empleo<\/a><\/h4><figure itemscope itemtype=\"https:\/\/schema.org\/ImageObject\">\n\t\t\t\t<a href=\"\/es\/recursos\/busqueda-de-empleo\/?utm_source=Home&#038;utm_medium=Referral&#038;utm_campaign=211Resources&#038;utm_content=Employment\"  target=\"_self\" itemprop=\"url\">\n\t\t\t\t<img decoding=\"async\" src=\"https:\/\/211md.org\/wp-content\/uploads\/bb-plugin\/cache\/2025_MdInfoNet_Icon-Sets_Employment-square-44707bd410e4df10a470bf130ebcea86-.png\" alt=\"\" onerror=\"this.style.display='none'\" loading=\"lazy\" \/>\n\t\t\t\t<\/a>\n\t<\/figure>\n\t\t<h4><a href=\"\/es\/recursos\/cuidado-de-la-salud\/?utm_source=Home&#038;utm_medium=Referral&#038;utm_campaign=211Resources&#038;utm_content=Health%20Care\" target=\"_self\">Cuidado de la salud<\/a><\/h4><figure itemscope itemtype=\"https:\/\/schema.org\/ImageObject\">\n\t\t\t\t<a href=\"\/es\/recursos\/cuidado-de-la-salud\/?utm_source=Home&#038;utm_medium=Referral&#038;utm_campaign=211Resources&#038;utm_content=Health%20Care\"  target=\"_self\" itemprop=\"url\">\n\t\t\t\t<img decoding=\"async\" src=\"https:\/\/211md.org\/wp-content\/uploads\/bb-plugin\/cache\/2025_MdInfoNet_Icon-Sets_Health-Care-square-dee98a0060cbe0e7f27eda253fc12679-.png\" alt=\"\" onerror=\"this.style.display='none'\" loading=\"lazy\" \/>\n\t\t\t\t<\/a>\n\t<\/figure>\n\t\t<h4><a href=\"\/es\/recursos\/ninos-familias\/parentesco\/?utm_source=Home&#038;utm_medium=Referral&#038;utm_campaign=211Resources&#038;utm_content=Kinship\" target=\"_self\">Parentesco<\/a><\/h4><figure itemscope itemtype=\"https:\/\/schema.org\/ImageObject\">\n\t\t\t\t<a href=\"\/es\/recursos\/ninos-familias\/parentesco\/?utm_source=Home&#038;utm_medium=Referral&#038;utm_campaign=211Resources&#038;utm_content=Kinship\"  target=\"_self\" itemprop=\"url\">\n\t\t\t\t<img decoding=\"async\" src=\"https:\/\/211md.org\/wp-content\/uploads\/bb-plugin\/cache\/2025_211_Icon-Sets_Kinship-square-45bdf872866f5735f842c32071109267-.png\" alt=\"Icono de parentesco\" height=\"417\" width=\"417\" title=\"2025_211_Conjuntos de iconos_Parentesco\" onerror=\"this.style.display='none'\" loading=\"lazy\" \/>\n\t\t\t\t<\/a>\n\t<\/figure>\n\t\t<h4><a href=\"\/es\/recursos\/servicios-legales\/?utm_source=Home&#038;utm_medium=Referral&#038;utm_campaign=211Resources&#038;utm_content=Legal\" target=\"_self\">Servicios Legales<\/a><\/h4><figure itemscope itemtype=\"https:\/\/schema.org\/ImageObject\">\n\t\t\t\t<a href=\"\/es\/recursos\/servicios-legales\/?utm_source=Home&#038;utm_medium=Referral&#038;utm_campaign=211Resources&#038;utm_content=Legal\"  target=\"_self\" itemprop=\"url\">\n\t\t\t\t<img decoding=\"async\" src=\"https:\/\/211md.org\/wp-content\/uploads\/bb-plugin\/cache\/2025_MdInfoNet_Icon-Sets_Legal-square-18fdf438feb8435588174d9046463257-.png\" alt=\"\" onerror=\"this.style.display='none'\" loading=\"lazy\" \/>\n\t\t\t\t<\/a>\n\t<\/figure>\n\t\t<h4><a href=\"\/es\/recursos\/salud-mental\/?utm_source=Home&#038;utm_medium=Referral&#038;utm_campaign=211Resources&#038;utm_content=Mental\" target=\"_self\">Salud mental<\/a><\/h4><figure itemscope itemtype=\"https:\/\/schema.org\/ImageObject\">\n\t\t\t\t<a href=\"\/es\/recursos\/salud-mental\/?utm_source=Home&#038;utm_medium=Referral&#038;utm_campaign=211Resources&#038;utm_content=Mental\"  target=\"_self\" itemprop=\"url\">\n\t\t\t\t<img decoding=\"async\" src=\"https:\/\/211md.org\/wp-content\/uploads\/bb-plugin\/cache\/2025_MdInfoNet_Icon-Sets_Mental-Health-square-c59b38c4a993a947d4c9280fbe2d2fee-.png\" alt=\"\" onerror=\"this.style.display='none'\" loading=\"lazy\" \/>\n\t\t\t\t<\/a>\n\t<\/figure>\n\t\t<h4><a href=\"\/es\/recursos\/mdreentry\/?utm_source=Home&#038;utm_medium=Referral&#038;utm_campaign=211Resources&#038;utm_content=Reentry\" target=\"_self\">Reentrada<\/a><\/h4><figure itemscope itemtype=\"https:\/\/schema.org\/ImageObject\">\n\t\t\t\t<a href=\"\/es\/recursos\/mdreentry\/?utm_source=Home&#038;utm_medium=Referral&#038;utm_campaign=211Resources&#038;utm_content=Reentry\"  target=\"_self\" itemprop=\"url\">\n\t\t\t\t<img decoding=\"async\" src=\"https:\/\/211md.org\/wp-content\/uploads\/bb-plugin\/cache\/2025_211_Icon-Sets_Reentry-square-8676fea38abd920a832f45642fe31cca-.png\" alt=\"Icono de reentrada\" height=\"417\" width=\"417\" title=\"2025_211_Conjuntos de iconos_Reentrada\" onerror=\"this.style.display='none'\" loading=\"lazy\" \/>\n\t\t\t\t<\/a>\n\t<\/figure>\n\t\t<h4><a href=\"\/es\/recursos\/consumo-de-sustancias\/?utm_source=Home&#038;utm_medium=Referral&#038;utm_campaign=211Resources&#038;utm_content=Substance\" target=\"_self\">Uso de sustancias<\/a><\/h4><figure itemscope itemtype=\"https:\/\/schema.org\/ImageObject\">\n\t\t\t\t<a href=\"\/es\/recursos\/consumo-de-sustancias\/?utm_source=Home&#038;utm_medium=Referral&#038;utm_campaign=211Resources&#038;utm_content=Substance\"  target=\"_self\" itemprop=\"url\">\n\t\t\t\t<img decoding=\"async\" src=\"https:\/\/211md.org\/wp-content\/uploads\/bb-plugin\/cache\/2025_MdInfoNet_Icon-Sets_Substance-Abuse-square-4f414f085e657267739c181957754f48-.png\" alt=\"Pills for substance Use icon\" title=\"2025_MdInfoNet_Icon-Sets_Substance-Abuse\" onerror=\"this.style.display='none'\" loading=\"lazy\" \/>\n\t\t\t\t<\/a>\n\t<\/figure>\n\t\t<h4><a href=\"\/es\/recursos\/servicios-de-impuestos\/\" target=\"_self\">Impuestos<\/a><\/h4><figure itemscope itemtype=\"https:\/\/schema.org\/ImageObject\">\n\t\t\t\t<a href=\"\/es\/recursos\/servicios-de-impuestos\/\"  target=\"_self\" itemprop=\"url\">\n\t\t\t\t<img decoding=\"async\" src=\"https:\/\/211md.org\/wp-content\/uploads\/bb-plugin\/cache\/2025_MdInfoNet_Icon-Sets_Taxes-square-e2aa520919327b1fa037ee92d1164ad1-.png\" alt=\"Piece of paper for blue tax icon\" height=\"417\" width=\"417\" title=\"2025_MdInfoNet_Icon-Sets_Taxes\" onerror=\"this.style.display='none'\" loading=\"lazy\" \/>\n\t\t\t\t<\/a>\n\t<\/figure>\n\t\t<h4><a href=\"\/es\/recursos\/veteranos\/?utm_source=Home&#038;utm_medium=Referral&#038;utm_campaign=211Resources&#038;utm_content=Veterans\" target=\"_self\">veteranos<\/a><\/h4><figure itemscope itemtype=\"https:\/\/schema.org\/ImageObject\">\n\t\t\t\t<a href=\"\/es\/recursos\/veteranos\/?utm_source=Home&#038;utm_medium=Referral&#038;utm_campaign=211Resources&#038;utm_content=Veterans\"  target=\"_self\" itemprop=\"url\">\n\t\t\t\t<img decoding=\"async\" src=\"https:\/\/211md.org\/wp-content\/uploads\/bb-plugin\/cache\/2025_MdInfoNet_Icon-Sets_Rating-square-6e60d00cce4faa8e0a6d4ad7366aa733-.png\" alt=\"\" onerror=\"this.style.display='none'\" loading=\"lazy\" \/>\n\t\t\t\t<\/a>\n\t<\/figure>","protected":false},"excerpt":{"rendered":"<p>In Allegany County, 211 callers often request resources for housing, utilities, food, and mental health. This quick guide directs Marylanders to local programs that can assist with these needs. You can also search for local organizations that can help by ZIP code in the 211 Community Resource Database. Search for nearby resources Utility Assistance Do&hellip;<\/p>","protected":false},"author":8,"featured_media":34322,"parent":750,"menu_order":0,"comment_status":"closed","ping_status":"closed","template":"","meta":{"footnotes":""},"class_list":["post-1705","page","type-page","status-publish","has-post-thumbnail","hentry"],"_links":{"self":[{"href":"https:\/\/211md.org\/es\/wp-json\/wp\/v2\/pages\/1705","targetHints":{"allow":["GET"]}}],"collection":[{"href":"https:\/\/211md.org\/es\/wp-json\/wp\/v2\/pages"}],"about":[{"href":"https:\/\/211md.org\/es\/wp-json\/wp\/v2\/types\/page"}],"author":[{"embeddable":true,"href":"https:\/\/211md.org\/es\/wp-json\/wp\/v2\/users\/8"}],"replies":[{"embeddable":true,"href":"https:\/\/211md.org\/es\/wp-json\/wp\/v2\/comments?post=1705"}],"version-history":[{"count":5,"href":"https:\/\/211md.org\/es\/wp-json\/wp\/v2\/pages\/1705\/revisions"}],"predecessor-version":[{"id":4621,"href":"https:\/\/211md.org\/es\/wp-json\/wp\/v2\/pages\/1705\/revisions\/4621"}],"up":[{"embeddable":true,"href":"https:\/\/211md.org\/es\/wp-json\/wp\/v2\/pages\/750"}],"wp:featuredmedia":[{"embeddable":true,"href":"https:\/\/211md.org\/es\/wp-json\/wp\/v2\/media\/34322"}],"wp:attachment":[{"href":"https:\/\/211md.org\/es\/wp-json\/wp\/v2\/media?parent=1705"}],"curies":[{"name":"Gracias","href":"https:\/\/api.w.org\/{rel}","templated":true}]}}