{"id":1852,"date":"2021-05-21T20:32:07","date_gmt":"2021-05-21T20:32:07","guid":{"rendered":"https:\/\/211md.org\/?page_id=1852"},"modified":"2023-10-31T15:05:20","modified_gmt":"2023-10-31T19:05:20","slug":"busqueda-de-proveedores-de-servicios","status":"publish","type":"page","link":"https:\/\/211md.org\/es\/partner\/resource-providers\/search-for-service-providers\/","title":{"rendered":"Buscar proveedores de servicios"},"content":{"rendered":"<p>\u00bfYa figura en la base de datos 211? Marque el cuadro de b\u00fasqueda a continuaci\u00f3n para revisar la informaci\u00f3n de su organizaci\u00f3n.<\/p>\n\t<iframe frameborder=\"0\" id=\"iFrameMain\" scrolling=\"no\" src=\"\/\/na0.iCarol.info\/Launch.aspx?Org=2046\"><\/iframe>","protected":false},"excerpt":{"rendered":"<p>\u00bfYa figura en la base de datos 211? Marque el cuadro de b\u00fasqueda a continuaci\u00f3n para revisar la informaci\u00f3n de su organizaci\u00f3n.<\/p>","protected":false},"author":8,"featured_media":1631,"parent":766,"menu_order":0,"comment_status":"closed","ping_status":"closed","template":"","meta":{"footnotes":""},"class_list":["post-1852","page","type-page","status-publish","has-post-thumbnail","hentry"],"_links":{"self":[{"href":"https:\/\/211md.org\/es\/wp-json\/wp\/v2\/pages\/1852","targetHints":{"allow":["GET"]}}],"collection":[{"href":"https:\/\/211md.org\/es\/wp-json\/wp\/v2\/pages"}],"about":[{"href":"https:\/\/211md.org\/es\/wp-json\/wp\/v2\/types\/page"}],"author":[{"embeddable":true,"href":"https:\/\/211md.org\/es\/wp-json\/wp\/v2\/users\/8"}],"replies":[{"embeddable":true,"href":"https:\/\/211md.org\/es\/wp-json\/wp\/v2\/comments?post=1852"}],"version-history":[{"count":0,"href":"https:\/\/211md.org\/es\/wp-json\/wp\/v2\/pages\/1852\/revisions"}],"up":[{"embeddable":true,"href":"https:\/\/211md.org\/es\/wp-json\/wp\/v2\/pages\/766"}],"wp:featuredmedia":[{"embeddable":true,"href":"https:\/\/211md.org\/es\/wp-json\/wp\/v2\/media\/1631"}],"wp:attachment":[{"href":"https:\/\/211md.org\/es\/wp-json\/wp\/v2\/media?parent=1852"}],"curies":[{"name":"Gracias","href":"https:\/\/api.w.org\/{rel}","templated":true}]}}