{"id":1937,"date":"2021-05-26T19:27:53","date_gmt":"2021-05-26T19:27:53","guid":{"rendered":"https:\/\/211md.org\/?page_id=1937"},"modified":"2023-10-31T14:59:25","modified_gmt":"2023-10-31T18:59:25","slug":"escapando-de-la-tristeza","status":"publish","type":"page","link":"https:\/\/211md.org\/es\/escaping-sadness\/","title":{"rendered":"Escapando de la Tristeza"},"content":{"rendered":"<h1>\n\t\t\u00bfSe siente abrumado?\n\t<\/h1>\n\t<h2>No est\u00e1s solo. 211 Maryland puede ayudar.<br>\nReg\u00edstrese para recibir mensajes inspiradores de apoyo de<\/h2>\n<h2>MDMINDHEALTH \/ MDSALUDMENTAL.<\/h2>\n\t\t\t<a href=\"sms:\/\/898-211;?&amp;body=MDMindHealth\" target=\"_blank\" rel=\"noopener\">\n\t\t\t\t\t\t\tReg\u00edstrate ahora\n\t\t\t\t\t<\/a>\n\t\t\t<a href=\"sms:\/\/898-211;?&amp;body=MDSaludMental\" target=\"_blank\" rel=\"noopener\">\n\t\t\t\t\t\t\tReg\u00edstrese Ahora\n\t\t\t\t\t<\/a>\n\t<p>Env\u00ede MDMindHealth al 898-211. Para Espa\u00f1ol, texto MDSaludMental a 898-211.<\/p>\n<h2>\n\t\t#escapartristeza\n\t<\/h2>\n<h2>\n\t\tC\u00f3mo funciona\n\t<\/h2>\n\t\t\t\t<img loading=\"lazy\" decoding=\"async\" src=\"https:\/\/211md.org\/wp-content\/uploads\/2021\/05\/Screen-Shot-2021-05-26-at-11.27.15-AM.svg\" alt=\"Imagen del N\u00famero 1\" itemprop=\"image\" height=\"150\" width=\"150\" title=\"Imagen del N\u00famero 1\" onerror=\"this.style.display='none'\">\n<h3>Texto<\/h3>\t\t\n\t\t\t<p>Texto&nbsp;<strong>MDMindHealth<\/strong>&nbsp;al 898-211<\/p>\n<p>Para Espa\u00f1ol, texto&nbsp;<strong>MDSaludMental<\/strong>&nbsp;un 898-211<\/p>\nLa frecuencia de los mensajes puede variar. Se pueden aplicar tarifas por mensajes y datos.<br>\nEnv\u00eda STOP para cancelar la suscripci\u00f3n.&nbsp;<strong><a href=\"https:\/\/211md.org\/es\/sms\/\">Pol\u00edtica de privacidad y t\u00e9rminos de servicio<\/a>.<\/strong>\n\t\t\t\t<img loading=\"lazy\" decoding=\"async\" src=\"https:\/\/211md.org\/wp-content\/uploads\/2021\/05\/Screen-Shot-2021-05-26-at-11.27.25-AM.svg\" alt=\"Imagen del n\u00famero 2\" itemprop=\"image\" height=\"150\" width=\"150\" title=\"Imagen del N\u00famero 2\" onerror=\"this.style.display='none'\">\n<h3>Obtener apoyo<\/h3>\t\t\n\t\t\t<p>Le enviaremos mensajes de texto de apoyo. Est\u00e1s en el asiento del conductor. Hable con un profesional en vivo o cancele su suscripci\u00f3n en cualquier momento.<\/p>\n\t\t\t\t<img loading=\"lazy\" decoding=\"async\" src=\"https:\/\/211md.org\/wp-content\/uploads\/2021\/05\/Screen-Shot-2021-05-26-at-11.27.40-AM.svg\" alt=\"Imagen del n\u00famero 3\" itemprop=\"image\" height=\"149\" width=\"149\" title=\"Imagen del N\u00famero 3\" onerror=\"this.style.display='none'\">\n<h3>Unete a la communidad<\/h3>\t\t\n\t\t\t<p>\u00danase a nuestra comunidad para encontrar a otros que puedan relacionarse y obtener apoyo continuo.<\/p>","protected":false},"excerpt":{"rendered":"<p>\u00bfSe siente abrumado? No est\u00e1s solo. 211 Maryland puede ayudar. Reg\u00edstrese para recibir mensajes inspiradores de apoyo de MDMINDHEALTH \/ MDSALUDMENTAL. Reg\u00edstrese ahora Reg\u00edstrese ahora Env\u00ede un mensaje de texto con MDMindHealth al 898-211. Para espa\u00f1ol, env\u00ede un mensaje de texto a MDSaludMental al 898-211. #escapingsadness C\u00f3mo funciona Env\u00ede un mensaje de texto con MDMindHealth al 898-211 Para espa\u00f1ol, env\u00ede un mensaje de texto con MDSaludMental al 898-211 La frecuencia de los mensajes puede variar. Las tarifas de mensajes y datos pueden...<\/p>","protected":false},"author":8,"featured_media":0,"parent":0,"menu_order":0,"comment_status":"closed","ping_status":"closed","template":"","meta":{"footnotes":""},"class_list":["post-1937","page","type-page","status-publish","hentry"],"_links":{"self":[{"href":"https:\/\/211md.org\/es\/wp-json\/wp\/v2\/pages\/1937","targetHints":{"allow":["GET"]}}],"collection":[{"href":"https:\/\/211md.org\/es\/wp-json\/wp\/v2\/pages"}],"about":[{"href":"https:\/\/211md.org\/es\/wp-json\/wp\/v2\/types\/page"}],"author":[{"embeddable":true,"href":"https:\/\/211md.org\/es\/wp-json\/wp\/v2\/users\/8"}],"replies":[{"embeddable":true,"href":"https:\/\/211md.org\/es\/wp-json\/wp\/v2\/comments?post=1937"}],"version-history":[{"count":0,"href":"https:\/\/211md.org\/es\/wp-json\/wp\/v2\/pages\/1937\/revisions"}],"wp:attachment":[{"href":"https:\/\/211md.org\/es\/wp-json\/wp\/v2\/media?parent=1937"}],"curies":[{"name":"Gracias","href":"https:\/\/api.w.org\/{rel}","templated":true}]}}