{"id":1955,"date":"2021-05-26T21:47:39","date_gmt":"2021-05-26T21:47:39","guid":{"rendered":"https:\/\/211md.org\/?page_id=1955"},"modified":"2024-07-26T11:25:04","modified_gmt":"2024-07-26T15:25:04","slug":"detener-el-estigma","status":"publish","type":"page","link":"https:\/\/211md.org\/es\/stop-the-stigma\/","title":{"rendered":"Detener el estigma"},"content":{"rendered":"<h1>\n\t\tDetener el estigma\n\t<\/h1>\n\t<h2>El apoyo relacionado con los opioides est\u00e1 disponible para individuos, amigos, familiares y profesionales.<\/h2>\n\t\t\t<a href=\"sms:\/\/898-211;?&#038;body=MDHope\" target=\"_blank\" rel=\"noopener\">\n\t\t\t\t\t\t\tReg\u00edstrate ahora\n\t\t\t\t\t<\/a>\n<p>Si est\u00e1 en un dispositivo m\u00f3vil, haga clic en el bot\u00f3n para abrir mensajes de texto. De lo contrario, env\u00ede un mensaje de texto con MDHope al 898-211.<\/p>\n<h2>\n\t\t#stopthestigmamd\n\t<\/h2>\n<h2>\n\t\tC\u00f3mo funciona\n\t<\/h2>\n\t\t\t\t<img loading=\"lazy\" decoding=\"async\" src=\"https:\/\/211md.org\/wp-content\/uploads\/2021\/05\/Screen-Shot-2021-05-26-at-11.27.15-AM.svg\" alt=\"Imagen del N\u00famero 1\" itemprop=\"image\" height=\"150\" width=\"150\" title=\"Imagen del N\u00famero 1\" onerror=\"this.style.display='none'\"  \/>\n<h3>Texto<\/h3><p>Texto\u00a0<strong>mdesperanza<\/strong>\u00a0al 898-211 para inscribirse para recibir mensajes de texto.\u00a0<sup>1<\/sup><\/p>\n\t\t\t\t<img loading=\"lazy\" decoding=\"async\" src=\"https:\/\/211md.org\/wp-content\/uploads\/2021\/05\/Screen-Shot-2021-05-26-at-11.27.25-AM.svg\" alt=\"Imagen del n\u00famero 2\" itemprop=\"image\" height=\"150\" width=\"150\" title=\"Imagen del N\u00famero 2\" onerror=\"this.style.display='none'\"  \/>\n<h3>Obtener apoyo<\/h3><p>Encuentre opciones de tratamiento, obtenga informaci\u00f3n sobre la naloxona (medicamento para sobredosis), acceda a apoyo o hable con un profesional en vivo.<\/p>\n\t\t\t\t<img loading=\"lazy\" decoding=\"async\" src=\"https:\/\/211md.org\/wp-content\/uploads\/2021\/05\/Screen-Shot-2021-05-26-at-11.27.40-AM.svg\" alt=\"Imagen del n\u00famero 3\" itemprop=\"image\" height=\"149\" width=\"149\" title=\"Imagen del N\u00famero 3\" onerror=\"this.style.display='none'\"  \/>\n<h3>Usa nuestro marco de Facebook<\/h3><p>Muestre su apoyo usando nuestro\u00a0<sup>2<\/sup><strong><a href=\"http:\/\/www.facebook.com\/profilepicframes\/?selected_overlay_id=213799703839814\" target=\"_blank\" rel=\"noopener\">Detener el estigma Facebook<\/a><\/strong>\u00a0marco.<\/p>\n<p><sup>1 <\/sup><em>211 Maryland ofrece programas de alerta de mensajes de texto que brindan informaci\u00f3n de recursos espec\u00edficos de la regi\u00f3n o brindan alertas de desastres. Env\u00eda STOP al mismo n\u00famero para cancelar la suscripci\u00f3n. T\u00e9rminos completos de SMS en <a href=\"https:\/\/211md.org\/es\/sms\/\">https:\/\/211md.org\/sms\/<\/a> tambi\u00e9n se aplicar\u00e1.<\/em><\/p>\n<p><sup>2<\/sup>\u00a0Vaya a su foto de perfil, seleccione agregar marco y busque Stop The Stigma Maryland. Comparta el marco con amigos y familiares. Si usas Instagram, Twitter o LinkedIn,\u00a0<a href=\"https:\/\/211md.org\/wp-content\/uploads\/2021\/05\/stop-the-opioid-stigma-hand.jpg\" target=\"_blank\" rel=\"noopener\">descarga esta imagen<\/a>\u00a0y util\u00edzalo como tu foto de perfil.<\/p>","protected":false},"excerpt":{"rendered":"<p>Stop the Stigma El apoyo relacionado con los opioides est\u00e1 disponible para individuos, amigos, familiares y profesionales. Reg\u00edstrese ahora Si est\u00e1 en un dispositivo m\u00f3vil, haga clic en el bot\u00f3n para abrir mensajes de texto. De lo contrario, env\u00ede un mensaje de texto con MDHope al 898-211. #stopthestigmamd C\u00f3mo funciona Texto Texto MDEspero llamar al 898-211 para registrarse para recibir mensajes de texto. 1 Obtenga apoyo Encuentre opciones de tratamiento, obtenga informaci\u00f3n sobre naloxona...<\/p>","protected":false},"author":8,"featured_media":0,"parent":0,"menu_order":0,"comment_status":"closed","ping_status":"closed","template":"","meta":{"footnotes":""},"class_list":["post-1955","page","type-page","status-publish","hentry"],"_links":{"self":[{"href":"https:\/\/211md.org\/es\/wp-json\/wp\/v2\/pages\/1955","targetHints":{"allow":["GET"]}}],"collection":[{"href":"https:\/\/211md.org\/es\/wp-json\/wp\/v2\/pages"}],"about":[{"href":"https:\/\/211md.org\/es\/wp-json\/wp\/v2\/types\/page"}],"author":[{"embeddable":true,"href":"https:\/\/211md.org\/es\/wp-json\/wp\/v2\/users\/8"}],"replies":[{"embeddable":true,"href":"https:\/\/211md.org\/es\/wp-json\/wp\/v2\/comments?post=1955"}],"version-history":[{"count":0,"href":"https:\/\/211md.org\/es\/wp-json\/wp\/v2\/pages\/1955\/revisions"}],"wp:attachment":[{"href":"https:\/\/211md.org\/es\/wp-json\/wp\/v2\/media?parent=1955"}],"curies":[{"name":"Gracias","href":"https:\/\/api.w.org\/{rel}","templated":true}]}}