{"id":1963,"date":"2021-05-27T13:01:12","date_gmt":"2021-05-27T13:01:12","guid":{"rendered":"https:\/\/211md.org\/?page_id=1963"},"modified":"2023-08-02T09:40:34","modified_gmt":"2023-08-02T13:40:34","slug":"covid-alquiler-ayuda","status":"publish","type":"page","link":"https:\/\/211md.org\/es\/resources\/housing-shelter\/covid-rental-help\/","title":{"rendered":"Ayuda de alquiler de COVID"},"content":{"rendered":"<h2>Programa de asistencia de alquiler de emergencia de Maryland (ERAP)<\/h2>\n<p>\u00bfTiene problemas para pagar su renta debido al COVID-19? Puede ser elegible para recibir ayuda financiera con los pagos de alquiler actuales o vencidos. Muchos programas han agotado los fondos para la ayuda de alquiler relacionada con COVID-19, pero es posible que a\u00fan pueda obtener ayuda a trav\u00e9s de otro <a href=\"https:\/\/211md.org\/es\/recursos\/vivienda-refugio\/\">fuente de vivienda<\/a>. Si necesita ayuda con el alquiler, llame al 2-1-1.<\/p>\n<p>Los propietarios tambi\u00e9n pueden ayudar a los inquilinos a solicitar apoyo.<\/p>\n\t<iframe loading=\"lazy\" width=\"560\" height=\"315\" src=\"https:\/\/www.youtube.com\/embed\/6Fomy15JX-E\" title=\"reproductor de videos de youtube\" frameborder=\"0\" allow=\"accelerometer; autoplay; clipboard-write; encrypted-media; gyroscope; picture-in-picture\" allowfullscreen><\/iframe>\n\t<p>La forma en que solicita ayuda depende del lugar donde vive. El\u00a0<a href=\"https:\/\/dhcd.maryland.gov\/Pages\/EvictionPrevention\/default.aspx\" target=\"_blank\" rel=\"noopener\">Departamento de Vivienda y Desarrollo Comunitario de Maryland<\/a> trabaja con jurisdicciones locales y compa\u00f1\u00edas de administraci\u00f3n de propiedades para distribuir fondos federales.<\/p>\n<h3><b>Encuentre ayuda de alquiler local<\/b><\/h3>\n<p>Los fondos son limitados y es posible que no todos los hogares reciban asistencia. Si bien algunos programas tienen nombres diferentes, la mayor\u00eda se consideran el Programa de Asistencia de Alquiler de Emergencia o ERAP.<\/p>\n<p>El estado est\u00e1 trabajando en asociaci\u00f3n con agencias locales para administrar los fondos.<\/p>\n<p>Obtenga informaci\u00f3n sobre el proceso de solicitud, la documentaci\u00f3n requerida, las pautas de ingresos y las agencias asociadas.<\/p>\n<p><strong>Nota: Muchos programas han finalizado.<\/strong><\/p>\n<ul>\n<li><a href=\"https:\/\/covidrentrelief.alleghenycounty.us\/\" target=\"_blank\" rel=\"noopener\">Allegany ERAP \u2013 programa finalizado<\/a><\/li>\n<li><a href=\"https:\/\/acdsinc.org\/housing-resources\/renters\/acds-eviction-prevention-program\/\" target=\"_blank\" rel=\"noopener\">Programa de Prevenci\u00f3n de Desalojo de los Servicios de Desarrollo Comunitario de Anne Arundel (ACDS)<\/a><\/li>\n<li><a href=\"https:\/\/www.bmorechildren.com\/residents\" target=\"_blank\" rel=\"noopener\">Asistencia de alquiler de la ciudad de Baltimore<\/a><\/li>\n<li><a href=\"https:\/\/www.baltimorecountymd.gov\/departments\/housing\/eviction-prevention-program\" target=\"_blank\" rel=\"noopener\">Programa de Prevenci\u00f3n de Desalojos COVID-19 del Condado de Baltimore<\/a><\/li>\n<li><a href=\"https:\/\/www.calvertcountymd.gov\/3056\/Rental-Assistance-Form\" target=\"_blank\" rel=\"noopener\">Asistencia de alquiler del condado de Calvert<\/a><\/li>\n<li><a href=\"https:\/\/carolinemd.seamlessdocs.com\/f\/RENTUTILITY\" target=\"_blank\" rel=\"noopener\">ERAP del condado de Caroline<\/a><\/li>\n<li><a href=\"https:\/\/www.carrollcountymd.gov\/government\/directory\/citizen-services\/housing-community-development\" target=\"_blank\" rel=\"noopener\">Condado de Carroll<\/a><\/li>\n<li><a href=\"https:\/\/www.ccgov.org\/government\/community-services\/housing\" target=\"_blank\" rel=\"noopener\">Condado de Cecil<\/a><\/li>\n<li>Condado de Carlos (<a href=\"https:\/\/charlescountydss.com\/eviction\" target=\"_blank\" rel=\"noopener\">Departamento de Servicios Sociales<\/a>\u00a0y\u00a0<a href=\"https:\/\/www.smtccac.org\/emergency-assistance.aspx\" target=\"_blank\" rel=\"noopener\">Comit\u00e9 de Acci\u00f3n Comunitaria de los Tres Condados del Sur de Maryland (SMTCCAC) ERAP<\/a>) \u2013 termin\u00f3<\/li>\n<li>Condado de Dorchester<\/li>\n<li>Condado de Frederick \u2013 termin\u00f3, pero <a href=\"https:\/\/thereligiouscoalition.org\/need-help\/rental-assistance-program\/\" target=\"_blank\" rel=\"noopener\">La Coalici\u00f3n Religiosa<\/a> puede ser capaz de ayudar con el alquiler atrasado<\/li>\n<li><a href=\"https:\/\/www.howardcountymd.gov\/DHCD-COVID\" target=\"_blank\" rel=\"noopener\">Alivio del pago de vivienda COVID-19 del condado de Howard<\/a> \u2013 termin\u00f3<\/li>\n<li><a href=\"https:\/\/www.mrdc.net\/our-programs\/housing\/erap\/\" target=\"_blank\" rel=\"noopener\">Condado de Kent Maryland Desarrollo rural COVID-19 ERAP<\/a><\/li>\n<li><a href=\"https:\/\/www.princegeorgescountymd.gov\/3703\/Emergency-Rental-Assistance-Program\" target=\"_blank\" rel=\"noopener\">Programa de asistencia de emergencia para el alquiler del condado de Prince George<\/a><\/li>\n<li><a href=\"https:\/\/www.qac.org\/154\/Housing\" target=\"_blank\" rel=\"noopener\">Condado de Queen Anne<\/a><\/li>\n<li><a href=\"https:\/\/talbotcovid19.org\/financial-assistance\/\" target=\"_blank\" rel=\"noopener\">Condado de Talbot<\/a><\/li>\n<li><a href=\"https:\/\/www.wicomicocounty.org\/728\/Emergency-Rental-Assistance-Program\" target=\"_blank\" rel=\"noopener\">Condado de Wicomico<\/a><\/li>\n<li><a href=\"https:\/\/dhs.maryland.gov\/local-offices\/worcester-county\/\" target=\"_blank\" rel=\"noopener\">Condado de Worcester<\/a>\u00a0(Departamento de Servicios Sociales)<\/li>\n<\/ul>\n<p>Puede llamar al 2-1-1 para obtener la informaci\u00f3n m\u00e1s reciente sobre el programa de asistencia de emergencia para el alquiler de Maryland o llamar al 1-877-546-5595.<\/p>\n<h3><b>Ayuda financiera<\/b><\/h3>\n<p>La ayuda financiera tambi\u00e9n puede estar disponible a trav\u00e9s de una organizaci\u00f3n, iglesia o agencia local sin fines de lucro.\u00a0<a href=\"https:\/\/search.211md.org\/search?query=BH-3800.7000&amp;query_type=taxonomy&amp;query_label=&amp;query_language=en\" target=\"_blank\" rel=\"noopener\">Busque en la base de datos 211 para programas de asistencia relacionados con la vivienda<\/a>\u00a0o llame al 2-1-1 y hable con un especialista en informaci\u00f3n y referencias las 24 horas del d\u00eda, los 7 d\u00edas de la semana, los 365 d\u00edas del a\u00f1o.<\/p>\n<h3>Ayuda Legal<\/h3>\n<p>Si se enfrenta a un desalojo y necesita ayuda legal,\u00a0<a href=\"\/es\/podcast\/podcast-episode-6-mvls\/\" rel=\"noopener\">encontrar un servicio legal local gratuito y de costo reducido<\/a>.<\/p>\n<h2>Informaci\u00f3n relacionada<\/h2>\n<p><a title=\"Prevenci\u00f3n de desalojos\" href=\"https:\/\/211md.org\/es\/recursos\/vivienda-refugio\/prevencion-de-desalojos\/\">Prevenci\u00f3n de desalojos<\/a><\/p>\n<p><a href=\"https:\/\/211md.org\/es\/recursos\/vivienda-refugio\/covid-alquiler-ayuda\/\">Ayuda de alquiler de COVID<\/a><\/p>\n<p><a title=\"Hipoteca\/Ejecuci\u00f3n Hipotecaria \" href=\"https:\/\/211md.org\/es\/recursos\/vivienda-refugio\/ejecucion-hipotecaria\/\">Hipoteca\/Ejecuci\u00f3n Hipotecaria<\/a><\/p>\n<p><a href=\"https:\/\/211md.org\/es\/recursos\/vivienda-refugio\/senior-housing\/\" target=\"_blank\" rel=\"noopener\">Vivienda para personas mayores<\/a><\/p>\n<h2>\n\t\tBuscar recursos\n\t<\/h2>\n\t\t\t\t<a href=\"\/es\/recursos\/envejecimiento-discapacidad\/\" target=\"_self\" itemprop=\"url\" rel=\"noopener\">\n\t\t\t\t<img loading=\"lazy\" decoding=\"async\" src=\"https:\/\/211md.org\/wp-content\/uploads\/bb-plugin\/cache\/Mask-Group-41@2x-circle-73eaadba4cad8269faa4720e25cf1c85-.png\" alt=\"Los pies de una mujer mayor y una mujer m\u00e1s joven caminando juntas\" itemprop=\"image\" height=\"500\" width=\"500\" title=\"Servicios para discapacitados\" onerror=\"this.style.display='none'\"  \/>\n\t\t\t\t<\/a>\n\t\t<h3><a href=\"\/es\/recursos\/envejecimiento-discapacidad\/\" target=\"_self\" rel=\"noopener\">Envejecimiento y discapacidad<\/a><\/h3>\t\t\n\t\t\t\t<a href=\"\/es\/recursos\/ninos-familias\/\" target=\"_self\" itemprop=\"url\" rel=\"noopener\">\n\t\t\t\t<img loading=\"lazy\" decoding=\"async\" src=\"https:\/\/211md.org\/wp-content\/uploads\/bb-plugin\/cache\/Mask-Group-38@2x-circle-ac40d46265fbec62083cd27f6dcf23b0-.png\" alt=\"Un ni\u00f1o y una ni\u00f1a sonriendo y mirando a la c\u00e1mara.\" itemprop=\"image\" height=\"500\" width=\"500\" title=\"M\u00e1scara Grupo 38@2x\" onerror=\"this.style.display='none'\"  \/>\n\t\t\t\t<\/a>\n\t\t<h3><a href=\"\/es\/recursos\/ninos-familias\/\" target=\"_self\" rel=\"noopener\">Ni\u00f1os y familias<\/a><\/h3>\t\t\n\t\t\t\t<a href=\"\/es\/recursos\/centro-de-recursos-covid-19\/\" target=\"_self\" itemprop=\"url\" rel=\"noopener\">\n\t\t\t\t<img loading=\"lazy\" decoding=\"async\" src=\"https:\/\/211md.org\/wp-content\/uploads\/bb-plugin\/cache\/Mask-Group-35-circle-1d65595bca7a4e0f07d3d14ca4f42835-.png\" alt=\"Un golpe de codo de hombre y mujer\" itemprop=\"image\" height=\"500\" width=\"500\" title=\"M\u00e1scara Grupo 35\" onerror=\"this.style.display='none'\"  \/>\n\t\t\t\t<\/a>\n\t\t<h3><a href=\"\/es\/recursos\/centro-de-recursos-covid-19\/\" target=\"_self\" rel=\"noopener\">Recursos COVID-19<\/a><\/h3>\t\t\n\t\t\t\t<a href=\"\/es\/recursos\/violencia-domestica-familiar\/\" target=\"_self\" itemprop=\"url\" rel=\"noopener\">\n\t\t\t\t<img loading=\"lazy\" decoding=\"async\" src=\"https:\/\/211md.org\/wp-content\/uploads\/bb-plugin\/cache\/Mask-Group-39@2x-circle-b2589197a13c791d910f46dd10b27a87-.png\" alt=\"Dos pares de manos abraz\u00e1ndose\" itemprop=\"image\" height=\"500\" width=\"500\" title=\"M\u00e1scara Grupo 39@2x\" onerror=\"this.style.display='none'\"  \/>\n\t\t\t\t<\/a>\n\t\t<h3><a href=\"\/es\/recursos\/violencia-domestica-familiar\/\" target=\"_self\" rel=\"noopener\">Violencia Dom\u00e9stica\/ Familiar<\/a><\/h3>\t\t\n\t\t\t\t<a href=\"\/es\/recursos\/busqueda-de-empleo\/\" target=\"_self\" itemprop=\"url\" rel=\"noopener\">\n\t\t\t\t<img loading=\"lazy\" decoding=\"async\" src=\"https:\/\/211md.org\/wp-content\/uploads\/bb-plugin\/cache\/Employment-circle-bf72562329e950df948954f5d3f44b2e-.png\" alt=\"un mec\u00e1nico de autom\u00f3viles\" itemprop=\"image\" height=\"500\" width=\"500\" title=\"Empleo\" onerror=\"this.style.display='none'\"  \/>\n\t\t\t\t<\/a>\n\t\t<h3><a href=\"\/es\/recursos\/busqueda-de-empleo\/\" target=\"_self\" rel=\"noopener\">Empleo<\/a><\/h3>\t\t\n\t\t\t\t<a href=\"\/es\/recursos\/cuidado-de-la-salud\/\" target=\"_self\" itemprop=\"url\" rel=\"noopener\">\n\t\t\t\t<img loading=\"lazy\" decoding=\"async\" src=\"https:\/\/211md.org\/wp-content\/uploads\/bb-plugin\/cache\/Mask-Group-35@2x-circle-94be10c13e4adae1683b4589dc2f5b2f-.png\" alt=\"doctor, el mirar, ni\u00f1os, pierna\" itemprop=\"image\" height=\"500\" width=\"500\" title=\"M\u00e1scara Grupo 35@2x\" onerror=\"this.style.display='none'\"  \/>\n\t\t\t\t<\/a>\n\t\t<h3><a href=\"\/es\/recursos\/cuidado-de-la-salud\/\" target=\"_self\" rel=\"noopener\">Cuidado de la salud<\/a><\/h3>\t\t\n\t\t\t\t<a href=\"\/es\/recursos\/alimento\/\" target=\"_self\" itemprop=\"url\" rel=\"noopener\">\n\t\t\t\t<img loading=\"lazy\" decoding=\"async\" src=\"https:\/\/211md.org\/wp-content\/uploads\/bb-plugin\/cache\/Mask-Group-32@2x-circle-1c6d647dcaf998fa079d26735cedc92b-.png\" alt=\"Vegetales frescos\" itemprop=\"image\" height=\"500\" width=\"500\" title=\"M\u00e1scara Grupo 32@2x\" onerror=\"this.style.display='none'\"  \/>\n\t\t\t\t<\/a>\n\t\t<h3><a href=\"\/es\/recursos\/alimento\/\" target=\"_self\" rel=\"noopener\">Alimento<\/a><\/h3>\t\t\n\t\t\t\t<a href=\"\/es\/recursos\/vivienda-refugio\/\" target=\"_self\" itemprop=\"url\" rel=\"noopener\">\n\t\t\t\t<img loading=\"lazy\" decoding=\"async\" src=\"https:\/\/211md.org\/wp-content\/uploads\/bb-plugin\/cache\/Mask-Group-34@2x-circle-b99c55fc16ef21f35e2f2a1f7cc37b9a-.png\" alt=\"Balc\u00f3n del complejo de apartamentos\" itemprop=\"image\" height=\"500\" width=\"500\" title=\"Complejo de apartamentos\" onerror=\"this.style.display='none'\"  \/>\n\t\t\t\t<\/a>\n\t\t<h3><a href=\"\/es\/recursos\/vivienda-refugio\/\" target=\"_self\" rel=\"noopener\">Vivienda y refugio<\/a><\/h3>\t\t\n\t\t\t\t<a href=\"\/es\/recursos\/nuevo-en-los-estados-unidos-y-maryland\/\" target=\"_self\" itemprop=\"url\" rel=\"noopener\">\n\t\t\t\t<img loading=\"lazy\" decoding=\"async\" src=\"https:\/\/211md.org\/wp-content\/uploads\/bb-plugin\/cache\/American-flag-circle-0016cc327e27ef7aeb080f1da6c6e98b-.jpg\" alt=\"bandera estadounidense\" itemprop=\"image\" height=\"364\" width=\"1366\" title=\"Bandera estadounidense\" onerror=\"this.style.display='none'\"  \/>\n\t\t\t\t<\/a>\n\t\t<h3><a href=\"\/es\/recursos\/nuevo-en-los-estados-unidos-y-maryland\/\" target=\"_self\" rel=\"noopener\">Inmigraci\u00f3n<\/a><\/h3>\t\t\n\t\t\t\t<a href=\"\/es\/recursos\/servicios-legales\/\" target=\"_self\" itemprop=\"url\" rel=\"noopener\">\n\t\t\t\t<img loading=\"lazy\" decoding=\"async\" src=\"https:\/\/211md.org\/wp-content\/uploads\/bb-plugin\/cache\/Housing-Legal-circle-9a8f3c1c72c54b6e1ce612d2993c1ad4-.png\" alt=\"Martillo legal con un modelo de pl\u00e1stico de una casa al lado\" itemprop=\"image\" height=\"348\" width=\"460\" title=\"vivienda legal\" onerror=\"this.style.display='none'\"  \/>\n\t\t\t\t<\/a>\n\t\t<h3><a href=\"\/es\/recursos\/servicios-legales\/\" target=\"_self\" rel=\"noopener\">Servicios Legales<\/a><\/h3>\t\t\n\t\t\t\t<a href=\"\/es\/recursos\/salud-mental\/\" target=\"_self\" itemprop=\"url\" rel=\"noopener\">\n\t\t\t\t<img loading=\"lazy\" decoding=\"async\" src=\"https:\/\/211md.org\/wp-content\/uploads\/bb-plugin\/cache\/Mask-Group-40@2x-circle-7bd9426367852fb3d841bc4bdc57a550-.png\" alt=\"Los perfiles de un hombre y una mujer\" itemprop=\"image\" height=\"500\" width=\"500\" title=\"M\u00e1scara Grupo 40@2x\" onerror=\"this.style.display='none'\"  \/>\n\t\t\t\t<\/a>\n\t\t<h3><a href=\"\/es\/recursos\/salud-mental\/\" target=\"_self\" rel=\"noopener\">Salud mental<\/a><\/h3>\t\t\n\t\t\t\t<a href=\"\/es\/para-el-odio\/\" target=\"_self\" itemprop=\"url\" rel=\"noopener\">\n\t\t\t\t<img loading=\"lazy\" decoding=\"async\" src=\"https:\/\/211md.org\/wp-content\/uploads\/bb-plugin\/cache\/Background-section-MDStophate-circle-08e2bae1cf9f2ad6cc83e01e23da8cb9-.jpg\" alt=\"Fondo-secci\u00f3n-MDStophate\" itemprop=\"image\" height=\"768\" width=\"1366\" title=\"Fondo-secci\u00f3n-MDStophate\" onerror=\"this.style.display='none'\"  \/>\n\t\t\t\t<\/a>\n\t\t<h3><a href=\"\/es\/para-el-odio\/\" target=\"_self\" rel=\"noopener\">Los cr\u00edmenes y incidentes de odio<\/a><\/h3>\t\t\n\t\t\t\t<a href=\"\/es\/recursos\/consumo-de-sustancias\/\" target=\"_self\" itemprop=\"url\" rel=\"noopener\">\n\t\t\t\t<img loading=\"lazy\" decoding=\"async\" src=\"https:\/\/211md.org\/wp-content\/uploads\/bb-plugin\/cache\/Substance-Use-circle-ad2d564932dc31267e0c32a6fb2d915c-.png\" alt=\"Pastillas para romper a mano\" itemprop=\"image\" height=\"500\" width=\"500\" title=\"Uso de sustancias\" onerror=\"this.style.display='none'\"  \/>\n\t\t\t\t<\/a>\n\t\t<h3><a href=\"\/es\/recursos\/consumo-de-sustancias\/\" target=\"_self\" rel=\"noopener\">Uso de sustancias<\/a><\/h3>\t\t\n\t\t\t\t<a href=\"\/es\/recursos\/servicios-de-impuestos\/\" target=\"_self\" itemprop=\"url\" rel=\"noopener\">\n\t\t\t\t<img loading=\"lazy\" decoding=\"async\" src=\"https:\/\/211md.org\/wp-content\/uploads\/bb-plugin\/cache\/Mask-Group-34-circle-166a606e37e61188c9a17d5e634cda3c-.png\" alt=\"Persona que llena el papeleo del impuesto sobre la renta\" itemprop=\"image\" height=\"500\" width=\"500\" title=\"M\u00e1scara Grupo 34\" onerror=\"this.style.display='none'\"  \/>\n\t\t\t\t<\/a>\n\t\t<h3><a href=\"\/es\/recursos\/servicios-de-impuestos\/\" target=\"_self\" rel=\"noopener\">Servicios de Impuestos<\/a><\/h3>\t\t\n\t\t\t\t<a href=\"\/es\/recursos\/asistencia-de-servicios-publicos\/\" target=\"_self\" itemprop=\"url\" rel=\"noopener\">\n\t\t\t\t<img loading=\"lazy\" decoding=\"async\" src=\"https:\/\/211md.org\/wp-content\/uploads\/bb-plugin\/cache\/Mask-Group-37@2x-circle-9661a11b9c4082079c9a1f06bc539567-.png\" alt=\"Una bombilla encendida\" itemprop=\"image\" height=\"500\" width=\"500\" title=\"M\u00e1scara Grupo 37@2x\" onerror=\"this.style.display='none'\"  \/>\n\t\t\t\t<\/a>\n\t\t<h3><a href=\"\/es\/recursos\/asistencia-de-servicios-publicos\/\" target=\"_self\" rel=\"noopener\">Asistencia de servicios p\u00fablicos<\/a><\/h3>\t\t\n\t\t\t\t<a href=\"\/es\/recursos\/veteranos\/\" target=\"_self\" itemprop=\"url\" rel=\"noopener\">\n\t\t\t\t<img loading=\"lazy\" decoding=\"async\" src=\"https:\/\/211md.org\/wp-content\/uploads\/bb-plugin\/cache\/Veterans-circle-b5b2b017288a5af0f61a41d0f31d0f82-.png\" alt=\"Un soldado estrechando la mano de alguien y sonriendo.\" itemprop=\"image\" height=\"500\" width=\"500\" title=\"veteranos\" onerror=\"this.style.display='none'\"  \/>\n\t\t\t\t<\/a>\n\t\t<h3><a href=\"\/es\/recursos\/veteranos\/\" target=\"_self\" rel=\"noopener\">veteranos<\/a><\/h3>","protected":false},"excerpt":{"rendered":"<p>Programa de asistencia de emergencia para el alquiler de Maryland (ERAP) \u00bfTiene problemas para pagar el alquiler debido al COVID-19? Puede ser elegible para recibir ayuda financiera con pagos de alquiler actuales o atrasados. Muchos programas han agotado los fondos para ayuda de alquiler relacionada con COVID-19, pero es posible que a\u00fan pueda obtener ayuda a trav\u00e9s de otra fuente de vivienda. Si usted\u2026<\/p>","protected":false},"author":8,"featured_media":2434,"parent":926,"menu_order":0,"comment_status":"closed","ping_status":"closed","template":"","meta":{"footnotes":""},"class_list":["post-1963","page","type-page","status-publish","has-post-thumbnail","hentry"],"_links":{"self":[{"href":"https:\/\/211md.org\/es\/wp-json\/wp\/v2\/pages\/1963","targetHints":{"allow":["GET"]}}],"collection":[{"href":"https:\/\/211md.org\/es\/wp-json\/wp\/v2\/pages"}],"about":[{"href":"https:\/\/211md.org\/es\/wp-json\/wp\/v2\/types\/page"}],"author":[{"embeddable":true,"href":"https:\/\/211md.org\/es\/wp-json\/wp\/v2\/users\/8"}],"replies":[{"embeddable":true,"href":"https:\/\/211md.org\/es\/wp-json\/wp\/v2\/comments?post=1963"}],"version-history":[{"count":0,"href":"https:\/\/211md.org\/es\/wp-json\/wp\/v2\/pages\/1963\/revisions"}],"up":[{"embeddable":true,"href":"https:\/\/211md.org\/es\/wp-json\/wp\/v2\/pages\/926"}],"wp:featuredmedia":[{"embeddable":true,"href":"https:\/\/211md.org\/es\/wp-json\/wp\/v2\/media\/2434"}],"wp:attachment":[{"href":"https:\/\/211md.org\/es\/wp-json\/wp\/v2\/media?parent=1963"}],"curies":[{"name":"Gracias","href":"https:\/\/api.w.org\/{rel}","templated":true}]}}