{"id":2010,"date":"2021-05-27T23:22:41","date_gmt":"2021-05-27T23:22:41","guid":{"rendered":"https:\/\/211md.org\/?page_id=2010"},"modified":"2026-01-08T09:44:30","modified_gmt":"2026-01-08T14:44:30","slug":"baltimore-comida","status":"publish","type":"page","link":"https:\/\/211md.org\/es\/resources\/food\/baltimore-food\/","title":{"rendered":"Encuentra comida en la ciudad de Baltimore"},"content":{"rendered":"<img decoding=\"async\" src=\"https:\/\/stg-maryland211-staging.kinsta.cloud\/wp-content\/uploads\/2025\/08\/5-1-scaled.png\" alt=\"5\" itemprop=\"image\" height=\"692\" width=\"2560\" title=\"5\" onerror=\"this.style.display='none'\" loading=\"lazy\" \/>\n\t\t<p>Looking for food in Baltimore City? There are several options available, including grocery delivery and produce box distribution.<\/p>\n\t\t\t<a href=\"#start\" target=\"_self\">\n\t\t\t\t\t\tEmpezar\n\t\t\t\t\t<\/a>\n\t\t\t\t<img decoding=\"async\" src=\"https:\/\/211md.org\/wp-content\/plugins\/bb-plugin\/img\/pixel.png\" alt=\"\" itemprop=\"image\" onerror=\"this.style.display='none'\" loading=\"lazy\" \/>\n\t\t\t\t<img decoding=\"async\" src=\"https:\/\/stg-maryland211-staging.kinsta.cloud\/wp-content\/uploads\/2025\/08\/16.png\" alt=\"16\" itemprop=\"image\" height=\"1000\" width=\"1000\" title=\"16\" onerror=\"this.style.display='none'\" loading=\"lazy\" \/>\n\t\t\t\t<img decoding=\"async\" src=\"http:\/\/211md.org\/wp-content\/uploads\/2022\/05\/food-donation-box-from-food-bank.png\" alt=\"caja de donaci\u00f3n de alimentos del banco de alimentos\" itemprop=\"image\" title=\"caja de donaci\u00f3n de alimentos del banco de alimentos\" onerror=\"this.style.display='none'\" loading=\"lazy\" \/>\n\t<h2>Free Food Programs in Baltimore City<\/h2>\n<p>El \u00e1rea metropolitana de Baltimore cuenta con recursos y apoyo para quienes se han visto afectados por el cierre del gobierno federal o que enfrentan inseguridad alimentaria por cualquier otro motivo.<\/p>\n<h3>Produce Box Distribution<\/h3>\n<p>Residents can also get a 15-pound box of fresh produce, filled with fruits and vegetables, at locations throughout Baltimore City. These distribution events are held several days a week, and are expected to last through January 2026. There are 30 sites throughout Baltimore City, and events are held on various days of the week.<\/p>\n<p><a href=\"https:\/\/www.baltimorecity.gov\/shutdown\" target=\"_blank\" rel=\"noopener\">Encontrar<\/a> a date and location near you.<\/p>\n<h3>Home Delivered Food<\/h3>\n<p>If you are a Baltimore City resident and can&#8217;t afford meals or groceries and currently have no food at home or will run out before you can buy more, you may be able to request a free home-delivered grocery box. The box includes a week&#8217;s worth of non-perishable food.<\/p>\n<p>This program is typically available to adults 55+, but call and check the latest eligibility requirements.<\/p>\n<p>Sign up by contacting Maryland Access Point (MAP) in Baltimore City. Call 410-396-2273 (CARE).<\/p>\n\t<h3>Proyecto Alimentario<\/h3>\n<p>El proyecto \u201cThe Food Project\u201d de UEMPOWER de Maryland ofrece un mercado de alimentos emergente en el suroeste de Baltimore los martes, jueves y s\u00e1bados. <a href=\"https:\/\/uempowerofmd.org\/the-food-project\/?fbclid=IwY2xjawNxoNJleHRuA2FlbQIxMABicmlkETF3WTRRMDFLWFgwcHFFYlBtAR7qY9aV3YUtn5csOAVMtq8igpfX7AZ0v-7JWNvfe_oC_Rz1og0p4yGTuL1lFg_aem_Cl_KH5FjNS0DfR4JLciMVA\" target=\"_blank\" rel=\"noopener\">Obt\u00e9n los horarios m\u00e1s recientes<\/a> para la distribuci\u00f3n gratuita de comidas y alimentos. Tambi\u00e9n entregan comidas a domicilio a personas que no pueden salir de casa. UEMPOWER colabora con organizaciones asociadas para ayudar a personas y familias a gestionar beneficios, documentos, ropa y otros tr\u00e1mites.<\/p>\n<p>Si necesita comida u otros servicios, <a href=\"https:\/\/thefoodproject.jotform.com\/app\/252085176374966?fbclid=IwY2xjawNxn-1leHRuA2FlbQIxMABicmlkETF3WTRRMDFLWFgwcHFFYlBtAR4GlBC5R51LegBz-zIyswV4WOJWYca16ElrcV3SBIRFuCKwoKuZVm_aO4TyQg_aem_rcnPv2jagyzJg97yxnAMzw\" target=\"_blank\" rel=\"noopener\">Complete este formulario de admisi\u00f3n<\/a>.<\/p>\n<h3>So What Else Food Program<\/h3>\n<p>Para comprar comestibles, art\u00edculos b\u00e1sicos de despensa y pa\u00f1ales, visite So What Else. La variedad, cantidad y calidad de los alimentos pueden variar diariamente. Lleve una bolsa o carrito para transportar sus compras. Ubicado en el suroeste de Baltimore, el Centro de Recursos de Baltimore brinda ayuda a la comunidad varios d\u00edas a la semana. <a href=\"https:\/\/sowhatelse.org\/\" target=\"_blank\" rel=\"noopener\">Consulta su horario m\u00e1s reciente<\/a> y ent\u00e9rese de eventos especiales para quienes se han visto afectados por el cierre del gobierno federal.<\/p>\n<h3>Red de refrigeradores<\/h3>\n<p>La Red Comunitaria de Refrigeradores de Baltimore es una red de refrigeradores abastecidos con alimentos en el \u00e1rea de la ciudad de Baltimore. <a href=\"https:\/\/www.google.com\/maps\/d\/u\/0\/viewer?mid=144OL4Q89OhRc2JInBCT-TMrvVjZ5zG4&amp;ll=39.3519417%2C-76.60977299999999&amp;z=18\" target=\"_blank\" rel=\"noopener\">Encuentra lugares con comida<\/a>.<\/p>\n\t\t\t\t<a href=\"https:\/\/search.211md.org\/\" target=\"_blank\" rel=\"noopener\" itemprop=\"url\">\n\t\t\t\t<img decoding=\"async\" src=\"https:\/\/stg-maryland211-staging.kinsta.cloud\/wp-content\/uploads\/2025\/08\/2025_MdInfoNet_Icon-Sets-white_Locate.png\" alt=\"\" itemprop=\"image\" onerror=\"this.style.display='none'\" loading=\"lazy\" \/>\n\t\t\t\t<\/a>\n<h2><a href=\"https:\/\/search.211md.org\/\" target=\"_blank\" rel=\"noopener\">B\u00fasquedas comunes de alimentos en la ciudad de Baltimore<\/a><\/h2><p>Click on the type of food you&#8217;re looking for in the Baltimore area, and search 211&#8217;s Community Resource Database. Narrow the results by entering a ZIP code.<\/p>\n\t\t\t<a href=\"https:\/\/search.211md.org\/search?query=BD-1800.2250&#038;query_type=taxonomy&#038;query_label=\" target=\"_blank\" rel=\"noopener\">\n\t\t\t\t\t\tVales de comida\n\t\t\t\t\t<\/a>\n\t\t\t<a href=\"https:\/\/search.211md.org\/search?query=BD-1800.2000&#038;query_type=taxonomy&#038;query_label=\" target=\"_blank\" rel=\"noopener\">\n\t\t\t\t\t\tDespensa de alimentos\n\t\t\t\t\t<\/a>\n\t\t\t<a href=\"https:\/\/search.211md.org\/search?query=BD-1875.2000&#038;query_type=taxonomy&#038;query_label=\" target=\"_blank\" rel=\"noopener\">\n\t\t\t\t\t\tBanco de comida\n\t\t\t\t\t<\/a>\n\t\t\t<a href=\"https:\/\/search.211md.org\/search?query=BD-1800.8200-255&#038;query_label=Fresh+Food&#038;query_type=taxonomy&#038;distance=25\" target=\"_blank\" rel=\"noopener\">\n\t\t\t\t\t\tComida fresca\n\t\t\t\t\t<\/a>\n\t\t\t<a href=\"https:\/\/search.211md.org\/search?query=Baby+Formula+%26+Food&#038;query_label=Baby+Formula+%26+Food&#038;query_type=taxonomy&#038;distance=25\" target=\"_blank\" rel=\"noopener\">\n\t\t\t\t\t\tF\u00f3rmula\/comida para beb\u00e9s\n\t\t\t\t\t<\/a>\n\t\t\t<a href=\"https:\/\/search.211md.org\/search?query=BD-2400.2590&#038;query_type=taxonomy&#038;query_label=\" target=\"_blank\" rel=\"noopener\">\n\t\t\t\t\t\tEntrega de comestibles\n\t\t\t\t\t<\/a>\n\t<h2><b>Descuentos en comestibles en Baltimore<\/b><\/h2>\n<p>Hay dos formas adicionales de ahorrar en comestibles:<\/p>\n<ul>\n<li>Red de alimentos COMPARTIR<\/li>\n<li>B&#039;More Fresh (a trav\u00e9s de Amazon)<\/li>\n<\/ul>\n<p>\u00c9l\u00a0<a href=\"https:\/\/211md.org\/es\/recursos\/alimento\/\" target=\"_blank\" rel=\"noopener\">Red de alimentos COMPARTIR<\/a> Es una organizaci\u00f3n sin fines de lucro que ofrece alimentos saludables a aproximadamente la mitad del precio de venta al p\u00fablico. Los men\u00fas se actualizan mensualmente y hay puntos de recogida en todo Maryland.<\/p>\n<h3>Descuentos de Amazon<\/h3>\n<p>Los participantes del programa SNAP de la ciudad de Baltimore (anteriormente conocido como cupones de alimentos) pueden recibir un cup\u00f3n para productos agr\u00edcolas $20 a trav\u00e9s de B&#039;More Fresh y Amazon. Al ser un programa de Amazon, los alimentos se entregar\u00e1n a domicilio.<\/p>\n<p>Los vales est\u00e1n disponibles una vez al mes y deben gastarse dentro de los 30 d\u00edas.<\/p>\n<p>As\u00ed es como funciona.<\/p>\n<ul>\n<li>Gaste $5 en frutas y verduras frescas o congeladas elegibles para SNAP\/EBT.<\/li>\n<li>Obt\u00e9n un cup\u00f3n $30 despu\u00e9s de la compra.<\/li>\n<li>Gastar el cup\u00f3n.<\/li>\n<li>El proceso puede repetirse una vez al mes.<\/li>\n<\/ul>\n<p><em>Nota: Los detalles del programa est\u00e1n sujetos a cambios.\u00a0<\/em><\/p>\n\t\t\t\t<img decoding=\"async\" src=\"https:\/\/211md.org\/wp-content\/uploads\/2021\/05\/Food-Donation.png\" alt=\"comida en baltimore\" itemprop=\"image\" height=\"348\" width=\"460\" title=\"Donaci\u00f3n de Alimentos\" onerror=\"this.style.display='none'\" loading=\"lazy\" \/>\n\t<h2>SNAP y WIC<\/h2>\n<p>Si necesita ayuda para pagar los alimentos, hay dos programas de asistencia alimentaria disponibles.<\/p>\n<p>Lea nuestra gu\u00eda 211 sobre ambos programas:<\/p>\n<ul>\n<li><a href=\"https:\/\/211md.org\/es\/recursos\/alimento\/cupones-de-alimentos\/\">Programa de Asistencia Nutricional Suplementaria o SNAP<\/a>\u00a0(anteriormente cupones de alimentos) <\/li>\n<li><a href=\"https:\/\/211md.org\/es\/recursos\/alimento\/wic\/\">WIC<\/a> \u2013 para madres embarazadas y lactantes elegibles y ni\u00f1os de hasta 5 a\u00f1os<\/li>\n<\/ul>\n<p>Obtenga ayuda con estas solicitudes. El personal de servicios sociales visita semanalmente los centros de la Asociaci\u00f3n de Acci\u00f3n Comunitaria de la Ciudad de Baltimore (BCCAP) para ayudar con estos programas de alimentos. <a href=\"https:\/\/www.bmorechildren.com\/assistance\" target=\"_blank\" rel=\"noopener\">Contacte con BCCAP<\/a> para obtener ayuda.<\/p>\n<h3>Encuentre despensas de alimentos<\/h3>\n<p>La Base de Datos de Recursos Comunitarios 211 ofrece recursos alimentarios en toda la ciudad de Baltimore, desde despensas hasta comedores populares. Encuentre lo que busca con estas b\u00fasquedas comunes de alimentos. Ingrese un c\u00f3digo postal para refinar la b\u00fasqueda.<\/p>\n<p>&nbsp;<\/p>\n\t\t\t<a href=\"https:\/\/search.211md.org\/search?query=BD-1800.8200-250%2CNL-6000.9500%2CBD-5000.1500%2CBD-2400.2590%2CBD-5000.8300&#038;query_label=I+need+food+or+food+assistance.&#038;query_type=taxonomy&#038;distance=25\" target=\"_blank\" rel=\"noopener\">\n\t\t\t\t\t\tBaltimore City Food resources\n\t\t\t\t\t<\/a>\n\t\t\t\t<img decoding=\"async\" src=\"https:\/\/211md.org\/wp-content\/plugins\/bb-plugin\/img\/pixel.png\" alt=\"\" itemprop=\"image\" onerror=\"this.style.display='none'\" loading=\"lazy\" \/>\n\t\t\t\t<img decoding=\"async\" src=\"https:\/\/211md.org\/wp-content\/uploads\/bb-plugin\/cache\/Call-center-specialst-circle-4e9ecd7b3425be4576416abc911049bb-.jpg\" alt=\"Especialista en centro de llamadas\" itemprop=\"image\" title=\"Especialista en call center\" onerror=\"this.style.display='none'\" loading=\"lazy\" \/>\n<h2>Marque 211<\/h2><p>Habla con una persona atenta y compasiva las 24 horas, los 7 d\u00edas de la semana. Tambi\u00e9n puede ponerte en contacto con recursos.\u00a0<\/p>\n\t\t\t<a href=\"tel:%20+211\" target=\"_blank\" rel=\"noopener\">\n\t\t\t\t\t\tMarca 211 (m\u00f3vil)\n\t\t\t\t\t<\/a>\n<h2>\n\t\t\tInformaci\u00f3n relacionada\t<\/h2>\n\t\t<h4><a href=\"\/es\/recursos\/envejecimiento-discapacidad\/?utm_source=Home&#038;utm_medium=Referral&#038;utm_campaign=211Resources&#038;utm_content=Aging\" target=\"_self\">Envejecimiento y discapacidad<\/a><\/h4>\n\t\t\t\t<a href=\"\/es\/recursos\/envejecimiento-discapacidad\/?utm_source=Home&#038;utm_medium=Referral&#038;utm_campaign=211Resources&#038;utm_content=Aging\"  target=\"_self\" itemprop=\"url\">\n\t\t\t\t<img decoding=\"async\" src=\"https:\/\/211md.org\/wp-content\/uploads\/bb-plugin\/cache\/2025_MdInfoNet_Icon-Sets_Aging-disability-square-c466727102cae71e5f27b8539bb51945-.png\" alt=\"\" itemprop=\"image\" onerror=\"this.style.display='none'\" loading=\"lazy\" \/>\n\t\t\t\t<\/a>\n\t\t<h4><a href=\"\/es\/recursos\/ninos-familias\/?utm_source=Home&#038;utm_medium=Referral&#038;utm_campaign=211Resources&#038;utm_content=Children\" target=\"_self\">Ni\u00f1os y familias<\/a><\/h4>\n\t\t\t\t<a href=\"\/es\/recursos\/ninos-familias\/?utm_source=Home&#038;utm_medium=Referral&#038;utm_campaign=211Resources&#038;utm_content=Children\"  target=\"_self\" itemprop=\"url\">\n\t\t\t\t<img decoding=\"async\" src=\"https:\/\/211md.org\/wp-content\/uploads\/bb-plugin\/cache\/2025_211_Icon-Sets_Child-care-square-f3b0d4edab3dcc467fadb5f55f4064c6-.png\" alt=\"parent and child icon for child care\" itemprop=\"image\" height=\"417\" width=\"417\" title=\"2025_211_Conjuntos de iconos_Cuidado infantil\" onerror=\"this.style.display='none'\" loading=\"lazy\" \/>\n\t\t\t\t<\/a>\n\t\t<h4><a href=\"\/es\/recursos\/violencia-domestica-familiar\/?utm_source=Home&#038;utm_medium=Referral&#038;utm_campaign=211Resources&#038;utm_content=Domestic\" target=\"_self\">Violencia dom\u00e9stica<\/a><\/h4>\n\t\t\t\t<a href=\"\/es\/recursos\/violencia-domestica-familiar\/?utm_source=Home&#038;utm_medium=Referral&#038;utm_campaign=211Resources&#038;utm_content=Domestic\"  target=\"_self\" itemprop=\"url\">\n\t\t\t\t<img decoding=\"async\" src=\"https:\/\/211md.org\/wp-content\/uploads\/bb-plugin\/cache\/2025_211_Icon-Sets_Domestic-Violence-square-7b597694a6f05fe90cdc376aa573bc63-.png\" alt=\"House with a heart in the middle icon\" itemprop=\"image\" height=\"417\" width=\"417\" title=\"2025_211_Conjuntos de iconos_Violencia dom\u00e9stica\" onerror=\"this.style.display='none'\" loading=\"lazy\" \/>\n\t\t\t\t<\/a>\n\t\t<h4><a href=\"\/es\/recursos\/busqueda-de-empleo\/?utm_source=Home&#038;utm_medium=Referral&#038;utm_campaign=211Resources&#038;utm_content=Employment\" target=\"_self\">Empleo<\/a><\/h4>\n\t\t\t\t<a href=\"\/es\/recursos\/busqueda-de-empleo\/?utm_source=Home&#038;utm_medium=Referral&#038;utm_campaign=211Resources&#038;utm_content=Employment\"  target=\"_self\" itemprop=\"url\">\n\t\t\t\t<img decoding=\"async\" src=\"https:\/\/211md.org\/wp-content\/uploads\/bb-plugin\/cache\/2025_MdInfoNet_Icon-Sets_Employment-square-44707bd410e4df10a470bf130ebcea86-.png\" alt=\"\" itemprop=\"image\" onerror=\"this.style.display='none'\" loading=\"lazy\" \/>\n\t\t\t\t<\/a>\n\t\t<h4><a href=\"\/es\/recursos\/cuidado-de-la-salud\/?utm_source=Home&#038;utm_medium=Referral&#038;utm_campaign=211Resources&#038;utm_content=Health%20Care\" target=\"_self\">Cuidado de la salud<\/a><\/h4>\n\t\t\t\t<a href=\"\/es\/recursos\/cuidado-de-la-salud\/?utm_source=Home&#038;utm_medium=Referral&#038;utm_campaign=211Resources&#038;utm_content=Health%20Care\"  target=\"_self\" itemprop=\"url\">\n\t\t\t\t<img decoding=\"async\" src=\"https:\/\/211md.org\/wp-content\/uploads\/bb-plugin\/cache\/2025_MdInfoNet_Icon-Sets_Health-Care-square-dee98a0060cbe0e7f27eda253fc12679-.png\" alt=\"\" itemprop=\"image\" onerror=\"this.style.display='none'\" loading=\"lazy\" \/>\n\t\t\t\t<\/a>\n\t\t<h4><a href=\"\/es\/recursos\/ninos-familias\/parentesco\/?utm_source=Home&#038;utm_medium=Referral&#038;utm_campaign=211Resources&#038;utm_content=Kinship\" target=\"_self\">Parentesco<\/a><\/h4>\n\t\t\t\t<a href=\"\/es\/recursos\/ninos-familias\/parentesco\/?utm_source=Home&#038;utm_medium=Referral&#038;utm_campaign=211Resources&#038;utm_content=Kinship\"  target=\"_self\" itemprop=\"url\">\n\t\t\t\t<img decoding=\"async\" src=\"https:\/\/211md.org\/wp-content\/uploads\/bb-plugin\/cache\/2025_211_Icon-Sets_Kinship-square-45bdf872866f5735f842c32071109267-.png\" alt=\"Icono de parentesco\" itemprop=\"image\" height=\"417\" width=\"417\" title=\"2025_211_Conjuntos de iconos_Parentesco\" onerror=\"this.style.display='none'\" loading=\"lazy\" \/>\n\t\t\t\t<\/a>\n\t\t<h4><a href=\"\/es\/recursos\/servicios-legales\/?utm_source=Home&#038;utm_medium=Referral&#038;utm_campaign=211Resources&#038;utm_content=Legal\" target=\"_self\">Servicios Legales<\/a><\/h4>\n\t\t\t\t<a href=\"\/es\/recursos\/servicios-legales\/?utm_source=Home&#038;utm_medium=Referral&#038;utm_campaign=211Resources&#038;utm_content=Legal\"  target=\"_self\" itemprop=\"url\">\n\t\t\t\t<img decoding=\"async\" src=\"https:\/\/211md.org\/wp-content\/uploads\/bb-plugin\/cache\/2025_MdInfoNet_Icon-Sets_Legal-square-18fdf438feb8435588174d9046463257-.png\" alt=\"\" itemprop=\"image\" onerror=\"this.style.display='none'\" loading=\"lazy\" \/>\n\t\t\t\t<\/a>\n\t\t<h4><a href=\"\/es\/recursos\/salud-mental\/?utm_source=Home&#038;utm_medium=Referral&#038;utm_campaign=211Resources&#038;utm_content=Mental\" target=\"_self\">Salud mental<\/a><\/h4>\n\t\t\t\t<a href=\"\/es\/recursos\/salud-mental\/?utm_source=Home&#038;utm_medium=Referral&#038;utm_campaign=211Resources&#038;utm_content=Mental\"  target=\"_self\" itemprop=\"url\">\n\t\t\t\t<img decoding=\"async\" src=\"https:\/\/211md.org\/wp-content\/uploads\/bb-plugin\/cache\/2025_MdInfoNet_Icon-Sets_Mental-Health-square-c59b38c4a993a947d4c9280fbe2d2fee-.png\" alt=\"\" itemprop=\"image\" onerror=\"this.style.display='none'\" loading=\"lazy\" \/>\n\t\t\t\t<\/a>\n\t\t<h4><a href=\"\/es\/recursos\/mdreentry\/?utm_source=Home&#038;utm_medium=Referral&#038;utm_campaign=211Resources&#038;utm_content=Reentry\" target=\"_self\">Reentrada<\/a><\/h4>\n\t\t\t\t<a href=\"\/es\/recursos\/mdreentry\/?utm_source=Home&#038;utm_medium=Referral&#038;utm_campaign=211Resources&#038;utm_content=Reentry\"  target=\"_self\" itemprop=\"url\">\n\t\t\t\t<img decoding=\"async\" src=\"https:\/\/211md.org\/wp-content\/uploads\/bb-plugin\/cache\/2025_211_Icon-Sets_Reentry-square-8676fea38abd920a832f45642fe31cca-.png\" alt=\"Icono de reentrada\" itemprop=\"image\" height=\"417\" width=\"417\" title=\"2025_211_Conjuntos de iconos_Reentrada\" onerror=\"this.style.display='none'\" loading=\"lazy\" \/>\n\t\t\t\t<\/a>\n\t\t<h4><a href=\"\/es\/recursos\/consumo-de-sustancias\/?utm_source=Home&#038;utm_medium=Referral&#038;utm_campaign=211Resources&#038;utm_content=Substance\" target=\"_self\">Uso de sustancias<\/a><\/h4>\n\t\t\t\t<a href=\"\/es\/recursos\/consumo-de-sustancias\/?utm_source=Home&#038;utm_medium=Referral&#038;utm_campaign=211Resources&#038;utm_content=Substance\"  target=\"_self\" itemprop=\"url\">\n\t\t\t\t<img decoding=\"async\" src=\"https:\/\/211md.org\/wp-content\/uploads\/bb-plugin\/cache\/2025_MdInfoNet_Icon-Sets_Substance-Abuse-square-9022fec9d18a64118ad685c101885b55-.png\" alt=\"\" itemprop=\"image\" onerror=\"this.style.display='none'\" loading=\"lazy\" \/>\n\t\t\t\t<\/a>\n\t\t<h4><a href=\"\/es\/recursos\/veteranos\/?utm_source=Home&#038;utm_medium=Referral&#038;utm_campaign=211Resources&#038;utm_content=Veterans\" target=\"_self\">veteranos<\/a><\/h4>\n\t\t\t\t<a href=\"\/es\/recursos\/veteranos\/?utm_source=Home&#038;utm_medium=Referral&#038;utm_campaign=211Resources&#038;utm_content=Veterans\"  target=\"_self\" itemprop=\"url\">\n\t\t\t\t<img decoding=\"async\" src=\"https:\/\/211md.org\/wp-content\/uploads\/bb-plugin\/cache\/2025_MdInfoNet_Icon-Sets_Rating-square-6e60d00cce4faa8e0a6d4ad7366aa733-.png\" alt=\"\" itemprop=\"image\" onerror=\"this.style.display='none'\" loading=\"lazy\" \/>\n\t\t\t\t<\/a>","protected":false},"excerpt":{"rendered":"<p>Looking for food in Baltimore City? There are several options available, including grocery delivery and produce box distribution. Get Started Free Food Programs in Baltimore City The Baltimore City area has resources and support for those impacted by the federal shutdown or who are facing food insecurity for any other reason. Produce Box Distribution Residents&hellip;<\/p>","protected":false},"author":8,"featured_media":3034,"parent":746,"menu_order":0,"comment_status":"closed","ping_status":"closed","template":"","meta":{"footnotes":""},"class_list":["post-2010","page","type-page","status-publish","has-post-thumbnail","hentry"],"_links":{"self":[{"href":"https:\/\/211md.org\/es\/wp-json\/wp\/v2\/pages\/2010","targetHints":{"allow":["GET"]}}],"collection":[{"href":"https:\/\/211md.org\/es\/wp-json\/wp\/v2\/pages"}],"about":[{"href":"https:\/\/211md.org\/es\/wp-json\/wp\/v2\/types\/page"}],"author":[{"embeddable":true,"href":"https:\/\/211md.org\/es\/wp-json\/wp\/v2\/users\/8"}],"replies":[{"embeddable":true,"href":"https:\/\/211md.org\/es\/wp-json\/wp\/v2\/comments?post=2010"}],"version-history":[{"count":11,"href":"https:\/\/211md.org\/es\/wp-json\/wp\/v2\/pages\/2010\/revisions"}],"predecessor-version":[{"id":34242,"href":"https:\/\/211md.org\/es\/wp-json\/wp\/v2\/pages\/2010\/revisions\/34242"}],"up":[{"embeddable":true,"href":"https:\/\/211md.org\/es\/wp-json\/wp\/v2\/pages\/746"}],"wp:featuredmedia":[{"embeddable":true,"href":"https:\/\/211md.org\/es\/wp-json\/wp\/v2\/media\/3034"}],"wp:attachment":[{"href":"https:\/\/211md.org\/es\/wp-json\/wp\/v2\/media?parent=2010"}],"curies":[{"name":"Gracias","href":"https:\/\/api.w.org\/{rel}","templated":true}]}}