{"id":2217,"date":"2021-06-21T08:33:23","date_gmt":"2021-06-21T12:33:23","guid":{"rendered":"https:\/\/211md.org\/?page_id=2217"},"modified":"2025-07-01T09:09:03","modified_gmt":"2025-07-01T13:09:03","slug":"healthcheck","status":"publish","type":"page","link":"https:\/\/211md.org\/es\/healthcheck\/","title":{"rendered":"211 Control de salud"},"content":{"rendered":"<h2>Controles de salud mental<\/h2>\n<p><b>El chequeo de salud termin\u00f3. Si necesita apoyo de salud mental, llame o env\u00ede un mensaje de texto al 988. <a href=\"https:\/\/health.maryland.gov\/bha\/Pages\/988md.aspx\" target=\"_blank\" rel=\"noopener\">Obtenga m\u00e1s informaci\u00f3n sobre 988 en Maryland<\/a>.<\/b><\/p>\n\t\t\t\t<img decoding=\"async\" src=\"http:\/\/211md.org\/wp-content\/uploads\/2021\/06\/Image-Placeholder@2x.png\" alt=\"chequeo de salud\" itemprop=\"image\" title=\"Marcador de posici\u00f3n de imagen @ 2x\" onerror=\"this.style.display='none'\" loading='lazy' \/>\n<h2>Thomas Bloom Raskin<\/h2>\n<p>\u00a1Usted no est\u00e1 solo! Tommy Raskin tambi\u00e9n camin\u00f3 en tus zapatos. El joven de 25 a\u00f1os es hijo del congresista Jamie Raskin, de Takoma Park y del octavo distrito del Congreso de Maryland. Tommy luch\u00f3 contra la depresi\u00f3n antes de quitarse la vida.<\/p>\n<p>Es su memoria la que honramos con el control de salud 211 de la Ley Thomas Bloom Raskin.<\/p>\n<p>El apoyo telef\u00f3nico proactivo de salud mental brinda una conexi\u00f3n personalizada con un especialista c\u00e1lido y afectuoso capacitado en prevenci\u00f3n del suicidio y apoyo de salud mental.<\/p>","protected":false},"excerpt":{"rendered":"<p>Controles de Salud Mental. El Control de Salud termin\u00f3. Si necesita apoyo de salud mental, llame o env\u00ede un mensaje de texto al 988. Obtenga m\u00e1s informaci\u00f3n sobre el 988 en Maryland. Thomas Bloom Raskin. \u00a1No est\u00e1 solo! Tommy Raskin tambi\u00e9n estuvo en su lugar. El joven de 25 a\u00f1os es hijo del congresista Jamie Raskin, de Takoma Park y del 8.\u00ba Distrito Congresional de Maryland. Tommy luch\u00f3\u2026<\/p>","protected":false},"author":8,"featured_media":0,"parent":0,"menu_order":0,"comment_status":"closed","ping_status":"closed","template":"","meta":{"footnotes":""},"class_list":["post-2217","page","type-page","status-publish","hentry"],"_links":{"self":[{"href":"https:\/\/211md.org\/es\/wp-json\/wp\/v2\/pages\/2217","targetHints":{"allow":["GET"]}}],"collection":[{"href":"https:\/\/211md.org\/es\/wp-json\/wp\/v2\/pages"}],"about":[{"href":"https:\/\/211md.org\/es\/wp-json\/wp\/v2\/types\/page"}],"author":[{"embeddable":true,"href":"https:\/\/211md.org\/es\/wp-json\/wp\/v2\/users\/8"}],"replies":[{"embeddable":true,"href":"https:\/\/211md.org\/es\/wp-json\/wp\/v2\/comments?post=2217"}],"version-history":[{"count":7,"href":"https:\/\/211md.org\/es\/wp-json\/wp\/v2\/pages\/2217\/revisions"}],"predecessor-version":[{"id":4823,"href":"https:\/\/211md.org\/es\/wp-json\/wp\/v2\/pages\/2217\/revisions\/4823"}],"wp:attachment":[{"href":"https:\/\/211md.org\/es\/wp-json\/wp\/v2\/media?parent=2217"}],"curies":[{"name":"Gracias","href":"https:\/\/api.w.org\/{rel}","templated":true}]}}