{"id":2528,"date":"2022-01-28T11:46:44","date_gmt":"2022-01-28T16:46:44","guid":{"rendered":"https:\/\/211md.org\/?page_id=2528"},"modified":"2026-04-13T08:21:22","modified_gmt":"2026-04-13T12:21:22","slug":"211-day","status":"publish","type":"page","link":"https:\/\/211md.org\/es\/211-day\/","title":{"rendered":"211 d\u00eda"},"content":{"rendered":"<h2>\n\t\tDe Hola a Ayuda, el 211 est\u00e1 aqu\u00ed.\n\t<\/h2>\n\t<h3>499.000 llamadas, mensajes de texto y chats web.<\/h3>\n<p>Para celebrar el d\u00eda 211, haga una donaci\u00f3n a nuestra organizaci\u00f3n sin fines de lucro 501(c)(3), para que 211 pueda seguir cambiando vidas.<\/p>\n\t\t\t<a href=\"\/es\/donar\/\" target=\"_self\" role=\"button\" rel=\"noopener\">\n\t\t\t\t\t\t\tDonar\n\t\t\t\t\t<\/a>\n<h2>\n\t\tRed de centros de llamadas 211\n\t<\/h2>\n\t<p>211 especialistas certificados y capacitados profesionalmente est\u00e1n disponibles las 24 horas, los 7 d\u00edas de la semana, los 365 d\u00edas del a\u00f1o.<\/p>\n\t\t\t\t<img decoding=\"async\" src=\"https:\/\/211md.org\/wp-content\/uploads\/2022\/01\/211-Maryland-Call-Center-Network-CCSI.jpg\" alt=\"211-Maryland-Call-Center-Network-CCSI\" itemprop=\"image\" title=\"211-Maryland-Call-Center-Network-CCSI\" onerror=\"this.style.display='none'\">\n\t<h2>211 d\u00eda<\/h2>\n<p>El 11 de febrero de cada a\u00f1o, la red 211 celebra el D\u00eda 211. Es una celebraci\u00f3n de las formas en que 211 conecta a las personas con los servicios humanos y de salud esenciales.<\/p>\n<p>El servicio gratuito y confidencial est\u00e1 disponible en comunidades de Estados Unidos y Canad\u00e1 las 24 horas del d\u00eda, los 7 d\u00edas de la semana, los 365 d\u00edas del a\u00f1o.<\/p>\n<p><strong><a href=\"\/es\/about\/\" target=\"_blank\" rel=\"noopener\">Obtenga m\u00e1s informaci\u00f3n sobre la historia de 211 Maryland<\/a>.<\/strong><\/p>\n\t<h2>El poder de las asociaciones<\/h2>\n<p>Las agencias estatales y sin fines de lucro est\u00e1n aprovechando la capacidad de 211 Maryland para llegar a los habitantes de Maryland. Juntos, fortalecemos a Maryland.<\/p>\n\t\t\t\t<img decoding=\"async\" src=\"https:\/\/211md.org\/wp-content\/uploads\/2022\/01\/Maryland-Access-Point.jpg\" alt=\"Sitio web del punto de acceso de Maryland\" itemprop=\"image\" title=\"Punto de acceso de Maryland\" onerror=\"this.style.display='none'\">\n<h3>Punto de acceso de Maryland<\/h3>\t\t\n<p>211 Maryland dise\u00f1\u00f3 una nueva forma de conectarse con adultos mayores a trav\u00e9s de mensajes de texto y aument\u00f3 el acceso a informaci\u00f3n sobre envejecimiento y discapacidad al integrar el sitio web y la base de datos Maryland Access Point (MAP) del estado desde hace mucho tiempo en el sitio web 211 y la red de centros de llamadas 24 horas al d\u00eda, 7 d\u00edas a la semana.<\/p>\n<p>Socio: Departamento de Envejecimiento de Maryland (MDoA)<\/p>\n\t\t\t\t<img decoding=\"async\" src=\"https:\/\/211md.org\/wp-content\/uploads\/2021\/06\/image002.png\" alt=\"imagen002\" itemprop=\"image\" title=\"imagen002\" onerror=\"this.style.display='none'\">\n<h3>211 Control de salud<\/h3>\t\t\n<p>Este programa, \u00fanico en su tipo, conecta a los habitantes de Maryland con apoyo de salud mental gratuito y confidencial cada semana.<\/p>\n<p>Socio: Departamento de Salud de Maryland.<\/p>\n\t\t\t\t<img decoding=\"async\" src=\"https:\/\/211md.org\/wp-content\/uploads\/2022\/01\/African-American-girl-texting.jpg\" alt=\"Ni\u00f1a afroamericana enviando mensajes de texto\" itemprop=\"image\" title=\"Ni\u00f1a afroamericana enviando mensajes de texto\" onerror=\"this.style.display='none'\">\n<h3>Alertas de texto MdReady\/MdListo<\/h3>\t\t\n\t\t\t<p>El programa de mensajes de texto 211 de Maryland mantiene informados a los habitantes de Maryland antes, durante y despu\u00e9s de una emergencia de seguridad y salud p\u00fablica.<\/p>\n<p>Socio: Departamento de Manejo de Emergencias de Maryland (MDEM)<\/p>\n\t\t\t<a href=\"\/es\/pareja\/\" target=\"_self\" role=\"button\" rel=\"noopener\">\n\t\t\t\t\t\t\tVamos a asociarnos\n\t\t\t\t\t<\/a>","protected":false},"excerpt":{"rendered":"<p>De Hola a Ayuda, el 211 est\u00e1 aqu\u00ed. 499.000 llamadas, mensajes de texto y chats web. Para celebrar el d\u00eda 211, haga una donaci\u00f3n a nuestra organizaci\u00f3n sin fines de lucro 501(c)(3), para que 211 pueda seguir cambiando vidas. Donar Red de centros de llamadas 211 Especialistas 211 certificados y capacitados profesionalmente est\u00e1n disponibles las 24 horas, los 7 d\u00edas de la semana, los 365 d\u00edas del a\u00f1o. D\u00eda 211 El 11 de febrero de cada a\u00f1o, la red 211 celebra\u2026<\/p>","protected":false},"author":7,"featured_media":0,"parent":0,"menu_order":0,"comment_status":"closed","ping_status":"closed","template":"","meta":{"footnotes":""},"class_list":["post-2528","page","type-page","status-publish","hentry"],"_links":{"self":[{"href":"https:\/\/211md.org\/es\/wp-json\/wp\/v2\/pages\/2528","targetHints":{"allow":["GET"]}}],"collection":[{"href":"https:\/\/211md.org\/es\/wp-json\/wp\/v2\/pages"}],"about":[{"href":"https:\/\/211md.org\/es\/wp-json\/wp\/v2\/types\/page"}],"author":[{"embeddable":true,"href":"https:\/\/211md.org\/es\/wp-json\/wp\/v2\/users\/7"}],"replies":[{"embeddable":true,"href":"https:\/\/211md.org\/es\/wp-json\/wp\/v2\/comments?post=2528"}],"version-history":[{"count":1,"href":"https:\/\/211md.org\/es\/wp-json\/wp\/v2\/pages\/2528\/revisions"}],"predecessor-version":[{"id":4463,"href":"https:\/\/211md.org\/es\/wp-json\/wp\/v2\/pages\/2528\/revisions\/4463"}],"wp:attachment":[{"href":"https:\/\/211md.org\/es\/wp-json\/wp\/v2\/media?parent=2528"}],"curies":[{"name":"Gracias","href":"https:\/\/api.w.org\/{rel}","templated":true}]}}