{"id":2635,"date":"2022-03-21T10:48:51","date_gmt":"2022-03-21T14:48:51","guid":{"rendered":"https:\/\/211md.org\/?page_id=2635"},"modified":"2026-03-04T11:55:22","modified_gmt":"2026-03-04T16:55:22","slug":"mdyoungminds","status":"publish","type":"page","link":"https:\/\/211md.org\/es\/about\/text-messages\/mdyoungminds\/","title":{"rendered":"MDYoungMinds: mensajes de texto para la salud mental de los adolescentes"},"content":{"rendered":"<figure itemscope itemtype=\"https:\/\/schema.org\/ImageObject\">\n\t\t\t\t<img decoding=\"async\" src=\"http:\/\/211md.org\/wp-content\/uploads\/2025\/06\/Two-teens-talking-on-way-to-basketball-court.jpg\" alt=\"Dos adolescentes conversan camino a la cancha de baloncesto.\" title=\"Dos adolescentes conversan camino a la cancha de baloncesto.\" onerror=\"this.style.display='none'\" loading=\"lazy\" \/>\n\t<\/figure>\n\t<h2>C\u00f3mo funciona MDYoungMinds<\/h2>\n<p>MD Young Minds es un programa de mensajes de texto que conecta a adolescentes con textos de apoyo. Se centran en las inquietudes y preocupaciones de los adolescentes. Es un programa dise\u00f1ado por el <a href=\"https:\/\/health.maryland.gov\/newsroom\/Pages\/Maryland-Department-of-Health-launches-Youth-Suicide-Prevention-Toolkit-and-MD-Young-Minds-progra.aspx\" target=\"_blank\" rel=\"noopener\">Departamento de Salud de Maryland,<\/a>\u00a0Oficina de Prevenci\u00f3n del Suicidio y utiliza la plataforma de mensajes de texto 211 de Maryland.<\/p>\n<p>En Maryland, uno de cada cinco adolescentes consider\u00f3 intentar suicidarse en el \u00faltimo a\u00f1o, seg\u00fan la Encuesta de comportamiento pand\u00e9mico juvenil de Maryland de 2021.<\/p>\n<p>Los mensajes continuos tambi\u00e9n recuerdan a los j\u00f3venes que el apoyo inmediato para la salud mental siempre est\u00e1 disponible a trav\u00e9s de 988 Suicide &amp; Crisis Lifeline. Puedes llamar o enviar un mensaje de texto al 988. <a href=\"https:\/\/health.maryland.gov\/bha\/Pages\/988md.aspx\" target=\"_blank\" rel=\"noopener\">M\u00e1s informaci\u00f3n sobre 988 en Maryland<\/a>, un programa de Administraci\u00f3n de Salud Conductual del Departamento de Salud de Maryland.<\/p>\n<p>MDYoungMinds es una extensi\u00f3n de <a href=\"https:\/\/211md.org\/es\/about\/mensajes-de-texto\/md-mindhealth\/\" target=\"_blank\" rel=\"noopener\">MDMindHealth\/MDSaludMental<\/a>, que proporciona mensajes de texto en ingl\u00e9s y espa\u00f1ol para adultos.<\/p>\n<p>Reg\u00edstrese enviando un mensaje de texto a MDYoungMinds al 898-211.<\/p>\n<p><em>211 Maryland ofrece programas de alerta por mensaje de texto que brindan informaci\u00f3n sobre recursos espec\u00edficos de la regi\u00f3n o alertas de desastres. Pueden aplicarse tarifas de mensajes y datos y la frecuencia de los mensajes puede variar. Para recibir ayuda, env\u00ede un mensaje de texto con la palabra HELP. Para cancelar la suscripci\u00f3n, env\u00ede un mensaje de texto con la palabra STOP al mismo n\u00famero. T\u00e9rminos completos de SMS en <a href=\"https:\/\/211md.org\/es\/sms\/\">https:\/\/211md.org\/sms\/<\/a>\u00a0tambi\u00e9n se aplicar\u00e1.<\/em><\/p>\n\t\t\t<a href=\"sms:\/\/898-211;?&#038;body=MDYoungMinds\" target=\"_blank\" rel=\"noopener\">\n\t\t\t\t\t\t\tTexto MDYoungMinds\n\t\t\t\t\t<\/a>","protected":false},"excerpt":{"rendered":"<p>C\u00f3mo funciona MDYoungMinds MD Young Minds es un programa de mensajes de texto que conecta a adolescentes con textos de apoyo. Se centran en las inquietudes y preocupaciones de los adolescentes. Es un programa dise\u00f1ado por la Oficina de Prevenci\u00f3n del Suicidio del Departamento de Salud de Maryland y utiliza la plataforma de mensajes de texto 211 de Maryland. En Maryland, uno de cada cinco adolescentes consider\u00f3 intentar suicidarse en...<\/p>","protected":false},"author":7,"featured_media":2662,"parent":962,"menu_order":0,"comment_status":"closed","ping_status":"closed","template":"","meta":{"footnotes":""},"class_list":["post-2635","page","type-page","status-publish","has-post-thumbnail","hentry"],"_links":{"self":[{"href":"https:\/\/211md.org\/es\/wp-json\/wp\/v2\/pages\/2635","targetHints":{"allow":["GET"]}}],"collection":[{"href":"https:\/\/211md.org\/es\/wp-json\/wp\/v2\/pages"}],"about":[{"href":"https:\/\/211md.org\/es\/wp-json\/wp\/v2\/types\/page"}],"author":[{"embeddable":true,"href":"https:\/\/211md.org\/es\/wp-json\/wp\/v2\/users\/7"}],"replies":[{"embeddable":true,"href":"https:\/\/211md.org\/es\/wp-json\/wp\/v2\/comments?post=2635"}],"version-history":[{"count":2,"href":"https:\/\/211md.org\/es\/wp-json\/wp\/v2\/pages\/2635\/revisions"}],"predecessor-version":[{"id":34413,"href":"https:\/\/211md.org\/es\/wp-json\/wp\/v2\/pages\/2635\/revisions\/34413"}],"up":[{"embeddable":true,"href":"https:\/\/211md.org\/es\/wp-json\/wp\/v2\/pages\/962"}],"wp:featuredmedia":[{"embeddable":true,"href":"https:\/\/211md.org\/es\/wp-json\/wp\/v2\/media\/2662"}],"wp:attachment":[{"href":"https:\/\/211md.org\/es\/wp-json\/wp\/v2\/media?parent=2635"}],"curies":[{"name":"Gracias","href":"https:\/\/api.w.org\/{rel}","templated":true}]}}