{"id":2845,"date":"2022-04-13T18:12:36","date_gmt":"2022-04-13T22:12:36","guid":{"rendered":"https:\/\/211md.org\/?page_id=2845"},"modified":"2024-08-15T14:08:03","modified_gmt":"2024-08-15T18:08:03","slug":"para-el-odio","status":"publish","type":"page","link":"https:\/\/211md.org\/es\/stophate\/","title":{"rendered":"#MDSparar el odio"},"content":{"rendered":"<h1>\n\t\t#MDSparar el odio\n\t<\/h1>\n\t<h3><strong>Reportar cr\u00edmenes y\/o incidentes de odio y discriminaci\u00f3n y<\/strong><br \/>\n<strong>Con\u00e9ctese con los recursos de la comunidad.<\/strong><\/h3>\n\t\t\t<a href=\"\/es\/stophate-form\/\" target=\"_self\" rel=\"noopener\">\n\t\t\t\t\t\t\tLos cr\u00edmenes y incidentes de odio\n\t\t\t\t\t<\/a>\n\t\u00bfNecesita hacer un informe mientras viaja? Env\u00ede un mensaje de texto con la palabra &quot;MDStopHate&quot; al 898-211 (TXT-211) para presentar una denuncia.<br \/>\ninforme de incidentes utilizando su tel\u00e9fono m\u00f3vil.\n<p>&nbsp;<\/p>\n<p><em>211 Maryland ofrece programas de alerta por mensaje de texto que brindan informaci\u00f3n sobre recursos espec\u00edficos de la regi\u00f3n o alertas de desastres. Pueden aplicarse tarifas de mensajes y datos y la frecuencia de los mensajes puede variar. Para recibir ayuda, env\u00ede un mensaje de texto con la palabra HELP. Para cancelar la suscripci\u00f3n, env\u00ede un mensaje de texto con la palabra STOP al mismo n\u00famero. T\u00e9rminos completos de SMS en\u00a0<a href=\"https:\/\/211md.org\/es\/sms\/\">https:\/\/211md.org\/sms\/<\/a>\u00a0tambi\u00e9n se aplicar\u00e1.<\/em><\/p>\n<h2>\n\t\tC\u00f3mo funciona\n\t<\/h2>\n\t\t\t\t<a href=\"tel:+211\" target=\"_self\" itemprop=\"url\" rel=\"noopener\">\n\t\t\t\t<img loading=\"lazy\" decoding=\"async\" src=\"https:\/\/211md.org\/wp-content\/uploads\/2021\/05\/Screen-Shot-2021-05-26-at-11.27.15-AM.svg\" alt=\"Imagen del N\u00famero 1\" itemprop=\"image\" height=\"150\" width=\"150\" title=\"Imagen del N\u00famero 1\" onerror=\"this.style.display='none'\"  \/>\n\t\t\t\t<\/a>\n<h2><a href=\"tel:+211\" target=\"_self\" rel=\"noopener\">L\u00ednea directa en vivo<\/a><\/h2>Denuncie el odio, la discriminaci\u00f3n o la intimidaci\u00f3n y reciba referencias a recursos comunitarios marcando<br \/>\n211.\n\t\t\t\t<a href=\"\/es\/recursos\/nuevo-en-los-estados-unidos-y-maryland\/\" target=\"_self\" itemprop=\"url\" rel=\"noopener\">\n\t\t\t\t<img loading=\"lazy\" decoding=\"async\" src=\"https:\/\/211md.org\/wp-content\/uploads\/2021\/05\/Screen-Shot-2021-05-26-at-11.27.25-AM.svg\" alt=\"Imagen del n\u00famero 2\" itemprop=\"image\" height=\"150\" width=\"150\" title=\"Imagen del N\u00famero 2\" onerror=\"this.style.display='none'\"  \/>\n\t\t\t\t<\/a>\n<h2><a href=\"\/es\/recursos\/nuevo-en-los-estados-unidos-y-maryland\/\" target=\"_self\" rel=\"noopener\">Directorio de recursos<\/a><\/h2><p>Acceda a cualquier recurso que satisfaga sus necesidades buscando en la base de datos de recursos en l\u00ednea de 211 Maryland.<\/p>\n\t\t\t\t<a href=\"\/es\/stophate-form\/\" target=\"_self\" itemprop=\"url\" rel=\"noopener\">\n\t\t\t\t<img loading=\"lazy\" decoding=\"async\" src=\"https:\/\/211md.org\/wp-content\/uploads\/2021\/05\/Screen-Shot-2021-05-26-at-11.27.40-AM.svg\" alt=\"Imagen del n\u00famero 3\" itemprop=\"image\" height=\"149\" width=\"149\" title=\"Imagen del N\u00famero 3\" onerror=\"this.style.display='none'\"  \/>\n\t\t\t\t<\/a>\n<h2><a href=\"\/es\/stophate-form\/\" target=\"_self\" rel=\"noopener\">Informe de incidentes<\/a><\/h2><p>Autoinforma un incidente de odio o discriminaci\u00f3n en tu comunidad de forma r\u00e1pida y sencilla.<\/p>\n<h2>\n\t\tCrimen de odio versus incidente de odio\n\t<\/h2>\n\t<h3><strong>\u00bfCual es la diferencia?<\/strong><\/h3>\nSi cree que ha sido atacado debido a caracter\u00edsticas personales o pertenencia a un grupo, informe el incidente al 211 para que las autoridades puedan determinar si se cometi\u00f3 un delito. Obtenga m\u00e1s informaci\u00f3n sobre la diferencia entre <a href=\"https:\/\/www.justice.gov\/hatecrimes\/learn-about-hate-crimes\" target=\"_blank\" rel=\"noopener\">cr\u00edmenes de odio<\/a> y los incidentes de odio.\n<h3>\n\t\tIncidente de odio\n\t<\/h3>\n<h3>\n\t\tCrimen de odio\n\t<\/h3>\n<p><strong>Expresi\u00f3n de hostilidad o agresi\u00f3n motivada por prejuicios.<\/strong><\/p>\n<strong>Ejemplos:<br \/>\n<\/strong>Abuso verbal como insultos, lenguaje degradante o bromas ofensivas; insultos raciales u homof\u00f3bicos; Acoso; Acoso o intimidaci\u00f3n; Distribuci\u00f3n de literatura de odio\n<p><strong>Amenaza dirigida, intento o da\u00f1o debido a caracter\u00edsticas personales o pertenencia a un grupo.<\/strong><\/p>\n<strong>Ejemplos:<br \/>\n<\/strong>Vandalismo, amenaza de bomba, incendio provocado, ataques f\u00edsicos, robo, da\u00f1os a la propiedad con s\u00edmbolos de odio, lenguaje, grafiti\n\t\t\t<a href=\"\/es\/recursos\/\" target=\"_self\" rel=\"noopener\">\n\t\t\t\t\t\t\tRecursos\n\t\t\t\t\t<\/a>\n<h6>\n\t\tpara el odio\n\t<\/h6>\n<h2>Reporte un crimen de odio o un incidente de odio<\/h2>\n\u00a1Enfrentar y vencer la discriminaci\u00f3n, el odio y la violencia! Puedes detener el odio denunci\u00e1ndolo.<br \/>\nHaga clic a continuaci\u00f3n para informar sobre actos de odio o intimidaci\u00f3n que ocurren en su comunidad.\n\t\t\t<a href=\"\/es\/stophate-form\/\" target=\"_self\" rel=\"noopener\">\n\t\t\t\t\t\t\tInforme ahora\n\t\t\t\t\t<\/a>\n\t<p><strong>O\u00a0<a href=\"tel:+211\">Marque 211<\/a><\/strong><\/p>\n<h2>\n\t\tConsigue ayuda\n\t<\/h2>\n<h3>\n\t\t<a href=\"https:\/\/search.211md.org\/search?query=DF-7020.3300,DF-7020.1000,PH-3500,HH-0500.8000-150,ND-6500.3300,DF-7000&#038;query_type=taxonomy&#038;query_label=&#038;query_language=en\" title=\"Iniciar el Proceso de Naturalizaci\u00f3n\" target=\"_blank\" rel=\"noopener\">\n\t\tIniciar el Proceso de Naturalizaci\u00f3n\n\t\t<\/a>\n\t<\/h3>\n\t\t\t\t<a href=\"https:\/\/search.211md.org\/search?query=DF-7020.3300,DF-7020.1000,PH-3500,HH-0500.8000-150,ND-6500.3300,DF-7000&#038;query_type=taxonomy&#038;query_label=&#038;query_language=en\" target=\"_blank\" rel=\"noopener\" itemprop=\"url\">\n\t\t\t\t<img loading=\"lazy\" decoding=\"async\" src=\"https:\/\/211md.org\/wp-content\/uploads\/2022\/04\/Start-the-Naturalization-Proces.jpg\" alt=\"Iniciar el Proceso de Naturalizaci\u00f3n\" itemprop=\"image\" height=\"862\" width=\"1280\" title=\"Iniciar el Proceso de Naturalizaci\u00f3n\" onerror=\"this.style.display='none'\"  \/>\n\t\t\t\t<\/a>\n<h3>\n\t\t<a href=\"https:\/\/search.211md.org\/search?query=PH-2400.1500,PH-1250.1800,PH-1250.1400,NL-3000.1500,HL-8700,HL-8120.7800,HD-8000,FT-8000,BM-6500.1500-800&#038;query_type=taxonomy&#038;query_label=&#038;query_language=en\" title=\"Inscribir a los ni\u00f1os en las escuelas\" target=\"_blank\" rel=\"noopener\">\n\t\tInscribir a los ni\u00f1os en las escuelas\n\t\t<\/a>\n\t<\/h3>\n\t\t\t\t<a href=\"https:\/\/search.211md.org\/search?query=PH-2400.1500,PH-1250.1800,PH-1250.1400,NL-3000.1500,HL-8700,HL-8120.7800,HD-8000,FT-8000,BM-6500.1500-800&#038;query_type=taxonomy&#038;query_label=&#038;query_language=en\" target=\"_blank\" rel=\"noopener\" itemprop=\"url\">\n\t\t\t\t<img loading=\"lazy\" decoding=\"async\" src=\"https:\/\/211md.org\/wp-content\/uploads\/2022\/04\/Enroll-Children.jpg\" alt=\"Inscribir ni\u00f1os\" itemprop=\"image\" height=\"853\" width=\"1280\" title=\"Inscribir ni\u00f1os\" onerror=\"this.style.display='none'\"  \/>\n\t\t\t\t<\/a>\n<h3>\n\t\t<a href=\"https:\/\/search.211md.org\/search?query=HH-4500,HH-0500.0500,HH-0500.8000-150,HH-0500.2500,BM-6000.1500,BM-5050&#038;query_type=taxonomy&#038;query_label=&#038;query_language=en\" title=\"Educaci\u00f3n\" target=\"_blank\" rel=\"noopener\">\n\t\tEducaci\u00f3n\n\t\t<\/a>\n\t<\/h3>\n\t\t\t\t<a href=\"https:\/\/search.211md.org\/search?query=HH-4500,HH-0500.0500,HH-0500.8000-150,HH-0500.2500,BM-6000.1500,BM-5050&#038;query_type=taxonomy&#038;query_label=&#038;query_language=en\" target=\"_blank\" rel=\"noopener\" itemprop=\"url\">\n\t\t\t\t<img loading=\"lazy\" decoding=\"async\" src=\"https:\/\/211md.org\/wp-content\/uploads\/2022\/04\/Education.jpg\" alt=\"Educaci\u00f3n\" itemprop=\"image\" height=\"842\" width=\"1280\" title=\"Educaci\u00f3n\" onerror=\"this.style.display='none'\"  \/>\n\t\t\t\t<\/a>\n<h2>\n\t\tBuscar ayuda por categor\u00eda\n\t<\/h2>\n\t\t\t\t<a href=\"\/es\/recursos\/envejecimiento-discapacidad\/\" target=\"_self\" itemprop=\"url\" rel=\"noopener\">\n\t\t\t\t<img loading=\"lazy\" decoding=\"async\" src=\"https:\/\/211md.org\/wp-content\/uploads\/bb-plugin\/cache\/Mask-Group-41@2x-circle-73eaadba4cad8269faa4720e25cf1c85-.png\" alt=\"Los pies de una mujer mayor y una mujer m\u00e1s joven caminando juntas\" itemprop=\"image\" height=\"500\" width=\"500\" title=\"Servicios para discapacitados\" onerror=\"this.style.display='none'\"  \/>\n\t\t\t\t<\/a>\n\t\t<h3><a href=\"\/es\/recursos\/envejecimiento-discapacidad\/\" target=\"_self\" rel=\"noopener\">Envejecimiento y discapacidad<\/a><\/h3>\t\n\t\t\t\t<a href=\"\/es\/recursos\/ninos-familias\/\" target=\"_self\" itemprop=\"url\" rel=\"noopener\">\n\t\t\t\t<img loading=\"lazy\" decoding=\"async\" src=\"https:\/\/211md.org\/wp-content\/uploads\/bb-plugin\/cache\/Mask-Group-38@2x-circle-ac40d46265fbec62083cd27f6dcf23b0-.png\" alt=\"Un ni\u00f1o y una ni\u00f1a sonriendo y mirando a la c\u00e1mara.\" itemprop=\"image\" height=\"500\" width=\"500\" title=\"M\u00e1scara Grupo 38@2x\" onerror=\"this.style.display='none'\"  \/>\n\t\t\t\t<\/a>\n\t\t<h3><a href=\"\/es\/recursos\/ninos-familias\/\" target=\"_self\" rel=\"noopener\">Ni\u00f1os y familias<\/a><\/h3>\t\n\t\t\t\t<a href=\"\/es\/recursos\/centro-de-recursos-covid-19\/\" target=\"_self\" itemprop=\"url\" rel=\"noopener\">\n\t\t\t\t<img decoding=\"async\" src=\"https:\/\/211md.org\/wp-content\/uploads\/bb-plugin\/cache\/Data-Post-Image-COVID-circle-abdf7e097c6f7781a4f84df775b7857e-.png\" alt=\"Una c\u00e9lula COVID-19\" itemprop=\"image\" title=\"Imagen de publicaci\u00f3n de datos - COVID\" onerror=\"this.style.display='none'\"  \/>\n\t\t\t\t<\/a>\n\t\t<h3><a href=\"\/es\/recursos\/centro-de-recursos-covid-19\/\" target=\"_self\" rel=\"noopener\">COVID-19<\/a><\/h3>\t\n\t\t\t\t<a href=\"\/es\/recursos\/violencia-domestica-familiar\/\" target=\"_self\" itemprop=\"url\" rel=\"noopener\">\n\t\t\t\t<img loading=\"lazy\" decoding=\"async\" src=\"https:\/\/211md.org\/wp-content\/uploads\/bb-plugin\/cache\/Mask-Group-39@2x-circle-b2589197a13c791d910f46dd10b27a87-.png\" alt=\"Dos pares de manos abraz\u00e1ndose\" itemprop=\"image\" height=\"500\" width=\"500\" title=\"M\u00e1scara Grupo 39@2x\" onerror=\"this.style.display='none'\"  \/>\n\t\t\t\t<\/a>\n\t\t<h3><a href=\"\/es\/recursos\/violencia-domestica-familiar\/\" target=\"_self\" rel=\"noopener\">Violencia Dom\u00e9stica\/ Familiar<\/a><\/h3>\t\n\t\t\t\t<a href=\"\/es\/recursos\/busqueda-de-empleo\/\" target=\"_self\" itemprop=\"url\" rel=\"noopener\">\n\t\t\t\t<img loading=\"lazy\" decoding=\"async\" src=\"https:\/\/211md.org\/wp-content\/uploads\/bb-plugin\/cache\/Employment-circle-bf72562329e950df948954f5d3f44b2e-.png\" alt=\"un mec\u00e1nico de autom\u00f3viles\" itemprop=\"image\" height=\"500\" width=\"500\" title=\"Empleo\" onerror=\"this.style.display='none'\"  \/>\n\t\t\t\t<\/a>\n\t\t<h3><a href=\"\/es\/recursos\/busqueda-de-empleo\/\" target=\"_self\" rel=\"noopener\">Empleo<\/a><\/h3>\t\n\t\t\t\t<a href=\"\/es\/recursos\/cuidado-de-la-salud\/\" target=\"_self\" itemprop=\"url\" rel=\"noopener\">\n\t\t\t\t<img loading=\"lazy\" decoding=\"async\" src=\"https:\/\/211md.org\/wp-content\/uploads\/bb-plugin\/cache\/Mask-Group-35@2x-circle-94be10c13e4adae1683b4589dc2f5b2f-.png\" alt=\"doctor, el mirar, ni\u00f1os, pierna\" itemprop=\"image\" height=\"500\" width=\"500\" title=\"M\u00e1scara Grupo 35@2x\" onerror=\"this.style.display='none'\"  \/>\n\t\t\t\t<\/a>\n\t\t<h3><a href=\"\/es\/recursos\/cuidado-de-la-salud\/\" target=\"_self\" rel=\"noopener\">Cuidado de la salud<\/a><\/h3>\t\n\t\t\t\t<a href=\"\/es\/recursos\/alimento\/\" target=\"_self\" itemprop=\"url\" rel=\"noopener\">\n\t\t\t\t<img loading=\"lazy\" decoding=\"async\" src=\"https:\/\/211md.org\/wp-content\/uploads\/bb-plugin\/cache\/Mask-Group-32@2x-circle-1c6d647dcaf998fa079d26735cedc92b-.png\" alt=\"Vegetales frescos\" itemprop=\"image\" height=\"500\" width=\"500\" title=\"M\u00e1scara Grupo 32@2x\" onerror=\"this.style.display='none'\"  \/>\n\t\t\t\t<\/a>\n\t\t<h3><a href=\"\/es\/recursos\/alimento\/\" target=\"_self\" rel=\"noopener\">Alimento<\/a><\/h3>\t\n\t\t\t\t<a href=\"\/es\/recursos\/vivienda-refugio\/\" target=\"_self\" itemprop=\"url\" rel=\"noopener\">\n\t\t\t\t<img loading=\"lazy\" decoding=\"async\" src=\"https:\/\/211md.org\/wp-content\/uploads\/bb-plugin\/cache\/Mask-Group-34@2x-circle-b99c55fc16ef21f35e2f2a1f7cc37b9a-.png\" alt=\"Balc\u00f3n del complejo de apartamentos\" itemprop=\"image\" height=\"500\" width=\"500\" title=\"Complejo de apartamentos\" onerror=\"this.style.display='none'\"  \/>\n\t\t\t\t<\/a>\n\t\t<h3><a href=\"\/es\/recursos\/vivienda-refugio\/\" target=\"_self\" rel=\"noopener\">Vivienda y refugio<\/a><\/h3>\t\n\t\t\t\t<a href=\"\/es\/recursos\/nuevo-en-los-estados-unidos-y-maryland\/\" target=\"_self\" itemprop=\"url\" rel=\"noopener\">\n\t\t\t\t<img loading=\"lazy\" decoding=\"async\" src=\"https:\/\/211md.org\/wp-content\/uploads\/bb-plugin\/cache\/American-flag-circle-0016cc327e27ef7aeb080f1da6c6e98b-.jpg\" alt=\"nuevo en los estados unidos\" itemprop=\"image\" height=\"364\" width=\"1366\" title=\"Bandera estadounidense\" onerror=\"this.style.display='none'\"  \/>\n\t\t\t\t<\/a>\n\t\t<h3><a href=\"\/es\/recursos\/nuevo-en-los-estados-unidos-y-maryland\/\" target=\"_self\" rel=\"noopener\">Inmigraci\u00f3n<\/a><\/h3>\t\n\t\t\t\t<a href=\"\/es\/recursos\/ninos-familias\/parentesco\/\" target=\"_self\" itemprop=\"url\" rel=\"noopener\">\n\t\t\t\t<img decoding=\"async\" src=\"https:\/\/211md.org\/wp-content\/uploads\/bb-plugin\/cache\/kinship-family-navigating-a-computer-circle-045fee9d587aefb20221bfea41a2cf9b-.png\" alt=\"familia de parentesco navegando en una computadora\" itemprop=\"image\" title=\"familia de parentesco navegando en una computadora\" onerror=\"this.style.display='none'\"  \/>\n\t\t\t\t<\/a>\n\t\t<h3><a href=\"\/es\/recursos\/ninos-familias\/parentesco\/\" target=\"_self\" rel=\"noopener\">Parentesco<\/a><\/h3>\t\n\t\t\t\t<a href=\"\/es\/recursos\/servicios-legales\/\" target=\"_self\" itemprop=\"url\" rel=\"noopener\">\n\t\t\t\t<img loading=\"lazy\" decoding=\"async\" src=\"https:\/\/211md.org\/wp-content\/uploads\/bb-plugin\/cache\/Housing-Legal-circle-9a8f3c1c72c54b6e1ce612d2993c1ad4-.png\" alt=\"Martillo legal con un modelo de pl\u00e1stico de una casa al lado\" itemprop=\"image\" height=\"348\" width=\"460\" title=\"vivienda legal\" onerror=\"this.style.display='none'\"  \/>\n\t\t\t\t<\/a>\n\t\t<h3><a href=\"\/es\/recursos\/servicios-legales\/\" target=\"_self\" rel=\"noopener\">Servicios Legales<\/a><\/h3>\t\n\t\t\t\t<a href=\"\/es\/recursos\/salud-mental\/\" target=\"_self\" itemprop=\"url\" rel=\"noopener\">\n\t\t\t\t<img loading=\"lazy\" decoding=\"async\" src=\"https:\/\/211md.org\/wp-content\/uploads\/bb-plugin\/cache\/Mask-Group-40@2x-circle-7bd9426367852fb3d841bc4bdc57a550-.png\" alt=\"Los perfiles de un hombre y una mujer\" itemprop=\"image\" height=\"500\" width=\"500\" title=\"M\u00e1scara Grupo 40@2x\" onerror=\"this.style.display='none'\"  \/>\n\t\t\t\t<\/a>\n\t\t<h3><a href=\"\/es\/recursos\/salud-mental\/\" target=\"_self\" rel=\"noopener\">Salud mental<\/a><\/h3>\t\n\t\t\t\t<a href=\"\/es\/recursos\/mdreentry\/\" target=\"_self\" itemprop=\"url\" rel=\"noopener\">\n\t\t\t\t<img loading=\"lazy\" decoding=\"async\" src=\"https:\/\/211md.org\/wp-content\/uploads\/bb-plugin\/cache\/Diverse-group-of-community-members-circle-4457c114cd48613bc79a0fb50060319c-.jpg\" alt=\"Grupo diverso de miembros de la comunidad.\" itemprop=\"image\" height=\"800\" width=\"1200\" title=\"Grupo diverso de miembros de la comunidad.\" onerror=\"this.style.display='none'\"  \/>\n\t\t\t\t<\/a>\n\t\t<h3><a href=\"\/es\/recursos\/mdreentry\/\" target=\"_self\" rel=\"noopener\">Reentrada<\/a><\/h3>\t\n\t\t\t\t<a href=\"\/es\/para-el-odio\/\" target=\"_self\" itemprop=\"url\" rel=\"noopener\">\n\t\t\t\t<img loading=\"lazy\" decoding=\"async\" src=\"https:\/\/211md.org\/wp-content\/uploads\/bb-plugin\/cache\/Background-section-MDStophate-circle-08e2bae1cf9f2ad6cc83e01e23da8cb9-.jpg\" alt=\"Fondo-secci\u00f3n-MDStophate\" itemprop=\"image\" height=\"768\" width=\"1366\" title=\"Fondo-secci\u00f3n-MDStophate\" onerror=\"this.style.display='none'\"  \/>\n\t\t\t\t<\/a>\n\t\t<h3><a href=\"\/es\/para-el-odio\/\" target=\"_self\" rel=\"noopener\">Los cr\u00edmenes y incidentes de odio<\/a><\/h3>\t\n\t\t\t\t<a href=\"\/es\/recursos\/consumo-de-sustancias\/\" target=\"_self\" itemprop=\"url\" rel=\"noopener\">\n\t\t\t\t<img loading=\"lazy\" decoding=\"async\" src=\"https:\/\/211md.org\/wp-content\/uploads\/bb-plugin\/cache\/Substance-Use-circle-ad2d564932dc31267e0c32a6fb2d915c-.png\" alt=\"Pastillas para romper a mano\" itemprop=\"image\" height=\"500\" width=\"500\" title=\"Uso de sustancias\" onerror=\"this.style.display='none'\"  \/>\n\t\t\t\t<\/a>\n\t\t<h3><a href=\"\/es\/recursos\/consumo-de-sustancias\/\" target=\"_self\" rel=\"noopener\">Uso de sustancias<\/a><\/h3>\t\n\t\t\t\t<a href=\"\/es\/recursos\/servicios-de-impuestos\/\" target=\"_self\" itemprop=\"url\" rel=\"noopener\">\n\t\t\t\t<img loading=\"lazy\" decoding=\"async\" src=\"https:\/\/211md.org\/wp-content\/uploads\/bb-plugin\/cache\/Mask-Group-34-circle-166a606e37e61188c9a17d5e634cda3c-.png\" alt=\"Persona que llena el papeleo del impuesto sobre la renta\" itemprop=\"image\" height=\"500\" width=\"500\" title=\"M\u00e1scara Grupo 34\" onerror=\"this.style.display='none'\"  \/>\n\t\t\t\t<\/a>\n\t\t<h3><a href=\"\/es\/recursos\/servicios-de-impuestos\/\" target=\"_self\" rel=\"noopener\">Servicios de Impuestos<\/a><\/h3>\t\n\t\t\t\t<a href=\"\/es\/recursos\/asistencia-de-servicios-publicos\/\" target=\"_self\" itemprop=\"url\" rel=\"noopener\">\n\t\t\t\t<img loading=\"lazy\" decoding=\"async\" src=\"https:\/\/211md.org\/wp-content\/uploads\/bb-plugin\/cache\/Mask-Group-37@2x-circle-9661a11b9c4082079c9a1f06bc539567-.png\" alt=\"Una bombilla encendida\" itemprop=\"image\" height=\"500\" width=\"500\" title=\"M\u00e1scara Grupo 37@2x\" onerror=\"this.style.display='none'\"  \/>\n\t\t\t\t<\/a>\n\t\t<h3><a href=\"\/es\/recursos\/asistencia-de-servicios-publicos\/\" target=\"_self\" rel=\"noopener\">Asistencia de servicios p\u00fablicos<\/a><\/h3>\t\n\t\t\t\t<a href=\"\/es\/recursos\/veteranos\/\" target=\"_self\" itemprop=\"url\" rel=\"noopener\">\n\t\t\t\t<img decoding=\"async\" src=\"https:\/\/211md.org\/wp-content\/uploads\/bb-plugin\/cache\/Veterans-circle-7c6972a59826c74f1f658f61df785fc3-.png\" alt=\"Un soldado estrechando la mano de alguien y sonriendo.\" itemprop=\"image\" title=\"veteranos\" onerror=\"this.style.display='none'\"  \/>\n\t\t\t\t<\/a>\n\t\t<h3><a href=\"\/es\/recursos\/veteranos\/\" target=\"_self\" rel=\"noopener\">veteranos<\/a><\/h3>\t\n<h2>Gracias a nuestros socios<\/h2>\n<p>En asociaci\u00f3n con la Oficina de Iniciativas Comunitarias y la Oficina de Asuntos de Inmigraci\u00f3n del Gobernador, 211 Maryland conecta a nuevos estadounidenses y residentes de Maryland con servicios cr\u00edticos y facilita la denuncia de incidentes y\/o delitos de odio y prejuicios.<\/p>\n\t\t\t\t<img loading=\"lazy\" decoding=\"async\" src=\"https:\/\/211md.org\/wp-content\/uploads\/2022\/04\/Group-332.svg\" alt=\"Grupo 332\" itemprop=\"image\" height=\"215\" width=\"244\" title=\"Grupo 332\" onerror=\"this.style.display='none'\"  \/>\n\t\t\t\t<img loading=\"lazy\" decoding=\"async\" src=\"https:\/\/211md.org\/wp-content\/uploads\/2022\/04\/Group-333.svg\" alt=\"Logotipo de la Oficina de Asuntos de Inmigrantes del Gobernador de Maryland\" itemprop=\"image\" height=\"215\" width=\"245\" title=\"Logotipo de la Oficina de Asuntos de Inmigrantes del Gobernador de Maryland\" onerror=\"this.style.display='none'\"  \/>","protected":false},"excerpt":{"rendered":"<p>#MDStopHate Reporte delitos y\/o incidentes motivados por el odio y los prejuicios y con\u00e9ctese con los recursos de la comunidad. Detenga el odio \u00bfNecesita hacer una denuncia mientras est\u00e1 en movimiento? Env\u00ede un mensaje de texto con la palabra \u201cMDStopHate\u201d al 898-211 (TXT-211) para presentar una denuncia de incidentes usando su tel\u00e9fono m\u00f3vil. 211 Maryland ofrece programas de alerta por mensaje de texto que brindan informaci\u00f3n sobre recursos espec\u00edficos de la regi\u00f3n o brindan alertas de desastres.\u2026<\/p>","protected":false},"author":8,"featured_media":2665,"parent":0,"menu_order":0,"comment_status":"closed","ping_status":"closed","template":"","meta":{"footnotes":""},"class_list":["post-2845","page","type-page","status-publish","has-post-thumbnail","hentry"],"_links":{"self":[{"href":"https:\/\/211md.org\/es\/wp-json\/wp\/v2\/pages\/2845","targetHints":{"allow":["GET"]}}],"collection":[{"href":"https:\/\/211md.org\/es\/wp-json\/wp\/v2\/pages"}],"about":[{"href":"https:\/\/211md.org\/es\/wp-json\/wp\/v2\/types\/page"}],"author":[{"embeddable":true,"href":"https:\/\/211md.org\/es\/wp-json\/wp\/v2\/users\/8"}],"replies":[{"embeddable":true,"href":"https:\/\/211md.org\/es\/wp-json\/wp\/v2\/comments?post=2845"}],"version-history":[{"count":0,"href":"https:\/\/211md.org\/es\/wp-json\/wp\/v2\/pages\/2845\/revisions"}],"wp:featuredmedia":[{"embeddable":true,"href":"https:\/\/211md.org\/es\/wp-json\/wp\/v2\/media\/2665"}],"wp:attachment":[{"href":"https:\/\/211md.org\/es\/wp-json\/wp\/v2\/media?parent=2845"}],"curies":[{"name":"Gracias","href":"https:\/\/api.w.org\/{rel}","templated":true}]}}