{"id":3081,"date":"2022-05-17T09:52:35","date_gmt":"2022-05-17T13:52:35","guid":{"rendered":"https:\/\/211md.org\/?page_id=3081"},"modified":"2024-10-30T13:05:14","modified_gmt":"2024-10-30T17:05:14","slug":"como-obtener-ayuda-en-maryland","status":"publish","type":"page","link":"https:\/\/211md.org\/es\/resources\/how-to-get-help-in-maryland\/","title":{"rendered":"C\u00f3mo obtener ayuda en Maryland"},"content":{"rendered":"\n\n\t<p>Are you struggling with food, housing, utility bills or mental health? You are not alone! Let 211 spark hope!<\/p>\n<p>Caring and compassionate 211 specialists are here for you 24\/7\/365. The call is free and confidential. We&#8217;ll connect you to free and low-cost resources in your Maryland community.<\/p>\n<p>211 Maryland is a nonprofit health and human services agency connecting Marylanders.<\/p>\n<h3>Find Hope<\/h3>\n<p>We understand that you may feel alone in your journey. But, you&#8217;re not alone. Let 211 be your light.<\/p>\n<p>Singer\/songwriter, Mr. Alexander Star, wrote &#8220;Just One Firefly&#8221; as a resource of hope for those struggling with thoughts of suicide, mental health and everyday challenges.<\/p>\n<p>&#8220;The lyrics to Just One Firefly, share a powerful message that even in the darkest times, there is always hope,&#8221; Star said.<\/p>\n<p>Listen to this inspiring music and find hope when you feel like you&#8217;re walking alone.<\/p>\n\t<iframe loading=\"lazy\" width=\"560\" height=\"315\" src=\"https:\/\/www.youtube.com\/embed\/P4F9ioFToJs\" title=\"YouTube video player\" frameborder=\"0\" allow=\"accelerometer; autoplay; clipboard-write; encrypted-media; gyroscope; picture-in-picture\" allowfullscreen><\/iframe>\n\t<p><strong><a href=\"https:\/\/211-broward.org\/purchase-song\" target=\"_blank\" rel=\"noopener\">Download the song &#8220;Just One Firefly&#8221; for $1<\/a><\/strong><\/p>\n\t\t\t\t<img loading=\"lazy\" decoding=\"async\" src=\"https:\/\/211md.org\/wp-content\/uploads\/2022\/05\/Just-One-Firefly-lyrics-p1-scaled.jpg\" alt=\"Just One Firefly Lyrics p1\" itemprop=\"image\" height=\"2560\" width=\"2007\" title=\"Just-One-Firefly-lyrics-p1\" onerror=\"this.style.display='none'\"  \/>\n\t\t\t\t<img loading=\"lazy\" decoding=\"async\" src=\"https:\/\/211md.org\/wp-content\/uploads\/2022\/05\/Just-One-Firefly-Lyrics-P2-scaled.jpg\" alt=\"Just One Firefly lyrics p2\" itemprop=\"image\" height=\"2560\" width=\"2007\" title=\"Just-One-Firefly-Lyrics-P2\" onerror=\"this.style.display='none'\"  \/>\n<h2>Let 211 Help You<\/h2>\n<p>211 Maryland is your &#8220;firefly.&#8221; We can spark the light within you. Here&#8217;s how it works.<\/p>\n<h3>What To Expect With 211<\/h3>\n<p>When you call 211, you&#8217;ll be connected to a trained and professional specialist who will help identify all your needs.<\/p>\n<p>211 is a one-stop connection point to the essential resources you need.<\/p>\n<p>First, we&#8217;ll listen to your story. That&#8217;s our superpower!<\/p>\n<p>2-1-1 is a helpline, but without the normal scripting you might expect.<\/p>\n<p>&#8220;We don&#8217;t use scripting. When you&#8217;re talking to a person, you&#8217;re talking to that individual. We want everyone to feel like that because it is true that you&#8217;re having a genuine, open and anonymous conversation,&#8221; explained Brandi Nieland, Director of the United Way of Central Maryland, which is part of the 211 call center network.<\/p>\n<p>We spoke with Nieland on &#8220;What&#8217;s the 211 podcast,&#8221; about\u00a0<a href=\"https:\/\/211md.org\/podcast\/podcast-episode-2-211\/\" target=\"_blank\" rel=\"noopener\">how 211 works<\/a>.<\/p>\n<p>She went on to say that the 211 specialists understand it can be hard to talk about your problems, but talking through the situation with a compassionate person helps.<\/p>\n<p>&#8220;Our job is to help you figure out how to best utilize your internal resources because a lot of people have the strength within themselves, but then also look externally to what actually exists [resources] in the community,&#8221; Nieland explained.<\/p>\n<h3>211 Maryland Phone Number<\/h3>\n<p>Just call 2-1-1 any time of day or night. We&#8217;re here for you.<\/p>\n<h2>\n\t\tGet Help Now\n\t<\/h2>\n\t\t\t\t<a href=\"\/resources\/aging-disability\/\" target=\"_self\" itemprop=\"url\" rel=\"noopener\">\n\t\t\t\t<img loading=\"lazy\" decoding=\"async\" src=\"https:\/\/211md.org\/wp-content\/uploads\/bb-plugin\/cache\/Mask-Group-41@2x-circle-73eaadba4cad8269faa4720e25cf1c85-.png\" alt=\"The feet of an older woman and younger woman walking together\" itemprop=\"image\" height=\"500\" width=\"500\" title=\"Disability Services\" onerror=\"this.style.display='none'\"  \/>\n\t\t\t\t<\/a>\n\t\t<h3><a href=\"\/resources\/aging-disability\/\" target=\"_self\" rel=\"noopener\">Aging &#038; Disability<\/a><\/h3>\t\n\t\t\t\t<a href=\"\/resources\/children-families\/\" target=\"_self\" itemprop=\"url\" rel=\"noopener\">\n\t\t\t\t<img loading=\"lazy\" decoding=\"async\" src=\"https:\/\/211md.org\/wp-content\/uploads\/bb-plugin\/cache\/Mask-Group-38@2x-circle-ac40d46265fbec62083cd27f6dcf23b0-.png\" alt=\"A young boy and girl smiling and looking at the camera\" itemprop=\"image\" height=\"500\" width=\"500\" title=\"Mask Group 38@2x\" onerror=\"this.style.display='none'\"  \/>\n\t\t\t\t<\/a>\n\t\t<h3><a href=\"\/resources\/children-families\/\" target=\"_self\" rel=\"noopener\">Children &#038; Families<\/a><\/h3>\t\n\t\t\t\t<a href=\"\/resources\/covid-19-resource-center\/\" target=\"_self\" itemprop=\"url\" rel=\"noopener\">\n\t\t\t\t<img decoding=\"async\" src=\"https:\/\/211md.org\/wp-content\/uploads\/bb-plugin\/cache\/Data-Post-Image-COVID-circle-abdf7e097c6f7781a4f84df775b7857e-.png\" alt=\"A COVID-19 cell\" itemprop=\"image\" title=\"Data Post Image - COVID\" onerror=\"this.style.display='none'\"  \/>\n\t\t\t\t<\/a>\n\t\t<h3><a href=\"\/resources\/covid-19-resource-center\/\" target=\"_self\" rel=\"noopener\">COVID<\/a><\/h3>\t\n\t\t\t\t<a href=\"\/resources\/domestic-family-violence\/\" target=\"_self\" itemprop=\"url\" rel=\"noopener\">\n\t\t\t\t<img loading=\"lazy\" decoding=\"async\" src=\"https:\/\/211md.org\/wp-content\/uploads\/bb-plugin\/cache\/Mask-Group-39@2x-circle-b2589197a13c791d910f46dd10b27a87-.png\" alt=\"Two pairs of hands holding each other\" itemprop=\"image\" height=\"500\" width=\"500\" title=\"Mask Group 39@2x\" onerror=\"this.style.display='none'\"  \/>\n\t\t\t\t<\/a>\n\t\t<h3><a href=\"\/resources\/domestic-family-violence\/\" target=\"_self\" rel=\"noopener\">Domestic\/ Family Violence<\/a><\/h3>\t\n\t\t\t\t<a href=\"\/resources\/employment-search\/\" target=\"_self\" itemprop=\"url\" rel=\"noopener\">\n\t\t\t\t<img loading=\"lazy\" decoding=\"async\" src=\"https:\/\/211md.org\/wp-content\/uploads\/bb-plugin\/cache\/Employment-circle-bf72562329e950df948954f5d3f44b2e-.png\" alt=\"A car mechanic\" itemprop=\"image\" height=\"500\" width=\"500\" title=\"Employment\" onerror=\"this.style.display='none'\"  \/>\n\t\t\t\t<\/a>\n\t\t<h3><a href=\"\/resources\/employment-search\/\" target=\"_self\" rel=\"noopener\">Employment<\/a><\/h3>\t\n\t\t\t\t<a href=\"\/resources\/health-care\/\" target=\"_self\" itemprop=\"url\" rel=\"noopener\">\n\t\t\t\t<img loading=\"lazy\" decoding=\"async\" src=\"https:\/\/211md.org\/wp-content\/uploads\/bb-plugin\/cache\/Mask-Group-35@2x-circle-94be10c13e4adae1683b4589dc2f5b2f-.png\" alt=\"Doctor looking at boys leg\" itemprop=\"image\" height=\"500\" width=\"500\" title=\"Mask Group 35@2x\" onerror=\"this.style.display='none'\"  \/>\n\t\t\t\t<\/a>\n\t\t<h3><a href=\"\/resources\/health-care\/\" target=\"_self\" rel=\"noopener\">Health Care<\/a><\/h3>\t\n\t\t\t\t<a href=\"\/resources\/food\/\" target=\"_self\" itemprop=\"url\" rel=\"noopener\">\n\t\t\t\t<img loading=\"lazy\" decoding=\"async\" src=\"https:\/\/211md.org\/wp-content\/uploads\/bb-plugin\/cache\/Mask-Group-32@2x-circle-1c6d647dcaf998fa079d26735cedc92b-.png\" alt=\"Fresh vegetables\" itemprop=\"image\" height=\"500\" width=\"500\" title=\"Mask Group 32@2x\" onerror=\"this.style.display='none'\"  \/>\n\t\t\t\t<\/a>\n\t\t<h3><a href=\"\/resources\/food\/\" target=\"_self\" rel=\"noopener\">Food<\/a><\/h3>\t\n\t\t\t\t<a href=\"\/resources\/housing-shelter\/\" target=\"_self\" itemprop=\"url\" rel=\"noopener\">\n\t\t\t\t<img loading=\"lazy\" decoding=\"async\" src=\"https:\/\/211md.org\/wp-content\/uploads\/bb-plugin\/cache\/Mask-Group-34@2x-circle-b99c55fc16ef21f35e2f2a1f7cc37b9a-.png\" alt=\"Apartment complex balcony\" itemprop=\"image\" height=\"500\" width=\"500\" title=\"Apartment-Complex\" onerror=\"this.style.display='none'\"  \/>\n\t\t\t\t<\/a>\n\t\t<h3><a href=\"\/resources\/housing-shelter\/\" target=\"_self\" rel=\"noopener\">Housing &#038; Shelter<\/a><\/h3>\t\n\t\t\t\t<a href=\"\/resources\/new-to-the-us-and-maryland\/\" target=\"_self\" itemprop=\"url\" rel=\"noopener\">\n\t\t\t\t<img loading=\"lazy\" decoding=\"async\" src=\"https:\/\/211md.org\/wp-content\/uploads\/bb-plugin\/cache\/American-flag-circle-0016cc327e27ef7aeb080f1da6c6e98b-.jpg\" alt=\"new to the united states\" itemprop=\"image\" height=\"364\" width=\"1366\" title=\"American-flag\" onerror=\"this.style.display='none'\"  \/>\n\t\t\t\t<\/a>\n\t\t<h3><a href=\"\/resources\/new-to-the-us-and-maryland\/\" target=\"_self\" rel=\"noopener\">Immigration<\/a><\/h3>\t\n\t\t\t\t<a href=\"\/resources\/children-families\/kinship-care\/\" target=\"_self\" itemprop=\"url\" rel=\"noopener\">\n\t\t\t\t<img decoding=\"async\" src=\"https:\/\/211md.org\/wp-content\/uploads\/bb-plugin\/cache\/kinship-family-navigating-a-computer-circle-045fee9d587aefb20221bfea41a2cf9b-.png\" alt=\"kinship family navigating a computer\" itemprop=\"image\" title=\"kinship family navigating a computer\" onerror=\"this.style.display='none'\"  \/>\n\t\t\t\t<\/a>\n\t\t<h3><a href=\"\/resources\/children-families\/kinship-care\/\" target=\"_self\" rel=\"noopener\">Kinship<\/a><\/h3>\t\n\t\t\t\t<a href=\"\/resources\/legal-services\/\" target=\"_self\" itemprop=\"url\" rel=\"noopener\">\n\t\t\t\t<img loading=\"lazy\" decoding=\"async\" src=\"https:\/\/211md.org\/wp-content\/uploads\/bb-plugin\/cache\/Housing-Legal-circle-9a8f3c1c72c54b6e1ce612d2993c1ad4-.png\" alt=\"Legal gavel with a plastic model of a house next to it\" itemprop=\"image\" height=\"348\" width=\"460\" title=\"Housing Legal\" onerror=\"this.style.display='none'\"  \/>\n\t\t\t\t<\/a>\n\t\t<h3><a href=\"\/resources\/legal-services\/\" target=\"_self\" rel=\"noopener\">Legal Services<\/a><\/h3>\t\n\t\t\t\t<a href=\"\/resources\/mental-health\/\" target=\"_self\" itemprop=\"url\" rel=\"noopener\">\n\t\t\t\t<img loading=\"lazy\" decoding=\"async\" src=\"https:\/\/211md.org\/wp-content\/uploads\/bb-plugin\/cache\/Mask-Group-40@2x-circle-7bd9426367852fb3d841bc4bdc57a550-.png\" alt=\"The profiles of a man and woman\" itemprop=\"image\" height=\"500\" width=\"500\" title=\"Mask Group 40@2x\" onerror=\"this.style.display='none'\"  \/>\n\t\t\t\t<\/a>\n\t\t<h3><a href=\"\/resources\/mental-health\/\" target=\"_self\" rel=\"noopener\">Mental Health<\/a><\/h3>\t\n\t\t\t\t<a href=\"\/resources\/mdreentry\" target=\"_self\" itemprop=\"url\" rel=\"noopener\">\n\t\t\t\t<img loading=\"lazy\" decoding=\"async\" src=\"https:\/\/211md.org\/wp-content\/uploads\/bb-plugin\/cache\/Diverse-group-of-community-members-circle-4457c114cd48613bc79a0fb50060319c-.jpg\" alt=\"Diverse group of community members\" itemprop=\"image\" height=\"800\" width=\"1200\" title=\"Diverse group of community members\" onerror=\"this.style.display='none'\"  \/>\n\t\t\t\t<\/a>\n\t\t<h3><a href=\"\/resources\/mdreentry\" target=\"_self\" rel=\"noopener\">Reentry<\/a><\/h3>\t\n\t\t\t\t<a href=\"\/stophate\/\" target=\"_self\" itemprop=\"url\" rel=\"noopener\">\n\t\t\t\t<img loading=\"lazy\" decoding=\"async\" src=\"https:\/\/211md.org\/wp-content\/uploads\/bb-plugin\/cache\/Background-section-MDStophate-circle-08e2bae1cf9f2ad6cc83e01e23da8cb9-.jpg\" alt=\"Background-section-MDStophate\" itemprop=\"image\" height=\"768\" width=\"1366\" title=\"Background-section-MDStophate\" onerror=\"this.style.display='none'\"  \/>\n\t\t\t\t<\/a>\n\t\t<h3><a href=\"\/stophate\/\" target=\"_self\" rel=\"noopener\">Stop Hate<\/a><\/h3>\t\n\t\t\t\t<a href=\"\/resources\/substance-use\/\" target=\"_self\" itemprop=\"url\" rel=\"noopener\">\n\t\t\t\t<img loading=\"lazy\" decoding=\"async\" src=\"https:\/\/211md.org\/wp-content\/uploads\/bb-plugin\/cache\/Substance-Use-circle-ad2d564932dc31267e0c32a6fb2d915c-.png\" alt=\"Hand smashing pills\" itemprop=\"image\" height=\"500\" width=\"500\" title=\"Substance-Use\" onerror=\"this.style.display='none'\"  \/>\n\t\t\t\t<\/a>\n\t\t<h3><a href=\"\/resources\/substance-use\/\" target=\"_self\" rel=\"noopener\">Substance Use<\/a><\/h3>\t\n\t\t\t\t<a href=\"\/resources\/tax-services\/\" target=\"_self\" itemprop=\"url\" rel=\"noopener\">\n\t\t\t\t<img loading=\"lazy\" decoding=\"async\" src=\"https:\/\/211md.org\/wp-content\/uploads\/bb-plugin\/cache\/Mask-Group-34-circle-166a606e37e61188c9a17d5e634cda3c-.png\" alt=\"Person filling out income tax paperwork\" itemprop=\"image\" height=\"500\" width=\"500\" title=\"Mask Group 34\" onerror=\"this.style.display='none'\"  \/>\n\t\t\t\t<\/a>\n\t\t<h3><a href=\"\/resources\/tax-services\/\" target=\"_self\" rel=\"noopener\">Tax Services<\/a><\/h3>\t\n\t\t\t\t<a href=\"\/resources\/utility-assistance\/\" target=\"_self\" itemprop=\"url\" rel=\"noopener\">\n\t\t\t\t<img loading=\"lazy\" decoding=\"async\" src=\"https:\/\/211md.org\/wp-content\/uploads\/bb-plugin\/cache\/Mask-Group-37@2x-circle-9661a11b9c4082079c9a1f06bc539567-.png\" alt=\"A lit up lightbulb\" itemprop=\"image\" height=\"500\" width=\"500\" title=\"Mask Group 37@2x\" onerror=\"this.style.display='none'\"  \/>\n\t\t\t\t<\/a>\n\t\t<h3><a href=\"\/resources\/utility-assistance\/\" target=\"_self\" rel=\"noopener\">Utility Assistance<\/a><\/h3>\t\n\t\t\t\t<a href=\"\/resources\/veterans\/\" target=\"_self\" itemprop=\"url\" rel=\"noopener\">\n\t\t\t\t<img decoding=\"async\" src=\"https:\/\/211md.org\/wp-content\/uploads\/bb-plugin\/cache\/Veterans-circle-7c6972a59826c74f1f658f61df785fc3-.png\" alt=\"A soldier shaking someone&#039;s hand and smiling\" itemprop=\"image\" title=\"Veterans\" onerror=\"this.style.display='none'\"  \/>\n\t\t\t\t<\/a>\n\t\t<h3><a href=\"\/resources\/veterans\/\" target=\"_self\" rel=\"noopener\">Veterans<\/a><\/h3>\t\n<h2>\n\t\tHelp Us Connect\n\t<\/h2>\n\t<p>211 Maryland is a 501(c)(3) nonprofit. We accept grants and tax-deductible donations.<\/p>\n\t\t\t<a href=\"\/donate\" target=\"_self\" rel=\"noopener\">\n\t\t\t\t\t\t\tDonate\n\t\t\t\t\t<\/a>\n\t\t\t<a href=\"\/partner\" target=\"_self\" rel=\"noopener\">\n\t\t\t\t\t\t\tPartner\n\t\t\t\t\t<\/a>\n\t\t\t<a href=\"\/contact-us\" target=\"_self\" rel=\"noopener\">\n\t\t\t\t\t\t\tConnect\n\t\t\t\t\t<\/a>\n\t<p><strong>Over 499,000 individuals connected with 211 Maryland by phone, text or chat in FY 2021.<\/strong><\/p>\n\n","protected":false},"excerpt":{"rendered":"<p>\u00bfTiene problemas con la comida, la vivienda, las facturas de servicios p\u00fablicos o la salud mental? \u00a1Usted no est\u00e1 solo! \u00a1Que el 211 encienda la esperanza! Los especialistas 211, atentos y compasivos, est\u00e1n aqu\u00ed para ayudarle las 24 horas del d\u00eda, los 7 d\u00edas de la semana, los 365 d\u00edas del a\u00f1o. La llamada es gratuita y confidencial. Lo conectaremos con recursos gratuitos y de bajo costo en su comunidad de Maryland. 211 Maryland es una organizaci\u00f3n humana y de salud sin fines de lucro...<\/p>","protected":false},"author":7,"featured_media":3086,"parent":930,"menu_order":0,"comment_status":"closed","ping_status":"closed","template":"","meta":{"footnotes":""},"class_list":["post-3081","page","type-page","status-publish","has-post-thumbnail","hentry"],"_links":{"self":[{"href":"https:\/\/211md.org\/es\/wp-json\/wp\/v2\/pages\/3081","targetHints":{"allow":["GET"]}}],"collection":[{"href":"https:\/\/211md.org\/es\/wp-json\/wp\/v2\/pages"}],"about":[{"href":"https:\/\/211md.org\/es\/wp-json\/wp\/v2\/types\/page"}],"author":[{"embeddable":true,"href":"https:\/\/211md.org\/es\/wp-json\/wp\/v2\/users\/7"}],"replies":[{"embeddable":true,"href":"https:\/\/211md.org\/es\/wp-json\/wp\/v2\/comments?post=3081"}],"version-history":[{"count":0,"href":"https:\/\/211md.org\/es\/wp-json\/wp\/v2\/pages\/3081\/revisions"}],"up":[{"embeddable":true,"href":"https:\/\/211md.org\/es\/wp-json\/wp\/v2\/pages\/930"}],"wp:featuredmedia":[{"embeddable":true,"href":"https:\/\/211md.org\/es\/wp-json\/wp\/v2\/media\/3086"}],"wp:attachment":[{"href":"https:\/\/211md.org\/es\/wp-json\/wp\/v2\/media?parent=3081"}],"curies":[{"name":"Gracias","href":"https:\/\/api.w.org\/{rel}","templated":true}]}}