{"id":3132,"date":"2022-06-14T08:07:18","date_gmt":"2022-06-14T12:07:18","guid":{"rendered":"https:\/\/211md.org\/?page_id=3132"},"modified":"2024-09-05T10:25:02","modified_gmt":"2024-09-05T14:25:02","slug":"mdhope","status":"publish","type":"page","link":"https:\/\/211md.org\/es\/resources\/substance-use\/mdhope\/","title":{"rendered":"Obtenga apoyo para opioides en Maryland con MDHope"},"content":{"rendered":"<h2>Hay esperanza si Y<strong>t\u00fa o alguien que conoces<\/strong>w Utiliza opioides.<\/h2>\n\t<p>Env\u00ede MDHope al 898211. Es gratuito y confidencial.<\/p>\n\t\t\t<a href=\"sms:\/\/898-211;?&#038;body=MDHope\" target=\"_blank\" rel=\"noopener\">\n\t\t\t\t\t\t\tReg\u00edstrate ahora\n\t\t\t\t\t<\/a>\n\t<p><em>Se pueden aplicar tarifas de mensajes y datos y la frecuencia de los mensajes puede variar. Para recibir ayuda, env\u00ede un mensaje de texto con la palabra HELP. Para cancelar la suscripci\u00f3n, env\u00ede un mensaje de texto con la palabra STOP al mismo n\u00famero. T\u00e9rminos completos de SMS en\u00a0<a href=\"https:\/\/211md.org\/es\/sms\/\">https:\/\/211md.org\/sms\/<\/a>\u00a0tambi\u00e9n se aplicar\u00e1.<\/em><\/p>\n<h2>\n\t\tC\u00f3mo funciona MDHope\n\t<\/h2>\n\t\t\t\t<img loading=\"lazy\" decoding=\"async\" src=\"https:\/\/211md.org\/wp-content\/uploads\/2021\/05\/Screen-Shot-2021-05-26-at-11.27.15-AM.svg\" alt=\"Imagen del N\u00famero 1\" itemprop=\"image\" height=\"150\" width=\"150\" title=\"Imagen del N\u00famero 1\" onerror=\"this.style.display='none'\"  \/>\n<h3>Texto<\/h3><p>Texto\u00a0<strong>mdesperanza<\/strong>\u00a0al 898-211 para inscribirse para recibir mensajes de texto.\u00a0<sup>1<\/sup><\/p>\n<p><sup>1<\/sup><em>211 Maryland ofrece programas de alerta por mensaje de texto que brindan informaci\u00f3n sobre recursos espec\u00edficos de la regi\u00f3n o alertas de desastres. Se pueden aplicar tarifas por mensajes y datos, y la frecuencia de los mensajes puede variar. Para recibir ayuda, env\u00ede un mensaje de texto con la palabra HELP. Para cancelar la suscripci\u00f3n, env\u00ede un mensaje de texto con la palabra STOP al mismo n\u00famero. Tambi\u00e9n se aplicar\u00e1n los t\u00e9rminos completos de SMS en https:\/\/211md.org\/sms\/.<\/em><\/p>\n\t\t\t\t<img loading=\"lazy\" decoding=\"async\" src=\"https:\/\/211md.org\/wp-content\/uploads\/2021\/05\/Screen-Shot-2021-05-26-at-11.27.25-AM.svg\" alt=\"Imagen del n\u00famero 2\" itemprop=\"image\" height=\"150\" width=\"150\" title=\"Imagen del N\u00famero 2\" onerror=\"this.style.display='none'\"  \/>\n<h3>Ingrese su codigo postal<\/h3><p>Cuando se le solicite, proporcione su c\u00f3digo postal para que podamos encontrar recursos locales que lo ayuden a encontrar esperanza.<\/p>\n\t\t\t\t<img loading=\"lazy\" decoding=\"async\" src=\"https:\/\/211md.org\/wp-content\/uploads\/2021\/05\/Screen-Shot-2021-05-26-at-11.27.40-AM.svg\" alt=\"Imagen del n\u00famero 3\" itemprop=\"image\" height=\"149\" width=\"149\" title=\"Imagen del N\u00famero 3\" onerror=\"this.style.display='none'\"  \/>\n<h3>Encontrar ayuda<\/h3><p>Con\u00e9ctese con recursos locales dici\u00e9ndonos si est\u00e1 buscando ayuda para usted, un amigo o familiar o un cliente. 211 le enviar\u00e1 la informaci\u00f3n que solicite, como <a href=\"https:\/\/sundown.org\/\" target=\"_blank\" rel=\"noopener\">centros de tratamiento<\/a>, medicaci\u00f3n para revertir sobredosis, eliminaci\u00f3n segura de medicamentos o apoyo para la prevenci\u00f3n.<\/p>\n<p><strong>Tambi\u00e9n puede conectarse con una persona en vivo en cualquier momento.<\/strong><\/p>\n\t<h2>Conectar a otros a MDHope<\/h2>\n<p>Imprima la tarjeta de divulgaci\u00f3n descargable y la hoja informativa para conectar a los habitantes de Maryland con la esperanza.<\/p>\n\t\t\t\t<a href=\"\/wp-content\/uploads\/2022\/07\/2022-06_211MDHope-OutreachCard_063022_PRINT.pdf\" target=\"_blank\" rel=\"noopener\" itemprop=\"url\">\n\t\t\t\t<img loading=\"lazy\" decoding=\"async\" src=\"https:\/\/211md.org\/wp-content\/uploads\/2022\/07\/MDHope-Outreach-Card-July-2022.jpg\" alt=\"Tarjeta de divulgaci\u00f3n de MDHope para el uso de opioides\" itemprop=\"image\" height=\"600\" width=\"1050\" title=\"Tarjeta de extensi\u00f3n de MDHope Julio de 2022\" onerror=\"this.style.display='none'\"  \/>\n\t\t\t\t<\/a>\n\t<p><a href=\"\/wp-content\/uploads\/2022\/07\/2022-06_211MDHope-OutreachCard_063022_PRINT.pdf\" target=\"_blank\" rel=\"noopener\"><strong>Descargar<\/strong><\/a><\/p>\n\t\t\t\t<a href=\"\/wp-content\/uploads\/2022\/07\/MDHope-Printable-Fact-Sheet-2022.pdf\" target=\"_blank\" rel=\"noopener\" itemprop=\"url\">\n\t\t\t\t<img loading=\"lazy\" decoding=\"async\" src=\"https:\/\/211md.org\/wp-content\/uploads\/2022\/07\/MDHope-Fact-Sheet-scaled.jpg\" alt=\"Hoja informativa de MDHope\" itemprop=\"image\" height=\"2560\" width=\"1978\" title=\"Hoja informativa de MDHope\" onerror=\"this.style.display='none'\"  \/>\n\t\t\t\t<\/a>\n\t<p><a href=\"\/wp-content\/uploads\/2022\/07\/MDHope-Printable-Fact-Sheet-2022.pdf\" target=\"_blank\" rel=\"noopener\"><strong>Descargar<\/strong><\/a><\/p>","protected":false},"excerpt":{"rendered":"<p>Hay esperanza si usted o alguien que conoce usa opioides. Env\u00ede un mensaje de texto con la palabra MDHope al 898211. Es gratuito y confidencial. Reg\u00edstrese ahora Pueden aplicarse tarifas por mensajes y datos, y la frecuencia de los mensajes puede variar. Para recibir ayuda, env\u00ede un mensaje de texto con la palabra HELP. Para cancelar la suscripci\u00f3n, env\u00ede un mensaje de texto con la palabra STOP al mismo n\u00famero. Tambi\u00e9n se aplicar\u00e1n los t\u00e9rminos completos de los mensajes de texto que se encuentran en https:\/\/211md.org\/sms\/. C\u00f3mo funciona MDHope Env\u00ede un mensaje de texto\u2026<\/p>","protected":false},"author":7,"featured_media":3172,"parent":837,"menu_order":0,"comment_status":"closed","ping_status":"closed","template":"","meta":{"footnotes":""},"class_list":["post-3132","page","type-page","status-publish","has-post-thumbnail","hentry"],"_links":{"self":[{"href":"https:\/\/211md.org\/es\/wp-json\/wp\/v2\/pages\/3132","targetHints":{"allow":["GET"]}}],"collection":[{"href":"https:\/\/211md.org\/es\/wp-json\/wp\/v2\/pages"}],"about":[{"href":"https:\/\/211md.org\/es\/wp-json\/wp\/v2\/types\/page"}],"author":[{"embeddable":true,"href":"https:\/\/211md.org\/es\/wp-json\/wp\/v2\/users\/7"}],"replies":[{"embeddable":true,"href":"https:\/\/211md.org\/es\/wp-json\/wp\/v2\/comments?post=3132"}],"version-history":[{"count":0,"href":"https:\/\/211md.org\/es\/wp-json\/wp\/v2\/pages\/3132\/revisions"}],"up":[{"embeddable":true,"href":"https:\/\/211md.org\/es\/wp-json\/wp\/v2\/pages\/837"}],"wp:featuredmedia":[{"embeddable":true,"href":"https:\/\/211md.org\/es\/wp-json\/wp\/v2\/media\/3172"}],"wp:attachment":[{"href":"https:\/\/211md.org\/es\/wp-json\/wp\/v2\/media?parent=3132"}],"curies":[{"name":"Gracias","href":"https:\/\/api.w.org\/{rel}","templated":true}]}}