{"id":3207,"date":"2022-09-15T16:24:14","date_gmt":"2022-09-15T20:24:14","guid":{"rendered":"https:\/\/211md.org\/?page_id=3207"},"modified":"2025-09-09T11:28:33","modified_gmt":"2025-09-09T15:28:33","slug":"signos-de-advertencia-y-sobredosis-ayuda","status":"publish","type":"page","link":"https:\/\/211md.org\/es\/resources\/substance-use\/warning-signs-and-overdose-help\/","title":{"rendered":"C\u00f3mo ayudar a alguien que sufre una sobredosis"},"content":{"rendered":"<img loading=\"lazy\" decoding=\"async\" src=\"https:\/\/211md.org\/wp-content\/uploads\/2022\/07\/Dad-with-hand-on-his-sons-shoulder-providing-support.jpg\" alt=\"Pap\u00e1 con la mano en el hombro de su hijo brindando apoyo\" itemprop=\"image\" height=\"683\" width=\"1024\" title=\"Pap\u00e1 con la mano en el hombro de su hijo brindando apoyo\" onerror=\"this.style.display='none'\"  \/>\n\t<p>La adicci\u00f3n es una enfermedad complicada del cerebro. En un entorno m\u00e9dico, es posible que escuche que la adicci\u00f3n se llama trastorno por uso de sustancias.<\/p>\n<p>Si bien es un desaf\u00edo navegar por estas situaciones, es fundamental brindarle a una persona la ayuda que necesita lo antes posible.<\/p>\n<p>Las personas tambi\u00e9n pueden tener problemas de salud mental u otros problemas de salud subyacentes. Y, con el consumo de drogas, siempre existe el riesgo de una sobredosis mortal.<\/p>\n<h2>Se\u00f1ales de advertencia<\/h2>\n<p>La adicci\u00f3n puede afectar a cualquier persona en Maryland, independientemente de su edad, raza o profesi\u00f3n.<\/p>\n<p>Puede ayudar a detener el estigma de la adicci\u00f3n conociendo los signos de la adicci\u00f3n y brindando a la persona la ayuda que necesita lo antes posible.<\/p>\n<h3>Signos de trastorno por uso de sustancias<\/h3>\n<p>Estos son los signos de alguien con un trastorno por uso de sustancias.<\/p>\n<ul>\n<li>Visitar a varios m\u00e9dicos para obtener recetas<\/li>\n<li>Cambios de humor o comportamiento<\/li>\n<li>Irritabilidad<\/li>\n<li>Retiro de eventos y actividades sociales.<\/li>\n<li>Dificultades financieras que no tienen explicaci\u00f3n<\/li>\n<li>Dormir en momentos extra\u00f1os<\/li>\n<li>Uso m\u00e1s frecuente de sustancias<\/li>\n<\/ul>\n<p>Los estigmas a menudo impiden que las personas obtengan la ayuda que necesitan.<\/p>\n<p>Si alguien que conoce muestra signos de adicci\u00f3n, puede ayudarlo brind\u00e1ndole recursos de apoyo y anim\u00e1ndolo a buscar ayuda.<\/p>\n<p>No los habilites ayud\u00e1ndolos con el alquiler ni brind\u00e1ndoles otro tipo de asistencia financiera.<\/p>\n<p>Adem\u00e1s, elimine los medicamentos recetados viejos de su hogar.\u00a0<a href=\"https:\/\/211md.org\/es\/recursos\/consumo-de-sustancias\/eliminacion-de-drogas\/\">Existen formas gratuitas de desechar medicamentos viejos<\/a>\u00a0por lo que est\u00e1s previniendo el consumo de sustancias y protegiendo el medio ambiente.<\/p>\n<p>Centrarse en la adicci\u00f3n y\u00a0<a href=\"https:\/\/211md.org\/es\/recursos\/consumo-de-sustancias\/\">encontrar opciones de tratamiento en Maryland<\/a>.<\/p>\n<h3>Reconocer los signos de una sobredosis<\/h3>\n<p>Las drogas a menudo contienen el poderoso y mortal opioide sint\u00e9tico conocido como fentanilo. Es 50 veces m\u00e1s potente que la hero\u00edna y la principal causa de muerte por sobredosis en Maryland.<\/p>\n<p>No puedes verlo, olerlo ni saborearlo. A menudo se agrega a otras drogas porque es muy potente.<\/p>\n<p>Si est\u00e1 preocupado por alguien y cree que puede tener una adicci\u00f3n, tambi\u00e9n debe estar atento a los signos de una sobredosis.<\/p>\n<p>Los signos de una sobredosis incluyen:<\/p>\n<ul>\n<li>Ruidos fuertes de ronquidos o gorgoteos<\/li>\n<li>Los labios o las u\u00f1as se vuelven azules<\/li>\n<li>Piel p\u00e1lida\/gris\u00e1cea<\/li>\n<li>Insensible, desmayado, incapaz de hablar o una persona incoherente<\/li>\n<li>cuerpo fl\u00e1cido<\/li>\n<li>Latidos del coraz\u00f3n lentos o detenidos<\/li>\n<li>Respiraci\u00f3n superficial, lenta, detenida o irregular<\/li>\n<li>Pobres habilidades motoras y coordinaci\u00f3n.<\/li>\n<li>Pupilas peque\u00f1as que no responden a la luz ni al movimiento.<\/li>\n<li>convulsiones<\/li>\n<li>Piel fr\u00eda y h\u00fameda<\/li>\n<\/ul>\n\t<h2><strong>C\u00f3mo puede ayudar a salvar una vida con naloxona<\/strong><\/h2>\n<p>80% de muertes por sobredosis ocurren dentro de una casa, seg\u00fan un\u00a0<a href=\"https:\/\/www.cdc.gov\/stopoverdose\/naloxone\/index.html\" target=\"_blank\" rel=\"noopener\">Informe de Signos Vitales de los Centros para el Control de Enfermedades (CDC)<\/a>.<\/p>\n<p>40% del momento, alguien m\u00e1s est\u00e1 presente, seg\u00fan los CDC.<\/p>\n<p>La naloxona ayuda a los transe\u00fantes a revertir los efectos de la sobredosis.<\/p>\n<p>Las familias deben tener a mano los medicamentos que salvan vidas si conocen a alguien que lucha contra el trastorno por consumo de opioides.<\/p>\n\t<iframe loading=\"lazy\" width=\"560\" height=\"315\" src=\"https:\/\/www.youtube.com\/embed\/Sm5Tbb8YcgQ\" title=\"reproductor de videos de youtube\" frameborder=\"0\" allow=\"accelerometer; autoplay; clipboard-write; encrypted-media; gyroscope; picture-in-picture\" allowfullscreen><\/iframe>\n\t\t<h3>Env\u00eda un mensaje de texto con MDHope al 898211<\/h3><p>Con\u00e9ctese con naloxona cerca de usted, sitios de eliminaci\u00f3n de medicamentos recetados y recursos sobre uso de sustancias.<\/p>\n<p><em>211 Maryland ofrece programas de alerta por mensaje de texto que brindan informaci\u00f3n sobre recursos espec\u00edficos de la regi\u00f3n o alertas de desastres. Pueden aplicarse tarifas por mensajes y datos. La frecuencia de los mensajes puede variar. Env\u00ede un mensaje de texto con la palabra STOP al mismo n\u00famero para cancelar la suscripci\u00f3n. Para recibir ayuda, env\u00ede un mensaje de texto con la palabra HELP. Los t\u00e9rminos completos de SMS est\u00e1n disponibles en <a href=\"https:\/\/211md.org\/es\/sms\/\">https:\/\/211md.org\/sms\/<\/a> tambi\u00e9n se aplicar\u00e1.<\/em><\/p>\n\t<h3>D\u00f3nde obtener naloxona en Maryland<\/h3>\n<p>Si no desea que le env\u00eden la informaci\u00f3n por mensaje de texto a trav\u00e9s de MDHope, existen otras formas de encontrar el proveedor de naloxona m\u00e1s cercano a su \u00e1rea.<\/p>\n<p>Tambi\u00e9n puede visitar un Programa de Respuesta a Sobredosis (ODR) en Maryland para recibir naloxona.\u00a0<a href=\"https:\/\/health.maryland.gov\/pha\/NALOXONE\/Pages\/Approved-Entities.aspx\" target=\"_blank\" rel=\"noopener\">Puedes encontrar el m\u00e1s cercano aqu\u00ed<\/a>.<\/p>\n<p>Tambi\u00e9n puede ir a una farmacia y obtener el medicamento sin receta y sin capacitaci\u00f3n. Est\u00e1 cubierto por la mayor\u00eda de los seguros y por Medicaid de Maryland. Sin embargo, es posible que no est\u00e9 en stock. El inventario puede variar.<\/p>\n<p><a href=\"https:\/\/nextdistro.org\/maryland\" target=\"_blank\" rel=\"noopener\">Siguiente reducci\u00f3n de da\u00f1os<\/a>\u00a0y el\u00a0<a href=\"https:\/\/baltimoreharmreduction.org\/\" target=\"_blank\" rel=\"noopener\">Coalici\u00f3n de Reducci\u00f3n de Da\u00f1os de Baltimore<\/a>\u00a0tambi\u00e9n enviar\u00e1 por correo el medicamento que salva vidas a los residentes de Maryland de forma gratuita. El programa est\u00e1 dise\u00f1ado para personas que no est\u00e1n dispuestas a obtener el medicamento en persona.<\/p>\n<p>Deber\u00e1 ver un video de capacitaci\u00f3n de 4 minutos, responder un breve cuestionario y brindar informaci\u00f3n para recibir naloxona. La capacitaci\u00f3n est\u00e1 disponible en ingl\u00e9s y espa\u00f1ol.\u00a0<a href=\"https:\/\/nextdistro.org\/maryland-language\" target=\"_blank\" rel=\"noopener\">Toma el entrenamiento<\/a>.<\/p>\n\t<h2>La ley del buen samaritano de Maryland<\/h2>\n<p>La ley brinda ciertas protecciones legales cuando llama al 9-1-1 para ayudar a una persona que sufre una sobredosis de emergencia.<\/p>\n<p>Si presencia una emergencia m\u00e9dica causada por una sobredosis, llame al 9-1-1 de inmediato.<\/p>\n<p><a href=\"https:\/\/health.maryland.gov\/qahealth\/substance-abuse\/Pages\/Good-Samaritan-Law.aspx\" target=\"_blank\" rel=\"noopener\">La ley del buen samaritano de Maryland<\/a>\u00a0le permite obtener ayuda sin temor a ser arrestado o enjuiciado por varios delitos menores, que incluyen:<\/p>\n<ul>\n<li>5-601: Posesi\u00f3n o administraci\u00f3n de CDS<\/li>\n<li>5-619: Parafernalia de drogas<\/li>\n<li>5-620: Parafernalia controlada<\/li>\n<li>\u00a7 10-114: Posesi\u00f3n de alcohol por parte de menores<\/li>\n<li>\u00a7 10-116: Obtenci\u00f3n de alcohol para consumo de menores<\/li>\n<li>\u00a7 10-117: Proporcionar o permitir el consumo de alcohol por parte de menores<\/li>\n<\/ul>\n<p>Tambi\u00e9n lo protege de violar la libertad condicional, la libertad condicional y la libertad previa al juicio si la evidencia de la violaci\u00f3n se obtuvo como resultado de obtener ayuda o brindar asistencia que ayude a salvar la vida de alguien.<\/p>\n<p>El objetivo es ayudar a alguien que sufre una sobredosis de emergencia.<\/p>\n<p>No est\u00e1s protegido si eres testigo de la emergencia y no ayudas a la persona. Las autoridades tambi\u00e9n pueden realizar investigaciones y reunir pruebas, ya que no se aplica a delitos relacionados con drogas u otros delitos que no figuran en la lista.<\/p>\n\t\t\t\t<img loading=\"lazy\" decoding=\"async\" src=\"https:\/\/211md.org\/wp-content\/uploads\/2022\/07\/Naloxone-NARCAN-nasal-spray.jpg\" alt=\"Aerosol nasal de naloxona Narcan\" itemprop=\"image\" height=\"683\" width=\"1024\" title=\"Naloxone-NARCAN-nasal-spray\" onerror=\"this.style.display='none'\"  \/>\n<h2>C\u00f3mo ayudar a alguien que sufre una sobredosis<\/h2>\n<p>Naloxona\/NARCAN\u00ae revierte inmediatamente los efectos de una sobredosis. Existe una forma inyectable o, m\u00e1s com\u00fanmente, un aerosol nasal. Es f\u00e1cil de usar y est\u00e1 disponible sin receta.<\/p>\n<p>S\u00f3lo en la ciudad de Baltimore, ha salvado m\u00e1s de 2800 vidas.<\/p>\n<p>Si tiene NARCAN\u00ae disponible, puede usarlo para brindar ayuda inmediata mientras espera que llegue el personal m\u00e9dico.<\/p>\n<h3>Uso de naloxona<\/h3>\n<p>La naloxona es un aerosol nasal o un autoinyector que se usa en la parte externa del muslo del individuo.<\/p>\n<p>Estos son los pasos a seguir si sospecha que alguien est\u00e1 sufriendo una sobredosis:<\/p>\n<h4>1. Obtener su atenci\u00f3n.<\/h4>\n<p>Gr\u00edtele al individuo y preg\u00fantele si necesita ayuda.<\/p>\n<h4>2. Frote su estern\u00f3n.<\/h4>\n<p>Frote los nudillos firmemente hacia arriba y hacia abajo por la mitad del pecho de la persona.<\/p>\n<h4>3. Llame al 9-1-1.<\/h4>\n<h4>4. Administre Naloxona.<\/h4>\n<p>Coloque la punta de la boquilla en cualquiera de las fosas nasales hasta que sus dedos toquen la parte inferior de la nariz de la persona.<\/p>\n<p>Presione firmemente para liberar el medicamento.<\/p>\n<p>Si la primera dosis no funciona en 1 a 3 minutos, repita.<\/p>\n<h4>5. Apoye su respiraci\u00f3n.<\/h4>\n<p>Coloque a la persona boca arriba e incline la barbilla hacia atr\u00e1s. Verifique para asegurarse de que nada est\u00e9 bloqueando sus v\u00edas respiratorias.<\/p>\n<p>Cierra la nariz de la persona y c\u00fabrele la boca con la tuya. Sople 2 respiraciones regulares, luego repita con 1 respiraci\u00f3n cada 5 segundos.<\/p>\n<p>Tambi\u00e9n puede hacer compresiones tor\u00e1cicas si tiene capacitaci\u00f3n en RCP.<\/p>\n<h4>6. Ayude a la persona a recuperarse.<\/h4>\n<p>Qu\u00e9dese con la persona hasta que llegue la ayuda.<\/p>\n<p>Si la persona mejora, col\u00f3quela boca abajo con la cara y la cabeza hacia un lado. Ponga su mano debajo de su cabeza y doble sus rodillas para apoyarse.<\/p>\n<p>La naloxona no har\u00e1 ning\u00fan da\u00f1o si se administra a alguien que no tiene opioides en su sistema.<\/p>\n<h2>Informaci\u00f3n relacionada<\/h2>\n<p><a href=\"https:\/\/211md.org\/es\/recursos\/consumo-de-sustancias\/\">Buscar tratamiento<\/a><\/p>\n<p><a href=\"https:\/\/211md.org\/es\/recursos\/consumo-de-sustancias\/eliminacion-de-drogas\/\">Eliminaci\u00f3n de medicamentos recetados<\/a><\/p>\n<p><a href=\"https:\/\/211md.org\/es\/mdhope\/\">mdesperanza<\/a><\/p>\n\t<h2>\u00bfNecesito hablar?<\/h2>\n\t<h2>Llame o env\u00ede un mensaje de texto al 988<\/h2>\n\t\t\t<a href=\"https:\/\/988lifeline.org\/chat\/\" target=\"_blank\" rel=\"noopener\">\n\t\t\t\t\t\t\tChatear ahora (ingl\u00e9s)\n\t\t\t\t\t<\/a>\n\t\t\t<a href=\"https:\/\/988lifeline.org\/es\/chat\/\" target=\"_blank\" rel=\"noopener\">\n\t\t\t\t\t\t\tChatea Ahora (English)\n\t\t\t\t\t<\/a>\n\t<p>Cualquier persona que necesite ayuda con necesidades de salud mental o relacionadas con el uso de sustancias puede llamar al 988. <a href=\"https:\/\/988min.org\/\" target=\"_blank\" rel=\"noopener\"> Obtenga m\u00e1s informaci\u00f3n sobre 988 en Maryland.<\/a><\/p>\n<h2>\n\t\tBuscar recursos\n\t<\/h2>\n\t\t\t\t<a href=\"\/es\/recursos\/envejecimiento-discapacidad\/\"  target=\"_self\" itemprop=\"url\">\n\t\t\t\t<img loading=\"lazy\" decoding=\"async\" src=\"https:\/\/211md.org\/wp-content\/uploads\/bb-plugin\/cache\/Mask-Group-41@2x-circle-73eaadba4cad8269faa4720e25cf1c85-.png\" alt=\"Los pies de una mujer mayor y una mujer m\u00e1s joven caminando juntas\" itemprop=\"image\" height=\"500\" width=\"500\" title=\"Servicios para discapacitados\" onerror=\"this.style.display='none'\"  \/>\n\t\t\t\t<\/a>\n\t\t<h3><a href=\"\/es\/recursos\/envejecimiento-discapacidad\/\" target=\"_self\">Envejecimiento y discapacidad<\/a><\/h3>\t\n\t\t\t\t<a href=\"\/es\/recursos\/ninos-familias\/\"  target=\"_self\" itemprop=\"url\">\n\t\t\t\t<img loading=\"lazy\" decoding=\"async\" src=\"https:\/\/211md.org\/wp-content\/uploads\/bb-plugin\/cache\/Mask-Group-38@2x-circle-ac40d46265fbec62083cd27f6dcf23b0-.png\" alt=\"Un ni\u00f1o y una ni\u00f1a sonriendo y mirando a la c\u00e1mara.\" itemprop=\"image\" height=\"500\" width=\"500\" title=\"M\u00e1scara Grupo 38@2x\" onerror=\"this.style.display='none'\"  \/>\n\t\t\t\t<\/a>\n\t\t<h3><a href=\"\/es\/recursos\/ninos-familias\/\" target=\"_self\">Ni\u00f1os y familias<\/a><\/h3>\t\n\t\t\t\t<a href=\"\/es\/recursos\/violencia-domestica-familiar\/\"  target=\"_self\" itemprop=\"url\">\n\t\t\t\t<img loading=\"lazy\" decoding=\"async\" src=\"https:\/\/211md.org\/wp-content\/uploads\/bb-plugin\/cache\/Mask-Group-39@2x-circle-b2589197a13c791d910f46dd10b27a87-.png\" alt=\"Dos pares de manos abraz\u00e1ndose\" itemprop=\"image\" height=\"500\" width=\"500\" title=\"M\u00e1scara Grupo 39@2x\" onerror=\"this.style.display='none'\"  \/>\n\t\t\t\t<\/a>\n\t\t<h3><a href=\"\/es\/recursos\/violencia-domestica-familiar\/\" target=\"_self\">Violencia Dom\u00e9stica\/ Familiar<\/a><\/h3>\t\n\t\t\t\t<a href=\"\/es\/recursos\/busqueda-de-empleo\/\"  target=\"_self\" itemprop=\"url\">\n\t\t\t\t<img loading=\"lazy\" decoding=\"async\" src=\"https:\/\/211md.org\/wp-content\/uploads\/bb-plugin\/cache\/Employment-circle-bf72562329e950df948954f5d3f44b2e-.png\" alt=\"un mec\u00e1nico de autom\u00f3viles\" itemprop=\"image\" height=\"500\" width=\"500\" title=\"Empleo\" onerror=\"this.style.display='none'\"  \/>\n\t\t\t\t<\/a>\n\t\t<h3><a href=\"\/es\/recursos\/busqueda-de-empleo\/\" target=\"_self\">Empleo<\/a><\/h3>\t\n\t\t\t\t<a href=\"\/es\/recursos\/cuidado-de-la-salud\/\"  target=\"_self\" itemprop=\"url\">\n\t\t\t\t<img loading=\"lazy\" decoding=\"async\" src=\"https:\/\/211md.org\/wp-content\/uploads\/bb-plugin\/cache\/Mask-Group-35@2x-circle-94be10c13e4adae1683b4589dc2f5b2f-.png\" alt=\"doctor, el mirar, ni\u00f1os, pierna\" itemprop=\"image\" height=\"500\" width=\"500\" title=\"M\u00e1scara Grupo 35@2x\" onerror=\"this.style.display='none'\"  \/>\n\t\t\t\t<\/a>\n\t\t<h3><a href=\"\/es\/recursos\/cuidado-de-la-salud\/\" target=\"_self\">Cuidado de la salud<\/a><\/h3>\t\n\t\t\t\t<a href=\"\/es\/recursos\/alimento\/\"  target=\"_self\" itemprop=\"url\">\n\t\t\t\t<img loading=\"lazy\" decoding=\"async\" src=\"https:\/\/211md.org\/wp-content\/uploads\/bb-plugin\/cache\/Mask-Group-32@2x-circle-1c6d647dcaf998fa079d26735cedc92b-.png\" alt=\"Vegetales frescos\" itemprop=\"image\" height=\"500\" width=\"500\" title=\"M\u00e1scara Grupo 32@2x\" onerror=\"this.style.display='none'\"  \/>\n\t\t\t\t<\/a>\n\t\t<h3><a href=\"\/es\/recursos\/alimento\/\" target=\"_self\">Alimento<\/a><\/h3>\t\n\t\t\t\t<a href=\"\/es\/recursos\/vivienda-refugio\/\"  target=\"_self\" itemprop=\"url\">\n\t\t\t\t<img loading=\"lazy\" decoding=\"async\" src=\"https:\/\/211md.org\/wp-content\/uploads\/bb-plugin\/cache\/Mask-Group-34@2x-circle-b99c55fc16ef21f35e2f2a1f7cc37b9a-.png\" alt=\"Balc\u00f3n del complejo de apartamentos\" itemprop=\"image\" height=\"500\" width=\"500\" title=\"Complejo de apartamentos\" onerror=\"this.style.display='none'\"  \/>\n\t\t\t\t<\/a>\n\t\t<h3><a href=\"\/es\/recursos\/vivienda-refugio\/\" target=\"_self\">Vivienda y refugio<\/a><\/h3>\t\n\t\t\t\t<a href=\"\/es\/recursos\/nuevo-en-los-estados-unidos-y-maryland\/\"  target=\"_self\" itemprop=\"url\">\n\t\t\t\t<img loading=\"lazy\" decoding=\"async\" src=\"https:\/\/211md.org\/wp-content\/uploads\/bb-plugin\/cache\/American-flag-circle-0016cc327e27ef7aeb080f1da6c6e98b-.jpg\" alt=\"nuevo en los estados unidos\" itemprop=\"image\" height=\"364\" width=\"1366\" title=\"Bandera estadounidense\" onerror=\"this.style.display='none'\"  \/>\n\t\t\t\t<\/a>\n\t\t<h3><a href=\"\/es\/recursos\/nuevo-en-los-estados-unidos-y-maryland\/\" target=\"_self\">Inmigraci\u00f3n<\/a><\/h3>\t\n\t\t\t\t<a href=\"\/es\/recursos\/ninos-familias\/parentesco\/\"  target=\"_self\" itemprop=\"url\">\n\t\t\t\t<img decoding=\"async\" src=\"https:\/\/211md.org\/wp-content\/uploads\/bb-plugin\/cache\/kinship-family-navigating-a-computer-circle-045fee9d587aefb20221bfea41a2cf9b-.png\" alt=\"familia de parentesco navegando en una computadora\" itemprop=\"image\" title=\"familia de parentesco navegando en una computadora\" onerror=\"this.style.display='none'\"  \/>\n\t\t\t\t<\/a>\n\t\t<h3><a href=\"\/es\/recursos\/ninos-familias\/parentesco\/\" target=\"_self\">Parentesco<\/a><\/h3>\t\n\t\t\t\t<a href=\"\/es\/recursos\/servicios-legales\/\"  target=\"_self\" itemprop=\"url\">\n\t\t\t\t<img loading=\"lazy\" decoding=\"async\" src=\"https:\/\/211md.org\/wp-content\/uploads\/bb-plugin\/cache\/Housing-Legal-circle-9a8f3c1c72c54b6e1ce612d2993c1ad4-.png\" alt=\"Martillo legal con un modelo de pl\u00e1stico de una casa al lado\" itemprop=\"image\" height=\"348\" width=\"460\" title=\"vivienda legal\" onerror=\"this.style.display='none'\"  \/>\n\t\t\t\t<\/a>\n\t\t<h3><a href=\"\/es\/recursos\/servicios-legales\/\" target=\"_self\">Servicios Legales<\/a><\/h3>\t\n\t\t\t\t<a href=\"\/es\/recursos\/salud-mental\/\"  target=\"_self\" itemprop=\"url\">\n\t\t\t\t<img loading=\"lazy\" decoding=\"async\" src=\"https:\/\/211md.org\/wp-content\/uploads\/bb-plugin\/cache\/Mask-Group-40@2x-circle-7bd9426367852fb3d841bc4bdc57a550-.png\" alt=\"Los perfiles de un hombre y una mujer\" itemprop=\"image\" height=\"500\" width=\"500\" title=\"M\u00e1scara Grupo 40@2x\" onerror=\"this.style.display='none'\"  \/>\n\t\t\t\t<\/a>\n\t\t<h3><a href=\"\/es\/recursos\/salud-mental\/\" target=\"_self\">Salud mental<\/a><\/h3>\t\n\t\t\t\t<a href=\"\/es\/recursos\/mdreentry\/\"  target=\"_self\" itemprop=\"url\">\n\t\t\t\t<img loading=\"lazy\" decoding=\"async\" src=\"https:\/\/211md.org\/wp-content\/uploads\/bb-plugin\/cache\/Diverse-group-of-community-members-circle-4457c114cd48613bc79a0fb50060319c-.jpg\" alt=\"Grupo diverso de miembros de la comunidad.\" itemprop=\"image\" height=\"800\" width=\"1200\" title=\"Grupo diverso de miembros de la comunidad.\" onerror=\"this.style.display='none'\"  \/>\n\t\t\t\t<\/a>\n\t\t<h3><a href=\"\/es\/recursos\/mdreentry\/\" target=\"_self\">Reentrada<\/a><\/h3>\t\n\t\t\t\t<a href=\"\/es\/para-el-odio\/\"  target=\"_self\" itemprop=\"url\">\n\t\t\t\t<img loading=\"lazy\" decoding=\"async\" src=\"https:\/\/211md.org\/wp-content\/uploads\/bb-plugin\/cache\/Background-section-MDStophate-circle-08e2bae1cf9f2ad6cc83e01e23da8cb9-.jpg\" alt=\"Fondo-secci\u00f3n-MDStophate\" itemprop=\"image\" height=\"768\" width=\"1366\" title=\"Fondo-secci\u00f3n-MDStophate\" onerror=\"this.style.display='none'\"  \/>\n\t\t\t\t<\/a>\n\t\t<h3><a href=\"\/es\/para-el-odio\/\" target=\"_self\">Los cr\u00edmenes y incidentes de odio<\/a><\/h3>\t\n\t\t\t\t<a href=\"\/es\/recursos\/consumo-de-sustancias\/\"  target=\"_self\" itemprop=\"url\">\n\t\t\t\t<img loading=\"lazy\" decoding=\"async\" src=\"https:\/\/211md.org\/wp-content\/uploads\/bb-plugin\/cache\/Substance-Use-circle-ad2d564932dc31267e0c32a6fb2d915c-.png\" alt=\"Pastillas para romper a mano\" itemprop=\"image\" height=\"500\" width=\"500\" title=\"Uso de sustancias\" onerror=\"this.style.display='none'\"  \/>\n\t\t\t\t<\/a>\n\t\t<h3><a href=\"\/es\/recursos\/consumo-de-sustancias\/\" target=\"_self\">Uso de sustancias<\/a><\/h3>\t\n\t\t\t\t<a href=\"\/es\/recursos\/servicios-de-impuestos\/\"  target=\"_self\" itemprop=\"url\">\n\t\t\t\t<img loading=\"lazy\" decoding=\"async\" src=\"https:\/\/211md.org\/wp-content\/uploads\/bb-plugin\/cache\/Mask-Group-34-circle-166a606e37e61188c9a17d5e634cda3c-.png\" alt=\"Persona que llena el papeleo del impuesto sobre la renta\" itemprop=\"image\" height=\"500\" width=\"500\" title=\"M\u00e1scara Grupo 34\" onerror=\"this.style.display='none'\"  \/>\n\t\t\t\t<\/a>\n\t\t<h3><a href=\"\/es\/recursos\/servicios-de-impuestos\/\" target=\"_self\">Servicios de Impuestos<\/a><\/h3>\t\n\t\t\t\t<a href=\"\/es\/recursos\/asistencia-de-servicios-publicos\/\"  target=\"_self\" itemprop=\"url\">\n\t\t\t\t<img loading=\"lazy\" decoding=\"async\" src=\"https:\/\/211md.org\/wp-content\/uploads\/bb-plugin\/cache\/Mask-Group-37@2x-circle-9661a11b9c4082079c9a1f06bc539567-.png\" alt=\"Una bombilla encendida\" itemprop=\"image\" height=\"500\" width=\"500\" title=\"M\u00e1scara Grupo 37@2x\" onerror=\"this.style.display='none'\"  \/>\n\t\t\t\t<\/a>\n\t\t<h3><a href=\"\/es\/recursos\/asistencia-de-servicios-publicos\/\" target=\"_self\">Asistencia de servicios p\u00fablicos<\/a><\/h3>\t\n\t\t\t\t<a href=\"\/es\/recursos\/veteranos\/\"  target=\"_self\" itemprop=\"url\">\n\t\t\t\t<img decoding=\"async\" src=\"https:\/\/211md.org\/wp-content\/uploads\/bb-plugin\/cache\/Veterans-circle-7c6972a59826c74f1f658f61df785fc3-.png\" alt=\"Un soldado estrechando la mano de alguien y sonriendo.\" itemprop=\"image\" title=\"veteranos\" onerror=\"this.style.display='none'\"  \/>\n\t\t\t\t<\/a>\n\t\t<h3><a href=\"\/es\/recursos\/veteranos\/\" target=\"_self\">veteranos<\/a><\/h3>","protected":false},"excerpt":{"rendered":"<p>La adicci\u00f3n es una enfermedad complicada del cerebro. En un entorno m\u00e9dico, es posible que escuche que la adicci\u00f3n se llama trastorno por uso de sustancias. Si bien es dif\u00edcil navegar en estas situaciones, es fundamental conseguir que una persona reciba la ayuda que necesita lo antes posible. Las personas tambi\u00e9n pueden tener problemas de salud mental u otros problemas de salud subyacentes. Y con la droga...<\/p>","protected":false},"author":7,"featured_media":3209,"parent":837,"menu_order":0,"comment_status":"closed","ping_status":"closed","template":"","meta":{"footnotes":""},"class_list":["post-3207","page","type-page","status-publish","has-post-thumbnail","hentry"],"_links":{"self":[{"href":"https:\/\/211md.org\/es\/wp-json\/wp\/v2\/pages\/3207","targetHints":{"allow":["GET"]}}],"collection":[{"href":"https:\/\/211md.org\/es\/wp-json\/wp\/v2\/pages"}],"about":[{"href":"https:\/\/211md.org\/es\/wp-json\/wp\/v2\/types\/page"}],"author":[{"embeddable":true,"href":"https:\/\/211md.org\/es\/wp-json\/wp\/v2\/users\/7"}],"replies":[{"embeddable":true,"href":"https:\/\/211md.org\/es\/wp-json\/wp\/v2\/comments?post=3207"}],"version-history":[{"count":3,"href":"https:\/\/211md.org\/es\/wp-json\/wp\/v2\/pages\/3207\/revisions"}],"predecessor-version":[{"id":33795,"href":"https:\/\/211md.org\/es\/wp-json\/wp\/v2\/pages\/3207\/revisions\/33795"}],"up":[{"embeddable":true,"href":"https:\/\/211md.org\/es\/wp-json\/wp\/v2\/pages\/837"}],"wp:featuredmedia":[{"embeddable":true,"href":"https:\/\/211md.org\/es\/wp-json\/wp\/v2\/media\/3209"}],"wp:attachment":[{"href":"https:\/\/211md.org\/es\/wp-json\/wp\/v2\/media?parent=3207"}],"curies":[{"name":"Gracias","href":"https:\/\/api.w.org\/{rel}","templated":true}]}}