{"id":3749,"date":"2023-04-18T10:47:02","date_gmt":"2023-04-18T14:47:02","guid":{"rendered":"https:\/\/211md.org\/?page_id=3749"},"modified":"2025-09-20T11:24:47","modified_gmt":"2025-09-20T15:24:47","slug":"cambiadores","status":"publish","type":"page","link":"https:\/\/211md.org\/es\/changing-tables\/","title":{"rendered":"Encuentre un cambiador en Maryland"},"content":{"rendered":"<img decoding=\"async\" src=\"https:\/\/stg-maryland211-staging.kinsta.cloud\/wp-content\/uploads\/2025\/08\/5-1-scaled.png\" alt=\"5\" itemprop=\"image\" height=\"692\" width=\"2560\" title=\"5\" onerror=\"this.style.display='none'\" loading=\"lazy\" \/>\n\t\t<h1><a href=\"#start\" target=\"_self\">Encabezado de p\u00e1gina predeterminado<\/a><\/h1><p>\u00bfEs un desaf\u00edo cambiar un pa\u00f1al en p\u00fablico o brindar atenci\u00f3n personal a un ni\u00f1o o un adulto?<\/p>\n<p>Los cambiadores y las instalaciones universales son accesibles para que los cuidadores puedan brindar la atenci\u00f3n que necesitan, independientemente de la altura o las necesidades espec\u00edficas del individuo.<\/p>\n<p>Encuentra uno cerca.<\/p>\n\t\t\t<a href=\"#start\" target=\"_self\">\n\t\t\t\t\t\tEmpezar\n\t\t\t\t\t<\/a>\n\t\t\t\t<img decoding=\"async\" src=\"https:\/\/211md.org\/wp-content\/plugins\/bb-plugin\/img\/pixel.png\" alt=\"\" itemprop=\"image\" onerror=\"this.style.display='none'\" loading=\"lazy\" \/>\n\t\t\t\t<img decoding=\"async\" src=\"https:\/\/stg-maryland211-staging.kinsta.cloud\/wp-content\/uploads\/2025\/08\/16.png\" alt=\"16\" itemprop=\"image\" height=\"1000\" width=\"1000\" title=\"16\" onerror=\"this.style.display='none'\" loading=\"lazy\" \/>\n\t\t\t\t<img decoding=\"async\" src=\"https:\/\/211md.org\/wp-content\/uploads\/2023\/04\/Changing-Table-at-Southern-Regional-Aquatic-Wellness-Center.jpg\" alt=\"Cambiador en el Centro Regional de Bienestar Acu\u00e1tico del Sur\" itemprop=\"image\" height=\"800\" width=\"1200\" title=\"Cambiador en el Centro Regional de Bienestar Acu\u00e1tico del Sur\" onerror=\"this.style.display='none'\" loading=\"lazy\" \/>\n\t\tCortes\u00eda: Departamento de Parques y Recreaci\u00f3n del Condado de Prince George\n\t<h2>D\u00f3nde encontrar cambiadores universales<\/h2>\n<p>211 ayuda a los cuidadores a localizar estas instalaciones en lugares p\u00fablicos en todo Maryland.<\/p>\n<p>Est\u00e1n ubicados en:<\/p>\n<ul>\n<li>parques<\/li>\n<li>centros de recreaci\u00f3n<\/li>\n<li>Instalaciones de transporte p\u00fablico masivo (estaci\u00f3n de autobuses o aeropuerto)<\/li>\n<\/ul>\n<p>A partir de octubre de 2022, <a href=\"https:\/\/mgaleg.maryland.gov\/2021RS\/Chapters_noln\/CH_224_sb0061t.pdf\" target=\"_blank\" rel=\"noopener\">Ley de Maryland<\/a> requiere esta opci\u00f3n de accesibilidad para edificios nuevos y ciertos edificios renovados con ba\u00f1os p\u00fablicos.<\/p>\n<p>Las agencias son responsables de reportar la informaci\u00f3n al 211.<\/p>\n<p>Si desea agregar una instalaci\u00f3n, env\u00ede un correo electr\u00f3nico a <a href=\"mailto:resources@211md.org\">resources@211md.org<\/a>.<\/p>\n\t\t\t<a href=\"mailto:%20resources@211md.org\" target=\"_blank\" rel=\"noopener\">\n\t\t\t\t\t\tA\u00f1adir cambiador\n\t\t\t\t\t<\/a>\n\t<h2>Lista de vestuarios<\/h2>\n<p>Aqu\u00ed es donde puedes encontrar estas instalaciones accesibles para cambiarse en Maryland.<\/p>\n<h3>Condado de Anne Arundel<\/h3>\n<p>En el condado de Anne Arundel, los viajeros pueden encontrar un cambiador en el aeropuerto.<\/p>\n<h4>Aeropuerto de Baltimore-Washington<\/h4>\n<ul>\n<li>Direcci\u00f3n: 7050 Amistad Rd, Baltimore MD 21240<\/li>\n<li>Notas sobre la ubicaci\u00f3n: Antes del control de seguridad en la Terminal A, dentro del control de seguridad entre las Terminales B y C, En la Sala D junto a la puerta D7<\/li>\n<li><a href=\"http:\/\/www.bwiairport.com\/flying-with-us\/accessibility\" target=\"_blank\" rel=\"noopener\">Sitio web<\/a><\/li>\n<li>Tel\u00e9fono: 410-859-7242<\/li>\n<li>Correo electr\u00f3nico: adabwi@bwiairport.com<\/li>\n<li>Caracter\u00edsticas:\n<ul>\n<li>N\u00famero de vestuarios para adultos: 3<\/li>\n<li>Altura ajustable: NO<\/li>\n<li>Ba\u00f1o individual\/neutral\/familiar: S\u00cd<\/li>\n<li>Cabezal de ducha de mano\/instalaci\u00f3n de ducha: NO<\/li>\n<li>Capacidad de peso: N\/D<\/li>\n<\/ul>\n<\/li>\n<\/ul>\n\t\t\t\t<img decoding=\"async\" src=\"https:\/\/211md.org\/wp-content\/uploads\/2024\/03\/Gary-J.-Arthur-Community-Center-Changing-Facility-with-tract-lift--300x400.jpg\" alt=\"Centro Comunitario Gary J. Arthur Vestuario con Tract Lift\" itemprop=\"image\" height=\"400\" width=\"300\" title=\"Vestuario del Centro Comunitario Gary J. Arthur con elevador de tracto\" onerror=\"this.style.display='none'\" loading=\"lazy\" \/>\n\t<h3>Condado de Howard<\/h3>\n<p>En el condado de Howard, varios centros comunitarios y culturales cuentan con cambiadores. Entre ellos se incluyen:<\/p>\n<ul>\n<li>Centro Comunitario Gary J. Arthur<\/li>\n<li>Centro Cultural Harriet Tubman<\/li>\n<li>Centro comunitario North Laurel<\/li>\n<\/ul>\n<h4>Centro Comunitario Gary J. Arthur<\/h4>\n<ul>\n<li>Direcci\u00f3n: 2400 MD-97, Cooksville, MD<\/li>\n<li>Notas de ubicaci\u00f3n: ubicado en el pasillo principal en el centro<\/li>\n<li><a href=\"https:\/\/www.howardcountymd.gov\/recreation-parks\/gary-j-arthur-community-center\" target=\"_blank\" rel=\"noopener\">Sitio web<\/a>\u00a0<\/li>\n<li>Tel\u00e9fono: 410-313-4840<\/li>\n<li>Correo electr\u00f3nico: <a href=\"mailto:spotts@howardcountymd.gov\">spotts@howardcountymd.gov<\/a><\/li>\n<li>Caracter\u00edsticas:\n<ul>\n<li>N\u00famero de vestuarios para adultos: 1<\/li>\n<li>Altura regulable: SI<\/li>\n<li>Ba\u00f1o individual\/neutral\/familiar: S\u00cd (2)<\/li>\n<li>Cabezal de ducha de mano\/ducha con elevaci\u00f3n por riel superior: S\u00cd<\/li>\n<li>Capacidad de peso: 500 lb.<\/li>\n<\/ul>\n<\/li>\n<\/ul>\n\t\t\t\t<img decoding=\"async\" src=\"https:\/\/211md.org\/wp-content\/plugins\/bb-plugin\/img\/pixel.png\" alt=\"\" itemprop=\"image\" onerror=\"this.style.display='none'\" loading=\"lazy\" \/>\n\t<h4>Centro Cultural Harriet Tubman<\/h4>\n<ul>\n<li>Direcci\u00f3n: 8045 Harriet Tubman Lane, Columbia, MD 21044<\/li>\n<li>Notas de ubicaci\u00f3n: ubicado en el pasillo principal en el centro<\/li>\n<li><a href=\"https:\/\/www.howardcountymd.gov\/htcc\" target=\"_blank\" rel=\"noopener\">Sitio web<\/a><\/li>\n<li>Tel\u00e9fono: 410-313-0860<\/li>\n<li>Correo electr\u00f3nico: <a href=\"mailto:spotts@howardcountymd.gov\">spotts@howardcountymd.gov<\/a><\/li>\n<li>Caracter\u00edsticas:\n<ul>\n<li>N\u00famero de vestuarios para adultos: 1<\/li>\n<li>Altura regulable: SI<\/li>\n<li>Ba\u00f1o individual\/neutral\/familiar: S\u00cd (2)<\/li>\n<li>Cabezal de ducha de mano\/instalaci\u00f3n de ducha: NO<\/li>\n<li>Capacidad de peso: 500 lb.<\/li>\n<\/ul>\n<\/li>\n<\/ul>\n\t\t\t\t<img decoding=\"async\" src=\"https:\/\/211md.org\/wp-content\/uploads\/2023\/04\/Harriet-Tubman-Cultural-Center-Changing-Table.jpg\" alt=\"Cambiador del Centro Cultural Harriet Tubman\" itemprop=\"image\" height=\"800\" width=\"1200\" title=\"Cambiador del Centro Cultural Harriet Tubman\" onerror=\"this.style.display='none'\" loading=\"lazy\" \/>\n\t\tCortes\u00eda: Departamento de Recreaci\u00f3n y Parques del Condado de Howard\n\t\t\t\t<img decoding=\"async\" src=\"https:\/\/211md.org\/wp-content\/uploads\/2023\/04\/Bathroom-with-changing-table-at-North-Laurel-Community-Center.jpg\" alt=\"Ba\u00f1o con cambiador en North Laurel Community Center\" itemprop=\"image\" height=\"800\" width=\"1200\" title=\"Ba\u00f1o con cambiador en North Laurel Community Center\" onerror=\"this.style.display='none'\" loading=\"lazy\" \/>\n\t\tCortes\u00eda: Departamento de Recreaci\u00f3n y Parques del Condado de Howard\n\t<h4>Norte<strong> Centro Comunitario Laurel<\/strong><\/h4>\n<ul>\n<li>Direcci\u00f3n: 9411 Whisky Bottom Road, Laurel MD 20723<\/li>\n<li>Notas de ubicaci\u00f3n: ubicado en el pasillo principal en el centro<\/li>\n<li><a href=\"https:\/\/www.howardcountymd.gov\/nlcc\" target=\"_blank\" rel=\"noopener\">Sitio web<\/a><\/li>\n<li>Tel\u00e9fono: 410-313-0390<\/li>\n<li>Correo electr\u00f3nico: <a href=\"mailto:spotts@howardcountymd.gov\">spotts@howardcountymd.gov<\/a><\/li>\n<li>Caracter\u00edsticas:\n<ul>\n<li>N\u00famero de vestuarios para adultos: 1<\/li>\n<li>Altura regulable: SI<\/li>\n<li>Ba\u00f1o individual\/neutral\/familiar: S\u00cd (2)<\/li>\n<li>Cabezal de ducha de mano\/instalaci\u00f3n de ducha: NO<\/li>\n<li>Capacidad de peso: 500 lb.<\/li>\n<\/ul>\n<\/li>\n<\/ul>\n\t<h3>Condado de Montgomery<\/h3>\n<p>Encuentre el cambiador universal en el condado de Montgomery.<\/p>\n<h4>Teatro F. Scott Fitzgerald en el Parque del Centro C\u00edvico de Rockville<\/h4>\n<ul>\n<li>Direcci\u00f3n: 603 Edmonston Drive, Rockville, MD 20851<\/li>\n<li>Notas de ubicaci\u00f3n: Ubicado en el ba\u00f1o familiar\/neutral en cuanto a g\u00e9nero, junto al vest\u00edbulo del piso principal.<\/li>\n<li><a href=\"https:\/\/www.rockvillemd.gov\/382\/F-Scott-Fitzgerald-Theatre\" target=\"_blank\" rel=\"noopener\">Sitio web<\/a><\/li>\n<li>Tel\u00e9fono: 240-314-8690; Maryland Relay 7-1-1 para clientes sordos, con dificultades auditivas o con discapacidad del habla.<\/li>\n<li>Correo electr\u00f3nico:\u00a0<u><a title=\"mailto:theatre@rockvillemd.gov\" href=\"mailto:theatre@rockvillemd.gov\" data-linkindex=\"21\">theatre@rockvillemd.gov<\/a><\/u><\/li>\n<li>\u00a0Caracter\u00edsticas:\n<ul>\n<li>N\u00famero de vestuarios para adultos: 1<\/li>\n<li>Altura regulable: SI<\/li>\n<li>Ba\u00f1o individual\/neutral\/familiar: S\u00cd<\/li>\n<li>Cabezal de ducha de mano\/instalaci\u00f3n de ducha: NO<\/li>\n<li>Elevador\/gr\u00faa de techo: NO<\/li>\n<li>Capacidad de peso: 500 libras.<\/li>\n<\/ul>\n<\/li>\n<\/ul>\n\t<h3>Condado de Prince George<\/h3>\n<p>En el condado de Prince George, los cambiadores est\u00e1n en:<\/p>\n<ul>\n<li>Centro comunitario de Marlow Heights<\/li>\n<li>Centro Regional de Bienestar Acu\u00e1tico Sur<\/li>\n<li>Complejo Acu\u00e1tico y Recreativo del \u00c1rea Sur<\/li>\n<\/ul>\n<h4>Centro comunitario de Marlow Heights<\/h4>\n<ul>\n<li>Direcci\u00f3n f\u00edsica: 2800 Saint Claire Drive, Temple Hills, MD 20748<\/li>\n<li>Notas de ubicaci\u00f3n: Fuera de la sala multiusos A<\/li>\n<li><u><a id=\"OWA74e1bdd9-939f-26ac-528c-76ef36bd5334\" title=\"https:\/\/www.pgparks.com\/facilities\/marlow-heights-community-center-community-center\" href=\"https:\/\/www.pgparks.com\/facilities\/marlow-heights-community-center\" data-auth=\"NotApplicable\" target=\"_blank\" rel=\"noopener\">Sitio web<\/a><\/u><\/li>\n<li>Tel\u00e9fono: 301-423-0505; Maryland Relay 7-1-1 para clientes sordos, con problemas de audici\u00f3n o con discapacidad del habla.<\/li>\n<li>Correo electr\u00f3nico:\u00a0<u><a id=\"OWA126ee38b-7b28-cb25-0846-ed787bdefdff\" title=\"mailto:DisabilityServices@pgparks.com\" href=\"mailto:DisabilityServices@pgparks.com\">DisabilityServices@pgparks.com<\/a><\/u><\/li>\n<li>\u00a0Caracter\u00edsticas:\n<ul>\n<li>N\u00famero de adultos<\/li>\n<li>Altura regulable: SI<\/li>\n<li>Ba\u00f1o individual\/neutral\/familiar: S\u00cd<\/li>\n<li>Cabezal de ducha de mano\/instalaci\u00f3n de ducha: NO<\/li>\n<li>Elevador\/gr\u00faa de techo: No<\/li>\n<li>Capacidad de peso: 500 lb.<\/li>\n<\/ul>\n<\/li>\n<\/ul>\n\t\t\t\t<img decoding=\"async\" src=\"http:\/\/211md.org\/wp-content\/uploads\/2025\/07\/Marlow-Heights-Community-Center-Changing-Table.jpg\" alt=\"Cambiador de pa\u00f1ales del Centro Comunitario de Marlow Heights\" itemprop=\"image\" title=\"Cambiador de pa\u00f1ales del Centro Comunitario de Marlow Heights\" onerror=\"this.style.display='none'\" loading=\"lazy\" \/>\n\t\tCortes\u00eda: Departamento de Recreaci\u00f3n y Parques del Condado de Prince George\n\t\t\t\t<img decoding=\"async\" src=\"https:\/\/211md.org\/wp-content\/uploads\/2023\/04\/Universal-Changing-Table-up-against-wall.jpg\" alt=\"Cambiador universal adosado a la pared\" itemprop=\"image\" height=\"800\" width=\"1200\" title=\"Cambiador universal contra la pared\" onerror=\"this.style.display='none'\" loading=\"lazy\" \/>\n\t\tCortes\u00eda: Departamento de Parques y Recreaci\u00f3n del Condado de Prince George\n\t<h4>Centro Regional de Bienestar Acu\u00e1tico Sur<\/h4>\n<ul>\n<li>Direcci\u00f3n f\u00edsica: 7011 Bock Road, Fort Washington, MD 20744<\/li>\n<li>Notas sobre la ubicaci\u00f3n: Fuera del centro acu\u00e1tico\/vest\u00edbulo de la piscina.<\/li>\n<li><a href=\"https:\/\/www.pgparks.com\/5117\/Southern-Regional-Aquatic-Wellness-Cente\" target=\"_blank\" rel=\"noopener\">Sitio web<\/a><\/li>\n<li>Tel\u00e9fono: 301-749-4180; Maryland Relay 7-1-1 para clientes sordos, con dificultades auditivas o del habla.<\/li>\n<li>Correo electr\u00f3nico: AdaptedAquatics@pgparks.com<\/li>\n<li>Caracter\u00edsticas\n<ul>\n<li>N\u00famero de vestuarios para adultos: 1<\/li>\n<li>Altura regulable: SI<\/li>\n<li>Ba\u00f1o individual\/neutral\/familiar: S\u00cd<\/li>\n<li>Cabezal de ducha de mano\/instalaci\u00f3n de ducha: S\u00cd<\/li>\n<li>Capacidad de peso: 484 lb.<\/li>\n<\/ul>\n<\/li>\n<\/ul>\n\t<h4>Complejo Acu\u00e1tico y Recreativo del \u00c1rea Sur<\/h4>\n<ul>\n<li data-olk-copy-source=\"MessageBody\">Direcci\u00f3n f\u00edsica: 13601 Missouri Ave, Brandywine, MD 20613<\/li>\n<li>Notas de ubicaci\u00f3n: Fuera del vest\u00edbulo principal, cerca de la entrada de la piscina.<\/li>\n<li><a title=\"https:\/\/pgparks.com\/facilities\/southern-area-aquatic-and-recreation-complex\" href=\"https:\/\/pgparks.com\/facilities\/southern-area-aquatic-and-recreation-complex\" target=\"_blank\" rel=\"noopener\" data-auth=\"NotApplicable\" data-linkindex=\"2\">Sitio web<\/a><\/li>\n<li>Tel\u00e9fono: 301-782-1442; Maryland Relay 7-1-1 para clientes sordos, con problemas de audici\u00f3n o con discapacidad del habla.<\/li>\n<li>Correo electr\u00f3nico:\u00a0<a title=\"mailto:DisabilityServices@pgparks.com\" href=\"mailto:DisabilityServices@pgparks.com\" data-linkindex=\"3\">DisabilityServices@pgparks.com<\/a>\n<ul type=\"circle\">\n<li>Caracter\u00edsticas:<\/li>\n<li>N\u00famero de vestuarios para adultos: 1<\/li>\n<li>Altura regulable: SI<\/li>\n<li>Ba\u00f1o individual\/neutral\/familiar: S\u00cd<\/li>\n<li>Cabezal de ducha de mano\/instalaci\u00f3n de ducha: S\u00cd<\/li>\n<li>Elevador\/Gr\u00faa de techo: S\u00cd (traiga su propia eslinga)<\/li>\n<li>Capacidad de peso: 500 lb.<\/li>\n<\/ul>\n<\/li>\n<\/ul>\n\t\t\t\t<img decoding=\"async\" src=\"https:\/\/211md.org\/wp-content\/uploads\/2025\/01\/Southern-Area-Aquatics-and-Recreation-Complex-Changing-Table.jpg\" alt=\"Mesa cambiadora del complejo acu\u00e1tico y recreativo del \u00e1rea sur\" itemprop=\"image\" height=\"800\" width=\"1200\" title=\"Mesa cambiadora del complejo acu\u00e1tico y recreativo del \u00e1rea sur\" onerror=\"this.style.display='none'\" loading=\"lazy\" \/>\n\t\tCortes\u00eda: Departamento de Parques y Recreaci\u00f3n del Condado de Prince George\n<h2>\n\t\t\tInformaci\u00f3n relacionada\t<\/h2>\n\t\t<h4><a href=\"\/es\/recursos\/envejecimiento-discapacidad\/\" target=\"_self\">Envejecimiento y discapacidad<\/a><\/h4>\n\t\t\t\t<a href=\"\/es\/recursos\/envejecimiento-discapacidad\/\"  target=\"_self\" itemprop=\"url\">\n\t\t\t\t<img decoding=\"async\" src=\"https:\/\/211md.org\/wp-content\/uploads\/bb-plugin\/cache\/2025_MdInfoNet_Icon-Sets_Aging-disability-square-c466727102cae71e5f27b8539bb51945-.png\" alt=\"2025_MdInfoNet_Conjuntos de iconos_Envejecimiento-discapacidad\" itemprop=\"image\" title=\"2025_MdInfoNet_Conjuntos de iconos_Envejecimiento-discapacidad\" onerror=\"this.style.display='none'\" loading=\"lazy\" \/>\n\t\t\t\t<\/a>\n\t\t<h4><a href=\"https:\/\/211md.org\/es\/recursos\/ninos-familias\/\" target=\"_blank\" rel=\"noopener\">Ni\u00f1os y familias<\/a><\/h4>\n\t\t\t\t<a href=\"https:\/\/211md.org\/es\/recursos\/ninos-familias\/\" target=\"_blank\" rel=\"noopener\" itemprop=\"url\">\n\t\t\t\t<img decoding=\"async\" src=\"https:\/\/211md.org\/wp-content\/uploads\/bb-plugin\/cache\/2025_211_Icon-Sets_Child-care-square-a8953c7678f51ed443764342b64ee948-.png\" alt=\"2025_211_Conjuntos de iconos_Cuidado infantil\" itemprop=\"image\" title=\"2025_211_Conjuntos de iconos_Cuidado infantil\" onerror=\"this.style.display='none'\" loading=\"lazy\" \/>\n\t\t\t\t<\/a>\n\t\t<h4><a href=\"\/es\/recursos\/violencia-domestica-familiar\/\" target=\"_self\">Violencia dom\u00e9stica<\/a><\/h4>\n\t\t\t\t<a href=\"\/es\/recursos\/violencia-domestica-familiar\/\"  target=\"_self\" itemprop=\"url\">\n\t\t\t\t<img decoding=\"async\" src=\"https:\/\/211md.org\/wp-content\/uploads\/bb-plugin\/cache\/2025_211_Icon-Sets_Domestic-Violence-square-e6e48b12d9d44dadd394e0d40debfd96-.png\" alt=\"Icono de violencia dom\u00e9stica\" itemprop=\"image\" title=\"2025_211_Conjuntos de iconos_Violencia dom\u00e9stica\" onerror=\"this.style.display='none'\" loading=\"lazy\" \/>\n\t\t\t\t<\/a>\n\t\t<h4><a href=\"\/es\/recursos\/busqueda-de-empleo\/\" target=\"_self\">Empleo<\/a><\/h4>\n\t\t\t\t<a href=\"\/es\/recursos\/busqueda-de-empleo\/\"  target=\"_self\" itemprop=\"url\">\n\t\t\t\t<img decoding=\"async\" src=\"https:\/\/211md.org\/wp-content\/uploads\/bb-plugin\/cache\/2025_MdInfoNet_Icon-Sets_Employment-square-44707bd410e4df10a470bf130ebcea86-.png\" alt=\"2025_MdInfoNet_Conjuntos de iconos_Empleo\" itemprop=\"image\" title=\"2025_MdInfoNet_Conjuntos de iconos_Empleo\" onerror=\"this.style.display='none'\" loading=\"lazy\" \/>\n\t\t\t\t<\/a>\n\t\t<h4><a href=\"\/es\/recursos\/cuidado-de-la-salud\/\" target=\"_self\">Cuidado de la salud<\/a><\/h4>\n\t\t\t\t<a href=\"\/es\/recursos\/cuidado-de-la-salud\/\"  target=\"_self\" itemprop=\"url\">\n\t\t\t\t<img decoding=\"async\" src=\"https:\/\/211md.org\/wp-content\/uploads\/bb-plugin\/cache\/2025_MdInfoNet_Icon-Sets_Health-Care-square-dee98a0060cbe0e7f27eda253fc12679-.png\" alt=\"2025_MdInfoNet_Conjuntos de iconos_Atenci\u00f3n m\u00e9dica\" itemprop=\"image\" title=\"2025_MdInfoNet_Conjuntos de iconos_Atenci\u00f3n m\u00e9dica\" onerror=\"this.style.display='none'\" loading=\"lazy\" \/>\n\t\t\t\t<\/a>\n\t\t<h4><a href=\"\/es\/recursos\/ninos-familias\/parentesco\/\" target=\"_self\">Parentesco<\/a><\/h4>\n\t\t\t\t<a href=\"\/es\/recursos\/ninos-familias\/parentesco\/\"  target=\"_self\" itemprop=\"url\">\n\t\t\t\t<img decoding=\"async\" src=\"https:\/\/211md.org\/wp-content\/uploads\/bb-plugin\/cache\/2025_211_Icon-Sets_Kinship-square-21d4c353354c53c083c80118abb066f2-.png\" alt=\"Icono de parentesco\" itemprop=\"image\" title=\"2025_211_Conjuntos de iconos_Parentesco\" onerror=\"this.style.display='none'\" loading=\"lazy\" \/>\n\t\t\t\t<\/a>\n\t\t<h4><a href=\"\/es\/recursos\/servicios-legales\/\" target=\"_self\">Servicios Legales<\/a><\/h4>\n\t\t\t\t<a href=\"\/es\/recursos\/servicios-legales\/\"  target=\"_self\" itemprop=\"url\">\n\t\t\t\t<img decoding=\"async\" src=\"https:\/\/211md.org\/wp-content\/uploads\/bb-plugin\/cache\/2025_MdInfoNet_Icon-Sets_Legal-square-18fdf438feb8435588174d9046463257-.png\" alt=\"2025_MdInfoNet_Conjuntos de iconos_Legal\" itemprop=\"image\" title=\"2025_MdInfoNet_Conjuntos de iconos_Legal\" onerror=\"this.style.display='none'\" loading=\"lazy\" \/>\n\t\t\t\t<\/a>\n\t\t<h4><a href=\"\/es\/recursos\/salud-mental\/\" target=\"_self\">Salud mental<\/a><\/h4>\n\t\t\t\t<a href=\"\/es\/recursos\/salud-mental\/\"  target=\"_self\" itemprop=\"url\">\n\t\t\t\t<img decoding=\"async\" src=\"https:\/\/211md.org\/wp-content\/uploads\/bb-plugin\/cache\/2025_MdInfoNet_Icon-Sets_Mental-Health-square-c59b38c4a993a947d4c9280fbe2d2fee-.png\" alt=\"2025_MdInfoNet_Conjuntos de iconos_Salud mental\" itemprop=\"image\" title=\"2025_MdInfoNet_Conjuntos de iconos_Salud mental\" onerror=\"this.style.display='none'\" loading=\"lazy\" \/>\n\t\t\t\t<\/a>\n\t\t<h4><a href=\"\/es\/recursos\/mdreentry\/\" target=\"_self\">Reentrada<\/a><\/h4>\n\t\t\t\t<a href=\"\/es\/recursos\/mdreentry\/\"  target=\"_self\" itemprop=\"url\">\n\t\t\t\t<img decoding=\"async\" src=\"https:\/\/211md.org\/wp-content\/uploads\/bb-plugin\/cache\/2025_211_Icon-Sets_Reentry-square-f36b65d903a62fd4c3819ff05988ca60-.png\" alt=\"Icono de reentrada\" itemprop=\"image\" title=\"2025_211_Conjuntos de iconos_Reentrada\" onerror=\"this.style.display='none'\" loading=\"lazy\" \/>\n\t\t\t\t<\/a>\n\t\t<h4><a href=\"\/es\/recursos\/consumo-de-sustancias\/\" target=\"_self\">Uso de sustancias<\/a><\/h4>\n\t\t\t\t<a href=\"\/es\/recursos\/consumo-de-sustancias\/\"  target=\"_self\" itemprop=\"url\">\n\t\t\t\t<img decoding=\"async\" src=\"https:\/\/211md.org\/wp-content\/uploads\/bb-plugin\/cache\/2025_MdInfoNet_Icon-Sets_Substance-Abuse-square-9022fec9d18a64118ad685c101885b55-.png\" alt=\"2025_MdInfoNet_Conjuntos de iconos_Abuso de sustancias\" itemprop=\"image\" title=\"2025_MdInfoNet_Conjuntos de iconos_Abuso de sustancias\" onerror=\"this.style.display='none'\" loading=\"lazy\" \/>\n\t\t\t\t<\/a>\n\t\t<h4><a href=\"\/es\/recursos\/veteranos\/\" target=\"_self\">veteranos<\/a><\/h4>\n\t\t\t\t<a href=\"\/es\/recursos\/veteranos\/\"  target=\"_self\" itemprop=\"url\">\n\t\t\t\t<img decoding=\"async\" src=\"https:\/\/211md.org\/wp-content\/uploads\/bb-plugin\/cache\/2025_MdInfoNet_Icon-Sets_Rating-square-6e60d00cce4faa8e0a6d4ad7366aa733-.png\" alt=\"2025_MdInfoNet_Conjuntos de iconos_Calificaci\u00f3n\" itemprop=\"image\" title=\"2025_MdInfoNet_Conjuntos de iconos_Calificaci\u00f3n\" onerror=\"this.style.display='none'\" loading=\"lazy\" \/>\n\t\t\t\t<\/a>","protected":false},"excerpt":{"rendered":"<p>Encabezado de p\u00e1gina predeterminado: \u00bfLe resulta dif\u00edcil cambiar pa\u00f1ales en p\u00fablico o cuidar a un ni\u00f1o o adulto? Hay cambiadores universales y servicios accesibles para que los cuidadores puedan brindar la atenci\u00f3n que necesitan, independientemente de la altura o las necesidades espec\u00edficas de la persona. Encuentre uno cerca. Comience. Cortes\u00eda del Departamento de\u2026 del Condado de Prince George.<\/p>","protected":false},"author":7,"featured_media":3751,"parent":0,"menu_order":0,"comment_status":"closed","ping_status":"closed","template":"","meta":{"footnotes":""},"class_list":["post-3749","page","type-page","status-publish","has-post-thumbnail","hentry"],"_links":{"self":[{"href":"https:\/\/211md.org\/es\/wp-json\/wp\/v2\/pages\/3749","targetHints":{"allow":["GET"]}}],"collection":[{"href":"https:\/\/211md.org\/es\/wp-json\/wp\/v2\/pages"}],"about":[{"href":"https:\/\/211md.org\/es\/wp-json\/wp\/v2\/types\/page"}],"author":[{"embeddable":true,"href":"https:\/\/211md.org\/es\/wp-json\/wp\/v2\/users\/7"}],"replies":[{"embeddable":true,"href":"https:\/\/211md.org\/es\/wp-json\/wp\/v2\/comments?post=3749"}],"version-history":[{"count":9,"href":"https:\/\/211md.org\/es\/wp-json\/wp\/v2\/pages\/3749\/revisions"}],"predecessor-version":[{"id":33847,"href":"https:\/\/211md.org\/es\/wp-json\/wp\/v2\/pages\/3749\/revisions\/33847"}],"wp:featuredmedia":[{"embeddable":true,"href":"https:\/\/211md.org\/es\/wp-json\/wp\/v2\/media\/3751"}],"wp:attachment":[{"href":"https:\/\/211md.org\/es\/wp-json\/wp\/v2\/media?parent=3749"}],"curies":[{"name":"Gracias","href":"https:\/\/api.w.org\/{rel}","templated":true}]}}