{"id":3758,"date":"2023-05-01T11:24:18","date_gmt":"2023-05-01T15:24:18","guid":{"rendered":"https:\/\/211md.org\/?page_id=3758"},"modified":"2025-09-11T08:53:11","modified_gmt":"2025-09-11T12:53:11","slug":"apoyo-adolescente","status":"publish","type":"page","link":"https:\/\/211md.org\/es\/resources\/mental-health\/teen-support\/","title":{"rendered":"C\u00f3mo los padres y cuidadores pueden apoyar la salud mental de los adolescentes"},"content":{"rendered":"<img decoding=\"async\" src=\"https:\/\/stg-maryland211-staging.kinsta.cloud\/wp-content\/uploads\/2025\/08\/5-1-scaled.png\" alt=\"5\" itemprop=\"image\" height=\"692\" width=\"2560\" title=\"5\" onerror=\"this.style.display='none'\" loading=\"lazy\" \/>\n\t\t<h1><a href=\"#start\" target=\"_self\">Encabezado de p\u00e1gina predeterminado<\/a><\/h1><p>Cuando la salud mental de un adolescente es fuerte, puede manejar los altibajos emocionales que conlleva explorar su mundo. <\/p>\n<p>Hay ayuda disponible para problemas de salud mental. Aprenda a apoyar a los adolescentes en su vida.\u00a0<\/p>\n\t\t\t<a href=\"#start\" target=\"_self\">\n\t\t\t\t\t\tEmpezar\n\t\t\t\t\t<\/a>\n\t\t\t\t<img decoding=\"async\" src=\"https:\/\/211md.org\/wp-content\/plugins\/bb-plugin\/img\/pixel.png\" alt=\"\" itemprop=\"image\" onerror=\"this.style.display='none'\" loading=\"lazy\" \/>\n\t\t\t\t<img decoding=\"async\" src=\"https:\/\/stg-maryland211-staging.kinsta.cloud\/wp-content\/uploads\/2025\/08\/16.png\" alt=\"16\" itemprop=\"image\" height=\"1000\" width=\"1000\" title=\"16\" onerror=\"this.style.display='none'\" loading=\"lazy\" \/>\n\t\t\t\t<img decoding=\"async\" src=\"http:\/\/211md.org\/wp-content\/uploads\/2023\/04\/Lonely-teen-by-himself-at-school.png\" alt=\"Un adolescente solitario en la escuela\" itemprop=\"image\" title=\"Un adolescente solitario en la escuela\" onerror=\"this.style.display='none'\" loading=\"lazy\" \/>\n\t<h2>C\u00f3mo encontrar ayuda para la salud mental de los adolescentes<\/h2>\n<p>El apoyo adecuado en el momento adecuado puede ayudar a un adolescente a prosperar y prevenir problemas con el aprendizaje, las relaciones o <a href=\"https:\/\/211md.org\/es\/recursos\/consumo-de-sustancias\/\">sustancias nocivas<\/a>.<\/p>\n<p>Hay ayuda disponible en Maryland a trav\u00e9s de:<\/p>\n<ul>\n<li>el <a href=\"https:\/\/988min.org\/\" target=\"_blank\" rel=\"noopener\">l\u00ednea directa 988<\/a> (Apoyo en caso de crisis). Llama o env\u00eda un mensaje de texto al 988, o <a href=\"https:\/\/988lifeline.org\/chat\/\" target=\"_blank\" rel=\"noopener\">chat en ingles<\/a> o <a href=\"https:\/\/988lifeline.org\/es\/chat\/\" target=\"_blank\" rel=\"noopener\">espa\u00f1ol<\/a>.<\/li>\n<li>Proveedores de atenci\u00f3n primaria, como su pediatra o m\u00e9dico de familia.<\/li>\n<li>consejeros escolares<\/li>\n<li>211 programa de mensajes de texto para adolescentes llamado <a href=\"https:\/\/211md.org\/es\/about\/mensajes-de-texto\/mdyoungminds\/\">MDYoungMinds<\/a><\/li>\n<li>programas de apoyo de telesalud<\/li>\n<li>profesionales de la salud mental, como consejeros, trabajadores sociales, psiquiatras o psic\u00f3logos<\/li>\n<\/ul>\n<p>Tambi\u00e9n puede buscar proveedores de salud mental en la base de datos de salud conductual del estado, impulsada por la Red de Informaci\u00f3n de Maryland.<\/p>\n\t\t\t<a href=\"https:\/\/search.988.mdinfonet.org\/\" target=\"_blank\" rel=\"noopener\">\n\t\t\t\t\t\t\tBusque un proveedor de salud mental\n\t\t\t\t\t<\/a>\n\t<h2>\u00bfNecesito hablar?\u00a0<\/h2>\n<p>&nbsp;<\/p>\n\t<h2>Llame o env\u00ede un mensaje de texto al 988<\/h2>\n\t\t\t<a href=\"https:\/\/988lifeline.org\/chat\/\" target=\"_blank\" rel=\"noopener\">\n\t\t\t\t\t\t\tChatear ahora (ingl\u00e9s)\n\t\t\t\t\t<\/a>\n\t\t\t<a href=\"https:\/\/988lifeline.org\/es\/chat\/\" target=\"_blank\" rel=\"noopener\">\n\t\t\t\t\t\t\tChatea Ahora (English)\n\t\t\t\t\t<\/a>\n\t<p>Cualquier persona que necesite ayuda con necesidades de salud mental o relacionadas con el uso de sustancias puede llamar al 988. <a href=\"https:\/\/988min.org\/\" target=\"_blank\" rel=\"noopener\">M\u00e1s informaci\u00f3n sobre 988 en Maryland<\/a>.<\/p>\n\t<h2>Se\u00f1ales de advertencia<\/h2>\n<p>En muchos ni\u00f1os, los problemas de salud mental pasan desapercibidos o no reciben ayuda. Conocer las se\u00f1ales puede ayudar al adolescente a buscar ayuda.<\/p>\n<p><a href=\"https:\/\/pubmed.ncbi.nlm.nih.gov\/15939837\/\" target=\"_blank\" rel=\"noopener\">Investigaci\u00f3n<\/a> Muestra que el 50% de los problemas de salud mental surgen a los 14 a\u00f1os.<\/p>\n<p>Seg\u00fan el <a href=\"https:\/\/www.mhamd.org\/wp-content\/uploads\/2023\/02\/DiscussingYourChildsMentalHealthwithYourPrimaryCareProvider_factsheet_CMHMBHIPP_Jan2023.pdf\" target=\"_blank\" rel=\"noopener\">Asociaci\u00f3n de Salud Mental de Maryland<\/a>, los padres y cuidadores deben buscar estos signos de una enfermedad mental o condici\u00f3n de salud mental:<\/p>\n<ul>\n<li>Dificultad en el hogar, la escuela o socialmente. El ni\u00f1o puede meterse en peleas o tener un mal desempe\u00f1o en la escuela.<\/li>\n<li>Preocupaciones todo el tiempo.<\/li>\n<li>Cambios notables en el sue\u00f1o, el estado de \u00e1nimo, el apetito o el comportamiento.<\/li>\n<li>Patrones de actividad repetitiva que interfieren con la asistencia a la escuela, el sue\u00f1o o el apetito.<\/li>\n<li>Aumento de los sentimientos de tristeza, ira, estr\u00e9s, preocupaci\u00f3n, baja autoestima y dolor.<\/li>\n<li>No se r\u00ede ni sonr\u00ede.<\/li>\n<li>Berrinches frecuentes, dolores de est\u00f3mago o dolores de cabeza sin causa m\u00e9dica conocida.<\/li>\n<li>Incapaz de quedarse quieto.<\/li>\n<li>No parece escuchar instrucciones.<\/li>\n<li>Act\u00faa sin pensar.<\/li>\n<li>Tiene comportamientos que desde el punto de vista del desarrollo ya no deber\u00edan ser un problema, como apegarse, mojarse o ensuciarse.<\/li>\n<li>Tiene problemas para hacer amigos debido a un comportamiento agresivo o aterrador.<\/li>\n<li>Pasa m\u00e1s tiempo solo.<\/li>\n<li>Evita actividades o cosas que la persona alguna vez am\u00f3.<\/li>\n<li>Tiempo m\u00e1s dif\u00edcil en situaciones que sol\u00edan estar bien.<\/li>\n<li>Necesita m\u00e1s apoyo.<\/li>\n<li>Tiene un comportamiento sexual que es m\u00e1s que una curiosidad normal.<\/li>\n<li>Juega con fuego repetidamente.<\/li>\n<li>Crueldad hacia los animales.<\/li>\n<li>Oye voces o ve cosas.<\/li>\n<li>Usa drogas o alcohol.<\/li>\n<\/ul>\n<p>Si tiene alguna inquietud, obtenga ayuda y apoyo. Conf\u00ede en su instinto como padre o cuidador.<\/p>\n\t<h3>Signos de depresi\u00f3n adolescente<\/h3>\n<p>La depresi\u00f3n es un tipo de problema de salud mental.<\/p>\n<blockquote><p>El 20% de los adolescentes de 12 a 17 a\u00f1os ha experimentado un episodio depresivo mayor, seg\u00fan la <a href=\"https:\/\/www.cdc.gov\/childrensmentalhealth\/features\/understanding-public-health-concern.html\" target=\"_blank\" rel=\"noopener\">Centros para el Control y la Prevenci\u00f3n de Enfermedades<\/a>.<\/p><\/blockquote>\n<p>Aunque solemos pensar que la depresi\u00f3n es solo una sensaci\u00f3n de melancol\u00eda, no siempre es as\u00ed, especialmente en ni\u00f1os, adolescentes y adultos j\u00f3venes. La depresi\u00f3n es m\u00e1s que un simple cambio de humor.<\/p>\n<p>Los signos de depresi\u00f3n pueden cambiar a medida que el individuo envejece.<\/p>\n<p>Por ejemplo, algunos de los s\u00edntomas en un ni\u00f1o con depresi\u00f3n pueden ser:<\/p>\n<ul>\n<li>ansiedad<\/li>\n<li>estar de mal humor<\/li>\n<li>pegajoso<\/li>\n<li>negarse a ir a la escuela<\/li>\n<\/ul>\n<p>Los ni\u00f1os mayores y los adolescentes pueden:<\/p>\n<ul>\n<li>meterse en problemas en la escuela<\/li>\n<li>frustrarse f\u00e1cilmente<\/li>\n<li>sentirse inquieto<\/li>\n<li>tener baja autoestima<\/li>\n<\/ul>\n<p>Los adultos j\u00f3venes pueden:<\/p>\n<ul>\n<li>estar irritable<\/li>\n<li>tener una visi\u00f3n negativa de la vida<\/li>\n<\/ul>\n<p>Cuando estos sentimientos contin\u00faan la mayor parte del tiempo durante semanas y no puedes concentrarte ni hacer cosas que antes disfrutabas, es hora de buscar ayuda.<\/p>\n<h3>Preguntas para ayudar a identificar la depresi\u00f3n<\/h3>\n<p>Para ayudar a identificar y detectar la depresi\u00f3n de forma temprana, <a href=\"https:\/\/www.nimh.nih.gov\/health\/publications\/teen-depression\" target=\"_blank\" rel=\"noopener\">Instituto Nacional de Salud Mental<\/a>\u00a0sugiere hacerse estas preguntas.<\/p>\n<p>\u00bfMi hijo o yo sentimos\u2026.?<\/p>\n<ul>\n<li>\u00bfTriste, ansioso, in\u00fatil o \u201cvac\u00edo\u201d?<\/li>\n<li>\u00bfDesinteresado en actividades que alguna vez disfrut\u00e9?<\/li>\n<li>\u00bfFrustrado, enojado o irritable f\u00e1cilmente?<\/li>\n<li>\u00bfMe estoy alejando de amigos y familiares?<\/li>\n<li>\u00bfQue no me va tan bien en la escuela?<\/li>\n<li>\u00bfMis h\u00e1bitos diarios de comer y dormir cambiaron?<\/li>\n<li>\u00bfCansado, fatigado o ha experimentado p\u00e9rdida de memoria?<\/li>\n<li>\u00bfComo hacerme da\u00f1o o suicidarme?<\/li>\n<\/ul>\n<p>Los s\u00edntomas pueden variar de persona a persona.<\/p>\n<p>Puedes tener unos pocos s\u00edntomas o s\u00f3lo unos pocos.<\/p>\n<p>Si tiene alguna inquietud, consulte con un profesional capacitado. Llame al 988 para obtener ayuda inmediata.<\/p>\n\t<h2>Redes sociales y salud mental<\/h2>\n<p>Existe un v\u00ednculo entre la depresi\u00f3n y el aislamiento percibido y los adolescentes con un alto uso de las redes sociales.<\/p>\n<p>El alto uso de Internet y la adicci\u00f3n a Internet tambi\u00e9n est\u00e1n relacionados con las autolesiones.<\/p>\n<blockquote><p>Los adolescentes que pasan tres o m\u00e1s horas al d\u00eda en un dispositivo electr\u00f3nico tienen 35% m\u00e1s probabilidades de tener un factor de riesgo de suicidio como hacer un plan, seg\u00fan una investigaci\u00f3n publicada en el <a href=\"https:\/\/journals.sagepub.com\/doi\/10.1177\/2167702617723376\" target=\"_blank\" rel=\"noopener\">Asociaci\u00f3n de Ciencias Psicol\u00f3gicas<\/a>.<\/p><\/blockquote>\n<p>Si conoce a un adolescente que habla de hacerse da\u00f1o a s\u00ed mismo o a otros, busque ayuda de inmediato. Llame o env\u00ede un mensaje de texto al 988. Tambi\u00e9n puede chatear con 988 Suicide &amp; Crisis Lifeline en <a href=\"https:\/\/988lifeline.org\/chat\/\" target=\"_blank\" rel=\"noopener\">ingl\u00e9s<\/a> o <a href=\"https:\/\/988lifeline.org\/es\/chat\/\" target=\"_blank\" rel=\"noopener\">espa\u00f1ol<\/a>.<\/p>\n\t\t\t<a href=\"https:\/\/988lifeline.org\/chat\/\" target=\"_blank\" rel=\"noopener\">\n\t\t\t\t\t\t\tChatea con 988 (ingl\u00e9s)\n\t\t\t\t\t<\/a>\n\t\t\t<a href=\"https:\/\/988lifeline.org\/es\/chat\/\" target=\"_blank\" rel=\"noopener\">\n\t\t\t\t\t\t\tChatea con 988 (espa\u00f1ol)\n\t\t\t\t\t<\/a>\n\t\t\t\t<img decoding=\"async\" src=\"https:\/\/211md.org\/wp-content\/uploads\/2024\/02\/teens-on-social-media.jpg\" alt=\"adolescentes en las redes sociales\" itemprop=\"image\" height=\"800\" width=\"1200\" title=\"adolescentes en las redes sociales\" onerror=\"this.style.display='none'\" loading=\"lazy\" \/>\n\t<h3>se\u00f1ales de advertencia de las redes sociales<\/h3>\n<p>Monitorear la actividad en l\u00ednea y en las redes sociales de un ni\u00f1o.<\/p>\n<p>Conozca las se\u00f1ales de advertencia de la angustia psicol\u00f3gica. Estos pueden incluir mensajes como:<\/p>\n<ul>\n<li>&quot;No puedo hacer nada&quot;. 1TP5Ese mismo<\/li>\n<li>&quot;Odio a todo el mundo.&quot;<\/li>\n<li>Otro d\u00eda sin ir a la escuela.<\/li>\n<li>Hashtags y emojis negativos como #deprimido y #cortando.<\/li>\n<li>Hablar de querer morir, de desesperaci\u00f3n emocional intensa y urgente, de regalar objetos personales, de despedirse.<\/li>\n<li>Comportamiento impulsivo.<\/li>\n<li>Mensajes de insomnio.<\/li>\n<\/ul>\n<p>Si usted o alguien que conoce muestra signos de crisis, comun\u00edquese con un profesional capacitado de inmediato llamando o enviando un mensaje de texto al 988.<\/p>\n\t\t\t\t<img decoding=\"async\" src=\"http:\/\/211md.org\/wp-content\/uploads\/2023\/04\/Parent-comforting-depressed-kid.png\" alt=\"padre consolando a un ni\u00f1o deprimido\" itemprop=\"image\" title=\"Padre consolando a un ni\u00f1o deprimido\" onerror=\"this.style.display='none'\" loading=\"lazy\" \/>\n\t<h2>Apoyo a los padres<\/h2>\n<p>Ya sabes qu\u00e9 hacer cuando tu hijo tiene fiebre o infecci\u00f3n de o\u00eddo, pero \u00bfqu\u00e9 pasa con el tratamiento de su salud mental? Puede hacer lo mismo: llamar al pediatra de su hijo.<\/p>\n<p>Pueden ayudar con problemas de salud mental como ansiedad adolescente, depresi\u00f3n, trastornos alimentarios, traumas y m\u00e1s.<\/p>\n<p>Tenga una conversaci\u00f3n honesta. Si el pediatra no ofrece apoyo en el consultorio, puede obtener manutenci\u00f3n para usted y su hijo a trav\u00e9s del sistema estatal de apoyo a la salud mental.<\/p>\n<h3>Hablando con tu pediatra<\/h3>\n<p>Entonces, \u00bfc\u00f3mo hablar con el pediatra sobre la salud mental de un ni\u00f1o?<\/p>\n<p>Llame y hable con la oficina para solicitar una cita presencial o por telemedicina. Determine qui\u00e9n debe asistir a la cita.<\/p>\n<p>\u00bfDeben asistir ambos padres o cuidadores y debe asistir el ni\u00f1o a la cita?<\/p>\n\t<p>La Asociaci\u00f3n de Salud Mental de Maryland y la Integraci\u00f3n de Salud Conductual de Maryland en la Atenci\u00f3n Primaria Pedi\u00e1trica (BHIPP) desarrollaron una hoja de consejos con instrucciones paso a paso para analizar la salud mental de un ni\u00f1o con su m\u00e9dico.<\/p>\n<p>La hoja de consejos incluye preguntas detalladas y puntos de conversaci\u00f3n para iniciar la conversaci\u00f3n y garantizar que su hijo reciba la ayuda necesaria.<\/p>\n\t\t\t<a href=\"https:\/\/www.mhamd.org\/wp-content\/uploads\/2023\/02\/DiscussingYourChildsMentalHealthwithYourPrimaryCareProvider_factsheet_CMHMBHIPP_Jan2023.pdf\" target=\"_blank\" rel=\"noopener\">\n\t\t\t\t\t\t\tDescargar hoja de consejos\n\t\t\t\t\t<\/a>\n\t<p>Antes de la cita, documente el comportamiento y las inquietudes para tener algo a qu\u00e9 hacer referencia durante la discusi\u00f3n y ejemplos espec\u00edficos para discutir.<\/p>\n<p>Sea honesto y detallado en estas conversaciones. Recuerde que no est\u00e1 solo y que hay ayuda disponible.<\/p>\n<p>Si la conversaci\u00f3n es dif\u00edcil, inf\u00f3rmeselo a su m\u00e9dico.<\/p>\n<p>Recuerde que usted est\u00e1 teniendo esa reuni\u00f3n porque se preocupa profundamente por el ni\u00f1o.<\/p>\n<p>Su m\u00e9dico puede derivar al ni\u00f1o a una amplia variedad de profesionales de la salud mental, entre ellos:<\/p>\n<ul>\n<li>psiquiatra<\/li>\n<li>enfermera siqui\u00e1trica<\/li>\n<li>Trabajador social<\/li>\n<li>consejeros profesionales licenciados<\/li>\n<li>psicoterapeutas<\/li>\n<li>neuropsic\u00f3logos<\/li>\n<\/ul>\n<h3>Acerca de BHIPP<\/h3>\n<p>Maryland Behavioral Integration in Pediatric Primary Care (BHIPP) trabaja con pediatras, profesionales m\u00e9dicos de emergencia, m\u00e9dicos de familia, enfermeras escolares y otros profesionales de la salud para apoyar a adolescentes y j\u00f3venes.<\/p>\n<p>Los especialistas est\u00e1n disponibles en \u00e1reas tales como:<\/p>\n<ul>\n<li>Manejo de medicamentos:<\/li>\n<li>Problemas de diagn\u00f3stico<\/li>\n<li>Retrasos del desarrollo<\/li>\n<li>Problemas escolares\/de aprendizaje<\/li>\n<li>Des\u00f3rdenes del espectro autista<\/li>\n<li>Trauma<\/li>\n<li>Salud mental en la primera infancia<\/li>\n<\/ul>\n<p><a href=\"https:\/\/mdbhipp.org\/telepsychiatry-access-program.html\" target=\"_blank\" rel=\"noopener\">Referencias<\/a> Se realizan a trav\u00e9s de un m\u00e9dico de atenci\u00f3n primaria.<\/p>\n\t<h2>Recursos de salud mental para adolescentes y ni\u00f1os.<\/h2>\n<p>Existen varios recursos para apoyar a los adolescentes y ni\u00f1os con su salud mental.<\/p>\n<p>Si usted o alguien que conoce est\u00e1 en crisis, llame al 988 para obtener ayuda inmediata.<\/p>\n<p>T\u00fa tambi\u00e9n puedes <a href=\"https:\/\/search.988.mdinfonet.org\/\" target=\"_blank\" rel=\"noopener\">buscar grupos de asesoramiento y apoyo<\/a> en la base de datos de salud conductual del estado, impulsada por Maryland Information Network.<\/p>\n<p>Tambi\u00e9n hay disponible un sistema de apoyo de mensajes de texto enfocado en los j\u00f3venes. Los adolescentes pueden inscribirse\u00a0<a href=\"https:\/\/211md.org\/es\/about\/mensajes-de-texto\/mdyoungminds\/\">MDYoungMinds<\/a>. Proporciona mensajes de texto de apoyo. Estos pueden incluir recursos sobre depresi\u00f3n, salud mental para adolescentes y adolescentes y programas de apoyo.<\/p>\n<h3>Coalici\u00f3n de familias de Maryland<\/h3>\n<p>Tambi\u00e9n puede obtener apoyo de organizaciones como la Coalici\u00f3n de Familias de Maryland. Estas organizaciones apoyan los servicios de salud mental para ni\u00f1os y pueden ayudarle a acceder a los servicios en la escuela y en la comunidad, a la vez que abogan por su hijo en cada etapa de su desarrollo.<\/p>\n<p>Descargue su kit de recursos familiares Children&#039;s Health Matters en <a href=\"https:\/\/www.childrensmentalhealthmatters.org\/files\/2021\/03\/CMHM-Family-Resource-Kit-2021.pdf\" target=\"_blank\" rel=\"noopener\">ingl\u00e9s<\/a> o <a href=\"https:\/\/www.childrensmentalhealthmatters.org\/files\/2021\/07\/CMHM-Family-Resource-Kit-2021_ES.pdf\" target=\"_blank\" rel=\"noopener\">espa\u00f1ol<\/a>. Es una gu\u00eda completa sobre los s\u00edntomas y signos de salud mental y, al mismo tiempo, brinda opciones de tratamiento y apoyo en Maryland.<\/p>\n<p>A trav\u00e9s de la Coalici\u00f3n de Familias de Maryland <a href=\"https:\/\/www.mdcoalition.org\/who-we-help\/youth-helping-youth\/\" target=\"_blank\" rel=\"noopener\">Tomando vuelo<\/a> programa, los adolescentes tambi\u00e9n pueden conectarse con compa\u00f1eros que han experimentado un problema o trauma de salud mental.<\/p>\n<h3>Asociaci\u00f3n de salud mental<\/h3>\n<p>La Asociaci\u00f3n de Salud Mental de Maryland tambi\u00e9n tiene informaci\u00f3n detallada para <a href=\"https:\/\/www.mhamd.org\/information-and-help\/children-and-youth\/signs-and-symptoms\/\" target=\"_blank\" rel=\"noopener\">condiciones espec\u00edficas de salud mental<\/a> y recursos que pueden ayudar.<\/p>\n<h2>\n\t\t\tInformaci\u00f3n relacionada\t<\/h2>\n\t\t<h4><a href=\"\/es\/recursos\/envejecimiento-discapacidad\/\" target=\"_self\">Envejecimiento y discapacidad<\/a><\/h4>\n\t\t\t\t<a href=\"\/es\/recursos\/envejecimiento-discapacidad\/\"  target=\"_self\" itemprop=\"url\">\n\t\t\t\t<img decoding=\"async\" src=\"https:\/\/211md.org\/wp-content\/uploads\/bb-plugin\/cache\/2025_MdInfoNet_Icon-Sets_Aging-disability-square-c466727102cae71e5f27b8539bb51945-.png\" alt=\"2025_MdInfoNet_Conjuntos de iconos_Envejecimiento-discapacidad\" itemprop=\"image\" title=\"2025_MdInfoNet_Conjuntos de iconos_Envejecimiento-discapacidad\" onerror=\"this.style.display='none'\" loading=\"lazy\" \/>\n\t\t\t\t<\/a>\n\t\t<h4><a href=\"https:\/\/211md.org\/es\/recursos\/ninos-familias\/\" target=\"_blank\" rel=\"noopener\">Ni\u00f1os y familias<\/a><\/h4>\n\t\t\t\t<a href=\"https:\/\/211md.org\/es\/recursos\/ninos-familias\/\" target=\"_blank\" rel=\"noopener\" itemprop=\"url\">\n\t\t\t\t<img decoding=\"async\" src=\"https:\/\/211md.org\/wp-content\/uploads\/bb-plugin\/cache\/2025_211_Icon-Sets_Child-care-square-a8953c7678f51ed443764342b64ee948-.png\" alt=\"2025_211_Conjuntos de iconos_Cuidado infantil\" itemprop=\"image\" title=\"2025_211_Conjuntos de iconos_Cuidado infantil\" onerror=\"this.style.display='none'\" loading=\"lazy\" \/>\n\t\t\t\t<\/a>\n\t\t<h4><a href=\"\/es\/recursos\/violencia-domestica-familiar\/\" target=\"_self\">Violencia dom\u00e9stica<\/a><\/h4>\n\t\t\t\t<a href=\"\/es\/recursos\/violencia-domestica-familiar\/\"  target=\"_self\" itemprop=\"url\">\n\t\t\t\t<img decoding=\"async\" src=\"https:\/\/211md.org\/wp-content\/uploads\/bb-plugin\/cache\/2025_211_Icon-Sets_Domestic-Violence-square-e6e48b12d9d44dadd394e0d40debfd96-.png\" alt=\"Icono de violencia dom\u00e9stica\" itemprop=\"image\" title=\"2025_211_Conjuntos de iconos_Violencia dom\u00e9stica\" onerror=\"this.style.display='none'\" loading=\"lazy\" \/>\n\t\t\t\t<\/a>\n\t\t<h4><a href=\"\/es\/recursos\/busqueda-de-empleo\/\" target=\"_self\">Empleo<\/a><\/h4>\n\t\t\t\t<a href=\"\/es\/recursos\/busqueda-de-empleo\/\"  target=\"_self\" itemprop=\"url\">\n\t\t\t\t<img decoding=\"async\" src=\"https:\/\/211md.org\/wp-content\/uploads\/bb-plugin\/cache\/2025_MdInfoNet_Icon-Sets_Employment-square-44707bd410e4df10a470bf130ebcea86-.png\" alt=\"2025_MdInfoNet_Conjuntos de iconos_Empleo\" itemprop=\"image\" title=\"2025_MdInfoNet_Conjuntos de iconos_Empleo\" onerror=\"this.style.display='none'\" loading=\"lazy\" \/>\n\t\t\t\t<\/a>\n\t\t<h4><a href=\"\/es\/recursos\/cuidado-de-la-salud\/\" target=\"_self\">Cuidado de la salud<\/a><\/h4>\n\t\t\t\t<a href=\"\/es\/recursos\/cuidado-de-la-salud\/\"  target=\"_self\" itemprop=\"url\">\n\t\t\t\t<img decoding=\"async\" src=\"https:\/\/211md.org\/wp-content\/uploads\/bb-plugin\/cache\/2025_MdInfoNet_Icon-Sets_Health-Care-square-dee98a0060cbe0e7f27eda253fc12679-.png\" alt=\"2025_MdInfoNet_Conjuntos de iconos_Atenci\u00f3n m\u00e9dica\" itemprop=\"image\" title=\"2025_MdInfoNet_Conjuntos de iconos_Atenci\u00f3n m\u00e9dica\" onerror=\"this.style.display='none'\" loading=\"lazy\" \/>\n\t\t\t\t<\/a>\n\t\t<h4><a href=\"\/es\/recursos\/ninos-familias\/parentesco\/\" target=\"_self\">Parentesco<\/a><\/h4>\n\t\t\t\t<a href=\"\/es\/recursos\/ninos-familias\/parentesco\/\"  target=\"_self\" itemprop=\"url\">\n\t\t\t\t<img decoding=\"async\" src=\"https:\/\/211md.org\/wp-content\/uploads\/bb-plugin\/cache\/2025_211_Icon-Sets_Kinship-square-21d4c353354c53c083c80118abb066f2-.png\" alt=\"Icono de parentesco\" itemprop=\"image\" title=\"2025_211_Conjuntos de iconos_Parentesco\" onerror=\"this.style.display='none'\" loading=\"lazy\" \/>\n\t\t\t\t<\/a>\n\t\t<h4><a href=\"\/es\/recursos\/servicios-legales\/\" target=\"_self\">Servicios Legales<\/a><\/h4>\n\t\t\t\t<a href=\"\/es\/recursos\/servicios-legales\/\"  target=\"_self\" itemprop=\"url\">\n\t\t\t\t<img decoding=\"async\" src=\"https:\/\/211md.org\/wp-content\/uploads\/bb-plugin\/cache\/2025_MdInfoNet_Icon-Sets_Legal-square-18fdf438feb8435588174d9046463257-.png\" alt=\"2025_MdInfoNet_Conjuntos de iconos_Legal\" itemprop=\"image\" title=\"2025_MdInfoNet_Conjuntos de iconos_Legal\" onerror=\"this.style.display='none'\" loading=\"lazy\" \/>\n\t\t\t\t<\/a>\n\t\t<h4><a href=\"\/es\/recursos\/salud-mental\/\" target=\"_self\">Salud mental<\/a><\/h4>\n\t\t\t\t<a href=\"\/es\/recursos\/salud-mental\/\"  target=\"_self\" itemprop=\"url\">\n\t\t\t\t<img decoding=\"async\" src=\"https:\/\/211md.org\/wp-content\/uploads\/bb-plugin\/cache\/2025_MdInfoNet_Icon-Sets_Mental-Health-square-c59b38c4a993a947d4c9280fbe2d2fee-.png\" alt=\"2025_MdInfoNet_Conjuntos de iconos_Salud mental\" itemprop=\"image\" title=\"2025_MdInfoNet_Conjuntos de iconos_Salud mental\" onerror=\"this.style.display='none'\" loading=\"lazy\" \/>\n\t\t\t\t<\/a>\n\t\t<h4><a href=\"\/es\/recursos\/mdreentry\/\" target=\"_self\">Reentrada<\/a><\/h4>\n\t\t\t\t<a href=\"\/es\/recursos\/mdreentry\/\"  target=\"_self\" itemprop=\"url\">\n\t\t\t\t<img decoding=\"async\" src=\"https:\/\/211md.org\/wp-content\/uploads\/bb-plugin\/cache\/2025_211_Icon-Sets_Reentry-square-f36b65d903a62fd4c3819ff05988ca60-.png\" alt=\"Icono de reentrada\" itemprop=\"image\" title=\"2025_211_Conjuntos de iconos_Reentrada\" onerror=\"this.style.display='none'\" loading=\"lazy\" \/>\n\t\t\t\t<\/a>\n\t\t<h4><a href=\"\/es\/recursos\/consumo-de-sustancias\/\" target=\"_self\">Uso de sustancias<\/a><\/h4>\n\t\t\t\t<a href=\"\/es\/recursos\/consumo-de-sustancias\/\"  target=\"_self\" itemprop=\"url\">\n\t\t\t\t<img decoding=\"async\" src=\"https:\/\/211md.org\/wp-content\/uploads\/bb-plugin\/cache\/2025_MdInfoNet_Icon-Sets_Substance-Abuse-square-9022fec9d18a64118ad685c101885b55-.png\" alt=\"2025_MdInfoNet_Conjuntos de iconos_Abuso de sustancias\" itemprop=\"image\" title=\"2025_MdInfoNet_Conjuntos de iconos_Abuso de sustancias\" onerror=\"this.style.display='none'\" loading=\"lazy\" \/>\n\t\t\t\t<\/a>\n\t\t<h4><a href=\"\/es\/recursos\/veteranos\/\" target=\"_self\">veteranos<\/a><\/h4>\n\t\t\t\t<a href=\"\/es\/recursos\/veteranos\/\"  target=\"_self\" itemprop=\"url\">\n\t\t\t\t<img decoding=\"async\" src=\"https:\/\/211md.org\/wp-content\/uploads\/bb-plugin\/cache\/2025_MdInfoNet_Icon-Sets_Rating-square-6e60d00cce4faa8e0a6d4ad7366aa733-.png\" alt=\"2025_MdInfoNet_Conjuntos de iconos_Calificaci\u00f3n\" itemprop=\"image\" title=\"2025_MdInfoNet_Conjuntos de iconos_Calificaci\u00f3n\" onerror=\"this.style.display='none'\" loading=\"lazy\" \/>\n\t\t\t\t<\/a>","protected":false},"excerpt":{"rendered":"<p>Encabezado de p\u00e1gina predeterminado: Cuando un adolescente tiene una salud mental s\u00f3lida, puede gestionar los altibajos emocionales que conlleva explorar su mundo. Hay ayuda disponible para problemas de salud mental. Aprenda a apoyar a los adolescentes de su vida. Empiece a buscar ayuda para la salud mental de sus adolescentes. El apoyo adecuado en el momento oportuno puede\u2026<\/p>","protected":false},"author":7,"featured_media":4018,"parent":836,"menu_order":0,"comment_status":"closed","ping_status":"closed","template":"","meta":{"footnotes":""},"class_list":["post-3758","page","type-page","status-publish","has-post-thumbnail","hentry"],"_links":{"self":[{"href":"https:\/\/211md.org\/es\/wp-json\/wp\/v2\/pages\/3758","targetHints":{"allow":["GET"]}}],"collection":[{"href":"https:\/\/211md.org\/es\/wp-json\/wp\/v2\/pages"}],"about":[{"href":"https:\/\/211md.org\/es\/wp-json\/wp\/v2\/types\/page"}],"author":[{"embeddable":true,"href":"https:\/\/211md.org\/es\/wp-json\/wp\/v2\/users\/7"}],"replies":[{"embeddable":true,"href":"https:\/\/211md.org\/es\/wp-json\/wp\/v2\/comments?post=3758"}],"version-history":[{"count":4,"href":"https:\/\/211md.org\/es\/wp-json\/wp\/v2\/pages\/3758\/revisions"}],"predecessor-version":[{"id":33832,"href":"https:\/\/211md.org\/es\/wp-json\/wp\/v2\/pages\/3758\/revisions\/33832"}],"up":[{"embeddable":true,"href":"https:\/\/211md.org\/es\/wp-json\/wp\/v2\/pages\/836"}],"wp:featuredmedia":[{"embeddable":true,"href":"https:\/\/211md.org\/es\/wp-json\/wp\/v2\/media\/4018"}],"wp:attachment":[{"href":"https:\/\/211md.org\/es\/wp-json\/wp\/v2\/media?parent=3758"}],"curies":[{"name":"Gracias","href":"https:\/\/api.w.org\/{rel}","templated":true}]}}