{"id":3838,"date":"2023-09-06T19:59:51","date_gmt":"2023-09-06T23:59:51","guid":{"rendered":"https:\/\/211md.org\/?page_id=3838"},"modified":"2023-10-31T16:26:11","modified_gmt":"2023-10-31T20:26:11","slug":"formulario-de-comentarios-de-la-aplicacion-de-busqueda","status":"publish","type":"page","link":"https:\/\/211md.org\/es\/search-app-feedback-form\/","title":{"rendered":"Formulario de comentarios de la aplicaci\u00f3n de b\u00fasqueda"},"content":{"rendered":"<p>Este formulario es para brindar comentarios a los desarrolladores de la aplicaci\u00f3n de b\u00fasqueda 211 Maryland para que podamos continuar mejorando la experiencia de b\u00fasqueda.<\/p>\n<p><strong>*Si buscas ayuda o recursos,&nbsp;<a href=\"\/es\/contactenos\/\">Complete \u00e9ste formulario<\/a> en cambio.<\/strong><\/p>","protected":false},"excerpt":{"rendered":"<p>Este formulario es para brindar comentarios a los desarrolladores de la aplicaci\u00f3n de b\u00fasqueda 211 Maryland para que podamos continuar mejorando la experiencia de b\u00fasqueda. *Si busca ayuda o recursos, complete este formulario.<\/p>","protected":false},"author":13,"featured_media":0,"parent":0,"menu_order":0,"comment_status":"closed","ping_status":"closed","template":"","meta":{"footnotes":""},"class_list":["post-3838","page","type-page","status-publish","hentry"],"_links":{"self":[{"href":"https:\/\/211md.org\/es\/wp-json\/wp\/v2\/pages\/3838","targetHints":{"allow":["GET"]}}],"collection":[{"href":"https:\/\/211md.org\/es\/wp-json\/wp\/v2\/pages"}],"about":[{"href":"https:\/\/211md.org\/es\/wp-json\/wp\/v2\/types\/page"}],"author":[{"embeddable":true,"href":"https:\/\/211md.org\/es\/wp-json\/wp\/v2\/users\/13"}],"replies":[{"embeddable":true,"href":"https:\/\/211md.org\/es\/wp-json\/wp\/v2\/comments?post=3838"}],"version-history":[{"count":0,"href":"https:\/\/211md.org\/es\/wp-json\/wp\/v2\/pages\/3838\/revisions"}],"wp:attachment":[{"href":"https:\/\/211md.org\/es\/wp-json\/wp\/v2\/media?parent=3838"}],"curies":[{"name":"Gracias","href":"https:\/\/api.w.org\/{rel}","templated":true}]}}