{"id":4075,"date":"2024-06-17T08:03:13","date_gmt":"2024-06-17T12:03:13","guid":{"rendered":"https:\/\/211md.org\/?page_id=4075"},"modified":"2026-01-21T13:08:57","modified_gmt":"2026-01-21T18:08:57","slug":"mdreentry","status":"publish","type":"page","link":"https:\/\/211md.org\/es\/resources\/mdreentry\/","title":{"rendered":"Reingreso a Maryland"},"content":{"rendered":"<h2>Con\u00e9ctese a los recursos de reingreso<\/h2>\n<p>Bienvenido a la nueva p\u00e1gina de recursos integrales de Maryland para ayudar a los encarcelados y ex encarcelados, y a sus familias. Encuentre la informaci\u00f3n y los recursos que necesita y merece.<\/p>\n<p>&nbsp;<\/p>\n\t\t<h3>\t\n\tReingreso de texto al 898-211<\/h3><p>Reg\u00edstrese para recibir mensajes de texto con informaci\u00f3n, servicios, programas y eventos de reingreso.<\/p>\n<p><em>Los usuarios de dispositivos m\u00f3viles tambi\u00e9n pueden hacer clic en el bot\u00f3n a continuaci\u00f3n para suscribirse mediante mensaje de texto.*<\/em><\/p>\n\t\t\t<a href=\"sms:\/\/898-211;?&#038;body=Reentry\"  target=\"_self\">\n\t\t\t\t\t\t\tInscribirse\n\t\t\t\t\t<\/a>\n\t<p><em>*Maryland Information Network 211 Maryland Inc. ofrece programas de alerta por mensaje de texto que proporcionan informaci\u00f3n sobre recursos espec\u00edficos de la regi\u00f3n o alertas de desastre. Pueden aplicarse tarifas por mensaje y datos, y la frecuencia de los mensajes puede variar. Para obtener ayuda, env\u00ede HELP por mensaje de texto. Para cancelar la suscripci\u00f3n, env\u00ede STOP por mensaje de texto al mismo n\u00famero. Consulte los t\u00e9rminos completos de SMS en <a href=\"https:\/\/211md.org\/es\/sms\/\">https:\/\/211md.org\/sms\/<\/a> tambi\u00e9n se aplicar\u00e1.\u00a0<\/em><\/p>\n<figure itemscope itemtype=\"https:\/\/schema.org\/ImageObject\">\n\t\t\t\t<img decoding=\"async\" src=\"http:\/\/211md.org\/wp-content\/uploads\/2024\/06\/Department-of-Public-Safety-and-Corrections.png\" alt=\"Departamento de Seguridad P\u00fablica y Correccionales\" title=\"Departamento de Seguridad P\u00fablica y Correccionales\" onerror=\"this.style.display='none'\" loading=\"lazy\" \/>\n\t<\/figure>\n<figure itemscope itemtype=\"https:\/\/schema.org\/ImageObject\">\n\t\t\t\t<img decoding=\"async\" src=\"http:\/\/211md.org\/wp-content\/uploads\/2025\/05\/211-MIN_Logo-rgb.svg\" alt=\"Color del logotipo de 211 MIN\" height=\"310\" width=\"1366\" title=\"211-MIN_Logo-rgb\" onerror=\"this.style.display='none'\" loading=\"lazy\" \/>\n\t<\/figure>\n\t<h2>B\u00fasqueda de recursos para la reinserci\u00f3n social<\/h2>\n<h3><em>Primera base de datos de reingreso a recursos a nivel estatal de su tipo en Maryland<\/em><\/h3>\n\tEncuentre recursos de reingreso por c\u00f3digo postal.<br \/>\nEstos recursos son examinados por organizaciones confiables que tienen como objetivo aumentar la seguridad y el bienestar p\u00fablicos, reduciendo la reincidencia.\n\t\t\t<a href=\"https:\/\/search.211md.org\/search?filters%5Bspecial_populations%5D%5B0%5D=Justice%20Involvement\"  target=\"_blank\" rel=\"noopener\">\n\t\t\t\t\t\t\tBuscar\n\t\t\t\t\t<\/a>\n\t\t<h2>\t\n\tMarque 211<\/h2><p>Con\u00e9ctese a recursos comunitarios y de empleo las 24 horas del d\u00eda, los 7 d\u00edas de la semana, los 365 d\u00edas del a\u00f1o.<\/p>\n\t<h2>Empleo para personas involucradas en la justicia<\/h2>\n<p>Las organizaciones de Maryland est\u00e1n listas para ayudar a las personas con problemas de justicia a encontrar trabajo para que puedan lograr la independencia y el \u00e9xito para s\u00ed mismas y sus familias. Algunas empresas se comprometen a brindar una segunda oportunidad a las personas que han estado en prisi\u00f3n contrat\u00e1ndolas.<\/p>\n<p>Conozca los programas disponibles para ayudar a los ex encarcelados.<\/p>\n<h3>Navegador de reingreso<\/h3>\n<p>Como parte de un programa de liberaci\u00f3n de prisi\u00f3n, es posible que haya conocido a un Navegador de Reingreso. Puede comunicarse con un Navegador de reentrada antes, durante o despu\u00e9s de su liberaci\u00f3n.<\/p>\n<p>Pueden ayudar con informaci\u00f3n y recursos para:<\/p>\n<ul>\n<li>oportunidades de empleo<\/li>\n<li>habilidades de trabajo<\/li>\n<li>orientaci\u00f3n profesional<\/li>\n<li>talleres de eliminaci\u00f3n de antecedentes penales<\/li>\n<li>soporte comunitario<\/li>\n<\/ul>\n<p>Tambi\u00e9n pueden conectarlo con un American Job Center y sus servicios de soporte.<\/p>\n<p>Estos navegadores est\u00e1n disponibles en todo Maryland. Encontrar un <a href=\"https:\/\/www.dllr.state.md.us\/employment\/reentry.shtml\" target=\"_blank\" rel=\"noopener\">Navegador de reingreso<\/a> cerca de usted.<\/p>\n<figure itemscope itemtype=\"https:\/\/schema.org\/ImageObject\">\n\t\t\t\t<img decoding=\"async\" src=\"https:\/\/211md.org\/wp-content\/plugins\/bb-plugin\/img\/pixel.png\" alt=\"\" onerror=\"this.style.display='none'\" loading=\"lazy\" \/>\n\t<\/figure>\n<figure itemscope itemtype=\"https:\/\/schema.org\/ImageObject\">\n\t\t\t\t<img decoding=\"async\" src=\"http:\/\/211md.org\/wp-content\/uploads\/2024\/06\/Job-training-in-a-warehouse.jpg\" alt=\"Formaci\u00f3n laboral en un almac\u00e9n.\" title=\"Formaci\u00f3n laboral en un almac\u00e9n.\" onerror=\"this.style.display='none'\" loading=\"lazy\" \/>\n\t<\/figure>\n\t<h3>Centros de empleo estadounidenses de Maryland<\/h3>\n<p>Tambi\u00e9n hay ayuda disponible en todos los Centros de Empleo Estadounidenses de Maryland. Pueden proporcionar asistencia gratuita con servicios relacionados con el empleo, tales como:<\/p>\n<ul>\n<li>exploraci\u00f3n profesional<\/li>\n<li>referencias a programas de capacitaci\u00f3n<\/li>\n<li>servicios de colocaci\u00f3n<\/li>\n<li>preparaci\u00f3n del curr\u00edculum<\/li>\n<li>talleres de habilidades laborales<\/li>\n<li>preparaci\u00f3n para el trabajo<\/li>\n<\/ul>\n<p><a href=\"https:\/\/www.dllr.state.md.us\/county\/\" target=\"_blank\" rel=\"noopener\">Encuentra uno cerca de ti<\/a>!<\/p>\n\t<h2>Encontrar un trabajo con antecedentes penales<\/h2>\n<p>Adem\u00e1s de los American Job Centers, el <a href=\"https:\/\/mwejobs.maryland.gov\/vosnet\/default.aspx\" target=\"_blank\" rel=\"noopener\">Intercambio de Fuerza Laboral de Maryland<\/a> (MWE) puede ayudar con las necesidades laborales de un ex preso que se reincorpora a la fuerza laboral.<\/p>\n<p>MWE es un recurso central para ofertas de empleo en Maryland, pero tambi\u00e9n puede ayudar con estos servicios de empleo:<\/p>\n<ul>\n<li><a href=\"https:\/\/mwejobs.maryland.gov\/vosnet\/JobBanks\/JobSearchCriteriaQuick.aspx\" target=\"_blank\" rel=\"noopener\">b\u00fasqueda de empleo<\/a><\/li>\n<li><a href=\"https:\/\/mwejobs.maryland.gov\/vosnet\/loginintro.aspx?action=resumes&amp;plang=E\" target=\"_blank\" rel=\"noopener\">crear un curr\u00edculum<\/a><\/li>\n<li><a href=\"https:\/\/mwejobs.maryland.gov\/vosnet\/MenuLandingPage.aspx?enc=+7ijYqb\/pbmrM\/FoEheZYzKCHV+pK2S8fEZwdY+SZUI=\" target=\"_blank\" rel=\"noopener\">utilizar servicios profesionales<\/a><\/li>\n<li><a href=\"https:\/\/mwejobs.maryland.gov\/vosnet\/default.aspx\" target=\"_blank\" rel=\"noopener\">encontrar cursos educativos y formaci\u00f3n<\/a><\/li>\n<\/ul>\n<p>Utilice las herramientas de MWE si est\u00e1 calificado y &quot;listo para el empleo&quot;. MWE conecta a empleados y empleadores que desean contratar a ex delincuentes que buscan trabajo.<\/p>\n<p>Conozca otros programas de preparaci\u00f3n laboral en <a href=\"https:\/\/211md.org\/es\/recursos\/busqueda-de-empleo\/\">P\u00e1gina de empleo general del 211<\/a>.<\/p>\n<h3>Empresas comprometidas con las segundas oportunidades<\/h3>\n<p>Las personas que han estado encarceladas tambi\u00e9n pueden buscar oportunidades en empresas que quieran ofrecer una segunda oportunidad a las personas involucradas en la justicia. <a href=\"https:\/\/secondchancebusinesscoalition.org\/about\" target=\"_blank\" rel=\"noopener\">Esta es una lista de miembros de Second Chance Business Coalition<\/a>. Las grandes empresas del sector privado ofrecen segundas oportunidades de contrataci\u00f3n. Los ex delincuentes pueden ver si alguna de las empresas tiene oportunidades laborales.<\/p>\n<p>En Maryland, <a href=\"https:\/\/secondchancebusinesscoalition.org\/find-partners?production_partnerOrganization%5Bmenu%5D%5Blocation.state%5D=Maryland\" target=\"_blank\" rel=\"noopener\">esta es una lista<\/a> de socios de Second Chance Business Coalition.<\/p>\n<p>Return Home Baltimore\u00ae tambi\u00e9n ofrece un <a href=\"https:\/\/returnhome.org\/services\/job-opportunities\" target=\"_blank\" rel=\"noopener\">lista de oportunidades laborales<\/a> para los residentes de Baltimore que regresan.<\/p>\n<h3>Para empleadores<\/h3>\n<p>Tambi\u00e9n existen programas para ayudar a los empleadores interesados en contratar personas anteriormente encarceladas, como el\u00a0<a href=\"https:\/\/www.dllr.state.md.us\/employment\/wotc.shtml\" target=\"_blank\" rel=\"noopener\">Cr\u00e9dito fiscal por oportunidad de trabajo<\/a> y el\u00a0<a href=\"https:\/\/www.unicor.gov\/Inmate_Bonding.aspx\" target=\"_blank\" rel=\"noopener\">programa federal de bonos de fidelidad<\/a> por contratar a ex presos federales.<\/p>\n<h2>Ayuda para la eliminaci\u00f3n de antecedentes penales<\/h2>\n<p>Los abogados pueden ayudar a personas que han estado encarceladas a eliminar sus antecedentes penales. Se trata de un procedimiento legal en el que se solicita que se sellen o destruyan los antecedentes penales.<\/p>\n<p>Maryland Legal Aid organiza cl\u00ednicas semanales y mensuales en todo el estado para ayudar a las personas que re\u00fanen los requisitos con diversos problemas legales, incluida la eliminaci\u00f3n de antecedentes penales. Las cl\u00ednicas son gratuitas y cuentan con personal de Maryland Legal Aid, abogados pro bono, asistentes jur\u00eddicos, personal administrativo y estudiantes de derecho.\u00a0 <a href=\"https:\/\/www.mdlab.org\/free-legal-clinics\/\" target=\"_blank\" rel=\"noopener\">Busque una pr\u00f3xima cl\u00ednica en su \u00e1rea<\/a>Algunas de estas cl\u00ednicas se centran \u00fanicamente en la eliminaci\u00f3n de antecedentes penales, y otras veces se trata de una variedad de cuestiones legales, de las cuales la eliminaci\u00f3n de antecedentes penales puede ser una de ellas.<\/p>\n\t<h2>Soporte comunitario<\/h2>\n\t<p>Departamento de Seguridad P\u00fablica y Servicios Correccionales (DPSCS) \u2013 <a href=\"https:\/\/www.dpscs.state.md.us\/index.shtml\" target=\"_blank\" rel=\"noopener\">Todos los programas<\/a><\/p>\n<p>DPSC \u2013 <a href=\"https:\/\/www.dpscs.state.md.us\/agencies\/ci.shtml\" target=\"_blank\" rel=\"noopener\">Programas de inversi\u00f3n comunitaria<\/a> (como Reingreso)<\/p>\n<p><a href=\"https:\/\/search.211md.org\/search?query=DPSCS&amp;query_label=Reentry%20Services&amp;query_type=taxonomy\" target=\"_blank\" rel=\"noopener\">211 Recursos de reingreso<\/a><\/p>\n<p><a href=\"https:\/\/returnhome.org\/\" target=\"_blank\" rel=\"noopener\">Regreso a casa Baltimore<\/a><\/p>\n<p><a href=\"https:\/\/www.princegeorgescountymd.gov\/community\/health--human-services\/health-services\/programs--services\/behavioral-health\/the-bridge-center-at-adams-house\" target=\"_blank\" rel=\"noopener\">Centro del puente en la casa de Adam<\/a> (Condado de Prince George)<\/p>\n<p>&nbsp;<\/p>\n\t\t<h4><a href=\"\/es\/recursos\/envejecimiento-discapacidad\/?utm_source=Home&#038;utm_medium=Referral&#038;utm_campaign=211Resources&#038;utm_content=Aging\" target=\"_self\">Envejecimiento y discapacidad<\/a><\/h4><figure itemscope itemtype=\"https:\/\/schema.org\/ImageObject\">\n\t\t\t\t<a href=\"\/es\/recursos\/envejecimiento-discapacidad\/?utm_source=Home&#038;utm_medium=Referral&#038;utm_campaign=211Resources&#038;utm_content=Aging\"  target=\"_self\" itemprop=\"url\">\n\t\t\t\t<img decoding=\"async\" src=\"https:\/\/211md.org\/wp-content\/uploads\/bb-plugin\/cache\/2025_MdInfoNet_Icon-Sets_Aging-disability-square-c466727102cae71e5f27b8539bb51945-.png\" alt=\"\" onerror=\"this.style.display='none'\" loading=\"lazy\" \/>\n\t\t\t\t<\/a>\n\t<\/figure>\n\t\t<h4><a href=\"\/es\/recursos\/ninos-familias\/?utm_source=Home&#038;utm_medium=Referral&#038;utm_campaign=211Resources&#038;utm_content=Children\" target=\"_self\">Ni\u00f1os y familias<\/a><\/h4><figure itemscope itemtype=\"https:\/\/schema.org\/ImageObject\">\n\t\t\t\t<a href=\"\/es\/recursos\/ninos-familias\/?utm_source=Home&#038;utm_medium=Referral&#038;utm_campaign=211Resources&#038;utm_content=Children\"  target=\"_self\" itemprop=\"url\">\n\t\t\t\t<img decoding=\"async\" src=\"https:\/\/211md.org\/wp-content\/uploads\/bb-plugin\/cache\/2025_211_Icon-Sets_Child-care-square-f3b0d4edab3dcc467fadb5f55f4064c6-.png\" alt=\"parent and child icon for child care\" height=\"417\" width=\"417\" title=\"2025_211_Conjuntos de iconos_Cuidado infantil\" onerror=\"this.style.display='none'\" loading=\"lazy\" \/>\n\t\t\t\t<\/a>\n\t<\/figure>\n\t\t<h4><a href=\"\/es\/recursos\/violencia-domestica-familiar\/?utm_source=Home&#038;utm_medium=Referral&#038;utm_campaign=211Resources&#038;utm_content=Domestic\" target=\"_self\">Violencia dom\u00e9stica<\/a><\/h4><figure itemscope itemtype=\"https:\/\/schema.org\/ImageObject\">\n\t\t\t\t<a href=\"\/es\/recursos\/violencia-domestica-familiar\/?utm_source=Home&#038;utm_medium=Referral&#038;utm_campaign=211Resources&#038;utm_content=Domestic\"  target=\"_self\" itemprop=\"url\">\n\t\t\t\t<img decoding=\"async\" src=\"https:\/\/211md.org\/wp-content\/uploads\/bb-plugin\/cache\/2025_211_Icon-Sets_Domestic-Violence-square-7b597694a6f05fe90cdc376aa573bc63-.png\" alt=\"House with a heart in the middle icon\" height=\"417\" width=\"417\" title=\"2025_211_Conjuntos de iconos_Violencia dom\u00e9stica\" onerror=\"this.style.display='none'\" loading=\"lazy\" \/>\n\t\t\t\t<\/a>\n\t<\/figure>\n\t\t<h4><a href=\"\/es\/recursos\/busqueda-de-empleo\/?utm_source=Home&#038;utm_medium=Referral&#038;utm_campaign=211Resources&#038;utm_content=Employment\" target=\"_self\">Empleo<\/a><\/h4><figure itemscope itemtype=\"https:\/\/schema.org\/ImageObject\">\n\t\t\t\t<a href=\"\/es\/recursos\/busqueda-de-empleo\/?utm_source=Home&#038;utm_medium=Referral&#038;utm_campaign=211Resources&#038;utm_content=Employment\"  target=\"_self\" itemprop=\"url\">\n\t\t\t\t<img decoding=\"async\" src=\"https:\/\/211md.org\/wp-content\/uploads\/bb-plugin\/cache\/2025_MdInfoNet_Icon-Sets_Employment-square-44707bd410e4df10a470bf130ebcea86-.png\" alt=\"\" onerror=\"this.style.display='none'\" loading=\"lazy\" \/>\n\t\t\t\t<\/a>\n\t<\/figure>\n\t\t<h4><a href=\"\/es\/recursos\/cuidado-de-la-salud\/?utm_source=Home&#038;utm_medium=Referral&#038;utm_campaign=211Resources&#038;utm_content=Health%20Care\" target=\"_self\">Cuidado de la salud<\/a><\/h4><figure itemscope itemtype=\"https:\/\/schema.org\/ImageObject\">\n\t\t\t\t<a href=\"\/es\/recursos\/cuidado-de-la-salud\/?utm_source=Home&#038;utm_medium=Referral&#038;utm_campaign=211Resources&#038;utm_content=Health%20Care\"  target=\"_self\" itemprop=\"url\">\n\t\t\t\t<img decoding=\"async\" src=\"https:\/\/211md.org\/wp-content\/uploads\/bb-plugin\/cache\/2025_MdInfoNet_Icon-Sets_Health-Care-square-dee98a0060cbe0e7f27eda253fc12679-.png\" alt=\"\" onerror=\"this.style.display='none'\" loading=\"lazy\" \/>\n\t\t\t\t<\/a>\n\t<\/figure>\n\t\t<h4><a href=\"\/es\/recursos\/ninos-familias\/parentesco\/?utm_source=Home&#038;utm_medium=Referral&#038;utm_campaign=211Resources&#038;utm_content=Kinship\" target=\"_self\">Parentesco<\/a><\/h4><figure itemscope itemtype=\"https:\/\/schema.org\/ImageObject\">\n\t\t\t\t<a href=\"\/es\/recursos\/ninos-familias\/parentesco\/?utm_source=Home&#038;utm_medium=Referral&#038;utm_campaign=211Resources&#038;utm_content=Kinship\"  target=\"_self\" itemprop=\"url\">\n\t\t\t\t<img decoding=\"async\" src=\"https:\/\/211md.org\/wp-content\/uploads\/bb-plugin\/cache\/2025_211_Icon-Sets_Kinship-square-45bdf872866f5735f842c32071109267-.png\" alt=\"Icono de parentesco\" height=\"417\" width=\"417\" title=\"2025_211_Conjuntos de iconos_Parentesco\" onerror=\"this.style.display='none'\" loading=\"lazy\" \/>\n\t\t\t\t<\/a>\n\t<\/figure>\n\t\t<h4><a href=\"\/es\/recursos\/servicios-legales\/?utm_source=Home&#038;utm_medium=Referral&#038;utm_campaign=211Resources&#038;utm_content=Legal\" target=\"_self\">Servicios Legales<\/a><\/h4><figure itemscope itemtype=\"https:\/\/schema.org\/ImageObject\">\n\t\t\t\t<a href=\"\/es\/recursos\/servicios-legales\/?utm_source=Home&#038;utm_medium=Referral&#038;utm_campaign=211Resources&#038;utm_content=Legal\"  target=\"_self\" itemprop=\"url\">\n\t\t\t\t<img decoding=\"async\" src=\"https:\/\/211md.org\/wp-content\/uploads\/bb-plugin\/cache\/2025_MdInfoNet_Icon-Sets_Legal-square-18fdf438feb8435588174d9046463257-.png\" alt=\"\" onerror=\"this.style.display='none'\" loading=\"lazy\" \/>\n\t\t\t\t<\/a>\n\t<\/figure>\n\t\t<h4><a href=\"\/es\/recursos\/salud-mental\/?utm_source=Home&#038;utm_medium=Referral&#038;utm_campaign=211Resources&#038;utm_content=Mental\" target=\"_self\">Salud mental<\/a><\/h4><figure itemscope itemtype=\"https:\/\/schema.org\/ImageObject\">\n\t\t\t\t<a href=\"\/es\/recursos\/salud-mental\/?utm_source=Home&#038;utm_medium=Referral&#038;utm_campaign=211Resources&#038;utm_content=Mental\"  target=\"_self\" itemprop=\"url\">\n\t\t\t\t<img decoding=\"async\" src=\"https:\/\/211md.org\/wp-content\/uploads\/bb-plugin\/cache\/2025_MdInfoNet_Icon-Sets_Mental-Health-square-c59b38c4a993a947d4c9280fbe2d2fee-.png\" alt=\"\" onerror=\"this.style.display='none'\" loading=\"lazy\" \/>\n\t\t\t\t<\/a>\n\t<\/figure>\n\t\t<h4><a href=\"\/es\/recursos\/mdreentry\/?utm_source=Home&#038;utm_medium=Referral&#038;utm_campaign=211Resources&#038;utm_content=Reentry\" target=\"_self\">Reentrada<\/a><\/h4><figure itemscope itemtype=\"https:\/\/schema.org\/ImageObject\">\n\t\t\t\t<a href=\"\/es\/recursos\/mdreentry\/?utm_source=Home&#038;utm_medium=Referral&#038;utm_campaign=211Resources&#038;utm_content=Reentry\"  target=\"_self\" itemprop=\"url\">\n\t\t\t\t<img decoding=\"async\" src=\"https:\/\/211md.org\/wp-content\/uploads\/bb-plugin\/cache\/2025_211_Icon-Sets_Reentry-square-8676fea38abd920a832f45642fe31cca-.png\" alt=\"Icono de reentrada\" height=\"417\" width=\"417\" title=\"2025_211_Conjuntos de iconos_Reentrada\" onerror=\"this.style.display='none'\" loading=\"lazy\" \/>\n\t\t\t\t<\/a>\n\t<\/figure>\n\t\t<h4><a href=\"\/es\/recursos\/consumo-de-sustancias\/?utm_source=Home&#038;utm_medium=Referral&#038;utm_campaign=211Resources&#038;utm_content=Substance\" target=\"_self\">Uso de sustancias<\/a><\/h4><figure itemscope itemtype=\"https:\/\/schema.org\/ImageObject\">\n\t\t\t\t<a href=\"\/es\/recursos\/consumo-de-sustancias\/?utm_source=Home&#038;utm_medium=Referral&#038;utm_campaign=211Resources&#038;utm_content=Substance\"  target=\"_self\" itemprop=\"url\">\n\t\t\t\t<img decoding=\"async\" src=\"https:\/\/211md.org\/wp-content\/uploads\/bb-plugin\/cache\/2025_MdInfoNet_Icon-Sets_Substance-Abuse-square-9022fec9d18a64118ad685c101885b55-.png\" alt=\"\" onerror=\"this.style.display='none'\" loading=\"lazy\" \/>\n\t\t\t\t<\/a>\n\t<\/figure>\n\t\t<h4><a href=\"\/es\/recursos\/veteranos\/?utm_source=Home&#038;utm_medium=Referral&#038;utm_campaign=211Resources&#038;utm_content=Veterans\" target=\"_self\">veteranos<\/a><\/h4><figure itemscope itemtype=\"https:\/\/schema.org\/ImageObject\">\n\t\t\t\t<a href=\"\/es\/recursos\/veteranos\/?utm_source=Home&#038;utm_medium=Referral&#038;utm_campaign=211Resources&#038;utm_content=Veterans\"  target=\"_self\" itemprop=\"url\">\n\t\t\t\t<img decoding=\"async\" src=\"https:\/\/211md.org\/wp-content\/uploads\/bb-plugin\/cache\/2025_MdInfoNet_Icon-Sets_Rating-square-6e60d00cce4faa8e0a6d4ad7366aa733-.png\" alt=\"\" onerror=\"this.style.display='none'\" loading=\"lazy\" \/>\n\t\t\t\t<\/a>\n\t<\/figure>","protected":false},"excerpt":{"rendered":"<p>Con\u00e9ctese a los recursos de reingreso Bienvenido a la nueva p\u00e1gina de recursos integrales de Maryland para ayudar a los encarcelados y ex encarcelados, y a sus familias. Encuentre la informaci\u00f3n y los recursos que necesita y merece.  Reingreso de texto al 898-211 Reg\u00edstrese para recibir mensajes de texto con informaci\u00f3n, servicios, programas y eventos de reingreso. Los usuarios de dispositivos m\u00f3viles tambi\u00e9n pueden hacer clic en el bot\u00f3n...<\/p>","protected":false},"author":7,"featured_media":4087,"parent":930,"menu_order":0,"comment_status":"closed","ping_status":"closed","template":"","meta":{"footnotes":""},"class_list":["post-4075","page","type-page","status-publish","has-post-thumbnail","hentry"],"_links":{"self":[{"href":"https:\/\/211md.org\/es\/wp-json\/wp\/v2\/pages\/4075","targetHints":{"allow":["GET"]}}],"collection":[{"href":"https:\/\/211md.org\/es\/wp-json\/wp\/v2\/pages"}],"about":[{"href":"https:\/\/211md.org\/es\/wp-json\/wp\/v2\/types\/page"}],"author":[{"embeddable":true,"href":"https:\/\/211md.org\/es\/wp-json\/wp\/v2\/users\/7"}],"replies":[{"embeddable":true,"href":"https:\/\/211md.org\/es\/wp-json\/wp\/v2\/comments?post=4075"}],"version-history":[{"count":9,"href":"https:\/\/211md.org\/es\/wp-json\/wp\/v2\/pages\/4075\/revisions"}],"predecessor-version":[{"id":33660,"href":"https:\/\/211md.org\/es\/wp-json\/wp\/v2\/pages\/4075\/revisions\/33660"}],"up":[{"embeddable":true,"href":"https:\/\/211md.org\/es\/wp-json\/wp\/v2\/pages\/930"}],"wp:featuredmedia":[{"embeddable":true,"href":"https:\/\/211md.org\/es\/wp-json\/wp\/v2\/media\/4087"}],"wp:attachment":[{"href":"https:\/\/211md.org\/es\/wp-json\/wp\/v2\/media?parent=4075"}],"curies":[{"name":"Gracias","href":"https:\/\/api.w.org\/{rel}","templated":true}]}}