{"id":4106,"date":"2024-07-10T20:00:00","date_gmt":"2024-07-11T00:00:00","guid":{"rendered":"https:\/\/211md.org\/?page_id=4106"},"modified":"2024-09-30T11:13:41","modified_gmt":"2024-09-30T15:13:41","slug":"ya-2","status":"publish","type":"page","link":"https:\/\/211md.org\/es\/about\/text-messages\/mdready-2\/","title":{"rendered":"Alertas de texto personalizadas de MdReady"},"content":{"rendered":"<h2>Alertas de texto de emergencia de Maryland<\/h2>\n<p>La nueva tecnolog\u00eda de MdReady ofrece alertas ultrarr\u00e1pidas sobre condiciones meteorol\u00f3gicas extremas, inundaciones, incendios forestales y amenazas a la salud p\u00fablica. Reciba alertas para su ubicaci\u00f3n y en su idioma preferido.<\/p>\n<p>Esta asociaci\u00f3n entre 211 Maryland y el <a href=\"https:\/\/mdready.maryland.gov\/Pages\/default.aspx\" target=\"_blank\" rel=\"noopener\">Departamento de Manejo de Emergencias de Maryland<\/a> lo mantiene informado para que pueda planificar y prepararse.<\/p>\n\t\t\t\t<img decoding=\"async\" src=\"http:\/\/211md.org\/wp-content\/uploads\/2024\/07\/MdReady-Color-Logo.png\" alt=\"Logotipo en color de MdReady\" itemprop=\"image\" title=\"Logotipo en color de MdReady\" onerror=\"this.style.display='none'\"  \/>\n\t<h3>Personaliza tus alertas<\/h3>\n<p><em>211 Maryland ofrece programas de alerta por mensaje de texto que brindan informaci\u00f3n sobre recursos espec\u00edficos de la regi\u00f3n o alertas de desastres. Pueden aplicarse tarifas por mensajes y datos. La frecuencia de los mensajes puede variar. <strong>DETENER<\/strong> al mismo n\u00famero para darse de baja. Para obtener ayuda, env\u00ede un mensaje de texto <strong>AYUDA<\/strong>. T\u00e9rminos y condiciones completos de SMS en\u00a0<a href=\"https:\/\/211md.org\/es\/sms\/\">https:\/\/211md.org\/sms\/<\/a>\u00a0y\u00a0<a href=\"https:\/\/211md.org\/es\/politica-de-privacidad\/\">pol\u00edtica de privacidad<\/a>\u00a0tambi\u00e9n se aplicar\u00e1.\u00a0<\/em><\/p>\n\t<h2>Acerca de MdReady<\/h2>\n<p>Desde febrero de 2020, 211 se ha asociado con MDEM para enviar alertas de texto antes, durante y despu\u00e9s de una crisis. Casi 190.000 personas se han suscrito a estas alertas.<\/p>\n<p>Esta nueva tecnolog\u00eda nos permite llegar a los suscriptores en poco m\u00e1s de seis minutos.<\/p>\n<p>Al elegir su idioma y ubicaci\u00f3n preferidos, los usuarios pueden recibir alertas m\u00e1s personalizadas. La traducci\u00f3n est\u00e1 disponible en 183 idiomas.<\/p>\n<p>En una emergencia como una inundaci\u00f3n repentina, los niveles de agua pueden subir varios pies en cuesti\u00f3n de minutos, por lo que cada segundo cuenta.<\/p>\n<p>MdReady\/MdListo siempre est\u00e1 listo para ayudar a Maryland a prepararse, mantenerse informado y recuperarse.<\/p>\n<p>Para acceder a consejos e informaci\u00f3n de preparaci\u00f3n, instale la aplicaci\u00f3n web MdReady visitando\u00a0<a href=\"http:\/\/mdready.maryland.gov\/\" target=\"_blank\" rel=\"noopener\">MdReady.Maryland.gov<\/a> en el navegador web de su dispositivo m\u00f3vil.<\/p>\n<h3>\n\t\tDifunda informaci\u00f3n sobre estas alertas\n\t<\/h3>\n\t<p>Agradecemos su inter\u00e9s en difundir el conocimiento de las alertas de texto MdReady del estado, que informan a los residentes de Maryland antes, durante y despu\u00e9s de una crisis.<\/p>\n<p>\u00a1Ay\u00fadanos a difundir el mensaje! <a href=\"https:\/\/forms.gle\/4BvexjFkxUy4qmfZ6?utm_source=Link&amp;utm_medium=211Web&amp;utm_campaign=Marketing&amp;utm_content=\" target=\"_blank\" rel=\"noopener\">Solicitar acceso a los archivos MdReady<\/a>.<\/p>","protected":false},"excerpt":{"rendered":"<p>Alertas de texto de emergencia de Maryland La nueva tecnolog\u00eda de MdReady ofrece alertas ultrarr\u00e1pidas sobre condiciones clim\u00e1ticas extremas, inundaciones, incendios forestales y amenazas a la salud p\u00fablica. Reciba alertas para su ubicaci\u00f3n y en su idioma preferido. Esta asociaci\u00f3n entre 211 Maryland y el Departamento de Gesti\u00f3n de Emergencias de Maryland lo mantiene informado para que pueda planificar y prepararse. Personalice sus alertas 211 Maryland\u2026<\/p>","protected":false},"author":13,"featured_media":0,"parent":962,"menu_order":0,"comment_status":"closed","ping_status":"closed","template":"","meta":{"footnotes":""},"class_list":["post-4106","page","type-page","status-publish","hentry"],"_links":{"self":[{"href":"https:\/\/211md.org\/es\/wp-json\/wp\/v2\/pages\/4106","targetHints":{"allow":["GET"]}}],"collection":[{"href":"https:\/\/211md.org\/es\/wp-json\/wp\/v2\/pages"}],"about":[{"href":"https:\/\/211md.org\/es\/wp-json\/wp\/v2\/types\/page"}],"author":[{"embeddable":true,"href":"https:\/\/211md.org\/es\/wp-json\/wp\/v2\/users\/13"}],"replies":[{"embeddable":true,"href":"https:\/\/211md.org\/es\/wp-json\/wp\/v2\/comments?post=4106"}],"version-history":[{"count":0,"href":"https:\/\/211md.org\/es\/wp-json\/wp\/v2\/pages\/4106\/revisions"}],"up":[{"embeddable":true,"href":"https:\/\/211md.org\/es\/wp-json\/wp\/v2\/pages\/962"}],"wp:attachment":[{"href":"https:\/\/211md.org\/es\/wp-json\/wp\/v2\/media?parent=4106"}],"curies":[{"name":"Gracias","href":"https:\/\/api.w.org\/{rel}","templated":true}]}}