{"id":486,"date":"2021-03-29T16:04:06","date_gmt":"2021-03-29T16:04:06","guid":{"rendered":"https:\/\/211md.org\/?page_id=486"},"modified":"2026-01-08T08:51:22","modified_gmt":"2026-01-08T13:51:22","slug":"pareja","status":"publish","type":"page","link":"https:\/\/211md.org\/es\/partner\/","title":{"rendered":"Proveedores de servicios comunitarios"},"content":{"rendered":"<img decoding=\"async\" src=\"https:\/\/stg-maryland211-staging.kinsta.cloud\/wp-content\/uploads\/2025\/08\/5-1-scaled.png\" alt=\"5\" itemprop=\"image\" height=\"692\" width=\"2560\" title=\"5\" onerror=\"this.style.display='none'\" loading=\"lazy\" \/>\n\t\t<p>Colaboramos con proveedores comunitarios para conectar a los residentes de Maryland con los servicios esenciales. Como administrador estatal autorizado de los servicios 211, Maryland Information Network tambi\u00e9n facilita el acceso a la informaci\u00f3n. <\/p>\n<p>Si est\u00e1s ayudando a los afectados por el cierre del gobierno federal, cu\u00e9ntanoslo en <a href=\"https:\/\/bit.ly\/211-food-help\" target=\"_blank\" rel=\"noopener\">este formulario<\/a> as\u00ed podremos informar al p\u00fablico sobre los recursos cercanos.<\/p>\n\t\t\t<a href=\"#start\" target=\"_self\">\n\t\t\t\t\t\tEmpezar\n\t\t\t\t\t<\/a>\n\t\t\t\t<img decoding=\"async\" src=\"https:\/\/211md.org\/wp-content\/plugins\/bb-plugin\/img\/pixel.png\" alt=\"\" itemprop=\"image\" onerror=\"this.style.display='none'\" loading=\"lazy\" \/>\n\t\t\t\t<img decoding=\"async\" src=\"https:\/\/211md.org\/wp-content\/uploads\/2023\/01\/211-database.png\" alt=\"211 base de datos de recursos de b\u00fasqueda\" itemprop=\"image\" height=\"564\" width=\"1024\" title=\"base de datos 211\" onerror=\"this.style.display='none'\" loading=\"lazy\" \/>\n\t\t<h2>Agregue su recurso comunitario a nuestra base de datos<\/h2>\n\t\t<p>Con m\u00e1s de 8.500 recursos comunitarios, nuestra base de datos es la m\u00e1s completa del estado en cuanto a necesidades esenciales.<\/p>\n<p><a href=\"https:\/\/211md.org\/es\/politica-de-inclusion\/\" rel=\"noopener\">Leer<\/a> nuestra pol\u00edtica de inclusi\u00f3n. Si su agencia cumple con los criterios, <a href=\"http:\/\/search.211md.org\" target=\"_blank\" rel=\"noopener\">controlar<\/a> para comprobar si ya est\u00e1s en la lista.<\/p>\n<p>\u00bfNo apareces en la lista? Dinos si quieres unirte a la Base de Datos de Recursos Comunitarios.<\/p>\n\t\t\t<a href=\"https:\/\/docs.google.com\/forms\/d\/e\/1FAIpQLSdP1V4oqiAOGr2uK9rkCIxzTpexnlyuDmDkqfJ0CjtIbmWV0A\/viewform\" target=\"_blank\" rel=\"noopener\">\n\t\t\t\t\t\t\tAgregar recurso\n\t\t\t\t\t<\/a>\n\t<h3>Actualice su lista de recursos<\/h3>\n<p>\u00bfHa cambiado la programaci\u00f3n de su agencia o su horario? Si necesita actualizar su lista de recursos, env\u00edenos un correo electr\u00f3nico a: <a href=\"mailto:resources@211md.org\" target=\"_blank\" rel=\"noopener\">resources@211md.org<\/a>.<\/p>\n\t\t\t\t<img decoding=\"async\" src=\"https:\/\/211md.org\/wp-content\/uploads\/2023\/01\/2022_MIN_Logo_White.png\" alt=\"Logotipo MIN Blanco\" itemprop=\"image\" height=\"446\" width=\"1272\" title=\"2022_MIN_Logotipo_Blanco\" onerror=\"this.style.display='none'\" loading=\"lazy\" \/>\n\t\t\n\t\t<h3><strong>Desde 2010, <\/strong><strong>Red de informaci\u00f3n de Maryland<br \/>\nHa alimentado el sistema 211 en Maryland.<\/strong><\/h3>\n\t\t\t<a href=\"https:\/\/mdinfonet.org\/\" target=\"_blank\" rel=\"noopener\">\n\t\t\t\t\t\tAprende m\u00e1s\n\t\t\t\t\t<\/a>\n\t\t\t\t<img decoding=\"async\" src=\"https:\/\/211md.org\/wp-content\/uploads\/2023\/01\/211-MD_Logo-white-400x273.png\" alt=\"211 Maryland Logo white\" itemprop=\"image\" height=\"273\" width=\"400\" title=\"211-MD_Logo-blanco\" onerror=\"this.style.display='none'\" loading=\"lazy\" \/>\n\t<h2>Informe a los dem\u00e1s sobre el 211<\/h2>\n<h4><em>Descargue y utilice el kit de herramientas de marketing 211<\/em><\/h4>\n<p>Agradecemos su ayuda para conectar a los habitantes de Maryland con el 211. Descargue materiales de marketing digital o solicite materiales listos para imprimir para compartir con su comunidad.<\/p>\n\t\t\t<a href=\"https:\/\/211md.org\/es\/kit-de-herramientas-de-marketing\/\" target=\"_blank\" rel=\"noopener\">\n\t\t\t\t\t\t\tObtenga materiales de marketing\n\t\t\t\t\t<\/a>\n\t\t\t\t<img decoding=\"async\" src=\"http:\/\/211md.org\/wp-content\/uploads\/2021\/05\/Top-View-Postcard-Mockup-scaled.jpg\" alt=\"211 tarjetas de extensi\u00f3n de Maryland\" itemprop=\"image\" title=\"Maqueta de postal de vista superior\" onerror=\"this.style.display='none'\" loading=\"lazy\" \/>\n\t\t<h2>\u00bfTiene alguna pregunta sobre 211?<\/h2>\n\t\t<p>Lea nuestras Preguntas frecuentes (FAQ) o\u00a0<strong><a href=\"\/es\/contactenos\/\">Cont\u00e1ctenos<\/a>.<\/strong><\/p>\n\t\t\t<a href=\"\/es\/about\/preguntas-mas-frecuentes\/\" target=\"_self\">\n\t\t\t\t\t\t\tLea nuestras preguntas frecuentes\n\t\t\t\t\t<\/a>\n<h2>\n\t\t\tLas asociaciones fortalecen a las comunidades\t<\/h2>\n\t<p>En momentos de gran necesidad, las agencias estatales y locales recurren a nosotros para conectar a los habitantes de Maryland.<\/p>\n\t\t\t\t<img decoding=\"async\" src=\"http:\/\/211md.org\/wp-content\/uploads\/2022\/04\/Group-333.svg\" alt=\"Logotipo de la Oficina de Asuntos de Inmigrantes del Gobernador de Maryland\" itemprop=\"image\" height=\"215\" width=\"245\" title=\"Logotipo de la Oficina de Asuntos de Inmigrantes del Gobernador de Maryland\" onerror=\"this.style.display='none'\" loading=\"lazy\" \/>\n<h3>MDStopHate<\/h3><p>Denunciar odio, discriminaci\u00f3n o acoso.<\/p>\n<p>211 tambi\u00e9n es un recurso integral para inmigrantes y nuevos estadounidenses, que brinda soporte multiling\u00fce en m\u00e1s de 150 idiomas.<\/p>\n<p>&nbsp;<\/p>\n\t\t\t\t<img decoding=\"async\" src=\"http:\/\/211md.org\/wp-content\/uploads\/2021\/05\/Health-DoL_primary_rgb_300ppi-1@2x.png\" alt=\"Logotipo del Departamento de Salud de Maryland\" itemprop=\"image\" title=\"Salud DoL_primary_rgb_300ppi (1)@2x\" onerror=\"this.style.display='none'\" loading=\"lazy\" \/>\n<h3>211 Coordinaci\u00f3n de atenci\u00f3n de salud conductual<\/h3><p>Estos programas conectan al personal del hospital y a los pacientes con servicios de salud conductual basados en la comunidad. Tambi\u00e9n cierran el c\u00edrculo con los pacientes y los planificadores del alta.<\/p>\n<p>&nbsp;<\/p>\n<h2>\n\t\t\tNuestros compa\u00f1eros\t<\/h2>\n\t\t\t\t<img decoding=\"async\" src=\"https:\/\/211md.org\/wp-content\/uploads\/2021\/04\/NAMI-Md@2x.png\" alt=\"Logotipo de NAMI Maryland\" itemprop=\"image\" height=\"38\" width=\"210\" title=\"NAMI Md@2x\" onerror=\"this.style.display='none'\" loading=\"lazy\" \/>\n\t\t\t\t<img decoding=\"async\" src=\"http:\/\/211md.org\/wp-content\/uploads\/2021\/06\/DOH-Logo.svg\" alt=\"Logotipo del Departamento de Salud de Maryland\" itemprop=\"image\" height=\"95\" width=\"118\" title=\"Logotipo del Departamento de Salud\" onerror=\"this.style.display='none'\" loading=\"lazy\" \/>\n\t\t\t\t<img decoding=\"async\" src=\"http:\/\/211md.org\/wp-content\/uploads\/2024\/01\/Mid-Shore-Health-Improvement-Coalition-logo.png\" alt=\"Logotipo de la Coalici\u00f3n para la mejora de la salud de Mid Shore\" itemprop=\"image\" title=\"Logotipo de la Coalici\u00f3n para la mejora de la salud de Mid Shore\" onerror=\"this.style.display='none'\" loading=\"lazy\" \/>\n\t\t\t\t<img decoding=\"async\" src=\"https:\/\/211md.org\/wp-content\/uploads\/2021\/05\/Aging-DoL_primary_rgb_300ppi-3@2x.png\" alt=\"Logotipo del Departamento de Envejecimiento de Maryland\" itemprop=\"image\" height=\"213\" width=\"260\" title=\"Envejecimiento DoL_primary_rgb_300ppi (3)@2x\" onerror=\"this.style.display='none'\" loading=\"lazy\" \/>\n\t\t\t\t<img decoding=\"async\" src=\"http:\/\/211md.org\/wp-content\/uploads\/2024\/06\/Department-of-Public-Safety-and-Corrections.png\" alt=\"Departamento de Seguridad P\u00fablica y Correccionales\" itemprop=\"image\" title=\"Departamento de Seguridad P\u00fablica y Correccionales\" onerror=\"this.style.display='none'\" loading=\"lazy\" \/>\n\t\t\t\t<img decoding=\"async\" src=\"https:\/\/211md.org\/wp-content\/uploads\/2021\/06\/DoL_juvenile-logo.svg\" alt=\"Logotipo del Departamento de Servicios Juveniles de Maryland\" itemprop=\"image\" height=\"103\" width=\"118\" title=\"Logotipo de DoL_juvenil\" onerror=\"this.style.display='none'\" loading=\"lazy\" \/>\n\t\t\t\t<img decoding=\"async\" src=\"https:\/\/211md.org\/wp-content\/uploads\/2021\/05\/RALI-Logo.svg\" alt=\"logotipo RALI\" itemprop=\"image\" height=\"111\" width=\"236\" title=\"Logotipo de RALI\" onerror=\"this.style.display='none'\" loading=\"lazy\" \/>\n\t\t\t\t<img decoding=\"async\" src=\"https:\/\/211md.org\/wp-content\/uploads\/2023\/01\/MDEM-primary-black-logo.png\" alt=\"Logotipo negro primario de MDEM\" itemprop=\"image\" height=\"233\" width=\"266\" title=\"Logotipo negro primario de MDEM\" onerror=\"this.style.display='none'\" loading=\"lazy\" \/>\n\t\t\t\t<img decoding=\"async\" src=\"https:\/\/211md.org\/wp-content\/uploads\/2021\/06\/MDH-logo.svg\" alt=\"Logotipo de la Oficina de Preparaci\u00f3n y Respuesta del Departamento de Salud de Maryland\" itemprop=\"image\" height=\"101\" width=\"172\" title=\"logotipo de MDH\" onerror=\"this.style.display='none'\" loading=\"lazy\" \/>\n\t\t\t<a href=\"https:\/\/211md.org\/es\/contactenos\/\" target=\"_self\">\n\t\t\t\t\t\t\tVamos a asociarnos\n\t\t\t\t\t<\/a>\n\t<h2>Preguntas frecuentes para socios<\/h2>\n\t\t\t\t\t<h3 id=\"fl-accordion--label-0\" tabindex=\"0\" aria-controls=\"fl-accordion--panel-0\">\u00bfQu\u00e9 es 211 Maryland?<\/h3>\n\t\t\t\t\t\t\t\t\t\t\t<a href=\"#\" id=\"fl-accordion--icon-0\"  tabindex=\"0\"><i title=\"Colapsar\">Colapsar<\/i><\/a>\n\t\t\t\t\t<p>211 Maryland es el Sistema de Informaci\u00f3n y Referencias de Salud y Servicios Humanos m\u00e1s completo del estado. Con m\u00e1s de 7500 recursos, las personas con necesidades esenciales pueden acceder a ayuda local las 24 horas, los 7 d\u00edas de la semana, los 365 d\u00edas del a\u00f1o. 211 Maryland es un servicio gratuito y confidencial, con traducci\u00f3n disponible a m\u00e1s de 150 idiomas.<\/p>\n<p>\u00c9l<a href=\"https:\/\/mdinfonet.org\/\" target=\"_blank\" rel=\"noopener\">\u00a0Red de informaci\u00f3n de Maryland<\/a>\u00a0(MdInfoNet), una organizaci\u00f3n sin fines de lucro 501(c)3, es el administrador designado por el estado del sistema 211 en Maryland.<\/p>\n\t\t\t\t\t<h3 id=\"fl-accordion--label-1\" tabindex=\"0\" aria-controls=\"fl-accordion--panel-1\">\u00bfC\u00f3mo mantiene actualizada su base de datos de recursos?<\/h3>\n\t\t\t\t\t\t\t\t\t\t\t<a href=\"#\" id=\"fl-accordion--icon-1\"  tabindex=\"0\"><i title=\"Expandir\">Expandir<\/i><\/a>\n\t\t\t\t\t<p>La base de datos integral de m\u00e1s de 7500 recursos estatales se actualiza al menos una vez al a\u00f1o y, a menudo, con mayor frecuencia. Nos basamos en nuestra verificaci\u00f3n anual, las actualizaciones de las agencias y los comentarios de quienes llaman para conectar a los residentes de Maryland con los mejores recursos para su ubicaci\u00f3n y las \u00faltimas calificaciones del programa en el momento de su necesidad.<\/p>\n<p><a href=\"https:\/\/211md.org\/es\/pareja\/\">Verifique su organizaci\u00f3n en la base de datos 211 Maryland<\/a>y actualizarlo.<\/p>\n\t\t\t\t\t<h3 id=\"fl-accordion--label-2\" tabindex=\"0\" aria-controls=\"fl-accordion--panel-2\">\u00bfC\u00f3mo agrego mi agencia a la base de datos?<\/h3>\n\t\t\t\t\t\t\t\t\t\t\t<a href=\"#\" id=\"fl-accordion--icon-2\"  tabindex=\"0\"><i title=\"Expandir\">Expandir<\/i><\/a>\n\t\t\t\t\t<p>Como conector central de Maryland, damos la bienvenida a nuevas organizaciones a nuestra base de datos. Aceptamos solicitudes de los siguientes grupos sin fines de lucro y con fines de lucro:<\/p>\n<ul>\n<li>Sin \u00e1nimo de lucro\u00a0<u>y<\/u>\u00a0organizaciones cr\u00edticas con fines de lucro y agencias gubernamentales y funcionarios que brindan servicios de salud, sociales, educativos, bibliotecarios, laborales, legales, recreativos y otros servicios humanos.<\/li>\n<li>Organizaciones sin fines de lucro, como grupos religiosos, clubes sociales y asociaciones comunitarias, que ofrecen servicios a la comunidad en general, no solo a sus propios miembros.<\/li>\n<li>Grupos de apoyo de autoayuda sin fines de lucro (un \u201cgrupo de autoayuda\u201d es una reuni\u00f3n voluntaria de personas que comparten un problema, condici\u00f3n o historia similar).<\/li>\n<li>Sin \u00e1nimo de lucro\u00a0<u>y<\/u>\u00a0Organizaciones cr\u00edticas con fines de lucro, multiestatales o nacionales no ubicadas en Maryland que brindan servicios humanos y de salud a los residentes de Maryland.<\/li>\n<li>Organizaciones sin fines de lucro que abogan por programas y pol\u00edticas de servicios humanos que apoyen un medio ambiente saludable.<\/li>\n<\/ul>\n<p>Para m\u00e1s informaci\u00f3n y para iniciar el proceso de solicitud,\u00a0<a href=\"https:\/\/211md.org\/es\/pareja\/\">ven aqu\u00ed.<\/a><\/p>\n\t\t\t\t\t<h3 id=\"fl-accordion--label-3\" tabindex=\"0\" aria-controls=\"fl-accordion--panel-3\">\u00bfSus especialistas en llamadas al 211 de Maryland est\u00e1n capacitados o certificados?<\/h3>\n\t\t\t\t\t\t\t\t\t\t\t<a href=\"#\" id=\"fl-accordion--icon-3\"  tabindex=\"0\"><i title=\"Expandir\">Expandir<\/i><\/a>\n\t\t\t\t\t<p>El personal del centro de llamadas est\u00e1 certificado y acreditado por el programa Alliance of Information and Referral Systems (AIRS) y la American Association of Suicidology (AAS). Ambas son organizaciones profesionales nacionales.<\/p>\n<p>Los especialistas en informaci\u00f3n y referencias tambi\u00e9n tienen formaci\u00f3n y experiencia en recursos de servicios humanos y de salud. Tienen una licenciatura o maestr\u00eda en trabajo social, servicios humanos, consejer\u00eda o campos relacionados, adem\u00e1s de al menos un a\u00f1o de experiencia.<\/p>\n\t\t\t\t\t<h3 id=\"fl-accordion--label-4\" tabindex=\"0\" aria-controls=\"fl-accordion--panel-4\">\u00bfQu\u00e9 tipo de llamadas contestas?<\/h3>\n\t\t\t\t\t\t\t\t\t\t\t<a href=\"#\" id=\"fl-accordion--icon-4\"  tabindex=\"0\"><i title=\"Expandir\">Expandir<\/i><\/a>\n\t\t\t\t\t<p>211 Maryland puede servir como conector central para las siguientes necesidades esenciales de salud y servicios humanos:<\/p>\n<ul>\n<li>Alimento<\/li>\n<li>Alojamiento<\/li>\n<li>Refugio de emergencia<\/li>\n<li>Asistencia de servicios p\u00fablicos<\/li>\n<li>Asistencia financiera<\/li>\n<li>Abuso de sustancias<\/li>\n<li>Salud mental<\/li>\n<li>Suicidio e intervenci\u00f3n en crisis.<\/li>\n<li>Cuidado de la salud<\/li>\n<li>Ni\u00f1os y familias (cuidado de ni\u00f1os, apoyo para padres, suministros y ropa, preparaci\u00f3n escolar)<\/li>\n<li>Informaci\u00f3n fiscal y asistencia en la preparaci\u00f3n<\/li>\n<li>Envejecimiento y discapacidad<\/li>\n<li>Servicios Legales<\/li>\n<li>Violencia dom\u00e9stica, albergue y apoyo<\/li>\n<li>Empleo<\/li>\n<li>veteranos<\/li>\n<li>Transportaci\u00f3n<\/li>\n<\/ul>\n\t\t\t\t\t<h3 id=\"fl-accordion--label-5\" tabindex=\"0\" aria-controls=\"fl-accordion--panel-5\">\u00bfCu\u00e1l es la diferencia entre la l\u00ednea de ayuda 211 Maryland United Way y 211 Maryland?<\/h3>\n\t\t\t\t\t\t\t\t\t\t\t<a href=\"#\" id=\"fl-accordion--icon-5\"  tabindex=\"0\"><i title=\"Expandir\">Expandir<\/i><\/a>\n\t\t\t\t\t<p>Establecida por ley estatal, la Red de Informaci\u00f3n de Maryland (MdInfoNet) es el administrador designado por el estado del sistema 211 en Maryland. MdInfoNet supervisa y mantiene una red de servicios de informaci\u00f3n y referencias disponible para todos los residentes de Maryland. Para conectar a los residentes de Maryland en todas las regiones del estado, contamos con una red de centros de llamadas.<\/p>\n<p>United Way of Central Maryland brinda cobertura para un \u00e1rea del estado. 211 Maryland utiliza otros centros de llamadas ubicados estrat\u00e9gicamente para llegar a los habitantes de Maryland en todas las regiones del estado.<\/p>\n\t\t\t\t\t<h3 id=\"fl-accordion--label-6\" tabindex=\"0\" aria-controls=\"fl-accordion--panel-6\">\u00bfC\u00f3mo puedo informar a otros sobre 211 Maryland y sus programas?<\/h3>\n\t\t\t\t\t\t\t\t\t\t\t<a href=\"#\" id=\"fl-accordion--icon-6\"  tabindex=\"0\"><i title=\"Expandir\">Expandir<\/i><\/a>\n\t\t\t\t\t<p>Agradecemos que informe a los residentes de Maryland sobre los programas y servicios de 211 Maryland. Puede usar nuestras tarjetas de divulgaci\u00f3n y hojas informativas.\u00a0<a href=\"https:\/\/211md.org\/es\/kit-de-herramientas-de-marketing\/\" target=\"_blank\" rel=\"noopener\">Descarga las herramientas de marketing.<\/a><\/p>\n\t\t\t\t\t<h3 id=\"fl-accordion--label-7\" tabindex=\"0\" aria-controls=\"fl-accordion--panel-7\">\u00bfC\u00f3mo se financia 211 Maryland?<\/h3>\n\t\t\t\t\t\t\t\t\t\t\t<a href=\"#\" id=\"fl-accordion--icon-7\"  tabindex=\"0\"><i title=\"Expandir\">Expandir<\/i><\/a>\n\t\t\t\t\t<p>El sistema 211 en Maryland est\u00e1 alimentado por el\u00a0<a href=\"https:\/\/mdinfonet.org\/\" target=\"_blank\" rel=\"noopener\">Red de informaci\u00f3n de Maryland<\/a>, una organizaci\u00f3n sin fines de lucro 501(c)(3). Se recibe financiamiento del sector p\u00fablico y privado.<\/p>\n\t\t\t\t\t<h3 id=\"fl-accordion--label-8\" tabindex=\"0\" aria-controls=\"fl-accordion--panel-8\">\u00bfLas donaciones son deducibles de impuestos?<\/h3>\n\t\t\t\t\t\t\t\t\t\t\t<a href=\"#\" id=\"fl-accordion--icon-8\"  tabindex=\"0\"><i title=\"Expandir\">Expandir<\/i><\/a>\n\t\t\t\t\t<p>S\u00ed.\u00a0<a href=\"https:\/\/211md.org\/es\/donar\/\">Las donaciones son deducibles de impuestos<\/a>.<\/p>\n\t\t\t\t\t<h3 id=\"fl-accordion--label-9\" tabindex=\"0\" aria-controls=\"fl-accordion--panel-9\">\u00bfC\u00f3mo me comunico con el sistema 211 en Maryland?<\/h3>\n\t\t\t\t\t\t\t\t\t\t\t<a href=\"#\" id=\"fl-accordion--icon-9\"  tabindex=\"0\"><i title=\"Expandir\">Expandir<\/i><\/a>\n\t\t\t\t\t<p><strong>Correo electr\u00f3nico:\u00a0<\/strong><a href=\"mailto:info@211md.org\">info@211md.org<\/a><\/p>\n<p><strong>Correo:<\/strong>\u00a09770 Patuxent Woods Drive, Suite 334, Columbia, MD 21046<\/p>","protected":false},"excerpt":{"rendered":"<p>Colaboramos con proveedores comunitarios para conectar a los residentes de Maryland con servicios esenciales. Como administrador estatal autorizado de los servicios 211, Maryland Information Network tambi\u00e9n facilita el acceso a la informaci\u00f3n. Si est\u00e1 ayudando a personas afectadas por el cierre del gobierno federal, inf\u00f3rmenos a trav\u00e9s de este formulario para que podamos informar al p\u00fablico sobre los recursos disponibles. Comience ahora\u2026<\/p>","protected":false},"author":8,"featured_media":33780,"parent":0,"menu_order":0,"comment_status":"closed","ping_status":"closed","template":"","meta":{"footnotes":""},"class_list":["post-486","page","type-page","status-publish","has-post-thumbnail","hentry"],"_links":{"self":[{"href":"https:\/\/211md.org\/es\/wp-json\/wp\/v2\/pages\/486","targetHints":{"allow":["GET"]}}],"collection":[{"href":"https:\/\/211md.org\/es\/wp-json\/wp\/v2\/pages"}],"about":[{"href":"https:\/\/211md.org\/es\/wp-json\/wp\/v2\/types\/page"}],"author":[{"embeddable":true,"href":"https:\/\/211md.org\/es\/wp-json\/wp\/v2\/users\/8"}],"replies":[{"embeddable":true,"href":"https:\/\/211md.org\/es\/wp-json\/wp\/v2\/comments?post=486"}],"version-history":[{"count":11,"href":"https:\/\/211md.org\/es\/wp-json\/wp\/v2\/pages\/486\/revisions"}],"predecessor-version":[{"id":34166,"href":"https:\/\/211md.org\/es\/wp-json\/wp\/v2\/pages\/486\/revisions\/34166"}],"wp:featuredmedia":[{"embeddable":true,"href":"https:\/\/211md.org\/es\/wp-json\/wp\/v2\/media\/33780"}],"wp:attachment":[{"href":"https:\/\/211md.org\/es\/wp-json\/wp\/v2\/media?parent=486"}],"curies":[{"name":"Gracias","href":"https:\/\/api.w.org\/{rel}","templated":true}]}}