{"id":4932,"date":"2025-08-18T17:21:52","date_gmt":"2025-08-18T21:21:52","guid":{"rendered":"https:\/\/211md.org\/?page_id=4932"},"modified":"2025-10-14T19:36:17","modified_gmt":"2025-10-14T23:36:17","slug":"refugio-seguro","status":"publish","type":"page","link":"https:\/\/211md.org\/es\/resources\/children-families\/safe-haven\/","title":{"rendered":"Refugio seguro: ayuda para nuevos padres que no pueden cuidar a un ni\u00f1o"},"content":{"rendered":"<img decoding=\"async\" src=\"http:\/\/211md.org\/wp-content\/uploads\/2025\/07\/Pregnant-mom-looking-out-window.jpg\" alt=\"Mam\u00e1 embarazada mirando por la ventana\" itemprop=\"image\" title=\"Mam\u00e1 embarazada mirando por la ventana\" onerror=\"this.style.display='none'\" loading=\"lazy\" \/>\n\t<p>Hay ayuda disponible para personas embarazadas o que han tenido un beb\u00e9 recientemente y no est\u00e1n listas para ser padres o formar una familia.<\/p>\n<h2>\u00bfQu\u00e9 es Safe Haven?<\/h2>\n<p>Safe Haven ofrece una alternativa legal y segura para que los padres entreguen de forma an\u00f3nima un beb\u00e9 sano de hasta 60 d\u00edas de edad.<\/p>\n<p>No existen consecuencias legales por utilizar el programa si el beb\u00e9 ha sido cuidado hasta ese momento.<\/p>\n<p>No tienes que responder ninguna pregunta.<\/p>\n<p>El objetivo es brindarles a los padres una alternativa segura y brindarles a los beb\u00e9s un comienzo saludable.<\/p>\n\t<h2>C\u00f3mo funciona<\/h2>\n<p>Los padres u otro adulto mayor de 18 a\u00f1os pueden entregar al beb\u00e9 en una instalaci\u00f3n designada.<\/p>\n<p>Estos incluyen estaciones de bomberos, comisar\u00edas de polic\u00eda o un consultorio m\u00e9dico designado.<\/p>\n<p>Lo \u00fanico que hay que decir es: \u201c\u00c9ste es un beb\u00e9 de Safe Haven\u201d.<\/p>\n<p>Como socio de Safe Haven, 211 puede conectar a los residentes de Maryland con ubicaciones locales de Safe Haven.<\/p>\n<p>Marque 211 y hable con una persona atenta y compasiva que le brindar\u00e1 apoyo confiable y claro.<\/p>\n\t\t\t\t<img decoding=\"async\" src=\"https:\/\/211md.org\/wp-content\/uploads\/2025\/08\/Safe-Haven-logo-400x279.png\" alt=\"Logotipo de Safe Haven\" itemprop=\"image\" height=\"279\" width=\"400\" title=\"Logotipo de Safe Haven\" onerror=\"this.style.display='none'\" loading=\"lazy\" \/>\n\t\t<h3>Encuentre un lugar de refugio seguro<\/h3>\n\t\t<p>Los padres tambi\u00e9n pueden buscar ubicaciones en Maryland por c\u00f3digo postal.<\/p>\n<p>Cuando la persona llegue con el beb\u00e9 ileso, diga: \u201cEste es un beb\u00e9 de refugio seguro\u201d.<\/p>\n\t\t\t<a href=\"https:\/\/search.211md.org\/search?query=LJ-5000.8000&#038;query_label=Safe+Havens+for+Abandoned+Newborns&#038;query_type=taxonomy\" target=\"_blank\" rel=\"noopener\">\n\t\t\t\t\t\t\tEncuentre una ubicaci\u00f3n de refugio seguro\n\t\t\t\t\t<\/a>\n\t<h3>Preguntas frecuentes<\/h3>\n<p>\u00bfTienes preguntas? Obt\u00e9n respuestas o llama al 211 para obtener ayuda.<\/p>\n<h3>\u00bfQu\u00e9 es Safe Haven?<\/h3>\n<p>Un programa dise\u00f1ado para proteger al reci\u00e9n nacido del peligro o la muerte y para protegerlo a usted de acciones legales.<\/p>\n<p>El ni\u00f1o puede ser entregado sin arresto ni procesamiento dentro de los 60 d\u00edas siguientes al nacimiento.<\/p>\n<h3>\u00bfQu\u00e9 quieres decir con ileso?<\/h3>\n<p>Esto significa que el beb\u00e9 no sufre abuso ni negligencia y que no hay evidencia de lesiones f\u00edsicas ni de falta de cuidado del ni\u00f1o.<\/p>\n<h3>\u00bfD\u00f3nde se pueden entregar los beb\u00e9s de forma segura?<\/h3>\n<p>Los beb\u00e9s pueden ser entregados de forma an\u00f3nima en un hospital de Maryland, un consultorio m\u00e9dico designado, una estaci\u00f3n de polic\u00eda o una estaci\u00f3n de bomberos. <a href=\"https:\/\/search.211md.org\/search?query=LJ-5000.8000&amp;query_label=Safe+Havens+for+Abandoned+Newborns&amp;query_type=taxonomy\" target=\"_blank\" rel=\"noopener\">Buscar<\/a> Para una ubicaci\u00f3n de Safe Haven por c\u00f3digo postal o llame al 211.<\/p>\n<h3>\u00bfQu\u00e9 debe decir alguien durante el traspaso?<\/h3>\n<p>Simplemente diga: \u201cEste es un refugio seguro, beb\u00e9\u201d y al\u00e9jese.<\/p>\n<p>Es posible que le hagan preguntas sobre la salud del beb\u00e9 y los antecedentes m\u00e9dicos familiares para que los cuidadores puedan brindarle una mejor atenci\u00f3n al beb\u00e9, pero no hay obligaci\u00f3n de responder estas preguntas.<\/p>\n<h3>Tengo miedo. \u00bfPuede alguien m\u00e1s hacer el traspaso por m\u00ed?<\/h3>\n<p>S\u00ed, siempre y cuando sean mayores de 18 a\u00f1os. No es necesario responder preguntas.<\/p>\n<p>Simplemente diga: \u201cEste es un refugio seguro, beb\u00e9\u201d.<\/p>\n<h3>\u00bfQu\u00e9 pasar\u00e1 con el beb\u00e9?<\/h3>\n<p>El beb\u00e9 recibir\u00e1 toda la atenci\u00f3n m\u00e9dica necesaria y luego ser\u00e1 dado de alta al Departamento de Servicios Sociales local y puesto en adopci\u00f3n.<\/p>\n<h3>\u00bfQu\u00e9 pasa si cambio de opini\u00f3n?<\/h3>\n<p>El objetivo es ubicar al beb\u00e9 en un hogar permanente, seguro y estable. Sin embargo, las personas pueden contactar con el Departamento de Servicios Sociales de su localidad.<\/p>\n<h3>\u00bfD\u00f3nde pueden los padres recibir atenci\u00f3n m\u00e9dica?<\/h3>\n<p>Si experimenta dolor, sangrado abundante o tiene fiebre, vaya a la sala de emergencias m\u00e1s cercana o comun\u00edquese con un m\u00e9dico para obtener ayuda.<\/p>\n<p>Recuerde, entregar un beb\u00e9 a Safe Haven es legal y no enfrentar\u00e1 consecuencias.<\/p>\n<h3>\u00bfTiene otras preguntas?<\/h3>\n<p>Marque 211, el Departamento de Servicios Humanos al 1-800-332-6347 o un <a href=\"https:\/\/dhs.maryland.gov\/local-offices\/\" target=\"_blank\" rel=\"noopener\">local<\/a> Departamento de Servicios Sociales. Las llamadas son an\u00f3nimas. Solicite hablar con alguien de Safe Haven.<\/p>\n<p>&nbsp;<\/p>","protected":false},"excerpt":{"rendered":"<p>Hay ayuda disponible para embarazadas o quienes hayan tenido un beb\u00e9 recientemente y no est\u00e9n listas para ser padres o formar una familia. \u00bfQu\u00e9 es Safe Haven? Safe Haven ofrece una alternativa legal y segura para que los padres entreguen de forma an\u00f3nima a un beb\u00e9 sano de hasta 60 d\u00edas de nacido. No hay\u2026<\/p>","protected":false},"author":7,"featured_media":4934,"parent":839,"menu_order":0,"comment_status":"closed","ping_status":"closed","template":"","meta":{"footnotes":""},"class_list":["post-4932","page","type-page","status-publish","has-post-thumbnail","hentry"],"_links":{"self":[{"href":"https:\/\/211md.org\/es\/wp-json\/wp\/v2\/pages\/4932","targetHints":{"allow":["GET"]}}],"collection":[{"href":"https:\/\/211md.org\/es\/wp-json\/wp\/v2\/pages"}],"about":[{"href":"https:\/\/211md.org\/es\/wp-json\/wp\/v2\/types\/page"}],"author":[{"embeddable":true,"href":"https:\/\/211md.org\/es\/wp-json\/wp\/v2\/users\/7"}],"replies":[{"embeddable":true,"href":"https:\/\/211md.org\/es\/wp-json\/wp\/v2\/comments?post=4932"}],"version-history":[{"count":6,"href":"https:\/\/211md.org\/es\/wp-json\/wp\/v2\/pages\/4932\/revisions"}],"predecessor-version":[{"id":4985,"href":"https:\/\/211md.org\/es\/wp-json\/wp\/v2\/pages\/4932\/revisions\/4985"}],"up":[{"embeddable":true,"href":"https:\/\/211md.org\/es\/wp-json\/wp\/v2\/pages\/839"}],"wp:featuredmedia":[{"embeddable":true,"href":"https:\/\/211md.org\/es\/wp-json\/wp\/v2\/media\/4934"}],"wp:attachment":[{"href":"https:\/\/211md.org\/es\/wp-json\/wp\/v2\/media?parent=4932"}],"curies":[{"name":"Gracias","href":"https:\/\/api.w.org\/{rel}","templated":true}]}}