{"id":521,"date":"2021-03-30T15:34:55","date_gmt":"2021-03-30T15:34:55","guid":{"rendered":"https:\/\/211md.org\/?page_id=521"},"modified":"2026-03-20T16:48:25","modified_gmt":"2026-03-20T20:48:25","slug":"about","status":"publish","type":"page","link":"https:\/\/211md.org\/es\/about\/","title":{"rendered":"Acerca de los servicios 211 en Maryland"},"content":{"rendered":"<figure itemscope=\"\" itemtype=\"https:\/\/schema.org\/ImageObject\">\n\t\t\t\t<img decoding=\"async\" src=\"https:\/\/211md.org\/wp-content\/uploads\/2021\/05\/UWCM-211MD-Call-Center-2-scaled.jpeg\" alt=\"Personas que trabajan en un centro de llamadas.\" height=\"1920\" width=\"2560\" title=\"UWCM 211MD Centro de llamadas 2\" onerror=\"this.style.display='none'\" loading=\"lazy\">\n\t<\/figure>\n\t<p>El 211 es el Sistema de Informaci\u00f3n y Referencias de Salud y Servicios Humanos m\u00e1s completo del estado de Maryland. Con m\u00e1s de 7500 recursos, las personas con necesidades esenciales pueden acceder a ayuda local las 24 horas, los 7 d\u00edas de la semana, los 365 d\u00edas del a\u00f1o.<\/p>\n<p>\u00c9l <a href=\"https:\/\/mdinfonet.org\/\" target=\"_blank\" rel=\"noopener\">Red de informaci\u00f3n de Maryland<\/a>, una organizaci\u00f3n sin fines de lucro 501(c)(3), es el administrador autorizado por el estado de los servicios 211 en Maryland.<\/p>\n<h2>Encuentre ayuda en Maryland<\/h2>\n<p>El 211 puede ayudar con comida, vivienda, inmigraci\u00f3n, asistencia con los servicios p\u00fablicos y mucho m\u00e1s. Hay varias maneras de conectarse y obtener ayuda.<\/p>\n<p>A continuaci\u00f3n le indicamos c\u00f3mo obtener ayuda:<\/p>\n<ul>\n<li>Marque 211 y hable con alguien que pueda ayudarle a identificar necesidades y recursos.<\/li>\n<li><a href=\"https:\/\/search.211md.org\">Buscar<\/a> para recursos por c\u00f3digo postal y necesidad.<\/li>\n<li><a href=\"https:\/\/211md.org\/es\/recursos\/\">Obtenga informaci\u00f3n y referencias de recursos<\/a> para las principales necesidades como alimentaci\u00f3n, vivienda, empleo, cuidado infantil y m\u00e1s.<\/li>\n<\/ul>\n<h2>\n\t\t\tConectarse. Consigue ayuda.\t<\/h2>\n\t<p>La Red de Informaci\u00f3n de Maryland supervisa una red estatal de <a href=\"\/es\/about\/call-center-network\/\" target=\"_blank\" rel=\"noopener\">211 centros de llamadas<\/a>, brindando conexiones esenciales a los habitantes de Maryland cuando m\u00e1s lo necesitan. Las personas que llaman son enviadas autom\u00e1ticamente a su centro de llamadas regional para recibir ayuda.<\/p>\n\t\t<figure itemscope=\"\" itemtype=\"https:\/\/schema.org\/ImageObject\">\n\t\t\t\t<a href=\"\/es\/about\/consigue-ayuda\/\" target=\"_self\" itemprop=\"url\">\n\t\t\t\t<img decoding=\"async\" src=\"https:\/\/211md.org\/wp-content\/uploads\/bb-plugin\/cache\/Mask-Group-30@2x-circle-01b6aad86ad352fffd649857c06b7224-.png\" alt=\"Mujer escuchando su tel\u00e9fono\" height=\"525\" width=\"596\" title=\"M\u00e1scara Grupo 30@2x\" onerror=\"this.style.display='none'\" loading=\"lazy\">\n\t\t\t\t<\/a>\n\t<\/figure>\n<h3><a href=\"\/es\/about\/consigue-ayuda\/\" target=\"_self\">Marcar<\/a><\/h3><p>Los especialistas del 211 escuchan, identifican todas las necesidades insatisfechas, conectan a las personas que llaman con los recursos y hacen un seguimiento cuando es necesario.<\/p>\n\t\t\t<a href=\"\/es\/about\/consigue-ayuda\/\" target=\"_self\">\n\t\t\t\t\t\t\tConsigue ayuda\n\t\t\t\t\t<\/a>\n\t\t<figure itemscope=\"\" itemtype=\"https:\/\/schema.org\/ImageObject\">\n\t\t\t\t<a href=\"https:\/\/search.211md.org\/\" target=\"_blank\" rel=\"noopener\" itemprop=\"url\">\n\t\t\t\t<img decoding=\"async\" src=\"https:\/\/211md.org\/wp-content\/uploads\/bb-plugin\/cache\/Mask-Group-22@2x-circle-8aa2b868bce1f6cf5ebb1a770d6d95f3-.png\" alt=\"Mujer mirando el sitio web de Maryland 2-1-1\" height=\"555\" width=\"650\" title=\"M\u00e1scara Grupo 22@2x\" onerror=\"this.style.display='none'\" loading=\"lazy\">\n\t\t\t\t<\/a>\n\t<\/figure>\n<h3><a href=\"https:\/\/search.211md.org\/\" target=\"_blank\" rel=\"noopener\">Base de datos de recursos de b\u00fasqueda<\/a><\/h3><p>Encuentre recursos esenciales en la base de datos de necesidades insatisfechas m\u00e1s completa del estado.<\/p>\n\t\t\t<a href=\"https:\/\/search.211md.org\/\" target=\"_blank\" rel=\"noopener\">\n\t\t\t\t\t\t\tBuscar ahora\n\t\t\t\t\t<\/a>\n\t\t<figure itemscope=\"\" itemtype=\"https:\/\/schema.org\/ImageObject\">\n\t\t\t\t<a href=\"\/es\/about\/mensajes-de-texto\/\" target=\"_self\" itemprop=\"url\">\n\t\t\t\t<img decoding=\"async\" src=\"https:\/\/211md.org\/wp-content\/uploads\/bb-plugin\/cache\/About-One-Stop-2-circle-42d490bec6afa7775023868490c61c80-.png\" alt=\"Una persona de pie usando un tel\u00e9fono m\u00f3vil.\" height=\"525\" width=\"596\" title=\"Acerca de-One Stop-2\" onerror=\"this.style.display='none'\" loading=\"lazy\">\n\t\t\t\t<\/a>\n\t<\/figure>\n<h3><a href=\"\/es\/about\/mensajes-de-texto\/\" target=\"_self\">Mensajes de texto continuos y de apoyo<\/a><\/h3><p>Los mensajes de texto personalizados en ingl\u00e9s y espa\u00f1ol informan e inspiran a pedido.<\/p>\n\t\t\t<a href=\"\/es\/about\/mensajes-de-texto\/\" target=\"_self\">\n\t\t\t\t\t\t\tReg\u00edstrate\n\t\t\t\t\t<\/a>\n\t\t7,000+\n\t\t\t\t\tAgencies &amp; Programs\n\t\t150+\n\t\t\t\t\tAvailable Languages\n\t\t24\/7\/365\n\t\t\t\t\tReady to Help\n\t\t200k\n\t\t\t\t\tText Subscribers\n<h2>\n\t\t\tAcerca de nuestro viaje\t<\/h2>\n\t<p>Si bien el trabajo comenz\u00f3 en la d\u00e9cada de 1960 para desarrollar un recurso central de informaci\u00f3n y referencias, d\u00e9cadas despu\u00e9s, 211 se convirti\u00f3 en el conector \u00fanico para servicios humanos y de salud en Maryland.<\/p>\n<h2>\n\t\t\t1960\t<\/h2>\n\t<p>El Consejo de Agencias Sociales de Baltimore lidera el primer esfuerzo para desarrollar un servicio central de informaci\u00f3n y referencia.<\/p>\n\t<p>El Consejo de Salud y Bienestar inicia el primer intento de crear una base de datos integral de servicios humanos y de salud basada en computadora para Maryland.<\/p>\n<h2>\n\t\t\t1983\t<\/h2>\n<h2>\n\t\t\t2000\t<\/h2>\n\t<p>La Comisi\u00f3n Federal de Comunicaciones (FCC, por sus siglas en ingl\u00e9s) designa el 211 como el c\u00f3digo de acceso nacional de 3 d\u00edgitos para la informaci\u00f3n y derivaci\u00f3n de servicios humanos y de salud.<\/p>\n<p>United Way of Central Maryland (UWCM) convoca al Grupo de Trabajo 211 de Maryland para preparar y planificar el sistema 211 de Maryland.<\/p>\n\t<p>La legislaci\u00f3n estatal establece el 211 como el n\u00famero de tel\u00e9fono principal de informaci\u00f3n y derivaci\u00f3n para los servicios humanos y de salud en Maryland.<\/p>\n<p>Cuatro centros de llamadas regionales (Community Crisis Services, Life Crisis Center, Mental Health Association of Frederick County y United Way of Central Maryland) aceptan participar en un proyecto piloto de dos a\u00f1os.<\/p>\n<h2>\n\t\t\t2004\t<\/h2>\n<h2>\n\t\t\t2010\t<\/h2>\n\t<p>Constituci\u00f3n de la \u201cMaryland Information Network, 211 Maryland, Inc.\u201d<\/p>\n\t<p>211 Maryland logra el estado 501(c)(3) sin fines de lucro y comienza la implementaci\u00f3n.<\/p>\n<h2>\n\t\t\t2011\t<\/h2>\n<h2>\n\t\t\t2018\t<\/h2>\n\t<p>211 Maryland integra la l\u00ednea directa de crisis 1-800 a nivel estatal en el sistema 211 para crear 211 Press 1, que ahora es 988.<\/p>\n\t<p>La legislaci\u00f3n estatal coloca el control del sistema 211 de Maryland en 211 MD, Inc.<\/p>\n<h2>\n\t\t\t2020\t<\/h2>\n\t\t\t<a href=\"\/es\/pareja\/\" target=\"_self\">\n\t\t\t\t\t\t\tVamos a asociarnos\n\t\t\t\t\t<\/a>","protected":false},"excerpt":{"rendered":"<p>El 211 es el Sistema de Informaci\u00f3n y Referencias de Salud y Servicios Humanos m\u00e1s completo del estado de Maryland. Con m\u00e1s de 7500 recursos, las personas con necesidades esenciales pueden acceder a ayuda local las 24 horas, los 7 d\u00edas de la semana, los 365 d\u00edas del a\u00f1o. La Red de Informaci\u00f3n de Maryland, una organizaci\u00f3n sin fines de lucro 501(c)(3), es la administradora autorizada por el estado de los servicios del 211 en Maryland. Encuentre ayuda en Maryland. El 211 puede ayudarle con\u2026<\/p>","protected":false},"author":8,"featured_media":1830,"parent":0,"menu_order":0,"comment_status":"closed","ping_status":"closed","template":"","meta":{"footnotes":""},"class_list":["post-521","page","type-page","status-publish","has-post-thumbnail","hentry"],"_links":{"self":[{"href":"https:\/\/211md.org\/es\/wp-json\/wp\/v2\/pages\/521","targetHints":{"allow":["GET"]}}],"collection":[{"href":"https:\/\/211md.org\/es\/wp-json\/wp\/v2\/pages"}],"about":[{"href":"https:\/\/211md.org\/es\/wp-json\/wp\/v2\/types\/page"}],"author":[{"embeddable":true,"href":"https:\/\/211md.org\/es\/wp-json\/wp\/v2\/users\/8"}],"replies":[{"embeddable":true,"href":"https:\/\/211md.org\/es\/wp-json\/wp\/v2\/comments?post=521"}],"version-history":[{"count":8,"href":"https:\/\/211md.org\/es\/wp-json\/wp\/v2\/pages\/521\/revisions"}],"predecessor-version":[{"id":34425,"href":"https:\/\/211md.org\/es\/wp-json\/wp\/v2\/pages\/521\/revisions\/34425"}],"wp:featuredmedia":[{"embeddable":true,"href":"https:\/\/211md.org\/es\/wp-json\/wp\/v2\/media\/1830"}],"wp:attachment":[{"href":"https:\/\/211md.org\/es\/wp-json\/wp\/v2\/media?parent=521"}],"curies":[{"name":"Gracias","href":"https:\/\/api.w.org\/{rel}","templated":true}]}}