{"id":669,"date":"2021-04-01T18:13:40","date_gmt":"2021-04-01T18:13:40","guid":{"rendered":"https:\/\/211md.org\/?page_id=669"},"modified":"2026-04-13T08:36:50","modified_gmt":"2026-04-13T12:36:50","slug":"preguntas-mas-frecuentes","status":"publish","type":"page","link":"https:\/\/211md.org\/es\/about\/faq\/","title":{"rendered":"Preguntas frecuentes sobre 211 MD"},"content":{"rendered":"<h2>Preguntas frecuentes<\/h2>\n<p>Obtenga m\u00e1s informaci\u00f3n sobre nuestras preguntas frecuentes generales a continuaci\u00f3n o <a href=\"https:\/\/211md.org\/es\/pareja\/#faq\">Visita nuestra p\u00e1gina de Socios<\/a> Preguntas frecuentes para socios.<\/p>\n\t\t\t\t\t<h3 id=\"fl-accordion--label-0\">\u00bfQu\u00e9 es 211 Maryland?<\/h3>\n\t\t\t\t\t\t\t\t\t\t\t<button type=\"button\" id=\"fl-accordion--icon-0\" aria-expanded=\"true\" aria-controls=\"fl-accordion--panel-0\"><i>Colapsar<\/i><\/button>\n\t\t\t\t\t<p>211 is the state&#8217;s most comprehensive health and human services Information and Referral System. With over 7,500 resources, individuals with essential needs can get connected to local help. 211 Maryland is a free and confidential service, with translation available in 150+ languages.<\/p>\n<p>\u00c9l\u00a0<a href=\"https:\/\/mdinfonet.org\/\" target=\"_blank\" rel=\"noopener\">Red de informaci\u00f3n de Maryland<\/a>, una organizaci\u00f3n sin fines de lucro 501(c)3, es el administrador designado por el estado del sistema 211 en Maryland.<\/p>\n\t\t\t\t\t<h3 id=\"fl-accordion--label-1\">\u00bfC\u00f3mo accedo a los recursos de 211 Maryland?<\/h3>\n\t\t\t\t\t\t\t\t\t\t\t<button type=\"button\" id=\"fl-accordion--icon-1\" aria-expanded=\"false\" aria-controls=\"fl-accordion--panel-1\"><i>Expandir<\/i><\/button>\n\t\t\t\t\t<p>Connect with 211 by:<\/p>\n<ul>\n<li>Discado\u00a0<strong>211\u00a0<\/strong>desde cualquier tel\u00e9fono.<\/li>\n<li><a href=\"https:\/\/search.211md.org\/\" target=\"_blank\" rel=\"noopener\">Searching for resources in our database 24\/7\/365.<\/a><\/li>\n<li><a href=\"https:\/\/211md.org\/es\/about\/mensajes-de-texto\/\" rel=\"noopener\">Reg\u00edstrese para recibir soporte continuo por mensaje de texto<\/a>.<\/li>\n<\/ul>\n<p>Es un recurso comunitario GRATUITO y confidencial que est\u00e1 disponible para\u00a0<u>todo el mundo<\/u>\u00a0en Maryland. Pueden aplicarse servicios de mensajer\u00eda de texto y datos.<\/p>\n\t\t\t\t\t<h3 id=\"fl-accordion--label-2\">\u00bfCu\u00e1l es el n\u00famero de tel\u00e9fono de 211 Maryland?<\/h3>\n\t\t\t\t\t\t\t\t\t\t\t<button type=\"button\" id=\"fl-accordion--icon-2\" aria-expanded=\"false\" aria-controls=\"fl-accordion--panel-2\"><i>Expandir<\/i><\/button>\n\t\t\t\t\t<p>Comun\u00edquese con 211 Maryland marcando 211. Los especialistas est\u00e1n disponibles las 24 horas, los 7 d\u00edas de la semana, los 365 d\u00edas del a\u00f1o.<\/p>\n\t\t\t\t\t<h3 id=\"fl-accordion--label-3\">\u00bfCu\u00e1ndo puedo llamar al 211 Maryland?<\/h3>\n\t\t\t\t\t\t\t\t\t\t\t<button type=\"button\" id=\"fl-accordion--icon-3\" aria-expanded=\"false\" aria-controls=\"fl-accordion--panel-3\"><i>Expandir<\/i><\/button>\n\t\t\t\t\t<p>El 211 est\u00e1 disponible las 24 horas del d\u00eda, los 7 d\u00edas de la semana, los 365 d\u00edas del a\u00f1o.<\/p>\n\t\t\t\t\t<h3 id=\"fl-accordion--label-4\">\u00bfC\u00f3mo puede ayudarme 211 Maryland?<\/h3>\n\t\t\t\t\t\t\t\t\t\t\t<button type=\"button\" id=\"fl-accordion--icon-4\" aria-expanded=\"false\" aria-controls=\"fl-accordion--panel-4\"><i>Expandir<\/i><\/button>\n\t\t\t\t\t<p><strong>Informaci\u00f3n emp\u00e1tica y referencia\u00a0<\/strong>Los especialistas comprenden lo dif\u00edcil que puede ser navegar por el a veces confuso laberinto de los recursos humanos y de salud. Usar\u00e1n su c\u00f3digo postal para buscar en nuestra base de datos actualizada de m\u00e1s de 7000 agencias y servicios. Lo conectaremos con las mejores organizaciones y servicios cerca de usted y responderemos preguntas sobre las siguientes necesidades insatisfechas:<\/p>\n<ul>\n<li>Alimento<\/li>\n<li>Vivienda y refugio<\/li>\n<li>Refugio de emergencia<\/li>\n<li>Asistencia de servicios p\u00fablicos<\/li>\n<li>Asistencia financiera<\/li>\n<li>Salud mental<\/li>\n<li>Abuso de sustancias<\/li>\n<li>Suicidio e intervenci\u00f3n en crisis.<\/li>\n<li>Pruebas de COVID-19<\/li>\n<li>Cuidado de la salud<\/li>\n<li>Ni\u00f1os y familias (cuidado de ni\u00f1os, apoyo para padres, suministros y ropa y preparaci\u00f3n para la escuela)<\/li>\n<li>Envejecimiento y discapacidad<\/li>\n<li>Servicios Legales<\/li>\n<li>Informaci\u00f3n de preparaci\u00f3n de impuestos<\/li>\n<li>veteranos<\/li>\n<li>Violencia dom\u00e9stica<\/li>\n<li>Empleo<\/li>\n<li>Transportaci\u00f3n<\/li>\n<\/ul>\n<p>Al final de la llamada, estar\u00e1 preparado para tomar medidas para obtener la ayuda que necesita.<\/p>\n\t\t\t\t\t<h3 id=\"fl-accordion--label-5\">\u00bfQu\u00e9 puedo esperar cuando llame?<\/h3>\n\t\t\t\t\t\t\t\t\t\t\t<button type=\"button\" id=\"fl-accordion--icon-5\" aria-expanded=\"false\" aria-controls=\"fl-accordion--panel-5\"><i>Expandir<\/i><\/button>\n\t\t\t\t\t<ol>\n<li>Marca 211.<\/li>\n<li>Un especialista del 211\u00a0<strong>escucha<\/strong>\u00a0a tus preocupaciones.<\/li>\n<li>El especialista le har\u00e1 preguntas a\u00a0<strong>identificar sus necesidades insatisfechas<\/strong>.<\/li>\n<li>Proporcionar\u00e1s tu<strong>\u00a0localizaci\u00f3n<\/strong>\u00a0para ayudar a determinar los recursos en su \u00e1rea.<\/li>\n<li>puede proporcionar\u00a0<strong>Informaci\u00f3n del contacto<\/strong>\u00a0si desea una llamada de seguimiento para ofrecer recursos adicionales.<\/li>\n<li>El especialista en recursos de llamadas lo conecta con\u00a0<strong>recursos<\/strong>.<\/li>\n<\/ol>\n<p>Todas las llamadas son confidenciales.<\/p>\n\t\t\t\t\t<h3 id=\"fl-accordion--label-6\">\u00bfQu\u00e9 pasa si mi tel\u00e9fono celular no se conecta con 211 Maryland?<\/h3>\n\t\t\t\t\t\t\t\t\t\t\t<button type=\"button\" id=\"fl-accordion--icon-6\" aria-expanded=\"false\" aria-controls=\"fl-accordion--panel-6\"><i>Expandir<\/i><\/button>\n\t\t\t\t\t<p>La mayor\u00eda de los tel\u00e9fonos admiten la marcaci\u00f3n 211. Si tiene alg\u00fan problema, tambi\u00e9n puede llamar a:<\/p>\n<ul>\n<li>Sur (Capital) de Maryland: 1-866-770-1910<\/li>\n<li>Maryland central: 1-866-406-8156<\/li>\n<li>Costa este: 1-866-231-7101<\/li>\n<li>Maryland occidental: 1-866-411-6803<\/li>\n<\/ul>\n\t\t\t\t\t<h3 id=\"fl-accordion--label-7\">\u00bfQu\u00e9 pasa si soy sordo o tengo problemas de audici\u00f3n?<\/h3>\n\t\t\t\t\t\t\t\t\t\t\t<button type=\"button\" id=\"fl-accordion--icon-7\" aria-expanded=\"false\" aria-controls=\"fl-accordion--panel-7\"><i>Expandir<\/i><\/button>\n\t\t\t\t\t<p>Llame al 7-1-1 para acceder al 211 de Maryland a trav\u00e9s de Maryland Relay.<\/p>\n\t\t\t\t\t<h3 id=\"fl-accordion--label-8\">\u00bfQu\u00e9 idiomas est\u00e1n disponibles?<\/h3>\n\t\t\t\t\t\t\t\t\t\t\t<button type=\"button\" id=\"fl-accordion--icon-8\" aria-expanded=\"false\" aria-controls=\"fl-accordion--panel-8\"><i>Expandir<\/i><\/button>\n\t\t\t\t\t<p>Hay disponibles especialistas que hablan ingl\u00e9s y espa\u00f1ol, as\u00ed como traducci\u00f3n en m\u00e1s de 150 idiomas.<\/p>\n\t\t\t\t\t<h3 id=\"fl-accordion--label-9\">\u00bfPuedo buscar recursos yo mismo?<\/h3>\n\t\t\t\t\t\t\t\t\t\t\t<button type=\"button\" id=\"fl-accordion--icon-9\" aria-expanded=\"false\" aria-controls=\"fl-accordion--panel-9\"><i>Expandir<\/i><\/button>\n\t\t\t\t\t<p>\u00a1S\u00ed! Nuestra base de datos en l\u00ednea tiene m\u00e1s de 7,000 recursos en todo el estado.<\/p>\n<p>B\u00fasqueda por\u00a0<strong>palabra clave\u00a0<\/strong>o tu<strong> localizaci\u00f3n. <\/strong>Ir a\u00a0<a href=\"https:\/\/search.211md.org\/\" target=\"_blank\" rel=\"noopener\">b\u00fasqueda.211md.org<\/a>\u00a0para comenzar su b\u00fasqueda hoy.<\/p>\n\t\t\t\t\t<h3 id=\"fl-accordion--label-10\">\u00bfC\u00f3mo puedo obtener soporte continuo?<\/h3>\n\t\t\t\t\t\t\t\t\t\t\t<button type=\"button\" id=\"fl-accordion--icon-10\" aria-expanded=\"false\" aria-controls=\"fl-accordion--panel-10\"><i>Expandir<\/i><\/button>\n\t\t\t\t\t<p>211 ofertas de Maryland\u00a0<a href=\"\/es\/about\/mensajes-de-texto\/\">soporte continuo de mensajes de texto<\/a>\u00a0en ingl\u00e9s y espa\u00f1ol. Reg\u00edstrese enviando un mensaje de texto con cualquiera de estas palabras clave al 898-211 (TXT211).<\/p>\n<ul>\n<li>Envejecimiento y discapacidades: MDAging<\/li>\n<li>Delitos e incidentes de odio: MDStopHate<\/li>\n<li>Parentesco: MDKinCares<\/li>\n<li>Bienestar mental: MDMindHealth | MDSaludMental<\/li>\n<li>Salud mental de los adolescentes: MDYoungMinds<\/li>\n<li>Eventos y recursos comunitarios de MidShore: MidShore<\/li>\n<li>Soporte de opioides: MDHope<\/li>\n<li>Programas de reingreso para personas y familias encarceladas y excarceladas: Reingreso<\/li>\n<li>Veteranos: MDCom2Vets<\/li>\n<li>Bienestar: MDWellness<\/li>\n<\/ul>\n<p>Reg\u00edstrese enviando un mensaje de texto con cualquiera de estas palabras clave al 211-631 (211MD1).<\/p>\n<ul>\n<li>Preparaci\u00f3n para desastres: MDReady | MDListo<\/li>\n<\/ul>\n<p><em>211 Maryland ofrece programas de alerta por mensaje de texto que brindan informaci\u00f3n sobre recursos espec\u00edficos de la regi\u00f3n o alertas de desastres. Pueden aplicarse tarifas por mensajes y datos. La frecuencia de los mensajes puede variar. Env\u00ede un mensaje de texto con la palabra STOP al mismo n\u00famero para cancelar la suscripci\u00f3n. Para recibir ayuda, env\u00ede un mensaje de texto con la palabra HELP. Los t\u00e9rminos completos de SMS est\u00e1n disponibles en\u00a0<a href=\"https:\/\/211md.org\/es\/sms\/\">https:\/\/211md.org\/sms\/<\/a>\u00a0y\u00a0<a href=\"https:\/\/211md.org\/es\/politica-de-privacidad\/\">pol\u00edtica de privacidad<\/a>\u00a0tambi\u00e9n se aplicar\u00e1.\u00a0<\/em><\/p>","protected":false},"excerpt":{"rendered":"<p>Frequently Asked Questions Learn more about our general FAQ&#8217;s below or visit our Partners page for Partner FAQ&#8217;s. What is 211 Maryland? Collapse 211 is the state&#8217;s most comprehensive health and human services Information and Referral System. With over 7,500 resources, individuals with essential needs can get connected to local help. 211 Maryland is a&hellip;<\/p>","protected":false},"author":8,"featured_media":1622,"parent":521,"menu_order":0,"comment_status":"closed","ping_status":"closed","template":"","meta":{"footnotes":""},"class_list":["post-669","page","type-page","status-publish","has-post-thumbnail","hentry"],"_links":{"self":[{"href":"https:\/\/211md.org\/es\/wp-json\/wp\/v2\/pages\/669","targetHints":{"allow":["GET"]}}],"collection":[{"href":"https:\/\/211md.org\/es\/wp-json\/wp\/v2\/pages"}],"about":[{"href":"https:\/\/211md.org\/es\/wp-json\/wp\/v2\/types\/page"}],"author":[{"embeddable":true,"href":"https:\/\/211md.org\/es\/wp-json\/wp\/v2\/users\/8"}],"replies":[{"embeddable":true,"href":"https:\/\/211md.org\/es\/wp-json\/wp\/v2\/comments?post=669"}],"version-history":[{"count":5,"href":"https:\/\/211md.org\/es\/wp-json\/wp\/v2\/pages\/669\/revisions"}],"predecessor-version":[{"id":34492,"href":"https:\/\/211md.org\/es\/wp-json\/wp\/v2\/pages\/669\/revisions\/34492"}],"up":[{"embeddable":true,"href":"https:\/\/211md.org\/es\/wp-json\/wp\/v2\/pages\/521"}],"wp:featuredmedia":[{"embeddable":true,"href":"https:\/\/211md.org\/es\/wp-json\/wp\/v2\/media\/1622"}],"wp:attachment":[{"href":"https:\/\/211md.org\/es\/wp-json\/wp\/v2\/media?parent=669"}],"curies":[{"name":"Gracias","href":"https:\/\/api.w.org\/{rel}","templated":true}]}}