{"id":719,"date":"2021-04-05T21:15:11","date_gmt":"2021-04-05T21:15:11","guid":{"rendered":"https:\/\/211md.org\/?page_id=719"},"modified":"2024-09-19T06:31:43","modified_gmt":"2024-09-19T10:31:43","slug":"carreras-2","status":"publish","type":"page","link":"https:\/\/211md.org\/es\/about\/careers\/","title":{"rendered":"Carreras"},"content":{"rendered":"<h2>Una carrera que marca la diferencia<\/h2>\n<p>211 Maryland es una organizaci\u00f3n sin fines de lucro 501(c)(3) en crecimiento con varias iniciativas nuevas y emocionantes. Para aplicar, env\u00ede su curr\u00edculum y requisitos de salario a&nbsp;<a href=\"mailto:info@211md.org\">info@211md.org<\/a>. Sin llamadas telef\u00f3nicas por favor.<\/p>\n\t<h2>Posiciones abiertas<\/h2>\n<p>No hay posiciones abiertas en este momento.<\/p>\n\t<h2>Trabajando en 211 Maryland, Inc.<\/h2>\n<p>Creo que cada uno de nosotros debe encontrar sentido en nuestro trabajo y sucede mejor cuando sabes que no es solo trabajo, sino algo que ayuda a mejorar la vida de los dem\u00e1s. Los empleados de Maryland Information Network, tambi\u00e9n conocida como 211 Maryland, se esfuerzan por marcar la diferencia todos los d\u00edas. Comienza con nuestro&nbsp;<strong>Promesa de marca<\/strong>&nbsp;<em>\u201celevar a las personas y las comunidades vinculando a quienes tienen necesidades insatisfechas con recursos esenciales\u201d.<\/em><\/p>\n<p>Como el conector central 24\/7\/365 para los servicios humanos y de salud del estado, contamos con una red de centros de llamadas, que son h\u00e9roes que apoyan a los necesitados. Nuestra tecnolog\u00eda permite que cualquier persona se conecte con nosotros por tel\u00e9fono, mensaje de texto o chat. Nuestros socios comunitarios que trabajan con nosotros hacen posible satisfacer las necesidades insatisfechas de m\u00e1s de 400,000 habitantes de Maryland cada a\u00f1o.<\/p>\n<p>Nuestra visi\u00f3n organizacional nos lleva a imaginar hacer lo imposible y nuestra innovaci\u00f3n nos ha posicionado para ser l\u00edderes en nuestro campo.<\/p>\n<p>El equipo 211 de Maryland est\u00e1 muy unido. A medida que ampliamos nuestro equipo, me entusiasman todas las formas en que el talento y la experiencia de un individuo moldean las vidas de los habitantes de Maryland y su crecimiento individual y profesional.<\/p>\n<p>\u2013 Quinton Askew, presidente y director ejecutivo<\/p>","protected":false},"excerpt":{"rendered":"<p>Una carrera que marca la diferencia 211 Maryland es una organizaci\u00f3n sin fines de lucro 501(c)(3) en crecimiento con una serie de iniciativas nuevas e interesantes. Para postularse, env\u00ede su curr\u00edculum y requisitos salariales a info@211md.org. No llamadas telef\u00f3nicas por favor. Posiciones abiertas No hay posiciones abiertas en este momento. Trabajando en 211 Maryland, Inc. Creo que cada uno de nosotros debe encontrar significado...<\/p>","protected":false},"author":8,"featured_media":1630,"parent":521,"menu_order":0,"comment_status":"closed","ping_status":"closed","template":"","meta":{"footnotes":""},"class_list":["post-719","page","type-page","status-publish","has-post-thumbnail","hentry"],"_links":{"self":[{"href":"https:\/\/211md.org\/es\/wp-json\/wp\/v2\/pages\/719","targetHints":{"allow":["GET"]}}],"collection":[{"href":"https:\/\/211md.org\/es\/wp-json\/wp\/v2\/pages"}],"about":[{"href":"https:\/\/211md.org\/es\/wp-json\/wp\/v2\/types\/page"}],"author":[{"embeddable":true,"href":"https:\/\/211md.org\/es\/wp-json\/wp\/v2\/users\/8"}],"replies":[{"embeddable":true,"href":"https:\/\/211md.org\/es\/wp-json\/wp\/v2\/comments?post=719"}],"version-history":[{"count":0,"href":"https:\/\/211md.org\/es\/wp-json\/wp\/v2\/pages\/719\/revisions"}],"up":[{"embeddable":true,"href":"https:\/\/211md.org\/es\/wp-json\/wp\/v2\/pages\/521"}],"wp:featuredmedia":[{"embeddable":true,"href":"https:\/\/211md.org\/es\/wp-json\/wp\/v2\/media\/1630"}],"wp:attachment":[{"href":"https:\/\/211md.org\/es\/wp-json\/wp\/v2\/media?parent=719"}],"curies":[{"name":"Gracias","href":"https:\/\/api.w.org\/{rel}","templated":true}]}}