{"id":746,"date":"2021-04-06T12:57:18","date_gmt":"2021-04-06T12:57:18","guid":{"rendered":"https:\/\/211md.org\/?page_id=746"},"modified":"2026-02-20T16:18:13","modified_gmt":"2026-02-20T21:18:13","slug":"alimento","status":"publish","type":"page","link":"https:\/\/211md.org\/es\/resources\/food\/","title":{"rendered":"Maryland&#8217;s Guide to Free Food"},"content":{"rendered":"<figure data-animation-delay=\"0\" data-animation-duration=\"1\" itemscope=\"\" itemtype=\"https:\/\/schema.org\/ImageObject\">\n\t\t\t\t<img decoding=\"async\" src=\"https:\/\/stg-maryland211-staging.kinsta.cloud\/wp-content\/uploads\/2025\/08\/5-1-scaled.png\" alt=\"5\" height=\"692\" width=\"2560\" title=\"5\" onerror=\"this.style.display='none'\" loading=\"lazy\">\n\t<\/figure>\n\t\t<p>El aumento de los costos de los alimentos est\u00e1 estirando los presupuestos alimentarios de las familias y las personas, y estamos aqu\u00ed para ayudarlo a conocer los programas de asistencia alimentaria.<\/p>\n<p>Start searching for food pantries. Or keep reading for other food programs, including grocery savings, senior, and food assistance programs such as&nbsp;SNAP and WIC.<\/p>\n\t\t\t<a href=\"https:\/\/search.211md.org\/search?query=food+pantry&amp;query_label=food+pantry&amp;query_type=text\" target=\"_self\">\n\t\t\t\t\t\tFind Food Pantries Near You\n\t\t\t\t\t<\/a>\n<figure data-animation-delay=\"0\" data-animation-duration=\"1\" itemscope=\"\" itemtype=\"https:\/\/schema.org\/ImageObject\">\n\t\t\t\t<img decoding=\"async\" src=\"http:\/\/211md.org\/wp-content\/uploads\/2023\/10\/Food-pantry-box-of-food.jpg\" alt=\"Man handing out box of food\" title=\"Caja de comida de despensa\" onerror=\"this.style.display='none'\" loading=\"lazy\">\n\t<\/figure>\n\t<h4>Quickly Find What You Need<\/h4>\n<p><a href=\"#Resources\">despensas de alimentos<\/a> |&nbsp;Free <a href=\"#hot\">caliente<\/a> meal |&nbsp;<a href=\"#grocery\">Grocery savings<\/a> programs | <a href=\"#SNAP\">Alimento<\/a> benefit programs |&nbsp;<a href=\"#seniors\">Seniors<\/a> |<\/p>\n<p><a href=\"#summer\">Summer food<\/a> for kids<\/p>\n<figure data-animation-delay=\"0\" data-animation-duration=\"1\" itemscope=\"\" itemtype=\"https:\/\/schema.org\/ImageObject\">\n\t\t\t\t<img decoding=\"async\" src=\"http:\/\/211md.org\/wp-content\/uploads\/2022\/09\/Grassroots-Food-Pantry.jpg\" alt=\"Despensa de alimentos de base en Columbia, MD\" title=\"Despensa de alimentos de base\" onerror=\"this.style.display='none'\" loading=\"lazy\">\n\t<\/figure>\n\t<h2>\u00bfQu\u00e9 ofrecen las despensas de alimentos?<\/h2>\n<p>Las despensas de alimentos brindan asistencia temporal, proporcionando alimentos b\u00e1sicos gratuitos como:<\/p>\n<ul>\n<li>comida para beb\u00e9s<\/li>\n<li>pan<\/li>\n<li>productos enlatados<\/li>\n<li>cereal<\/li>\n<li>pa\u00f1ales<\/li>\n<li>f\u00f3rmula infantil<\/li>\n<li>pastas<\/li>\n<li>verduras<\/li>\n<\/ul>\n<p>Cada despensa tiene sus propias normas de elegibilidad. Puede haber l\u00edmites en la frecuencia con la que se ofrecen alimentos a una persona o familia. Adem\u00e1s, es posible que se necesiten referencias del Departamento de Servicios Sociales. &nbsp;<\/p>\n<h3>How do I find food pantries near me?<\/h3>\n<p>Las despensas est\u00e1n ubicadas en iglesias, organizaciones y otras organizaciones comunitarias.<\/p>\n<p>Our 211 Community Resource Database lists hundreds of local food pantries throughout Maryland, providing information on eligibility, hours, and contact details for further assistance.<\/p>\n\t\t\t<a href=\"https:\/\/search.211md.org\/search?query=food+pantry&amp;query_label=food+pantry&amp;query_type=text\" target=\"_blank\" rel=\"noopener\">\n\t\t\t\t\t\tEncuentre una despensa de alimentos\n\t\t\t\t\t<\/a>\n\t<h3>Baltimore City Produce Boxes<\/h3>\n<p>Baltimore City is also handing out 15-pound fruit and vegetable produce boxes to residents through January.<\/p>\n<p>There are 30 sites throughout Baltimore City, and events are held several days a week. <a href=\"https:\/\/content.govdelivery.com\/attachments\/MDBALT\/2025\/11\/10\/file_attachments\/3456905\/Produce%20Box%20Schedule.pdf\" target=\"_blank\" rel=\"noopener\">Find a nearby location<\/a> and learn about other food programs in the area on <a href=\"https:\/\/211md.org\/es\/recursos\/alimento\/baltimore-comida\/\">211&#8217;s Baltimore City Food Guide<\/a>.<\/p>\n<p>&nbsp;<\/p>\n\t<h2>Find Free Food Nearby<\/h2>\n<p>Search the Community Resource Database for nearby organizations that can help with free food and reduced cost groceries. These are common searches to get started. Click the button below that fits the need, and then on the results page, enter a ZIP code to find nearby locations.<\/p>\n\t\t\t<a href=\"https:\/\/search.211md.org\/search?query=BD-1800.2250&amp;query_label=Food+vouchers&amp;query_type=taxonomy&amp;utm_source=211&amp;utm_medium=Referral&amp;utm_campaign=Foodlink&amp;utm_content=Food%20Vouchers\" target=\"_blank\" rel=\"noopener\">\n\t\t\t\t\t\tVales de comida\n\t\t\t\t\t<\/a>\n\t\t\t<a href=\"https:\/\/search.211md.org\/search?query=Food+Banks+%26+Pantries&amp;query_label=Food+Banks+%26+Pantries&amp;query_type=taxonomy\" target=\"_blank\" rel=\"noopener\">\n\t\t\t\t\t\tBanco de comida\n\t\t\t\t\t<\/a>\n\t\t\t<a href=\"https:\/\/search.211md.org\/search?query=BD-1800.2250&amp;query_type=taxonomy&amp;query_label=&amp;utm_source=&amp;utm_medium=Referral&amp;utm_campaign=Foodlink&amp;utm_content=Fresh%20Food\" target=\"_blank\" rel=\"noopener\">\n\t\t\t\t\t\tComida fresca\n\t\t\t\t\t<\/a>\n\t\t\t<a href=\"https:\/\/search.211md.org\/search?query=BD-1800.8200-250&amp;query_label=Formula%2FBaby+Food&amp;query_type=taxonomy&amp;utm_source=&amp;utm_medium=Referral&amp;utm_campaign=Foodlink&amp;utm_content=Baby%20Formula\" target=\"_blank\" rel=\"noopener\">\n\t\t\t\t\t\tF\u00f3rmula\/comida para beb\u00e9s\n\t\t\t\t\t<\/a>\n\t\t\t<a href=\"https:\/\/search.211md.org\/search?query=BD-2400.2590&amp;query_type=taxonomy&amp;query_label=&amp;utm_source=&amp;utm_medium=Referral&amp;utm_campaign=Foodlink&amp;utm_content=Grocery%20Delivery\" target=\"_blank\" rel=\"noopener\">\n\t\t\t\t\t\tEntrega de comestibles\n\t\t\t\t\t<\/a>\n<figure itemscope=\"\" itemtype=\"https:\/\/schema.org\/ImageObject\">\n\t\t\t\t<img decoding=\"async\" src=\"https:\/\/211md.org\/wp-content\/uploads\/2025\/10\/Latina-family-cooking.jpg\" alt=\"Latina family making dinner\" height=\"1500\" width=\"2000\" title=\"Cocina familiar latina\" onerror=\"this.style.display='none'\" loading=\"lazy\">\n\t<\/figure>\n\t\t<h2>Ahorre dinero en comestibles<\/h2>\n\t\t<p>Los residentes de Maryland pueden ahorrar hasta $50% en comestibles a trav\u00e9s de SHARE Food Network. Por lo tanto, el costo es de solo $$22 por un valor de $$45 en alimentos b\u00e1sicos saludables como prote\u00ednas, frutas y verduras frescas.<\/p>\n<h3>\u00bfQu\u00e9 es la Red Alimentaria SHARE?<\/h3>\n<p>The&nbsp;SHARE Food Network is a nonprofit organization that offers healthy, nutritious groceries throughout Maryland, courtesy of Catholic Charities, Archdiocese of Washington.<\/p>\n<p>Realizan compras de gran volumen y transmiten los importantes ahorros a los habitantes de Maryland.&nbsp;<\/p>\n<h3>\u00bfQui\u00e9n califica?<\/h3>\n<p>Este programa est\u00e1 disponible para todos los residentes de Maryland. No se requiere solicitud, pero SHARE Food Network solicita a los clientes que documenten al menos dos horas de servicio a su comunidad antes de comprar con este descuento.<\/p>\n<h3>\u00bfPuedes utilizar cupones de alimentos?<\/h3>\n<p>Yes.&nbsp;EBT cards, <strong>que se utilizan para cupones de alimentos,<\/strong> Se aceptan para pagar el paquete. &nbsp;<\/p>\n<p>Si no tiene una tarjeta EBT, <a href=\"https:\/\/211md.org\/es\/recursos\/alimento\/cupones-de-alimentos\/\">verifique si califica para cupones de alimentos<\/a>&nbsp;para ayudar a compensar el costo de los alimentos.<\/p>\n<h3>C\u00f3mo comprar en SHARE<\/h3>\n<p>Cada mes, se publica un nuevo men\u00fa que detalla la caja de ese mes.<\/p>\n<p>Orders&nbsp;are due&nbsp;by a specific date&nbsp;each month, and distribution is at a set time.&nbsp;<\/p>\n<p>Find a nearby SHARE site to order food. &nbsp;<\/p>\n\t\t\t<a href=\"https:\/\/www.catholiccharitiesdc.org\/program\/share-food-network\/\" target=\"_blank\" rel=\"noopener\">\n\t\t\t\t\t\tConnect with SHARE\n\t\t\t\t\t<\/a>\n<h2>\n\t\t\tProgramas de asistencia alimentaria\t<\/h2>\n\t\t\t\t\t\t\t\t<a href=\"https:\/\/211md.org\/es\/recursos\/alimento\/cupones-de-alimentos\/\" target=\"_self\">\n\t\t\t\t\t\t<\/a>\n\t<h3><a href=\"https:\/\/211md.org\/es\/recursos\/alimento\/cupones-de-alimentos\/\" target=\"_self\">Supplemental Nutrition Assistance Program (SNAP)<\/a><\/h3><p>Formerly known as food stamps, helps low-income families purchase food.<\/p>\n<p>&nbsp;<\/p>\n\t\t\t<a href=\"https:\/\/211md.org\/es\/recursos\/alimento\/cupones-de-alimentos\/\" target=\"_self\">\n\t\t\t\t\t\t\t211&#8217;s guide to snap\n\t\t\t\t\t<\/a>\n\t\t\t\t\t\t\t\t<a href=\"https:\/\/211md.org\/es\/recursos\/alimento\/wic\/\" target=\"_blank\" rel=\"noopener\">\n\t\t\t\t\t\t<\/a>\n\t<h3><a href=\"https:\/\/211md.org\/es\/recursos\/alimento\/wic\/\" target=\"_blank\" rel=\"noopener\">Mujeres, beb\u00e9s y ni\u00f1os (WIC)<\/a><\/h3><p>Provides nutritional assistance to pregnant women, new mothers who are breastfeeding, and children up to the age of 5.<\/p>\n\t\t\t<a href=\"https:\/\/211md.org\/es\/recursos\/alimento\/wic\/\" target=\"_blank\" rel=\"noopener\">\n\t\t\t\t\t\t\t211&#8217;s Guide to WIC\n\t\t\t\t\t<\/a>\n\t\t\t\t\t\t\t\t<a href=\"https:\/\/dhs.maryland.gov\/sunbucks\/\" target=\"_blank\" rel=\"noopener\">\n\t\t\t\t\t\t<\/a>\n\t<h3><a href=\"https:\/\/dhs.maryland.gov\/sunbucks\/\" target=\"_blank\" rel=\"noopener\">Maryland SUN Bucks (Summer Food)<\/a><\/h3><p>Helps families feed school-aged children who qualify for free or reduced lunches during the summer.<\/p>\n\t\t\t<a href=\"https:\/\/dhs.maryland.gov\/sunbucks\/\" target=\"_blank\" rel=\"noopener\">\n\t\t\t\t\t\t\tLearn about Sun Bucks\n\t\t\t\t\t<\/a>\n<figure data-animation-delay=\"0\" data-animation-duration=\"1\" itemscope=\"\" itemtype=\"https:\/\/schema.org\/ImageObject\">\n\t\t\t\t<img decoding=\"async\" src=\"http:\/\/211md.org\/wp-content\/uploads\/2021\/05\/Food-Line.png\" alt=\"L\u00ednea de comida de comedor social\" title=\"Linea de Alimentos\" onerror=\"this.style.display='none'\" loading=\"lazy\">\n\t<\/figure>\n\t\t<h2>Comidas calientes<\/h2>\n\t\t<p>\u00bfNecesitas una comida caliente? Las organizaciones comunitarias tambi\u00e9n ofrecen comidas gratuitas. Estas comidas est\u00e1n disponibles en comedores populares y, para personas mayores, en comedores colectivos.&nbsp;&nbsp;<\/p>\n<h3>Encuentra un comedor social<\/h3>\n<p>Los comedores sociales ofrecen comidas calientes gratuitas en ciertos horarios. Algunos sirven comidas a diario, mientras que otros lo hacen semanal o mensualmente.<\/p>\n<p>A menudo, las personas pueden presentarse y comer sin pasar por una evaluaci\u00f3n de elegibilidad. <\/p>\n<p>Los comedores populares pueden estar en cualquier parte de una comunidad, pero a menudo se realizan en iglesias y otros grupos comunitarios.&nbsp;<\/p>\n<p>Encuentra uno cerca. Busca por c\u00f3digo postal en la base de datos de recursos comunitarios.<\/p>\n\t\t\t<a href=\"https:\/\/search.211md.org\/search?query=BD-5000.8300&amp;query_type=taxonomy&amp;query_label=&amp;utm_source=211&amp;utm_medium=Referral&amp;utm_campaign=Foodlink&amp;utm_content=Soup%20Kitchen\" target=\"_self\">\n\t\t\t\t\t\tEncuentra un comedor social\n\t\t\t\t\t<\/a>\n\t<h3>Comidas para personas mayores<\/h3>\n<p>Los centros para personas mayores y otros centros comunitarios pueden ofrecer comidas grupales para personas mayores que viven de forma independiente pero necesitan ayuda con la preparaci\u00f3n de las comidas.<\/p>\n<p>Tambi\u00e9n existen programas de entrega a domicilio.<\/p>\n<p>Puede encontrar ambas opciones en nuestra completa base de datos de recursos.<\/p>\n<p>&nbsp;<\/p>\n\t\t\t<a href=\"https:\/\/search.211md.org\/search?query=BD-5000.1500&amp;query_type=taxonomy&amp;query_label=&amp;utm_source=211&amp;utm_medium=Referral&amp;utm_campaign=Foodlink&amp;utm_content=Senior%20Meals\" target=\"_blank\" rel=\"noopener\">\n\t\t\t\t\t\tSitios de comidas para personas mayores\n\t\t\t\t\t<\/a>\n\t\t\t<a href=\"https:\/\/search.211md.org\/search?query=BD-5000.3500&amp;query_type=taxonomy&amp;query_label=&amp;utm_source=211&amp;utm_medium=Referral&amp;utm_campaign=Foodlink&amp;utm_content=Home%20Delivery\" target=\"_blank\" rel=\"noopener\">\n\t\t\t\t\t\tEntrega a domicilio\n\t\t\t\t\t<\/a>\n<figure data-animation-delay=\"0\" data-animation-duration=\"1\" itemscope=\"\" itemtype=\"https:\/\/schema.org\/ImageObject\">\n\t\t\t\t<img decoding=\"async\" src=\"http:\/\/211md.org\/wp-content\/uploads\/2025\/09\/Senior-meals.jpg\" alt=\"Seniors eating\" title=\"Comidas para personas mayores\" onerror=\"this.style.display='none'\" loading=\"lazy\">\n\t<\/figure>\n<p>&nbsp;<\/p>\n<h2>\u00bfNecesitas algo m\u00e1s?<\/h2>\n<p>El 211 ofrece informaci\u00f3n y referencias para otras necesidades esenciales. \u00a1Inf\u00f3rmese sobre los programas de asistencia disponibles para vivienda, asistencia con los servicios p\u00fablicos, cuidado infantil, atenci\u00f3n m\u00e9dica y m\u00e1s!<\/p>\n<p>&nbsp;<\/p>\n\t\t\t<a href=\"\/es\/recursos\/asistencia-de-servicios-publicos\/?utm_source=211&amp;utm_medium=Referral&amp;utm_campaign=Foodlink&amp;utm_content=needsomethingelse\" target=\"_self\">\n\t\t\t\t\t\tobtener asistencia con los servicios p\u00fablicos\n\t\t\t\t\t<\/a>\n\t\t\t<a href=\"\/es\/recursos\/vivienda-refugio\/?utm_source=211&amp;utm_medium=Referral&amp;utm_campaign=Foodlink&amp;utm_content=needsomethingelse\" target=\"_self\">\n\t\t\t\t\t\tencontrar vivienda\n\t\t\t\t\t<\/a>\n\t\t\t<a href=\"\/es\/recursos\/ninos-familias\/?utm_source=211&amp;utm_medium=Referral&amp;utm_campaign=Foodlink&amp;utm_content=needsomethingelse\" target=\"_self\">\n\t\t\t\t\t\tCuidado de los ni\u00f1os\n\t\t\t\t\t<\/a>\n\t\t\t<a href=\"\/es\/recursos-por-condado\/?utm_source=211&amp;utm_medium=Referral&amp;utm_campaign=Foodlink&amp;utm_content=needsomethingelse\" target=\"_self\">\n\t\t\t\t\t\trecursos por condado\n\t\t\t\t\t<\/a>\n\t\t<h2>Comidas gratuitas en la escuela<\/h2>\n\t\t<p>Las escuelas ofrecen comidas gratuitas y a precio reducido a los estudiantes a trav\u00e9s del Programa Nacional de Desayuno y Almuerzo Escolar. Consulte con la escuela local del ni\u00f1o para conocer los requisitos espec\u00edficos de elegibilidad.<\/p>\n<h3>Sitios de comidas de verano de Maryland<\/h3>\n<p>During the summer or extended school closures,&nbsp;Maryland schools participate in the&nbsp;Summer Food Service Program&nbsp;(SFSP), also known as Summer Meals Program. It&#8217;s a federally funded program administered by the state of Maryland to help serve free, healthy meals during summer break.&nbsp;<\/p>\n<p>Los sitios de comidas de verano pueden cambiar cada a\u00f1o. Los distritos escolares tambi\u00e9n saben qu\u00e9 organizaciones distribuir\u00e1n las comidas de verano gratuitas para los ni\u00f1os. <a href=\"https:\/\/mars.msde.maryland.gov\/MARS_SiteSearch\/Home\/Indexna\" target=\"_blank\" rel=\"noopener\">Sitio de comidas de Maryland<\/a> Tambi\u00e9n est\u00e1 disponible para buscar una ubicaci\u00f3n.<\/p>\n<p>Adem\u00e1s, los estudiantes que reciben comidas gratuitas o reducidas durante el a\u00f1o escolar pueden calificar para SUN Bucks.<\/p>\n\t\t\t<a href=\"https:\/\/search.211md.org\/search?query=BD-5000.8500&amp;query_label=Summer+Food+Service+Programs&amp;query_type=taxonomy&amp;utm_source=211&amp;utm_medium=Referral&amp;utm_campaign=Foodlink&amp;utm_content=summermeals\" target=\"_blank\" rel=\"noopener\">\n\t\t\t\t\t\tEncuentre programas de comidas de verano\n\t\t\t\t\t<\/a>\n<figure itemscope=\"\" itemtype=\"https:\/\/schema.org\/ImageObject\">\n\t\t\t\t<img decoding=\"async\" src=\"https:\/\/211md.org\/wp-content\/plugins\/bb-plugin\/img\/pixel.png\" alt=\"\" onerror=\"this.style.display='none'\" loading=\"lazy\">\n\t<\/figure>\n\t\t<figure itemscope=\"\" itemtype=\"https:\/\/schema.org\/ImageObject\">\n\t\t\t\t<img decoding=\"async\" src=\"https:\/\/211md.org\/wp-content\/uploads\/bb-plugin\/cache\/Call-center-specialst-circle-4e9ecd7b3425be4576416abc911049bb-.jpg\" alt=\"Especialista en centro de llamadas\" title=\"Especialista en call center\" onerror=\"this.style.display='none'\" loading=\"lazy\">\n\t<\/figure>\n<h2>Marque 211<\/h2><p>Habla con una persona atenta y compasiva las 24 horas, los 7 d\u00edas de la semana. Tambi\u00e9n puede ponerte en contacto con recursos.&nbsp;<\/p>\n\t\t\t<a href=\"tel:%20+211\" target=\"_blank\" rel=\"noopener\">\n\t\t\t\t\t\tMarca 211 (m\u00f3vil)\n\t\t\t\t\t<\/a>\n<h2>\n\t\t\tObtenga m\u00e1s informaci\u00f3n sobre los programas de alimentos\t<\/h2>\n\t\t<h4><a href=\"\/es\/recursos\/envejecimiento-discapacidad\/?utm_source=Home&amp;utm_medium=Referral&amp;utm_campaign=211Resources&amp;utm_content=Aging\" target=\"_self\">Envejecimiento y discapacidad<\/a><\/h4><figure itemscope=\"\" itemtype=\"https:\/\/schema.org\/ImageObject\">\n\t\t\t\t<a href=\"\/es\/recursos\/envejecimiento-discapacidad\/?utm_source=Home&amp;utm_medium=Referral&amp;utm_campaign=211Resources&amp;utm_content=Aging\" target=\"_self\" itemprop=\"url\">\n\t\t\t\t<img decoding=\"async\" src=\"https:\/\/211md.org\/wp-content\/uploads\/bb-plugin\/cache\/2025_MdInfoNet_Icon-Sets_Aging-disability-square-c466727102cae71e5f27b8539bb51945-.png\" alt=\"\" onerror=\"this.style.display='none'\" loading=\"lazy\">\n\t\t\t\t<\/a>\n\t<\/figure>\n\t\t<h4><a href=\"\/es\/recursos\/ninos-familias\/?utm_source=Home&amp;utm_medium=Referral&amp;utm_campaign=211Resources&amp;utm_content=Children\" target=\"_self\">Ni\u00f1os y Familias<\/a><\/h4><figure itemscope=\"\" itemtype=\"https:\/\/schema.org\/ImageObject\">\n\t\t\t\t<a href=\"\/es\/recursos\/ninos-familias\/?utm_source=Home&amp;utm_medium=Referral&amp;utm_campaign=211Resources&amp;utm_content=Children\" target=\"_self\" itemprop=\"url\">\n\t\t\t\t<img decoding=\"async\" src=\"https:\/\/211md.org\/wp-content\/uploads\/bb-plugin\/cache\/2025_211_Icon-Sets_Child-care-square-f3b0d4edab3dcc467fadb5f55f4064c6-.png\" alt=\"parent and child icon for child care\" height=\"417\" width=\"417\" title=\"2025_211_Conjuntos de iconos_Cuidado infantil\" onerror=\"this.style.display='none'\" loading=\"lazy\">\n\t\t\t\t<\/a>\n\t<\/figure>\n\t\t<h4><a href=\"\/es\/recursos\/violencia-domestica-familiar\/?utm_source=Home&amp;utm_medium=Referral&amp;utm_campaign=211Resources&amp;utm_content=Domestic\" target=\"_self\">Violencia dom\u00e9stica<\/a><\/h4><figure itemscope=\"\" itemtype=\"https:\/\/schema.org\/ImageObject\">\n\t\t\t\t<a href=\"\/es\/recursos\/violencia-domestica-familiar\/?utm_source=Home&amp;utm_medium=Referral&amp;utm_campaign=211Resources&amp;utm_content=Domestic\" target=\"_self\" itemprop=\"url\">\n\t\t\t\t<img decoding=\"async\" src=\"https:\/\/211md.org\/wp-content\/uploads\/bb-plugin\/cache\/2025_211_Icon-Sets_Domestic-Violence-square-7b597694a6f05fe90cdc376aa573bc63-.png\" alt=\"House with a heart in the middle icon\" height=\"417\" width=\"417\" title=\"2025_211_Conjuntos de iconos_Violencia dom\u00e9stica\" onerror=\"this.style.display='none'\" loading=\"lazy\">\n\t\t\t\t<\/a>\n\t<\/figure>\n\t\t<h4><a href=\"\/es\/recursos\/busqueda-de-empleo\/?utm_source=Home&amp;utm_medium=Referral&amp;utm_campaign=211Resources&amp;utm_content=Employment\" target=\"_self\">Empleo<\/a><\/h4><figure itemscope=\"\" itemtype=\"https:\/\/schema.org\/ImageObject\">\n\t\t\t\t<a href=\"\/es\/recursos\/busqueda-de-empleo\/?utm_source=Home&amp;utm_medium=Referral&amp;utm_campaign=211Resources&amp;utm_content=Employment\" target=\"_self\" itemprop=\"url\">\n\t\t\t\t<img decoding=\"async\" src=\"https:\/\/211md.org\/wp-content\/uploads\/bb-plugin\/cache\/2025_MdInfoNet_Icon-Sets_Employment-square-44707bd410e4df10a470bf130ebcea86-.png\" alt=\"\" onerror=\"this.style.display='none'\" loading=\"lazy\">\n\t\t\t\t<\/a>\n\t<\/figure>\n\t\t<h4><a href=\"\/es\/recursos\/cuidado-de-la-salud\/?utm_source=Home&amp;utm_medium=Referral&amp;utm_campaign=211Resources&amp;utm_content=Health%20Care\" target=\"_self\">Cuidado de la salud<\/a><\/h4><figure itemscope=\"\" itemtype=\"https:\/\/schema.org\/ImageObject\">\n\t\t\t\t<a href=\"\/es\/recursos\/cuidado-de-la-salud\/?utm_source=Home&amp;utm_medium=Referral&amp;utm_campaign=211Resources&amp;utm_content=Health%20Care\" target=\"_self\" itemprop=\"url\">\n\t\t\t\t<img decoding=\"async\" src=\"https:\/\/211md.org\/wp-content\/uploads\/bb-plugin\/cache\/2025_MdInfoNet_Icon-Sets_Health-Care-square-dee98a0060cbe0e7f27eda253fc12679-.png\" alt=\"\" onerror=\"this.style.display='none'\" loading=\"lazy\">\n\t\t\t\t<\/a>\n\t<\/figure>\n\t\t<h4><a href=\"\/es\/recursos\/ninos-familias\/parentesco\/?utm_source=Home&amp;utm_medium=Referral&amp;utm_campaign=211Resources&amp;utm_content=Kinship\" target=\"_self\">Parentesco<\/a><\/h4><figure itemscope=\"\" itemtype=\"https:\/\/schema.org\/ImageObject\">\n\t\t\t\t<a href=\"\/es\/recursos\/ninos-familias\/parentesco\/?utm_source=Home&amp;utm_medium=Referral&amp;utm_campaign=211Resources&amp;utm_content=Kinship\" target=\"_self\" itemprop=\"url\">\n\t\t\t\t<img decoding=\"async\" src=\"https:\/\/211md.org\/wp-content\/uploads\/bb-plugin\/cache\/2025_211_Icon-Sets_Kinship-square-45bdf872866f5735f842c32071109267-.png\" alt=\"Icono de parentesco\" height=\"417\" width=\"417\" title=\"2025_211_Conjuntos de iconos_Parentesco\" onerror=\"this.style.display='none'\" loading=\"lazy\">\n\t\t\t\t<\/a>\n\t<\/figure>\n\t\t<h4><a href=\"\/es\/recursos\/servicios-legales\/?utm_source=Home&amp;utm_medium=Referral&amp;utm_campaign=211Resources&amp;utm_content=Legal\" target=\"_self\">Servicios Legales<\/a><\/h4><figure itemscope=\"\" itemtype=\"https:\/\/schema.org\/ImageObject\">\n\t\t\t\t<a href=\"\/es\/recursos\/servicios-legales\/?utm_source=Home&amp;utm_medium=Referral&amp;utm_campaign=211Resources&amp;utm_content=Legal\" target=\"_self\" itemprop=\"url\">\n\t\t\t\t<img decoding=\"async\" src=\"https:\/\/211md.org\/wp-content\/uploads\/bb-plugin\/cache\/2025_MdInfoNet_Icon-Sets_Legal-square-18fdf438feb8435588174d9046463257-.png\" alt=\"\" onerror=\"this.style.display='none'\" loading=\"lazy\">\n\t\t\t\t<\/a>\n\t<\/figure>\n\t\t<h4><a href=\"\/es\/recursos\/salud-mental\/?utm_source=Home&amp;utm_medium=Referral&amp;utm_campaign=211Resources&amp;utm_content=Mental\" target=\"_self\">Salud mental<\/a><\/h4><figure itemscope=\"\" itemtype=\"https:\/\/schema.org\/ImageObject\">\n\t\t\t\t<a href=\"\/es\/recursos\/salud-mental\/?utm_source=Home&amp;utm_medium=Referral&amp;utm_campaign=211Resources&amp;utm_content=Mental\" target=\"_self\" itemprop=\"url\">\n\t\t\t\t<img decoding=\"async\" src=\"https:\/\/211md.org\/wp-content\/uploads\/bb-plugin\/cache\/2025_MdInfoNet_Icon-Sets_Mental-Health-square-c59b38c4a993a947d4c9280fbe2d2fee-.png\" alt=\"\" onerror=\"this.style.display='none'\" loading=\"lazy\">\n\t\t\t\t<\/a>\n\t<\/figure>\n\t\t<h4><a href=\"\/es\/recursos\/mdreentry\/?utm_source=Home&amp;utm_medium=Referral&amp;utm_campaign=211Resources&amp;utm_content=Reentry\" target=\"_self\">Reentrada<\/a><\/h4><figure itemscope=\"\" itemtype=\"https:\/\/schema.org\/ImageObject\">\n\t\t\t\t<a href=\"\/es\/recursos\/mdreentry\/?utm_source=Home&amp;utm_medium=Referral&amp;utm_campaign=211Resources&amp;utm_content=Reentry\" target=\"_self\" itemprop=\"url\">\n\t\t\t\t<img decoding=\"async\" src=\"https:\/\/211md.org\/wp-content\/uploads\/bb-plugin\/cache\/2025_211_Icon-Sets_Reentry-square-8676fea38abd920a832f45642fe31cca-.png\" alt=\"Icono de reentrada\" height=\"417\" width=\"417\" title=\"2025_211_Conjuntos de iconos_Reentrada\" onerror=\"this.style.display='none'\" loading=\"lazy\">\n\t\t\t\t<\/a>\n\t<\/figure>\n\t\t<h4><a href=\"\/es\/recursos\/consumo-de-sustancias\/?utm_source=Home&amp;utm_medium=Referral&amp;utm_campaign=211Resources&amp;utm_content=Substance\" target=\"_self\">Uso de sustancias<\/a><\/h4><figure itemscope=\"\" itemtype=\"https:\/\/schema.org\/ImageObject\">\n\t\t\t\t<a href=\"\/es\/recursos\/consumo-de-sustancias\/?utm_source=Home&amp;utm_medium=Referral&amp;utm_campaign=211Resources&amp;utm_content=Substance\" target=\"_self\" itemprop=\"url\">\n\t\t\t\t<img decoding=\"async\" src=\"https:\/\/211md.org\/wp-content\/uploads\/bb-plugin\/cache\/2025_MdInfoNet_Icon-Sets_Substance-Abuse-square-4f414f085e657267739c181957754f48-.png\" alt=\"Pills for substance Use icon\" title=\"2025_MdInfoNet_Icon-Sets_Substance-Abuse\" onerror=\"this.style.display='none'\" loading=\"lazy\">\n\t\t\t\t<\/a>\n\t<\/figure>\n\t\t<h4><a href=\"\/es\/recursos\/veteranos\/?utm_source=Home&amp;utm_medium=Referral&amp;utm_campaign=211Resources&amp;utm_content=Veterans\" target=\"_self\">veteranos<\/a><\/h4><figure itemscope=\"\" itemtype=\"https:\/\/schema.org\/ImageObject\">\n\t\t\t\t<a href=\"\/es\/recursos\/veteranos\/?utm_source=Home&amp;utm_medium=Referral&amp;utm_campaign=211Resources&amp;utm_content=Veterans\" target=\"_self\" itemprop=\"url\">\n\t\t\t\t<img decoding=\"async\" src=\"https:\/\/211md.org\/wp-content\/uploads\/bb-plugin\/cache\/2025_MdInfoNet_Icon-Sets_Rating-square-6e60d00cce4faa8e0a6d4ad7366aa733-.png\" alt=\"\" onerror=\"this.style.display='none'\" loading=\"lazy\">\n\t\t\t\t<\/a>\n\t<\/figure>","protected":false},"excerpt":{"rendered":"<p>Increasing food costs are stretching food budgets for families and individuals, and we&#8217;re here to help you learn about food assistance programs. Start searching for food pantries. Or keep reading for other food programs, including grocery savings, senior, and food assistance programs such as&nbsp;SNAP and WIC. Find Food Pantries Near You Quickly Find What You&hellip;<\/p>","protected":false},"author":8,"featured_media":3896,"parent":930,"menu_order":0,"comment_status":"closed","ping_status":"closed","template":"","meta":{"footnotes":""},"class_list":["post-746","page","type-page","status-publish","has-post-thumbnail","hentry"],"_links":{"self":[{"href":"https:\/\/211md.org\/es\/wp-json\/wp\/v2\/pages\/746","targetHints":{"allow":["GET"]}}],"collection":[{"href":"https:\/\/211md.org\/es\/wp-json\/wp\/v2\/pages"}],"about":[{"href":"https:\/\/211md.org\/es\/wp-json\/wp\/v2\/types\/page"}],"author":[{"embeddable":true,"href":"https:\/\/211md.org\/es\/wp-json\/wp\/v2\/users\/8"}],"replies":[{"embeddable":true,"href":"https:\/\/211md.org\/es\/wp-json\/wp\/v2\/comments?post=746"}],"version-history":[{"count":11,"href":"https:\/\/211md.org\/es\/wp-json\/wp\/v2\/pages\/746\/revisions"}],"predecessor-version":[{"id":34361,"href":"https:\/\/211md.org\/es\/wp-json\/wp\/v2\/pages\/746\/revisions\/34361"}],"up":[{"embeddable":true,"href":"https:\/\/211md.org\/es\/wp-json\/wp\/v2\/pages\/930"}],"wp:featuredmedia":[{"embeddable":true,"href":"https:\/\/211md.org\/es\/wp-json\/wp\/v2\/media\/3896"}],"wp:attachment":[{"href":"https:\/\/211md.org\/es\/wp-json\/wp\/v2\/media?parent=746"}],"curies":[{"name":"Gracias","href":"https:\/\/api.w.org\/{rel}","templated":true}]}}