{"id":758,"date":"2021-04-06T14:59:28","date_gmt":"2021-04-06T14:59:28","guid":{"rendered":"https:\/\/211md.org\/?page_id=758"},"modified":"2025-07-11T18:05:03","modified_gmt":"2025-07-11T22:05:03","slug":"unirse-a-nuestra-base-de-datos","status":"publish","type":"page","link":"https:\/\/211md.org\/es\/partner\/join-our-database\/","title":{"rendered":"\u00danase a nuestra base de datos"},"content":{"rendered":"<h2>\n\t\t\tAgregue su agencia como recurso\t<\/h2>\n\t<p>Esperamos considerar a su organizaci\u00f3n como un recurso para conectar a los habitantes de Maryland. Incluimos agencias y organizaciones de salud y servicios humanos que atienden a los residentes de este estado, independientemente de la ubicaci\u00f3n f\u00edsica del proveedor de servicios. Lea nuestro\u00a0<a href=\"\/es\/politica-de-inclusion\/\">Pol\u00edtica de inclusi\u00f3n<\/a>.<\/p>\n\t\t\t<a href=\"https:\/\/docs.google.com\/forms\/d\/e\/1FAIpQLSdP1V4oqiAOGr2uK9rkCIxzTpexnlyuDmDkqfJ0CjtIbmWV0A\/viewform\" target=\"_blank\" rel=\"noopener\">\n\t\t\t\t\t\t\t\u00danete ahora\n\t\t\t\t\t<\/a>\n\t<p>\u00bfNecesita actualizar su listado en la base de datos de recursos? <a href=\"mailto: resources@211md.org\" target=\"_blank\" rel=\"noopener\">Env\u00edenos un correo electr\u00f3nico<\/a>.<\/p>\n<h2>\n\t\t\tC\u00f3mo podemos ayudar a su organizaci\u00f3n\t<\/h2>\n\t<p>El 211 es un recurso para todos: personas, trabajadores sociales, m\u00e9dicos, enfermeros, funcionarios gubernamentales, organizaciones sin fines de lucro y otras organizaciones. Conectamos a los residentes de Maryland con recursos para todas sus necesidades insatisfechas.<\/p>\n\t\t\t\t<img decoding=\"async\" src=\"https:\/\/211md.org\/wp-content\/uploads\/2021\/05\/Image-Pre-Screen-Callers.png\" alt=\"Mujer con auriculares contestando una llamada\" itemprop=\"image\" height=\"211\" width=\"211\" title=\"Llamadas de imagen previa a la pantalla\" onerror=\"this.style.display='none'\" loading='lazy' \/>\n<h3>Preselecci\u00f3n de llamadas<\/h3><p>Apoyamos a las organizaciones preseleccionando a los habitantes de Maryland y refiriendo solo a aquellos que cumplen con los requisitos de elegibilidad.<\/p>\n\t\t\t\t<img decoding=\"async\" src=\"https:\/\/211md.org\/wp-content\/uploads\/2021\/05\/Image-Guidance-on-Eligibility-Requirements.png\" alt=\"Mujer que trabaja con un auricular mirando a la c\u00e1mara\" itemprop=\"image\" height=\"211\" width=\"211\" title=\"Imagen-Orientaci\u00f3n sobre los requisitos de elegibilidad\" onerror=\"this.style.display='none'\" loading='lazy' \/>\n<h3>Orientaci\u00f3n sobre los requisitos de elegibilidad<\/h3><p>Guiamos a las personas que llaman a trav\u00e9s de los requisitos de elegibilidad, para que tengan todo el papeleo necesario listo para solicitar beneficios o solicitar asistencia.<\/p>\n\t\t\t\t<img decoding=\"async\" src=\"https:\/\/211md.org\/wp-content\/uploads\/2021\/05\/Image-Saves-Time-and-Money.png\" alt=\"Mujer trabajadora mirando a la c\u00e1mara\" itemprop=\"image\" height=\"211\" width=\"211\" title=\"Imagen: ahorra tiempo y dinero\" onerror=\"this.style.display='none'\" loading='lazy' \/>\n<h3>Ahorra tiempo y dinero<\/h3><p>Nuestros especialistas en recursos est\u00e1n capacitados en informaci\u00f3n y servicios de referencia, lo que le ahorra a su organizaci\u00f3n tiempo para responder consultas sobre beneficios y programaci\u00f3n.<\/p>\n\t\t\t\t<img decoding=\"async\" src=\"https:\/\/211md.org\/wp-content\/uploads\/2021\/05\/Image-Support-Your-Programs.png\" alt=\"Gente de negocios d\u00e1ndose la mano\" itemprop=\"image\" height=\"211\" width=\"211\" title=\"Imagen: apoye sus programas\" onerror=\"this.style.display='none'\" loading='lazy' \/>\n<h3>Apoye sus programas<\/h3><p>Como punto de acceso \u00fanico, podemos ayudar a su organizaci\u00f3n a concentrarse en atender a los clientes en lugar de encontrarlos.<\/p>","protected":false},"excerpt":{"rendered":"<p>Agregue su agencia como recurso. Esperamos considerar a su organizaci\u00f3n como un recurso para conectar a los residentes de Maryland. Incluimos agencias y organizaciones de salud y servicios humanos que prestan servicios a los residentes de este estado, independientemente de la ubicaci\u00f3n f\u00edsica del proveedor de servicios. Lea nuestra Pol\u00edtica de Inclusi\u00f3n. \u00danase ahora. \u00bfNecesita actualizar su perfil en la base de datos de recursos?<\/p>","protected":false},"author":8,"featured_media":1982,"parent":486,"menu_order":0,"comment_status":"closed","ping_status":"closed","template":"","meta":{"footnotes":""},"class_list":["post-758","page","type-page","status-publish","has-post-thumbnail","hentry"],"_links":{"self":[{"href":"https:\/\/211md.org\/es\/wp-json\/wp\/v2\/pages\/758","targetHints":{"allow":["GET"]}}],"collection":[{"href":"https:\/\/211md.org\/es\/wp-json\/wp\/v2\/pages"}],"about":[{"href":"https:\/\/211md.org\/es\/wp-json\/wp\/v2\/types\/page"}],"author":[{"embeddable":true,"href":"https:\/\/211md.org\/es\/wp-json\/wp\/v2\/users\/8"}],"replies":[{"embeddable":true,"href":"https:\/\/211md.org\/es\/wp-json\/wp\/v2\/comments?post=758"}],"version-history":[{"count":3,"href":"https:\/\/211md.org\/es\/wp-json\/wp\/v2\/pages\/758\/revisions"}],"predecessor-version":[{"id":4917,"href":"https:\/\/211md.org\/es\/wp-json\/wp\/v2\/pages\/758\/revisions\/4917"}],"up":[{"embeddable":true,"href":"https:\/\/211md.org\/es\/wp-json\/wp\/v2\/pages\/486"}],"wp:featuredmedia":[{"embeddable":true,"href":"https:\/\/211md.org\/es\/wp-json\/wp\/v2\/media\/1982"}],"wp:attachment":[{"href":"https:\/\/211md.org\/es\/wp-json\/wp\/v2\/media?parent=758"}],"curies":[{"name":"Gracias","href":"https:\/\/api.w.org\/{rel}","templated":true}]}}