{"id":813,"date":"2021-04-07T18:54:23","date_gmt":"2021-04-07T18:54:23","guid":{"rendered":"https:\/\/211md.org\/?page_id=813"},"modified":"2024-05-02T13:40:17","modified_gmt":"2024-05-02T17:40:17","slug":"sala-de-redaccion","status":"publish","type":"page","link":"https:\/\/211md.org\/es\/newsroom\/","title":{"rendered":"sala de prensa"},"content":{"rendered":"<h2>\n\t\tArt\u00edculos destacados\n\t<\/h2>\n<h2>\n\t\t211 Noticias de Maryland\n\t<\/h2>\n\t\t\t<a href=\"\/es\/sala-de-redaccion\/211-maryland-news\/\" target=\"_self\" rel=\"noopener\">\n\t\t\t\t\t\t\tVer todas las noticias\n\t\t\t\t\t<\/a>\n<h3>\n\t\tCategor\u00edas\n\t<\/h3>\n\t\t<h2>PONERSE EN CONTACTO<\/h2>\n\t\t<p>Comun\u00edquese con nosotros para programar una entrevista u obtener datos relacionados con las llamadas al 211 de Maryland y la plataforma de mensajes de texto a pedido:\u00a0<a href=\"mailto:media@211md.org\">media@211md.org<\/a><\/p>\n\t\t\t<a href=\"mailto:media@211md.org\" target=\"_self\" rel=\"noopener\">\n\t\t\t\t\t\t\tEnv\u00edenos un correo electr\u00f3nico\n\t\t\t\t\t<\/a>\n\t\t\t\t<img loading=\"lazy\" decoding=\"async\" src=\"https:\/\/211md.org\/wp-content\/uploads\/2021\/04\/Data-1.png\" alt=\"Mujer trabajando en su computadora mirando gr\u00e1ficos\" itemprop=\"image\" height=\"348\" width=\"460\" title=\"Datos-1\" onerror=\"this.style.display='none'\"  \/>\n\t<h2><strong>Deje que los n\u00fameros cuenten la historia<\/strong><\/h2>\n<p>211 Las conexiones continuas de Maryland informan a la comunidad sobre las tendencias de salud y servicios humanos. Acceda a miles de historias sobre las necesidades colectivas fundamentales en su \u00e1rea de cobertura a trav\u00e9s del conjunto de datos de necesidades insatisfechas m\u00e1s completo del estado. \u00a1Cuente la historia de su comunidad hoy!<\/p>\n\t<h2><strong>211 Kit de herramientas de Maryland<\/strong><\/h2>\n<p>Descargue materiales del kit de herramientas, como tarjetas de divulgaci\u00f3n, gr\u00e1ficos para redes sociales y hojas informativas sobre el 211 y sus programas. Utilice las descargas digitales o solicite materiales listos para imprimir.<\/p>\n\t\t\t\t<img loading=\"lazy\" decoding=\"async\" src=\"https:\/\/211md.org\/wp-content\/uploads\/2021\/05\/Top-View-Postcard-Mockup-scaled.jpg\" alt=\"211 tarjetas de extensi\u00f3n de Maryland\" itemprop=\"image\" height=\"1707\" width=\"2560\" title=\"Maqueta de postal de vista superior\" onerror=\"this.style.display='none'\"  \/>","protected":false},"excerpt":{"rendered":"<p>Historias destacadas 211 Maryland News Ver todas las categor\u00edas de noticias PONTE EN CONTACTO Comun\u00edquese con nosotros para programar una entrevista u obtener datos relacionados con las llamadas al 211 Maryland y la plataforma de mensajes de texto a pedido: media@211md.org Env\u00edenos un correo electr\u00f3nico Deje que los n\u00fameros cuenten la historia 211 Maryland&#039;s continuo Las conexiones informan a la comunidad sobre las tendencias de salud y servicios humanos. Accede a miles de\u2026<\/p>","protected":false},"author":8,"featured_media":1874,"parent":0,"menu_order":0,"comment_status":"closed","ping_status":"closed","template":"","meta":{"footnotes":""},"class_list":["post-813","page","type-page","status-publish","has-post-thumbnail","hentry"],"_links":{"self":[{"href":"https:\/\/211md.org\/es\/wp-json\/wp\/v2\/pages\/813","targetHints":{"allow":["GET"]}}],"collection":[{"href":"https:\/\/211md.org\/es\/wp-json\/wp\/v2\/pages"}],"about":[{"href":"https:\/\/211md.org\/es\/wp-json\/wp\/v2\/types\/page"}],"author":[{"embeddable":true,"href":"https:\/\/211md.org\/es\/wp-json\/wp\/v2\/users\/8"}],"replies":[{"embeddable":true,"href":"https:\/\/211md.org\/es\/wp-json\/wp\/v2\/comments?post=813"}],"version-history":[{"count":0,"href":"https:\/\/211md.org\/es\/wp-json\/wp\/v2\/pages\/813\/revisions"}],"wp:featuredmedia":[{"embeddable":true,"href":"https:\/\/211md.org\/es\/wp-json\/wp\/v2\/media\/1874"}],"wp:attachment":[{"href":"https:\/\/211md.org\/es\/wp-json\/wp\/v2\/media?parent=813"}],"curies":[{"name":"Gracias","href":"https:\/\/api.w.org\/{rel}","templated":true}]}}