{"id":836,"date":"2021-04-08T19:38:57","date_gmt":"2021-04-08T19:38:57","guid":{"rendered":"https:\/\/211md.org\/?page_id=836"},"modified":"2025-12-01T14:22:37","modified_gmt":"2025-12-01T19:22:37","slug":"salud-mental","status":"publish","type":"page","link":"https:\/\/211md.org\/es\/resources\/mental-health\/","title":{"rendered":"Encuentre apoyo para la salud mental en Maryland"},"content":{"rendered":"<img decoding=\"async\" src=\"https:\/\/stg-maryland211-staging.kinsta.cloud\/wp-content\/uploads\/2025\/08\/5-1-scaled.png\" alt=\"5\" itemprop=\"image\" height=\"692\" width=\"2560\" title=\"5\" onerror=\"this.style.display='none'\" loading=\"lazy\" \/>\n\t\t<p>Hay ayuda disponible para cualquier persona que sufra de ansiedad, depresi\u00f3n, pensamientos suicidas, agobio, estr\u00e9s u otros problemas de salud mental. \u00a1No est\u00e1s solo\/a!<\/p>\n<p>Marque 988 para conectarse con ayuda inmediata.<\/p>\n<p>Tambi\u00e9n hay recursos confidenciales disponibles para apoyar la salud mental de adolescentes y adultos.<\/p>\n\t\t\t<a href=\"#start\" target=\"_self\">\n\t\t\t\t\t\tEmpezar\n\t\t\t\t\t<\/a>\n\t\t\t\t<img decoding=\"async\" src=\"https:\/\/211md.org\/wp-content\/plugins\/bb-plugin\/img\/pixel.png\" alt=\"\" itemprop=\"image\" onerror=\"this.style.display='none'\" loading=\"lazy\" \/>\n\t\t\t\t<img decoding=\"async\" src=\"https:\/\/stg-maryland211-staging.kinsta.cloud\/wp-content\/uploads\/2025\/08\/16.png\" alt=\"16\" itemprop=\"image\" height=\"1000\" width=\"1000\" title=\"16\" onerror=\"this.style.display='none'\" loading=\"lazy\" \/>\n\t\t\t\t<img decoding=\"async\" src=\"http:\/\/211md.org\/wp-content\/uploads\/2025\/10\/Thoughtful-man-sitting-on-park-bench.jpg\" alt=\"Hombre pensativo sentado en un banco del parque\" itemprop=\"image\" title=\"Hombre pensativo sentado en un banco del parque\" onerror=\"this.style.display='none'\" loading=\"lazy\" \/>\n\t<h3>\u00bfQu\u00e9 sucede cuando llamas al 988 en Maryland?<\/h3>\n<p>Si conoces a alguien que est\u00e9 considerando suicidarse, no lo dejes solo.<\/p>\n<p>Intente que su ser querido busque ayuda inmediata llamando al 988.<\/p>\n<p>Los especialistas capacitados profesionalmente est\u00e1n disponibles las 24 horas del d\u00eda, los 7 d\u00edas de la semana, los 365 d\u00edas del a\u00f1o para escuchar y hablar.<\/p>\n<p>Los especialistas del 211 de Baltimore Crisis Response responden algunas de estas llamadas.<\/p>\n<p>Elijah McBride es el gerente del centro de llamadas y habl\u00f3 sobre las formas en que pueden ayudar a las personas en el \u201c<a href=\"https:\/\/211md.org\/es\/podcast\/baltimore-city-mental-health\/\" target=\"_blank\" rel=\"noopener\">\u00bfQu\u00e9 es el 211? podcast<\/a>.<\/p>\n<blockquote><p>\u201cEntonces, cuando alguien llame, se le conectar\u00e1 directamente con un asesor de la l\u00ednea directa capacitado. Ese asesor de la l\u00ednea directa les brindar\u00e1 informaci\u00f3n adecuada y precisa, los escuchar\u00e1 y realmente intercambiar\u00e1 ideas sobre posibles opciones y soluciones a la crisis o problema particular que presenten por tel\u00e9fono\u201d, explic\u00f3 McBride.<\/p><\/blockquote>\n<p>Chatee en l\u00ednea con un profesional de salud mental o llame o env\u00ede un mensaje de texto al 988.<\/p>\n\t\t\t<a href=\"https:\/\/988lifeline.org\/chat\/\" target=\"_blank\" rel=\"noopener\">\n\t\t\t\t\t\t\tChatea con 988 (Ingl\u00e9s)\n\t\t\t\t\t<\/a>\n\t\t\t<a href=\"https:\/\/988lifeline.org\/es\/home\/\" target=\"_blank\" rel=\"noopener\">\n\t\t\t\t\t\t\tChatea con 988 (espa\u00f1ol)\n\t\t\t\t\t<\/a>\n\t\t\t\t<a href=\"https:\/\/search.988.mdinfonet.org\/\" target=\"_blank\" rel=\"noopener\" itemprop=\"url\">\n\t\t\t\t<img decoding=\"async\" src=\"https:\/\/stg-maryland211-staging.kinsta.cloud\/wp-content\/uploads\/2025\/08\/2025_MdInfoNet_Icon-Sets-white_Locate.png\" alt=\"\" itemprop=\"image\" onerror=\"this.style.display='none'\" loading=\"lazy\" \/>\n\t\t\t\t<\/a>\n<h2><a href=\"https:\/\/search.988.mdinfonet.org\/\" target=\"_blank\" rel=\"noopener\">Encuentre recursos de salud mental ahora<\/a><\/h2><p>Encuentre apoyo de salud conductual cerca de usted, buscando en la base de datos 988, impulsada por Maryland Information Network y 211.<\/p>\n<p>Introduzca su c\u00f3digo postal y utilice los filtros para limitar los resultados.<\/p>\n\t\t\t<a href=\"https:\/\/search.988.mdinfonet.org\/\" target=\"_blank\" rel=\"noopener\">\n\t\t\t\t\t\t\tBuscar ahora\n\t\t\t<\/a>\n\t\t\t\t<img decoding=\"async\" src=\"http:\/\/211md.org\/wp-content\/uploads\/2025\/10\/Adult-texting.jpg\" alt=\"Mensajes de texto para adultos\" itemprop=\"image\" title=\"Mensajes de texto para adultos\" onerror=\"this.style.display='none'\" loading=\"lazy\" \/>\n\t<h3>Programas de mensajes de texto 211<\/h3>\n<p>Ofrecemos dos programas de mensajes de texto informativos y motivacionales. Reciba mensajes con consejos pr\u00e1cticos y herramientas para mejorar su bienestar mental.<\/p>\n<p>Son gratuitos y confidenciales.<\/p>\n<p>Hay dos programas, uno para adultos en ingl\u00e9s y espa\u00f1ol y un programa de texto para adolescentes en ingl\u00e9s.<\/p>\n<h3>MDMindHealth\/MDSaludMental (Adultos)<\/h3>\n<p>Los adultos pueden registrarse en MDMindHealth (ingl\u00e9s) o MDSaludMental (espa\u00f1ol).<\/p>\n<p>En el m\u00f3vil, haga clic en la palabra clave para abrir la mensajer\u00eda de texto.<\/p>\n<p>De lo contrario, env\u00ede un mensaje de texto con la palabra clave al 898-211.<\/p>\n<p>Ingl\u00e9s:Texto\u00a0<strong>MDMindHealth<\/strong>\u00a0al 898-211<\/p>\n<p>Texto\u00a0<strong>MDSaludMental\u00a0<\/strong>al 898-211<\/p>\n<p>&nbsp;<\/p>\n\t\t\t<a href=\"sms:\/\/898-211;?&#038;body=MDMINDHEALTH\" target=\"_blank\" rel=\"noopener\">\n\t\t\t\t\t\tTexto mdmindhealth\n\t\t\t\t\t<\/a>\n\t\t\t<a href=\"sms:\/\/898-211;?&#038;body=MDSALUDMENTAL\" target=\"_blank\" rel=\"noopener\">\n\t\t\t\t\t\tTexto MdSaludMental\n\t\t\t\t\t<\/a>\n\t<p><em>211 Maryland ofrece programas de alerta por mensaje de texto que brindan informaci\u00f3n sobre recursos espec\u00edficos de la regi\u00f3n o alertas de desastres. Pueden aplicarse tarifas de mensajes y datos y la frecuencia de los mensajes puede variar. Para recibir ayuda, env\u00ede un mensaje de texto con la palabra HELP. Para cancelar la suscripci\u00f3n, env\u00ede un mensaje de texto con la palabra STOP al mismo n\u00famero. T\u00e9rminos completos de SMS en\u00a0<a href=\"https:\/\/211md.org\/es\/sms\/\">https:\/\/211md.org\/sms\/<\/a>\u00a0tambi\u00e9n se aplicar\u00e1.<\/em><\/p>\n\t\t<h3>MDYoungMinds (adolescentes)<\/h3>\n<p>Los adolescentes pueden recibir mensajes de texto informativos centrados en las preocupaciones de los adolescentes de MDYoungMinds.<\/p>\n<p>En el m\u00f3vil, haga clic en la palabra clave para abrir mensajes de texto. De lo contrario, env\u00ede la palabra clave por mensaje de texto al n\u00famero de tel\u00e9fono.<\/p>\n<p>Adolescentes: Texto<strong>\u00a0MDYoungMinds\u00a0<\/strong>al 898-211<\/p>\n\t\t\t<a href=\"tel:+211sms:\/\/898-211;?&#038;body=MDYOUNGMINDS\" target=\"_blank\" rel=\"noopener\">\n\t\t\t\t\t\tTexto MdYoungMinds\n\t\t\t\t\t<\/a>\n\t\t\t\t<img decoding=\"async\" src=\"http:\/\/211md.org\/wp-content\/uploads\/2025\/10\/Teen-texting.jpg\" alt=\"mensajes de texto de adolescentes\" itemprop=\"image\" title=\"Mensajes de texto de adolescentes\" onerror=\"this.style.display='none'\" loading=\"lazy\" \/>\n\t<h2>C\u00f3mo nos afecta la salud mental<\/h2>\n<p>La salud mental afecta la forma en que piensas, sientes y act\u00faas. Determina c\u00f3mo te relacionas con los dem\u00e1s, tomas decisiones y manejas el estr\u00e9s, seg\u00fan el <a href=\"https:\/\/www.samhsa.gov\/mental-health\" target=\"_blank\" rel=\"noopener\">Administraci\u00f3n de Servicios de Abuso de Sustancias y Salud Mental<\/a> (SAMHSA).<\/p>\n<p>Es tan importante como tu salud f\u00edsica. <a href=\"https:\/\/211md.org\/es\/recursos\/salud-mental\/depresion\/\">Depresi\u00f3n<\/a> Incluso puede aumentar los riesgos de algunos problemas de salud f\u00edsica.<\/p>\n<p>Si tienes dificultades, pide ayuda. Es una se\u00f1al de fuerza. Estamos aqu\u00ed cuando m\u00e1s nos necesitas.<\/p>\n<p>Marque 2-1-1 y podremos conectarlo con soporte.<\/p>\n\t\t\t\t<img decoding=\"async\" src=\"http:\/\/211md.org\/wp-content\/uploads\/2023\/04\/Woman-in-wheelchair-getting-mental-health-support.jpg\" alt=\"Mujer en silla de ruedas recibiendo apoyo de salud mental\" itemprop=\"image\" title=\"Mujer en silla de ruedas recibiendo apoyo de salud mental\" onerror=\"this.style.display='none'\" loading=\"lazy\" \/>\n\t<h2>C\u00f3mo encontrar un proveedor de salud mental<\/h2>\n<p>Encontrar un proveedor de salud mental puede llevar tiempo. En <a href=\"https:\/\/211md.org\/es\/blog\/categoria\/podcasts\/\">\u00bfQu\u00e9 es el 211? podcast<\/a> y la serie Minor\u00edas y salud mental en 92Q, hemos hablado con especialistas en salud conductual sobre los tiempos de espera y las dificultades para encontrar a alguien en quien conf\u00ede, especialmente para la comunidad negra.<\/p>\n<p>Es posible que sean necesarios algunos proveedores antes de encontrar el adecuado. Pero no demore el tratamiento. Inicie la conversaci\u00f3n con un terapeuta disponible lo antes posible.<\/p>\n<p>Cuando encuentre un terapeuta adecuado para usted, pregunte sobre:<\/p>\n<ul>\n<li>tipos de terapia que ofrecen<\/li>\n<li>Opciones de tratamiento<\/li>\n<li>M\u00e9todos de pago<\/li>\n<\/ul>\n<p>&nbsp;<\/p>\n\t<p>Quiere un terapeuta con el que pueda tener una conversaci\u00f3n honesta y abierta. Es posible que sean necesarios algunos intentos antes de encontrar aquel con el que se conecte y en el que conf\u00ede. Si su primera opci\u00f3n no est\u00e1 disponible, inicie la conversaci\u00f3n con un terapeuta que tenga vacantes. Es un punto de partida. La ayuda de salud mental es un proceso.<\/p>\n<p><a href=\"https:\/\/211md.org\/es\/blog\/salud-mental-sentimientos\/\">La terapia puede ayudarte a sentirte validado<\/a> y ponle palabras a lo que est\u00e1s sintiendo.<\/p>\n<p>Colocar <a href=\"https:\/\/211md.org\/es\/blog\/salud-mental-objetivos\/\" target=\"_blank\" rel=\"noopener\">objetivos de salud mental<\/a> que funcionen para ti. Recuerda, est\u00e1 bien no estar bien.<\/p>\n\t\t\t\t<a href=\"https:\/\/search.988.mdinfonet.org\/\" target=\"_blank\" rel=\"noopener\" itemprop=\"url\">\n\t\t\t\t<img decoding=\"async\" src=\"https:\/\/stg-maryland211-staging.kinsta.cloud\/wp-content\/uploads\/2025\/08\/2025_MdInfoNet_Icon-Sets-white_Locate.png\" alt=\"\" itemprop=\"image\" onerror=\"this.style.display='none'\" loading=\"lazy\" \/>\n\t\t\t\t<\/a>\n<h2><a href=\"https:\/\/search.988.mdinfonet.org\/\" target=\"_blank\" rel=\"noopener\">B\u00fasqueda de proveedores de salud mental<\/a><\/h2><p>Con\u00e9ctese con proveedores cerca de usted. Busque en la base de datos 988, impulsada por la Red de Informaci\u00f3n de Maryland y el 211.<\/p>\n\t\t\t<a href=\"https:\/\/search.988.mdinfonet.org\/\" target=\"_blank\" rel=\"noopener\">\n\t\t\t\t\t\t\tBuscar ahora\n\t\t\t<\/a>\n<h2>\n\t\t\tInformaci\u00f3n adicional para la salud mental\t<\/h2>\n\t<h3>211 Podcasts<\/h3>\n<p>Contin\u00fae aprendiendo sobre el apoyo de salud mental comunitario con estos 211 recursos de salud mental que incluyen podcasts y una discusi\u00f3n comunitaria sobre la salud mental de los hombres.<\/p>\n\t<h2>\u00bfNecesito hablar?\u00a0<\/h2>\n<p>&nbsp;<\/p>\n\t<h2>Llame o env\u00ede un mensaje de texto al 988<\/h2>\n\t\t\t<a href=\"https:\/\/988lifeline.org\/chat\/\" target=\"_blank\" rel=\"noopener\">\n\t\t\t\t\t\t\tChatear ahora (ingl\u00e9s)\n\t\t\t\t\t<\/a>\n\t\t\t<a href=\"https:\/\/988lifeline.org\/es\/chat\/\" target=\"_blank\" rel=\"noopener\">\n\t\t\t\t\t\t\tChatea Ahora (English)\n\t\t\t\t\t<\/a>\n\t<p>Cualquier persona que necesite ayuda con necesidades de salud mental o relacionadas con el uso de sustancias puede llamar al 988. <a href=\"https:\/\/health.maryland.gov\/bha\/Pages\/988md.aspx\" target=\"_blank\" rel=\"noopener\">M\u00e1s informaci\u00f3n sobre 988 en Maryland<\/a>.<\/p>\n\t\t<h4><a href=\"\/es\/recursos\/envejecimiento-discapacidad\/?utm_source=Home&#038;utm_medium=Referral&#038;utm_campaign=211Resources&#038;utm_content=Aging\" target=\"_self\">Envejecimiento y discapacidad<\/a><\/h4>\n\t\t\t\t<a href=\"\/es\/recursos\/envejecimiento-discapacidad\/?utm_source=Home&#038;utm_medium=Referral&#038;utm_campaign=211Resources&#038;utm_content=Aging\"  target=\"_self\" itemprop=\"url\">\n\t\t\t\t<img decoding=\"async\" src=\"https:\/\/211md.org\/wp-content\/uploads\/bb-plugin\/cache\/2025_MdInfoNet_Icon-Sets_Aging-disability-square-c466727102cae71e5f27b8539bb51945-.png\" alt=\"\" itemprop=\"image\" onerror=\"this.style.display='none'\" loading=\"lazy\" \/>\n\t\t\t\t<\/a>\n\t\t<h4><a href=\"\/es\/recursos\/ninos-familias\/?utm_source=Home&#038;utm_medium=Referral&#038;utm_campaign=211Resources&#038;utm_content=Children\" target=\"_self\">Ni\u00f1os y familias<\/a><\/h4>\n\t\t\t\t<a href=\"\/es\/recursos\/ninos-familias\/?utm_source=Home&#038;utm_medium=Referral&#038;utm_campaign=211Resources&#038;utm_content=Children\"  target=\"_self\" itemprop=\"url\">\n\t\t\t\t<img decoding=\"async\" src=\"https:\/\/211md.org\/wp-content\/uploads\/bb-plugin\/cache\/2025_211_Icon-Sets_Child-care-square-f3b0d4edab3dcc467fadb5f55f4064c6-.png\" alt=\"parent and child icon for child care\" itemprop=\"image\" height=\"417\" width=\"417\" title=\"2025_211_Conjuntos de iconos_Cuidado infantil\" onerror=\"this.style.display='none'\" loading=\"lazy\" \/>\n\t\t\t\t<\/a>\n\t\t<h4><a href=\"\/es\/recursos\/violencia-domestica-familiar\/?utm_source=Home&#038;utm_medium=Referral&#038;utm_campaign=211Resources&#038;utm_content=Domestic\" target=\"_self\">Violencia dom\u00e9stica<\/a><\/h4>\n\t\t\t\t<a href=\"\/es\/recursos\/violencia-domestica-familiar\/?utm_source=Home&#038;utm_medium=Referral&#038;utm_campaign=211Resources&#038;utm_content=Domestic\"  target=\"_self\" itemprop=\"url\">\n\t\t\t\t<img decoding=\"async\" src=\"https:\/\/211md.org\/wp-content\/uploads\/bb-plugin\/cache\/2025_211_Icon-Sets_Domestic-Violence-square-7b597694a6f05fe90cdc376aa573bc63-.png\" alt=\"Icono de violencia dom\u00e9stica\" itemprop=\"image\" height=\"417\" width=\"417\" title=\"2025_211_Conjuntos de iconos_Violencia dom\u00e9stica\" onerror=\"this.style.display='none'\" loading=\"lazy\" \/>\n\t\t\t\t<\/a>\n\t\t<h4><a href=\"\/es\/recursos\/busqueda-de-empleo\/?utm_source=Home&#038;utm_medium=Referral&#038;utm_campaign=211Resources&#038;utm_content=Employment\" target=\"_self\">Empleo<\/a><\/h4>\n\t\t\t\t<a href=\"\/es\/recursos\/busqueda-de-empleo\/?utm_source=Home&#038;utm_medium=Referral&#038;utm_campaign=211Resources&#038;utm_content=Employment\"  target=\"_self\" itemprop=\"url\">\n\t\t\t\t<img decoding=\"async\" src=\"https:\/\/211md.org\/wp-content\/uploads\/bb-plugin\/cache\/2025_MdInfoNet_Icon-Sets_Employment-square-44707bd410e4df10a470bf130ebcea86-.png\" alt=\"\" itemprop=\"image\" onerror=\"this.style.display='none'\" loading=\"lazy\" \/>\n\t\t\t\t<\/a>\n\t\t<h4><a href=\"\/es\/recursos\/cuidado-de-la-salud\/?utm_source=Home&#038;utm_medium=Referral&#038;utm_campaign=211Resources&#038;utm_content=Health%20Care\" target=\"_self\">Cuidado de la salud<\/a><\/h4>\n\t\t\t\t<a href=\"\/es\/recursos\/cuidado-de-la-salud\/?utm_source=Home&#038;utm_medium=Referral&#038;utm_campaign=211Resources&#038;utm_content=Health%20Care\"  target=\"_self\" itemprop=\"url\">\n\t\t\t\t<img decoding=\"async\" src=\"https:\/\/211md.org\/wp-content\/uploads\/bb-plugin\/cache\/2025_MdInfoNet_Icon-Sets_Health-Care-square-dee98a0060cbe0e7f27eda253fc12679-.png\" alt=\"\" itemprop=\"image\" onerror=\"this.style.display='none'\" loading=\"lazy\" \/>\n\t\t\t\t<\/a>\n\t\t<h4><a href=\"\/es\/recursos\/ninos-familias\/parentesco\/?utm_source=Home&#038;utm_medium=Referral&#038;utm_campaign=211Resources&#038;utm_content=Kinship\" target=\"_self\">Parentesco<\/a><\/h4>\n\t\t\t\t<a href=\"\/es\/recursos\/ninos-familias\/parentesco\/?utm_source=Home&#038;utm_medium=Referral&#038;utm_campaign=211Resources&#038;utm_content=Kinship\"  target=\"_self\" itemprop=\"url\">\n\t\t\t\t<img decoding=\"async\" src=\"https:\/\/211md.org\/wp-content\/uploads\/bb-plugin\/cache\/2025_211_Icon-Sets_Kinship-square-45bdf872866f5735f842c32071109267-.png\" alt=\"Icono de parentesco\" itemprop=\"image\" height=\"417\" width=\"417\" title=\"2025_211_Conjuntos de iconos_Parentesco\" onerror=\"this.style.display='none'\" loading=\"lazy\" \/>\n\t\t\t\t<\/a>\n\t\t<h4><a href=\"\/es\/recursos\/servicios-legales\/?utm_source=Home&#038;utm_medium=Referral&#038;utm_campaign=211Resources&#038;utm_content=Legal\" target=\"_self\">Servicios Legales<\/a><\/h4>\n\t\t\t\t<a href=\"\/es\/recursos\/servicios-legales\/?utm_source=Home&#038;utm_medium=Referral&#038;utm_campaign=211Resources&#038;utm_content=Legal\"  target=\"_self\" itemprop=\"url\">\n\t\t\t\t<img decoding=\"async\" src=\"https:\/\/211md.org\/wp-content\/uploads\/bb-plugin\/cache\/2025_MdInfoNet_Icon-Sets_Legal-square-18fdf438feb8435588174d9046463257-.png\" alt=\"\" itemprop=\"image\" onerror=\"this.style.display='none'\" loading=\"lazy\" \/>\n\t\t\t\t<\/a>\n\t\t<h4><a href=\"\/es\/recursos\/salud-mental\/?utm_source=Home&#038;utm_medium=Referral&#038;utm_campaign=211Resources&#038;utm_content=Mental\" target=\"_self\">Salud mental<\/a><\/h4>\n\t\t\t\t<a href=\"\/es\/recursos\/salud-mental\/?utm_source=Home&#038;utm_medium=Referral&#038;utm_campaign=211Resources&#038;utm_content=Mental\"  target=\"_self\" itemprop=\"url\">\n\t\t\t\t<img decoding=\"async\" src=\"https:\/\/211md.org\/wp-content\/uploads\/bb-plugin\/cache\/2025_MdInfoNet_Icon-Sets_Mental-Health-square-c59b38c4a993a947d4c9280fbe2d2fee-.png\" alt=\"\" itemprop=\"image\" onerror=\"this.style.display='none'\" loading=\"lazy\" \/>\n\t\t\t\t<\/a>\n\t\t<h4><a href=\"\/es\/recursos\/mdreentry\/?utm_source=Home&#038;utm_medium=Referral&#038;utm_campaign=211Resources&#038;utm_content=Reentry\" target=\"_self\">Reentrada<\/a><\/h4>\n\t\t\t\t<a href=\"\/es\/recursos\/mdreentry\/?utm_source=Home&#038;utm_medium=Referral&#038;utm_campaign=211Resources&#038;utm_content=Reentry\"  target=\"_self\" itemprop=\"url\">\n\t\t\t\t<img decoding=\"async\" src=\"https:\/\/211md.org\/wp-content\/uploads\/bb-plugin\/cache\/2025_211_Icon-Sets_Reentry-square-8676fea38abd920a832f45642fe31cca-.png\" alt=\"Icono de reentrada\" itemprop=\"image\" height=\"417\" width=\"417\" title=\"2025_211_Conjuntos de iconos_Reentrada\" onerror=\"this.style.display='none'\" loading=\"lazy\" \/>\n\t\t\t\t<\/a>\n\t\t<h4><a href=\"\/es\/recursos\/consumo-de-sustancias\/?utm_source=Home&#038;utm_medium=Referral&#038;utm_campaign=211Resources&#038;utm_content=Substance\" target=\"_self\">Uso de sustancias<\/a><\/h4>\n\t\t\t\t<a href=\"\/es\/recursos\/consumo-de-sustancias\/?utm_source=Home&#038;utm_medium=Referral&#038;utm_campaign=211Resources&#038;utm_content=Substance\"  target=\"_self\" itemprop=\"url\">\n\t\t\t\t<img decoding=\"async\" src=\"https:\/\/211md.org\/wp-content\/uploads\/bb-plugin\/cache\/2025_MdInfoNet_Icon-Sets_Substance-Abuse-square-9022fec9d18a64118ad685c101885b55-.png\" alt=\"\" itemprop=\"image\" onerror=\"this.style.display='none'\" loading=\"lazy\" \/>\n\t\t\t\t<\/a>\n\t\t<h4><a href=\"\/es\/recursos\/veteranos\/?utm_source=Home&#038;utm_medium=Referral&#038;utm_campaign=211Resources&#038;utm_content=Veterans\" target=\"_self\">veteranos<\/a><\/h4>\n\t\t\t\t<a href=\"\/es\/recursos\/veteranos\/?utm_source=Home&#038;utm_medium=Referral&#038;utm_campaign=211Resources&#038;utm_content=Veterans\"  target=\"_self\" itemprop=\"url\">\n\t\t\t\t<img decoding=\"async\" src=\"https:\/\/211md.org\/wp-content\/uploads\/bb-plugin\/cache\/2025_MdInfoNet_Icon-Sets_Rating-square-6e60d00cce4faa8e0a6d4ad7366aa733-.png\" alt=\"\" itemprop=\"image\" onerror=\"this.style.display='none'\" loading=\"lazy\" \/>\n\t\t\t\t<\/a>","protected":false},"excerpt":{"rendered":"<p>Hay ayuda disponible para cualquier persona que sufra de ansiedad, depresi\u00f3n, pensamientos suicidas, agobio, estr\u00e9s u otros problemas de salud mental. \u00a1No est\u00e1 solo! Llame al 988 para obtener ayuda inmediata. Tambi\u00e9n disponemos de recursos confidenciales para apoyar la salud mental de adolescentes y adultos. Comience. \u00bfQu\u00e9 sucede cuando llama al 988 en Maryland? Si\u2026<\/p>","protected":false},"author":8,"featured_media":33920,"parent":930,"menu_order":0,"comment_status":"closed","ping_status":"closed","template":"","meta":{"footnotes":""},"class_list":["post-836","page","type-page","status-publish","has-post-thumbnail","hentry"],"_links":{"self":[{"href":"https:\/\/211md.org\/es\/wp-json\/wp\/v2\/pages\/836","targetHints":{"allow":["GET"]}}],"collection":[{"href":"https:\/\/211md.org\/es\/wp-json\/wp\/v2\/pages"}],"about":[{"href":"https:\/\/211md.org\/es\/wp-json\/wp\/v2\/types\/page"}],"author":[{"embeddable":true,"href":"https:\/\/211md.org\/es\/wp-json\/wp\/v2\/users\/8"}],"replies":[{"embeddable":true,"href":"https:\/\/211md.org\/es\/wp-json\/wp\/v2\/comments?post=836"}],"version-history":[{"count":11,"href":"https:\/\/211md.org\/es\/wp-json\/wp\/v2\/pages\/836\/revisions"}],"predecessor-version":[{"id":33961,"href":"https:\/\/211md.org\/es\/wp-json\/wp\/v2\/pages\/836\/revisions\/33961"}],"up":[{"embeddable":true,"href":"https:\/\/211md.org\/es\/wp-json\/wp\/v2\/pages\/930"}],"wp:featuredmedia":[{"embeddable":true,"href":"https:\/\/211md.org\/es\/wp-json\/wp\/v2\/media\/33920"}],"wp:attachment":[{"href":"https:\/\/211md.org\/es\/wp-json\/wp\/v2\/media?parent=836"}],"curies":[{"name":"Gracias","href":"https:\/\/api.w.org\/{rel}","templated":true}]}}