{"id":899,"date":"2021-04-14T19:11:10","date_gmt":"2021-04-14T19:11:10","guid":{"rendered":"https:\/\/211md.org\/?page_id=899"},"modified":"2025-10-29T06:36:42","modified_gmt":"2025-10-29T10:36:42","slug":"donar","status":"publish","type":"page","link":"https:\/\/211md.org\/es\/donate\/","title":{"rendered":"Donar"},"content":{"rendered":"<img decoding=\"async\" src=\"https:\/\/stg-maryland211-staging.kinsta.cloud\/wp-content\/uploads\/2025\/08\/5-1-scaled.png\" alt=\"5\" itemprop=\"image\" height=\"692\" width=\"2560\" title=\"5\" onerror=\"this.style.display='none'\" loading=\"lazy\" \/>\n\t\t<h1><a href=\"https:\/\/secure.givelively.org\/donate\/maryland-information-network-2-1-1-maryland-inc\/support-the-211-call-center-network\" target=\"_blank\" rel=\"noopener\">\u00bfListo para cambiar vidas? Difunde esperanza.<\/a><\/h1><p>Cada a\u00f1o, m\u00e1s de 1.1 millones de habitantes de Maryland recurren al 211 para acceder a informaci\u00f3n y recursos comunitarios cuando necesitan ayuda. Ya sea que deseen consultar nuestra base de datos de recursos o hablar con una persona comprensiva y amable, la ayuda est\u00e1 disponible las 24 horas, los 7 d\u00edas de la semana, los 365 d\u00edas del a\u00f1o.<\/p>\n<p>Como el sistema de informaci\u00f3n y derivaci\u00f3n de servicios de salud y servicios humanos m\u00e1s completo del estado, brindamos acceso a m\u00e1s de 8.500 recursos comunitarios.<\/p>\n<p>211 es impulsado por el <a href=\"https:\/\/mdinfonet.org\/\" target=\"_blank\" rel=\"noopener\">Red de informaci\u00f3n de Maryland<\/a>, una organizaci\u00f3n sin fines de lucro 501(c)(3) y el administrador estatal autorizado del sistema 211 en Maryland.<\/p>\n\t\t\t<a href=\"https:\/\/secure.givelively.org\/donate\/maryland-information-network-2-1-1-maryland-inc\/support-the-211-call-center-network\" target=\"_blank\" rel=\"noopener\">\n\t\t\t\t\t\tDonar\n\t\t\t\t\t<\/a>\n\t\t\t\t<img decoding=\"async\" src=\"https:\/\/211md.org\/wp-content\/plugins\/bb-plugin\/img\/pixel.png\" alt=\"\" itemprop=\"image\" onerror=\"this.style.display='none'\" loading=\"lazy\" \/>\n\t\t\t\t<img decoding=\"async\" src=\"https:\/\/stg-maryland211-staging.kinsta.cloud\/wp-content\/uploads\/2025\/08\/16.png\" alt=\"16\" itemprop=\"image\" height=\"1000\" width=\"1000\" title=\"16\" onerror=\"this.style.display='none'\" loading=\"lazy\" \/>\n\t<h2>Nuestro impacto<\/h2>\n\t\tM\u00e1s de 1.151.771 conexiones\n\t<p><em>Solo quer\u00eda decir gracias a todos. Les agradezco amablemente esta \u00faltima entrega de ayuda alimentaria que recib\u00ed. Seguramente lo aprecio. Gracias de nuevo.<\/em><\/p>\n<p>-211 Llamada<\/p>\n\t\t\t<a href=\"https:\/\/secure.givelively.org\/donate\/maryland-information-network-2-1-1-maryland-inc\/support-the-211-call-center-network\" target=\"_blank\" rel=\"noopener\">\n\t\t\t\t\t\t\tDonar\n\t\t\t\t\t<\/a>\n<h3>\n\t\t\tC\u00f3mo ayuda su donaci\u00f3n\t<\/h3>\n\t<h2>$500<\/h2>\n<p>Conectar Maryland<\/p>\n\t<h2>$211<\/h2>\n<p>celebrar 211<\/p>\n\t<h2>$100<\/h2>\n<p>Aumentar la conciencia y el alcance<\/p>\n\t<h2>$50<\/h2>\n<p>Apoye la plataforma de recursos de mensajes de texto<\/p>\n\t\t\t<a href=\"https:\/\/secure.givelively.org\/donate\/maryland-information-network-2-1-1-maryland-inc\/support-the-211-call-center-network\" target=\"_blank\" rel=\"noopener\">\n\t\t\t\t\t\t\tDone ahora\n\t\t\t\t\t<\/a>","protected":false},"excerpt":{"rendered":"<p>\u00bfListo para cambiar vidas? Comparte esperanza. Cada a\u00f1o, m\u00e1s de 1.1 millones de habitantes de Maryland conf\u00edan en el 211 para conectarse con informaci\u00f3n y recursos comunitarios cuando necesitan ayuda. Ya sea que alguien quiera buscar en nuestra base de datos de recursos o hablar con una persona comprensiva y amable, la ayuda est\u00e1 disponible las 24 horas, los 7 d\u00edas de la semana, los 365 d\u00edas del a\u00f1o. Como el servicio de salud y asistencia social m\u00e1s completo del estado\u2026<\/p>","protected":false},"author":8,"featured_media":2181,"parent":0,"menu_order":0,"comment_status":"closed","ping_status":"closed","template":"","meta":{"footnotes":""},"class_list":["post-899","page","type-page","status-publish","has-post-thumbnail","hentry"],"_links":{"self":[{"href":"https:\/\/211md.org\/es\/wp-json\/wp\/v2\/pages\/899","targetHints":{"allow":["GET"]}}],"collection":[{"href":"https:\/\/211md.org\/es\/wp-json\/wp\/v2\/pages"}],"about":[{"href":"https:\/\/211md.org\/es\/wp-json\/wp\/v2\/types\/page"}],"author":[{"embeddable":true,"href":"https:\/\/211md.org\/es\/wp-json\/wp\/v2\/users\/8"}],"replies":[{"embeddable":true,"href":"https:\/\/211md.org\/es\/wp-json\/wp\/v2\/comments?post=899"}],"version-history":[{"count":2,"href":"https:\/\/211md.org\/es\/wp-json\/wp\/v2\/pages\/899\/revisions"}],"predecessor-version":[{"id":34064,"href":"https:\/\/211md.org\/es\/wp-json\/wp\/v2\/pages\/899\/revisions\/34064"}],"wp:featuredmedia":[{"embeddable":true,"href":"https:\/\/211md.org\/es\/wp-json\/wp\/v2\/media\/2181"}],"wp:attachment":[{"href":"https:\/\/211md.org\/es\/wp-json\/wp\/v2\/media?parent=899"}],"curies":[{"name":"Gracias","href":"https:\/\/api.w.org\/{rel}","templated":true}]}}