{"id":912,"date":"2021-04-14T20:04:50","date_gmt":"2021-04-14T20:04:50","guid":{"rendered":"https:\/\/211md.org\/?page_id=912"},"modified":"2026-01-16T08:31:10","modified_gmt":"2026-01-16T13:31:10","slug":"contactenos","status":"publish","type":"page","link":"https:\/\/211md.org\/es\/contact-us\/","title":{"rendered":"Cont\u00e1ctenos"},"content":{"rendered":"<p><strong>Dial 211 for questions about food, housing, rent, or other essential needs. <\/strong><\/p>\n<p>Visita nuestra <a href=\"\/es\/about\/consigue-ayuda\/\">obtener p\u00e1gina de ayuda<\/a> to learn more about the ways to connect with help.<\/p>\n<p>For general questions, not related to an essential need, you can contact us below or by emailing us at: <a href=\"mailto:info@211MD.org\" target=\"_blank\" rel=\"noopener\">info@211MD.org<\/a><\/p>\n<p>*We will respond when we can. To connect with help, please dial 211 or use the 211 Community Resource Database to <a href=\"http:\/\/search.211md.org\" target=\"_blank\" rel=\"noopener\">search for resources<\/a>.<\/p>\n\t<h2>\u00bfTeniendo problemas?<\/h2>\n<p>La mayor\u00eda de los tel\u00e9fonos admiten el marcado 211. Si tiene problemas para comunicarse con el 211, puede llamar a los siguientes n\u00fameros para hablar con un especialista en llamadas al 211:<\/p>\n<strong>\u00c1rea de la capital y sur de Maryland:<\/strong>\u00a0301-864-7161<br \/>\nLos condados de Calvert, Charles, Prince George&#039;s, St. Mary&#039;s y los 2\/3 del sur del condado de Montgomery\n<strong>Maryland central:<\/strong> 1-866-406-8156<br \/>\nCondados de Anne Arundel, Baltimore, ciudad de Baltimore, Carroll, Harford y Howard\n<strong>Costa oriental:<\/strong>\u00a01-866-231-7101<br \/>\nCondados de Caroline, Cecil, Dorchester, Kent, Queen Anne, Somerset, Talbot, Wicomico y Worcester\n<strong>Maryland occidental:<\/strong>\u00a01-866-411-6803<br \/>\nLos condados de Allegany, Frederick, Garrett y Washington y el tercio norte del condado de Montgomery\n\t<h2>Cont\u00e1ctenos<\/h2>\n<p>Puede comunicarse con nuestra oficina llamando al 301-970-9888.<\/p>\n<strong>DIRECCI\u00d3N:<\/strong><br \/>\n<a href=\"https:\/\/maps.app.goo.gl\/rvmzh444CPiBK11C6\" target=\"_blank\" rel=\"noopener\">Maryland Information Network, powering 211 Maryland<\/a><br \/>\n9770 Patuxent Woods Drive<br \/>\nSuite 334<br \/>\nColumbia, MD 21046\n<p>&nbsp;<\/p>","protected":false},"excerpt":{"rendered":"<p>Dial 211 for questions about food, housing, rent, or other essential needs. Visit our get help page to learn more about the ways to connect with help. For general questions, not related to an essential need, you can contact us below or by emailing us at: info@211MD.org *We will respond when we can. To connect&hellip;<\/p>","protected":false},"author":8,"featured_media":931,"parent":0,"menu_order":0,"comment_status":"closed","ping_status":"closed","template":"","meta":{"footnotes":""},"class_list":["post-912","page","type-page","status-publish","has-post-thumbnail","hentry"],"_links":{"self":[{"href":"https:\/\/211md.org\/es\/wp-json\/wp\/v2\/pages\/912","targetHints":{"allow":["GET"]}}],"collection":[{"href":"https:\/\/211md.org\/es\/wp-json\/wp\/v2\/pages"}],"about":[{"href":"https:\/\/211md.org\/es\/wp-json\/wp\/v2\/types\/page"}],"author":[{"embeddable":true,"href":"https:\/\/211md.org\/es\/wp-json\/wp\/v2\/users\/8"}],"replies":[{"embeddable":true,"href":"https:\/\/211md.org\/es\/wp-json\/wp\/v2\/comments?post=912"}],"version-history":[{"count":8,"href":"https:\/\/211md.org\/es\/wp-json\/wp\/v2\/pages\/912\/revisions"}],"predecessor-version":[{"id":4874,"href":"https:\/\/211md.org\/es\/wp-json\/wp\/v2\/pages\/912\/revisions\/4874"}],"wp:featuredmedia":[{"embeddable":true,"href":"https:\/\/211md.org\/es\/wp-json\/wp\/v2\/media\/931"}],"wp:attachment":[{"href":"https:\/\/211md.org\/es\/wp-json\/wp\/v2\/media?parent=912"}],"curies":[{"name":"Gracias","href":"https:\/\/api.w.org\/{rel}","templated":true}]}}