{"id":920,"date":"2021-04-15T13:52:40","date_gmt":"2021-04-15T13:52:40","guid":{"rendered":"https:\/\/211md.org\/?page_id=920"},"modified":"2025-06-24T16:57:50","modified_gmt":"2025-06-24T20:57:50","slug":"ases","status":"publish","type":"page","link":"https:\/\/211md.org\/es\/resources\/children-families\/aces\/","title":{"rendered":"Prevenir la adversidad infantil"},"content":{"rendered":"<p>Las experiencias infantiles, tanto buenas como malas, moldean el cerebro en desarrollo de un ni\u00f1o. Las comunidades desempe\u00f1an un papel a la hora de proporcionar entornos positivos y prevenir la adversidad.<\/p>\n<h2>\u00bfPor qu\u00e9 es importante la adversidad infantil?<\/h2>\n<p>Las experiencias y entornos infantiles adversos son comunes. Incluyen cosas como presenciar violencia o sufrir discriminaci\u00f3n.<\/p>\n<p>Si los ni\u00f1os no reciben apoyo cuando enfrentan la adversidad, esto puede causar da\u00f1os duraderos y socavar su salud f\u00edsica y emocional.<\/p>\n<p>Cuando los ni\u00f1os est\u00e1n expuestos a una adversidad grave y los adultos no est\u00e1n ah\u00ed para ayudarlos a afrontarla, sus sistemas de estr\u00e9s pueden sobreactivarse. Esta \u201crespuesta al estr\u00e9s t\u00f3xico\u201d aumenta el riesgo de problemas de salud posteriores. Sin embargo, los ni\u00f1os pueden tolerar un estr\u00e9s severo, si existen relaciones adultas estables y receptivas para amortiguar el impacto negativo.<\/p>\n\t\t\t\t<img decoding=\"async\" src=\"http:\/\/211md.org\/wp-content\/uploads\/2024\/02\/Mom-comforting-daughter-grabbing-her-face.jpg\" alt=\"Mam\u00e1 consolando a su hija durante la adversidad agarr\u00e1ndole la cara\" itemprop=\"image\" title=\"Mam\u00e1 consolando a su hija agarr\u00e1ndose la cara\" onerror=\"this.style.display='none'\"  \/>\n\t<h3>C\u00f3mo afecta la adversidad temprana a los ni\u00f1os<\/h3>\n<p>A fines de la d\u00e9cada de 1990, un estudio hist\u00f3rico mostr\u00f3 una poderosa relaci\u00f3n entre eventos graves y negativos en la infancia y la salud f\u00edsica y mental de las personas en la edad adulta.<\/p>\n<p>\u00c9l <a href=\"https:\/\/vetoviolence.cdc.gov\/apps\/aces-infographic\/\" target=\"_blank\" rel=\"noopener\">Estudio sobre experiencias adversas en la infancia (ACE)<\/a> pidieron a pacientes adultos que informaran sobre algunos eventos potencialmente traum\u00e1ticos que pudieran haber experimentado antes de los 18 a\u00f1os. Los investigadores preguntaron espec\u00edficamente sobre 10 experiencias dif\u00edciles (cosas como presenciar o experimentar violencia o vivir con un miembro de la familia con una enfermedad mental) y luego observaron c\u00f3mo n\u00famero de ACE rastreadas con resultados de salud en adultos.<\/p>\n<p>Algunos hallazgos encajan con lo que podr\u00edamos esperar. Por ejemplo, las personas que hab\u00edan sufrido abuso o negligencia cuando eran ni\u00f1os ten\u00edan m\u00e1s probabilidades de tener problemas de salud mental en la edad adulta.<\/p>\n<p>Pero otros hallazgos fueron sorprendentes, como la comprensi\u00f3n de que cuanto m\u00e1s adversidad temprana experimentaba una persona, m\u00e1s efecto ten\u00eda en su vida posterior. Un acontecimiento grave ocurrido en la infancia parec\u00eda tener pocas o ninguna consecuencia a largo plazo. Pero m\u00faltiples ACE aumentaron el riesgo de problemas de salud en la edad adulta.<\/p>\n<p>Por ejemplo, los ni\u00f1os que experimentaron cuatro experiencias adversas ten\u00edan el doble de probabilidades de ser diagnosticados con c\u00e1ncer que aquellos que no tuvieron experiencias significativas de trauma infantil.<\/p>\n<h3>\u00bfEs com\u00fan la adversidad?<\/h3>\n<p>Si usted o su hijo han enfrentado adversidades graves, no est\u00e1 solo. La mayor\u00eda de las personas en Maryland han experimentado al menos una forma de adversidad cuando son adultos.<\/p>\n<blockquote><p>Aproximadamente 1 de cada 4 residentes de Maryland ha experimentado 3 o m\u00e1s ACE, seg\u00fan <a href=\"http:\/\/goccp.maryland.gov\/wp-content\/uploads\/ACEs-Handouts.pdf\" target=\"_blank\" rel=\"noopener\">El Consejo Estatal de Maryland sobre Abuso y Negligencia Infantil<\/a>.<\/p><\/blockquote>\n\t\t<h2>\t\n\tLlame al 9-8-8 para obtener apoyo de salud mental<\/h2><p>Si usted o su hijo han experimentado una adversidad grave y le preocupa que est\u00e9 afectando su salud o su salud mental, llame al 9-8-8 para obtener ayuda inmediata.<\/p>\n<p>Tambi\u00e9n puedes buscar en el <a href=\"https:\/\/search.988.mdinfonet.org\/\" target=\"_blank\" rel=\"noopener\">la base de datos de salud conductual m\u00e1s completa del estado<\/a> para soporte cerca de usted.<\/p>\n\t<h2>\u00bfQu\u00e9 se puede hacer?<\/h2>\n<p>Como estado, podemos promover la salud y el bienestar tomando medidas para prevenir la adversidad en primer lugar y ofreciendo apoyo a las personas que han experimentado adversidad, especialmente a los ni\u00f1os y a los adultos en sus vidas.<\/p>\n<p>puedes escuchar <a href=\"https:\/\/211md.org\/es\/episodio-16-trampolin-servicios-comunitarios\/\" target=\"_blank\" rel=\"noopener\">Episodio 17 de \u00bfQu\u00e9 es el 211? podcast para escuchar c\u00f3mo Springboard Community Services<\/a> est\u00e1 trabajando con <a href=\"https:\/\/www.springboardmd.org\/adverse-childhood-experiences-interface-training\/\" target=\"_blank\" rel=\"noopener\">Condado de Harford<\/a> construir una comunidad de autocuraci\u00f3n que reduzca la incidencia de experiencias infantiles adversas.<\/p>\n\t\t\t\t<img decoding=\"async\" src=\"http:\/\/211md.org\/wp-content\/uploads\/2024\/02\/Dad-and-daughter-bonding-with-heads-together-looking-at-each-other-smiling.jpg\" alt=\"Pap\u00e1 e hija mir\u00e1ndose sonriendo\" itemprop=\"image\" title=\"Pap\u00e1 e hija se unen con las cabezas juntas mir\u00e1ndose sonriendo\" onerror=\"this.style.display='none'\"  \/>\n\t\t\t\t<img decoding=\"async\" src=\"http:\/\/211md.org\/wp-content\/uploads\/2024\/02\/Dad-talking-to-his-child-on-park-bench.jpg\" alt=\"Pap\u00e1 hablando con su hijo en un banco del parque\" itemprop=\"image\" title=\"Hermosa hija adolescente cont\u00e1ndole secretos al padre, relaj\u00e1ndose en un banco en el parque\" onerror=\"this.style.display='none'\"  \/>\n\t<h3>211 conecta a los padres con apoyo<\/h3>\n<p>Se necesita una comunidad para prevenir las ACE. El apoyo econ\u00f3mico, la crianza positiva y la atenci\u00f3n y educaci\u00f3n de calidad son tres formas fundamentales para prevenir este trauma.\u00a0\u00a0<\/p>\n<p>211 apoya a los padres con recursos para <a href=\"https:\/\/211md.org\/es\/recursos\/vivienda-refugio\/\">alojamiento<\/a>, <a href=\"https:\/\/211md.org\/es\/recursos\/asistencia-de-servicios-publicos\/\">recibos de servicios p\u00fablicos<\/a>, <a href=\"https:\/\/211md.org\/es\/recursos\/busqueda-de-empleo\/\">empleo<\/a> y <a href=\"https:\/\/211md.org\/es\/recursos\/ninos-familias\/\">cuidado de los ni\u00f1os<\/a>.\u00a0\u00a0<\/p>\n<p>Cuando llame al 2-1-1, hablar\u00e1 con un especialista en informaci\u00f3n y referencias que puede ayudarlo a identificar los programas y recursos que pueden brindarle apoyo.<\/p>\n<p>Tambi\u00e9n puedes conectarte con un <a href=\"https:\/\/211md.org\/es\/recursos\/ninos-familias\/ser-padre\/\">programa de apoyo familiar entre pares u otro programa de apoyo a los padres<\/a>.<\/p>\n\t<h3>Soporte de texto para adolescentes<\/h3>\n<p><a href=\"https:\/\/211md.org\/es\/about\/mensajes-de-texto\/mdyoungminds\/\">MDYoungMinds<\/a> es un programa de apoyo de texto para adolescentes que analiza las preocupaciones de los adolescentes. Reg\u00edstrese enviando un mensaje de texto con MDYoungMinds al 898-211.<\/p>\n<p>Si usted o alguien que conoce necesita apoyo inmediato, llame o env\u00ede un mensaje de texto al 988. Hablar\u00e1 o enviar\u00e1 un mensaje de texto a alguien en 988 Suicide &amp; Crisis Lifeline. charlas en l\u00ednea en <a href=\"https:\/\/988lifeline.org\/chat\/\" target=\"_blank\" rel=\"noopener\">ingl\u00e9s<\/a> y <a href=\"https:\/\/988lifeline.org\/es\/chat\/\" target=\"_blank\" rel=\"noopener\">espa\u00f1ol<\/a> tambi\u00e9n est\u00e1n disponibles.\u00a0<\/p>\n<p>&nbsp;<\/p>\n\t<h3>\u00danase a un grupo de apoyo familiar entre pares<\/h3>\n<p>Tambi\u00e9n puede comunicarse con la Coalici\u00f3n de Familias de Maryland. Ofrecen especialistas en apoyo de pares familiares que pueden ayudar a las familias a navegar por los servicios, escuchar inquietudes, asistir a reuniones con la familia, explicar los derechos, establecer conexiones y brindar oportunidades de aprendizaje y extensi\u00f3n.\u00a0<\/p>\n<p>El servicio es gratuito. Llame al 410-730-8267 y presione 1 para obtener asistencia inmediata. T\u00fa tambi\u00e9n puedes\u00a0<a href=\"http:\/\/www.mdcoalition.org\/get-help-now\/list-of-family-navigators\" target=\"_blank\" rel=\"noopener\">comun\u00edquese con el especialista local de apoyo entre pares en su condado<\/a>.\u00a0<\/p>\n<p>MCF tambi\u00e9n ofrece grupos de apoyo en todo el estado para el duelo, el uso de sustancias, el apoyo de compa\u00f1eros y m\u00e1s.\u00a0<a href=\"http:\/\/www.mdcoalition.org\/get-help-now\/parent-caregiver-support-groups\" target=\"_blank\" rel=\"noopener\">Encuentre un grupo de apoyo de Maryland para padres, cuidadores o adultos j\u00f3venes<\/a>.\u00a0<\/p>\n<p>Tambi\u00e9n puede encontrar recursos para varios problemas de salud mental, como trauma, TDAH y depresi\u00f3n, en el kit de recursos familiares de Children&#039;s Mental Health Matters, disponible en <a href=\"https:\/\/www.childrensmentalhealthmatters.org\/files\/2021\/03\/CMHM-Family-Resource-Kit-2021.pdf\" target=\"_blank\" rel=\"noopener\">ingl\u00e9s<\/a> y <a href=\"https:\/\/www.childrensmentalhealthmatters.org\/files\/2021\/07\/CMHM-Family-Resource-Kit-2021_ES.pdf\" target=\"_blank\" rel=\"noopener\">espa\u00f1ol<\/a>.<\/p>\n<p>&nbsp;<\/p>\n<h2>Informaci\u00f3n relacionada<\/h2>\n<p><a title=\"ser padre\" href=\"https:\/\/211md.org\/es\/recursos\/ninos-familias\/ser-padre\/\">Apoyo para padres<\/a><\/p>\n<p><a title=\"Programas de verano\" href=\"https:\/\/211md.org\/es\/recursos\/ninos-familias\/programas-de-verano\/\">Programas de verano<\/a><\/p>\n<p><a title=\"Tener un beb\u00e9\" href=\"https:\/\/211md.org\/es\/recursos\/ninos-familias\/tener-un-bebe\/\">Tener un beb\u00e9<\/a><\/p>\n<p><a href=\"https:\/\/211md.org\/es\/recursos\/alimento\/wic\/\">Mujeres, beb\u00e9s y ni\u00f1os (WIC)<\/a><\/p>\n<p><a title=\"Mi hijo est\u00e1 fuera de control\" href=\"https:\/\/211md.org\/es\/recursos\/ninos-familias\/comportamientos-infantiles\/\">Comportamientos de los ni\u00f1os<\/a><\/p>\n<p><a href=\"https:\/\/211md.org\/es\/recursos\/ninos-familias\/parentesco\/\" target=\"_blank\" rel=\"noopener\">Cuidado de parentesco<\/a><\/p>\n<p><a href=\"https:\/\/211md.org\/es\/recursos\/ninos-familias\/parentesco-navegacion\/\" target=\"_blank\" rel=\"noopener\">Navegaci\u00f3n de parentesco<\/a><\/p>\n<h2>\n\t\tBuscar recursos\n\t<\/h2>\n\t\t\t\t<a href=\"\/es\/recursos\/envejecimiento-discapacidad\/\"  target=\"_self\" itemprop=\"url\">\n\t\t\t\t<img loading=\"lazy\" decoding=\"async\" src=\"https:\/\/211md.org\/wp-content\/uploads\/bb-plugin\/cache\/Mask-Group-41@2x-circle-73eaadba4cad8269faa4720e25cf1c85-.png\" alt=\"Los pies de una mujer mayor y una mujer m\u00e1s joven caminando juntas\" itemprop=\"image\" height=\"500\" width=\"500\" title=\"Servicios para discapacitados\" onerror=\"this.style.display='none'\"  \/>\n\t\t\t\t<\/a>\n\t\t<h3><a href=\"\/es\/recursos\/envejecimiento-discapacidad\/\" target=\"_self\">Envejecimiento y discapacidad<\/a><\/h3>\t\n\t\t\t\t<a href=\"\/es\/recursos\/ninos-familias\/\"  target=\"_self\" itemprop=\"url\">\n\t\t\t\t<img loading=\"lazy\" decoding=\"async\" src=\"https:\/\/211md.org\/wp-content\/uploads\/bb-plugin\/cache\/Mask-Group-38@2x-circle-ac40d46265fbec62083cd27f6dcf23b0-.png\" alt=\"Un ni\u00f1o y una ni\u00f1a sonriendo y mirando a la c\u00e1mara.\" itemprop=\"image\" height=\"500\" width=\"500\" title=\"M\u00e1scara Grupo 38@2x\" onerror=\"this.style.display='none'\"  \/>\n\t\t\t\t<\/a>\n\t\t<h3><a href=\"\/es\/recursos\/ninos-familias\/\" target=\"_self\">Ni\u00f1os y familias<\/a><\/h3>\t\n\t\t\t\t<a href=\"\/es\/recursos\/violencia-domestica-familiar\/\"  target=\"_self\" itemprop=\"url\">\n\t\t\t\t<img loading=\"lazy\" decoding=\"async\" src=\"https:\/\/211md.org\/wp-content\/uploads\/bb-plugin\/cache\/Mask-Group-39@2x-circle-b2589197a13c791d910f46dd10b27a87-.png\" alt=\"Dos pares de manos abraz\u00e1ndose\" itemprop=\"image\" height=\"500\" width=\"500\" title=\"M\u00e1scara Grupo 39@2x\" onerror=\"this.style.display='none'\"  \/>\n\t\t\t\t<\/a>\n\t\t<h3><a href=\"\/es\/recursos\/violencia-domestica-familiar\/\" target=\"_self\">Violencia Dom\u00e9stica\/ Familiar<\/a><\/h3>\t\n\t\t\t\t<a href=\"\/es\/recursos\/busqueda-de-empleo\/\"  target=\"_self\" itemprop=\"url\">\n\t\t\t\t<img loading=\"lazy\" decoding=\"async\" src=\"https:\/\/211md.org\/wp-content\/uploads\/bb-plugin\/cache\/Employment-circle-bf72562329e950df948954f5d3f44b2e-.png\" alt=\"un mec\u00e1nico de autom\u00f3viles\" itemprop=\"image\" height=\"500\" width=\"500\" title=\"Empleo\" onerror=\"this.style.display='none'\"  \/>\n\t\t\t\t<\/a>\n\t\t<h3><a href=\"\/es\/recursos\/busqueda-de-empleo\/\" target=\"_self\">Empleo<\/a><\/h3>\t\n\t\t\t\t<a href=\"\/es\/recursos\/cuidado-de-la-salud\/\"  target=\"_self\" itemprop=\"url\">\n\t\t\t\t<img loading=\"lazy\" decoding=\"async\" src=\"https:\/\/211md.org\/wp-content\/uploads\/bb-plugin\/cache\/Mask-Group-35@2x-circle-94be10c13e4adae1683b4589dc2f5b2f-.png\" alt=\"doctor, el mirar, ni\u00f1os, pierna\" itemprop=\"image\" height=\"500\" width=\"500\" title=\"M\u00e1scara Grupo 35@2x\" onerror=\"this.style.display='none'\"  \/>\n\t\t\t\t<\/a>\n\t\t<h3><a href=\"\/es\/recursos\/cuidado-de-la-salud\/\" target=\"_self\">Cuidado de la salud<\/a><\/h3>\t\n\t\t\t\t<a href=\"\/es\/recursos\/alimento\/\"  target=\"_self\" itemprop=\"url\">\n\t\t\t\t<img loading=\"lazy\" decoding=\"async\" src=\"https:\/\/211md.org\/wp-content\/uploads\/bb-plugin\/cache\/Mask-Group-32@2x-circle-1c6d647dcaf998fa079d26735cedc92b-.png\" alt=\"Vegetales frescos\" itemprop=\"image\" height=\"500\" width=\"500\" title=\"M\u00e1scara Grupo 32@2x\" onerror=\"this.style.display='none'\"  \/>\n\t\t\t\t<\/a>\n\t\t<h3><a href=\"\/es\/recursos\/alimento\/\" target=\"_self\">Alimento<\/a><\/h3>\t\n\t\t\t\t<a href=\"\/es\/recursos\/vivienda-refugio\/\"  target=\"_self\" itemprop=\"url\">\n\t\t\t\t<img loading=\"lazy\" decoding=\"async\" src=\"https:\/\/211md.org\/wp-content\/uploads\/bb-plugin\/cache\/Mask-Group-34@2x-circle-b99c55fc16ef21f35e2f2a1f7cc37b9a-.png\" alt=\"Balc\u00f3n del complejo de apartamentos\" itemprop=\"image\" height=\"500\" width=\"500\" title=\"Complejo de apartamentos\" onerror=\"this.style.display='none'\"  \/>\n\t\t\t\t<\/a>\n\t\t<h3><a href=\"\/es\/recursos\/vivienda-refugio\/\" target=\"_self\">Vivienda y refugio<\/a><\/h3>\t\n\t\t\t\t<a href=\"\/es\/recursos\/nuevo-en-los-estados-unidos-y-maryland\/\"  target=\"_self\" itemprop=\"url\">\n\t\t\t\t<img loading=\"lazy\" decoding=\"async\" src=\"https:\/\/211md.org\/wp-content\/uploads\/bb-plugin\/cache\/American-flag-circle-0016cc327e27ef7aeb080f1da6c6e98b-.jpg\" alt=\"nuevo en los estados unidos\" itemprop=\"image\" height=\"364\" width=\"1366\" title=\"Bandera estadounidense\" onerror=\"this.style.display='none'\"  \/>\n\t\t\t\t<\/a>\n\t\t<h3><a href=\"\/es\/recursos\/nuevo-en-los-estados-unidos-y-maryland\/\" target=\"_self\">Inmigraci\u00f3n<\/a><\/h3>\t\n\t\t\t\t<a href=\"\/es\/recursos\/ninos-familias\/parentesco\/\"  target=\"_self\" itemprop=\"url\">\n\t\t\t\t<img decoding=\"async\" src=\"https:\/\/211md.org\/wp-content\/uploads\/bb-plugin\/cache\/kinship-family-navigating-a-computer-circle-045fee9d587aefb20221bfea41a2cf9b-.png\" alt=\"familia de parentesco navegando en una computadora\" itemprop=\"image\" title=\"familia de parentesco navegando en una computadora\" onerror=\"this.style.display='none'\"  \/>\n\t\t\t\t<\/a>\n\t\t<h3><a href=\"\/es\/recursos\/ninos-familias\/parentesco\/\" target=\"_self\">Parentesco<\/a><\/h3>\t\n\t\t\t\t<a href=\"\/es\/recursos\/servicios-legales\/\"  target=\"_self\" itemprop=\"url\">\n\t\t\t\t<img loading=\"lazy\" decoding=\"async\" src=\"https:\/\/211md.org\/wp-content\/uploads\/bb-plugin\/cache\/Housing-Legal-circle-9a8f3c1c72c54b6e1ce612d2993c1ad4-.png\" alt=\"Martillo legal con un modelo de pl\u00e1stico de una casa al lado\" itemprop=\"image\" height=\"348\" width=\"460\" title=\"vivienda legal\" onerror=\"this.style.display='none'\"  \/>\n\t\t\t\t<\/a>\n\t\t<h3><a href=\"\/es\/recursos\/servicios-legales\/\" target=\"_self\">Servicios Legales<\/a><\/h3>\t\n\t\t\t\t<a href=\"\/es\/recursos\/salud-mental\/\"  target=\"_self\" itemprop=\"url\">\n\t\t\t\t<img loading=\"lazy\" decoding=\"async\" src=\"https:\/\/211md.org\/wp-content\/uploads\/bb-plugin\/cache\/Mask-Group-40@2x-circle-7bd9426367852fb3d841bc4bdc57a550-.png\" alt=\"Los perfiles de un hombre y una mujer\" itemprop=\"image\" height=\"500\" width=\"500\" title=\"M\u00e1scara Grupo 40@2x\" onerror=\"this.style.display='none'\"  \/>\n\t\t\t\t<\/a>\n\t\t<h3><a href=\"\/es\/recursos\/salud-mental\/\" target=\"_self\">Salud mental<\/a><\/h3>\t\n\t\t\t\t<a href=\"\/es\/recursos\/mdreentry\/\"  target=\"_self\" itemprop=\"url\">\n\t\t\t\t<img loading=\"lazy\" decoding=\"async\" src=\"https:\/\/211md.org\/wp-content\/uploads\/bb-plugin\/cache\/Diverse-group-of-community-members-circle-4457c114cd48613bc79a0fb50060319c-.jpg\" alt=\"Grupo diverso de miembros de la comunidad.\" itemprop=\"image\" height=\"800\" width=\"1200\" title=\"Grupo diverso de miembros de la comunidad.\" onerror=\"this.style.display='none'\"  \/>\n\t\t\t\t<\/a>\n\t\t<h3><a href=\"\/es\/recursos\/mdreentry\/\" target=\"_self\">Reentrada<\/a><\/h3>\t\n\t\t\t\t<a href=\"\/es\/para-el-odio\/\"  target=\"_self\" itemprop=\"url\">\n\t\t\t\t<img loading=\"lazy\" decoding=\"async\" src=\"https:\/\/211md.org\/wp-content\/uploads\/bb-plugin\/cache\/Background-section-MDStophate-circle-08e2bae1cf9f2ad6cc83e01e23da8cb9-.jpg\" alt=\"Fondo-secci\u00f3n-MDStophate\" itemprop=\"image\" height=\"768\" width=\"1366\" title=\"Fondo-secci\u00f3n-MDStophate\" onerror=\"this.style.display='none'\"  \/>\n\t\t\t\t<\/a>\n\t\t<h3><a href=\"\/es\/para-el-odio\/\" target=\"_self\">Los cr\u00edmenes y incidentes de odio<\/a><\/h3>\t\n\t\t\t\t<a href=\"\/es\/recursos\/consumo-de-sustancias\/\"  target=\"_self\" itemprop=\"url\">\n\t\t\t\t<img loading=\"lazy\" decoding=\"async\" src=\"https:\/\/211md.org\/wp-content\/uploads\/bb-plugin\/cache\/Substance-Use-circle-ad2d564932dc31267e0c32a6fb2d915c-.png\" alt=\"Pastillas para romper a mano\" itemprop=\"image\" height=\"500\" width=\"500\" title=\"Uso de sustancias\" onerror=\"this.style.display='none'\"  \/>\n\t\t\t\t<\/a>\n\t\t<h3><a href=\"\/es\/recursos\/consumo-de-sustancias\/\" target=\"_self\">Uso de sustancias<\/a><\/h3>\t\n\t\t\t\t<a href=\"\/es\/recursos\/servicios-de-impuestos\/\"  target=\"_self\" itemprop=\"url\">\n\t\t\t\t<img loading=\"lazy\" decoding=\"async\" src=\"https:\/\/211md.org\/wp-content\/uploads\/bb-plugin\/cache\/Mask-Group-34-circle-166a606e37e61188c9a17d5e634cda3c-.png\" alt=\"Persona que llena el papeleo del impuesto sobre la renta\" itemprop=\"image\" height=\"500\" width=\"500\" title=\"M\u00e1scara Grupo 34\" onerror=\"this.style.display='none'\"  \/>\n\t\t\t\t<\/a>\n\t\t<h3><a href=\"\/es\/recursos\/servicios-de-impuestos\/\" target=\"_self\">Servicios de Impuestos<\/a><\/h3>\t\n\t\t\t\t<a href=\"\/es\/recursos\/asistencia-de-servicios-publicos\/\"  target=\"_self\" itemprop=\"url\">\n\t\t\t\t<img loading=\"lazy\" decoding=\"async\" src=\"https:\/\/211md.org\/wp-content\/uploads\/bb-plugin\/cache\/Mask-Group-37@2x-circle-9661a11b9c4082079c9a1f06bc539567-.png\" alt=\"Una bombilla encendida\" itemprop=\"image\" height=\"500\" width=\"500\" title=\"M\u00e1scara Grupo 37@2x\" onerror=\"this.style.display='none'\"  \/>\n\t\t\t\t<\/a>\n\t\t<h3><a href=\"\/es\/recursos\/asistencia-de-servicios-publicos\/\" target=\"_self\">Asistencia de servicios p\u00fablicos<\/a><\/h3>\t\n\t\t\t\t<a href=\"\/es\/recursos\/veteranos\/\"  target=\"_self\" itemprop=\"url\">\n\t\t\t\t<img decoding=\"async\" src=\"https:\/\/211md.org\/wp-content\/uploads\/bb-plugin\/cache\/Veterans-circle-7c6972a59826c74f1f658f61df785fc3-.png\" alt=\"Un soldado estrechando la mano de alguien y sonriendo.\" itemprop=\"image\" title=\"veteranos\" onerror=\"this.style.display='none'\"  \/>\n\t\t\t\t<\/a>\n\t\t<h3><a href=\"\/es\/recursos\/veteranos\/\" target=\"_self\">veteranos<\/a><\/h3>","protected":false},"excerpt":{"rendered":"<p>Las experiencias infantiles, tanto buenas como malas, moldean el cerebro en desarrollo de un ni\u00f1o. Las comunidades desempe\u00f1an un papel a la hora de proporcionar entornos positivos y prevenir la adversidad. \u00bfPor qu\u00e9 es importante la adversidad infantil? Las experiencias y entornos infantiles adversos son comunes. Incluyen cosas como presenciar violencia o sufrir discriminaci\u00f3n. Si los ni\u00f1os no reciben apoyo cuando enfrentan la adversidad, esto puede causar consecuencias duraderas...<\/p>","protected":false},"author":8,"featured_media":1977,"parent":839,"menu_order":0,"comment_status":"closed","ping_status":"closed","template":"","meta":{"footnotes":""},"class_list":["post-920","page","type-page","status-publish","has-post-thumbnail","hentry"],"_links":{"self":[{"href":"https:\/\/211md.org\/es\/wp-json\/wp\/v2\/pages\/920","targetHints":{"allow":["GET"]}}],"collection":[{"href":"https:\/\/211md.org\/es\/wp-json\/wp\/v2\/pages"}],"about":[{"href":"https:\/\/211md.org\/es\/wp-json\/wp\/v2\/types\/page"}],"author":[{"embeddable":true,"href":"https:\/\/211md.org\/es\/wp-json\/wp\/v2\/users\/8"}],"replies":[{"embeddable":true,"href":"https:\/\/211md.org\/es\/wp-json\/wp\/v2\/comments?post=920"}],"version-history":[{"count":3,"href":"https:\/\/211md.org\/es\/wp-json\/wp\/v2\/pages\/920\/revisions"}],"predecessor-version":[{"id":4708,"href":"https:\/\/211md.org\/es\/wp-json\/wp\/v2\/pages\/920\/revisions\/4708"}],"up":[{"embeddable":true,"href":"https:\/\/211md.org\/es\/wp-json\/wp\/v2\/pages\/839"}],"wp:featuredmedia":[{"embeddable":true,"href":"https:\/\/211md.org\/es\/wp-json\/wp\/v2\/media\/1977"}],"wp:attachment":[{"href":"https:\/\/211md.org\/es\/wp-json\/wp\/v2\/media?parent=920"}],"curies":[{"name":"Gracias","href":"https:\/\/api.w.org\/{rel}","templated":true}]}}