{"id":922,"date":"2021-04-15T14:24:25","date_gmt":"2021-04-15T14:24:25","guid":{"rendered":"https:\/\/211md.org\/?page_id=922"},"modified":"2026-04-29T19:58:51","modified_gmt":"2026-04-29T23:58:51","slug":"violencia-domestica-familiar","status":"publish","type":"page","link":"https:\/\/211md.org\/es\/resources\/domestic-family-violence\/","title":{"rendered":"Apoyo a la violencia familiar y dom\u00e9stica en Maryland"},"content":{"rendered":"<figure data-animation-delay=\"0\" data-animation-duration=\"1\" itemscope=\"\" itemtype=\"https:\/\/schema.org\/ImageObject\">\n\t\t\t\t<img decoding=\"async\" src=\"https:\/\/stg-maryland211-staging.kinsta.cloud\/wp-content\/uploads\/2025\/08\/5-1-scaled.png\" alt=\"5\" height=\"692\" width=\"2560\" title=\"5\" onerror=\"this.style.display='none'\" loading=\"lazy\">\n\t<\/figure>\n\t\t<h1><a href=\"#start\" target=\"_self\">Encabezado de p\u00e1gina predeterminado<\/a><\/h1><p>Desde kits de emergencia para v\u00edctimas de violencia dom\u00e9stica que abandonan r\u00e1pidamente su hogar hasta asistencia legal, disponemos de apoyo gratuito y confidencial. La violencia dom\u00e9stica nunca es tu culpa. Con\u00e9ctate con las l\u00edneas directas de ayuda para v\u00edctimas de violencia dom\u00e9stica. <a href=\"#community\">recursos comunitarios,<\/a> y <a href=\"#sexual\">agresi\u00f3n sexual<\/a> Apoyo a v\u00edctimas de violencia dom\u00e9stica y familiar. Conozca la <a href=\"#warning\">se\u00f1ales de advertencia<\/a>&nbsp;y encontrar <a href=\"#emergency\">refugios de emergencia<\/a> cerca de usted.<\/p>\n<p>Adem\u00e1s, inf\u00f3rmese sobre los servicios de protecci\u00f3n para <a href=\"#children\">ni\u00f1os<\/a> y <a href=\"#adults\">adultos<\/a>.<\/p>\n\t\t\t<a href=\"#start\" target=\"_self\">\n\t\t\t\t\t\tEmpezar\n\t\t\t\t\t<\/a>\n<figure data-animation-delay=\"0\" data-animation-duration=\"1\" itemscope=\"\" itemtype=\"https:\/\/schema.org\/ImageObject\">\n\t\t\t\t<img decoding=\"async\" src=\"https:\/\/211md.org\/wp-content\/plugins\/bb-plugin\/img\/pixel.png\" alt=\"\" onerror=\"this.style.display='none'\" loading=\"lazy\">\n\t<\/figure>\n<figure data-animation-delay=\"0\" data-animation-duration=\"1.3\" itemscope=\"\" itemtype=\"https:\/\/schema.org\/ImageObject\">\n\t\t\t\t<img decoding=\"async\" src=\"https:\/\/stg-maryland211-staging.kinsta.cloud\/wp-content\/uploads\/2025\/08\/16.png\" alt=\"16\" height=\"1000\" width=\"1000\" title=\"16\" onerror=\"this.style.display='none'\" loading=\"lazy\">\n\t<\/figure>\n<figure itemscope=\"\" itemtype=\"https:\/\/schema.org\/ImageObject\">\n\t\t\t\t<img decoding=\"async\" src=\"http:\/\/211md.org\/wp-content\/uploads\/2025\/09\/two-friends-hugging-and-offering-support.jpg\" alt=\"Dos amigos abraz\u00e1ndose y ofreci\u00e9ndose apoyo.\" title=\"Dos amigos abraz\u00e1ndose y ofreci\u00e9ndose apoyo.\" onerror=\"this.style.display='none'\" loading=\"lazy\">\n\t<\/figure>\n<h2>Refugio de emergencia y otros art\u00edculos esenciales<\/h2>\n<p>Al huir de una situaci\u00f3n de violencia dom\u00e9stica, es posible que abandone su hogar r\u00e1pidamente y sin lo esencial. Existen programas que pueden ayudarle con esto.<\/p>\n<p>\u00c9l <a href=\"https:\/\/www.mnadv.org\/get-help\/how-to-help\/\" target=\"_blank\" rel=\"noopener\">Red de Maryland contra la Violencia Dom\u00e9stica<\/a> Ofrece apoyo, incluido un kit de emergencia.<\/p>\n<h3>Soporte Mid-Shore<\/h3>\n<p>En los condados de Kent, Dorchester, Queen Anne&#039;s, Talbot y Caroline, con\u00e9ctese con el <a href=\"https:\/\/mscfv.org\/get-help\" target=\"_blank\" rel=\"noopener\">Consejo de Mid-Shore sobre Violencia Familiar<\/a>.<\/p>\n<p>Ofrecen 24\/7 con:<\/p>\n<ul>\n<li>intervenci\u00f3n en crisis<\/li>\n<li>refugio de emergencia<\/li>\n<li>planificaci\u00f3n de seguridad<\/li>\n<li>seguridad de las mascotas<\/li>\n<li>Informaci\u00f3n y referencia<\/li>\n<li>apoyo emocional<\/li>\n<li>asesoramiento y orientaci\u00f3n<\/li>\n<li>servicios Legales<\/li>\n<\/ul>\n<p><img loading=\"lazy\" decoding=\"async\" src=\"http:\/\/211md.org\/wp-content\/uploads\/2025\/08\/2025_MdInfoNet_Icon-Sets_Phone-150x150.png\" alt=\"Icono de tel\u00e9fono\" width=\"75\" height=\"75\">Llame a la l\u00ednea directa sobre violencia familiar del Consejo Mid-Shore al 1-800-927-4673.<\/p>\n\t<h2>L\u00edneas directas de ayuda<\/h2>\n\t\t<h3>\t\n\t911<br> Emergencia<\/h3><p>Llame al 911 si est\u00e1 en peligro y necesita ayuda de emergencia.<\/p>\n\t\t<h3>\t\n\tL\u00ednea Nacional de Violencia Dom\u00e9stica<\/h3><p>Llame al 1-800-799-SAFE (7233) y obtenga informaci\u00f3n sobre refugios y otros proveedores de servicios de violencia dom\u00e9stica.<\/p>\n<p>Tambi\u00e9n puedes chatear en vivo o enviar un mensaje de texto con la palabra START al 88788.<\/p>\n\t\t<h3>\t\n\t211 <br> Information &amp; Resources<\/h3><p>Llame al 211 para conectarse con recursos locales. Los especialistas en informaci\u00f3n y referencias, atentos y compasivos, tambi\u00e9n pueden ayudarle con alimentos, vivienda, asistencia legal, servicios p\u00fablicos, atenci\u00f3n m\u00e9dica, desempleo y otras necesidades esenciales.<\/p>\n<p>&nbsp;<\/p>\n\t\t<figure itemscope=\"\" itemtype=\"https:\/\/schema.org\/ImageObject\">\n\t\t\t\t<img decoding=\"async\" src=\"https:\/\/stg-maryland211-staging.kinsta.cloud\/wp-content\/uploads\/2025\/08\/2025_MdInfoNet_Icon-Sets-white_Locate.png\" alt=\"\" onerror=\"this.style.display='none'\" loading=\"lazy\">\n\t<\/figure>\n<h2>Recursos comunes sobre violencia dom\u00e9stica<\/h2><p>Busque ayuda en la base de datos de recursos comunitarios 211. Ingrese un c\u00f3digo postal para encontrar ayuda cerca de usted.<\/p>\n\t\t\t<a href=\"https:\/\/search.211md.org\/search?query=RP-1500.1400-200&amp;query_type=taxonomy&amp;query_label=\" target=\"_blank\" rel=\"noopener\">\n\t\t\t\t\t\tL\u00edneas directas de violencia dom\u00e9stica\n\t\t\t\t\t<\/a>\n\t\t\t<a href=\"https:\/\/search.211md.org\/search?query=FT-6940&amp;query_type=taxonomy&amp;query_label=\" target=\"_blank\" rel=\"noopener\">\n\t\t\t\t\t\t\u00d3rdenes de restricci\u00f3n de protecci\u00f3n\n\t\t\t\t\t<\/a>\n\t\t\t<a href=\"https:\/\/search.211md.org\/search?query=RP-1500.1400-300&amp;query_type=taxonomy&amp;query_label=\" target=\"_blank\" rel=\"noopener\">\n\t\t\t\t\t\tL\u00ednea directa de trata de personas\n\t\t\t\t\t<\/a>\n\t\t\t<a href=\"https:\/\/search.211md.org\/search?query=RP-1500.1400-750&amp;query_type=taxonomy&amp;query_label=\" target=\"_blank\" rel=\"noopener\">\n\t\t\t\t\t\tL\u00ednea directa de agresi\u00f3n sexual\n\t\t\t\t\t<\/a>\n\t\t\t<a href=\"https:\/\/search.211md.org\/search?query=BH-1800.1500-100&amp;query_label=Domestic+Violence+Shelters&amp;query_type=taxonomy\" target=\"_blank\" rel=\"noopener\">\n\t\t\t\t\t\tRefugios de violencia dom\u00e9stica\n\t\t\t\t\t<\/a>\n\t\t\t<a href=\"https:\/\/search.211md.org\/search?query=RP-1500.1400-700&amp;query_type=taxonomy&amp;query_label=\" target=\"_blank\" rel=\"noopener\">\n\t\t\t\t\t\tL\u00edneas de ayuda para j\u00f3venes fugitivos\/sin hogar\n\t\t\t\t\t<\/a>\n<figure itemscope=\"\" itemtype=\"https:\/\/schema.org\/ImageObject\">\n\t\t\t\t<img decoding=\"async\" src=\"https:\/\/211md.org\/wp-content\/uploads\/2024\/05\/Counselor-talking-to-a-woman.jpg\" alt=\"Consejero hablando con una mujer\" height=\"800\" width=\"1200\" title=\"Consejero hablando con una mujer\" onerror=\"this.style.display='none'\" loading=\"lazy\">\n\t<\/figure>\n\t<h2>Se\u00f1ales de advertencia<\/h2>\n<p>Puede ser dif\u00edcil detectar las se\u00f1ales de advertencia de la violencia dom\u00e9stica. El Centro de Crisis de Vida, miembro de la Red de Centros de Atenci\u00f3n Telef\u00f3nica 211, brinda apoyo a las v\u00edctimas. Describen los comportamientos progresivos y controladores que pueden observarse, incluyendo estas se\u00f1ales de una relaci\u00f3n poco saludable:<\/p>\n<ul>\n<li>Control<\/li>\n<li>Aislamiento<\/li>\n<li>Sabotaje<\/li>\n<li>Culpa<\/li>\n<li>Cr\u00edtica<\/li>\n<li>Alcohol<\/li>\n<li>Celos<\/li>\n<li>Enojo<\/li>\n<li>Intensidad<\/li>\n<\/ul>\n<p>\u00c9l <a href=\"https:\/\/www.lifecrisiscenter.org\/program\/Domestic-Violence.htm\" target=\"_blank\" rel=\"noopener\">Life Crisis Center describes the warning signs<\/a> and provides strategies for victims in a relationship with warning signs.<\/p>\n<p>Tambi\u00e9n puede llamar al 211 para conectarse con un proveedor local de servicios contra la violencia dom\u00e9stica o llamar al servicio de atenci\u00f3n las 24 horas. <a href=\"https:\/\/www.thehotline.org\/\" target=\"_blank\" rel=\"noopener\">L\u00ednea Nacional de Violencia Dom\u00e9stica<\/a> al 1-800-799-SAFE (7233).<\/p>\n<h2>Ayuda para agresi\u00f3n sexual<\/h2>\n<p>Free and confidential help is available for victims of sexual assault. Connect with experts who can provide support, and know that a&nbsp;sexual assault is never your fault.<\/p>\n<h4>Con\u00e9ctese con los recursos.<\/h4>\n<p>Llame al 2-1-1 para encontrar apoyo cerca de usted o comun\u00edquese con una l\u00ednea directa de agresi\u00f3n sexual para obtener informaci\u00f3n gratuita y confidencial.<\/p>\n\t\t\t<a href=\"https:\/\/search.211md.org\/search?query=RP-1500.1400-750&amp;query_label=Sexual%20Assault%20Hotlines&amp;query_type=taxonomy\" target=\"_blank\" rel=\"noopener\">\n\t\t\t\t\t\tEncuentre l\u00edneas directas y recursos para casos de agresi\u00f3n sexual\n\t\t\t\t\t<\/a>\n\t<h3>Ex\u00e1menes m\u00e9dicos gratuitos<\/h3>\n<p>El programa SAFE (Ex\u00e1menes Forenses de Agresi\u00f3n Sexual) de Maryland ofrece ex\u00e1menes m\u00e9dicos gratuitos. Los profesionales est\u00e1n capacitados para trabajar con sobrevivientes y recopilar\u00e1n pruebas, brindar\u00e1n atenci\u00f3n m\u00e9dica y ofrecer\u00e1n consultas sobre exposici\u00f3n al VIH.<\/p>\n<p>Puedes realizar un examen SAFE incluso si no quieres involucrar a la polic\u00eda en la situaci\u00f3n. Si eres v\u00edctima de agresi\u00f3n sexual, busca apoyo. <a href=\"https:\/\/mcasa.org\/survivors\/getting-medical-attention\" target=\"_blank\" rel=\"noopener\">Busque programas SAFE en Maryland<\/a>.<\/p>\n<h3>Centro de recuperaci\u00f3n y crisis de violaci\u00f3n<\/h3>\n<p>La red de Centros de Crisis y Recuperaci\u00f3n por Violaci\u00f3n de Maryland tambi\u00e9n ofrece ayuda. Ofrecen intervenci\u00f3n en crisis y consejer\u00eda. Tambi\u00e9n le acompa\u00f1ar\u00e1n al hospital, a las entrevistas policiales y al tribunal.<\/p>\n<p>Puede marcar 2-1-1 para encontrar un centro cerca de usted o visitar el&nbsp;<a href=\"https:\/\/mcasa.org\/survivors\/find-a-rape-crisis-center\" target=\"_blank\" rel=\"noopener\">Coalici\u00f3n de Maryland contra la agresi\u00f3n sexual<\/a> (MCASA) sitio web para obtener una lista de centros.<\/p>\n<h3>ayuda legal<\/h3>\n<p>MCASA tambi\u00e9n cuenta con un Instituto Legal de Agresi\u00f3n Sexual (SALI), que brinda servicios legales integrales a los sobrevivientes. <a href=\"https:\/\/mcasa.org\/survivors\/sali?fbclid=IwZXh0bgNhZW0CMTAAAR1kEo1Ku2GD3GKBOhAz1XXVPvOr68tlAOPPlcrOFiTKhmFIMM4RlndB7a4_aem_AXbTaSde3vm4kISD6ssAc2DvpCxSyWKv-2To8ILAwIAQntLzjKXzkLGWpmWyYNAX_R98yzEsaXiKtXw57NYZB3Dv#services\" target=\"_blank\" rel=\"noopener\">Aprende m\u00e1s<\/a> sobre los servicios que prestan.<\/p>\n\t<h2>Abuso y negligencia infantil<\/h2>\n<p>El abuso y\/o negligencia infantil se puede denunciar de forma an\u00f3nima al Departamento de Servicios Sociales local o a la polic\u00eda.<\/p>\n<p>En general, los signos de <a href=\"https:\/\/dhs.maryland.gov\/child-protective-services\/reporting-suspected-child-abuse-or-neglect\/what-is-child-abuse-and-neglect\/\" target=\"_blank\" rel=\"noopener\">abuso y negligencia infantil<\/a>&nbsp;puede incluir:<\/p>\n<ul>\n<li aria-level=\"1\">Lesi\u00f3n f\u00edsica a un ni\u00f1o, incluso cuando no es visible<\/li>\n<li aria-level=\"1\">falta de cuidado o atenci\u00f3n adecuada<\/li>\n<li aria-level=\"1\">Dejar a un ni\u00f1o sin supervisi\u00f3n cuando su salud o bienestar se ven perjudicados o existe un riesgo sustancial de que se produzcan tales da\u00f1os.<\/li>\n<li aria-level=\"1\">abuso o explotaci\u00f3n sexual<\/li>\n<li aria-level=\"1\">deterioro de la capacidad mental o psicol\u00f3gica de un ni\u00f1o para funcionar<\/li>\n<li aria-level=\"1\">Encontrar evidencia cre\u00edble de abuso f\u00edsico, negligencia o abuso sexual que no haya sido refutada satisfactoriamente<\/li>\n<\/ul>\n<p>If the state removes a child (under&nbsp;the age of 18) from their home, a&nbsp;<a href=\"https:\/\/mdcourts.gov\/legalhelp\/childabuseneglect\" target=\"_blank\" rel=\"noopener\">proceso legal<\/a> is in place&nbsp;to ensure the child&#8217;s safety and welfare.<\/p>\n<p>Encuentre recursos locales de protecci\u00f3n infantil en la base de datos de recursos comunitarios 211 o llame al 211.<\/p>\n\t\t\t<a href=\"https:\/\/search.211md.org\/search?query=PH-6500.1500&amp;query_type=taxonomy&amp;query_label=\" target=\"_blank\" rel=\"noopener\">\n\t\t\t\t\t\tRecursos de protecci\u00f3n infantil\n\t\t\t\t\t<\/a>\n\t<h2>Servicios de protecci\u00f3n para adultos<\/h2>\n<p>El estado tambi\u00e9n ofrece Servicios de Protecci\u00f3n para Adultos a cualquier persona mayor de 18 a\u00f1os que carezca de la capacidad f\u00edsica o mental para atender sus necesidades. Hay signos conductuales, sociales, financieros y f\u00edsicos de abuso y negligencia con personas vulnerables y adultos mayores. Estos pueden incluir:<\/p>\n<ul>\n<li aria-level=\"1\">Confusi\u00f3n y olvido<\/li>\n<li aria-level=\"1\">Miedo, impotencia, verg\u00fcenza<\/li>\n<li aria-level=\"1\">Aislamiento<\/li>\n<li aria-level=\"1\">Violencia o abuso de drogas<\/li>\n<li aria-level=\"1\">Actividad bancaria inusual<\/li>\n<li aria-level=\"1\">Cambio en los h\u00e1bitos de gasto<\/li>\n<li aria-level=\"1\">Facturas sin pagar<\/li>\n<li aria-level=\"1\">Lucir sucio o sin afeitar<\/li>\n<li aria-level=\"1\">Desnutrido, deshidratado<\/li>\n<li aria-level=\"1\">Condici\u00f3n m\u00e9dica no tratada<\/li>\n<li aria-level=\"1\">Cortes, heridas, contusiones u otras marcas<\/li>\n<li aria-level=\"1\">Incapaz de hablar libremente<\/li>\n<li aria-level=\"1\">Violencia o abuso de drogas<\/li>\n<\/ul>\n<p><a href=\"https:\/\/dhs.maryland.gov\/documents\/Brochures\/Adult%20Services%20Flyers\/SSA-AdultProtectiveAbuse_dg.pdf\" target=\"_blank\" rel=\"noopener\">Conoce todos los signos<\/a>&nbsp;del Departamento de Servicios Humanos de Maryland.<\/p>\n<p>Reporte sospechas de abuso de adultos al 1-800-91-PREVENT (1-800-917-7383).<\/p>\n<p>La base de datos de recursos comunitarios 211 proporciona una lista de servicios de protecci\u00f3n para adultos.<\/p>\n\t\t\t<a href=\"https:\/\/search.211md.org\/search?query=PH-6500.0500&amp;query_type=taxonomy&amp;query_label=\" target=\"_blank\" rel=\"noopener\">\n\t\t\t\t\t\tEncuentre recursos de protecci\u00f3n para adultos\n\t\t\t\t\t<\/a>\n<figure itemscope=\"\" itemtype=\"https:\/\/schema.org\/ImageObject\">\n\t\t\t\t<img decoding=\"async\" src=\"https:\/\/211md.org\/wp-content\/plugins\/bb-plugin\/img\/pixel.png\" alt=\"\" onerror=\"this.style.display='none'\" loading=\"lazy\">\n\t<\/figure>\n\t\t<figure itemscope=\"\" itemtype=\"https:\/\/schema.org\/ImageObject\">\n\t\t\t\t<img decoding=\"async\" src=\"https:\/\/211md.org\/wp-content\/uploads\/bb-plugin\/cache\/Call-center-specialst-circle-4e9ecd7b3425be4576416abc911049bb-.jpg\" alt=\"Especialista en centro de llamadas\" title=\"Especialista en call center\" onerror=\"this.style.display='none'\" loading=\"lazy\">\n\t<\/figure>\n<h2>Marque 211<\/h2><p>Habla con una persona atenta y compasiva las 24 horas, los 7 d\u00edas de la semana. Tambi\u00e9n puede ponerte en contacto con recursos.&nbsp;<\/p>\n\t\t<h4><a href=\"\/es\/recursos\/envejecimiento-discapacidad\/?utm_source=Home&amp;utm_medium=Referral&amp;utm_campaign=211Resources&amp;utm_content=Aging\" target=\"_self\">Envejecimiento y discapacidad<\/a><\/h4><figure itemscope=\"\" itemtype=\"https:\/\/schema.org\/ImageObject\">\n\t\t\t\t<a href=\"\/es\/recursos\/envejecimiento-discapacidad\/?utm_source=Home&amp;utm_medium=Referral&amp;utm_campaign=211Resources&amp;utm_content=Aging\" target=\"_self\" itemprop=\"url\">\n\t\t\t\t<img decoding=\"async\" src=\"https:\/\/211md.org\/wp-content\/uploads\/bb-plugin\/cache\/2025_MdInfoNet_Icon-Sets_Aging-disability-square-c466727102cae71e5f27b8539bb51945-.png\" alt=\"\" onerror=\"this.style.display='none'\" loading=\"lazy\">\n\t\t\t\t<\/a>\n\t<\/figure>\n\t\t<h4><a href=\"\/es\/recursos\/ninos-familias\/?utm_source=Home&amp;utm_medium=Referral&amp;utm_campaign=211Resources&amp;utm_content=Children\" target=\"_self\">Ni\u00f1os y Familias<\/a><\/h4><figure itemscope=\"\" itemtype=\"https:\/\/schema.org\/ImageObject\">\n\t\t\t\t<a href=\"\/es\/recursos\/ninos-familias\/?utm_source=Home&amp;utm_medium=Referral&amp;utm_campaign=211Resources&amp;utm_content=Children\" target=\"_self\" itemprop=\"url\">\n\t\t\t\t<img decoding=\"async\" src=\"https:\/\/211md.org\/wp-content\/uploads\/bb-plugin\/cache\/2025_211_Icon-Sets_Child-care-square-f3b0d4edab3dcc467fadb5f55f4064c6-.png\" alt=\"parent and child icon for child care\" height=\"417\" width=\"417\" title=\"2025_211_Conjuntos de iconos_Cuidado infantil\" onerror=\"this.style.display='none'\" loading=\"lazy\">\n\t\t\t\t<\/a>\n\t<\/figure>\n\t\t<h4><a href=\"\/es\/recursos\/violencia-domestica-familiar\/?utm_source=Home&amp;utm_medium=Referral&amp;utm_campaign=211Resources&amp;utm_content=Domestic\" target=\"_self\">Violencia dom\u00e9stica<\/a><\/h4><figure itemscope=\"\" itemtype=\"https:\/\/schema.org\/ImageObject\">\n\t\t\t\t<a href=\"\/es\/recursos\/violencia-domestica-familiar\/?utm_source=Home&amp;utm_medium=Referral&amp;utm_campaign=211Resources&amp;utm_content=Domestic\" target=\"_self\" itemprop=\"url\">\n\t\t\t\t<img decoding=\"async\" src=\"https:\/\/211md.org\/wp-content\/uploads\/bb-plugin\/cache\/2025_211_Icon-Sets_Domestic-Violence-square-7b597694a6f05fe90cdc376aa573bc63-.png\" alt=\"House with a heart in the middle icon\" height=\"417\" width=\"417\" title=\"2025_211_Conjuntos de iconos_Violencia dom\u00e9stica\" onerror=\"this.style.display='none'\" loading=\"lazy\">\n\t\t\t\t<\/a>\n\t<\/figure>\n\t\t<h4><a href=\"\/es\/recursos\/busqueda-de-empleo\/?utm_source=Home&amp;utm_medium=Referral&amp;utm_campaign=211Resources&amp;utm_content=Employment\" target=\"_self\">Empleo<\/a><\/h4><figure itemscope=\"\" itemtype=\"https:\/\/schema.org\/ImageObject\">\n\t\t\t\t<a href=\"\/es\/recursos\/busqueda-de-empleo\/?utm_source=Home&amp;utm_medium=Referral&amp;utm_campaign=211Resources&amp;utm_content=Employment\" target=\"_self\" itemprop=\"url\">\n\t\t\t\t<img decoding=\"async\" src=\"https:\/\/211md.org\/wp-content\/uploads\/bb-plugin\/cache\/2025_MdInfoNet_Icon-Sets_Employment-square-44707bd410e4df10a470bf130ebcea86-.png\" alt=\"\" onerror=\"this.style.display='none'\" loading=\"lazy\">\n\t\t\t\t<\/a>\n\t<\/figure>\n\t\t<h4><a href=\"\/es\/recursos\/cuidado-de-la-salud\/?utm_source=Home&amp;utm_medium=Referral&amp;utm_campaign=211Resources&amp;utm_content=Health%20Care\" target=\"_self\">Cuidado de la salud<\/a><\/h4><figure itemscope=\"\" itemtype=\"https:\/\/schema.org\/ImageObject\">\n\t\t\t\t<a href=\"\/es\/recursos\/cuidado-de-la-salud\/?utm_source=Home&amp;utm_medium=Referral&amp;utm_campaign=211Resources&amp;utm_content=Health%20Care\" target=\"_self\" itemprop=\"url\">\n\t\t\t\t<img decoding=\"async\" src=\"https:\/\/211md.org\/wp-content\/uploads\/bb-plugin\/cache\/2025_MdInfoNet_Icon-Sets_Health-Care-square-dee98a0060cbe0e7f27eda253fc12679-.png\" alt=\"\" onerror=\"this.style.display='none'\" loading=\"lazy\">\n\t\t\t\t<\/a>\n\t<\/figure>\n\t\t<h4><a href=\"\/es\/recursos\/ninos-familias\/parentesco\/?utm_source=Home&amp;utm_medium=Referral&amp;utm_campaign=211Resources&amp;utm_content=Kinship\" target=\"_self\">Parentesco<\/a><\/h4><figure itemscope=\"\" itemtype=\"https:\/\/schema.org\/ImageObject\">\n\t\t\t\t<a href=\"\/es\/recursos\/ninos-familias\/parentesco\/?utm_source=Home&amp;utm_medium=Referral&amp;utm_campaign=211Resources&amp;utm_content=Kinship\" target=\"_self\" itemprop=\"url\">\n\t\t\t\t<img decoding=\"async\" src=\"https:\/\/211md.org\/wp-content\/uploads\/bb-plugin\/cache\/2025_211_Icon-Sets_Kinship-square-45bdf872866f5735f842c32071109267-.png\" alt=\"Icono de parentesco\" height=\"417\" width=\"417\" title=\"2025_211_Conjuntos de iconos_Parentesco\" onerror=\"this.style.display='none'\" loading=\"lazy\">\n\t\t\t\t<\/a>\n\t<\/figure>\n\t\t<h4><a href=\"\/es\/recursos\/servicios-legales\/?utm_source=Home&amp;utm_medium=Referral&amp;utm_campaign=211Resources&amp;utm_content=Legal\" target=\"_self\">Servicios Legales<\/a><\/h4><figure itemscope=\"\" itemtype=\"https:\/\/schema.org\/ImageObject\">\n\t\t\t\t<a href=\"\/es\/recursos\/servicios-legales\/?utm_source=Home&amp;utm_medium=Referral&amp;utm_campaign=211Resources&amp;utm_content=Legal\" target=\"_self\" itemprop=\"url\">\n\t\t\t\t<img decoding=\"async\" src=\"https:\/\/211md.org\/wp-content\/uploads\/bb-plugin\/cache\/2025_MdInfoNet_Icon-Sets_Legal-square-18fdf438feb8435588174d9046463257-.png\" alt=\"\" onerror=\"this.style.display='none'\" loading=\"lazy\">\n\t\t\t\t<\/a>\n\t<\/figure>\n\t\t<h4><a href=\"\/es\/recursos\/salud-mental\/?utm_source=Home&amp;utm_medium=Referral&amp;utm_campaign=211Resources&amp;utm_content=Mental\" target=\"_self\">Salud mental<\/a><\/h4><figure itemscope=\"\" itemtype=\"https:\/\/schema.org\/ImageObject\">\n\t\t\t\t<a href=\"\/es\/recursos\/salud-mental\/?utm_source=Home&amp;utm_medium=Referral&amp;utm_campaign=211Resources&amp;utm_content=Mental\" target=\"_self\" itemprop=\"url\">\n\t\t\t\t<img decoding=\"async\" src=\"https:\/\/211md.org\/wp-content\/uploads\/bb-plugin\/cache\/2025_MdInfoNet_Icon-Sets_Mental-Health-square-c59b38c4a993a947d4c9280fbe2d2fee-.png\" alt=\"\" onerror=\"this.style.display='none'\" loading=\"lazy\">\n\t\t\t\t<\/a>\n\t<\/figure>\n\t\t<h4><a href=\"\/es\/recursos\/mdreentry\/?utm_source=Home&amp;utm_medium=Referral&amp;utm_campaign=211Resources&amp;utm_content=Reentry\" target=\"_self\">Reentrada<\/a><\/h4><figure itemscope=\"\" itemtype=\"https:\/\/schema.org\/ImageObject\">\n\t\t\t\t<a href=\"\/es\/recursos\/mdreentry\/?utm_source=Home&amp;utm_medium=Referral&amp;utm_campaign=211Resources&amp;utm_content=Reentry\" target=\"_self\" itemprop=\"url\">\n\t\t\t\t<img decoding=\"async\" src=\"https:\/\/211md.org\/wp-content\/uploads\/bb-plugin\/cache\/2025_211_Icon-Sets_Reentry-square-8676fea38abd920a832f45642fe31cca-.png\" alt=\"Icono de reentrada\" height=\"417\" width=\"417\" title=\"2025_211_Conjuntos de iconos_Reentrada\" onerror=\"this.style.display='none'\" loading=\"lazy\">\n\t\t\t\t<\/a>\n\t<\/figure>\n\t\t<h4><a href=\"\/es\/recursos\/consumo-de-sustancias\/?utm_source=Home&amp;utm_medium=Referral&amp;utm_campaign=211Resources&amp;utm_content=Substance\" target=\"_self\">Uso de sustancias<\/a><\/h4><figure itemscope=\"\" itemtype=\"https:\/\/schema.org\/ImageObject\">\n\t\t\t\t<a href=\"\/es\/recursos\/consumo-de-sustancias\/?utm_source=Home&amp;utm_medium=Referral&amp;utm_campaign=211Resources&amp;utm_content=Substance\" target=\"_self\" itemprop=\"url\">\n\t\t\t\t<img decoding=\"async\" src=\"https:\/\/211md.org\/wp-content\/uploads\/bb-plugin\/cache\/2025_MdInfoNet_Icon-Sets_Substance-Abuse-square-9022fec9d18a64118ad685c101885b55-.png\" alt=\"\" onerror=\"this.style.display='none'\" loading=\"lazy\">\n\t\t\t\t<\/a>\n\t<\/figure>\n\t\t<h4><a href=\"\/es\/recursos\/veteranos\/?utm_source=Home&amp;utm_medium=Referral&amp;utm_campaign=211Resources&amp;utm_content=Veterans\" target=\"_self\">veteranos<\/a><\/h4><figure itemscope=\"\" itemtype=\"https:\/\/schema.org\/ImageObject\">\n\t\t\t\t<a href=\"\/es\/recursos\/veteranos\/?utm_source=Home&amp;utm_medium=Referral&amp;utm_campaign=211Resources&amp;utm_content=Veterans\" target=\"_self\" itemprop=\"url\">\n\t\t\t\t<img decoding=\"async\" src=\"https:\/\/211md.org\/wp-content\/uploads\/bb-plugin\/cache\/2025_MdInfoNet_Icon-Sets_Rating-square-6e60d00cce4faa8e0a6d4ad7366aa733-.png\" alt=\"\" onerror=\"this.style.display='none'\" loading=\"lazy\">\n\t\t\t\t<\/a>\n\t<\/figure>","protected":false},"excerpt":{"rendered":"<p>Default Page Heading From emergency kits for domestic violence victims leaving a home quickly to legal assistance, free and confidential support is available. Domestic violence is never your fault. Get connected to domestic violence hotlines, community resources, and sexual assault support for victims of domestic and family violence. Learn the warning signs&nbsp;and find emergency shelters&hellip;<\/p>","protected":false},"author":8,"featured_media":2004,"parent":930,"menu_order":0,"comment_status":"closed","ping_status":"closed","template":"","meta":{"footnotes":""},"group":[],"class_list":["post-922","page","type-page","status-publish","has-post-thumbnail","hentry"],"_links":{"self":[{"href":"https:\/\/211md.org\/es\/wp-json\/wp\/v2\/pages\/922","targetHints":{"allow":["GET"]}}],"collection":[{"href":"https:\/\/211md.org\/es\/wp-json\/wp\/v2\/pages"}],"about":[{"href":"https:\/\/211md.org\/es\/wp-json\/wp\/v2\/types\/page"}],"author":[{"embeddable":true,"href":"https:\/\/211md.org\/es\/wp-json\/wp\/v2\/users\/8"}],"replies":[{"embeddable":true,"href":"https:\/\/211md.org\/es\/wp-json\/wp\/v2\/comments?post=922"}],"version-history":[{"count":9,"href":"https:\/\/211md.org\/es\/wp-json\/wp\/v2\/pages\/922\/revisions"}],"predecessor-version":[{"id":34636,"href":"https:\/\/211md.org\/es\/wp-json\/wp\/v2\/pages\/922\/revisions\/34636"}],"up":[{"embeddable":true,"href":"https:\/\/211md.org\/es\/wp-json\/wp\/v2\/pages\/930"}],"wp:featuredmedia":[{"embeddable":true,"href":"https:\/\/211md.org\/es\/wp-json\/wp\/v2\/media\/2004"}],"wp:attachment":[{"href":"https:\/\/211md.org\/es\/wp-json\/wp\/v2\/media?parent=922"}],"wp:term":[{"taxonomy":"group","embeddable":true,"href":"https:\/\/211md.org\/es\/wp-json\/wp\/v2\/group?post=922"}],"curies":[{"name":"Gracias","href":"https:\/\/api.w.org\/{rel}","templated":true}]}}