{"id":924,"date":"2021-04-15T14:57:44","date_gmt":"2021-04-15T14:57:44","guid":{"rendered":"https:\/\/211md.org\/?page_id=924"},"modified":"2025-12-01T12:34:01","modified_gmt":"2025-12-01T17:34:01","slug":"busqueda-de-empleo","status":"publish","type":"page","link":"https:\/\/211md.org\/es\/resources\/employment-search\/","title":{"rendered":"Ayuda gratuita para carreras profesionales y empleo en Maryland"},"content":{"rendered":"<img decoding=\"async\" src=\"https:\/\/stg-maryland211-staging.kinsta.cloud\/wp-content\/uploads\/2025\/08\/5-1-scaled.png\" alt=\"5\" itemprop=\"image\" height=\"692\" width=\"2560\" title=\"5\" onerror=\"this.style.display='none'\" loading=\"lazy\" \/>\n\t\t<h1><a href=\"#start\" target=\"_self\">Encabezado de p\u00e1gina predeterminado<\/a><\/h1><p>Las personas que buscan empleo en Maryland pueden obtener ayuda gratuita con el empleo y la capacitaci\u00f3n laboral de dos organizaciones:<\/p>\n<ul>\n<li>Centros de Empleo Estadounidenses \u2013 ubicaciones f\u00edsicas<\/li>\n<li>Bolsa de Trabajo de Maryland (MWE): solo en l\u00ednea<\/li>\n<\/ul>\n<p>Inf\u00f3rmese sobre c\u00f3mo puede ayudarle cada programa gratuito de asistencia laboral y luego con\u00e9ctese.<\/p>\n\t\t\t<a href=\"#start\" target=\"_self\">\n\t\t\t\t\t\tEmpezar\n\t\t\t\t\t<\/a>\n\t\t\t\t<img decoding=\"async\" src=\"https:\/\/211md.org\/wp-content\/plugins\/bb-plugin\/img\/pixel.png\" alt=\"\" itemprop=\"image\" onerror=\"this.style.display='none'\" loading=\"lazy\" \/>\n\t\t\t\t<img decoding=\"async\" src=\"https:\/\/stg-maryland211-staging.kinsta.cloud\/wp-content\/uploads\/2025\/08\/16.png\" alt=\"16\" itemprop=\"image\" height=\"1000\" width=\"1000\" title=\"16\" onerror=\"this.style.display='none'\" loading=\"lazy\" \/>\n\t\t\t\t<img decoding=\"async\" src=\"https:\/\/211md.org\/wp-content\/uploads\/2021\/04\/man-stocking-warehouse_249164311.jpg\" alt=\"Empleado de ferreter\u00eda estampando cajas\" itemprop=\"image\" height=\"400\" width=\"600\" title=\"almac\u00e9n de almacenamiento de hombre_249164311\" onerror=\"this.style.display='none'\" loading=\"lazy\" \/>\n\t\t<h3>Centros de empleo estadounidenses<\/h3>\n\t\t<p>Quienes buscan empleo pueden recibir ayuda para encontrar trabajo en los Centros de Empleo Estadounidenses. Hay docenas de centros en todo Maryland.<\/p>\n<p>Puede obtener ayuda con:<\/p>\n<ul>\n<li>orientaci\u00f3n profesional<\/li>\n<li>preparaci\u00f3n para el trabajo<\/li>\n<li>el empleo conduce<\/li>\n<li>creaci\u00f3n de curr\u00edculum<\/li>\n<li>cartas de presentaci\u00f3n<\/li>\n<li>soporte de redes<\/li>\n<\/ul>\n<p>Puede acceder a computadoras, impresoras, fotocopiadoras, m\u00e1quinas de fax, tel\u00e9fonos e Internet para mejorar su b\u00fasqueda de empleo.<\/p>\n<p>Adem\u00e1s de ayudar a las personas que buscan trabajo, los centros tambi\u00e9n pueden ayudar a las empresas.<\/p>\n\t\t\t<a href=\"https:\/\/search.211md.org\/search?query=American+Job+Center&#038;query_label=American+Job+Center&#038;query_type=text\" target=\"_blank\" rel=\"noopener\">\n\t\t\t\t\t\t\tEncuentre un centro de empleo\n\t\t\t<\/a>\n\t<h3>Intercambio de Fuerza Laboral de Maryland<\/h3>\n<p>Si estas recibiendo <a href=\"https:\/\/211md.org\/es\/recursos\/busqueda-de-empleo\/beneficios-de-desempleado\/\">beneficios del seguro de desempleo<\/a>Es posible que tambi\u00e9n est\u00e9 familiarizado con Maryland Workforce Exchange (MWE), ya que puede haber requisitos para completar los pasos de MWE cada semana para recibir el seguro de desempleo.<\/p>\n<p>A pesar de la conexi\u00f3n con los beneficios de desempleo, las personas pueden utilizar los servicios de MWE incluso si no reciben beneficios.<\/p>\n<p>MWE permite a los solicitantes de empleo:<\/p>\n<ul>\n<li>b\u00fasqueda de empleo: base de datos central para listados de empleo de MD<\/li>\n<li>crear un curr\u00edculum<\/li>\n<li>obtener educaci\u00f3n y capacitaci\u00f3n<\/li>\n<\/ul>\n<p>El portal de autoservicio tambi\u00e9n dispone de una aplicaci\u00f3n. Busque MWEJOBS en Apple iTunes Store o Google Play.<\/p>\n\t\t\t<a href=\"https:\/\/mwejobs.maryland.gov\/vosnet\/Default.aspx\" target=\"_blank\" rel=\"noopener\">\n\t\t\t\t\t\tVisita Maryland Workforce Exchange\n\t\t\t\t\t<\/a>\n\t\t\t\t<img decoding=\"async\" src=\"https:\/\/stg-maryland211-staging.kinsta.cloud\/wp-content\/uploads\/2025\/08\/2025_MdInfoNet_Icon-Sets-white_Locate.png\" alt=\"\" itemprop=\"image\" onerror=\"this.style.display='none'\" loading=\"lazy\" \/>\n<h2>B\u00fasquedas de empleo populares<\/h2><p>Encuentre un programa de capacitaci\u00f3n laboral cerca de usted, utilizando estas b\u00fasquedas de trabajo populares.<\/p>\n\t\t\t<a href=\"https:\/\/search.211md.org\/search?query=ND-2000.6500-360&#038;query_type=taxonomy&#038;query_label=\" target=\"_blank\" rel=\"noopener\">\n\t\t\t\t\t\t\tPreparaci\u00f3n para el trabajo\n\t\t\t\t\t<\/a>\n\t\t\t<a href=\"https:\/\/search.211md.org\/search?query=Job%20Search%20Placement&#038;query_type=text\" target=\"_blank\" rel=\"noopener\">\n\t\t\t\t\t\t\tB\u00fasqueda y colocaci\u00f3n laboral\n\t\t\t\t\t<\/a>\n\t\t\t<a href=\"https:\/\/search.211md.org\/search?query=ND-2000.3500&#038;query_type=taxonomy&#038;query_label=\" target=\"_blank\" rel=\"noopener\">\n\t\t\t\t\t\t\tFormaci\u00f3n profesional\n\t\t\t\t\t<\/a>\n\t\t\t<a href=\"https:\/\/search.211md.org\/search?query=Career%20Counseling&#038;query_type=text\" target=\"_blank\" rel=\"noopener\">\n\t\t\t\t\t\t\tOrientaci\u00f3n profesional\n\t\t\t\t\t<\/a>\n\t\t\t<a href=\"https:\/\/search.211md.org\/search?query=Computer%20Training&#038;query_type=text\" target=\"_blank\" rel=\"noopener\">\n\t\t\t\t\t\t\tEntrenamiento de computadora\n\t\t\t\t\t<\/a>\n\t\t\t<a href=\"https:\/\/search.211md.org\/search?query=Vocational%20Assessment&#038;query_type=text\" target=\"_blank\" rel=\"noopener\">\n\t\t\t\t\t\t\tEvaluaci\u00f3n vocacional\n\t\t\t\t\t<\/a>\n\t\t\t\t<img decoding=\"async\" src=\"https:\/\/211md.org\/wp-content\/uploads\/2021\/05\/Test-scaled.jpg\" alt=\"Hoja de prueba scantron y l\u00e1piz\" itemprop=\"image\" height=\"1591\" width=\"2560\" title=\"M\u00faltiple,Opci\u00f3n,Ged,Prueba,Texto,,Con,L\u00e1piz\" onerror=\"this.style.display='none'\" loading=\"lazy\" \/>\n\t<h3><b>Educaci\u00f3n para adultos y apoyo de GED\u00ae<\/b><\/h3>\n<p>Si no tiene un diploma de escuela secundaria y desea obtener uno, varias organizaciones locales pueden ayudarlo con la preparaci\u00f3n para los ex\u00e1menes a trav\u00e9s de programas de educaci\u00f3n y alfabetizaci\u00f3n para adultos.<\/p>\n<ul>\n<li aria-level=\"1\"><a href=\"https:\/\/search.211md.org\/search?query=GED%20Instruction&amp;query_type=text\" target=\"_blank\" rel=\"noopener\">Instrucci\u00f3n GED\u00ae<\/a><\/li>\n<li aria-level=\"1\"><a href=\"https:\/\/search.211md.org\/search?query=HH-0500.8000-150&amp;query_type=taxonomy&amp;query_label=\" target=\"_blank\" rel=\"noopener\">Ingles como segundo lenguaje<\/a><\/li>\n<li aria-level=\"1\"><a href=\"https:\/\/search.211md.org\/search?query=HH-4500&amp;query_type=taxonomy&amp;query_label=\" target=\"_blank\" rel=\"noopener\">Programas de alfabetizaci\u00f3n<\/a><\/li>\n<\/ul>\n<p>Para realizar pruebas,\u00a0<a href=\"https:\/\/ged.com\/policies\/maryland\/\" target=\"_blank\" rel=\"noopener\">Servicio de pruebas de GED\u00ae<\/a> Es el \u00fanico proveedor autorizado en Maryland.<\/p>\n\t<h2>Sigue leyendo<\/h2>\n<p>211 tambi\u00e9n ofrece gu\u00edas para veteranos que buscan empleo, inmigrantes y personas que est\u00e1n encarceladas o han estado encarceladas y se reincorporan a la fuerza laboral.<\/p>\n\t\t\t\t<img decoding=\"async\" src=\"https:\/\/211md.org\/wp-content\/plugins\/bb-plugin\/img\/pixel.png\" alt=\"\" itemprop=\"image\" onerror=\"this.style.display='none'\" loading=\"lazy\" \/>\n\t\t\t\t<img decoding=\"async\" src=\"https:\/\/211md.org\/wp-content\/uploads\/bb-plugin\/cache\/Call-center-specialst-circle-4e9ecd7b3425be4576416abc911049bb-.jpg\" alt=\"Especialista en centro de llamadas\" itemprop=\"image\" title=\"Especialista en call center\" onerror=\"this.style.display='none'\" loading=\"lazy\" \/>\n<h2>Marque 211<\/h2><p>Habla con una persona atenta y compasiva las 24 horas, los 7 d\u00edas de la semana. Tambi\u00e9n puede ponerte en contacto con recursos.\u00a0<\/p>\n\t\t\t<a href=\"tel:%20+211\" target=\"_blank\" rel=\"noopener\">\n\t\t\t\t\t\tMarca 211 (m\u00f3vil)\n\t\t\t\t\t<\/a>\n\t<h2>Beneficios de desempleo<\/h2>\n<p>Estos beneficios reemplazan parte del ingreso de un empleado por un tiempo limitado para personas elegibles que perdieron su trabajo, sin culpa propia.<\/p>\n<p><a href=\"\/es\/recursos\/busqueda-de-empleo\/beneficios-de-desempleado\/\" rel=\"noopener\">Conozca los pasos para presentar un reclamo<\/a> y la certificaci\u00f3n de reclamo semanal para mantener activos los beneficios de desempleo.<\/p>\n<h3>Seguro m\u00e9dico mientras buscas trabajo<\/h3>\n<p>Si se pierde la atenci\u00f3n m\u00e9dica junto con el trabajo, las personas pueden tener derecho a:<\/p>\n<ul>\n<li>Seguro de enfermedad<\/li>\n<li>COBRA a trav\u00e9s de su antiguo empleador<\/li>\n<li>Seguro a trav\u00e9s de <a href=\"https:\/\/www.marylandhealthconnection.gov\/lost-your-job-you-can-get-health-coverage\/\" target=\"_blank\" rel=\"noopener\">Conexi\u00f3n de salud de Maryland<\/a><\/li>\n<\/ul>\n<p>Por lo general, estos beneficios est\u00e1n disponibles dentro de los 60 d\u00edas de perder el empleo.<\/p>\n<h3><b>Compensaci\u00f3n de trabajadores\u00a0<\/b><\/h3>\n<p>Esta cobertura cubre la atenci\u00f3n m\u00e9dica si se acepta la reclamaci\u00f3n de Compensaci\u00f3n Laboral. El trabajador tambi\u00e9n puede recibir una compensaci\u00f3n para compensar parcialmente la p\u00e9rdida de salario.<\/p>\n<p>El seguro de compensaci\u00f3n laboral no cubre todas las lesiones.<\/p>\n<p>Por lo general cubre lesiones causadas por un<\/p>\n<blockquote><p>\u201clesiones personales accidentales que surgen del empleo y durante el curso del mismo\u201d.<\/p><\/blockquote>\n<p>Los empleados deben informar el accidente y la lesi\u00f3n a su empleador. <a href=\"https:\/\/www.wcc.state.md.us\/Gen_Info\/Claim_Instr.html\" target=\"_blank\" rel=\"noopener\">Obtenga un formulario de reclamo de Compensaci\u00f3n para Trabajadores para empleados<\/a>\u00a0o\u00a0<a href=\"https:\/\/www.wcc.state.md.us\/WFMS\/C1_WebForms.html\" target=\"_blank\" rel=\"noopener\">presentar el formulario C-1 en l\u00ednea<\/a>.<\/p>\n<p><a href=\"https:\/\/www.wcc.state.md.us\/Gen_Info\/WCC_Benefits.html#filing_a_claim\" target=\"_blank\" rel=\"noopener\">Aprende m\u00e1s<\/a> sobre los tipos de reclamos que puede presentar, el proceso y c\u00f3mo comunicarse con la Comisi\u00f3n de Compensaci\u00f3n para Trabajadores de Maryland.<\/p>\n<p>Tambi\u00e9n puede obtener respuestas a\u00a0<a href=\"https:\/\/www.wcc.state.md.us\/Gen_Info\/WCC_FAQ.html\" target=\"_blank\" rel=\"noopener\">Preguntas frecuentes<\/a>\u00a0(preguntas frecuentes).<\/p>\n<p>&nbsp;<\/p>\n<h2>\n\t\t\tSigue leyendo\t<\/h2>\n\t\t<h4><a href=\"\/es\/recursos\/envejecimiento-discapacidad\/?utm_source=Home&#038;utm_medium=Referral&#038;utm_campaign=211Resources&#038;utm_content=Aging\" target=\"_self\">Envejecimiento y discapacidad<\/a><\/h4>\n\t\t\t\t<a href=\"\/es\/recursos\/envejecimiento-discapacidad\/?utm_source=Home&#038;utm_medium=Referral&#038;utm_campaign=211Resources&#038;utm_content=Aging\"  target=\"_self\" itemprop=\"url\">\n\t\t\t\t<img decoding=\"async\" src=\"https:\/\/211md.org\/wp-content\/uploads\/bb-plugin\/cache\/2025_MdInfoNet_Icon-Sets_Aging-disability-square-c466727102cae71e5f27b8539bb51945-.png\" alt=\"\" itemprop=\"image\" onerror=\"this.style.display='none'\" loading=\"lazy\" \/>\n\t\t\t\t<\/a>\n\t\t<h4><a href=\"\/es\/recursos\/ninos-familias\/?utm_source=Home&#038;utm_medium=Referral&#038;utm_campaign=211Resources&#038;utm_content=Children\" target=\"_self\">Ni\u00f1os y familias<\/a><\/h4>\n\t\t\t\t<a href=\"\/es\/recursos\/ninos-familias\/?utm_source=Home&#038;utm_medium=Referral&#038;utm_campaign=211Resources&#038;utm_content=Children\"  target=\"_self\" itemprop=\"url\">\n\t\t\t\t<img decoding=\"async\" src=\"https:\/\/211md.org\/wp-content\/uploads\/bb-plugin\/cache\/2025_211_Icon-Sets_Child-care-square-f3b0d4edab3dcc467fadb5f55f4064c6-.png\" alt=\"parent and child icon for child care\" itemprop=\"image\" height=\"417\" width=\"417\" title=\"2025_211_Conjuntos de iconos_Cuidado infantil\" onerror=\"this.style.display='none'\" loading=\"lazy\" \/>\n\t\t\t\t<\/a>\n\t\t<h4><a href=\"\/es\/recursos\/violencia-domestica-familiar\/?utm_source=Home&#038;utm_medium=Referral&#038;utm_campaign=211Resources&#038;utm_content=Domestic\" target=\"_self\">Violencia dom\u00e9stica<\/a><\/h4>\n\t\t\t\t<a href=\"\/es\/recursos\/violencia-domestica-familiar\/?utm_source=Home&#038;utm_medium=Referral&#038;utm_campaign=211Resources&#038;utm_content=Domestic\"  target=\"_self\" itemprop=\"url\">\n\t\t\t\t<img decoding=\"async\" src=\"https:\/\/211md.org\/wp-content\/uploads\/bb-plugin\/cache\/2025_211_Icon-Sets_Domestic-Violence-square-7b597694a6f05fe90cdc376aa573bc63-.png\" alt=\"Icono de violencia dom\u00e9stica\" itemprop=\"image\" height=\"417\" width=\"417\" title=\"2025_211_Conjuntos de iconos_Violencia dom\u00e9stica\" onerror=\"this.style.display='none'\" loading=\"lazy\" \/>\n\t\t\t\t<\/a>\n\t\t<h4><a href=\"\/es\/recursos\/busqueda-de-empleo\/?utm_source=Home&#038;utm_medium=Referral&#038;utm_campaign=211Resources&#038;utm_content=Employment\" target=\"_self\">Empleo<\/a><\/h4>\n\t\t\t\t<a href=\"\/es\/recursos\/busqueda-de-empleo\/?utm_source=Home&#038;utm_medium=Referral&#038;utm_campaign=211Resources&#038;utm_content=Employment\"  target=\"_self\" itemprop=\"url\">\n\t\t\t\t<img decoding=\"async\" src=\"https:\/\/211md.org\/wp-content\/uploads\/bb-plugin\/cache\/2025_MdInfoNet_Icon-Sets_Employment-square-44707bd410e4df10a470bf130ebcea86-.png\" alt=\"\" itemprop=\"image\" onerror=\"this.style.display='none'\" loading=\"lazy\" \/>\n\t\t\t\t<\/a>\n\t\t<h4><a href=\"\/es\/recursos\/cuidado-de-la-salud\/?utm_source=Home&#038;utm_medium=Referral&#038;utm_campaign=211Resources&#038;utm_content=Health%20Care\" target=\"_self\">Cuidado de la salud<\/a><\/h4>\n\t\t\t\t<a href=\"\/es\/recursos\/cuidado-de-la-salud\/?utm_source=Home&#038;utm_medium=Referral&#038;utm_campaign=211Resources&#038;utm_content=Health%20Care\"  target=\"_self\" itemprop=\"url\">\n\t\t\t\t<img decoding=\"async\" src=\"https:\/\/211md.org\/wp-content\/uploads\/bb-plugin\/cache\/2025_MdInfoNet_Icon-Sets_Health-Care-square-dee98a0060cbe0e7f27eda253fc12679-.png\" alt=\"\" itemprop=\"image\" onerror=\"this.style.display='none'\" loading=\"lazy\" \/>\n\t\t\t\t<\/a>\n\t\t<h4><a href=\"\/es\/recursos\/ninos-familias\/parentesco\/?utm_source=Home&#038;utm_medium=Referral&#038;utm_campaign=211Resources&#038;utm_content=Kinship\" target=\"_self\">Parentesco<\/a><\/h4>\n\t\t\t\t<a href=\"\/es\/recursos\/ninos-familias\/parentesco\/?utm_source=Home&#038;utm_medium=Referral&#038;utm_campaign=211Resources&#038;utm_content=Kinship\"  target=\"_self\" itemprop=\"url\">\n\t\t\t\t<img decoding=\"async\" src=\"https:\/\/211md.org\/wp-content\/uploads\/bb-plugin\/cache\/2025_211_Icon-Sets_Kinship-square-45bdf872866f5735f842c32071109267-.png\" alt=\"Icono de parentesco\" itemprop=\"image\" height=\"417\" width=\"417\" title=\"2025_211_Conjuntos de iconos_Parentesco\" onerror=\"this.style.display='none'\" loading=\"lazy\" \/>\n\t\t\t\t<\/a>\n\t\t<h4><a href=\"\/es\/recursos\/servicios-legales\/?utm_source=Home&#038;utm_medium=Referral&#038;utm_campaign=211Resources&#038;utm_content=Legal\" target=\"_self\">Servicios Legales<\/a><\/h4>\n\t\t\t\t<a href=\"\/es\/recursos\/servicios-legales\/?utm_source=Home&#038;utm_medium=Referral&#038;utm_campaign=211Resources&#038;utm_content=Legal\"  target=\"_self\" itemprop=\"url\">\n\t\t\t\t<img decoding=\"async\" src=\"https:\/\/211md.org\/wp-content\/uploads\/bb-plugin\/cache\/2025_MdInfoNet_Icon-Sets_Legal-square-18fdf438feb8435588174d9046463257-.png\" alt=\"\" itemprop=\"image\" onerror=\"this.style.display='none'\" loading=\"lazy\" \/>\n\t\t\t\t<\/a>\n\t\t<h4><a href=\"\/es\/recursos\/salud-mental\/?utm_source=Home&#038;utm_medium=Referral&#038;utm_campaign=211Resources&#038;utm_content=Mental\" target=\"_self\">Salud mental<\/a><\/h4>\n\t\t\t\t<a href=\"\/es\/recursos\/salud-mental\/?utm_source=Home&#038;utm_medium=Referral&#038;utm_campaign=211Resources&#038;utm_content=Mental\"  target=\"_self\" itemprop=\"url\">\n\t\t\t\t<img decoding=\"async\" src=\"https:\/\/211md.org\/wp-content\/uploads\/bb-plugin\/cache\/2025_MdInfoNet_Icon-Sets_Mental-Health-square-c59b38c4a993a947d4c9280fbe2d2fee-.png\" alt=\"\" itemprop=\"image\" onerror=\"this.style.display='none'\" loading=\"lazy\" \/>\n\t\t\t\t<\/a>\n\t\t<h4><a href=\"\/es\/recursos\/mdreentry\/?utm_source=Home&#038;utm_medium=Referral&#038;utm_campaign=211Resources&#038;utm_content=Reentry\" target=\"_self\">Reentrada<\/a><\/h4>\n\t\t\t\t<a href=\"\/es\/recursos\/mdreentry\/?utm_source=Home&#038;utm_medium=Referral&#038;utm_campaign=211Resources&#038;utm_content=Reentry\"  target=\"_self\" itemprop=\"url\">\n\t\t\t\t<img decoding=\"async\" src=\"https:\/\/211md.org\/wp-content\/uploads\/bb-plugin\/cache\/2025_211_Icon-Sets_Reentry-square-8676fea38abd920a832f45642fe31cca-.png\" alt=\"Icono de reentrada\" itemprop=\"image\" height=\"417\" width=\"417\" title=\"2025_211_Conjuntos de iconos_Reentrada\" onerror=\"this.style.display='none'\" loading=\"lazy\" \/>\n\t\t\t\t<\/a>\n\t\t<h4><a href=\"\/es\/recursos\/consumo-de-sustancias\/?utm_source=Home&#038;utm_medium=Referral&#038;utm_campaign=211Resources&#038;utm_content=Substance\" target=\"_self\">Uso de sustancias<\/a><\/h4>\n\t\t\t\t<a href=\"\/es\/recursos\/consumo-de-sustancias\/?utm_source=Home&#038;utm_medium=Referral&#038;utm_campaign=211Resources&#038;utm_content=Substance\"  target=\"_self\" itemprop=\"url\">\n\t\t\t\t<img decoding=\"async\" src=\"https:\/\/211md.org\/wp-content\/uploads\/bb-plugin\/cache\/2025_MdInfoNet_Icon-Sets_Substance-Abuse-square-9022fec9d18a64118ad685c101885b55-.png\" alt=\"\" itemprop=\"image\" onerror=\"this.style.display='none'\" loading=\"lazy\" \/>\n\t\t\t\t<\/a>\n\t\t<h4><a href=\"\/es\/recursos\/veteranos\/?utm_source=Home&#038;utm_medium=Referral&#038;utm_campaign=211Resources&#038;utm_content=Veterans\" target=\"_self\">veteranos<\/a><\/h4>\n\t\t\t\t<a href=\"\/es\/recursos\/veteranos\/?utm_source=Home&#038;utm_medium=Referral&#038;utm_campaign=211Resources&#038;utm_content=Veterans\"  target=\"_self\" itemprop=\"url\">\n\t\t\t\t<img decoding=\"async\" src=\"https:\/\/211md.org\/wp-content\/uploads\/bb-plugin\/cache\/2025_MdInfoNet_Icon-Sets_Rating-square-6e60d00cce4faa8e0a6d4ad7366aa733-.png\" alt=\"\" itemprop=\"image\" onerror=\"this.style.display='none'\" loading=\"lazy\" \/>\n\t\t\t\t<\/a>","protected":false},"excerpt":{"rendered":"<p>Encabezado de p\u00e1gina predeterminado. Quienes buscan empleo en Maryland pueden obtener ayuda gratuita con empleo y capacitaci\u00f3n laboral de dos organizaciones: Centros de Empleo Americanos (ubicaciones f\u00edsicas). Intercambio de Fuerza Laboral de Maryland (MWE). Solo en l\u00ednea. Inf\u00f3rmese sobre c\u00f3mo puede ayudarle cada programa gratuito de asistencia laboral y luego con\u00e9ctese. Comenzar. Centros de Empleo Americanos. Quienes buscan empleo pueden recibir\u2026<\/p>","protected":false},"author":8,"featured_media":1817,"parent":930,"menu_order":0,"comment_status":"closed","ping_status":"closed","template":"","meta":{"footnotes":""},"class_list":["post-924","page","type-page","status-publish","has-post-thumbnail","hentry"],"_links":{"self":[{"href":"https:\/\/211md.org\/es\/wp-json\/wp\/v2\/pages\/924","targetHints":{"allow":["GET"]}}],"collection":[{"href":"https:\/\/211md.org\/es\/wp-json\/wp\/v2\/pages"}],"about":[{"href":"https:\/\/211md.org\/es\/wp-json\/wp\/v2\/types\/page"}],"author":[{"embeddable":true,"href":"https:\/\/211md.org\/es\/wp-json\/wp\/v2\/users\/8"}],"replies":[{"embeddable":true,"href":"https:\/\/211md.org\/es\/wp-json\/wp\/v2\/comments?post=924"}],"version-history":[{"count":9,"href":"https:\/\/211md.org\/es\/wp-json\/wp\/v2\/pages\/924\/revisions"}],"predecessor-version":[{"id":34146,"href":"https:\/\/211md.org\/es\/wp-json\/wp\/v2\/pages\/924\/revisions\/34146"}],"up":[{"embeddable":true,"href":"https:\/\/211md.org\/es\/wp-json\/wp\/v2\/pages\/930"}],"wp:featuredmedia":[{"embeddable":true,"href":"https:\/\/211md.org\/es\/wp-json\/wp\/v2\/media\/1817"}],"wp:attachment":[{"href":"https:\/\/211md.org\/es\/wp-json\/wp\/v2\/media?parent=924"}],"curies":[{"name":"Gracias","href":"https:\/\/api.w.org\/{rel}","templated":true}]}}