{"id":928,"date":"2021-04-15T16:49:22","date_gmt":"2021-04-15T16:49:22","guid":{"rendered":"https:\/\/211md.org\/?page_id=928"},"modified":"2025-09-02T12:08:28","modified_gmt":"2025-09-02T16:08:28","slug":"servicios-legales","status":"publish","type":"page","link":"https:\/\/211md.org\/es\/resources\/legal-services\/","title":{"rendered":"Servicios Legales"},"content":{"rendered":"<img decoding=\"async\" src=\"http:\/\/211md.org\/wp-content\/uploads\/2024\/12\/Legal-handshake.jpg\" alt=\"Apret\u00f3n de manos legal\" itemprop=\"image\" title=\"Apret\u00f3n de manos legal\" onerror=\"this.style.display='none'\" loading=\"lazy\" \/>\n\t<p>\u00bfTienes un problema legal? Si bien puede parecer abrumador, hay recursos y ayuda legal gratuitos y de bajo costo disponibles para los habitantes de Maryland.<\/p>\n<p>Mid-Shore Pro Bono, que presta servicios en la costa este, informa que el 80% de todas las personas que necesitan ayuda legal con un asunto civil en Maryland no pueden costearla.<\/p>\n<h2>Encontrar apoyo legal<\/h2>\n<p>El 211 puede conectarlo con ayuda legal gratuita o de bajo costo de agencias como Mid-Shore Pro Bono y otras.<\/p>\n<p>Llame al 2-1-1. Para un caso legal espec\u00edfico, tambi\u00e9n puede buscar estos recursos en la base de datos 211:<\/p>\n<ul>\n<li><a href=\"https:\/\/search.211md.org\/search?query=FT-1020&amp;query_type=taxonomy&amp;query_label=&amp;query_language=en\" target=\"_blank\" rel=\"noopener\">Asistencia con certificados\/formularios<\/a><\/li>\n<li><a href=\"https:\/\/search.211md.org\/search?query=FT-3000.1600&amp;query_type=taxonomy&amp;query_label=&amp;query_language=en\" target=\"_blank\" rel=\"noopener\">Asistencia\/cumplimiento de la manutenci\u00f3n infantil<\/a><\/li>\n<li><a href=\"https:\/\/search.211md.org\/search?query=FT-3600&amp;query_type=taxonomy&amp;query_label=&amp;query_language=en\" target=\"_blank\" rel=\"noopener\">Servicios Legales de Inmigraci\u00f3n\/Naturalizaci\u00f3n<\/a><\/li>\n<li><a href=\"https:\/\/search.211md.org\/search?query=FT-3000.1640&amp;query_type=taxonomy&amp;query_label=&amp;query_language=en\" target=\"_blank\" rel=\"noopener\">Servicios de derecho familiar<\/a><\/li>\n<li><a href=\"https:\/\/search.211md.org\/search?query=FT-3200&amp;query_type=taxonomy&amp;query_label=&amp;query_language=en\" target=\"_blank\" rel=\"noopener\">Asistencia jur\u00eddica general<\/a><\/li>\n<li><a href=\"https:\/\/search.211md.org\/search?query=FT-4500&amp;query_type=taxonomy&amp;query_label=&amp;query_language=en\" target=\"_blank\" rel=\"noopener\">Asistencia para propietarios\/inquilinos<\/a><\/li>\n<\/ul>\n<p><a href=\"https:\/\/peoples-law.org\/directory\" target=\"_blank\" rel=\"noopener\">La Biblioteca de Derecho Popular de Maryland<\/a> Tambi\u00e9n tiene una lista de servicios legales gratuitos o de bajo costo que puede ordenar por palabra clave, condado y categor\u00eda.<\/p>\n<p>Hay ayuda legal disponible de grupos Pro Bono, servicios de mediaci\u00f3n comunitaria, ayuda al consumidor del Procurador General y ayuda gratuita del Centro de Ayuda de la Corte de Maryland.<\/p>\n\t<h2>Ayuda legal gratuita (Pro Bono)<\/h2>\n<p>La ayuda legal pro bono significa que el abogado brinda el servicio sin cargo. En la mayor\u00eda de los casos, la ayuda legal gratuita cubre \u00fanicamente casos civiles. Si bien algunos de los grupos legales voluntarios brindan servicios a los residentes de Maryland en todo el estado, existen algunas limitaciones geogr\u00e1ficas en algunos casos.<\/p>\n<ul>\n<li><strong>Servicio de Abogados Voluntarios de Maryland (MVLS)<\/strong><br \/>\nBrinda asistencia pro bono en ciertos condados del estado. A los residentes de Maryland se les asigna un abogado voluntario, un contador p\u00fablico certificado (CPA) o un agente registrado.<\/li>\n<li><strong>Asistencia Legal de Maryland<\/strong><br \/>\nAyudan a m\u00e1s de 105.000 personas cada a\u00f1o con cl\u00ednicas y consultorios gratuitos en muchos condados de Maryland.<\/li>\n<li><strong>Mid-Shore Pro Bono<\/strong><br \/>\nProporciona ayuda legal en la Costa Este a trav\u00e9s de una red de abogados voluntarios.<\/li>\n<\/ul>\n<p>Si necesita ayuda para encontrar un grupo pro bono en su condado, llame al 211 para conectarse y obtener ayuda. Puede obtener m\u00e1s informaci\u00f3n sobre cada grupo en las secciones detalladas a continuaci\u00f3n.<\/p>\n<h3>Servicio de Abogados Voluntarios de Maryland (MVLS)<\/h3>\n<p>Sobre el &quot;<a href=\"\/es\/podcast\/podcast-episode-6-mvls\/\" rel=\"noopener\">\u00bfQu\u00e9 es el podcast de 211\u2033?<\/a>, MVLS habl\u00f3 sobre las formas en que ayudan y c\u00f3mo tener un abogado que lo represente puede cambiar el resultado de un caso.<\/p>\n<p>Con una red de m\u00e1s de 2,600 abogados voluntarios, MVLS cuenta con expertos que pueden ayudar en los siguientes asuntos civiles, tales como:<\/p>\n<ul>\n<li aria-level=\"1\">Disputas de derecho de familia<\/li>\n<li aria-level=\"1\">Casos de vivienda y consumo<\/li>\n<li aria-level=\"1\">Planificaci\u00f3n y administraci\u00f3n patrimonial<\/li>\n<li aria-level=\"1\">Alivio de antecedentes penales<\/li>\n<li aria-level=\"1\">Cuestiones de impuestos sobre la renta<\/li>\n<\/ul>\n<p>Ver un\u00a0<a href=\"https:\/\/mvlslaw.org\/program-descriptions\/\" target=\"_blank\" rel=\"noopener\">lista completa de casos que MVLS acepta<\/a><strong>.\u00a0<\/strong><\/p>\n<p>MVLS brinda representaci\u00f3n completa para que el abogado est\u00e9 con usted durante la duraci\u00f3n de su caso judicial.<\/p>\n<h4>C\u00f3mo obtener ayuda de MVLS Pro Bono<\/h4>\n<p>La ayuda legal de MVLS Pro Bono est\u00e1 disponible para los residentes de Maryland que cumplan con las pautas geogr\u00e1ficas, de tipo de caso y de ingresos.<\/p>\n<p>MVLS acepta a cualquier persona con un ingreso familiar bruto que no supere el 50% del ingreso medio de Maryland. Las pautas de ingresos pueden variar.\u00a0<a href=\"https:\/\/mvlslaw.org\/get-legal-help\/do-i-qualify\/\" target=\"_blank\" rel=\"noopener\">Mira si calificas<\/a>.<\/p>\n<p>La organizaci\u00f3n sin fines de lucro no presta servicios en los condados de Montgomery, Prince George, Allegany, Queen Anne, Talbot, Dorchester, Kent y Caroline. Existen otras agencias pro bono en estas \u00e1reas con las que el 211 puede conectarle, incluyendo Mid-Shore Pro Bono.<\/p>\n<p>Usted puede\u00a0<a href=\"https:\/\/mdoi.legalserver.org\/modules\/matter\/extern_intake.php?pid=126&amp;h=305b29\" target=\"_blank\" rel=\"noopener\">iniciar una aplicaci\u00f3n en l\u00ednea<\/a>. Deber\u00e1 proporcionar informaci\u00f3n sobre los ingresos de todos los miembros del hogar, el valor de su casa (si corresponde), el valor del autom\u00f3vil (si corresponde) y la cantidad de dinero en sus cuentas corrientes, de ahorro o de inversi\u00f3n.<\/p>\n<p>Tambi\u00e9n puede llamar directamente a MVLS al 1-800-510-0050 o al 410-547-6537 en Baltimore.<\/p>\n\t\t\t\t<img decoding=\"async\" src=\"http:\/\/211md.org\/wp-content\/uploads\/2025\/06\/Lawyer-providing-advice-at-courthouse.jpg\" alt=\"Abogado que brinda asesoramiento en el juzgado\" itemprop=\"image\" title=\"Abogado que brinda asesoramiento en el juzgado\" onerror=\"this.style.display='none'\" loading=\"lazy\" \/>\n<h3>Asistencia Legal de Maryland (MLA)<\/h3>\n<p>MLA tambi\u00e9n ofrece ayuda en todo el estado a personas y comunidades marginadas y de bajos ingresos. La organizaci\u00f3n trabaja con el personal de MLA y abogados Pro Bono para representar a los clientes.<\/p>\n<p>Legal Aid puede ofrecer representaci\u00f3n legal gratuita para los siguientes\u00a0<a href=\"https:\/\/www.mdlab.org\/get-help-services\/\" target=\"_blank\" rel=\"noopener\">casos legales civiles<\/a>:<\/p>\n<ul>\n<li aria-level=\"1\">Alojamiento<\/li>\n<li aria-level=\"1\">Consumidor\/cuestiones financieras<\/li>\n<li aria-level=\"1\">Ley familiar<\/li>\n<li aria-level=\"1\">Empleo<\/li>\n<li aria-level=\"1\">Cuidado de la salud<\/li>\n<li aria-level=\"1\">Beneficios p\u00fablicos<\/li>\n<\/ul>\nAdem\u00e1s, algunas oficinas tienen contratos especiales para ayudar en estos casos:\n<ul>\n<li aria-level=\"1\">Ni\u00f1os maltratados y abandonados<\/li>\n<li aria-level=\"1\">Clientes que enfrentan problemas legales como resultado de un diagn\u00f3stico de VIH\/SIDA<\/li>\n<li aria-level=\"1\">trabajadores agr\u00edcolas migrantes<\/li>\n<li aria-level=\"1\">Propietarios en peligro de perder su casa por ejecuci\u00f3n hipotecaria<\/li>\n<\/ul>\n<p>Maryland Legal Aid tiene programas en curso <a href=\"https:\/\/www.mdlab.org\/free-legal-clinics\/\" target=\"_blank\" rel=\"noopener\">cl\u00ednicas legales gratuitas<\/a> y oficinas en los condados a los que prestan servicios: Anne Arundel, Howard, Allegany, Garrett, Baltimore City, Baltimore County, Cecil, Hartford, Howard County, Lower Eastern Shore, Midwestern Maryland, Montgomery County, Prince George&#039;s, Southern Maryland y Upper Eastern Shore.<\/p>\n<p>MLA sigue las pautas federales de ingresos de pobreza.\u00a0<a href=\"https:\/\/mdlaboi.legalserver.org\/modules\/matter\/extern_intake.php?pid=129&amp;h=daa817&amp;\" target=\"_blank\" rel=\"noopener\">Aplica online<\/a>.<\/p>\n\t<h3>Mid-Shore Pro Bono<\/h3>\n<p>En la costa este, puede obtener ayuda con una serie de casos como ejecuci\u00f3n hipotecaria, reclamos menores, testamentos, poder notarial, disputas entre propietarios e inquilinos, bancarrota, disputas contractuales, deuda del consumidor y m\u00e1s a trav\u00e9s de <a href=\"https:\/\/midshoreprobono.org\/\" target=\"_blank\" rel=\"noopener\">Mid-Shore Pro Bono<\/a>.<\/p>\n<p>No aceptan casos que involucren violencia dom\u00e9stica, manutenci\u00f3n infantil, casos penales, casos de tr\u00e1nsito, \u00f3rdenes de protecci\u00f3n\/\u00f3rdenes de paz y apelaciones.<\/p>\n<p>Prestan servicio en los condados de Cecil, Kent, Queen Anne&#039;s, Talbot, Caroline, Dorchester, Worcester, Somerset y Wicomico.<\/p>\n<p><a href=\"https:\/\/www.legal-trak.com\/CaseManagement\/OnlineInTake\/OnlineInTake\/2?skipPayment=true\" target=\"_blank\" rel=\"noopener\">Comience con Mid-Shore Pro Bono<\/a>.<\/p>\n\t<h2>Protegiendo a los ni\u00f1os maltratados<\/h2>\n<p>Si un ni\u00f1o ha sido abusado o ha sufrido violencia dom\u00e9stica, Child Justice puede ofrecer ayuda al ni\u00f1o y a su padre protector no agresor.<\/p>\n<p><a href=\"https:\/\/child-justice.org\/\" target=\"_blank\" rel=\"noopener\">Justicia infantil<\/a> Ayuda en casos documentados de abuso infantil, negligencia o cuando un ni\u00f1o est\u00e1 expuesto a violencia interpersonal. Ofrecen servicios de informaci\u00f3n y derivaci\u00f3n, asesoramiento breve, consultas, asistencia t\u00e9cnica a abogados, colocaci\u00f3n o representaci\u00f3n pro bono en \u00f3rdenes de protecci\u00f3n, derecho de familia y otros casos relacionados.<\/p>\n<p>Usted puede <a href=\"https:\/\/child-justice.org\/work\/request-help\/\" target=\"_blank\" rel=\"noopener\">completar su formulario de admisi\u00f3n<\/a> Para que se eval\u00fae un caso. Debido a la capacidad limitada, no pueden aceptar todos los casos que lo ameritan.<\/p>\n\t\t\t\t<img decoding=\"async\" src=\"http:\/\/211md.org\/wp-content\/uploads\/2025\/06\/Loving-mom-hugging-son.jpg\" alt=\"Mam\u00e1 amorosa abrazando a su hijo\" itemprop=\"image\" title=\"Mam\u00e1 amorosa abrazando a su hijo\" onerror=\"this.style.display='none'\" loading=\"lazy\" \/>\n<h2><b>Centro de ayuda de la corte de Maryland<\/b><\/h2>\n<p>Si se representa a s\u00ed mismo en un tribunal de distrito o de familia, obtenga respuestas a preguntas y recursos del <a href=\"https:\/\/mdcourts.gov\/helpcenter\/\" target=\"_blank\" rel=\"noopener\">Centros de ayuda judicial<\/a>. Brindan servicios legales gratuitos limitados para personas que no est\u00e1n representadas por un abogado. No obtendr\u00e1 representaci\u00f3n judicial.<\/p>\n<p>Puede obtener ayuda con la expurgaci\u00f3n, <a href=\"https:\/\/211md.org\/es\/recursos\/servicios-legales\/derechos-de-los-inquilinos\/\">problemas de propietario\/inquilino<\/a>, reclamos peque\u00f1os y grandes, problemas de consumidores como cobro de deudas o recuperaci\u00f3n de autom\u00f3viles, devoluci\u00f3n de propiedad y violencia dom\u00e9stica\/\u00f3rdenes de paz.<\/p>\n<p>Encontrar un\u00a0<a href=\"https:\/\/mdcourts.gov\/html\/selfhelpcenters\/map.html\" target=\"_blank\" rel=\"noopener\">Centro de Ayuda de la Corte<\/a>\u00a0cerca de usted o llame al 410-260-1392.<\/p>\n<h3>Recursos Legales<\/h3>\n<p>Tambi\u00e9n puede obtener ayuda legal del\u00a0<a href=\"https:\/\/probonomd.org\/for-legal-help\/\" target=\"_blank\" rel=\"noopener\">Centro de Recursos Pro Bono de Maryland<\/a>. Una vez m\u00e1s, no se proporcionar\u00e1n abogados para los casos. Sin embargo, puede asistir a una cl\u00ednica para obtener ayuda sobre un tema espec\u00edfico.<\/p>\n<p>\u00c9l<a href=\"https:\/\/peoples-law.org\/\" target=\"_blank\" rel=\"noopener\">\u00a0Biblioteca de Derecho Popular de Maryland\u00a0<\/a>tambi\u00e9n tiene informaci\u00f3n gratuita para ayudarlo a lidiar con docenas de problemas legales que van desde la protecci\u00f3n del consumidor, empleo, derecho familiar, derechos civiles, inmigraci\u00f3n, vivienda y m\u00e1s.<\/p>\n<p>&nbsp;<\/p>\n<h2>Disputas del Consumidor<\/h2>\n<p>\u00bfTiene una queja sobre un negocio de organizaci\u00f3n? Puede<a href=\"https:\/\/www.marylandattorneygeneral.gov\/pages\/cpd\/complaint.aspx\" target=\"_blank\" rel=\"noopener\"> presentar una queja ante la Divisi\u00f3n de Protecci\u00f3n al Consumidor del Fiscal General de Maryland<\/a> para tratar de mediar en la denuncia.<\/p>\n<p>El estado de Maryland tambi\u00e9n tiene una gu\u00eda de recursos para el cobro de deudas para personas que han sido demandadas en el Tribunal de Distrito de Maryland por una deuda de consumo de menos de $5,000. <a href=\"https:\/\/debtcollectionmaryland.org\/\" target=\"_blank\" rel=\"noopener\">Con\u00e9ctese a los recursos<\/a>.<\/p>\n<p>&nbsp;<\/p>\n\t<h2>Servicios de mediaci\u00f3n<\/h2>\n<p>Si tiene una disputa con alguien o una empresa, es posible que el sistema judicial no sea su \u00fanico problema. Es posible que pueda mediar en la situaci\u00f3n y evitar los tribunales y un posible juicio.<\/p>\n<p>La mediaci\u00f3n es una forma de proceso alternativo de resoluci\u00f3n de disputas, que utiliza mediadores externos capacitados para intentar llegar a un acuerdo. En la mayor\u00eda de los casos, no se puede utilizar lo que se discute en la mediaci\u00f3n en el tribunal, aunque existen algunas excepciones. Sin embargo, la mediaci\u00f3n no le impide acudir a los tribunales si no puede llegar a una resoluci\u00f3n.<\/p>\n<p>Los tribunales de Maryland tienen un <a href=\"https:\/\/www.mdcourts.gov\/legalhelp\/mediationadr\" target=\"_blank\" rel=\"noopener\">serie de videos que detallan c\u00f3mo funciona la mediaci\u00f3n<\/a>.<\/p>\n<p>Puedes usar un <a href=\"https:\/\/www.mdcourts.gov\/sites\/default\/files\/import\/macro\/pdfs\/mdcommunitymediationcenters.pdf\" target=\"_blank\" rel=\"noopener\">mediador comunitario en su condado<\/a>, a <a href=\"https:\/\/www.mdcourts.gov\/macro\/mediatordirectory\" target=\"_blank\" rel=\"noopener\">mediador en practica privada<\/a>, y la mayor\u00eda de los tribunales de circuito de Maryland tambi\u00e9n tienen una lista de mediadores aprobados para casos en los que se puede mediar.<\/p>\n\t\t\t\t<img decoding=\"async\" src=\"http:\/\/211md.org\/wp-content\/uploads\/2025\/06\/Mediation-services.jpg\" alt=\"Servicios de mediaci\u00f3n\" itemprop=\"image\" title=\"Servicios de mediaci\u00f3n\" onerror=\"this.style.display='none'\" loading=\"lazy\" \/>\n<h2>Informaci\u00f3n relacionada<\/h2>\n<p><a title=\"Ser propietario\" href=\"https:\/\/211md.org\/es\/recursos\/servicios-legales\/ser-un-propietario\/\">Ser propietario<\/a><\/p>\n<p><a title=\"Manutenci\u00f3n de los hijos\" href=\"https:\/\/211md.org\/es\/recursos\/servicios-legales\/manutencion-de-los-hijos\/\">Manutenci\u00f3n de los hijos<\/a><\/p>\n<p><a href=\"https:\/\/211md.org\/es\/recursos\/servicios-legales\/derechos-de-los-inquilinos\/\">Disputas entre propietarios<\/a><\/p>\n\t<h2>explorar programas de asistencia<\/h2>\n<p>Obtenga informaci\u00f3n sobre los programas de beneficios y c\u00f3mo conectarse con el apoyo.<\/p>\n\t\t<h3><a href=\"\/es\/recursos\/alimento\/\" target=\"_self\">Alimento<\/a><\/h3><p>Comida gratis cerca de m\u00ed, despensas, SNAP, WIC, ahorros en comestibles<\/p>\n<a href=\"\/es\/recursos\/alimento\/\"  target=\"_self\">Aprende m\u00e1s<\/a>\t\n\t\t\t\t<a href=\"\/es\/recursos\/alimento\/\"  target=\"_self\" itemprop=\"url\">\n\t\t\t\t<img decoding=\"async\" src=\"https:\/\/211md.org\/wp-content\/uploads\/bb-plugin\/cache\/2025_MdInfoNet_Icon-Sets-white_food-square-dfa1c607bcdb6b34735ae61e84e21386-.png\" alt=\"2025_MdInfoNet_Conjuntos de iconos-comida blanca\" itemprop=\"image\" title=\"2025_MdInfoNet_Conjuntos de iconos-comida blanca\" onerror=\"this.style.display='none'\" loading=\"lazy\" \/>\n\t\t\t\t<\/a>\n\t\t<h3><a href=\"\/es\/recursos\/asistencia-de-servicios-publicos\/\" target=\"_self\">Utilidades<\/a><\/h3><p>Programas de asistencia para facturas de electricidad, gas y agua<\/p>\n<a href=\"\/es\/recursos\/asistencia-de-servicios-publicos\/\"  target=\"_self\">Aprende m\u00e1s<\/a>\t\n\t\t\t\t<a href=\"\/es\/recursos\/asistencia-de-servicios-publicos\/\"  target=\"_self\" itemprop=\"url\">\n\t\t\t\t<img decoding=\"async\" src=\"https:\/\/211md.org\/wp-content\/uploads\/bb-plugin\/cache\/2025_MdInfoNet_Icon-Sets-white_Utilities-square-485aa1950491235898117da61fd0a70a-.png\" alt=\"2025_MdInfoNet_Conjuntos de iconos-blanco_Utilidades\" itemprop=\"image\" title=\"2025_MdInfoNet_Conjuntos de iconos-blanco_Utilidades\" onerror=\"this.style.display='none'\" loading=\"lazy\" \/>\n\t\t\t\t<\/a>\n\t\t\t\t<a href=\"\/es\/recursos\/vivienda-refugio\/\"  target=\"_self\" itemprop=\"url\">\n\t\t\t\t<img decoding=\"async\" src=\"https:\/\/211md.org\/wp-content\/uploads\/bb-plugin\/cache\/2025_MdInfoNet_Icon-Sets-white_Housing-square-5b4ab26c33cdf5bd88fd6164be4cc0b8-.png\" alt=\"2025_MdInfoNet_Conjuntos de iconos-Vivienda blanca\" itemprop=\"image\" title=\"2025_MdInfoNet_Conjuntos de iconos-Vivienda blanca\" onerror=\"this.style.display='none'\" loading=\"lazy\" \/>\n\t\t\t\t<\/a>\n\t\t<h3><a href=\"\/es\/recursos\/vivienda-refugio\/\" target=\"_self\">Alojamiento<\/a><\/h3><p>Pagos de alquiler, prevenci\u00f3n de desalojos, refugios para personas sin hogar<\/p>\n<a href=\"\/es\/recursos\/vivienda-refugio\/\"  target=\"_self\">Aprende m\u00e1s<\/a>\t\n\t\t\t\t<a href=\"\/es\/recursos\/nuevo-en-los-estados-unidos-y-maryland\/\"  target=\"_self\" itemprop=\"url\">\n\t\t\t\t<img decoding=\"async\" src=\"https:\/\/211md.org\/wp-content\/uploads\/bb-plugin\/cache\/2025_MdInfoNet_Icon-Sets-white_Immigration-square-71ef90812193ac6d0e3edc3e61891f7f-.png\" alt=\"2025_MdInfoNet_Conjuntos de iconos-blanco_Inmigraci\u00f3n\" itemprop=\"image\" title=\"2025_MdInfoNet_Conjuntos de iconos-blanco_Inmigraci\u00f3n\" onerror=\"this.style.display='none'\" loading=\"lazy\" \/>\n\t\t\t\t<\/a>\n\t\t<h3><a href=\"\/es\/recursos\/nuevo-en-los-estados-unidos-y-maryland\/\" target=\"_self\">Inmigraci\u00f3n<\/a><\/h3><p>Ayuda de inmigraci\u00f3n para nuevos estadounidenses y refugiados<\/p>\n<a href=\"\/es\/recursos\/nuevo-en-los-estados-unidos-y-maryland\/\"  target=\"_self\">Aprende m\u00e1s<\/a>\t\n\t\t<h4><a href=\"\/es\/recursos\/envejecimiento-discapacidad\/\" target=\"_self\">Envejecimiento y discapacidad<\/a><\/h4>\n\t\t\t\t<a href=\"\/es\/recursos\/envejecimiento-discapacidad\/\"  target=\"_self\" itemprop=\"url\">\n\t\t\t\t<img decoding=\"async\" src=\"https:\/\/211md.org\/wp-content\/uploads\/bb-plugin\/cache\/2025_MdInfoNet_Icon-Sets_Aging-disability-square-c466727102cae71e5f27b8539bb51945-.png\" alt=\"2025_MdInfoNet_Conjuntos de iconos_Envejecimiento-discapacidad\" itemprop=\"image\" title=\"2025_MdInfoNet_Conjuntos de iconos_Envejecimiento-discapacidad\" onerror=\"this.style.display='none'\" loading=\"lazy\" \/>\n\t\t\t\t<\/a>\n\t\t<h4><a href=\"https:\/\/211md.org\/es\/recursos\/ninos-familias\/\" target=\"_blank\" rel=\"noopener\">Ni\u00f1os y familias<\/a><\/h4>\n\t\t\t\t<a href=\"https:\/\/211md.org\/es\/recursos\/ninos-familias\/\" target=\"_blank\" rel=\"noopener\" itemprop=\"url\">\n\t\t\t\t<img decoding=\"async\" src=\"https:\/\/211md.org\/wp-content\/uploads\/bb-plugin\/cache\/2025_MdInfoNet_Icon-Sets_Child-Care-square-a9a0002f8a1c05e3f89f8b914f61699f-.png\" alt=\"\" itemprop=\"image\" onerror=\"this.style.display='none'\" loading=\"lazy\" \/>\n\t\t\t\t<\/a>\n\t\t<h4><a href=\"\/es\/recursos\/violencia-domestica-familiar\/\" target=\"_self\">Violencia dom\u00e9stica<\/a><\/h4>\n\t\t\t\t<a href=\"\/es\/recursos\/violencia-domestica-familiar\/\"  target=\"_self\" itemprop=\"url\">\n\t\t\t\t<img decoding=\"async\" src=\"https:\/\/211md.org\/wp-content\/uploads\/bb-plugin\/cache\/2025_MdInfoNet_Icon-Sets_Protection-square-ed94a34c5cb05f036201f3e0966332c1-.png\" alt=\"2025_MdInfoNet_Conjuntos de iconos_Protecci\u00f3n\" itemprop=\"image\" title=\"2025_MdInfoNet_Conjuntos de iconos_Protecci\u00f3n\" onerror=\"this.style.display='none'\" loading=\"lazy\" \/>\n\t\t\t\t<\/a>\n\t\t<h4><a href=\"\/es\/recursos\/busqueda-de-empleo\/\" target=\"_self\">Empleo<\/a><\/h4>\n\t\t\t\t<a href=\"\/es\/recursos\/busqueda-de-empleo\/\"  target=\"_self\" itemprop=\"url\">\n\t\t\t\t<img decoding=\"async\" src=\"https:\/\/211md.org\/wp-content\/uploads\/bb-plugin\/cache\/2025_MdInfoNet_Icon-Sets_Employment-square-44707bd410e4df10a470bf130ebcea86-.png\" alt=\"2025_MdInfoNet_Conjuntos de iconos_Empleo\" itemprop=\"image\" title=\"2025_MdInfoNet_Conjuntos de iconos_Empleo\" onerror=\"this.style.display='none'\" loading=\"lazy\" \/>\n\t\t\t\t<\/a>\n\t\t<h4><a href=\"\/es\/recursos\/cuidado-de-la-salud\/\" target=\"_self\">Cuidado de la salud<\/a><\/h4>\n\t\t\t\t<a href=\"\/es\/recursos\/cuidado-de-la-salud\/\"  target=\"_self\" itemprop=\"url\">\n\t\t\t\t<img decoding=\"async\" src=\"https:\/\/211md.org\/wp-content\/uploads\/bb-plugin\/cache\/2025_MdInfoNet_Icon-Sets_Health-Care-square-dee98a0060cbe0e7f27eda253fc12679-.png\" alt=\"2025_MdInfoNet_Conjuntos de iconos_Atenci\u00f3n m\u00e9dica\" itemprop=\"image\" title=\"2025_MdInfoNet_Conjuntos de iconos_Atenci\u00f3n m\u00e9dica\" onerror=\"this.style.display='none'\" loading=\"lazy\" \/>\n\t\t\t\t<\/a>\n\t\t<h4><a href=\"\/es\/recursos\/ninos-familias\/parentesco\/\" target=\"_self\">Parentesco<\/a><\/h4>\n\t\t\t\t<a href=\"\/es\/recursos\/ninos-familias\/parentesco\/\"  target=\"_self\" itemprop=\"url\">\n\t\t\t\t<img decoding=\"async\" src=\"https:\/\/211md.org\/wp-content\/uploads\/bb-plugin\/cache\/2025_MdInfoNet_Icon-Sets_Community-square-4956d72cf95aef42b6ee5fc6feb149ef-.png\" alt=\"2025_MdInfoNet_Conjuntos de iconos_Comunidad\" itemprop=\"image\" title=\"2025_MdInfoNet_Conjuntos de iconos_Comunidad\" onerror=\"this.style.display='none'\" loading=\"lazy\" \/>\n\t\t\t\t<\/a>\n\t\t<h4><a href=\"\/es\/recursos\/servicios-legales\/\" target=\"_self\">Servicios Legales<\/a><\/h4>\n\t\t\t\t<a href=\"\/es\/recursos\/servicios-legales\/\"  target=\"_self\" itemprop=\"url\">\n\t\t\t\t<img decoding=\"async\" src=\"https:\/\/211md.org\/wp-content\/uploads\/bb-plugin\/cache\/2025_MdInfoNet_Icon-Sets_Legal-square-18fdf438feb8435588174d9046463257-.png\" alt=\"2025_MdInfoNet_Conjuntos de iconos_Legal\" itemprop=\"image\" title=\"2025_MdInfoNet_Conjuntos de iconos_Legal\" onerror=\"this.style.display='none'\" loading=\"lazy\" \/>\n\t\t\t\t<\/a>\n\t\t<h4><a href=\"\/es\/recursos\/salud-mental\/\" target=\"_self\">Salud mental<\/a><\/h4>\n\t\t\t\t<a href=\"\/es\/recursos\/salud-mental\/\"  target=\"_self\" itemprop=\"url\">\n\t\t\t\t<img decoding=\"async\" src=\"https:\/\/211md.org\/wp-content\/uploads\/bb-plugin\/cache\/2025_MdInfoNet_Icon-Sets_Mental-Health-square-c59b38c4a993a947d4c9280fbe2d2fee-.png\" alt=\"2025_MdInfoNet_Conjuntos de iconos_Salud mental\" itemprop=\"image\" title=\"2025_MdInfoNet_Conjuntos de iconos_Salud mental\" onerror=\"this.style.display='none'\" loading=\"lazy\" \/>\n\t\t\t\t<\/a>\n\t\t<h4><a href=\"\/es\/recursos\/mdreentry\/\" target=\"_self\">Reentrada<\/a><\/h4>\n\t\t\t\t<a href=\"\/es\/recursos\/mdreentry\/\"  target=\"_self\" itemprop=\"url\">\n\t\t\t\t<img decoding=\"async\" src=\"https:\/\/211md.org\/wp-content\/uploads\/bb-plugin\/cache\/2025_MdInfoNet_Icon-Sets_Partnership-square-daedf11c7eeda165b0fe97a4a84b80e0-.png\" alt=\"2025_MdInfoNet_Conjuntos de iconos_Asociaci\u00f3n\" itemprop=\"image\" title=\"2025_MdInfoNet_Conjuntos de iconos_Asociaci\u00f3n\" onerror=\"this.style.display='none'\" loading=\"lazy\" \/>\n\t\t\t\t<\/a>\n\t\t<h4><a href=\"\/es\/recursos\/consumo-de-sustancias\/\" target=\"_self\">Uso de sustancias<\/a><\/h4>\n\t\t\t\t<a href=\"\/es\/recursos\/consumo-de-sustancias\/\"  target=\"_self\" itemprop=\"url\">\n\t\t\t\t<img decoding=\"async\" src=\"https:\/\/211md.org\/wp-content\/uploads\/bb-plugin\/cache\/2025_MdInfoNet_Icon-Sets_Substance-Abuse-square-9022fec9d18a64118ad685c101885b55-.png\" alt=\"2025_MdInfoNet_Conjuntos de iconos_Abuso de sustancias\" itemprop=\"image\" title=\"2025_MdInfoNet_Conjuntos de iconos_Abuso de sustancias\" onerror=\"this.style.display='none'\" loading=\"lazy\" \/>\n\t\t\t\t<\/a>\n\t\t<h4><a href=\"\/es\/recursos\/veteranos\/\" target=\"_self\">veteranos<\/a><\/h4>\n\t\t\t\t<a href=\"\/es\/recursos\/veteranos\/\"  target=\"_self\" itemprop=\"url\">\n\t\t\t\t<img decoding=\"async\" src=\"https:\/\/211md.org\/wp-content\/uploads\/bb-plugin\/cache\/2025_MdInfoNet_Icon-Sets_Rating-square-6e60d00cce4faa8e0a6d4ad7366aa733-.png\" alt=\"2025_MdInfoNet_Conjuntos de iconos_Calificaci\u00f3n\" itemprop=\"image\" title=\"2025_MdInfoNet_Conjuntos de iconos_Calificaci\u00f3n\" onerror=\"this.style.display='none'\" loading=\"lazy\" \/>\n\t\t\t\t<\/a>","protected":false},"excerpt":{"rendered":"<p>\u00bfTiene un problema legal? Aunque pueda parecer abrumador, hay ayuda legal y recursos gratuitos y de bajo costo disponibles para los residentes de Maryland. Mid-Shore Pro Bono, que presta servicios en la Costa Este, informa que el 80% de todas las personas que necesitan ayuda legal con un asunto civil en Maryland no pueden costearla. Encontrar apoyo legal 211\u2026<\/p>","protected":false},"author":8,"featured_media":1905,"parent":930,"menu_order":0,"comment_status":"closed","ping_status":"closed","template":"","meta":{"footnotes":""},"class_list":["post-928","page","type-page","status-publish","has-post-thumbnail","hentry"],"_links":{"self":[{"href":"https:\/\/211md.org\/es\/wp-json\/wp\/v2\/pages\/928","targetHints":{"allow":["GET"]}}],"collection":[{"href":"https:\/\/211md.org\/es\/wp-json\/wp\/v2\/pages"}],"about":[{"href":"https:\/\/211md.org\/es\/wp-json\/wp\/v2\/types\/page"}],"author":[{"embeddable":true,"href":"https:\/\/211md.org\/es\/wp-json\/wp\/v2\/users\/8"}],"replies":[{"embeddable":true,"href":"https:\/\/211md.org\/es\/wp-json\/wp\/v2\/comments?post=928"}],"version-history":[{"count":3,"href":"https:\/\/211md.org\/es\/wp-json\/wp\/v2\/pages\/928\/revisions"}],"predecessor-version":[{"id":33658,"href":"https:\/\/211md.org\/es\/wp-json\/wp\/v2\/pages\/928\/revisions\/33658"}],"up":[{"embeddable":true,"href":"https:\/\/211md.org\/es\/wp-json\/wp\/v2\/pages\/930"}],"wp:featuredmedia":[{"embeddable":true,"href":"https:\/\/211md.org\/es\/wp-json\/wp\/v2\/media\/1905"}],"wp:attachment":[{"href":"https:\/\/211md.org\/es\/wp-json\/wp\/v2\/media?parent=928"}],"curies":[{"name":"Gracias","href":"https:\/\/api.w.org\/{rel}","templated":true}]}}