{"id":958,"date":"2021-04-15T19:32:27","date_gmt":"2021-04-15T19:32:27","guid":{"rendered":"https:\/\/211md.org\/?page_id=958"},"modified":"2026-03-04T10:43:10","modified_gmt":"2026-03-04T15:43:10","slug":"veteranos","status":"publish","type":"page","link":"https:\/\/211md.org\/es\/resources\/veterans\/","title":{"rendered":"veteranos"},"content":{"rendered":"<figure data-animation-delay=\"0\" data-animation-duration=\"1\" itemscope itemtype=\"https:\/\/schema.org\/ImageObject\">\n\t\t\t\t<img decoding=\"async\" src=\"https:\/\/stg-maryland211-staging.kinsta.cloud\/wp-content\/uploads\/2025\/08\/5-1-scaled.png\" alt=\"5\" height=\"692\" width=\"2560\" title=\"5\" onerror=\"this.style.display='none'\" loading=\"lazy\" \/>\n\t<\/figure>\n\t\t<p>Hay muchos beneficios para los cuales los veteranos, miembros del servicio y sus familias pueden ser elegibles. <\/p>\n<p>Para navegar por el laberinto de recursos, llame al 211 para hablar con un especialista en informaci\u00f3n y referencias o comience con un <a href=\"https:\/\/www.va.gov\/REACH\/\" target=\"_blank\" rel=\"noopener\">autoevaluaci\u00f3n<\/a> del Departamento de Asuntos de Veteranos.<\/p>\n<p>Explore recursos para los desaf\u00edos relacionados con su carrera, educaci\u00f3n, duelo, p\u00e9rdida, depresi\u00f3n, aislamiento, finanzas, relaciones, discapacidad, transiciones de vida y m\u00e1s.<\/p>\n\t\t\t<a href=\"#start\"  target=\"_self\">\n\t\t\t\t\t\tEmpezar\n\t\t\t\t\t<\/a>\n<figure data-animation-delay=\"0\" data-animation-duration=\"1\" itemscope itemtype=\"https:\/\/schema.org\/ImageObject\">\n\t\t\t\t<img decoding=\"async\" src=\"https:\/\/211md.org\/wp-content\/plugins\/bb-plugin\/img\/pixel.png\" alt=\"\" onerror=\"this.style.display='none'\" loading=\"lazy\" \/>\n\t<\/figure>\n<figure data-animation-delay=\"0\" data-animation-duration=\"1.3\" itemscope itemtype=\"https:\/\/schema.org\/ImageObject\">\n\t\t\t\t<img decoding=\"async\" src=\"https:\/\/stg-maryland211-staging.kinsta.cloud\/wp-content\/uploads\/2025\/08\/16.png\" alt=\"16\" height=\"1000\" width=\"1000\" title=\"16\" onerror=\"this.style.display='none'\" loading=\"lazy\" \/>\n\t<\/figure>\n<figure data-animation-delay=\"0\" data-animation-duration=\"1\" itemscope itemtype=\"https:\/\/schema.org\/ImageObject\">\n\t\t\t\t<img decoding=\"async\" src=\"http:\/\/211md.org\/wp-content\/uploads\/2025\/10\/two-older-veterans-helping-each-other-at-park.jpg\" alt=\"Dos veteranos mayores ayud\u00e1ndose mutuamente en el parque\" title=\"Dos veteranos mayores ayud\u00e1ndose mutuamente en el parque\" onerror=\"this.style.display='none'\" loading=\"lazy\" \/>\n\t<\/figure>\n\t<h2>Servicios para veteranos: por d\u00f3nde empezar<\/h2>\n<p>\u00c9l\u00a0<a href=\"https:\/\/veterans.maryland.gov\/\" target=\"_blank\" rel=\"noopener\">Departamento de Asuntos de Veteranos de Maryland<\/a> cuenta con Oficiales de Servicio locales que pueden ayudar a los Veteranos y dependientes elegibles a obtener beneficios. Encuentra un\u00a0<a href=\"https:\/\/veterans.maryland.gov\/maryland-department-of-veterans-affairs-service-benefits-program\/\" target=\"_blank\" rel=\"noopener\">oficina cerca de ti<\/a>.\u00a0<\/p>\n<p>Para hablar con alguien en el Programa de Servicio, llame al 800-446-4926, ext. 6450.\u00a0<\/p>\n<p>En muchos casos, cuando busque informaci\u00f3n sobre los beneficios federales de VA, lo mejor es comunicarse con la Oficina de Beneficios local, que le brindar\u00e1 una evaluaci\u00f3n y asistencia para conectarse con los programas para los que es elegible.\u00a0<a href=\"https:\/\/www.benefits.va.gov\/benefits\/offices.asp\" target=\"_blank\" rel=\"noopener\">Encuentre una oficina local cerca de usted<\/a>\u00a0o llame al 1-800-827-1000.\u00a0<\/p>\n<p>Tambi\u00e9n hay varios recursos en la base de datos 211.\u00a0\u00a0<\/p>\n<ul>\n<li><a href=\"https:\/\/search.211md.org\/search?query=FT-1000.9000&amp;query_type=taxonomy&amp;query_label=\" target=\"_blank\" rel=\"noopener\">Asistencia de beneficios para veteranos<\/a><\/li>\n<li data-leveltext=\"\uf0b7\" data-font=\"Symbol\" data-listid=\"7\" aria-setsize=\"-1\" data-aria-posinset=\"1\" data-aria-level=\"1\"><a href=\"https:\/\/search.211md.org\/search?query=NS-1800.9000&amp;query_type=taxonomy&amp;query_label=\" target=\"_blank\" rel=\"noopener\">Compensaci\u00f3n de veteranos y beneficios de pensi\u00f3n<\/a><\/li>\n<\/ul>\n\t\t<figure itemscope itemtype=\"https:\/\/schema.org\/ImageObject\">\n\t\t\t\t<img decoding=\"async\" src=\"https:\/\/stg-maryland211-staging.kinsta.cloud\/wp-content\/uploads\/2025\/08\/2025_MdInfoNet_Icon-Sets-white_Locate.png\" alt=\"\" onerror=\"this.style.display='none'\" loading=\"lazy\" \/>\n\t<\/figure>\n<h2>Encuentre recursos para veteranos<\/h2><p>Search the 211 Community Resource Database for Veteran-related resources.<\/p>\n\t\t\t<a href=\"https:\/\/search.211md.org\/search?query=FT-1000.9000&#038;query_type=taxonomy&#038;query_label=\" target=\"_blank\" rel=\"noopener\">\n\t\t\t\t\t\t\tayuda con los beneficios para veteranos\n\t\t\t\t\t<\/a>\n\t\t\t<a href=\"https:\/\/search.211md.org\/search?query=NS-1800.9000&#038;query_type=taxonomy&#038;query_label=\" target=\"_blank\" rel=\"noopener\">\n\t\t\t\t\t\t\tcompensaci\u00f3n y beneficios\n\t\t\t\t\t<\/a>\n\t\t\t<a href=\"https:\/\/search.211md.org\/search?query=TM-5100&#038;query_type=taxonomy&#038;query_label=\" target=\"_blank\" rel=\"noopener\">\n\t\t\t\t\t\t\tCentros de apoyo familiar\n\t\t\t\t\t<\/a>\n<figure data-animation-delay=\"0\" data-animation-duration=\"1\" itemscope itemtype=\"https:\/\/schema.org\/ImageObject\">\n\t\t\t\t<img decoding=\"async\" src=\"http:\/\/211md.org\/wp-content\/uploads\/2025\/10\/Veteran-family-supporting-each-other.jpg\" alt=\"Familia de veteranos apoy\u00e1ndose mutuamente\" title=\"Familia de veteranos apoy\u00e1ndose mutuamente\" onerror=\"this.style.display='none'\" loading=\"lazy\" \/>\n\t<\/figure>\n\t<h3><b>Apoyo general<\/b>\u00a0<\/h3>\n<p>Los fondos del Departamento de Defensa\u00a0<a href=\"https:\/\/www.militaryonesource.mil\/\" target=\"_blank\" rel=\"noopener\">OneSource militar<\/a>, que ofrece consultas individualizadas, entrenamiento y asesoramiento no m\u00e9dico para servicios de impuestos, administraci\u00f3n de dinero, crianza y cuidado de ni\u00f1os, ayuda laboral, seminarios web, herramientas de implementaci\u00f3n de reubicaci\u00f3n y m\u00e1s.\u00a0\u00a0<\/p>\n<p>Muchos miembros del personal de Military OneSource tienen experiencia militar (veteranos, c\u00f3nyuges, guardias, reservistas) y todos reciben capacitaci\u00f3n continua sobre asuntos militares y estilo de vida militar.\u00a0<\/p>\n<p>\u00c9l <a href=\"https:\/\/www.redcross.org\/get-help\/military-families\/services-for-veterans.html\" target=\"_blank\" rel=\"noopener\">Cruz Roja Americana<\/a> Tambi\u00e9n apoya a los veteranos, miembros militares y sus familias durante y despu\u00e9s de los despliegues. Ofrecen asistencia financiera, ayuda con reclamos y beneficios para veteranos y brindan comunicaci\u00f3n crucial si hay una situaci\u00f3n de emergencia durante un despliegue.<\/p>\n\t<h2>Consejer\u00eda para veteranos y su familia<\/h2>\n<p>Hay varios <a href=\"https:\/\/211md.org\/es\/recursos\/veteranos\/salud-mental-para-veteranos\/\">programas de salud mental<\/a> para veteranos y sus familias en Maryland.<\/p>\n<p><a href=\"https:\/\/health.maryland.gov\/bha\/veterans\/\" target=\"_blank\" rel=\"noopener\">Compromiso de Maryland con los veteranos<\/a> (MCV) vincula a los miembros del servicio militar de Maryland, los veteranos y sus familias con apoyo para la salud mental y el abuso de sustancias. La organizaci\u00f3n ayuda con diversas necesidades, desde salud conductual hasta vivienda, independientemente del estado de alta o la \u00e9poca de servicio.<\/p>\n<p>La organizaci\u00f3n ofrece servicios de referencia, apoyo de pares, financiaci\u00f3n de crisis, prevenci\u00f3n de suicidios, capacitaci\u00f3n y educaci\u00f3n y controles semanales o quincenales a trav\u00e9s de MCV Operation Roll Call.<\/p>\n<p><a href=\"\/es\/podcast\/podcast-episode-4-veterans\/\" rel=\"noopener\">Leer la transcripci\u00f3n o escuchar<\/a>\u00a0Vaya al podcast &quot;\u00bfQu\u00e9 es el 211?&quot; para obtener m\u00e1s informaci\u00f3n sobre los programas que ofrece el Compromiso con los Veteranos de Maryland.\u00a0<\/p>\n<p>Los coordinadores de recursos regionales trabajan con el Sistema de atenci\u00f3n m\u00e9dica de VA, proveedores comunitarios y organizaciones sin fines de lucro que ofrecen asistencia.\u00a0<\/p>\n<p>Los miembros del servicio, veteranos y familiares pueden comunicarse con MCV llamando al 877-770-4801.\u00a0<\/p>\n<h3>\u00bfEn crisis? Obtenga soporte ahora<\/h3>\n<p>Si usted es un miembro del servicio militar, un veterano o un miembro de su familia y est\u00e1 en crisis o tiene pensamientos suicidas, llame al 988 y presione 1 para hablar con alguien de la L\u00ednea de crisis para veteranos.<\/p>\n<p>T\u00fa tambi\u00e9n puedes <a href=\"http:\/\/veteranscrisisline.net\/Chat\" target=\"_blank\" rel=\"noopener\">chatear en l\u00ednea<\/a> con la L\u00ednea de Crisis para Veteranos.\u00a0<\/p>\n<figure data-animation-delay=\"0\" data-animation-duration=\"1\" itemscope itemtype=\"https:\/\/schema.org\/ImageObject\">\n\t\t\t\t<img decoding=\"async\" src=\"http:\/\/211md.org\/wp-content\/uploads\/2025\/10\/veteran-hugging-a-dog.jpg\" alt=\"veterano abrazando a un perro\" title=\"veterano abrazando a un perro\" onerror=\"this.style.display='none'\" loading=\"lazy\" \/>\n\t<\/figure>\n<h3>guerreros heridos<\/h3>\n<p>De acuerdo con su visi\u00f3n de ayudar a \u201cfomentar la generaci\u00f3n m\u00e1s exitosa y mejor adaptada de miembros del servicio heridos en la historia de nuestra naci\u00f3n\u201d, la\u00a0<a href=\"https:\/\/woundedwarriorproject.org\/\" target=\"_blank\" rel=\"noopener\">Proyecto Guerrero Herido<\/a> Tiene varios programas dise\u00f1ados para apoyar la mente y el cuerpo, as\u00ed como para fomentar el empoderamiento y el compromiso econ\u00f3micos.\u00a0\u00a0<\/p>\n<p>Sus programas se centran en ayudar a los veteranos con lesiones sufridas a partir del 11 de septiembre de 2001. En muchos casos, tambi\u00e9n se anima a participar a los familiares de los guerreros heridos.\u00a0<\/p>\n<p>La oficina local que atiende a Maryland se encuentra en Washington DC y se puede contactar al 202-558-4301.\u00a0<\/p>\n<h2>falta de vivienda<\/h2>\n<p>Si usted es un veterano en riesgo de quedarse sin hogar o ya se encuentra en esa situaci\u00f3n, llame al 211 para encontrar programas locales que puedan ayudarlo con las necesidades inmediatas y <a href=\"https:\/\/211md.org\/es\/recursos\/veteranos\/vivienda-ayuda-para-veteranos\/\">apoyo a la vivienda a largo plazo<\/a>.<\/p>\n<p>Los veteranos tambi\u00e9n pueden obtener apoyo del <a href=\"https:\/\/www.va.gov\/HOMELESS\/NationalCallCenter.asp\" target=\"_blank\" rel=\"noopener\">Centro Nacional de Llamadas para Veteranos sin Hogar<\/a>. Consejeros capacitados est\u00e1n disponibles las 24 horas del d\u00eda, los 7 d\u00edas de la semana, los 365 d\u00edas del a\u00f1o para ofrecer apoyo. Llame al 1-877-4AID-VET (877-424-3838). Proporcionar\u00e1n informaci\u00f3n sobre los programas de VA para personas sin hogar, atenci\u00f3n m\u00e9dica y otros servicios.\u00a0\u00a0<\/p>\n<h2>\n\t\t\tInformaci\u00f3n adicional para veteranos\t<\/h2>\n<figure itemscope itemtype=\"https:\/\/schema.org\/ImageObject\">\n\t\t\t\t<img decoding=\"async\" src=\"https:\/\/211md.org\/wp-content\/plugins\/bb-plugin\/img\/pixel.png\" alt=\"\" onerror=\"this.style.display='none'\" loading=\"lazy\" \/>\n\t<\/figure>\n\t\t<figure itemscope itemtype=\"https:\/\/schema.org\/ImageObject\">\n\t\t\t\t<img decoding=\"async\" src=\"https:\/\/211md.org\/wp-content\/uploads\/bb-plugin\/cache\/Call-center-specialst-circle-4e9ecd7b3425be4576416abc911049bb-.jpg\" alt=\"Especialista en centro de llamadas\" title=\"Especialista en call center\" onerror=\"this.style.display='none'\" loading=\"lazy\" \/>\n\t<\/figure>\n<h2>Marque 211<\/h2><p>Habla con una persona atenta y compasiva las 24 horas, los 7 d\u00edas de la semana. Tambi\u00e9n puede ponerte en contacto con recursos.\u00a0<\/p>\n\t\t\t<a href=\"tel:%20+211\"  target=\"_blank\" rel=\"noopener\">\n\t\t\t\t\t\tMarca 211 (m\u00f3vil)\n\t\t\t\t\t<\/a>\n\t\t<h4><a href=\"\/es\/recursos\/envejecimiento-discapacidad\/?utm_source=Home&#038;utm_medium=Referral&#038;utm_campaign=211Resources&#038;utm_content=Aging\" target=\"_self\">Envejecimiento y discapacidad<\/a><\/h4><figure itemscope itemtype=\"https:\/\/schema.org\/ImageObject\">\n\t\t\t\t<a href=\"\/es\/recursos\/envejecimiento-discapacidad\/?utm_source=Home&#038;utm_medium=Referral&#038;utm_campaign=211Resources&#038;utm_content=Aging\"  target=\"_self\" itemprop=\"url\">\n\t\t\t\t<img decoding=\"async\" src=\"https:\/\/211md.org\/wp-content\/uploads\/bb-plugin\/cache\/2025_MdInfoNet_Icon-Sets_Aging-disability-square-c466727102cae71e5f27b8539bb51945-.png\" alt=\"\" onerror=\"this.style.display='none'\" loading=\"lazy\" \/>\n\t\t\t\t<\/a>\n\t<\/figure>\n\t\t<h4><a href=\"\/es\/recursos\/ninos-familias\/?utm_source=Home&#038;utm_medium=Referral&#038;utm_campaign=211Resources&#038;utm_content=Children\" target=\"_self\">Ni\u00f1os y familias<\/a><\/h4><figure itemscope itemtype=\"https:\/\/schema.org\/ImageObject\">\n\t\t\t\t<a href=\"\/es\/recursos\/ninos-familias\/?utm_source=Home&#038;utm_medium=Referral&#038;utm_campaign=211Resources&#038;utm_content=Children\"  target=\"_self\" itemprop=\"url\">\n\t\t\t\t<img decoding=\"async\" src=\"https:\/\/211md.org\/wp-content\/uploads\/bb-plugin\/cache\/2025_211_Icon-Sets_Child-care-square-f3b0d4edab3dcc467fadb5f55f4064c6-.png\" alt=\"parent and child icon for child care\" height=\"417\" width=\"417\" title=\"2025_211_Conjuntos de iconos_Cuidado infantil\" onerror=\"this.style.display='none'\" loading=\"lazy\" \/>\n\t\t\t\t<\/a>\n\t<\/figure>\n\t\t<h4><a href=\"\/es\/recursos\/violencia-domestica-familiar\/?utm_source=Home&#038;utm_medium=Referral&#038;utm_campaign=211Resources&#038;utm_content=Domestic\" target=\"_self\">Violencia dom\u00e9stica<\/a><\/h4><figure itemscope itemtype=\"https:\/\/schema.org\/ImageObject\">\n\t\t\t\t<a href=\"\/es\/recursos\/violencia-domestica-familiar\/?utm_source=Home&#038;utm_medium=Referral&#038;utm_campaign=211Resources&#038;utm_content=Domestic\"  target=\"_self\" itemprop=\"url\">\n\t\t\t\t<img decoding=\"async\" src=\"https:\/\/211md.org\/wp-content\/uploads\/bb-plugin\/cache\/2025_211_Icon-Sets_Domestic-Violence-square-7b597694a6f05fe90cdc376aa573bc63-.png\" alt=\"House with a heart in the middle icon\" height=\"417\" width=\"417\" title=\"2025_211_Conjuntos de iconos_Violencia dom\u00e9stica\" onerror=\"this.style.display='none'\" loading=\"lazy\" \/>\n\t\t\t\t<\/a>\n\t<\/figure>\n\t\t<h4><a href=\"\/es\/recursos\/busqueda-de-empleo\/?utm_source=Home&#038;utm_medium=Referral&#038;utm_campaign=211Resources&#038;utm_content=Employment\" target=\"_self\">Empleo<\/a><\/h4><figure itemscope itemtype=\"https:\/\/schema.org\/ImageObject\">\n\t\t\t\t<a href=\"\/es\/recursos\/busqueda-de-empleo\/?utm_source=Home&#038;utm_medium=Referral&#038;utm_campaign=211Resources&#038;utm_content=Employment\"  target=\"_self\" itemprop=\"url\">\n\t\t\t\t<img decoding=\"async\" src=\"https:\/\/211md.org\/wp-content\/uploads\/bb-plugin\/cache\/2025_MdInfoNet_Icon-Sets_Employment-square-44707bd410e4df10a470bf130ebcea86-.png\" alt=\"\" onerror=\"this.style.display='none'\" loading=\"lazy\" \/>\n\t\t\t\t<\/a>\n\t<\/figure>\n\t\t<h4><a href=\"\/es\/recursos\/cuidado-de-la-salud\/?utm_source=Home&#038;utm_medium=Referral&#038;utm_campaign=211Resources&#038;utm_content=Health%20Care\" target=\"_self\">Cuidado de la salud<\/a><\/h4><figure itemscope itemtype=\"https:\/\/schema.org\/ImageObject\">\n\t\t\t\t<a href=\"\/es\/recursos\/cuidado-de-la-salud\/?utm_source=Home&#038;utm_medium=Referral&#038;utm_campaign=211Resources&#038;utm_content=Health%20Care\"  target=\"_self\" itemprop=\"url\">\n\t\t\t\t<img decoding=\"async\" src=\"https:\/\/211md.org\/wp-content\/uploads\/bb-plugin\/cache\/2025_MdInfoNet_Icon-Sets_Health-Care-square-dee98a0060cbe0e7f27eda253fc12679-.png\" alt=\"\" onerror=\"this.style.display='none'\" loading=\"lazy\" \/>\n\t\t\t\t<\/a>\n\t<\/figure>\n\t\t<h4><a href=\"\/es\/recursos\/nuevo-en-los-estados-unidos-y-maryland\/?utm_source=Home&#038;utm_medium=Referral&#038;utm_campaign=211Resources&#038;utm_content=Immigration\" target=\"_self\">Inmigraci\u00f3n<\/a><\/h4><figure itemscope itemtype=\"https:\/\/schema.org\/ImageObject\">\n\t\t\t\t<a href=\"\/es\/recursos\/nuevo-en-los-estados-unidos-y-maryland\/?utm_source=Home&#038;utm_medium=Referral&#038;utm_campaign=211Resources&#038;utm_content=Immigration\"  target=\"_self\" itemprop=\"url\">\n\t\t\t\t<img decoding=\"async\" src=\"https:\/\/211md.org\/wp-content\/uploads\/bb-plugin\/cache\/2025_MdInfoNet_Icon-Sets_Immigration-square-8b97b7fdfe5e6071405e216855065118-.png\" alt=\"icono de inmigraci\u00f3n\" title=\"2025_MdInfoNet_Icon-Sets_Immigration\" onerror=\"this.style.display='none'\" loading=\"lazy\" \/>\n\t\t\t\t<\/a>\n\t<\/figure>\n\t\t<h4><a href=\"\/es\/recursos\/ninos-familias\/parentesco\/?utm_source=Home&#038;utm_medium=Referral&#038;utm_campaign=211Resources&#038;utm_content=Kinship\" target=\"_self\">Parentesco<\/a><\/h4><figure itemscope itemtype=\"https:\/\/schema.org\/ImageObject\">\n\t\t\t\t<a href=\"\/es\/recursos\/ninos-familias\/parentesco\/?utm_source=Home&#038;utm_medium=Referral&#038;utm_campaign=211Resources&#038;utm_content=Kinship\"  target=\"_self\" itemprop=\"url\">\n\t\t\t\t<img decoding=\"async\" src=\"https:\/\/211md.org\/wp-content\/uploads\/bb-plugin\/cache\/2025_211_Icon-Sets_Kinship-square-45bdf872866f5735f842c32071109267-.png\" alt=\"Icono de parentesco\" height=\"417\" width=\"417\" title=\"2025_211_Conjuntos de iconos_Parentesco\" onerror=\"this.style.display='none'\" loading=\"lazy\" \/>\n\t\t\t\t<\/a>\n\t<\/figure>\n\t\t<h4><a href=\"\/es\/recursos\/servicios-legales\/?utm_source=Home&#038;utm_medium=Referral&#038;utm_campaign=211Resources&#038;utm_content=Legal\" target=\"_self\">Servicios Legales<\/a><\/h4><figure itemscope itemtype=\"https:\/\/schema.org\/ImageObject\">\n\t\t\t\t<a href=\"\/es\/recursos\/servicios-legales\/?utm_source=Home&#038;utm_medium=Referral&#038;utm_campaign=211Resources&#038;utm_content=Legal\"  target=\"_self\" itemprop=\"url\">\n\t\t\t\t<img decoding=\"async\" src=\"https:\/\/211md.org\/wp-content\/uploads\/bb-plugin\/cache\/2025_MdInfoNet_Icon-Sets_Legal-square-18fdf438feb8435588174d9046463257-.png\" alt=\"\" onerror=\"this.style.display='none'\" loading=\"lazy\" \/>\n\t\t\t\t<\/a>\n\t<\/figure>\n\t\t<h4><a href=\"\/es\/recursos\/salud-mental\/?utm_source=Home&#038;utm_medium=Referral&#038;utm_campaign=211Resources&#038;utm_content=Mental\" target=\"_self\">Salud mental<\/a><\/h4><figure itemscope itemtype=\"https:\/\/schema.org\/ImageObject\">\n\t\t\t\t<a href=\"\/es\/recursos\/salud-mental\/?utm_source=Home&#038;utm_medium=Referral&#038;utm_campaign=211Resources&#038;utm_content=Mental\"  target=\"_self\" itemprop=\"url\">\n\t\t\t\t<img decoding=\"async\" src=\"https:\/\/211md.org\/wp-content\/uploads\/bb-plugin\/cache\/2025_MdInfoNet_Icon-Sets_Mental-Health-square-c59b38c4a993a947d4c9280fbe2d2fee-.png\" alt=\"\" onerror=\"this.style.display='none'\" loading=\"lazy\" \/>\n\t\t\t\t<\/a>\n\t<\/figure>\n\t\t<h4><a href=\"\/es\/recursos\/mdreentry\/?utm_source=Home&#038;utm_medium=Referral&#038;utm_campaign=211Resources&#038;utm_content=Reentry\" target=\"_self\">Reentrada<\/a><\/h4><figure itemscope itemtype=\"https:\/\/schema.org\/ImageObject\">\n\t\t\t\t<a href=\"\/es\/recursos\/mdreentry\/?utm_source=Home&#038;utm_medium=Referral&#038;utm_campaign=211Resources&#038;utm_content=Reentry\"  target=\"_self\" itemprop=\"url\">\n\t\t\t\t<img decoding=\"async\" src=\"https:\/\/211md.org\/wp-content\/uploads\/bb-plugin\/cache\/2025_211_Icon-Sets_Reentry-square-8676fea38abd920a832f45642fe31cca-.png\" alt=\"Icono de reentrada\" height=\"417\" width=\"417\" title=\"2025_211_Conjuntos de iconos_Reentrada\" onerror=\"this.style.display='none'\" loading=\"lazy\" \/>\n\t\t\t\t<\/a>\n\t<\/figure>\n\t\t<h4><a href=\"\/es\/recursos\/consumo-de-sustancias\/?utm_source=Home&#038;utm_medium=Referral&#038;utm_campaign=211Resources&#038;utm_content=Substance\" target=\"_self\">Uso de sustancias<\/a><\/h4><figure itemscope itemtype=\"https:\/\/schema.org\/ImageObject\">\n\t\t\t\t<a href=\"\/es\/recursos\/consumo-de-sustancias\/?utm_source=Home&#038;utm_medium=Referral&#038;utm_campaign=211Resources&#038;utm_content=Substance\"  target=\"_self\" itemprop=\"url\">\n\t\t\t\t<img decoding=\"async\" src=\"https:\/\/211md.org\/wp-content\/uploads\/bb-plugin\/cache\/2025_MdInfoNet_Icon-Sets_Substance-Abuse-square-4f414f085e657267739c181957754f48-.png\" alt=\"Pills for substance Use icon\" title=\"2025_MdInfoNet_Icon-Sets_Substance-Abuse\" onerror=\"this.style.display='none'\" loading=\"lazy\" \/>\n\t\t\t\t<\/a>\n\t<\/figure>\n\t\t<h4><a href=\"\/es\/recursos\/veteranos\/?utm_source=Home&#038;utm_medium=Referral&#038;utm_campaign=211Resources&#038;utm_content=Veterans\" target=\"_self\">veteranos<\/a><\/h4><figure itemscope itemtype=\"https:\/\/schema.org\/ImageObject\">\n\t\t\t\t<a href=\"\/es\/recursos\/veteranos\/?utm_source=Home&#038;utm_medium=Referral&#038;utm_campaign=211Resources&#038;utm_content=Veterans\"  target=\"_self\" itemprop=\"url\">\n\t\t\t\t<img decoding=\"async\" src=\"https:\/\/211md.org\/wp-content\/uploads\/bb-plugin\/cache\/2025_MdInfoNet_Icon-Sets_Rating-square-6e60d00cce4faa8e0a6d4ad7366aa733-.png\" alt=\"\" onerror=\"this.style.display='none'\" loading=\"lazy\" \/>\n\t\t\t\t<\/a>\n\t<\/figure>","protected":false},"excerpt":{"rendered":"<p>Existen muchos beneficios a los que los veteranos, miembros del servicio y sus familias pueden tener derecho. Para explorar la amplia gama de recursos, llame al 211 para hablar con un especialista en informaci\u00f3n y referencias o comience con una autoevaluaci\u00f3n del Departamento de Asuntos de Veteranos. Explore recursos para afrontar desaf\u00edos relacionados con su carrera profesional, educaci\u00f3n, duelo, p\u00e9rdida, depresi\u00f3n, aislamiento, etc.<\/p>","protected":false},"author":8,"featured_media":1413,"parent":930,"menu_order":0,"comment_status":"closed","ping_status":"closed","template":"","meta":{"footnotes":""},"class_list":["post-958","page","type-page","status-publish","has-post-thumbnail","hentry"],"_links":{"self":[{"href":"https:\/\/211md.org\/es\/wp-json\/wp\/v2\/pages\/958","targetHints":{"allow":["GET"]}}],"collection":[{"href":"https:\/\/211md.org\/es\/wp-json\/wp\/v2\/pages"}],"about":[{"href":"https:\/\/211md.org\/es\/wp-json\/wp\/v2\/types\/page"}],"author":[{"embeddable":true,"href":"https:\/\/211md.org\/es\/wp-json\/wp\/v2\/users\/8"}],"replies":[{"embeddable":true,"href":"https:\/\/211md.org\/es\/wp-json\/wp\/v2\/comments?post=958"}],"version-history":[{"count":5,"href":"https:\/\/211md.org\/es\/wp-json\/wp\/v2\/pages\/958\/revisions"}],"predecessor-version":[{"id":34407,"href":"https:\/\/211md.org\/es\/wp-json\/wp\/v2\/pages\/958\/revisions\/34407"}],"up":[{"embeddable":true,"href":"https:\/\/211md.org\/es\/wp-json\/wp\/v2\/pages\/930"}],"wp:featuredmedia":[{"embeddable":true,"href":"https:\/\/211md.org\/es\/wp-json\/wp\/v2\/media\/1413"}],"wp:attachment":[{"href":"https:\/\/211md.org\/es\/wp-json\/wp\/v2\/media?parent=958"}],"curies":[{"name":"Gracias","href":"https:\/\/api.w.org\/{rel}","templated":true}]}}