{"id":962,"date":"2021-04-16T13:37:14","date_gmt":"2021-04-16T13:37:14","guid":{"rendered":"https:\/\/211md.org\/?page_id=962"},"modified":"2025-10-14T22:03:06","modified_gmt":"2025-10-15T02:03:06","slug":"mensajes-de-texto","status":"publish","type":"page","link":"https:\/\/211md.org\/es\/about\/text-messages\/","title":{"rendered":"Mensajes de texto"},"content":{"rendered":"<h2>Mensajes de texto informativos e inspiradores<\/h2>\n<p>211 Maryland ofrece a los residentes varias formas de conectarse con recursos humanos y de salud esenciales. Adem\u00e1s de llamar al 211, ofrecemos campa\u00f1as PUSH-ALERT por mensaje de texto. Env\u00edas una \u201cpalabra clave\u201d a un n\u00famero y recibir\u00e1s mensajes de texto informativos y de apoyo.<\/p>\n\t\t\t\t<img decoding=\"async\" src=\"https:\/\/211md.org\/wp-content\/uploads\/2021\/04\/Informational-and-Inspirational-Text-Messages-from-211-Maryland-.jpg\" alt=\"Mujer sonriendo un punto y iPhone\" itemprop=\"image\" height=\"630\" width=\"1200\" title=\"Mensajes de texto informativos e inspiradores de 211 Maryland\" onerror=\"this.style.display='none'\" loading='lazy' \/>\n\t<p>Si est\u00e1 en un dispositivo m\u00f3vil, haga clic en el bot\u00f3n de palabra clave para abrir la mensajer\u00eda de texto. De lo contrario, env\u00ede la palabra clave por mensaje de texto al n\u00famero de tel\u00e9fono.<\/p>\n\t\t<p><em>211 Maryland ofrece programas de alerta por mensaje de texto que brindan informaci\u00f3n sobre recursos espec\u00edficos de la regi\u00f3n o alertas de desastres. Pueden aplicarse tarifas por mensajes y datos. La frecuencia de los mensajes puede variar. Env\u00ede un mensaje de texto con la palabra STOP al mismo n\u00famero para cancelar la suscripci\u00f3n. Para recibir ayuda, env\u00ede un mensaje de texto con la palabra HELP. Los t\u00e9rminos completos de SMS est\u00e1n disponibles en <a href=\"https:\/\/211md.org\/es\/sms\/\">https:\/\/211md.org\/sms\/<\/a> y <a href=\"https:\/\/211md.org\/es\/politica-de-privacidad\/\">pol\u00edtica de privacidad<\/a> tambi\u00e9n se aplicar\u00e1.\u00a0<\/em><\/p>\n\t\t<h3><a href=\"sms:\/\/898-211;?&#038;body=MDYoungMinds\" target=\"_blank\"  rel=\"noopener\">Apoyo de salud mental para adolescentes<\/a><\/h3><p><strong>MDYoungMinds<\/strong>\u00a0apoya la salud mental de las personas de 18 a\u00f1os o menos.<\/p>\n<p>Aprenda sobre el\u00a0<a href=\"https:\/\/211md.org\/es\/recursos\/salud-mental\/depresion\/\" target=\"_blank\" rel=\"noopener\">signos de depresi\u00f3n adolescente<\/a>\u00a0y las formas\u00a0<a href=\"https:\/\/211md.org\/es\/about\/mensajes-de-texto\/mdyoungminds\/\" target=\"_blank\" rel=\"noopener\">MDYoungMinds<\/a>\u00a0puede apoyar a adolescentes y adolescentes.<\/p>\n<p>Socio: Departamento de Salud de Maryland, Oficina de Prevenci\u00f3n del Suicidio<\/p>\n<p>Env\u00ede MDYoungMinds al 898-211.<\/p>\n\t\t\t<a href=\"sms:\/\/898-211;?&#038;body=MDYoungMinds\" target=\"_blank\" rel=\"noopener\">\n\t\t\t\t\t\t\tTexto MDYoungMinds\n\t\t\t\t\t<\/a>\n\t\t<h3><a href=\"sms:\/\/898-211;?&#038;body=MDMINDHEALTH\" target=\"_blank\"  rel=\"noopener\">Salud mental<\/a><\/h3><p><strong>MDMindHealth<\/strong>\u00a0ofrece mensajes motivacionales, alertas para mantener una buena salud mental y recursos para los servicios de crisis y asesoramiento de Maryland. Los mensajes de texto tambi\u00e9n est\u00e1n disponibles en espa\u00f1ol en\u00a0<strong>MDSaludMental<\/strong>.<\/p>\n<p><a href=\"https:\/\/211md.org\/es\/about\/mensajes-de-texto\/md-mindhealth\/\">Obtenga m\u00e1s informaci\u00f3n sobre las formas en que MDMindHealth<\/a>\u00a0puede ayudarte a ti o a alguien que conozcas.<\/p>\n<p>Socio: Departamento de Salud de Maryland, Administraci\u00f3n de Salud Conductual<\/p>\n<p>Env\u00ede MDMindHealth al 898-211<\/p>\n<p>Env\u00ede MDSaludMental al 898-211<\/p>\n\t\t\t<a href=\"sms:\/\/898-211;?&#038;body=MDMINDHEALTH\" target=\"_blank\" rel=\"noopener\">\n\t\t\t\t\t\t\tTexto MDMindHealth\n\t\t\t\t\t<\/a>\n\t\t\t<a href=\"sms:\/\/898-211;?&#038;body=MDSALUDMENTAL\" target=\"_blank\" rel=\"noopener\">\n\t\t\t\t\t\t\tTexto MDsaludmental\n\t\t\t\t\t<\/a>\n\t\t<h3><a href=\"sms:\/\/898-211;?&#038;body=MDKinCares\" target=\"_blank\"  rel=\"noopener\">Apoyo de parentesco<\/a><\/h3><p><strong>MDKinCares<\/strong>\u00a0proporciona aliento, apoyo y recursos a los cuidadores.<\/p>\n<p>Socio: Departamento de Servicios Humanos de Maryland<\/p>\n<p>Env\u00ede MDKinCares al 898-211.<\/p>\n\t\t\t<a href=\"sms:\/\/898-211;?&#038;body=MDKinCares\" target=\"_blank\" rel=\"noopener\">\n\t\t\t\t\t\t\tTexto MDKinCares\n\t\t\t\t\t<\/a>\n\t\t<h3><a href=\"sms:\/\/898-211;?&#038;body=MDAging\" target=\"_blank\"  rel=\"noopener\">Adultos Mayores y Adultos con Discapacidad<\/a><\/h3><p><strong>MDEnvejecimiento<\/strong>\u00a0proporciona acceso inmediato y bajo demanda a proveedores de servicios y recursos para personas mayores y cuidadores de adultos con discapacidades.<\/p>\n<p>Socio: Departamento de Envejecimiento de Maryland<\/p>\n<p>Env\u00ede MDAging al 898-211<\/p>\n\t\t\t<a href=\"sms:\/\/898-211;?&#038;body=MDAging\" target=\"_blank\" rel=\"noopener\">\n\t\t\t\t\t\t\tMDA de textoEnvejecimiento\n\t\t\t\t\t<\/a>\n\t\t<h3><a href=\"sms:\/\/898-211;?&#038;body=MidShore\" target=\"_blank\"  rel=\"noopener\">Eventos de Mid Shore y recursos comunitarios<\/a><\/h3><p><strong>Costa media<\/strong> conecta a los residentes de los condados de Queen Anne&#039;s, Kent, Talbot, Dorchester y Caroline con eventos locales y recursos comunitarios. <a href=\"https:\/\/211md.org\/es\/whats-the-211\/\">Aprende m\u00e1s<\/a> sobre las formas en que Mid Shore conecta a los residentes con el 211.<\/p>\n<p>Socio: Coalici\u00f3n para la mejora de la salud de Mid Shore<\/p>\n<p>Env\u00ede un mensaje de texto con MidShore al 898-211<\/p>\n\t\t\t<a href=\"sms:\/\/898-211;?&#038;body=MidShore\" target=\"_blank\" rel=\"noopener\">\n\t\t\t\t\t\t\tTexto MidShore\n\t\t\t\t\t<\/a>\n\t\t<h3><a href=\"sms:\/\/898-211;?&#038;body=MDSTopHate\" target=\"_blank\"  rel=\"noopener\">Reporte Incidentes y Cr\u00edmenes de Odio<\/a><\/h3><p><strong>MDStopHate<\/strong>\u00a0es un recurso integral para denunciar delitos e incidentes motivados por el odio y proporcionar recursos a las v\u00edctimas.\u00a0<a href=\"https:\/\/211md.org\/es\/para-el-odio\/\" target=\"_blank\" rel=\"noopener\">\u00a1Detenga el odio denunci\u00e1ndolo!<\/a><\/p>\n<p>Socio: Oficina del Gobernador para Asuntos de Inmigrantes | Oficina del Gobernador de Iniciativa Comunitaria<\/p>\n<p>Env\u00ede MDStopHate al 898-211<\/p>\n\t\t\t<a href=\"sms:\/\/898-211;?&#038;body=MDSTopHate\" target=\"_blank\" rel=\"noopener\">\n\t\t\t\t\t\t\tTexto MDStopHate\n\t\t\t\t\t<\/a>\n\t\t<h3><a href=\"sms:\/\/898-211;?&#038;body=Reentry\" target=\"_blank\"  rel=\"noopener\">Reentrada<\/a><\/h3><p><strong>Reentrada<\/strong> conecta a personas encarceladas y ex encarceladas y a sus familias con recursos, eventos e informaci\u00f3n. <a href=\"https:\/\/211md.org\/es\/recursos\/mdreentry\/\">Aprende m\u00e1s<\/a> sobre las formas en que esta asociaci\u00f3n conecta a las familias con los recursos de reinserci\u00f3n.<\/p>\n<p>Socio: Departamento de Seguridad P\u00fablica y Servicios Correccionales de Maryland (DPSCS)<\/p>\n<p>Reingreso de texto al 898-211<\/p>\n\t\t\t<a href=\"sms:\/\/898-211;?&#038;body=Reentry\" target=\"_blank\" rel=\"noopener\">\n\t\t\t\t\t\t\tReingreso de texto\n\t\t\t\t\t<\/a>\n\t\t<h3><a href=\"sms:\/\/898-211;?&#038;body=MDCom2Vets\" target=\"_blank\"  rel=\"noopener\">veteranos<\/a><\/h3><p><strong>MDCom2Vets<\/strong>\u00a0aumenta las conexiones con los veteranos y proporciona actualizaciones continuas de eventos, recursos y proveedores disponibles en una comunidad.<\/p>\n<p>Socio: Departamento de Salud de Maryland, Administraci\u00f3n de Salud Conductual<\/p>\n<p>Env\u00ede MDCom2Vets al 898-211<\/p>\n\t\t\t<a href=\"sms:\/\/898-211;?&#038;body=MDCom2Vets\" target=\"_blank\" rel=\"noopener\">\n\t\t\t\t\t\t\tTexto MDCom2Vets\n\t\t\t\t\t<\/a>\n\t\t<h3><a href=\"sms:\/\/898-211;?&#038;body=MDWellness\" target=\"_blank\"  rel=\"noopener\">Bienestar<\/a><\/h3><p><strong>MDWellness<\/strong>\u00a0se enfoca en primeros auxilios de salud mental para la profesi\u00f3n de ayuda. Los suscriptores obtienen estrategias y recursos para acceder a los servicios de manejo del estr\u00e9s a trav\u00e9s de la atenci\u00f3n plena, la nutrici\u00f3n y la afiliaci\u00f3n social.<\/p>\n<p>Socio: Universidad de Maryland<\/p>\n<p>Env\u00ede MDWellness al 898-211<\/p>\n\t\t\t<a href=\"sms:\/\/898-211;?&#038;body=MDWellness\" target=\"_blank\" rel=\"noopener\">\n\t\t\t\t\t\t\tTexto MDWellness\n\t\t\t\t\t<\/a>\n<h2>Con\u00e9ctese con su audiencia a pedido<\/h2>\n<p>Utilice la plataforma de mensajes de texto 211 Maryland para enviar mensajes personalizados a su(s) audiencia(s). Inf\u00f3rmese sobre las tarifas y la funcionalidad, y \u00fanase a las otras organizaciones que ya utilizan 211 MD para enviar mensajes de texto. <a href=\"https:\/\/211md.org\/es\/contactenos\/\">P\u00f3ngase en contacto con nosotros hoy.<\/a><\/p>","protected":false},"excerpt":{"rendered":"<p>Mensajes de texto informativos e inspiradores 211 Maryland ofrece a los residentes varias formas de conectarse con recursos humanos y de salud esenciales. Adem\u00e1s de llamar al 211, ofrecemos campa\u00f1as PUSH-ALERT por mensaje de texto. Env\u00edas una \u201cpalabra clave\u201d a un n\u00famero y recibir\u00e1s mensajes de texto informativos y de apoyo. Si est\u00e1s en un dispositivo m\u00f3vil, haz clic en la palabra clave...<\/p>","protected":false},"author":8,"featured_media":1925,"parent":521,"menu_order":0,"comment_status":"closed","ping_status":"closed","template":"","meta":{"footnotes":""},"class_list":["post-962","page","type-page","status-publish","has-post-thumbnail","hentry"],"_links":{"self":[{"href":"https:\/\/211md.org\/es\/wp-json\/wp\/v2\/pages\/962","targetHints":{"allow":["GET"]}}],"collection":[{"href":"https:\/\/211md.org\/es\/wp-json\/wp\/v2\/pages"}],"about":[{"href":"https:\/\/211md.org\/es\/wp-json\/wp\/v2\/types\/page"}],"author":[{"embeddable":true,"href":"https:\/\/211md.org\/es\/wp-json\/wp\/v2\/users\/8"}],"replies":[{"embeddable":true,"href":"https:\/\/211md.org\/es\/wp-json\/wp\/v2\/comments?post=962"}],"version-history":[{"count":4,"href":"https:\/\/211md.org\/es\/wp-json\/wp\/v2\/pages\/962\/revisions"}],"predecessor-version":[{"id":4830,"href":"https:\/\/211md.org\/es\/wp-json\/wp\/v2\/pages\/962\/revisions\/4830"}],"up":[{"embeddable":true,"href":"https:\/\/211md.org\/es\/wp-json\/wp\/v2\/pages\/521"}],"wp:featuredmedia":[{"embeddable":true,"href":"https:\/\/211md.org\/es\/wp-json\/wp\/v2\/media\/1925"}],"wp:attachment":[{"href":"https:\/\/211md.org\/es\/wp-json\/wp\/v2\/media?parent=962"}],"curies":[{"name":"Gracias","href":"https:\/\/api.w.org\/{rel}","templated":true}]}}