{"id":983,"date":"2021-04-16T16:58:29","date_gmt":"2021-04-16T16:58:29","guid":{"rendered":"https:\/\/211md.org\/?page_id=983"},"modified":"2025-09-07T17:09:00","modified_gmt":"2025-09-07T21:09:00","slug":"ejecucion-hipotecaria","status":"publish","type":"page","link":"https:\/\/211md.org\/es\/resources\/housing-shelter\/mortgage-foreclosure\/","title":{"rendered":"ejecuci\u00f3n hipotecaria"},"content":{"rendered":"<img decoding=\"async\" src=\"https:\/\/stg-maryland211-staging.kinsta.cloud\/wp-content\/uploads\/2025\/08\/5-1-scaled.png\" alt=\"5\" itemprop=\"image\" height=\"692\" width=\"2560\" title=\"5\" onerror=\"this.style.display='none'\" loading=\"lazy\" \/>\n\t\t<h1><a href=\"#start\" target=\"_self\">Encabezado de p\u00e1gina predeterminado<\/a><\/h1><p>Hay ayuda disponible si tiene dificultades para pagar su hipoteca. Cuanto antes act\u00faes, mejor.<\/p>\n<p>Aprenda sobre el proceso y c\u00f3mo un asesor de vivienda puede ayudarlo.<\/p>\n\t\t\t<a href=\"#start\" target=\"_self\">\n\t\t\t\t\t\tEmpezar\n\t\t\t\t\t<\/a>\n\t\t\t\t<img decoding=\"async\" src=\"https:\/\/211md.org\/wp-content\/plugins\/bb-plugin\/img\/pixel.png\" alt=\"\" itemprop=\"image\" onerror=\"this.style.display='none'\" loading=\"lazy\" \/>\n\t\t<h2>Utilice un asesor de vivienda<\/h2>\n<p>Hay formas de salvar su casa si no puede realizar los pagos mensuales o est\u00e1 en ejecuci\u00f3n hipotecaria.<\/p>\n<p>La iniciativa HOPE (Propietarios de Viviendas de Maryland para Preservar el Valor Equitativo) puede ayudar a salvar viviendas.<\/p>\n<p>La agencia trabaja con asesores de vivienda en organizaciones sin fines de lucro en todo el estado.<\/p>\n<p>Los asesores ayudan a los propietarios a comprender el proceso de ejecuci\u00f3n hipotecaria y los programas que pueden ayudarlos.<\/p>\n<p>En Maryland, la ayuda es gratuita. Tenga cuidado con las empresas que prometen ayuda a cambio de una tarifa.<\/p>\n<p>Llamar <a href=\"https:\/\/dhcd.maryland.gov\/Residents\/Pages\/HOPE\/Homeowners.aspx\" target=\"_blank\" rel=\"noopener\">ESPERANZA<\/a> al 1-877-462-7555.<\/p>\n<h3>Estafas de rescate de ejecuciones hipotecarias<\/h3>\n<p>No hay tarifas para obtener ayuda con una ejecuci\u00f3n hipotecaria en Maryland.<\/p>\n<p>Algunos estafadores enga\u00f1an a los propietarios para que firmen sus escrituras y se queden con la casa, y otros cobran tarifas enormes sin prestar ning\u00fan servicio.<\/p>\n<p>No firme ning\u00fan documento sin antes obtener asesoramiento legal objetivo, consultar con su compa\u00f1\u00eda hipotecaria o hablar con un asesor de HOPE.<\/p>\n\t\t\t\t<img decoding=\"async\" src=\"http:\/\/211md.org\/wp-content\/uploads\/2025\/09\/homeowner-talking-ot-a-housing-counselor.jpg\" alt=\"Propietario hablando con un asesor de vivienda\" itemprop=\"image\" title=\"Propietario hablando con un asesor de vivienda\" onerror=\"this.style.display='none'\" loading=\"lazy\" \/>\n\t<h3>B\u00fasquedas de vivienda populares en nuestra base de datos<\/h3><p>Busca en la Base de Datos de Recursos Comunitarios estas b\u00fasquedas de vivienda populares. Con\u00e9ctate con lo que necesitas.<\/p>\n\t\t\t<a href=\"https:\/\/search.211md.org\/search?query=DM-1800.5000&#038;query_label=Mortgage+Delinquency+and+Default+Counseling&#038;query_type=taxonomy\" target=\"_blank\" rel=\"noopener\">\n\t\t\t\t\t\tMorosidad hipotecaria y asesoramiento\n\t\t\t\t\t<\/a>\n\t\t\t<a href=\"https:\/\/search.211md.org\/search?query=BH-3800.5000&#038;query_label=Mortgage+Payment+Assistance&#038;query_type=taxonomy\" target=\"_self\">\n\t\t\t\t\t\tasistencia para el pago de la hipoteca\n\t\t\t\t\t<\/a>\n\t\t\t<a href=\"https:\/\/search.211md.org\/search?query=DM-1800.8500&#038;query_label=Tax+Foreclosure+Assistance&#038;query_type=taxonomy\" target=\"_blank\" rel=\"noopener\">\n\t\t\t\t\t\tAsistencia de ejecuci\u00f3n hipotecaria fiscal\n\t\t\t\t\t<\/a>\n\t\t\t<a href=\"https:\/\/search.211md.org\/search?query=BH-3700&#038;query_label=Housing+Counseling&#038;query_type=taxonomy\" target=\"_blank\" rel=\"noopener\">\n\t\t\t\t\t\tAsesor\u00eda de Vivienda\n\t\t\t\t\t<\/a>\n\t\t\t<a href=\"https:\/\/search.211md.org\/search?query=BH-1800.8500-150%2CBH-3000.3500%2CPH-3300.2750%2CBH-7000.4600%2CBH-8400.6000-060%2CBH-8600&#038;query_label=I+need+help+with+housing.&#038;query_type=taxonomy\" target=\"_blank\" rel=\"noopener\">\n\t\t\t\t\t\tAyuda general para la vivienda\n\t\t\t\t\t<\/a>\n\t<h2>Proceso de ejecuci\u00f3n hipotecaria<\/h2>\n<p>Despu\u00e9s de omitir un pago, una hipoteca se considera en mora.<\/p>\n<p>El prestamista puede enviar un \u201caviso de deficiencia\u201d.<\/p>\n<p>Tras varios impagos, puede llegar un aviso de incumplimiento. Este explica la cantidad adeudada y advierte sobre la posibilidad de una ejecuci\u00f3n hipotecaria.<\/p>\n<p>Los procedimientos de ejecuci\u00f3n hipotecaria pueden comenzar legalmente cuando la hipoteca no se paga durante 90 d\u00edas.<\/p>\n<p>El siguiente paso es un &quot;Aviso de Ejecuci\u00f3n Hipotecaria&quot;. La ley de Maryland exige que el aviso se env\u00ede, tanto certificado como por correo de primera clase, al menos 45 d\u00edas antes de presentar la demanda de ejecuci\u00f3n hipotecaria.<\/p>\n<p>No espere a que esto suceda. Cuanto antes reciba ayuda con sus problemas hipotecarios, m\u00e1s probabilidades tendr\u00e1 de salvar su casa.<\/p>\n<p>Ver una cronolog\u00eda de la\u00a0<a href=\"https:\/\/dhcd.maryland.gov\/Residents\/Documents\/HOPE\/TheNetworkForclosureTimeline_May2012v4.pdf\" target=\"_blank\" rel=\"noopener\">Proceso de ejecuci\u00f3n hipotecaria de Maryland<\/a>.<\/p>\n\t\t\t\t<img decoding=\"async\" src=\"https:\/\/211md.org\/wp-content\/uploads\/2021\/05\/Housing-Legal.png\" alt=\"Martillo legal con un modelo de pl\u00e1stico de una casa al lado\" itemprop=\"image\" height=\"348\" width=\"460\" title=\"vivienda legal\" onerror=\"this.style.display='none'\" loading=\"lazy\" \/>\n\t<h2>Opciones de pago de hipoteca<\/h2>\n<p>Generalmente, los prestamistas de vivienda no quieren ejecutar una hipoteca. Rara vez hay ganadores en la ejecuci\u00f3n hipotecaria debido a los costos involucrados. Trate de elaborar un plan de pago con su prestamista hasta que est\u00e9 mejor econ\u00f3micamente.<\/p>\n<p>La clave es pedir ayuda temprana y persistentemente y obtener asesoramiento de un asesor de vivienda aprobado por el estado. Pueden ayudarlo a comprender los documentos de su hipoteca, explicarle las opciones que tiene y ayudarlo a negociar un &quot;plan de preparaci\u00f3n&quot; con su prestamista.<\/p>\n<p>Acuda a la cita preparado con la documentaci\u00f3n de liquidaci\u00f3n, las declaraciones de impuestos y cualquier aviso o factura de su prestamista, junto con el presupuesto de su hogar y la lista de acreedores.<\/p>\n<p>Los posibles planes de entrenamiento podr\u00edan incluir:<\/p>\n<ul>\n<li aria-level=\"1\">Plan de pago: p\u00f3ngase al d\u00eda agregando una parte del monto adeudado a sus pagos mensuales.<\/li>\n<li aria-level=\"1\">Plan de tolerancia: sus pagos mensuales se reducen o suspenden temporalmente. Por lo general, se debe pagar una cantidad mayor cuando se restablecen los pagos.<\/li>\n<li aria-level=\"1\">Plan de modificaci\u00f3n del pr\u00e9stamo: el prestamista acepta cambiar sus t\u00e9rminos de alguna manera. Podr\u00edan reducir su inter\u00e9s, extender el per\u00edodo de pago del pr\u00e9stamo o negociar la multa por pago anticipado.<\/li>\n<li aria-level=\"1\">Reclamo parcial: el prestamista puede ofrecer un pr\u00e9stamo con intereses bajos o sin intereses a trav\u00e9s de la aseguradora (FHA o seguro hipotecario privado) para ponerse al d\u00eda con los atrasos. Es posible que haya peque\u00f1os pagos mensuales. El pr\u00e9stamo vence cuando vende la propiedad o cuando cancela su primera hipoteca.<\/li>\n<li aria-level=\"1\">Plan Recast (no disponible con Fannie Mae o Freddie Mac): usted coloca los pagos atrasados al final del pr\u00e9stamo.<\/li>\n<\/ul>\n<p>Si su prestamista rechaza su propuesta, intente negociar y averig\u00fce qu\u00e9 podr\u00eda estar dispuesto a aceptar. Si parece irrazonable o injusto, solicite hablar con un supervisor o especialista en mitigaci\u00f3n de p\u00e9rdidas. Aunque un asesor de vivienda puede ser de gran ayuda, usted debe actuar como su defensor. Incluso si la ejecuci\u00f3n hipotecaria es inevitable, usted a\u00fan puede negociar mejores condiciones o un cronograma m\u00e1s largo para no quedarse en el fr\u00edo. \u00a1Prep\u00e1rate para seguir luchando!<\/p>\n\t\t\t\t<img decoding=\"async\" src=\"https:\/\/211md.org\/wp-content\/plugins\/bb-plugin\/img\/pixel.png\" alt=\"\" itemprop=\"image\" onerror=\"this.style.display='none'\" loading=\"lazy\" \/>\n\t\t\t\t<img decoding=\"async\" src=\"https:\/\/211md.org\/wp-content\/uploads\/bb-plugin\/cache\/Call-center-specialst-circle-4e9ecd7b3425be4576416abc911049bb-.jpg\" alt=\"Especialista en centro de llamadas\" itemprop=\"image\" title=\"Especialista en call center\" onerror=\"this.style.display='none'\" loading=\"lazy\" \/>\n<h2>Marque 211<\/h2><p>Habla con una persona atenta y compasiva las 24 horas, los 7 d\u00edas de la semana. Tambi\u00e9n puede ponerte en contacto con recursos.\u00a0<\/p>\n<h2>\n\t\t\tInformaci\u00f3n relacionada\t<\/h2>\n\t<h2>explorar programas de asistencia<\/h2>\n<p>Obtenga informaci\u00f3n sobre los programas de beneficios y c\u00f3mo conectarse con el apoyo.<\/p>\n\t\t<h3><a href=\"\/es\/recursos\/alimento\/\" target=\"_self\">Alimento<\/a><\/h3><p>Comida gratis cerca de m\u00ed, despensas, SNAP, WIC, ahorros en comestibles<\/p>\n<a href=\"\/es\/recursos\/alimento\/\"  target=\"_self\">Aprende m\u00e1s<\/a>\t\n\t\t\t\t<a href=\"\/es\/recursos\/alimento\/\"  target=\"_self\" itemprop=\"url\">\n\t\t\t\t<img decoding=\"async\" src=\"https:\/\/211md.org\/wp-content\/uploads\/bb-plugin\/cache\/2025_MdInfoNet_Icon-Sets-white_food-square-dfa1c607bcdb6b34735ae61e84e21386-.png\" alt=\"2025_MdInfoNet_Conjuntos de iconos-comida blanca\" itemprop=\"image\" title=\"2025_MdInfoNet_Conjuntos de iconos-comida blanca\" onerror=\"this.style.display='none'\" loading=\"lazy\" \/>\n\t\t\t\t<\/a>\n\t\t<h3><a href=\"\/es\/recursos\/asistencia-de-servicios-publicos\/\" target=\"_self\">Utilidades<\/a><\/h3><p>Programas de asistencia para facturas de electricidad, gas y agua<\/p>\n<a href=\"\/es\/recursos\/asistencia-de-servicios-publicos\/\"  target=\"_self\">Aprende m\u00e1s<\/a>\t\n\t\t\t\t<a href=\"\/es\/recursos\/asistencia-de-servicios-publicos\/\"  target=\"_self\" itemprop=\"url\">\n\t\t\t\t<img decoding=\"async\" src=\"https:\/\/211md.org\/wp-content\/uploads\/bb-plugin\/cache\/2025_MdInfoNet_Icon-Sets-white_Utilities-square-485aa1950491235898117da61fd0a70a-.png\" alt=\"2025_MdInfoNet_Conjuntos de iconos-blanco_Utilidades\" itemprop=\"image\" title=\"2025_MdInfoNet_Conjuntos de iconos-blanco_Utilidades\" onerror=\"this.style.display='none'\" loading=\"lazy\" \/>\n\t\t\t\t<\/a>\n\t\t\t\t<a href=\"\/es\/recursos\/vivienda-refugio\/\"  target=\"_self\" itemprop=\"url\">\n\t\t\t\t<img decoding=\"async\" src=\"https:\/\/211md.org\/wp-content\/uploads\/bb-plugin\/cache\/2025_MdInfoNet_Icon-Sets-white_Housing-square-5b4ab26c33cdf5bd88fd6164be4cc0b8-.png\" alt=\"2025_MdInfoNet_Conjuntos de iconos-Vivienda blanca\" itemprop=\"image\" title=\"2025_MdInfoNet_Conjuntos de iconos-Vivienda blanca\" onerror=\"this.style.display='none'\" loading=\"lazy\" \/>\n\t\t\t\t<\/a>\n\t\t<h3><a href=\"\/es\/recursos\/vivienda-refugio\/\" target=\"_self\">Alojamiento<\/a><\/h3><p>Pagos de alquiler, prevenci\u00f3n de desalojos, refugios para personas sin hogar<\/p>\n<a href=\"\/es\/recursos\/vivienda-refugio\/\"  target=\"_self\">Aprende m\u00e1s<\/a>\t\n\t\t\t\t<a href=\"\/es\/recursos\/nuevo-en-los-estados-unidos-y-maryland\/\"  target=\"_self\" itemprop=\"url\">\n\t\t\t\t<img decoding=\"async\" src=\"https:\/\/211md.org\/wp-content\/uploads\/bb-plugin\/cache\/2025_MdInfoNet_Icon-Sets-white_Immigration-square-71ef90812193ac6d0e3edc3e61891f7f-.png\" alt=\"2025_MdInfoNet_Conjuntos de iconos-blanco_Inmigraci\u00f3n\" itemprop=\"image\" title=\"2025_MdInfoNet_Conjuntos de iconos-blanco_Inmigraci\u00f3n\" onerror=\"this.style.display='none'\" loading=\"lazy\" \/>\n\t\t\t\t<\/a>\n\t\t<h3><a href=\"\/es\/recursos\/nuevo-en-los-estados-unidos-y-maryland\/\" target=\"_self\">Inmigraci\u00f3n<\/a><\/h3><p>Ayuda de inmigraci\u00f3n para nuevos estadounidenses y refugiados<\/p>\n<a href=\"\/es\/recursos\/nuevo-en-los-estados-unidos-y-maryland\/\"  target=\"_self\">Aprende m\u00e1s<\/a>\t\n\t\t<h4><a href=\"\/es\/recursos\/envejecimiento-discapacidad\/\" target=\"_self\">Envejecimiento y discapacidad<\/a><\/h4>\n\t\t\t\t<a href=\"\/es\/recursos\/envejecimiento-discapacidad\/\"  target=\"_self\" itemprop=\"url\">\n\t\t\t\t<img decoding=\"async\" src=\"https:\/\/211md.org\/wp-content\/uploads\/bb-plugin\/cache\/2025_MdInfoNet_Icon-Sets_Aging-disability-square-c466727102cae71e5f27b8539bb51945-.png\" alt=\"2025_MdInfoNet_Conjuntos de iconos_Envejecimiento-discapacidad\" itemprop=\"image\" title=\"2025_MdInfoNet_Conjuntos de iconos_Envejecimiento-discapacidad\" onerror=\"this.style.display='none'\" loading=\"lazy\" \/>\n\t\t\t\t<\/a>\n\t\t<h4><a href=\"https:\/\/211md.org\/es\/recursos\/ninos-familias\/\" target=\"_blank\" rel=\"noopener\">Ni\u00f1os y familias<\/a><\/h4>\n\t\t\t\t<a href=\"https:\/\/211md.org\/es\/recursos\/ninos-familias\/\" target=\"_blank\" rel=\"noopener\" itemprop=\"url\">\n\t\t\t\t<img decoding=\"async\" src=\"https:\/\/211md.org\/wp-content\/uploads\/bb-plugin\/cache\/2025_MdInfoNet_Icon-Sets_Child-Care-square-a9a0002f8a1c05e3f89f8b914f61699f-.png\" alt=\"\" itemprop=\"image\" onerror=\"this.style.display='none'\" loading=\"lazy\" \/>\n\t\t\t\t<\/a>\n\t\t<h4><a href=\"\/es\/recursos\/violencia-domestica-familiar\/\" target=\"_self\">Violencia dom\u00e9stica<\/a><\/h4>\n\t\t\t\t<a href=\"\/es\/recursos\/violencia-domestica-familiar\/\"  target=\"_self\" itemprop=\"url\">\n\t\t\t\t<img decoding=\"async\" src=\"https:\/\/211md.org\/wp-content\/uploads\/bb-plugin\/cache\/2025_MdInfoNet_Icon-Sets_Protection-square-ed94a34c5cb05f036201f3e0966332c1-.png\" alt=\"2025_MdInfoNet_Conjuntos de iconos_Protecci\u00f3n\" itemprop=\"image\" title=\"2025_MdInfoNet_Conjuntos de iconos_Protecci\u00f3n\" onerror=\"this.style.display='none'\" loading=\"lazy\" \/>\n\t\t\t\t<\/a>\n\t\t<h4><a href=\"\/es\/recursos\/busqueda-de-empleo\/\" target=\"_self\">Empleo<\/a><\/h4>\n\t\t\t\t<a href=\"\/es\/recursos\/busqueda-de-empleo\/\"  target=\"_self\" itemprop=\"url\">\n\t\t\t\t<img decoding=\"async\" src=\"https:\/\/211md.org\/wp-content\/uploads\/bb-plugin\/cache\/2025_MdInfoNet_Icon-Sets_Employment-square-44707bd410e4df10a470bf130ebcea86-.png\" alt=\"2025_MdInfoNet_Conjuntos de iconos_Empleo\" itemprop=\"image\" title=\"2025_MdInfoNet_Conjuntos de iconos_Empleo\" onerror=\"this.style.display='none'\" loading=\"lazy\" \/>\n\t\t\t\t<\/a>\n\t\t<h4><a href=\"\/es\/recursos\/cuidado-de-la-salud\/\" target=\"_self\">Cuidado de la salud<\/a><\/h4>\n\t\t\t\t<a href=\"\/es\/recursos\/cuidado-de-la-salud\/\"  target=\"_self\" itemprop=\"url\">\n\t\t\t\t<img decoding=\"async\" src=\"https:\/\/211md.org\/wp-content\/uploads\/bb-plugin\/cache\/2025_MdInfoNet_Icon-Sets_Health-Care-square-dee98a0060cbe0e7f27eda253fc12679-.png\" alt=\"2025_MdInfoNet_Conjuntos de iconos_Atenci\u00f3n m\u00e9dica\" itemprop=\"image\" title=\"2025_MdInfoNet_Conjuntos de iconos_Atenci\u00f3n m\u00e9dica\" onerror=\"this.style.display='none'\" loading=\"lazy\" \/>\n\t\t\t\t<\/a>\n\t\t<h4><a href=\"\/es\/recursos\/ninos-familias\/parentesco\/\" target=\"_self\">Parentesco<\/a><\/h4>\n\t\t\t\t<a href=\"\/es\/recursos\/ninos-familias\/parentesco\/\"  target=\"_self\" itemprop=\"url\">\n\t\t\t\t<img decoding=\"async\" src=\"https:\/\/211md.org\/wp-content\/uploads\/bb-plugin\/cache\/2025_MdInfoNet_Icon-Sets_Community-square-4956d72cf95aef42b6ee5fc6feb149ef-.png\" alt=\"2025_MdInfoNet_Conjuntos de iconos_Comunidad\" itemprop=\"image\" title=\"2025_MdInfoNet_Conjuntos de iconos_Comunidad\" onerror=\"this.style.display='none'\" loading=\"lazy\" \/>\n\t\t\t\t<\/a>\n\t\t<h4><a href=\"\/es\/recursos\/servicios-legales\/\" target=\"_self\">Servicios Legales<\/a><\/h4>\n\t\t\t\t<a href=\"\/es\/recursos\/servicios-legales\/\"  target=\"_self\" itemprop=\"url\">\n\t\t\t\t<img decoding=\"async\" src=\"https:\/\/211md.org\/wp-content\/uploads\/bb-plugin\/cache\/2025_MdInfoNet_Icon-Sets_Legal-square-18fdf438feb8435588174d9046463257-.png\" alt=\"2025_MdInfoNet_Conjuntos de iconos_Legal\" itemprop=\"image\" title=\"2025_MdInfoNet_Conjuntos de iconos_Legal\" onerror=\"this.style.display='none'\" loading=\"lazy\" \/>\n\t\t\t\t<\/a>\n\t\t<h4><a href=\"\/es\/recursos\/salud-mental\/\" target=\"_self\">Salud mental<\/a><\/h4>\n\t\t\t\t<a href=\"\/es\/recursos\/salud-mental\/\"  target=\"_self\" itemprop=\"url\">\n\t\t\t\t<img decoding=\"async\" src=\"https:\/\/211md.org\/wp-content\/uploads\/bb-plugin\/cache\/2025_MdInfoNet_Icon-Sets_Mental-Health-square-c59b38c4a993a947d4c9280fbe2d2fee-.png\" alt=\"2025_MdInfoNet_Conjuntos de iconos_Salud mental\" itemprop=\"image\" title=\"2025_MdInfoNet_Conjuntos de iconos_Salud mental\" onerror=\"this.style.display='none'\" loading=\"lazy\" \/>\n\t\t\t\t<\/a>\n\t\t<h4><a href=\"\/es\/recursos\/mdreentry\/\" target=\"_self\">Reentrada<\/a><\/h4>\n\t\t\t\t<a href=\"\/es\/recursos\/mdreentry\/\"  target=\"_self\" itemprop=\"url\">\n\t\t\t\t<img decoding=\"async\" src=\"https:\/\/211md.org\/wp-content\/uploads\/bb-plugin\/cache\/2025_MdInfoNet_Icon-Sets_Partnership-square-daedf11c7eeda165b0fe97a4a84b80e0-.png\" alt=\"2025_MdInfoNet_Conjuntos de iconos_Asociaci\u00f3n\" itemprop=\"image\" title=\"2025_MdInfoNet_Conjuntos de iconos_Asociaci\u00f3n\" onerror=\"this.style.display='none'\" loading=\"lazy\" \/>\n\t\t\t\t<\/a>\n\t\t<h4><a href=\"\/es\/recursos\/consumo-de-sustancias\/\" target=\"_self\">Uso de sustancias<\/a><\/h4>\n\t\t\t\t<a href=\"\/es\/recursos\/consumo-de-sustancias\/\"  target=\"_self\" itemprop=\"url\">\n\t\t\t\t<img decoding=\"async\" src=\"https:\/\/211md.org\/wp-content\/uploads\/bb-plugin\/cache\/2025_MdInfoNet_Icon-Sets_Substance-Abuse-square-9022fec9d18a64118ad685c101885b55-.png\" alt=\"2025_MdInfoNet_Conjuntos de iconos_Abuso de sustancias\" itemprop=\"image\" title=\"2025_MdInfoNet_Conjuntos de iconos_Abuso de sustancias\" onerror=\"this.style.display='none'\" loading=\"lazy\" \/>\n\t\t\t\t<\/a>\n\t\t<h4><a href=\"\/es\/recursos\/veteranos\/\" target=\"_self\">veteranos<\/a><\/h4>\n\t\t\t\t<a href=\"\/es\/recursos\/veteranos\/\"  target=\"_self\" itemprop=\"url\">\n\t\t\t\t<img decoding=\"async\" src=\"https:\/\/211md.org\/wp-content\/uploads\/bb-plugin\/cache\/2025_MdInfoNet_Icon-Sets_Rating-square-6e60d00cce4faa8e0a6d4ad7366aa733-.png\" alt=\"2025_MdInfoNet_Conjuntos de iconos_Calificaci\u00f3n\" itemprop=\"image\" title=\"2025_MdInfoNet_Conjuntos de iconos_Calificaci\u00f3n\" onerror=\"this.style.display='none'\" loading=\"lazy\" \/>\n\t\t\t\t<\/a>","protected":false},"excerpt":{"rendered":"<p>Encabezado de p\u00e1gina predeterminado. Hay ayuda disponible si tiene dificultades para pagar su hipoteca. Cuanto antes act\u00fae, mejor. Inf\u00f3rmese sobre el proceso y c\u00f3mo un asesor de vivienda puede ayudarle. Comience. Consulte a un asesor de vivienda. Hay maneras de salvar su casa si no puede hacer los pagos mensuales o est\u00e1 en ejecuci\u00f3n hipotecaria.<\/p>","protected":false},"author":8,"featured_media":1816,"parent":926,"menu_order":0,"comment_status":"closed","ping_status":"closed","template":"","meta":{"footnotes":""},"class_list":["post-983","page","type-page","status-publish","has-post-thumbnail","hentry"],"_links":{"self":[{"href":"https:\/\/211md.org\/es\/wp-json\/wp\/v2\/pages\/983","targetHints":{"allow":["GET"]}}],"collection":[{"href":"https:\/\/211md.org\/es\/wp-json\/wp\/v2\/pages"}],"about":[{"href":"https:\/\/211md.org\/es\/wp-json\/wp\/v2\/types\/page"}],"author":[{"embeddable":true,"href":"https:\/\/211md.org\/es\/wp-json\/wp\/v2\/users\/8"}],"replies":[{"embeddable":true,"href":"https:\/\/211md.org\/es\/wp-json\/wp\/v2\/comments?post=983"}],"version-history":[{"count":3,"href":"https:\/\/211md.org\/es\/wp-json\/wp\/v2\/pages\/983\/revisions"}],"predecessor-version":[{"id":33718,"href":"https:\/\/211md.org\/es\/wp-json\/wp\/v2\/pages\/983\/revisions\/33718"}],"up":[{"embeddable":true,"href":"https:\/\/211md.org\/es\/wp-json\/wp\/v2\/pages\/926"}],"wp:featuredmedia":[{"embeddable":true,"href":"https:\/\/211md.org\/es\/wp-json\/wp\/v2\/media\/1816"}],"wp:attachment":[{"href":"https:\/\/211md.org\/es\/wp-json\/wp\/v2\/media?parent=983"}],"curies":[{"name":"Gracias","href":"https:\/\/api.w.org\/{rel}","templated":true}]}}